{"id":142905,"date":"2020-09-21T16:24:58","date_gmt":"2020-09-21T15:24:58","guid":{"rendered":"https:\/\/veganuary.com\/home\/"},"modified":"2025-12-29T12:21:05","modified_gmt":"2025-12-29T12:21:05","slug":"home","status":"publish","type":"page","link":"https:\/\/veganuary.com\/de-ch\/","title":{"rendered":"Home"},"content":{"rendered":"\n<div class=\"billboard\">\n\t<div class=\"billboard__overlay\">\n\t\t<div class=\"billboard__content\">\n\t\t\t<div class=\"container\">\n\t\t\t\t<h1 class=\"billboard__title\">PROBIER\u2019S VEGAN.<br \/>\r\nDIESEN MONAT.<\/h1>\n                <div class=\"billboard__text\">Probier\u2019s vegan \u2013 mit Veganuary! Wir unterst\u00fctzen dich mit unserem digitalen Promi-Kochbuch, Meal Plans, leckeren Rezepten \u2013 nat\u00fcrlich v\u00f6llig kostenlos.<\/div>\n\t\t\t\t\t\t\t\t\t<div class=\"billboard__cta\">\n\t\t\t\t\t\t<a class=\"billboard__btn\" href=\"https:\/\/www.swissveg.ch\/de\/veganuary\" target=\"_self\" title=\"Jetzt Mitmachen\">Jetzt Mitmachen<\/a>\t\t\t\t\t<\/div>\n\t\t\t\t\n\t\t\t<\/div>\n\t\t<\/div>\n\t<\/div>\n\n\t<div class=\"billboard__figure\">\n\t\t<picture class=\"billboard__picture\">\n\t\t\t\t<source media=\"(min-width: 992px)\" srcset=\"https:\/\/veganuary.com\/wp-content\/uploads\/2023\/03\/home-img-1200x900.jpeg, https:\/\/veganuary.com\/wp-content\/uploads\/2023\/03\/home-img-1800x1350.jpeg 2x\">\n\t\t\t\t<source media=\"(min-width: 768px)\" srcset=\"https:\/\/veganuary.com\/wp-content\/uploads\/2023\/03\/home-img-800x600.jpeg, https:\/\/veganuary.com\/wp-content\/uploads\/2023\/03\/home-img-1800x1350.jpeg 2x\">\n\t\t\t\t<source media=\"(min-width: 576px)\" srcset=\"https:\/\/veganuary.com\/wp-content\/uploads\/2023\/03\/home-img-800x600.jpeg, https:\/\/veganuary.com\/wp-content\/uploads\/2023\/03\/home-img-1200x900.jpeg 2x\">\n\t\t\t\t<source media=\"(max-width: 575px)\" srcset=\"https:\/\/veganuary.com\/wp-content\/uploads\/2023\/03\/home-img-400x300.jpeg, https:\/\/veganuary.com\/wp-content\/uploads\/2023\/03\/home-img-800x600.jpeg 2x\">\n\t\t\t\t<img decoding=\"async\" class=\"billboard__img\" src=\"https:\/\/veganuary.com\/wp-content\/uploads\/2023\/03\/home-img-400x300.jpeg\" alt=\"Lots of cute piglets on the walk. Funny animals, portrait\"><\/picture>\t<\/div>\n\n<\/div>\n\n<div class=\"tooltip-bar\">\n    <div class=\"tooltip-single\"><i class=\"gg-check-o\"><\/i><div class=\"tooltip-text\">NEU Vegan on a Budget Meal Plan<\/div><\/div>\n    <div class=\"tooltip-single\"><i class=\"gg-check-o\"><\/i><div class=\"tooltip-text\">Veganuary Promi-Kochbuch<\/div><\/div>\n    <div class=\"tooltip-single\"><i class=\"gg-check-o\"><\/i><div class=\"tooltip-text\">T\u00e4gliche E-Mails<\/div><\/div>  \n  <\/div>\n\n\n<div class=\"campaign-banner\">\n\t<div class=\"container\">\n\t\t<div class=\"row\">\n\t\t\t<div class=\"col-lg-6 col-xl-7 campaign-banner__content-col\">\n\n\t\t\t\t<h2 class=\"campaign-banner__title\">Werde Teil der Ver\u00e4nderung<\/h2>\n\n\t\t\t\t<div class=\"campaign-banner__content\">\n\t\t\t\t\t<p>Seit 2014 hat Veganuary mehr als 2,5 Millionen Menschen aus nahezu allen L\u00e4ndern der Welt dazu motiviert, eine vegane Ern\u00e4hrung auszuprobieren. Wir haben Unternehmen und Marken dabei unterst\u00fctzt, ihr pflanzliches Angebot zu erweitern. Und unsere Pr\u00e4senz in internationalen Medien hat Veganismus zu mehr Sichtbarkeit verholfen.<\/p>\n                    <div class=\"cta_icon_grid_wrapper\">\n                    <div class=\"cta_icon_grid\">\n                        <div class=\"cta_icon\">\n                            <div class=\"cta_icon_img\"><img decoding=\"async\" src=\"\" alt=\"\"><\/div>\n                            <div class=\"cta_icon_label cta_icon_label_dark\"><\/div>\n                            <div class=\"cta_icon_highlight\">                            <\/div>\n                        <\/div>\n                        <div class=\"cta_icon\">\n                            <div class=\"cta_icon_img\"><img decoding=\"async\" src=\"\" alt=\"\"><\/div>\n                            <div class=\"cta_icon_label cta_icon_label_dark\"><\/div>\n                            <div class=\"cta_icon_highlight\">                            <\/div>\n                        <\/div>\n                        <div class=\"cta_icon\">\n                            <div class=\"cta_icon_img\"><img decoding=\"async\" src=\"\" alt=\"\"><\/div>\n                            <div class=\"cta_icon_label cta_icon_label_dark\"><\/div>\n                           <div class=\"cta_icon_highlight\">                            <\/div>\n                        <\/div>\n                        <div class=\"cta_icon\">\n                            <div class=\"cta_icon_img\"><img decoding=\"async\" src=\"\" alt=\"\"><\/div>\n                            <div class=\"cta_icon_label cta_icon_label_dark\"><\/div>\n                            <div class=\"cta_icon_highlight\">                            <\/div>\n                        <\/div>\n                    <\/div>\n                <\/div>\n                    \n\t\t\t\t<\/div>\n\n\t\t\t\t<div class=\"wp-block-buttons\"><div class=\"wp-block-button is-style-fill\">\n\t\t\t\t\t\t\t\t<a class=\"wp-block-button__link\" href=\"https:\/\/www.swissveg.ch\/de\/veganuary\" target=\"_self\">Jetzt mitmachen<\/a>\n\t\t\t\t\t\t\t<\/div><\/div>\n\t\t\t<\/div>\n\t\t\t<div class=\"col-lg-6 col-xl-5 campaign-banner__image-col\">\n\n\t\t\t\t<figure class=\"campaign-banner__figure\"><picture class=\"campaign-banner__picture\">\n\t\t\t\t<source media=\"(min-width: 992px)\" srcset=\"https:\/\/veganuary.com\/wp-content\/uploads\/2020\/09\/women-pointing-white-background-cropped-1200x1423.jpg, https:\/\/veganuary.com\/wp-content\/uploads\/2020\/09\/women-pointing-white-background-cropped.jpg 2x\">\n\t\t\t\t<source media=\"(min-width: 768px)\" srcset=\"https:\/\/veganuary.com\/wp-content\/uploads\/2020\/09\/women-pointing-white-background-cropped-800x949.jpg, https:\/\/veganuary.com\/wp-content\/uploads\/2020\/09\/women-pointing-white-background-cropped.jpg 2x\">\n\t\t\t\t<source media=\"(min-width: 576px)\" srcset=\"https:\/\/veganuary.com\/wp-content\/uploads\/2020\/09\/women-pointing-white-background-cropped-800x949.jpg, https:\/\/veganuary.com\/wp-content\/uploads\/2020\/09\/women-pointing-white-background-cropped-1200x1423.jpg 2x\">\n\t\t\t\t<source media=\"(max-width: 575px)\" srcset=\"https:\/\/veganuary.com\/wp-content\/uploads\/2020\/09\/women-pointing-white-background-cropped-400x474.jpg, https:\/\/veganuary.com\/wp-content\/uploads\/2020\/09\/women-pointing-white-background-cropped-800x949.jpg 2x\">\n\t\t\t\t<img decoding=\"async\" class=\"campaign-banner__img\" src=\"https:\/\/veganuary.com\/wp-content\/uploads\/2020\/09\/women-pointing-white-background-cropped-400x474.jpg\" alt=\"Woman pointing\"><\/picture><\/figure>\n\t\t\t<\/div>\n\t\t<\/div>\n\t<\/div>\n<\/div>\n\n\n\n<div class=\"wp-block-group has-pink-tint-background-color has-background\"><div class=\"wp-block-group__inner-container is-layout-flow wp-block-group-is-layout-flow\">\n<h2 class=\"wp-block-heading has-text-align-center\">VEGANUARY IN ZAHLEN<\/h2>\n\n\n\n<div class=\"wp-block-custom icon-card-group\">\n\n\t\n\t\t\t<div class=\"icon-card\">\n\t\t\t\t<img decoding=\"async\" class=\"icon-card__img\" src=\"https:\/\/veganuary.com\/wp-content\/uploads\/2020\/08\/icon-participants.svg\" alt=\"Participants icon\">\n\t\t\t\t<h3 class=\"icon-card__title\">&gt; 2.500.000<\/h3>\n\t\t\t\t<div class=\"icon-card__content\">\n\t\t\t\t\t<p>Mehr als 2,5 Millionen Menschen haben sich seit 2014 offiziell zum Veganuary angemeldet<\/p>\n\t\t\t\t<\/div>\n\t\t\t<\/div>\n\n\t\t\t\n\t\t\t<div class=\"icon-card\">\n\t\t\t\t<img decoding=\"async\" class=\"icon-card__img\" src=\"https:\/\/veganuary.com\/wp-content\/uploads\/2020\/08\/icon-world.svg\" alt=\"Globe icon\">\n\t\t\t\t<h3 class=\"icon-card__title\">228<\/h3>\n\t\t\t\t<div class=\"icon-card__content\">\n\t\t\t\t\t<p>Menschen aus 228 L\u00e4ndern und Gebieten weltweit haben 2023 teilgenommen<\/p>\n\t\t\t\t<\/div>\n\t\t\t<\/div>\n\n\t\t\t\n\t\t\t<div class=\"icon-card\">\n\t\t\t\t<img decoding=\"async\" class=\"icon-card__img\" src=\"https:\/\/veganuary.com\/wp-content\/uploads\/2020\/08\/icon-burger.svg\" alt=\"Products icon\">\n\t\t\t\t<h3 class=\"icon-card__title\">&gt; 1.610<\/h3>\n\t\t\t\t<div class=\"icon-card__content\">\n\t\t\t\t\t<p>Mehr als 1.610 neue vegane Produkte und Men\u00fcs kamen zum Veganuary 2023 auf den Markt<\/p>\n\t\t\t\t<\/div>\n\t\t\t<\/div>\n\n\t\t\t\n\t\t\t<div class=\"icon-card\">\n\t\t\t\t<img decoding=\"async\" class=\"icon-card__img\" src=\"https:\/\/veganuary.com\/wp-content\/uploads\/2020\/08\/icon-recommend.svg\" alt=\"Star icon\">\n\t\t\t\t<h3 class=\"icon-card__title\">98 %<\/h3>\n\t\t\t\t<div class=\"icon-card__content\">\n\t\t\t\t\t<p>98 % w\u00fcrden Veganuary weiterempfehlen<\/p>\n\t\t\t\t<\/div>\n\t\t\t<\/div>\n\n\t\t\t\n\t\t\t<div class=\"icon-card\">\n\t\t\t\t<img decoding=\"async\" class=\"icon-card__img\" src=\"https:\/\/veganuary.com\/wp-content\/uploads\/2020\/09\/icon-media.svg\" alt=\"\">\n\t\t\t\t<h3 class=\"icon-card__title\">&gt; 6.800<\/h3>\n\t\t\t\t<div class=\"icon-card__content\">\n\t\t\t\t\t<p>Mehr als 6.800 Erw\u00e4hnungen in Medienberichten<\/p>\n\t\t\t\t<\/div>\n\t\t\t<\/div>\n\n\t\t\t\n<\/div>\n<\/div><\/div>\n\n\n\n<div class=\"pod_fullwidth\">\n\n    \n\n            <div class=\"pod pod--green\">\n\n                <div class=\"pod__row pod__row--default\">\n                    <div class=\"pod__figure\">\n                        <picture class=\"pod__picture\">\n\t\t\t\t<source media=\"(min-width: 992px)\" srcset=\"https:\/\/veganuary.com\/wp-content\/uploads\/2020\/09\/home-our-vision-800x800.jpg, https:\/\/veganuary.com\/wp-content\/uploads\/2020\/09\/home-our-vision.jpg 2x\">\n\t\t\t\t<source media=\"(min-width: 768px)\" srcset=\"https:\/\/veganuary.com\/wp-content\/uploads\/2020\/09\/home-our-vision-800x800.jpg, https:\/\/veganuary.com\/wp-content\/uploads\/2020\/09\/home-our-vision.jpg 2x\">\n\t\t\t\t<source media=\"(min-width: 576px)\" srcset=\"https:\/\/veganuary.com\/wp-content\/uploads\/2020\/09\/home-our-vision-800x800.jpg, https:\/\/veganuary.com\/wp-content\/uploads\/2020\/09\/home-our-vision.jpg 2x\">\n\t\t\t\t<source media=\"(max-width: 575px)\" srcset=\"https:\/\/veganuary.com\/wp-content\/uploads\/2020\/09\/home-our-vision-400x400.jpg, https:\/\/veganuary.com\/wp-content\/uploads\/2020\/09\/home-our-vision-800x800.jpg 2x\">\n\t\t\t\t<img decoding=\"async\" class=\"pod__img\" src=\"https:\/\/veganuary.com\/wp-content\/uploads\/2020\/09\/home-our-vision-400x400.jpg\" alt=\"Image of couple with chicken\"><\/picture>                    <\/div>\n                    <div class=\"pod__content\">\n                        <h2 class=\"pod__title\">UNSERE VISION<\/h2>\n                        <div class=\"pod__excerpt\">\n                            <p>Unsere Vision ist einfach: Wir wollen eine vegane Welt. Eine Welt ohne industrielle Tierhaltung und Schlachth\u00f6fe. Eine Welt, in der die Nahrungsmittelproduktion keine W\u00e4lder zerst\u00f6rt, Fl\u00fcsse und Ozeane verschmutzt, in der sie weder den Klimawandel versch\u00e4rft noch zum Aussterben von Wildtierpopulationen beitr\u00e4gt.<\/p>\n                        <\/div>\n                        <div class=\"pod__cta_btn_group\">\n\n                            <a class=\"pod__link\" href=\"https:\/\/www.swissveg.ch\/de\/veganuary\" target=\"_self\">\n                                <div class=\"pod__cta\">Jetzt Mitmachen<\/div>\n                            <\/a>\n                            \n                        <\/div>\n                    <\/div>\n\n                <\/div>\n\n            <\/div>\n    \n<\/div>\n\n\n\n<div class=\"cta section section--primary\">\n    <div class=\"container\">\n        <div class=\"row\">\n            <div class=\"col-lg-10 offset-lg-1 col-xl-8 offset-xl-2\">\n                <h2 class=\"cta__title\"><\/h2>\n                <div class=\"cta__content\"><\/div>\n                \n                <div class=\"cta_icon_grid\">\n                        <div class=\"cta_icon\">\n                            <div class=\"cta_icon_img\"><img decoding=\"async\" src=\"\" alt=\"\"><\/div>\n                            <div class=\"cta_icon_label\"><\/div>\n                            <div class=\"cta_icon_highlight\">                            <\/div>\n                        <\/div>\n                        <div class=\"cta_icon\">\n                            <div class=\"cta_icon_img\"><img decoding=\"async\" src=\"\" alt=\"\"><\/div>\n                            <div class=\"cta_icon_label\"><\/div>\n                            <div class=\"cta_icon_highlight\">                            <\/div>\n                        <\/div>\n                        <div class=\"cta_icon\">\n                            <div class=\"cta_icon_img\"><img decoding=\"async\" src=\"\" alt=\"\"><\/div>\n                            <div class=\"cta_icon_label\"><\/div>\n                           <div class=\"cta_icon_highlight\">                            <\/div>\n                        <\/div>\n                        <div class=\"cta_icon\">\n                            <div class=\"cta_icon_img\"><img decoding=\"async\" src=\"\"  alt=\"\"><\/div>\n                            <div class=\"cta_icon_label\"><\/div>\n                            <div class=\"cta_icon_highlight\">                            <\/div>\n                        <\/div>\n                    <\/div>\n                \n\n                <div class=\"cta_promo_btn\">\n                    <a class=\"billboard__btn billboard__btn_cta\" href=\"\" target=\"_self\" title=\"Sign up now\"><\/a>\n                <\/div>\n            <\/div>\n        <\/div>\n    <\/div>\n<\/div>","protected":false},"excerpt":{"rendered":"<p>VEGANUARY IN ZAHLEN<\/p>\n","protected":false},"author":70,"featured_media":1937,"parent":0,"menu_order":10,"comment_status":"closed","ping_status":"closed","template":"","meta":{"_acf_changed":true,"_coblocks_attr":"","_coblocks_dimensions":"","_coblocks_responsive_height":"","_coblocks_accordion_ie_support":"","footnotes":""},"class_list":["post-142905","page","type-page","status-publish","has-post-thumbnail","hentry"],"acf":[],"yoast_head":"<!-- This site is optimized with the Yoast SEO plugin v27.4 - https:\/\/yoast.com\/product\/yoast-seo-wordpress\/ -->\n<title>Veganuary - Home<\/title>\n<meta name=\"description\" content=\"Seit 2014 hat Veganuary fast eine Million Menschen in 192 L\u00e4ndern inspiriert und dabei unterst\u00fctzt, im Januar eine rein pflanzliche Ern\u00e4hrung auszuprobieren.\" \/>\n<meta name=\"robots\" content=\"index, follow, max-snippet:-1, max-image-preview:large, max-video-preview:-1\" \/>\n<link rel=\"canonical\" href=\"https:\/\/veganuary.com\/de-ch\/\" \/>\n<meta property=\"og:locale\" content=\"de_DE\" \/>\n<meta property=\"og:type\" content=\"article\" \/>\n<meta property=\"og:title\" content=\"PROBIER&#039;S VEGAN.DIESEN MONAT. | Veganuary\" \/>\n<meta property=\"og:description\" content=\"Seit 2014 hat Veganuary fast eine Million Menschen in 192 L\u00e4ndern inspiriert und dabei unterst\u00fctzt, im Januar eine rein pflanzliche Ern\u00e4hrung auszuprobieren.\" \/>\n<meta property=\"og:url\" content=\"https:\/\/veganuary.com\/de-ch\/\" \/>\n<meta property=\"og:site_name\" content=\"Veganuary\" \/>\n<meta property=\"article:publisher\" content=\"https:\/\/www.facebook.com\/Veganuary\/\" \/>\n<meta property=\"article:modified_time\" content=\"2025-12-29T12:21:05+00:00\" \/>\n<meta property=\"og:image\" content=\"https:\/\/veganuary.com\/wp-content\/uploads\/2020\/09\/home-hero.jpg\" \/>\n\t<meta property=\"og:image:width\" content=\"2400\" \/>\n\t<meta property=\"og:image:height\" content=\"1600\" \/>\n\t<meta property=\"og:image:type\" content=\"image\/jpeg\" \/>\n<meta name=\"twitter:card\" content=\"summary_large_image\" \/>\n<meta name=\"twitter:title\" content=\"PROBIER&#039;S VEGAN.DIESEN MONAT. | Veganuary\" \/>\n<meta name=\"twitter:description\" content=\"Seit 2014 hat Veganuary fast eine Million Menschen in 192 L\u00e4ndern inspiriert und dabei unterst\u00fctzt, im Januar eine rein pflanzliche Ern\u00e4hrung auszuprobieren.\" \/>\n<meta name=\"twitter:image\" content=\"https:\/\/veganuary.com\/wp-content\/uploads\/2020\/09\/home-hero.jpg\" \/>\n<meta name=\"twitter:site\" content=\"@veganuary\" \/>\n<meta name=\"twitter:label1\" content=\"Gesch\u00e4tzte Lesezeit\" \/>\n\t<meta name=\"twitter:data1\" content=\"1 Minute\" \/>\n<script type=\"application\/ld+json\" class=\"yoast-schema-graph\">{\"@context\":\"https:\\\/\\\/schema.org\",\"@graph\":[{\"@type\":\"WebPage\",\"@id\":\"https:\\\/\\\/veganuary.com\\\/de-ch\\\/\",\"url\":\"https:\\\/\\\/veganuary.com\\\/de-ch\\\/\",\"name\":\"Veganuary - Home\",\"isPartOf\":{\"@id\":\"https:\\\/\\\/veganuary.com\\\/de-ch\\\/#website\"},\"primaryImageOfPage\":{\"@id\":\"https:\\\/\\\/veganuary.com\\\/de-ch\\\/#primaryimage\"},\"image\":{\"@id\":\"https:\\\/\\\/veganuary.com\\\/de-ch\\\/#primaryimage\"},\"thumbnailUrl\":\"https:\\\/\\\/veganuary.com\\\/wp-content\\\/uploads\\\/2020\\\/09\\\/home-hero.jpg\",\"datePublished\":\"2020-09-21T15:24:58+00:00\",\"dateModified\":\"2025-12-29T12:21:05+00:00\",\"description\":\"Seit 2014 hat Veganuary fast eine Million Menschen in 192 L\u00e4ndern inspiriert und dabei unterst\u00fctzt, im Januar eine rein pflanzliche Ern\u00e4hrung auszuprobieren.\",\"breadcrumb\":{\"@id\":\"https:\\\/\\\/veganuary.com\\\/de-ch\\\/#breadcrumb\"},\"inLanguage\":\"de-CH\",\"potentialAction\":[{\"@type\":\"ReadAction\",\"target\":[\"https:\\\/\\\/veganuary.com\\\/de-ch\\\/\"]}]},{\"@type\":\"ImageObject\",\"inLanguage\":\"de-CH\",\"@id\":\"https:\\\/\\\/veganuary.com\\\/de-ch\\\/#primaryimage\",\"url\":\"https:\\\/\\\/veganuary.com\\\/wp-content\\\/uploads\\\/2020\\\/09\\\/home-hero.jpg\",\"contentUrl\":\"https:\\\/\\\/veganuary.com\\\/wp-content\\\/uploads\\\/2020\\\/09\\\/home-hero.jpg\",\"width\":2400,\"height\":1600,\"caption\":\"Girl with pig\"},{\"@type\":\"BreadcrumbList\",\"@id\":\"https:\\\/\\\/veganuary.com\\\/de-ch\\\/#breadcrumb\",\"itemListElement\":[{\"@type\":\"ListItem\",\"position\":1,\"name\":\"Home\",\"item\":\"https:\\\/\\\/veganuary.com\\\/de-ch\\\/\"},{\"@type\":\"ListItem\",\"position\":2,\"name\":\"Home\"}]},{\"@type\":\"WebSite\",\"@id\":\"https:\\\/\\\/veganuary.com\\\/de-ch\\\/#website\",\"url\":\"https:\\\/\\\/veganuary.com\\\/de-ch\\\/\",\"name\":\"Veganuary\",\"description\":\"The website for Veganuary\",\"publisher\":{\"@id\":\"https:\\\/\\\/veganuary.com\\\/de-ch\\\/#organization\"},\"potentialAction\":[{\"@type\":\"SearchAction\",\"target\":{\"@type\":\"EntryPoint\",\"urlTemplate\":\"https:\\\/\\\/veganuary.com\\\/de-ch\\\/?s={search_term_string}\"},\"query-input\":{\"@type\":\"PropertyValueSpecification\",\"valueRequired\":true,\"valueName\":\"search_term_string\"}}],\"inLanguage\":\"de-CH\"},{\"@type\":\"Organization\",\"@id\":\"https:\\\/\\\/veganuary.com\\\/de-ch\\\/#organization\",\"name\":\"Veganuary\",\"url\":\"https:\\\/\\\/veganuary.com\\\/de-ch\\\/\",\"logo\":{\"@type\":\"ImageObject\",\"inLanguage\":\"de-CH\",\"@id\":\"https:\\\/\\\/veganuary.com\\\/de-ch\\\/#\\\/schema\\\/logo\\\/image\\\/\",\"url\":\"https:\\\/\\\/veganuary.com\\\/wp-content\\\/uploads\\\/2020\\\/11\\\/135-veganuary-animals-icon-transparent-rgb.png\",\"contentUrl\":\"https:\\\/\\\/veganuary.com\\\/wp-content\\\/uploads\\\/2020\\\/11\\\/135-veganuary-animals-icon-transparent-rgb.png\",\"width\":135,\"height\":135,\"caption\":\"Veganuary\"},\"image\":{\"@id\":\"https:\\\/\\\/veganuary.com\\\/de-ch\\\/#\\\/schema\\\/logo\\\/image\\\/\"},\"sameAs\":[\"https:\\\/\\\/www.facebook.com\\\/Veganuary\\\/\",\"https:\\\/\\\/x.com\\\/veganuary\",\"https:\\\/\\\/www.instagram.com\\\/weareveganuary\\\/\",\"https:\\\/\\\/www.linkedin.com\\\/company\\\/veganuary-limited\",\"https:\\\/\\\/www.pinterest.co.uk\\\/Veganuary\\\/\",\"https:\\\/\\\/www.youtube.com\\\/channel\\\/UCGDLtGanlPZLidEGP2N39CA\",\"https:\\\/\\\/en.wikipedia.org\\\/wiki\\\/Veganuary\"]}]}<\/script>\n<!-- \/ Yoast SEO plugin. -->","yoast_head_json":{"title":"Veganuary - Home","description":"Seit 2014 hat Veganuary fast eine Million Menschen in 192 L\u00e4ndern inspiriert und dabei unterst\u00fctzt, im Januar eine rein pflanzliche Ern\u00e4hrung auszuprobieren.","robots":{"index":"index","follow":"follow","max-snippet":"max-snippet:-1","max-image-preview":"max-image-preview:large","max-video-preview":"max-video-preview:-1"},"canonical":"https:\/\/veganuary.com\/de-ch\/","og_locale":"de_DE","og_type":"article","og_title":"PROBIER'S VEGAN.DIESEN MONAT. | Veganuary","og_description":"Seit 2014 hat Veganuary fast eine Million Menschen in 192 L\u00e4ndern inspiriert und dabei unterst\u00fctzt, im Januar eine rein pflanzliche Ern\u00e4hrung auszuprobieren.","og_url":"https:\/\/veganuary.com\/de-ch\/","og_site_name":"Veganuary","article_publisher":"https:\/\/www.facebook.com\/Veganuary\/","article_modified_time":"2025-12-29T12:21:05+00:00","og_image":[{"width":2400,"height":1600,"url":"https:\/\/veganuary.com\/wp-content\/uploads\/2020\/09\/home-hero.jpg","type":"image\/jpeg"}],"twitter_card":"summary_large_image","twitter_title":"PROBIER'S VEGAN.DIESEN MONAT. | Veganuary","twitter_description":"Seit 2014 hat Veganuary fast eine Million Menschen in 192 L\u00e4ndern inspiriert und dabei unterst\u00fctzt, im Januar eine rein pflanzliche Ern\u00e4hrung auszuprobieren.","twitter_image":"https:\/\/veganuary.com\/wp-content\/uploads\/2020\/09\/home-hero.jpg","twitter_site":"@veganuary","twitter_misc":{"Gesch\u00e4tzte Lesezeit":"1 Minute"},"schema":{"@context":"https:\/\/schema.org","@graph":[{"@type":"WebPage","@id":"https:\/\/veganuary.com\/de-ch\/","url":"https:\/\/veganuary.com\/de-ch\/","name":"Veganuary - Home","isPartOf":{"@id":"https:\/\/veganuary.com\/de-ch\/#website"},"primaryImageOfPage":{"@id":"https:\/\/veganuary.com\/de-ch\/#primaryimage"},"image":{"@id":"https:\/\/veganuary.com\/de-ch\/#primaryimage"},"thumbnailUrl":"https:\/\/veganuary.com\/wp-content\/uploads\/2020\/09\/home-hero.jpg","datePublished":"2020-09-21T15:24:58+00:00","dateModified":"2025-12-29T12:21:05+00:00","description":"Seit 2014 hat Veganuary fast eine Million Menschen in 192 L\u00e4ndern inspiriert und dabei unterst\u00fctzt, im Januar eine rein pflanzliche Ern\u00e4hrung auszuprobieren.","breadcrumb":{"@id":"https:\/\/veganuary.com\/de-ch\/#breadcrumb"},"inLanguage":"de-CH","potentialAction":[{"@type":"ReadAction","target":["https:\/\/veganuary.com\/de-ch\/"]}]},{"@type":"ImageObject","inLanguage":"de-CH","@id":"https:\/\/veganuary.com\/de-ch\/#primaryimage","url":"https:\/\/veganuary.com\/wp-content\/uploads\/2020\/09\/home-hero.jpg","contentUrl":"https:\/\/veganuary.com\/wp-content\/uploads\/2020\/09\/home-hero.jpg","width":2400,"height":1600,"caption":"Girl with pig"},{"@type":"BreadcrumbList","@id":"https:\/\/veganuary.com\/de-ch\/#breadcrumb","itemListElement":[{"@type":"ListItem","position":1,"name":"Home","item":"https:\/\/veganuary.com\/de-ch\/"},{"@type":"ListItem","position":2,"name":"Home"}]},{"@type":"WebSite","@id":"https:\/\/veganuary.com\/de-ch\/#website","url":"https:\/\/veganuary.com\/de-ch\/","name":"Veganuary","description":"The website for Veganuary","publisher":{"@id":"https:\/\/veganuary.com\/de-ch\/#organization"},"potentialAction":[{"@type":"SearchAction","target":{"@type":"EntryPoint","urlTemplate":"https:\/\/veganuary.com\/de-ch\/?s={search_term_string}"},"query-input":{"@type":"PropertyValueSpecification","valueRequired":true,"valueName":"search_term_string"}}],"inLanguage":"de-CH"},{"@type":"Organization","@id":"https:\/\/veganuary.com\/de-ch\/#organization","name":"Veganuary","url":"https:\/\/veganuary.com\/de-ch\/","logo":{"@type":"ImageObject","inLanguage":"de-CH","@id":"https:\/\/veganuary.com\/de-ch\/#\/schema\/logo\/image\/","url":"https:\/\/veganuary.com\/wp-content\/uploads\/2020\/11\/135-veganuary-animals-icon-transparent-rgb.png","contentUrl":"https:\/\/veganuary.com\/wp-content\/uploads\/2020\/11\/135-veganuary-animals-icon-transparent-rgb.png","width":135,"height":135,"caption":"Veganuary"},"image":{"@id":"https:\/\/veganuary.com\/de-ch\/#\/schema\/logo\/image\/"},"sameAs":["https:\/\/www.facebook.com\/Veganuary\/","https:\/\/x.com\/veganuary","https:\/\/www.instagram.com\/weareveganuary\/","https:\/\/www.linkedin.com\/company\/veganuary-limited","https:\/\/www.pinterest.co.uk\/Veganuary\/","https:\/\/www.youtube.com\/channel\/UCGDLtGanlPZLidEGP2N39CA","https:\/\/en.wikipedia.org\/wiki\/Veganuary"]}]}},"_links":{"self":[{"href":"https:\/\/veganuary.com\/de-ch\/wp-json\/wp\/v2\/pages\/142905","targetHints":{"allow":["GET"]}}],"collection":[{"href":"https:\/\/veganuary.com\/de-ch\/wp-json\/wp\/v2\/pages"}],"about":[{"href":"https:\/\/veganuary.com\/de-ch\/wp-json\/wp\/v2\/types\/page"}],"author":[{"embeddable":true,"href":"https:\/\/veganuary.com\/de-ch\/wp-json\/wp\/v2\/users\/70"}],"replies":[{"embeddable":true,"href":"https:\/\/veganuary.com\/de-ch\/wp-json\/wp\/v2\/comments?post=142905"}],"version-history":[{"count":0,"href":"https:\/\/veganuary.com\/de-ch\/wp-json\/wp\/v2\/pages\/142905\/revisions"}],"wp:featuredmedia":[{"embeddable":true,"href":"https:\/\/veganuary.com\/de-ch\/wp-json\/wp\/v2\/media\/1937"}],"wp:attachment":[{"href":"https:\/\/veganuary.com\/de-ch\/wp-json\/wp\/v2\/media?parent=142905"}],"curies":[{"name":"wp","href":"https:\/\/api.w.org\/{rel}","templated":true}]}}