{"id":125527,"date":"2021-11-04T13:19:52","date_gmt":"2021-11-04T13:19:52","guid":{"rendered":"https:\/\/veganuary.com\/?page_id=125527"},"modified":"2024-01-25T09:15:25","modified_gmt":"2024-01-25T09:15:25","slug":"teilnahmebedingungen","status":"publish","type":"page","link":"https:\/\/veganuary.com\/de\/teilnahmebedingungen\/","title":{"rendered":"Teilnahmebedingungen"},"content":{"rendered":"\n<div class=\"masthead\">\n\t<div class=\"container\">\n\t\t<div class=\"row\">\n\t\t\t<div class=\"col-md-10 offset-md-1 col-lg-8 offset-lg-2 col-xl-6 offset-xl-3\">\n\n\t\t\t\t<h1 class=\"masthead__title\">Teilnahmebedingungen<\/h1>\n\n\t\t\t\t\t\t\t\t\t<div class=\"masthead__icon\">\n\t\t\t\t\t\t<img decoding=\"async\" class=\"masthead__icon__img\" src=\"https:\/\/veganuary.com\/wp-content\/themes\/veganuary\/assets\/img\/veganuary-icon-orange.svg\" alt=\"\">\n\t\t\t\t\t<\/div>\n\n\t\t\t\t\t<p class=\"masthead__subtitle\">F\u00fcr Gewinnspiele und Verlosungen<\/p>\n\t\t\t\t\n\t\t\t<\/div>\n\t\t<\/div>\n\t<\/div>\n<\/div>\n\n\n\n<div class=\"wp-block-group\"><div class=\"wp-block-group__inner-container is-layout-flow wp-block-group-is-layout-flow\">\n<h4 class=\"wp-block-heading\"><strong>Teilnahmebedingungen<\/strong><\/h4>\n\n\n\n<p>Die Teilnahme am Gewinnspiel von Veganuary und Beyond Meat ist kostenlos und richtet sich ausschlie\u00dflich nach diesen Teilnahmebedingungen.<\/p>\n\n\n\n<h4 class=\"wp-block-heading\"><strong>Ablauf des Gewinnspiels<\/strong>&nbsp;<\/h4>\n\n\n\n<p>Das Gewinnspiel endet am <em>15. Februar 2024<\/em>. Innerhalb dieses Zeitraums erhalten Nutzer:innen online die M\u00f6glichkeit, am Gewinnspiel teilzunehmen.<\/p>\n\n\n\n<h4 class=\"wp-block-heading\"><strong>Teilnahme<\/strong><\/h4>\n\n\n\n<p>Um am Gewinnspiel teilzunehmen, ist es notwendig, den Instagram-Kan\u00e4len <em>@veganuarydeutschland<\/em> und <em>@beyondmeat<\/em> zu folgen sowie das entsprechende Posting zu liken. Dieses Vorgehen wird in der Caption des Postings beschrieben. Die Teilnahme ist nur innerhalb des Teilnahmezeitraums m\u00f6glich. Nach Teilnahmeschluss eingehende Likes werden bei der Auslosung nicht ber\u00fccksichtigt.<\/p>\n\n\n\n<p>Die Teilnahme am Gewinnspiel ist kostenlos.<\/p>\n\n\n\n<h4 class=\"wp-block-heading\"><strong>Teilnahmeberechtigte<\/strong><\/h4>\n\n\n\n<p>Teilnahmeberechtigt sind nat\u00fcrliche Personen, die ihren Wohnsitz in Deutschland und das 14. Lebensjahr vollendet haben. Die Teilnahme ist nicht vom Erwerb einer Ware oder Dienstleistung abh\u00e4ngig.<\/p>\n\n\n\n<p>Sollte die Gesch\u00e4ftsf\u00e4higkeit einer Teilnehmerin oder eines Teilnehmers eingeschr\u00e4nkt sein, bedarf es der Einwilligung ihrer oder seiner gesetzlichen Vertretung.<\/p>\n\n\n\n<p>Nicht teilnahmeberechtigt am Gewinnspiel sind alle an der Konzeption und Umsetzung des Gewinnspiels beteiligte Personen und Mitarbeitenden von Veganuary sowie ihre Familienmitglieder. Zudem beh\u00e4lt sich Veganuary vor, nach eigenem Ermessen Personen von der Teilnahme auszuschlie\u00dfen, wenn berechtigte Gr\u00fcnde vorliegen, beispielsweise<\/p>\n\n\n\n<p>(a) bei Manipulationen im Zusammenhang mit Zugang zum oder Durchf\u00fchrung des Gewinnspiels<\/p>\n\n\n\n<p>(b) bei Verst\u00f6\u00dfen gegen diese Teilnahmebedingungen<\/p>\n\n\n\n<p>(c) bei unlauterem Handeln <\/p>\n\n\n\n<p>(d) bei falschen oder irref\u00fchrenden Angaben im Zusammenhang mit der Teilnahme an dem Gewinnspiel<\/p>\n\n\n\n<h4 class=\"wp-block-heading\"><strong>Gewinn: Benachrichtigung und \u00dcbermittlung des Gewinns<\/strong><\/h4>\n\n\n\n<p>Die Ermittlung der Gewinner:innen erfolgt nach Teilnahmeschluss im Rahmen einer auf dem Zufallsprinzip beruhenden Verlosung unter allen Teilnehmer:innen. Ist das Gewinnspiel mit einer Aufgabe verkn\u00fcpft, kommen ausschlie\u00dflich diejenigen Teilnehmer:innen in die Verlosung, welche die Aufgabe korrekt durchgef\u00fchrt haben.<\/p>\n\n\n\n<p>Die Gewinner:innen der Verlosung werden zeitnah \u00fcber eine gesonderte Nachricht \u00fcber den Gewinn informiert.<\/p>\n\n\n\n<p>Die Aush\u00e4ndigung des Gewinns erfolgt ausschlie\u00dflich an Gewinner:innen oder ihre gesetzliche Vertretung. Ein Umtausch, eine Selbstabholung sowie eine Barauszahlung des Gewinns sind nicht m\u00f6glich.<\/p>\n\n\n\n<p>Der Versand der Gewinne erfolgt \u00fcber das jeweilige Unternehmen, das den Gewinn zur Verf\u00fcgung stellt. Hierf\u00fcr werden in Absprache mit den Gewinner:innen Versandadressen gem\u00e4\u00df der <a href=\"https:\/\/veganuary.com\/de\/privacy-policy\/\">Datenschutzrichtlinien<\/a> ausgetauscht bzw. weitergegeben.<\/p>\n\n\n\n<p>Eventuell f\u00fcr den Versand der Gewinne anfallende Kosten \u00fcbernimmt das entsprechende Unternehmen. Mit der Inanspruchnahme des Gewinns verbundene Zusatzkosten gehen zu Lasten der Gewinner:innen. F\u00fcr eine etwaige Versteuerung des Gewinns sind Gewinner:innen selbst verantwortlich. Meldet sich ein:e Gewinner:in nach zweifacher Aufforderung innerhalb einer Frist von drei Wochen nicht, kann der Gewinn auf eine:n andere:n Teilnehmer:in \u00fcbertragen werden.<\/p>\n\n\n\n<h4 class=\"wp-block-heading\"><strong>Beendigung des Gewinnspiels<\/strong><\/h4>\n\n\n\n<p>Veganuary beh\u00e4lt sich ausdr\u00fccklich vor, das Gewinnspiel ohne vorherige Ank\u00fcndigung und ohne Mitteilung von Gr\u00fcnden zu beenden. Dies gilt insbesondere f\u00fcr jegliche Gr\u00fcnde, die einen planm\u00e4\u00dfigen Ablauf des Gewinnspiels st\u00f6ren oder verhindern w\u00fcrden.<\/p>\n\n\n\n<h4 class=\"wp-block-heading\"><strong>Datenschutz<\/strong><\/h4>\n\n\n\n<p>F\u00fcr die Teilnahme am Gewinnspiel ist die Angabe von pers\u00f6nlichen Daten notwendig. Teilnehmende versichern, dass gemachte Angaben zur Person, insbesondere Vor-, Nachname Versandadresse wahrheitsgem\u00e4\u00df und richtig sind.<\/p>\n\n\n\n<p>Veganuary weist darauf hin, dass s\u00e4mtliche personenbezogenen Daten der Teilnehmenden ohne Einverst\u00e4ndnis weder an Dritte weitergegeben noch diesen zur Nutzung \u00fcberlassen werden. Eine Ausnahme stellt das Unternehmen dar, das den Gewinn zur Verf\u00fcgung stellt und die Daten zum Versand der Gewinne nutzen muss.<\/p>\n\n\n\n<h4 class=\"wp-block-heading\"><strong>Instagram Disclaimer<\/strong><\/h4>\n\n\n\n<p>Das Gewinnspiel wird in keiner Weise von Instagram gesponsert, unterst\u00fctzt oder organisiert. Verantwortlich ist Veganuary.<\/p>\n\n\n\n<h4 class=\"wp-block-heading\"><strong>Facebook Disclaimer<\/strong><\/h4>\n\n\n\n<p>Das Gewinnspiel wird in keiner Weise von Facebook gesponsert, unterst\u00fctzt oder organisiert. Verantwortlich ist Veganuary.<\/p>\n\n\n\n<h4 class=\"wp-block-heading\"><strong>Anwendbares Recht<\/strong><\/h4>\n\n\n\n<p>Fragen oder Beanstandungen im Zusammenhang mit dem Gewinnspiel sind an den Veganuary zu richten. Kontaktm\u00f6glichkeiten finden sich im Impressum.<\/p>\n\n\n\n<p>Das Gewinnspiel unterliegt ausschlie\u00dflich dem Recht der Bundesrepublik Deutschland. Der Rechtsweg ist ausgeschlossen.<\/p>\n\n\n\n<h4 class=\"wp-block-heading\"><strong>Salvatorische Klausel<\/strong><\/h4>\n\n\n\n<p>Sollte eine Bestimmung dieser Teilnahmebedingungen ganz oder teilweise unwirksam sein oder werden, so wird dadurch die G\u00fcltigkeit dieser Teilnahmebedingungen im \u00dcbrigen nicht ber\u00fchrt. Statt der unwirksamen Bestimmung gilt diejenige gesetzlich zul\u00e4ssige Regelung, die dem in der unwirksamen Bestimmung zum Ausdruck gekommenen Sinn und Zweck wirtschaftlich am n\u00e4chsten kommt. Entsprechendes gilt f\u00fcr den Fall des Vorliegens einer Regelungsl\u00fccke in diesen Teilnahmebedingungen.<\/p>\n<\/div><\/div>\n","protected":false},"excerpt":{"rendered":"<p>Teilnahmebedingungen Die Teilnahme am Gewinnspiel von Veganuary und Beyond Meat ist kostenlos und richtet sich ausschlie\u00dflich nach diesen Teilnahmebedingungen. Ablauf&hellip;<\/p>\n","protected":false},"author":95,"featured_media":0,"parent":0,"menu_order":0,"comment_status":"closed","ping_status":"closed","template":"","meta":{"_acf_changed":false,"_coblocks_attr":"","_coblocks_dimensions":"","_coblocks_responsive_height":"","_coblocks_accordion_ie_support":"","footnotes":""},"class_list":["post-125527","page","type-page","status-publish","hentry"],"acf":[],"yoast_head":"<!-- This site is optimized with the Yoast SEO plugin v27.3 - https:\/\/yoast.com\/product\/yoast-seo-wordpress\/ -->\n<title>Teilnahmebedingungen | Veganuary<\/title>\n<meta name=\"description\" content=\"Hier findest du die Teilnahmebedingungen f\u00fcr von Veganuary durchgef\u00fchrte Verlosungen.\" \/>\n<meta name=\"robots\" content=\"index, follow, max-snippet:-1, max-image-preview:large, max-video-preview:-1\" \/>\n<link rel=\"canonical\" href=\"https:\/\/veganuary.com\/de\/teilnahmebedingungen\/\" \/>\n<meta property=\"og:locale\" content=\"de_DE\" \/>\n<meta property=\"og:type\" content=\"article\" \/>\n<meta property=\"og:title\" content=\"Teilnahmebedingungen | Veganuary\" \/>\n<meta property=\"og:description\" content=\"Hier findest du die Teilnahmebedingungen f\u00fcr von Veganuary durchgef\u00fchrte Verlosungen.\" \/>\n<meta property=\"og:url\" content=\"https:\/\/veganuary.com\/de\/teilnahmebedingungen\/\" \/>\n<meta property=\"og:site_name\" content=\"Veganuary\" \/>\n<meta property=\"article:publisher\" content=\"https:\/\/www.facebook.com\/Veganuary\/\" \/>\n<meta property=\"article:modified_time\" content=\"2024-01-25T09:15:25+00:00\" \/>\n<meta name=\"twitter:card\" content=\"summary_large_image\" \/>\n<meta name=\"twitter:site\" content=\"@veganuary\" \/>\n<meta name=\"twitter:label1\" content=\"Gesch\u00e4tzte Lesezeit\" \/>\n\t<meta name=\"twitter:data1\" content=\"3 Minuten\" \/>\n<script type=\"application\/ld+json\" class=\"yoast-schema-graph\">{\"@context\":\"https:\\\/\\\/schema.org\",\"@graph\":[{\"@type\":\"WebPage\",\"@id\":\"https:\\\/\\\/veganuary.com\\\/de\\\/teilnahmebedingungen\\\/\",\"url\":\"https:\\\/\\\/veganuary.com\\\/de\\\/teilnahmebedingungen\\\/\",\"name\":\"Teilnahmebedingungen | Veganuary\",\"isPartOf\":{\"@id\":\"https:\\\/\\\/veganuary.com\\\/de\\\/#website\"},\"datePublished\":\"2021-11-04T13:19:52+00:00\",\"dateModified\":\"2024-01-25T09:15:25+00:00\",\"description\":\"Hier findest du die Teilnahmebedingungen f\u00fcr von Veganuary durchgef\u00fchrte Verlosungen.\",\"breadcrumb\":{\"@id\":\"https:\\\/\\\/veganuary.com\\\/de\\\/teilnahmebedingungen\\\/#breadcrumb\"},\"inLanguage\":\"de-DE\",\"potentialAction\":[{\"@type\":\"ReadAction\",\"target\":[\"https:\\\/\\\/veganuary.com\\\/de\\\/teilnahmebedingungen\\\/\"]}]},{\"@type\":\"BreadcrumbList\",\"@id\":\"https:\\\/\\\/veganuary.com\\\/de\\\/teilnahmebedingungen\\\/#breadcrumb\",\"itemListElement\":[{\"@type\":\"ListItem\",\"position\":1,\"name\":\"Home\",\"item\":\"https:\\\/\\\/veganuary.com\\\/de\\\/\"},{\"@type\":\"ListItem\",\"position\":2,\"name\":\"Teilnahmebedingungen\"}]},{\"@type\":\"WebSite\",\"@id\":\"https:\\\/\\\/veganuary.com\\\/de\\\/#website\",\"url\":\"https:\\\/\\\/veganuary.com\\\/de\\\/\",\"name\":\"Veganuary\",\"description\":\"The website for Veganuary\",\"publisher\":{\"@id\":\"https:\\\/\\\/veganuary.com\\\/de\\\/#organization\"},\"potentialAction\":[{\"@type\":\"SearchAction\",\"target\":{\"@type\":\"EntryPoint\",\"urlTemplate\":\"https:\\\/\\\/veganuary.com\\\/de\\\/?s={search_term_string}\"},\"query-input\":{\"@type\":\"PropertyValueSpecification\",\"valueRequired\":true,\"valueName\":\"search_term_string\"}}],\"inLanguage\":\"de-DE\"},{\"@type\":\"Organization\",\"@id\":\"https:\\\/\\\/veganuary.com\\\/de\\\/#organization\",\"name\":\"Veganuary\",\"url\":\"https:\\\/\\\/veganuary.com\\\/de\\\/\",\"logo\":{\"@type\":\"ImageObject\",\"inLanguage\":\"de-DE\",\"@id\":\"https:\\\/\\\/veganuary.com\\\/de\\\/#\\\/schema\\\/logo\\\/image\\\/\",\"url\":\"https:\\\/\\\/veganuary.com\\\/wp-content\\\/uploads\\\/2020\\\/11\\\/135-veganuary-animals-icon-transparent-rgb.png\",\"contentUrl\":\"https:\\\/\\\/veganuary.com\\\/wp-content\\\/uploads\\\/2020\\\/11\\\/135-veganuary-animals-icon-transparent-rgb.png\",\"width\":135,\"height\":135,\"caption\":\"Veganuary\"},\"image\":{\"@id\":\"https:\\\/\\\/veganuary.com\\\/de\\\/#\\\/schema\\\/logo\\\/image\\\/\"},\"sameAs\":[\"https:\\\/\\\/www.facebook.com\\\/Veganuary\\\/\",\"https:\\\/\\\/x.com\\\/veganuary\",\"https:\\\/\\\/www.instagram.com\\\/weareveganuary\\\/\",\"https:\\\/\\\/www.linkedin.com\\\/company\\\/veganuary-limited\",\"https:\\\/\\\/www.pinterest.co.uk\\\/Veganuary\\\/\",\"https:\\\/\\\/www.youtube.com\\\/channel\\\/UCGDLtGanlPZLidEGP2N39CA\",\"https:\\\/\\\/en.wikipedia.org\\\/wiki\\\/Veganuary\"]}]}<\/script>\n<!-- \/ Yoast SEO plugin. -->","yoast_head_json":{"title":"Teilnahmebedingungen | Veganuary","description":"Hier findest du die Teilnahmebedingungen f\u00fcr von Veganuary durchgef\u00fchrte Verlosungen.","robots":{"index":"index","follow":"follow","max-snippet":"max-snippet:-1","max-image-preview":"max-image-preview:large","max-video-preview":"max-video-preview:-1"},"canonical":"https:\/\/veganuary.com\/de\/teilnahmebedingungen\/","og_locale":"de_DE","og_type":"article","og_title":"Teilnahmebedingungen | Veganuary","og_description":"Hier findest du die Teilnahmebedingungen f\u00fcr von Veganuary durchgef\u00fchrte Verlosungen.","og_url":"https:\/\/veganuary.com\/de\/teilnahmebedingungen\/","og_site_name":"Veganuary","article_publisher":"https:\/\/www.facebook.com\/Veganuary\/","article_modified_time":"2024-01-25T09:15:25+00:00","twitter_card":"summary_large_image","twitter_site":"@veganuary","twitter_misc":{"Gesch\u00e4tzte Lesezeit":"3 Minuten"},"schema":{"@context":"https:\/\/schema.org","@graph":[{"@type":"WebPage","@id":"https:\/\/veganuary.com\/de\/teilnahmebedingungen\/","url":"https:\/\/veganuary.com\/de\/teilnahmebedingungen\/","name":"Teilnahmebedingungen | Veganuary","isPartOf":{"@id":"https:\/\/veganuary.com\/de\/#website"},"datePublished":"2021-11-04T13:19:52+00:00","dateModified":"2024-01-25T09:15:25+00:00","description":"Hier findest du die Teilnahmebedingungen f\u00fcr von Veganuary durchgef\u00fchrte Verlosungen.","breadcrumb":{"@id":"https:\/\/veganuary.com\/de\/teilnahmebedingungen\/#breadcrumb"},"inLanguage":"de-DE","potentialAction":[{"@type":"ReadAction","target":["https:\/\/veganuary.com\/de\/teilnahmebedingungen\/"]}]},{"@type":"BreadcrumbList","@id":"https:\/\/veganuary.com\/de\/teilnahmebedingungen\/#breadcrumb","itemListElement":[{"@type":"ListItem","position":1,"name":"Home","item":"https:\/\/veganuary.com\/de\/"},{"@type":"ListItem","position":2,"name":"Teilnahmebedingungen"}]},{"@type":"WebSite","@id":"https:\/\/veganuary.com\/de\/#website","url":"https:\/\/veganuary.com\/de\/","name":"Veganuary","description":"The website for Veganuary","publisher":{"@id":"https:\/\/veganuary.com\/de\/#organization"},"potentialAction":[{"@type":"SearchAction","target":{"@type":"EntryPoint","urlTemplate":"https:\/\/veganuary.com\/de\/?s={search_term_string}"},"query-input":{"@type":"PropertyValueSpecification","valueRequired":true,"valueName":"search_term_string"}}],"inLanguage":"de-DE"},{"@type":"Organization","@id":"https:\/\/veganuary.com\/de\/#organization","name":"Veganuary","url":"https:\/\/veganuary.com\/de\/","logo":{"@type":"ImageObject","inLanguage":"de-DE","@id":"https:\/\/veganuary.com\/de\/#\/schema\/logo\/image\/","url":"https:\/\/veganuary.com\/wp-content\/uploads\/2020\/11\/135-veganuary-animals-icon-transparent-rgb.png","contentUrl":"https:\/\/veganuary.com\/wp-content\/uploads\/2020\/11\/135-veganuary-animals-icon-transparent-rgb.png","width":135,"height":135,"caption":"Veganuary"},"image":{"@id":"https:\/\/veganuary.com\/de\/#\/schema\/logo\/image\/"},"sameAs":["https:\/\/www.facebook.com\/Veganuary\/","https:\/\/x.com\/veganuary","https:\/\/www.instagram.com\/weareveganuary\/","https:\/\/www.linkedin.com\/company\/veganuary-limited","https:\/\/www.pinterest.co.uk\/Veganuary\/","https:\/\/www.youtube.com\/channel\/UCGDLtGanlPZLidEGP2N39CA","https:\/\/en.wikipedia.org\/wiki\/Veganuary"]}]}},"_links":{"self":[{"href":"https:\/\/veganuary.com\/de\/wp-json\/wp\/v2\/pages\/125527","targetHints":{"allow":["GET"]}}],"collection":[{"href":"https:\/\/veganuary.com\/de\/wp-json\/wp\/v2\/pages"}],"about":[{"href":"https:\/\/veganuary.com\/de\/wp-json\/wp\/v2\/types\/page"}],"author":[{"embeddable":true,"href":"https:\/\/veganuary.com\/de\/wp-json\/wp\/v2\/users\/95"}],"replies":[{"embeddable":true,"href":"https:\/\/veganuary.com\/de\/wp-json\/wp\/v2\/comments?post=125527"}],"version-history":[{"count":0,"href":"https:\/\/veganuary.com\/de\/wp-json\/wp\/v2\/pages\/125527\/revisions"}],"wp:attachment":[{"href":"https:\/\/veganuary.com\/de\/wp-json\/wp\/v2\/media?parent=125527"}],"curies":[{"name":"wp","href":"https:\/\/api.w.org\/{rel}","templated":true}]}}