{"id":159381,"date":"2021-10-31T21:53:26","date_gmt":"2021-10-31T21:53:26","guid":{"rendered":"https:\/\/veganuary.com\/submit-your-special-offer\/"},"modified":"2025-10-31T10:08:29","modified_gmt":"2025-10-31T10:08:29","slug":"angebote-und-aktionen-einreichen","status":"publish","type":"page","link":"https:\/\/veganuary.com\/de\/angebote-und-aktionen-einreichen\/","title":{"rendered":"Angebote und Aktionen einreichen"},"content":{"rendered":"\n<h2 class=\"wp-block-heading has-text-align-center\">Angebote und Aktionen von Marken im Veganuary 2026<\/h2>\n\n\n\n<p>Veganuary bietet Marken, Restaurants und Einzelh\u00e4ndlern die M\u00f6glichkeit, ihre Sonderangebote, Neueinf\u00fchrungen und aufregenden Aktivit\u00e4ten w\u00e4hrend der Kampagne in unserer Rubrik &#8222;Angebote &amp; Aktionen&#8220; auf der Veganuary-Website zu pr\u00e4sentieren. Wir werden auch in unseren E-Mail-Newslettern und auf unseren Social Media Kan\u00e4len direkt auf unsere Aktionsseite verlinken.&nbsp;&nbsp;<\/p>\n\n\n\n<p>Haben Sie spannende Neuigkeiten, Aktionen oder vielleicht ein neues Produkt, das Sie im Veganuary auf den Markt bringen wollen?&nbsp;Damit Ihr Angebot und Markenlogo aufgenommen werden k\u00f6nnen, \u00fcbermitteln Sie uns bitte alle relevanten Informationen \u00fcber das untenstehende Formular:&nbsp;&nbsp;<\/p>\n\n\n\n<p>Bitte beachten Sie:&nbsp;<\/p>\n\n\n\n<ul class=\"wp-block-list\">\n<li>Wir k\u00f6nnen nur 100 % vegane Angebote und Aktualisierungen auf der Seite mit den Sonderangeboten hinzuf\u00fcgen. Wenn Sie also auch nicht-vegane Produkte verkaufen, bitten wir Sie, ein Angebot ausschlie\u00dflich f\u00fcr Ihr veganes Sortiment zu entwickeln, um die Kunden zu ermutigen, Ihr pflanzliches Angebot zu probieren.<\/li>\n\n\n\n<li>Diese M\u00f6glichkeit steht Marken zur Verf\u00fcgung, die an der Veganuary 2025-Kampagne teilnehmen und diese unterst\u00fctzen \u2013 alle eingereichten Angebote werden jedoch gepr\u00fcft, und die Einreichung dieses Formulars ist keine Garantie f\u00fcr eine Aufnahme. Veganuary beh\u00e4lt sich das Recht vor, \u00c4nderungen vorzunehmen, um sie an den Veganuary-Stil anzupassen und Angebote abzulehnen, die f\u00fcr die Teilnehmer nicht relevant sind.&nbsp;&nbsp;<\/li>\n<\/ul>\n\n\n\n<hr class=\"wp-block-separator has-css-opacity\"\/>\n","protected":false},"excerpt":{"rendered":"<p>Angebote und Aktionen von Marken im Veganuary 2026 Veganuary bietet Marken, Restaurants und Einzelh\u00e4ndlern die M\u00f6glichkeit, ihre Sonderangebote, Neueinf\u00fchrungen und&hellip;<\/p>\n","protected":false},"author":140,"featured_media":0,"parent":0,"menu_order":0,"comment_status":"closed","ping_status":"closed","template":"page-templates\/special-offers-submission.php","meta":{"_acf_changed":true,"_coblocks_attr":"","_coblocks_dimensions":"","_coblocks_responsive_height":"","_coblocks_accordion_ie_support":"","footnotes":""},"class_list":["post-159381","page","type-page","status-publish","hentry"],"acf":[],"yoast_head":"<!-- This site is optimized with the Yoast SEO plugin v27.3 - https:\/\/yoast.com\/product\/yoast-seo-wordpress\/ -->\n<title>Angebote und Aktionen einreichen - Veganuary<\/title>\n<meta name=\"description\" content=\"Wenn Sie ein Unternehmen sind, das mit Veganuary zusammenarbeiten m\u00f6chte, reichen Sie jetzt Ihre Angebote und Aktionen ein, um auf unserer Website vorgestellt zu werden!\" \/>\n<meta name=\"robots\" content=\"index, follow, max-snippet:-1, max-image-preview:large, max-video-preview:-1\" \/>\n<link rel=\"canonical\" href=\"https:\/\/veganuary.com\/de\/angebote-und-aktionen-einreichen\/\" \/>\n<meta property=\"og:locale\" content=\"de_DE\" \/>\n<meta property=\"og:type\" content=\"article\" \/>\n<meta property=\"og:title\" content=\"Angebote und Aktionen einreichen - Veganuary\" \/>\n<meta property=\"og:description\" content=\"Wenn Sie ein Unternehmen sind, das mit Veganuary zusammenarbeiten m\u00f6chte, reichen Sie jetzt Ihre Angebote und Aktionen ein, um auf unserer Website vorgestellt zu werden!\" \/>\n<meta property=\"og:url\" content=\"https:\/\/veganuary.com\/de\/angebote-und-aktionen-einreichen\/\" \/>\n<meta property=\"og:site_name\" content=\"Veganuary\" \/>\n<meta property=\"article:publisher\" content=\"https:\/\/www.facebook.com\/Veganuary\/\" \/>\n<meta property=\"article:modified_time\" content=\"2025-10-31T10:08:29+00:00\" \/>\n<meta name=\"twitter:card\" content=\"summary_large_image\" \/>\n<meta name=\"twitter:site\" content=\"@veganuary\" \/>\n<meta name=\"twitter:label1\" content=\"Gesch\u00e4tzte Lesezeit\" \/>\n\t<meta name=\"twitter:data1\" content=\"1 Minute\" \/>\n<script type=\"application\/ld+json\" class=\"yoast-schema-graph\">{\"@context\":\"https:\\\/\\\/schema.org\",\"@graph\":[{\"@type\":\"WebPage\",\"@id\":\"https:\\\/\\\/veganuary.com\\\/de\\\/angebote-und-aktionen-einreichen\\\/\",\"url\":\"https:\\\/\\\/veganuary.com\\\/de\\\/angebote-und-aktionen-einreichen\\\/\",\"name\":\"Angebote und Aktionen einreichen - Veganuary\",\"isPartOf\":{\"@id\":\"https:\\\/\\\/veganuary.com\\\/de\\\/#website\"},\"datePublished\":\"2021-10-31T21:53:26+00:00\",\"dateModified\":\"2025-10-31T10:08:29+00:00\",\"description\":\"Wenn Sie ein Unternehmen sind, das mit Veganuary zusammenarbeiten m\u00f6chte, reichen Sie jetzt Ihre Angebote und Aktionen ein, um auf unserer Website vorgestellt zu werden!\",\"breadcrumb\":{\"@id\":\"https:\\\/\\\/veganuary.com\\\/de\\\/angebote-und-aktionen-einreichen\\\/#breadcrumb\"},\"inLanguage\":\"de-DE\",\"potentialAction\":[{\"@type\":\"ReadAction\",\"target\":[\"https:\\\/\\\/veganuary.com\\\/de\\\/angebote-und-aktionen-einreichen\\\/\"]}]},{\"@type\":\"BreadcrumbList\",\"@id\":\"https:\\\/\\\/veganuary.com\\\/de\\\/angebote-und-aktionen-einreichen\\\/#breadcrumb\",\"itemListElement\":[{\"@type\":\"ListItem\",\"position\":1,\"name\":\"Home\",\"item\":\"https:\\\/\\\/veganuary.com\\\/de\\\/\"},{\"@type\":\"ListItem\",\"position\":2,\"name\":\"Angebote und Aktionen einreichen\"}]},{\"@type\":\"WebSite\",\"@id\":\"https:\\\/\\\/veganuary.com\\\/de\\\/#website\",\"url\":\"https:\\\/\\\/veganuary.com\\\/de\\\/\",\"name\":\"Veganuary\",\"description\":\"The website for Veganuary\",\"publisher\":{\"@id\":\"https:\\\/\\\/veganuary.com\\\/de\\\/#organization\"},\"potentialAction\":[{\"@type\":\"SearchAction\",\"target\":{\"@type\":\"EntryPoint\",\"urlTemplate\":\"https:\\\/\\\/veganuary.com\\\/de\\\/?s={search_term_string}\"},\"query-input\":{\"@type\":\"PropertyValueSpecification\",\"valueRequired\":true,\"valueName\":\"search_term_string\"}}],\"inLanguage\":\"de-DE\"},{\"@type\":\"Organization\",\"@id\":\"https:\\\/\\\/veganuary.com\\\/de\\\/#organization\",\"name\":\"Veganuary\",\"url\":\"https:\\\/\\\/veganuary.com\\\/de\\\/\",\"logo\":{\"@type\":\"ImageObject\",\"inLanguage\":\"de-DE\",\"@id\":\"https:\\\/\\\/veganuary.com\\\/de\\\/#\\\/schema\\\/logo\\\/image\\\/\",\"url\":\"https:\\\/\\\/veganuary.com\\\/wp-content\\\/uploads\\\/2020\\\/11\\\/135-veganuary-animals-icon-transparent-rgb.png\",\"contentUrl\":\"https:\\\/\\\/veganuary.com\\\/wp-content\\\/uploads\\\/2020\\\/11\\\/135-veganuary-animals-icon-transparent-rgb.png\",\"width\":135,\"height\":135,\"caption\":\"Veganuary\"},\"image\":{\"@id\":\"https:\\\/\\\/veganuary.com\\\/de\\\/#\\\/schema\\\/logo\\\/image\\\/\"},\"sameAs\":[\"https:\\\/\\\/www.facebook.com\\\/Veganuary\\\/\",\"https:\\\/\\\/x.com\\\/veganuary\",\"https:\\\/\\\/www.instagram.com\\\/weareveganuary\\\/\",\"https:\\\/\\\/www.linkedin.com\\\/company\\\/veganuary-limited\",\"https:\\\/\\\/www.pinterest.co.uk\\\/Veganuary\\\/\",\"https:\\\/\\\/www.youtube.com\\\/channel\\\/UCGDLtGanlPZLidEGP2N39CA\",\"https:\\\/\\\/en.wikipedia.org\\\/wiki\\\/Veganuary\"]}]}<\/script>\n<!-- \/ Yoast SEO plugin. -->","yoast_head_json":{"title":"Angebote und Aktionen einreichen - Veganuary","description":"Wenn Sie ein Unternehmen sind, das mit Veganuary zusammenarbeiten m\u00f6chte, reichen Sie jetzt Ihre Angebote und Aktionen ein, um auf unserer Website vorgestellt zu werden!","robots":{"index":"index","follow":"follow","max-snippet":"max-snippet:-1","max-image-preview":"max-image-preview:large","max-video-preview":"max-video-preview:-1"},"canonical":"https:\/\/veganuary.com\/de\/angebote-und-aktionen-einreichen\/","og_locale":"de_DE","og_type":"article","og_title":"Angebote und Aktionen einreichen - Veganuary","og_description":"Wenn Sie ein Unternehmen sind, das mit Veganuary zusammenarbeiten m\u00f6chte, reichen Sie jetzt Ihre Angebote und Aktionen ein, um auf unserer Website vorgestellt zu werden!","og_url":"https:\/\/veganuary.com\/de\/angebote-und-aktionen-einreichen\/","og_site_name":"Veganuary","article_publisher":"https:\/\/www.facebook.com\/Veganuary\/","article_modified_time":"2025-10-31T10:08:29+00:00","twitter_card":"summary_large_image","twitter_site":"@veganuary","twitter_misc":{"Gesch\u00e4tzte Lesezeit":"1 Minute"},"schema":{"@context":"https:\/\/schema.org","@graph":[{"@type":"WebPage","@id":"https:\/\/veganuary.com\/de\/angebote-und-aktionen-einreichen\/","url":"https:\/\/veganuary.com\/de\/angebote-und-aktionen-einreichen\/","name":"Angebote und Aktionen einreichen - Veganuary","isPartOf":{"@id":"https:\/\/veganuary.com\/de\/#website"},"datePublished":"2021-10-31T21:53:26+00:00","dateModified":"2025-10-31T10:08:29+00:00","description":"Wenn Sie ein Unternehmen sind, das mit Veganuary zusammenarbeiten m\u00f6chte, reichen Sie jetzt Ihre Angebote und Aktionen ein, um auf unserer Website vorgestellt zu werden!","breadcrumb":{"@id":"https:\/\/veganuary.com\/de\/angebote-und-aktionen-einreichen\/#breadcrumb"},"inLanguage":"de-DE","potentialAction":[{"@type":"ReadAction","target":["https:\/\/veganuary.com\/de\/angebote-und-aktionen-einreichen\/"]}]},{"@type":"BreadcrumbList","@id":"https:\/\/veganuary.com\/de\/angebote-und-aktionen-einreichen\/#breadcrumb","itemListElement":[{"@type":"ListItem","position":1,"name":"Home","item":"https:\/\/veganuary.com\/de\/"},{"@type":"ListItem","position":2,"name":"Angebote und Aktionen einreichen"}]},{"@type":"WebSite","@id":"https:\/\/veganuary.com\/de\/#website","url":"https:\/\/veganuary.com\/de\/","name":"Veganuary","description":"The website for Veganuary","publisher":{"@id":"https:\/\/veganuary.com\/de\/#organization"},"potentialAction":[{"@type":"SearchAction","target":{"@type":"EntryPoint","urlTemplate":"https:\/\/veganuary.com\/de\/?s={search_term_string}"},"query-input":{"@type":"PropertyValueSpecification","valueRequired":true,"valueName":"search_term_string"}}],"inLanguage":"de-DE"},{"@type":"Organization","@id":"https:\/\/veganuary.com\/de\/#organization","name":"Veganuary","url":"https:\/\/veganuary.com\/de\/","logo":{"@type":"ImageObject","inLanguage":"de-DE","@id":"https:\/\/veganuary.com\/de\/#\/schema\/logo\/image\/","url":"https:\/\/veganuary.com\/wp-content\/uploads\/2020\/11\/135-veganuary-animals-icon-transparent-rgb.png","contentUrl":"https:\/\/veganuary.com\/wp-content\/uploads\/2020\/11\/135-veganuary-animals-icon-transparent-rgb.png","width":135,"height":135,"caption":"Veganuary"},"image":{"@id":"https:\/\/veganuary.com\/de\/#\/schema\/logo\/image\/"},"sameAs":["https:\/\/www.facebook.com\/Veganuary\/","https:\/\/x.com\/veganuary","https:\/\/www.instagram.com\/weareveganuary\/","https:\/\/www.linkedin.com\/company\/veganuary-limited","https:\/\/www.pinterest.co.uk\/Veganuary\/","https:\/\/www.youtube.com\/channel\/UCGDLtGanlPZLidEGP2N39CA","https:\/\/en.wikipedia.org\/wiki\/Veganuary"]}]}},"_links":{"self":[{"href":"https:\/\/veganuary.com\/de\/wp-json\/wp\/v2\/pages\/159381","targetHints":{"allow":["GET"]}}],"collection":[{"href":"https:\/\/veganuary.com\/de\/wp-json\/wp\/v2\/pages"}],"about":[{"href":"https:\/\/veganuary.com\/de\/wp-json\/wp\/v2\/types\/page"}],"author":[{"embeddable":true,"href":"https:\/\/veganuary.com\/de\/wp-json\/wp\/v2\/users\/140"}],"replies":[{"embeddable":true,"href":"https:\/\/veganuary.com\/de\/wp-json\/wp\/v2\/comments?post=159381"}],"version-history":[{"count":0,"href":"https:\/\/veganuary.com\/de\/wp-json\/wp\/v2\/pages\/159381\/revisions"}],"wp:attachment":[{"href":"https:\/\/veganuary.com\/de\/wp-json\/wp\/v2\/media?parent=159381"}],"curies":[{"name":"wp","href":"https:\/\/api.w.org\/{rel}","templated":true}]}}