{"id":181623,"date":"2023-06-15T11:06:33","date_gmt":"2023-06-15T10:06:33","guid":{"rendered":"https:\/\/veganuary.com\/register-donate-thank-you-2\/"},"modified":"2025-10-30T10:12:11","modified_gmt":"2025-10-30T10:12:11","slug":"register-donate-thank-you","status":"publish","type":"page","link":"https:\/\/veganuary.com\/de\/register-donate-thank-you\/","title":{"rendered":"Donation Page &#8211; Pledge Sign Up (DE)"},"content":{"rendered":"<section id=\"vj-landing-block_0ad1e2ebe6a36e8bddf28d3aaf1af416\" class=\"vj-landing vj-landing-block\" style=\"padding:0;\">\n  <div class=\"vj-landing-wrap\" style=\"\n    max-width:1200px; margin:0 auto; display:grid; gap:0;\n    grid-template-columns: 1fr 1fr; align-items:stretch;\n  \">\n\n    <!-- Left: Image -->\n    <div class=\"vj-landing-img\" style=\"\n      background-image:url('https:\/\/veganuary.com\/wp-content\/uploads\/2022\/12\/girl-holding-pig-cropped.jpg');\n      background-size:cover; background-position:center; min-height:520px;\n    \"><\/div>\n\n    <!-- Right: Copy + Form -->\n    <div class=\"vj-landing-formcol\" style=\"\n      padding: 0 clamp(20px,3.5vw,40px) clamp(20px,3.5vw,40px);\n      display:flex; flex-direction:column; justify-content:center;\n    \">\n      <h2 class=\"vj-heading\" style=\"margin:0 0 10px; line-height:1.15; color:#F52878;\">\n        DU HAST DICH ERFOLGREICH ANGEMELDET!      <\/h2>\n\n      <p class=\"vj-lead\" style=\"margin:0 0 16px; max-width:65ch; color:#444;\">\n        Schau in deinem Postfach nach der Best\u00e4tigungsmail \u2013 darin findest du unter anderem dein digitales Promi-Kochbuch. Die Teilnahme am Veganuary ist v\u00f6llig kostenlos. Als gemeinn\u00fctzige Organisation sind wir aber auf Spenden angewiesen. Mit einem kleinen Betrag kannst du uns helfen, noch viel mehr Menschen von der veganen Ern\u00e4hrung zu \u00fcberzeugen. Ein gro\u00dfz\u00fcgiger Unterst\u00fctzer wird alle Spenden verdoppeln, sodass deine Spende heute zweimal so viel wert ist!      <\/p>\n\n      <!-- Form card -->\n      <div class=\"vj-landing-card\" style=\"\n        background:#fff; border:1px solid rgba(0,0,0,.1);\n        box-shadow:0 10px 30px rgba(0,0,0,.08);\n        border-radius:16px; padding:clamp(16px,2.4vw,28px);\n        width:100%; max-width:600px; margin:0 auto; text-align:center;\n        position: relative; min-height:120px;\n      \">\n        <!-- Loading spinner -->\n        <div class=\"fu-loading\" style=\"\n          position:absolute; top:50%; left:50%;\n          transform:translate(-50%,-50%);\n          display:flex; align-items:center; justify-content:center;\n        \">\n          <div class=\"spinner\" style=\"\n            border: 4px solid #eee;\n            border-top: 4px solid #F52878;\n            border-radius: 50%;\n            width: 32px; height: 32px;\n            animation: spin 1s linear infinite;\n          \"><\/div>\n        <\/div>\n\n        <!-- Fundraise Up anchor -->\n        <a href=\"#XYQMVKNU\" style=\"display:block;\"><\/a>\n        <!-- Disclaimer text -->\n        <p style=\"margin-top:12px; font-size:12px; color:#666; line-height:1.4;\">\n          Wenn ich an Veganuary spende, erkl\u00e4re ich mich damit einverstanden, eine E-Mail-Best\u00e4tigung von Veganuary zu erhalten, die Tracking-Pixel enth\u00e4lt. Diese Technologie wird nur verwendet, um die \u00d6ffnungsrate von E-Mails zu analysieren. Du spendest an die Organisation Veganuary, die in England und Wales als gemeinn\u00fctzig registriert ist (Charity-Nummer 1168566) \u2013 daher ist deine Spende in Deutschland nicht steuerlich absetzbar. Umso mehr danken wir allen Spender:innen hierzulande f\u00fcr ihren gro\u00dfartigen Support!        <\/p>\n      <\/div>\n    <\/div>\n  <\/div>\n\n  <style>\n    .vj-landing, .vj-landing * { box-sizing: border-box; }\n    @keyframes spin { 100% { transform: rotate(360deg); } }\n\n    \/* Fold at <=860px *\/\n    @media (max-width: 860px){\n      .vj-landing{\n        position: relative;\n        margin-left: calc(50% - 50vw) !important;\n        margin-right: calc(50% - 50vw) !important;\n        width: 100vw !important;\n        max-width: 100vw !important;\n        overflow-x: hidden;\n        padding-left: 30px;\n        padding-right: 30px;\n      }\n      .vj-landing .vj-landing-wrap{\n        grid-template-columns: 1fr !important;\n        max-width: none !important;\n        margin: 0 !important;\n        padding: 0 !important;\n        width: 100% !important;\n      }\n      .vj-landing .vj-landing-img{ display:none !important; }\n      .vj-landing .vj-landing-formcol{ padding: 0 !important; margin: 0 !important; }\n\n      .vj-landing .vj-heading{\n        text-align: center !important;\n        font-size: 1.5rem !important; \/* ~24px *\/\n      }\n      .vj-landing .vj-lead{\n        text-align: center !important;\n        font-size: 1rem !important; \/* ~16px *\/\n        margin-left: auto !important;\n        margin-right: auto !important;\n      }\n\n      .vj-landing .vj-landing-card{\n        max-width: 420px !important;\n        width: 100% !important;\n        margin: 0 auto !important;\n        border-radius: 12px;\n        box-shadow: 0 6px 18px rgba(0,0,0,.06);\n        padding: 20px !important;\n      }\n    }\n\n    \/* Phones <=640px *\/\n    @media (max-width: 640px){\n      .vj-landing{\n        padding-left: 5px !important;\n        padding-right: 5px !important;\n      }\n      .vj-landing .vj-heading{\n        text-align: center !important;\n        font-size: 1.45rem !important; \/* ~23-24px *\/\n        margin-bottom: 8px !important;\n      }\n      .vj-landing .vj-lead{\n        text-align: center !important;\n        font-size: 0.95rem !important; \/* ~15px *\/\n        line-height: 1.45 !important;\n        margin-bottom: 10px !important;\n        padding: 0 8px !important;\n      }\n      .vj-landing .vj-landing-card{\n        max-width: calc(100% - 10px) !important;\n        width: auto !important;\n        margin: 0 auto !important;\n        padding-top: 0 !important;\n        padding-bottom: 0 !important;\n        padding-left: 12px !important;\n        padding-right: 12px !important;\n        border-radius: 10px;\n        box-shadow: 0 4px 12px rgba(0,0,0,.05);\n      }\n      \/* Disclaimer: strip padding, just margin-top *\/\n      .vj-landing .vj-landing-card p{\n        padding: 0 !important;\n      }\n    }\n\n    \/* Hide spinner when FU loads (modern browsers) *\/\n    .vj-landing-card:has(iframe),\n    .vj-landing-card:has(.fundraiseup-widget){\n      min-height: auto;\n    }\n    .vj-landing-card:has(iframe) .fu-loading,\n    .vj-landing-card:has(.fundraiseup-widget) .fu-loading{\n      display:none !important;\n    }\n  <\/style>\n\n  <!-- JS fallback if :has() not supported -->\n  <script>\n    document.addEventListener('DOMContentLoaded', function(){\n      var root = document.getElementById('vj-landing-block_0ad1e2ebe6a36e8bddf28d3aaf1af416');\n      if(!root) return;\n      var card = root.querySelector('.vj-landing-card');\n      if(!card) return;\n\n      var checkInterval = setInterval(function(){\n        if(card.querySelector('iframe') || card.querySelector('.fundraiseup-widget')){\n          var spinner = card.querySelector('.fu-loading');\n          if(spinner){ spinner.style.display = 'none'; }\n          card.style.minHeight = 'auto';\n          clearInterval(checkInterval);\n        }\n      }, 300);\n    });\n  <\/script>\n<\/section>\n\n\n\n<div class=\"wp-block-group\"><div class=\"wp-block-group__inner-container is-layout-flow wp-block-group-is-layout-flow\">\n<h2 class=\"wp-block-heading has-text-align-center\">Was konnten wir seit 2014 mit Spenden erreichen?<\/h2>\n\n\n\t\n\n\n<div class=\"donation__grid\">\n                  <div class=\"donation__grid_square\"><img decoding=\"async\" src=\"https:\/\/veganuary.com\/wp-content\/uploads\/2023\/06\/icon-participants.svg\" class=\"donation__grid_img\"><p class=\"donation__grid_text\">Wir haben Millionen von Menschen aus nahezu allen L\u00e4ndern der Welt dazu inspiriert, eine vegane Ern\u00e4hrung auszuprobieren \u2013 im Januar und dar\u00fcber hinaus.<\/p><\/div>\n                  <div class=\"donation__grid_square\"><img decoding=\"async\" src=\"https:\/\/veganuary.com\/wp-content\/uploads\/2023\/06\/icon-burger.svg\" class=\"donation__grid_img\"><p class=\"donation__grid_text\">Wir haben Unternehmen dabei unterst\u00fctzt, Tausende vegane Neuprodukte auf den Markt zu bringen \u2013 und die pflanzliche Ern\u00e4hrung so besser zug\u00e4nglich gemacht. <\/p><\/div>\n                  <div class=\"donation__grid_square\"><img decoding=\"async\" src=\"https:\/\/veganuary.com\/wp-content\/uploads\/2023\/06\/icon-media.svg\" class=\"donation__grid_img\"><p class=\"donation__grid_text\">Unz\u00e4hlige Medienberichte \u00fcber Veganuary haben das \u00f6ffentliche Bewusstsein f\u00fcr die vegane Ern\u00e4hrung gesch\u00e4rft. <\/p><\/div>\n                  <div class=\"donation__grid_square\"><img decoding=\"async\" src=\"https:\/\/veganuary.com\/wp-content\/uploads\/2023\/06\/icon-think-vegan.svg\" class=\"donation__grid_img\"><p class=\"donation__grid_text\">Je eine Million Teilnehmende sparen die CO\u2082-\u00c4quivalente von 1,2 Millionen Fl\u00fcgen zwischen London und Paris ein und bewahren 3,4 Millionen Tiere vor Leid.<\/p><\/div>\n            \n              <\/div>\n\n<style>\n.donation__grid {\ndisplay: flex;\nflex-wrap: wrap;\nalign-items: baseline;\npadding: 20px;\n}\n.donation__grid_square {\nflex-basis: 25%;\nflex-grow: 1;\ndisplay: flex;\njustify-content: center;\nflex-wrap: wrap;\nalign-items: baseline;\npadding: 15px;\n}\n.donation__grid_img {\nmax-width: 100px;\n}\n.donation__grid_text {\nfont-size: 0.9rem;\ntext-align: center;\nmargin-top: 15px !important;\n}\n\n@media only screen and (max-width: 600px) {\n    .donation__grid_square {\n        flex-basis: 50%;\n    }\n}\n<\/style>\n\n\n<h2 class=\"wp-block-heading has-text-align-center donate__txt_col\">Darum spende ich an Veganuary<\/h2>\n\n\n\n<div class=\"wp-block-custom testimonials\">\n\n\t\n\t\t<div class=\"carousel js-testimonials\">\n\n\t\n\t<div class=\"carousel__cell\">\n\t\t<div class=\"testimonial\">\n\t\t\t<div class=\"testimonial__quote\">\n\t\t\t\t<p>Ich finde, dass Veganuary unter all den veganen Organisationen das meiste erreicht und den gr\u00f6\u00dften Impact hat. Ich kann nur an ein oder zwei Organisationen spenden und m\u00f6chte, dass mein Geld den gr\u00f6\u00dftm\u00f6glichen Einfluss hat, indem m\u00f6glichst viele Tiere gerettet werden. Und ich glaube, dass es daf\u00fcr am effektivsten ist, Menschen auf unvoreingenommene und unterst\u00fctzende Weise von der veganen Ern\u00e4hrung zu \u00fcberzeugen. <\/p>\n\t\t\t<\/div>\n\n\t\t\t\n\t\t\t<footer class=\"testimonial__footer\">\n\t\t\t\t<div class=\"testimonial__footer__author\">Veganuary-Supporter:in<\/div>\n\t\t\t\t\t\t\t<\/footer>\n\t\t<\/div>\n\n\t\t<\/div><div class=\"carousel__cell\">\n\t\t<div class=\"testimonial\">\n\t\t\t<div class=\"testimonial__quote\">\n\t\t\t\t<p>Als Einzelperson ist der Unterschied, den ich machen kann, begrenzt. Aber indem ich an Veganuary spende, kann ich meinen Impact vergr\u00f6\u00dfern. <\/p>\n\t\t\t<\/div>\n\n\t\t\t\n\t\t\t<footer class=\"testimonial__footer\">\n\t\t\t\t<div class=\"testimonial__footer__author\">Veganuary-Supporter:in<\/div>\n\t\t\t\t\t\t\t<\/footer>\n\t\t<\/div>\n\n\t\t<\/div><div class=\"carousel__cell\">\n\t\t<div class=\"testimonial\">\n\t\t\t<div class=\"testimonial__quote\">\n\t\t\t\t<p>Ich habe w\u00e4hrend meiner Teilnahme so viele Infos und Unterst\u00fctzung bekommen, dass ich das Gef\u00fchl hatte, f\u00fcr diesen Service eigentlich etwas h\u00e4tte bezahlen sollen! <\/p>\n\t\t\t<\/div>\n\n\t\t\t\n\t\t\t<footer class=\"testimonial__footer\">\n\t\t\t\t<div class=\"testimonial__footer__author\">Veganuary-Supporter:in<\/div>\n\t\t\t\t\t\t\t<\/footer>\n\t\t<\/div>\n\n\t\t<\/div>\n\t\n\t\t<\/div>\n\n\t\n<\/div>\n\n\n\n<h2 class=\"wp-block-heading has-text-align-center donate__txt_col\">Nimm Kontakt auf&nbsp;<\/h2>\n\n\n\n<p class=\"has-text-align-center donate__txt\">Hast du Fragen oder m\u00f6chtest wissen, ob du auch auf anderen Wegen an uns spenden kannst? Melde dich gerne jederzeit:<br><a href=\"mailto:fundraising@veganuary.com\">fundraising@veganuary.com<\/a><\/p>\n\n\n\n<div class=\"wp-block-buttons is-content-justification-center is-layout-flex wp-container-core-buttons-is-layout-16018d1d wp-block-buttons-is-layout-flex\">\n<div class=\"wp-block-button has-custom-width wp-block-button__width-100 is-style-fill donate__btn\"><a class=\"wp-block-button__link wp-element-button\">Kontakt aufnehmen<\/a><\/div>\n<\/div>\n\n\n\n<p class=\"has-text-align-center\">Veganuary ist als gemeinn\u00fctzige Organisation in England und Wales registriert (Charity-Nummer: 1168566). Bitte beachte, dass Spenden in Deutschland aktuell nicht steuerlich absetzbar sind. Umso mehr danken wir allen Menschen hierzulande f\u00fcr ihren gro\u00dfartigen Support!<\/p>\n<\/div><\/div>\n","protected":false},"excerpt":{"rendered":"<p>Was konnten wir seit 2014 mit Spenden erreichen? Darum spende ich an Veganuary Nimm Kontakt auf&nbsp; Hast du Fragen oder&hellip;<\/p>\n","protected":false},"author":140,"featured_media":0,"parent":0,"menu_order":0,"comment_status":"closed","ping_status":"closed","template":"page-templates\/donate.php","meta":{"_acf_changed":false,"_coblocks_attr":"","_coblocks_dimensions":"","_coblocks_responsive_height":"","_coblocks_accordion_ie_support":"","footnotes":""},"class_list":["post-181623","page","type-page","status-publish","hentry"],"acf":[],"yoast_head":"<!-- This site is optimized with the Yoast SEO plugin v27.5 - https:\/\/yoast.com\/product\/yoast-seo-wordpress\/ -->\n<title>Danke f\u00fcr deine Anmeldung<\/title>\n<meta name=\"robots\" content=\"index, follow, max-snippet:-1, max-image-preview:large, max-video-preview:-1\" \/>\n<link rel=\"canonical\" href=\"https:\/\/veganuary.com\/de\/register-donate-thank-you\/\" \/>\n<meta property=\"og:locale\" content=\"de_DE\" \/>\n<meta property=\"og:type\" content=\"article\" \/>\n<meta property=\"og:title\" content=\"Danke f\u00fcr deine Anmeldung\" \/>\n<meta property=\"og:description\" content=\"Was konnten wir seit 2014 mit Spenden erreichen? Darum spende ich an Veganuary Nimm Kontakt auf&nbsp; Hast du Fragen oder&hellip;\" \/>\n<meta property=\"og:url\" content=\"https:\/\/veganuary.com\/de\/register-donate-thank-you\/\" \/>\n<meta property=\"og:site_name\" content=\"Veganuary\" \/>\n<meta property=\"article:publisher\" content=\"https:\/\/www.facebook.com\/Veganuary\/\" \/>\n<meta property=\"article:modified_time\" content=\"2025-10-30T10:12:11+00:00\" \/>\n<meta name=\"twitter:card\" content=\"summary_large_image\" \/>\n<meta name=\"twitter:site\" content=\"@veganuary\" \/>\n<meta name=\"twitter:label1\" content=\"Gesch\u00e4tzte Lesezeit\" \/>\n\t<meta name=\"twitter:data1\" content=\"1 Minute\" \/>\n<script type=\"application\/ld+json\" class=\"yoast-schema-graph\">{\"@context\":\"https:\\\/\\\/schema.org\",\"@graph\":[{\"@type\":\"WebPage\",\"@id\":\"https:\\\/\\\/veganuary.com\\\/de\\\/register-donate-thank-you\\\/\",\"url\":\"https:\\\/\\\/veganuary.com\\\/de\\\/register-donate-thank-you\\\/\",\"name\":\"Danke f\u00fcr deine Anmeldung\",\"isPartOf\":{\"@id\":\"https:\\\/\\\/veganuary.com\\\/de\\\/#website\"},\"datePublished\":\"2023-06-15T10:06:33+00:00\",\"dateModified\":\"2025-10-30T10:12:11+00:00\",\"breadcrumb\":{\"@id\":\"https:\\\/\\\/veganuary.com\\\/de\\\/register-donate-thank-you\\\/#breadcrumb\"},\"inLanguage\":\"de-DE\",\"potentialAction\":[{\"@type\":\"ReadAction\",\"target\":[\"https:\\\/\\\/veganuary.com\\\/de\\\/register-donate-thank-you\\\/\"]}]},{\"@type\":\"BreadcrumbList\",\"@id\":\"https:\\\/\\\/veganuary.com\\\/de\\\/register-donate-thank-you\\\/#breadcrumb\",\"itemListElement\":[{\"@type\":\"ListItem\",\"position\":1,\"name\":\"Home\",\"item\":\"https:\\\/\\\/veganuary.com\\\/de\\\/\"},{\"@type\":\"ListItem\",\"position\":2,\"name\":\"Donation Page &#8211; Pledge Sign Up (DE)\"}]},{\"@type\":\"WebSite\",\"@id\":\"https:\\\/\\\/veganuary.com\\\/de\\\/#website\",\"url\":\"https:\\\/\\\/veganuary.com\\\/de\\\/\",\"name\":\"Veganuary\",\"description\":\"The website for Veganuary\",\"publisher\":{\"@id\":\"https:\\\/\\\/veganuary.com\\\/de\\\/#organization\"},\"potentialAction\":[{\"@type\":\"SearchAction\",\"target\":{\"@type\":\"EntryPoint\",\"urlTemplate\":\"https:\\\/\\\/veganuary.com\\\/de\\\/?s={search_term_string}\"},\"query-input\":{\"@type\":\"PropertyValueSpecification\",\"valueRequired\":true,\"valueName\":\"search_term_string\"}}],\"inLanguage\":\"de-DE\"},{\"@type\":\"Organization\",\"@id\":\"https:\\\/\\\/veganuary.com\\\/de\\\/#organization\",\"name\":\"Veganuary\",\"url\":\"https:\\\/\\\/veganuary.com\\\/de\\\/\",\"logo\":{\"@type\":\"ImageObject\",\"inLanguage\":\"de-DE\",\"@id\":\"https:\\\/\\\/veganuary.com\\\/de\\\/#\\\/schema\\\/logo\\\/image\\\/\",\"url\":\"https:\\\/\\\/veganuary.com\\\/wp-content\\\/uploads\\\/2020\\\/11\\\/135-veganuary-animals-icon-transparent-rgb.png\",\"contentUrl\":\"https:\\\/\\\/veganuary.com\\\/wp-content\\\/uploads\\\/2020\\\/11\\\/135-veganuary-animals-icon-transparent-rgb.png\",\"width\":135,\"height\":135,\"caption\":\"Veganuary\"},\"image\":{\"@id\":\"https:\\\/\\\/veganuary.com\\\/de\\\/#\\\/schema\\\/logo\\\/image\\\/\"},\"sameAs\":[\"https:\\\/\\\/www.facebook.com\\\/Veganuary\\\/\",\"https:\\\/\\\/x.com\\\/veganuary\",\"https:\\\/\\\/www.instagram.com\\\/weareveganuary\\\/\",\"https:\\\/\\\/www.linkedin.com\\\/company\\\/veganuary-limited\",\"https:\\\/\\\/www.pinterest.co.uk\\\/Veganuary\\\/\",\"https:\\\/\\\/www.youtube.com\\\/channel\\\/UCGDLtGanlPZLidEGP2N39CA\",\"https:\\\/\\\/en.wikipedia.org\\\/wiki\\\/Veganuary\"]}]}<\/script>\n<!-- \/ Yoast SEO plugin. -->","yoast_head_json":{"title":"Danke f\u00fcr deine Anmeldung","robots":{"index":"index","follow":"follow","max-snippet":"max-snippet:-1","max-image-preview":"max-image-preview:large","max-video-preview":"max-video-preview:-1"},"canonical":"https:\/\/veganuary.com\/de\/register-donate-thank-you\/","og_locale":"de_DE","og_type":"article","og_title":"Danke f\u00fcr deine Anmeldung","og_description":"Was konnten wir seit 2014 mit Spenden erreichen? Darum spende ich an Veganuary Nimm Kontakt auf&nbsp; Hast du Fragen oder&hellip;","og_url":"https:\/\/veganuary.com\/de\/register-donate-thank-you\/","og_site_name":"Veganuary","article_publisher":"https:\/\/www.facebook.com\/Veganuary\/","article_modified_time":"2025-10-30T10:12:11+00:00","twitter_card":"summary_large_image","twitter_site":"@veganuary","twitter_misc":{"Gesch\u00e4tzte Lesezeit":"1 Minute"},"schema":{"@context":"https:\/\/schema.org","@graph":[{"@type":"WebPage","@id":"https:\/\/veganuary.com\/de\/register-donate-thank-you\/","url":"https:\/\/veganuary.com\/de\/register-donate-thank-you\/","name":"Danke f\u00fcr deine Anmeldung","isPartOf":{"@id":"https:\/\/veganuary.com\/de\/#website"},"datePublished":"2023-06-15T10:06:33+00:00","dateModified":"2025-10-30T10:12:11+00:00","breadcrumb":{"@id":"https:\/\/veganuary.com\/de\/register-donate-thank-you\/#breadcrumb"},"inLanguage":"de-DE","potentialAction":[{"@type":"ReadAction","target":["https:\/\/veganuary.com\/de\/register-donate-thank-you\/"]}]},{"@type":"BreadcrumbList","@id":"https:\/\/veganuary.com\/de\/register-donate-thank-you\/#breadcrumb","itemListElement":[{"@type":"ListItem","position":1,"name":"Home","item":"https:\/\/veganuary.com\/de\/"},{"@type":"ListItem","position":2,"name":"Donation Page &#8211; Pledge Sign Up (DE)"}]},{"@type":"WebSite","@id":"https:\/\/veganuary.com\/de\/#website","url":"https:\/\/veganuary.com\/de\/","name":"Veganuary","description":"The website for Veganuary","publisher":{"@id":"https:\/\/veganuary.com\/de\/#organization"},"potentialAction":[{"@type":"SearchAction","target":{"@type":"EntryPoint","urlTemplate":"https:\/\/veganuary.com\/de\/?s={search_term_string}"},"query-input":{"@type":"PropertyValueSpecification","valueRequired":true,"valueName":"search_term_string"}}],"inLanguage":"de-DE"},{"@type":"Organization","@id":"https:\/\/veganuary.com\/de\/#organization","name":"Veganuary","url":"https:\/\/veganuary.com\/de\/","logo":{"@type":"ImageObject","inLanguage":"de-DE","@id":"https:\/\/veganuary.com\/de\/#\/schema\/logo\/image\/","url":"https:\/\/veganuary.com\/wp-content\/uploads\/2020\/11\/135-veganuary-animals-icon-transparent-rgb.png","contentUrl":"https:\/\/veganuary.com\/wp-content\/uploads\/2020\/11\/135-veganuary-animals-icon-transparent-rgb.png","width":135,"height":135,"caption":"Veganuary"},"image":{"@id":"https:\/\/veganuary.com\/de\/#\/schema\/logo\/image\/"},"sameAs":["https:\/\/www.facebook.com\/Veganuary\/","https:\/\/x.com\/veganuary","https:\/\/www.instagram.com\/weareveganuary\/","https:\/\/www.linkedin.com\/company\/veganuary-limited","https:\/\/www.pinterest.co.uk\/Veganuary\/","https:\/\/www.youtube.com\/channel\/UCGDLtGanlPZLidEGP2N39CA","https:\/\/en.wikipedia.org\/wiki\/Veganuary"]}]}},"_links":{"self":[{"href":"https:\/\/veganuary.com\/de\/wp-json\/wp\/v2\/pages\/181623","targetHints":{"allow":["GET"]}}],"collection":[{"href":"https:\/\/veganuary.com\/de\/wp-json\/wp\/v2\/pages"}],"about":[{"href":"https:\/\/veganuary.com\/de\/wp-json\/wp\/v2\/types\/page"}],"author":[{"embeddable":true,"href":"https:\/\/veganuary.com\/de\/wp-json\/wp\/v2\/users\/140"}],"replies":[{"embeddable":true,"href":"https:\/\/veganuary.com\/de\/wp-json\/wp\/v2\/comments?post=181623"}],"version-history":[{"count":0,"href":"https:\/\/veganuary.com\/de\/wp-json\/wp\/v2\/pages\/181623\/revisions"}],"wp:attachment":[{"href":"https:\/\/veganuary.com\/de\/wp-json\/wp\/v2\/media?parent=181623"}],"curies":[{"name":"wp","href":"https:\/\/api.w.org\/{rel}","templated":true}]}}