{"id":183296,"date":"2023-08-11T10:08:19","date_gmt":"2023-08-11T09:08:19","guid":{"rendered":"https:\/\/veganuary.com\/?page_id=183296"},"modified":"2025-12-01T09:27:05","modified_gmt":"2025-12-01T09:27:05","slug":"plantmilk","status":"publish","type":"page","link":"https:\/\/veganuary.com\/de\/plantmilk\/","title":{"rendered":"PLANT MILK WEEK"},"content":{"rendered":"\n<div class=\"hero\">\n\t<div class=\"hero__overlay\">\n\t\t<div class=\"hero__content\">\n\t\t\t<div class=\"container\">\n\t\t\t\t<div class=\"row\">\n\t\t\t\t\t<div class=\"col-md-10 offset-md-1 col-lg-8 offset-lg-2 col-xl-6 offset-xl-3\">\n\n\t\t\t\t\t\t<h1 class=\"hero__title\">Plant Milk Week<\/h1>\n\n\t\t\t\t\t\t\t\t\t\t\t\t\t<div class=\"hero__icon\">\n\t\t\t\t\t\t\t\t<img decoding=\"async\" class=\"hero__icon__img\" src=\"https:\/\/veganuary.com\/wp-content\/themes\/veganuary\/assets\/img\/veganuary-icon-orange.svg\" alt=\"\">\n\t\t\t\t\t\t\t<\/div>\n\n\t\t\t\t\t\t\t<p class=\"hero__subtitle\">Pflanzenmilch sch\u00fctzt Tiere und Umwelt<\/p>\n\t\t\t\t\t\t\n\t\t\t\t\t<\/div>\n\t\t\t\t<\/div>\n\t\t\t<\/div>\n\t\t<\/div>\n\t<\/div>\n\n\t<div class=\"hero__figure\">\n\t\t<picture class=\"hero__picture\">\n\t\t\t\t<source media=\"(min-width: 992px)\" srcset=\"https:\/\/veganuary.com\/wp-content\/uploads\/2019\/09\/cows.jpg, https:\/\/veganuary.com\/wp-content\/uploads\/2019\/09\/cows.jpg 2x\">\n\t\t\t\t<source media=\"(min-width: 768px)\" srcset=\"https:\/\/veganuary.com\/wp-content\/uploads\/2019\/09\/cows-800x533.jpg, https:\/\/veganuary.com\/wp-content\/uploads\/2019\/09\/cows.jpg 2x\">\n\t\t\t\t<source media=\"(min-width: 576px)\" srcset=\"https:\/\/veganuary.com\/wp-content\/uploads\/2019\/09\/cows-800x533.jpg, https:\/\/veganuary.com\/wp-content\/uploads\/2019\/09\/cows.jpg 2x\">\n\t\t\t\t<source media=\"(max-width: 575px)\" srcset=\"https:\/\/veganuary.com\/wp-content\/uploads\/2019\/09\/cows-400x267.jpg, https:\/\/veganuary.com\/wp-content\/uploads\/2019\/09\/cows-800x533.jpg 2x\">\n\t\t\t\t<img decoding=\"async\" class=\"hero__img\" src=\"https:\/\/veganuary.com\/wp-content\/uploads\/2019\/09\/cows-400x267.jpg\" alt=\"Vacas\"><\/picture>\t<\/div>\n\n<\/div>\n\n\n\n<div class=\"wp-block-group\"><div class=\"wp-block-group__inner-container is-layout-flow wp-block-group-is-layout-flow\">\n<p><strong>In der #PlantMilkWeek zeigen wir dir, wie einfach es ist, Kuhmilch-Produkte durch pflanzliche Alternativen zu ersetzen! So sch\u00fctzt du nicht nur K\u00fche und K\u00e4lbchen, sondern tust auch dem Klima und dem gesamten Planeten richtig viel Gutes. <\/strong><\/p>\n\n\n\n<p><strong>Schau f\u00fcr noch mehr Infos, Produkt-News und Rezept-Ideen auch auf <a href=\"https:\/\/www.instagram.com\/veganuarydeutschland\/\" target=\"_blank\" rel=\"noreferrer noopener\">Instagram<\/a> vorbei! <\/strong><\/p>\n\n\n\n<div class=\"wp-block-custom wp-block-pods\">\n\n\t\n\t\t\t<div class=\"pod pod--pink\">\n\t\t\t\t<a class=\"pod__link\" href=\"https:\/\/veganuary.com\/wp-content\/uploads\/2024\/08\/Plant-Milk-Week-24_DE_Mini-Cookbook.pdf\" target=\"_blank\">\n\t\t\t\t\t<div class=\"pod__row pod__row--default\">\n\t\t\t\t\t\t<div class=\"pod__figure\">\n\t\t\t\t\t\t\t<picture class=\"pod__picture\">\n\t\t\t\t<source media=\"(min-width: 992px)\" srcset=\"https:\/\/veganuary.com\/wp-content\/uploads\/2024\/08\/WP-Header_1800x1200px_PlantMilkWeek-24-Mini-Cookbook-Cover-800x533.png, https:\/\/veganuary.com\/wp-content\/uploads\/2024\/08\/WP-Header_1800x1200px_PlantMilkWeek-24-Mini-Cookbook-Cover-1200x800.png 2x\">\n\t\t\t\t<source media=\"(min-width: 768px)\" srcset=\"https:\/\/veganuary.com\/wp-content\/uploads\/2024\/08\/WP-Header_1800x1200px_PlantMilkWeek-24-Mini-Cookbook-Cover-800x533.png, https:\/\/veganuary.com\/wp-content\/uploads\/2024\/08\/WP-Header_1800x1200px_PlantMilkWeek-24-Mini-Cookbook-Cover.png 2x\">\n\t\t\t\t<source media=\"(min-width: 576px)\" srcset=\"https:\/\/veganuary.com\/wp-content\/uploads\/2024\/08\/WP-Header_1800x1200px_PlantMilkWeek-24-Mini-Cookbook-Cover-800x533.png, https:\/\/veganuary.com\/wp-content\/uploads\/2024\/08\/WP-Header_1800x1200px_PlantMilkWeek-24-Mini-Cookbook-Cover-1200x800.png 2x\">\n\t\t\t\t<source media=\"(max-width: 575px)\" srcset=\"https:\/\/veganuary.com\/wp-content\/uploads\/2024\/08\/WP-Header_1800x1200px_PlantMilkWeek-24-Mini-Cookbook-Cover-400x267.png, https:\/\/veganuary.com\/wp-content\/uploads\/2024\/08\/WP-Header_1800x1200px_PlantMilkWeek-24-Mini-Cookbook-Cover-800x533.png 2x\">\n\t\t\t\t<img decoding=\"async\" class=\"pod__img\" src=\"https:\/\/veganuary.com\/wp-content\/uploads\/2024\/08\/WP-Header_1800x1200px_PlantMilkWeek-24-Mini-Cookbook-Cover-400x267.png\" alt=\"\"><\/picture>\t\t\t\t\t\t<\/div>\n\t\t\t\t\t\t<div class=\"pod__content\">\n\t\t\t\t\t\t\t<h2 class=\"pod__title\">Das #PlantMilkWeek Mini Kochbuch<\/h2>\n\t\t\t\t\t\t\t<div class=\"pod__excerpt\">\n\t\t\t\t\t\t\t\t<p>Unser Mini Kochbuch zeigt dir, wie vielf\u00e4ltig das Angebot pflanzlicher Alternativen ist \u2013 und was sich alles Leckeres aus ihnen zaubern l\u00e4sst.<\/p>\n\t\t\t\t\t\t\t<\/div>\n\t\t\t\t\t\t\t<div class=\"pod__cta\">Zum Download<\/div>\n\t\t\t\t\t\t<\/div>\n\t\t\t\t\t<\/div>\n\t\t\t\t<\/a>\n\t\t\t<\/div>\n\n\t\t\t\n\t\t\t<div class=\"pod pod--pink\">\n\t\t\t\t<a class=\"pod__link\" href=\"https:\/\/veganuary.com\/de\/wege-zum-lebenshof\/\" target=\"_blank\">\n\t\t\t\t\t<div class=\"pod__row pod__row--reverse\">\n\t\t\t\t\t\t<div class=\"pod__figure\">\n\t\t\t\t\t\t\t<picture class=\"pod__picture\">\n\t\t\t\t<source media=\"(min-width: 992px)\" srcset=\"https:\/\/veganuary.com\/wp-content\/uploads\/2023\/08\/Joar-Berge_Rosi_\u00a9-Tobias-Arnold-800x600.jpg, https:\/\/veganuary.com\/wp-content\/uploads\/2023\/08\/Joar-Berge_Rosi_\u00a9-Tobias-Arnold.jpg 2x\">\n\t\t\t\t<source media=\"(min-width: 768px)\" srcset=\"https:\/\/veganuary.com\/wp-content\/uploads\/2023\/08\/Joar-Berge_Rosi_\u00a9-Tobias-Arnold-800x600.jpg, https:\/\/veganuary.com\/wp-content\/uploads\/2023\/08\/Joar-Berge_Rosi_\u00a9-Tobias-Arnold.jpg 2x\">\n\t\t\t\t<source media=\"(min-width: 576px)\" srcset=\"https:\/\/veganuary.com\/wp-content\/uploads\/2023\/08\/Joar-Berge_Rosi_\u00a9-Tobias-Arnold-800x600.jpg, https:\/\/veganuary.com\/wp-content\/uploads\/2023\/08\/Joar-Berge_Rosi_\u00a9-Tobias-Arnold.jpg 2x\">\n\t\t\t\t<source media=\"(max-width: 575px)\" srcset=\"https:\/\/veganuary.com\/wp-content\/uploads\/2023\/08\/Joar-Berge_Rosi_\u00a9-Tobias-Arnold-400x300.jpg, https:\/\/veganuary.com\/wp-content\/uploads\/2023\/08\/Joar-Berge_Rosi_\u00a9-Tobias-Arnold-800x600.jpg 2x\">\n\t\t\t\t<img decoding=\"async\" class=\"pod__img\" src=\"https:\/\/veganuary.com\/wp-content\/uploads\/2023\/08\/Joar-Berge_Rosi_\u00a9-Tobias-Arnold-400x300.jpg\" alt=\"\"><\/picture>\t\t\t\t\t\t<\/div>\n\t\t\t\t\t\t<div class=\"pod__content\">\n\t\t\t\t\t\t\t<h2 class=\"pod__title\">Ganze Welten retten: Vom Milchbetrieb zum Lebenshof<\/h2>\n\t\t\t\t\t\t\t<div class=\"pod__excerpt\">\n\t\t\t\t\t\t\t\t<p>Wir haben mit zwei Menschen gesprochen, die uns sehr inspirieren: Sie zeigen, dass es nie zu sp\u00e4t ist, Denkweisen zu \u00e4ndern. Und sie erz\u00e4hlen davon, wie bedeutsam unsere Entscheidungen f\u00fcr das Leben der Tiere sind<\/p>\n\t\t\t\t\t\t\t<\/div>\n\t\t\t\t\t\t\t<div class=\"pod__cta\">Zum Interview<\/div>\n\t\t\t\t\t\t<\/div>\n\t\t\t\t\t<\/div>\n\t\t\t\t<\/a>\n\t\t\t<\/div>\n\n\t\t\t\n\t\t\t<div class=\"pod pod--pink\">\n\t\t\t\t<a class=\"pod__link\" href=\"https:\/\/veganuary.com\/de\/milchprodukte-kuehe-kaelber-schuetzen\/\" target=\"_blank\">\n\t\t\t\t\t<div class=\"pod__row pod__row--default\">\n\t\t\t\t\t\t<div class=\"pod__figure\">\n\t\t\t\t\t\t\t<picture class=\"pod__picture\">\n\t\t\t\t<source media=\"(min-width: 992px)\" srcset=\"https:\/\/veganuary.com\/wp-content\/uploads\/2023\/08\/Cow-transport-800x533.jpeg, https:\/\/veganuary.com\/wp-content\/uploads\/2023\/08\/Cow-transport-1200x800.jpeg 2x\">\n\t\t\t\t<source media=\"(min-width: 768px)\" srcset=\"https:\/\/veganuary.com\/wp-content\/uploads\/2023\/08\/Cow-transport-800x533.jpeg, https:\/\/veganuary.com\/wp-content\/uploads\/2023\/08\/Cow-transport-1800x1200.jpeg 2x\">\n\t\t\t\t<source media=\"(min-width: 576px)\" srcset=\"https:\/\/veganuary.com\/wp-content\/uploads\/2023\/08\/Cow-transport-800x533.jpeg, https:\/\/veganuary.com\/wp-content\/uploads\/2023\/08\/Cow-transport-1200x800.jpeg 2x\">\n\t\t\t\t<source media=\"(max-width: 575px)\" srcset=\"https:\/\/veganuary.com\/wp-content\/uploads\/2023\/08\/Cow-transport-400x267.jpeg, https:\/\/veganuary.com\/wp-content\/uploads\/2023\/08\/Cow-transport-800x533.jpeg 2x\">\n\t\t\t\t<img decoding=\"async\" class=\"pod__img\" src=\"https:\/\/veganuary.com\/wp-content\/uploads\/2023\/08\/Cow-transport-400x267.jpeg\" alt=\"\"><\/picture>\t\t\t\t\t\t<\/div>\n\t\t\t\t\t\t<div class=\"pod__content\">\n\t\t\t\t\t\t\t<h2 class=\"pod__title\">Tsch\u00fcss, Milchprodukte: So sch\u00fctzt du K\u00fche und K\u00e4lber<\/h2>\n\t\t\t\t\t\t\t<div class=\"pod__excerpt\">\n\t\t\t\t\t\t\t\t<p>Wir zeigen dir, wie faszinierend und liebenswert K\u00fche sind \u2013 und was sie in der Milchindustrie erleiden m\u00fcssen.<\/p>\n\t\t\t\t\t\t\t<\/div>\n\t\t\t\t\t\t\t<div class=\"pod__cta\">Mehr erfahren<\/div>\n\t\t\t\t\t\t<\/div>\n\t\t\t\t\t<\/div>\n\t\t\t\t<\/a>\n\t\t\t<\/div>\n\n\t\t\t\n\t\t\t<div class=\"pod pod--pink\">\n\t\t\t\t<a class=\"pod__link\" href=\"https:\/\/veganuary.com\/de\/heisshunger-auf-kaese\/\" target=\"_blank\">\n\t\t\t\t\t<div class=\"pod__row pod__row--reverse\">\n\t\t\t\t\t\t<div class=\"pod__figure\">\n\t\t\t\t\t\t\t<picture class=\"pod__picture\">\n\t\t\t\t<source media=\"(min-width: 992px)\" srcset=\"https:\/\/veganuary.com\/wp-content\/uploads\/2021\/12\/eating-cheese-800x533.jpg, https:\/\/veganuary.com\/wp-content\/uploads\/2021\/12\/eating-cheese.jpg 2x\">\n\t\t\t\t<source media=\"(min-width: 768px)\" srcset=\"https:\/\/veganuary.com\/wp-content\/uploads\/2021\/12\/eating-cheese-800x533.jpg, https:\/\/veganuary.com\/wp-content\/uploads\/2021\/12\/eating-cheese.jpg 2x\">\n\t\t\t\t<source media=\"(min-width: 576px)\" srcset=\"https:\/\/veganuary.com\/wp-content\/uploads\/2021\/12\/eating-cheese-800x533.jpg, https:\/\/veganuary.com\/wp-content\/uploads\/2021\/12\/eating-cheese.jpg 2x\">\n\t\t\t\t<source media=\"(max-width: 575px)\" srcset=\"https:\/\/veganuary.com\/wp-content\/uploads\/2021\/12\/eating-cheese-400x267.jpg, https:\/\/veganuary.com\/wp-content\/uploads\/2021\/12\/eating-cheese-800x533.jpg 2x\">\n\t\t\t\t<img decoding=\"async\" class=\"pod__img\" src=\"https:\/\/veganuary.com\/wp-content\/uploads\/2021\/12\/eating-cheese-400x267.jpg\" alt=\"Woman Eating Cheese In Front Of Refrigerator\"><\/picture>\t\t\t\t\t\t<\/div>\n\t\t\t\t\t\t<div class=\"pod__content\">\n\t\t\t\t\t\t\t<h2 class=\"pod__title\">Hei\u00dfhunger auf K\u00e4se? Du bist st\u00e4rker!<\/h2>\n\t\t\t\t\t\t\t<div class=\"pod__excerpt\">\n\t\t\t\t\t\t\t\t<p>Du m\u00f6chtest dich vegan ern\u00e4hren, bist aber verr\u00fcckt nach K\u00e4se? Wir haben Tipps und Tricks, wie du mit veganen Alternativen gl\u00fccklich wirst \u2013 und damit auch Tiere gl\u00fccklich machst! <\/p>\n\t\t\t\t\t\t\t<\/div>\n\t\t\t\t\t\t\t<div class=\"pod__cta\">Mehr erfahren<\/div>\n\t\t\t\t\t\t<\/div>\n\t\t\t\t\t<\/div>\n\t\t\t\t<\/a>\n\t\t\t<\/div>\n\n\t\t\t\n\t\t\t<div class=\"pod pod--pink\">\n\t\t\t\t<a class=\"pod__link\" href=\"https:\/\/veganuary.com\/de\/der-fussabdruck-von-milch\/\" target=\"_self\">\n\t\t\t\t\t<div class=\"pod__row pod__row--default\">\n\t\t\t\t\t\t<div class=\"pod__figure\">\n\t\t\t\t\t\t\t<picture class=\"pod__picture\">\n\t\t\t\t<source media=\"(min-width: 992px)\" srcset=\"https:\/\/veganuary.com\/wp-content\/uploads\/2021\/08\/dairy-farming-800x508.jpg, https:\/\/veganuary.com\/wp-content\/uploads\/2021\/08\/dairy-farming.jpg 2x\">\n\t\t\t\t<source media=\"(min-width: 768px)\" srcset=\"https:\/\/veganuary.com\/wp-content\/uploads\/2021\/08\/dairy-farming-800x508.jpg, https:\/\/veganuary.com\/wp-content\/uploads\/2021\/08\/dairy-farming.jpg 2x\">\n\t\t\t\t<source media=\"(min-width: 576px)\" srcset=\"https:\/\/veganuary.com\/wp-content\/uploads\/2021\/08\/dairy-farming-800x508.jpg, https:\/\/veganuary.com\/wp-content\/uploads\/2021\/08\/dairy-farming.jpg 2x\">\n\t\t\t\t<source media=\"(max-width: 575px)\" srcset=\"https:\/\/veganuary.com\/wp-content\/uploads\/2021\/08\/dairy-farming-400x254.jpg, https:\/\/veganuary.com\/wp-content\/uploads\/2021\/08\/dairy-farming-800x508.jpg 2x\">\n\t\t\t\t<img decoding=\"async\" class=\"pod__img\" src=\"https:\/\/veganuary.com\/wp-content\/uploads\/2021\/08\/dairy-farming-400x254.jpg\" alt=\"\"><\/picture>\t\t\t\t\t\t<\/div>\n\t\t\t\t\t\t<div class=\"pod__content\">\n\t\t\t\t\t\t\t<h2 class=\"pod__title\">DER GROSSE FUSSABDRUCK DER MILCHINDUSTRIE<\/h2>\n\t\t\t\t\t\t\t<div class=\"pod__excerpt\">\n\t\t\t\t\t\t\t\t<p>F\u00fcr eine Studie der Universit\u00e4t Oxford haben die Forscher Joseph Poore und Thomas Nemecek eingehend untersucht, welche Auswirkungen unsere Ern\u00e4hrungsgewohnheiten auf den Planeten haben.<\/p>\n\t\t\t\t\t\t\t<\/div>\n\t\t\t\t\t\t\t<div class=\"pod__cta\">Mehr erfahren<\/div>\n\t\t\t\t\t\t<\/div>\n\t\t\t\t\t<\/div>\n\t\t\t\t<\/a>\n\t\t\t<\/div>\n\n\t\t\t\n<\/div>\n\n\n\n<p><\/p>\n<\/div><\/div>\n","protected":false},"excerpt":{"rendered":"<p>In der #PlantMilkWeek zeigen wir dir, wie einfach es ist, Kuhmilch-Produkte durch pflanzliche Alternativen zu ersetzen! So sch\u00fctzt du nicht&hellip;<\/p>\n","protected":false},"author":95,"featured_media":76952,"parent":0,"menu_order":0,"comment_status":"closed","ping_status":"closed","template":"page-templates\/landing-page.php","meta":{"_acf_changed":false,"_coblocks_attr":"","_coblocks_dimensions":"","_coblocks_responsive_height":"","_coblocks_accordion_ie_support":"","footnotes":""},"class_list":["post-183296","page","type-page","status-publish","has-post-thumbnail","hentry"],"acf":[],"yoast_head":"<!-- This site is optimized with the Yoast SEO plugin v27.4 - https:\/\/yoast.com\/product\/yoast-seo-wordpress\/ -->\n<title>Veganuary Plant Milk Week<\/title>\n<meta name=\"description\" content=\"Wir zeigen dir, wie einfach es ist, Kuhmilch-Produkte durch pflanzliche Alternativen zu ersetzen: So sch\u00fctzt du K\u00fche, K\u00e4lbchen und das Klima.\" \/>\n<meta name=\"robots\" content=\"index, follow, max-snippet:-1, max-image-preview:large, max-video-preview:-1\" \/>\n<link rel=\"canonical\" href=\"https:\/\/veganuary.com\/de\/plantmilk\/\" \/>\n<meta property=\"og:locale\" content=\"de_DE\" \/>\n<meta property=\"og:type\" content=\"article\" \/>\n<meta property=\"og:title\" content=\"Veganuary Plant Milk Week\" \/>\n<meta property=\"og:description\" content=\"Wir zeigen dir, wie einfach es ist, Kuhmilch-Produkte durch pflanzliche Alternativen zu ersetzen: So sch\u00fctzt du K\u00fche, K\u00e4lbchen und das Klima.\" \/>\n<meta property=\"og:url\" content=\"https:\/\/veganuary.com\/de\/plantmilk\/\" \/>\n<meta property=\"og:site_name\" content=\"Veganuary\" \/>\n<meta property=\"article:publisher\" content=\"https:\/\/www.facebook.com\/Veganuary\/\" \/>\n<meta property=\"article:modified_time\" content=\"2025-12-01T09:27:05+00:00\" \/>\n<meta property=\"og:image\" content=\"https:\/\/veganuary.com\/wp-content\/uploads\/2019\/09\/cows.jpg\" \/>\n\t<meta property=\"og:image:width\" content=\"1200\" \/>\n\t<meta property=\"og:image:height\" content=\"800\" \/>\n\t<meta property=\"og:image:type\" content=\"image\/jpeg\" \/>\n<meta name=\"twitter:card\" content=\"summary_large_image\" \/>\n<meta name=\"twitter:title\" content=\"Veganuary Plant Milk Week\" \/>\n<meta name=\"twitter:description\" content=\"Wir zeigen dir, wie einfach es ist, Kuhmilch-Produkte durch pflanzliche Alternativen zu ersetzen: So sch\u00fctzt du K\u00fche, K\u00e4lbchen und das Klima.\" \/>\n<meta name=\"twitter:image\" content=\"https:\/\/veganuary.com\/wp-content\/uploads\/2019\/09\/cows.jpg\" \/>\n<meta name=\"twitter:site\" content=\"@veganuary\" \/>\n<meta name=\"twitter:label1\" content=\"Gesch\u00e4tzte Lesezeit\" \/>\n\t<meta name=\"twitter:data1\" content=\"1 Minute\" \/>\n<script type=\"application\/ld+json\" class=\"yoast-schema-graph\">{\"@context\":\"https:\\\/\\\/schema.org\",\"@graph\":[{\"@type\":\"WebPage\",\"@id\":\"https:\\\/\\\/veganuary.com\\\/de\\\/plantmilk\\\/\",\"url\":\"https:\\\/\\\/veganuary.com\\\/de\\\/plantmilk\\\/\",\"name\":\"Veganuary Plant Milk Week\",\"isPartOf\":{\"@id\":\"https:\\\/\\\/veganuary.com\\\/de\\\/#website\"},\"primaryImageOfPage\":{\"@id\":\"https:\\\/\\\/veganuary.com\\\/de\\\/plantmilk\\\/#primaryimage\"},\"image\":{\"@id\":\"https:\\\/\\\/veganuary.com\\\/de\\\/plantmilk\\\/#primaryimage\"},\"thumbnailUrl\":\"https:\\\/\\\/veganuary.com\\\/wp-content\\\/uploads\\\/2019\\\/09\\\/cows.jpg\",\"datePublished\":\"2023-08-11T09:08:19+00:00\",\"dateModified\":\"2025-12-01T09:27:05+00:00\",\"description\":\"Wir zeigen dir, wie einfach es ist, Kuhmilch-Produkte durch pflanzliche Alternativen zu ersetzen: So sch\u00fctzt du K\u00fche, K\u00e4lbchen und das Klima.\",\"breadcrumb\":{\"@id\":\"https:\\\/\\\/veganuary.com\\\/de\\\/plantmilk\\\/#breadcrumb\"},\"inLanguage\":\"de-DE\",\"potentialAction\":[{\"@type\":\"ReadAction\",\"target\":[\"https:\\\/\\\/veganuary.com\\\/de\\\/plantmilk\\\/\"]}]},{\"@type\":\"ImageObject\",\"inLanguage\":\"de-DE\",\"@id\":\"https:\\\/\\\/veganuary.com\\\/de\\\/plantmilk\\\/#primaryimage\",\"url\":\"https:\\\/\\\/veganuary.com\\\/wp-content\\\/uploads\\\/2019\\\/09\\\/cows.jpg\",\"contentUrl\":\"https:\\\/\\\/veganuary.com\\\/wp-content\\\/uploads\\\/2019\\\/09\\\/cows.jpg\",\"width\":1200,\"height\":800,\"caption\":\"AdobeStock\"},{\"@type\":\"BreadcrumbList\",\"@id\":\"https:\\\/\\\/veganuary.com\\\/de\\\/plantmilk\\\/#breadcrumb\",\"itemListElement\":[{\"@type\":\"ListItem\",\"position\":1,\"name\":\"Home\",\"item\":\"https:\\\/\\\/veganuary.com\\\/de\\\/\"},{\"@type\":\"ListItem\",\"position\":2,\"name\":\"PLANT MILK WEEK\"}]},{\"@type\":\"WebSite\",\"@id\":\"https:\\\/\\\/veganuary.com\\\/de\\\/#website\",\"url\":\"https:\\\/\\\/veganuary.com\\\/de\\\/\",\"name\":\"Veganuary\",\"description\":\"The website for Veganuary\",\"publisher\":{\"@id\":\"https:\\\/\\\/veganuary.com\\\/de\\\/#organization\"},\"potentialAction\":[{\"@type\":\"SearchAction\",\"target\":{\"@type\":\"EntryPoint\",\"urlTemplate\":\"https:\\\/\\\/veganuary.com\\\/de\\\/?s={search_term_string}\"},\"query-input\":{\"@type\":\"PropertyValueSpecification\",\"valueRequired\":true,\"valueName\":\"search_term_string\"}}],\"inLanguage\":\"de-DE\"},{\"@type\":\"Organization\",\"@id\":\"https:\\\/\\\/veganuary.com\\\/de\\\/#organization\",\"name\":\"Veganuary\",\"url\":\"https:\\\/\\\/veganuary.com\\\/de\\\/\",\"logo\":{\"@type\":\"ImageObject\",\"inLanguage\":\"de-DE\",\"@id\":\"https:\\\/\\\/veganuary.com\\\/de\\\/#\\\/schema\\\/logo\\\/image\\\/\",\"url\":\"https:\\\/\\\/veganuary.com\\\/wp-content\\\/uploads\\\/2020\\\/11\\\/135-veganuary-animals-icon-transparent-rgb.png\",\"contentUrl\":\"https:\\\/\\\/veganuary.com\\\/wp-content\\\/uploads\\\/2020\\\/11\\\/135-veganuary-animals-icon-transparent-rgb.png\",\"width\":135,\"height\":135,\"caption\":\"Veganuary\"},\"image\":{\"@id\":\"https:\\\/\\\/veganuary.com\\\/de\\\/#\\\/schema\\\/logo\\\/image\\\/\"},\"sameAs\":[\"https:\\\/\\\/www.facebook.com\\\/Veganuary\\\/\",\"https:\\\/\\\/x.com\\\/veganuary\",\"https:\\\/\\\/www.instagram.com\\\/weareveganuary\\\/\",\"https:\\\/\\\/www.linkedin.com\\\/company\\\/veganuary-limited\",\"https:\\\/\\\/www.pinterest.co.uk\\\/Veganuary\\\/\",\"https:\\\/\\\/www.youtube.com\\\/channel\\\/UCGDLtGanlPZLidEGP2N39CA\",\"https:\\\/\\\/en.wikipedia.org\\\/wiki\\\/Veganuary\"]}]}<\/script>\n<!-- \/ Yoast SEO plugin. -->","yoast_head_json":{"title":"Veganuary Plant Milk Week","description":"Wir zeigen dir, wie einfach es ist, Kuhmilch-Produkte durch pflanzliche Alternativen zu ersetzen: So sch\u00fctzt du K\u00fche, K\u00e4lbchen und das Klima.","robots":{"index":"index","follow":"follow","max-snippet":"max-snippet:-1","max-image-preview":"max-image-preview:large","max-video-preview":"max-video-preview:-1"},"canonical":"https:\/\/veganuary.com\/de\/plantmilk\/","og_locale":"de_DE","og_type":"article","og_title":"Veganuary Plant Milk Week","og_description":"Wir zeigen dir, wie einfach es ist, Kuhmilch-Produkte durch pflanzliche Alternativen zu ersetzen: So sch\u00fctzt du K\u00fche, K\u00e4lbchen und das Klima.","og_url":"https:\/\/veganuary.com\/de\/plantmilk\/","og_site_name":"Veganuary","article_publisher":"https:\/\/www.facebook.com\/Veganuary\/","article_modified_time":"2025-12-01T09:27:05+00:00","og_image":[{"width":1200,"height":800,"url":"https:\/\/veganuary.com\/wp-content\/uploads\/2019\/09\/cows.jpg","type":"image\/jpeg"}],"twitter_card":"summary_large_image","twitter_title":"Veganuary Plant Milk Week","twitter_description":"Wir zeigen dir, wie einfach es ist, Kuhmilch-Produkte durch pflanzliche Alternativen zu ersetzen: So sch\u00fctzt du K\u00fche, K\u00e4lbchen und das Klima.","twitter_image":"https:\/\/veganuary.com\/wp-content\/uploads\/2019\/09\/cows.jpg","twitter_site":"@veganuary","twitter_misc":{"Gesch\u00e4tzte Lesezeit":"1 Minute"},"schema":{"@context":"https:\/\/schema.org","@graph":[{"@type":"WebPage","@id":"https:\/\/veganuary.com\/de\/plantmilk\/","url":"https:\/\/veganuary.com\/de\/plantmilk\/","name":"Veganuary Plant Milk Week","isPartOf":{"@id":"https:\/\/veganuary.com\/de\/#website"},"primaryImageOfPage":{"@id":"https:\/\/veganuary.com\/de\/plantmilk\/#primaryimage"},"image":{"@id":"https:\/\/veganuary.com\/de\/plantmilk\/#primaryimage"},"thumbnailUrl":"https:\/\/veganuary.com\/wp-content\/uploads\/2019\/09\/cows.jpg","datePublished":"2023-08-11T09:08:19+00:00","dateModified":"2025-12-01T09:27:05+00:00","description":"Wir zeigen dir, wie einfach es ist, Kuhmilch-Produkte durch pflanzliche Alternativen zu ersetzen: So sch\u00fctzt du K\u00fche, K\u00e4lbchen und das Klima.","breadcrumb":{"@id":"https:\/\/veganuary.com\/de\/plantmilk\/#breadcrumb"},"inLanguage":"de-DE","potentialAction":[{"@type":"ReadAction","target":["https:\/\/veganuary.com\/de\/plantmilk\/"]}]},{"@type":"ImageObject","inLanguage":"de-DE","@id":"https:\/\/veganuary.com\/de\/plantmilk\/#primaryimage","url":"https:\/\/veganuary.com\/wp-content\/uploads\/2019\/09\/cows.jpg","contentUrl":"https:\/\/veganuary.com\/wp-content\/uploads\/2019\/09\/cows.jpg","width":1200,"height":800,"caption":"AdobeStock"},{"@type":"BreadcrumbList","@id":"https:\/\/veganuary.com\/de\/plantmilk\/#breadcrumb","itemListElement":[{"@type":"ListItem","position":1,"name":"Home","item":"https:\/\/veganuary.com\/de\/"},{"@type":"ListItem","position":2,"name":"PLANT MILK WEEK"}]},{"@type":"WebSite","@id":"https:\/\/veganuary.com\/de\/#website","url":"https:\/\/veganuary.com\/de\/","name":"Veganuary","description":"The website for Veganuary","publisher":{"@id":"https:\/\/veganuary.com\/de\/#organization"},"potentialAction":[{"@type":"SearchAction","target":{"@type":"EntryPoint","urlTemplate":"https:\/\/veganuary.com\/de\/?s={search_term_string}"},"query-input":{"@type":"PropertyValueSpecification","valueRequired":true,"valueName":"search_term_string"}}],"inLanguage":"de-DE"},{"@type":"Organization","@id":"https:\/\/veganuary.com\/de\/#organization","name":"Veganuary","url":"https:\/\/veganuary.com\/de\/","logo":{"@type":"ImageObject","inLanguage":"de-DE","@id":"https:\/\/veganuary.com\/de\/#\/schema\/logo\/image\/","url":"https:\/\/veganuary.com\/wp-content\/uploads\/2020\/11\/135-veganuary-animals-icon-transparent-rgb.png","contentUrl":"https:\/\/veganuary.com\/wp-content\/uploads\/2020\/11\/135-veganuary-animals-icon-transparent-rgb.png","width":135,"height":135,"caption":"Veganuary"},"image":{"@id":"https:\/\/veganuary.com\/de\/#\/schema\/logo\/image\/"},"sameAs":["https:\/\/www.facebook.com\/Veganuary\/","https:\/\/x.com\/veganuary","https:\/\/www.instagram.com\/weareveganuary\/","https:\/\/www.linkedin.com\/company\/veganuary-limited","https:\/\/www.pinterest.co.uk\/Veganuary\/","https:\/\/www.youtube.com\/channel\/UCGDLtGanlPZLidEGP2N39CA","https:\/\/en.wikipedia.org\/wiki\/Veganuary"]}]}},"_links":{"self":[{"href":"https:\/\/veganuary.com\/de\/wp-json\/wp\/v2\/pages\/183296","targetHints":{"allow":["GET"]}}],"collection":[{"href":"https:\/\/veganuary.com\/de\/wp-json\/wp\/v2\/pages"}],"about":[{"href":"https:\/\/veganuary.com\/de\/wp-json\/wp\/v2\/types\/page"}],"author":[{"embeddable":true,"href":"https:\/\/veganuary.com\/de\/wp-json\/wp\/v2\/users\/95"}],"replies":[{"embeddable":true,"href":"https:\/\/veganuary.com\/de\/wp-json\/wp\/v2\/comments?post=183296"}],"version-history":[{"count":0,"href":"https:\/\/veganuary.com\/de\/wp-json\/wp\/v2\/pages\/183296\/revisions"}],"wp:featuredmedia":[{"embeddable":true,"href":"https:\/\/veganuary.com\/de\/wp-json\/wp\/v2\/media\/76952"}],"wp:attachment":[{"href":"https:\/\/veganuary.com\/de\/wp-json\/wp\/v2\/media?parent=183296"}],"curies":[{"name":"wp","href":"https:\/\/api.w.org\/{rel}","templated":true}]}}