{"id":283075,"date":"2025-10-10T10:23:56","date_gmt":"2025-10-10T09:23:56","guid":{"rendered":"https:\/\/veganuary.com\/?page_id=283075"},"modified":"2025-12-04T10:58:59","modified_gmt":"2025-12-04T10:58:59","slug":"nysy-animal-lovers","status":"publish","type":"page","link":"https:\/\/veganuary.com\/de\/nysy-animal-lovers\/","title":{"rendered":"NYSY &#8211; Animal Lovers"},"content":{"rendered":"\n<div class=\"billboard\">\n\t<div class=\"billboard__overlay\">\n\t\t<div class=\"billboard__content\">\n\t\t\t<div class=\"container\">\n\t\t\t\t<h1 class=\"billboard__title\">New Year, <br \/>\r\nSame You!<\/h1>\n                <div class=\"billboard__text\"><\/div>\n\t\t\t\t\t\t\t\t\t<div class=\"billboard__cta\">\n\t\t\t\t\t\t<a class=\"billboard__btn\" href=\"https:\/\/veganuary.com\/de\/al2026\/\" target=\"_self\" title=\"Jetzt mitmachen\">Jetzt mitmachen<\/a>\t\t\t\t\t<\/div>\n\t\t\t\t\n\t\t\t<\/div>\n\t\t<\/div>\n\t<\/div>\n\n\t<div class=\"billboard__figure\">\n\t\t<picture class=\"billboard__picture\">\n\t\t\t\t<source media=\"(min-width: 992px)\" srcset=\"https:\/\/veganuary.com\/wp-content\/uploads\/2025\/11\/Landing-Page-Animal-Lover-v3-1200x832.png, https:\/\/veganuary.com\/wp-content\/uploads\/2025\/11\/Landing-Page-Animal-Lover-v3-1800x1248.png 2x\">\n\t\t\t\t<source media=\"(min-width: 768px)\" srcset=\"https:\/\/veganuary.com\/wp-content\/uploads\/2025\/11\/Landing-Page-Animal-Lover-v3-800x555.png, https:\/\/veganuary.com\/wp-content\/uploads\/2025\/11\/Landing-Page-Animal-Lover-v3-1800x1248.png 2x\">\n\t\t\t\t<source media=\"(min-width: 576px)\" srcset=\"https:\/\/veganuary.com\/wp-content\/uploads\/2025\/11\/Landing-Page-Animal-Lover-v3-800x555.png, https:\/\/veganuary.com\/wp-content\/uploads\/2025\/11\/Landing-Page-Animal-Lover-v3-1200x832.png 2x\">\n\t\t\t\t<source media=\"(max-width: 575px)\" srcset=\"https:\/\/veganuary.com\/wp-content\/uploads\/2025\/11\/Landing-Page-Animal-Lover-v3-400x277.png, https:\/\/veganuary.com\/wp-content\/uploads\/2025\/11\/Landing-Page-Animal-Lover-v3-800x555.png 2x\">\n\t\t\t\t<img decoding=\"async\" class=\"billboard__img\" src=\"https:\/\/veganuary.com\/wp-content\/uploads\/2025\/11\/Landing-Page-Animal-Lover-v3-400x277.png\" alt=\"\"><\/picture>\t<\/div>\n\n<\/div>\n\n\n<div class=\"wp-block-group\"><div class=\"wp-block-group__inner-container is-layout-constrained wp-block-group-is-layout-constrained\">\n<p class=\"has-medium-font-size\">Die meisten guten Vors\u00e4tze drehen sich darum, dich zu optimieren. Jeden Januar sind wir mit derselben Botschaft konfrontiert: \u00c4ndere dich.<br><br>Aber was, wenn du dich gar nicht \u00e4ndern musst? Was, wenn du schon alles in dir tr\u00e4gst, um genau richtig zu sein?<\/p>\n\n\n\n<p class=\"has-medium-font-size\">Die Welt verlangt uns momentan genug ab \u2013 lassen wir den Druck der Neujahrsvors\u00e4tze hinter uns: New Year, Same You.<\/p>\n\n\n\n<h2 class=\"wp-block-heading\">Was bedeutet \u201eSame You&#8220;?<\/h2>\n\n\n\n<p>Du liebst Tiere bereits von ganzem Herzen. Vielleicht teilst du herzerw\u00e4rmende Tiervideos in den sozialen Medien, spendest an Tierheime, unterschreibst Petitionen oder wechselst extra die Stra\u00dfenseite, um dort einen Hund zu streicheln.<\/p>\n\n\n\n<p>Vielleicht warst du als Kind auch mal auf einem Lebenshof und erinnerst dich noch daran, wie sehr du die Schweine dort geliebt hast? Trotzdem k\u00f6nntest du dir einen Morgen ohne dein Schinken-K\u00e4se-Br\u00f6tchen nicht vorstellen.<\/p>\n\n\n\n<p>Was, wenn es einen Weg gibt, ganz du selbst zu bleiben \u2013 nur noch mehr im Einklang mit dir? Vegan zu werden bedeutet nicht, jemand anderes zu werden. Es bedeutet, so zu essen, wie es den Werten entspricht, nach denen du ohnehin schon leben willst. Wir helfen dir dabei!<\/p>\n\n\n\n\t<div class=\"wp-block-custom wp-block-accordion wp-block-custom--narrow\">\n\t\t<div class=\"accordion js-accordion\">\n\n\t\t\t\n\t\t\t\t<div class=\"accordion-item js-accordion-item\">\n\t\t\t\t\t<div class=\"accordion-item__header js-accordion-trigger\">\n\t\t\t\t\t\t<h3 class=\"accordion-item__title\">Ich liebe Tiere bereits. Wie hilft Veganuary ihnen konkret?<\/h3>\n\t\t\t\t\t\t<div class=\"accordion-item__icon\"><\/div>\n\t\t\t\t\t<\/div>\n\t\t\t\t\t<div class=\"accordion-item__content\">\n\t\t\t\t\t\t<div class=\"accordion-item__padding\">\n\t\t\t\t\t\t\t<p>F\u00fcr jede Million Menschen, die einen Monat lang vegan leben, bleiben <a href=\"https:\/\/veganuary.com\/de\/veganuary-knackt-die-zwei-millionen-marke\/\">3,4 Millionen Tierleben verschont<\/a>. Zum Veganuary 2025 haben weltweit \u00fcber 25,8 Millionen Menschen eine pflanzliche Ern\u00e4hrung ausprobiert. Stell dir vor, wie viel weniger Tierleid es dadurch geben kann.<\/p>\n<p>Vegan zu leben ist der einfachste Weg, deine Tierliebe zu zeigen: Wenn du nicht mehr zu Fleisch, Eiern oder Milchprodukten greifst, reduzierst du die Nachfrage \u2013 das f\u00fchrt dazu, dass weniger Tiere gez\u00fcchtet und get\u00f6tet werden. Gibt es einen sch\u00f6neren Weg, Tieren zu zeigen, wie sehr du sie liebst?<\/p>\n\t\t\t\t\t\t<\/div>\n\t\t\t\t\t<\/div>\n\t\t\t\t<\/div>\n\n\t\t\t\t\n\t\t\t\t<div class=\"accordion-item js-accordion-item\">\n\t\t\t\t\t<div class=\"accordion-item__header js-accordion-trigger\">\n\t\t\t\t\t\t<h3 class=\"accordion-item__title\">Ich m\u00f6chte mehr \u00fcber die Lebensmittelindustrie erfahren! <\/h3>\n\t\t\t\t\t\t<div class=\"accordion-item__icon\"><\/div>\n\t\t\t\t\t<\/div>\n\t\t\t\t\t<div class=\"accordion-item__content\">\n\t\t\t\t\t\t<div class=\"accordion-item__padding\">\n\t\t\t\t\t\t\t<p>Entgegen dem, was viele glauben, ist landwirtschaftliche Tierhaltung alles andere als human \u2013 auch nicht unter Bio- oder \u201eTierwohl\u201c-Bedingungen.<\/p>\n<p><strong>K\u00fche<\/strong>: Wusstest du, dass eine Kuh erstmal ein K\u00e4lbchen auf die Welt bringen muss, um Milch zu geben? Nach der Geburt werden Mutter und K\u00e4lbchen getrennt, damit die Kuhmilch f\u00fcr den menschlichen Konsum zur Verf\u00fcgung steht. Die K\u00fche leben in einem st\u00e4ndigen Kreislauf aus Besamung, Geburt, Trennung vom Kalb \u2013 bis sie so ausgelaugt sind, dass sie geschlachtet werden.<\/p>\n<p><strong>H\u00fchner:<\/strong> Masth\u00fchner sind so gez\u00fcchtet, dass sie in k\u00fcrzester Zeit so schwer wie m\u00f6glich werden, um den Profit zu maximieren. Oft k\u00f6nnen ihre Beine ihr Gewicht gar nicht mehr tragen. In den beengten St\u00e4llen liegen viele von ihnen nur noch auf dem meist v\u00f6llig verdreckten Boden.<\/p>\n<p><strong>Schweine<\/strong>: Ferkeln werden routinem\u00e4\u00dfig die Schw\u00e4nze abgeschnitten und die Eckz\u00e4hne gek\u00fcrzt. Obwohl das Kupieren in vielen L\u00e4ndern verboten ist, passiert es trotzdem in vielen industriellen Schweinebetrieben. Mutters\u00e4ue verbringen bei und nach jeder Geburt einige Zeit in engen Metallk\u00e4figen, sogenannten Kastenst\u00e4nden. Diese K\u00e4fige sind so klein, dass sie sich nicht umdrehen oder ihre Ferkel erreichen k\u00f6nnen. Viele entwickeln schmerzhafte Druckstellen vom Reiben an den Stangen.<\/p>\n<p><strong>Fische<\/strong>: Es gibt reichlich wissenschaftliche Belege f\u00fcr die Intelligenz und Leidensf\u00e4higkeit von Fischen. Viele von ihnen finden ein langsames und qualvolles Ende auf den riesigen Booten der Fangflotten. Industrielle Fischereipraktiken f\u00fchren auch zum \u201eBeifang&#8220; \u2013 dabei werden unbeabsichtigt andere Arten mitgefangen. Dazu geh\u00f6ren Delfine, Meeresschildkr\u00f6ten, Haie, selbst Seev\u00f6gel und viele mehr.<\/p>\n<p>Wenn Menschen erfahren, welches Leid Tiere f\u00fcr die Lebensmittelindustrie ertragen m\u00fcssen, ist es nicht \u00fcberraschend, dass viele anfangen, ihr Essverhalten zu \u00fcberdenken.<\/p>\n\t\t\t\t\t\t<\/div>\n\t\t\t\t\t<\/div>\n\t\t\t\t<\/div>\n\n\t\t\t\t\n\t\t\t\t<div class=\"accordion-item js-accordion-item\">\n\t\t\t\t\t<div class=\"accordion-item__header js-accordion-trigger\">\n\t\t\t\t\t\t<h3 class=\"accordion-item__title\">Warum sollte mich das als Tierfreund:in interessieren? <\/h3>\n\t\t\t\t\t\t<div class=\"accordion-item__icon\"><\/div>\n\t\t\t\t\t<\/div>\n\t\t\t\t\t<div class=\"accordion-item__content\">\n\t\t\t\t\t\t<div class=\"accordion-item__padding\">\n\t\t\t\t\t\t\t<p>Wenn du vegan lebst, zeigst du nicht nur Empathie, sondern kannst auch systemische Ver\u00e4nderung bewirken: Jede pflanzliche Mahlzeit bewegt den Markt und unser Ern\u00e4hrungssystem in Richtung weniger gez\u00fcchteter, eingesperrter und gequ\u00e4lter Tiere. Du musst dich nicht \u00e4ndern, sondern einfach sein, wer du ohnehin schon bist: empathisch, unbeirrbar und weltver\u00e4ndernd.<\/p>\n<p>Du schlie\u00dft dich Millionen von Menschen weltweit an, die Tiere lieben. Und die nicht mehr dabei zusehen wollen, wie sie f\u00fcr unser Essen leiden m\u00fcssen. Gemeinsam k\u00f6nnen wir eine Botschaft senden: Es reicht! Wir fordern mehr Mitgef\u00fchl!<\/p>\n\t\t\t\t\t\t<\/div>\n\t\t\t\t\t<\/div>\n\t\t\t\t<\/div>\n\n\t\t\t\t\n\t\t\t\t<div class=\"accordion-item js-accordion-item\">\n\t\t\t\t\t<div class=\"accordion-item__header js-accordion-trigger\">\n\t\t\t\t\t\t<h3 class=\"accordion-item__title\">Ich bin dabei, wie fange ich an? <\/h3>\n\t\t\t\t\t\t<div class=\"accordion-item__icon\"><\/div>\n\t\t\t\t\t<\/div>\n\t\t\t\t\t<div class=\"accordion-item__content\">\n\t\t\t\t\t\t<div class=\"accordion-item__padding\">\n\t\t\t\t\t\t\t<p>Wir haben gehofft, dass du das fragst!<\/p>\n<p>Wir wissen, dass sich der Einstieg erstmal etwas herausfordernd anf\u00fchlen kann. Darum sind wir da, um zu helfen: In unserer <a href=\"https:\/\/veganuary.com\/de\/jetzt-mitmachen\/\">31-t\u00e4gigen E-Mail-Serie<\/a> schicken wir dir digitale Kochb\u00fccher, Meal Plans, Rezepte, Infos zu N\u00e4hrstoffen und viele weitere Tipps und Fakten rund um die pflanzliche Ern\u00e4hrung. Nat\u00fcrlich komplett kostenlos \u2013 klick einfach den Button unten und sei dabei!<\/p>\n\t\t\t\t\t\t<\/div>\n\t\t\t\t\t<\/div>\n\t\t\t\t<\/div>\n\n\t\t\t\t\n\t\t<\/div>\n\t<\/div>\n\n\t\n\n\n<h2 class=\"wp-block-heading\">Es ist an der Zeit, es pflanzlich zu probieren!<\/h2>\n\n\n\n<p>Mit Veganuary ver\u00e4nderst du nicht dich selbst \u2013 sondern nur, was auf deinem Teller liegt. Das ist eine kleine Umstellung, die einen riesigen Impact haben wird!<\/p>\n\n\n\n<div style=\"text-align:center;\">\n  <div class=\"wp-block-button is-style-fill\" style=\"display:inline-block;\">\n    <a class=\"wp-block-button__link wp-element-button\"\n       href=\"https:\/\/veganuary.com\/de\/al2026\/\"\n       style=\"display:inline-block; width:auto; padding:0.75rem 1.25rem;\">\n      Jetzt Mitmachen\n    <\/a>\n  <\/div>\n<\/div>\n<\/div><\/div>\n","protected":false},"excerpt":{"rendered":"<p>Die meisten guten Vors\u00e4tze drehen sich darum, dich zu optimieren. Jeden Januar sind wir mit derselben Botschaft konfrontiert: \u00c4ndere dich.&hellip;<\/p>\n","protected":false},"author":95,"featured_media":0,"parent":0,"menu_order":0,"comment_status":"closed","ping_status":"closed","template":"","meta":{"_acf_changed":true,"_coblocks_attr":"","_coblocks_dimensions":"","_coblocks_responsive_height":"","_coblocks_accordion_ie_support":"","footnotes":""},"class_list":["post-283075","page","type-page","status-publish","hentry"],"acf":[],"yoast_head":"<!-- This site is optimized with the Yoast SEO plugin v27.5 - https:\/\/yoast.com\/product\/yoast-seo-wordpress\/ -->\n<title>New Year, Same You! - Veganuary<\/title>\n<meta name=\"robots\" content=\"index, follow, max-snippet:-1, max-image-preview:large, max-video-preview:-1\" \/>\n<link rel=\"canonical\" href=\"https:\/\/veganuary.com\/de\/nysy-animal-lovers\/\" \/>\n<meta property=\"og:locale\" content=\"de_DE\" \/>\n<meta property=\"og:type\" content=\"article\" \/>\n<meta property=\"og:title\" content=\"New Year, Same You! - Veganuary\" \/>\n<meta property=\"og:description\" content=\"Die meisten guten Vors\u00e4tze drehen sich darum, dich zu optimieren. Jeden Januar sind wir mit derselben Botschaft konfrontiert: \u00c4ndere dich.&hellip;\" \/>\n<meta property=\"og:url\" content=\"https:\/\/veganuary.com\/de\/nysy-animal-lovers\/\" \/>\n<meta property=\"og:site_name\" content=\"Veganuary\" \/>\n<meta property=\"article:publisher\" content=\"https:\/\/www.facebook.com\/Veganuary\/\" \/>\n<meta property=\"article:modified_time\" content=\"2025-12-04T10:58:59+00:00\" \/>\n<meta name=\"twitter:card\" content=\"summary_large_image\" \/>\n<meta name=\"twitter:site\" content=\"@veganuary\" \/>\n<meta name=\"twitter:label1\" content=\"Gesch\u00e4tzte Lesezeit\" \/>\n\t<meta name=\"twitter:data1\" content=\"1 Minute\" \/>\n<script type=\"application\/ld+json\" class=\"yoast-schema-graph\">{\"@context\":\"https:\\\/\\\/schema.org\",\"@graph\":[{\"@type\":\"WebPage\",\"@id\":\"https:\\\/\\\/veganuary.com\\\/de\\\/nysy-animal-lovers\\\/\",\"url\":\"https:\\\/\\\/veganuary.com\\\/de\\\/nysy-animal-lovers\\\/\",\"name\":\"New Year, Same You! - Veganuary\",\"isPartOf\":{\"@id\":\"https:\\\/\\\/veganuary.com\\\/de\\\/#website\"},\"datePublished\":\"2025-10-10T09:23:56+00:00\",\"dateModified\":\"2025-12-04T10:58:59+00:00\",\"breadcrumb\":{\"@id\":\"https:\\\/\\\/veganuary.com\\\/de\\\/nysy-animal-lovers\\\/#breadcrumb\"},\"inLanguage\":\"de-DE\",\"potentialAction\":[{\"@type\":\"ReadAction\",\"target\":[\"https:\\\/\\\/veganuary.com\\\/de\\\/nysy-animal-lovers\\\/\"]}]},{\"@type\":\"BreadcrumbList\",\"@id\":\"https:\\\/\\\/veganuary.com\\\/de\\\/nysy-animal-lovers\\\/#breadcrumb\",\"itemListElement\":[{\"@type\":\"ListItem\",\"position\":1,\"name\":\"Home\",\"item\":\"https:\\\/\\\/veganuary.com\\\/de\\\/\"},{\"@type\":\"ListItem\",\"position\":2,\"name\":\"NYSY &#8211; Animal Lovers\"}]},{\"@type\":\"WebSite\",\"@id\":\"https:\\\/\\\/veganuary.com\\\/de\\\/#website\",\"url\":\"https:\\\/\\\/veganuary.com\\\/de\\\/\",\"name\":\"Veganuary\",\"description\":\"The website for Veganuary\",\"publisher\":{\"@id\":\"https:\\\/\\\/veganuary.com\\\/de\\\/#organization\"},\"potentialAction\":[{\"@type\":\"SearchAction\",\"target\":{\"@type\":\"EntryPoint\",\"urlTemplate\":\"https:\\\/\\\/veganuary.com\\\/de\\\/?s={search_term_string}\"},\"query-input\":{\"@type\":\"PropertyValueSpecification\",\"valueRequired\":true,\"valueName\":\"search_term_string\"}}],\"inLanguage\":\"de-DE\"},{\"@type\":\"Organization\",\"@id\":\"https:\\\/\\\/veganuary.com\\\/de\\\/#organization\",\"name\":\"Veganuary\",\"url\":\"https:\\\/\\\/veganuary.com\\\/de\\\/\",\"logo\":{\"@type\":\"ImageObject\",\"inLanguage\":\"de-DE\",\"@id\":\"https:\\\/\\\/veganuary.com\\\/de\\\/#\\\/schema\\\/logo\\\/image\\\/\",\"url\":\"https:\\\/\\\/veganuary.com\\\/wp-content\\\/uploads\\\/2020\\\/11\\\/135-veganuary-animals-icon-transparent-rgb.png\",\"contentUrl\":\"https:\\\/\\\/veganuary.com\\\/wp-content\\\/uploads\\\/2020\\\/11\\\/135-veganuary-animals-icon-transparent-rgb.png\",\"width\":135,\"height\":135,\"caption\":\"Veganuary\"},\"image\":{\"@id\":\"https:\\\/\\\/veganuary.com\\\/de\\\/#\\\/schema\\\/logo\\\/image\\\/\"},\"sameAs\":[\"https:\\\/\\\/www.facebook.com\\\/Veganuary\\\/\",\"https:\\\/\\\/x.com\\\/veganuary\",\"https:\\\/\\\/www.instagram.com\\\/weareveganuary\\\/\",\"https:\\\/\\\/www.linkedin.com\\\/company\\\/veganuary-limited\",\"https:\\\/\\\/www.pinterest.co.uk\\\/Veganuary\\\/\",\"https:\\\/\\\/www.youtube.com\\\/channel\\\/UCGDLtGanlPZLidEGP2N39CA\",\"https:\\\/\\\/en.wikipedia.org\\\/wiki\\\/Veganuary\"]}]}<\/script>\n<!-- \/ Yoast SEO plugin. -->","yoast_head_json":{"title":"New Year, Same You! - Veganuary","robots":{"index":"index","follow":"follow","max-snippet":"max-snippet:-1","max-image-preview":"max-image-preview:large","max-video-preview":"max-video-preview:-1"},"canonical":"https:\/\/veganuary.com\/de\/nysy-animal-lovers\/","og_locale":"de_DE","og_type":"article","og_title":"New Year, Same You! - Veganuary","og_description":"Die meisten guten Vors\u00e4tze drehen sich darum, dich zu optimieren. Jeden Januar sind wir mit derselben Botschaft konfrontiert: \u00c4ndere dich.&hellip;","og_url":"https:\/\/veganuary.com\/de\/nysy-animal-lovers\/","og_site_name":"Veganuary","article_publisher":"https:\/\/www.facebook.com\/Veganuary\/","article_modified_time":"2025-12-04T10:58:59+00:00","twitter_card":"summary_large_image","twitter_site":"@veganuary","twitter_misc":{"Gesch\u00e4tzte Lesezeit":"1 Minute"},"schema":{"@context":"https:\/\/schema.org","@graph":[{"@type":"WebPage","@id":"https:\/\/veganuary.com\/de\/nysy-animal-lovers\/","url":"https:\/\/veganuary.com\/de\/nysy-animal-lovers\/","name":"New Year, Same You! - Veganuary","isPartOf":{"@id":"https:\/\/veganuary.com\/de\/#website"},"datePublished":"2025-10-10T09:23:56+00:00","dateModified":"2025-12-04T10:58:59+00:00","breadcrumb":{"@id":"https:\/\/veganuary.com\/de\/nysy-animal-lovers\/#breadcrumb"},"inLanguage":"de-DE","potentialAction":[{"@type":"ReadAction","target":["https:\/\/veganuary.com\/de\/nysy-animal-lovers\/"]}]},{"@type":"BreadcrumbList","@id":"https:\/\/veganuary.com\/de\/nysy-animal-lovers\/#breadcrumb","itemListElement":[{"@type":"ListItem","position":1,"name":"Home","item":"https:\/\/veganuary.com\/de\/"},{"@type":"ListItem","position":2,"name":"NYSY &#8211; Animal Lovers"}]},{"@type":"WebSite","@id":"https:\/\/veganuary.com\/de\/#website","url":"https:\/\/veganuary.com\/de\/","name":"Veganuary","description":"The website for Veganuary","publisher":{"@id":"https:\/\/veganuary.com\/de\/#organization"},"potentialAction":[{"@type":"SearchAction","target":{"@type":"EntryPoint","urlTemplate":"https:\/\/veganuary.com\/de\/?s={search_term_string}"},"query-input":{"@type":"PropertyValueSpecification","valueRequired":true,"valueName":"search_term_string"}}],"inLanguage":"de-DE"},{"@type":"Organization","@id":"https:\/\/veganuary.com\/de\/#organization","name":"Veganuary","url":"https:\/\/veganuary.com\/de\/","logo":{"@type":"ImageObject","inLanguage":"de-DE","@id":"https:\/\/veganuary.com\/de\/#\/schema\/logo\/image\/","url":"https:\/\/veganuary.com\/wp-content\/uploads\/2020\/11\/135-veganuary-animals-icon-transparent-rgb.png","contentUrl":"https:\/\/veganuary.com\/wp-content\/uploads\/2020\/11\/135-veganuary-animals-icon-transparent-rgb.png","width":135,"height":135,"caption":"Veganuary"},"image":{"@id":"https:\/\/veganuary.com\/de\/#\/schema\/logo\/image\/"},"sameAs":["https:\/\/www.facebook.com\/Veganuary\/","https:\/\/x.com\/veganuary","https:\/\/www.instagram.com\/weareveganuary\/","https:\/\/www.linkedin.com\/company\/veganuary-limited","https:\/\/www.pinterest.co.uk\/Veganuary\/","https:\/\/www.youtube.com\/channel\/UCGDLtGanlPZLidEGP2N39CA","https:\/\/en.wikipedia.org\/wiki\/Veganuary"]}]}},"_links":{"self":[{"href":"https:\/\/veganuary.com\/de\/wp-json\/wp\/v2\/pages\/283075","targetHints":{"allow":["GET"]}}],"collection":[{"href":"https:\/\/veganuary.com\/de\/wp-json\/wp\/v2\/pages"}],"about":[{"href":"https:\/\/veganuary.com\/de\/wp-json\/wp\/v2\/types\/page"}],"author":[{"embeddable":true,"href":"https:\/\/veganuary.com\/de\/wp-json\/wp\/v2\/users\/95"}],"replies":[{"embeddable":true,"href":"https:\/\/veganuary.com\/de\/wp-json\/wp\/v2\/comments?post=283075"}],"version-history":[{"count":0,"href":"https:\/\/veganuary.com\/de\/wp-json\/wp\/v2\/pages\/283075\/revisions"}],"wp:attachment":[{"href":"https:\/\/veganuary.com\/de\/wp-json\/wp\/v2\/media?parent=283075"}],"curies":[{"name":"wp","href":"https:\/\/api.w.org\/{rel}","templated":true}]}}