{"id":73091,"date":"2020-08-06T08:41:20","date_gmt":"2020-08-06T07:41:20","guid":{"rendered":"https:\/\/veganuary.com\/shopping\/"},"modified":"2025-04-07T13:47:06","modified_gmt":"2025-04-07T12:47:06","slug":"einkaufen","status":"publish","type":"page","link":"https:\/\/veganuary.com\/de\/vegan-leben\/einkaufen\/","title":{"rendered":"Einkaufen"},"content":{"rendered":"\n<div class=\"hero\">\n\t<div class=\"hero__overlay\">\n\t\t<div class=\"hero__content\">\n\t\t\t<div class=\"container\">\n\t\t\t\t<div class=\"row\">\n\t\t\t\t\t<div class=\"col-md-10 offset-md-1 col-lg-8 offset-lg-2 col-xl-6 offset-xl-3\">\n\n\t\t\t\t\t\t<h1 class=\"hero__title\">EINKAUFEN<\/h1>\n\n\t\t\t\t\t\t\t\t\t\t\t\t\t<div class=\"hero__icon\">\n\t\t\t\t\t\t\t\t<img decoding=\"async\" class=\"hero__icon__img\" src=\"https:\/\/veganuary.com\/wp-content\/themes\/veganuary\/assets\/img\/veganuary-icon-orange.svg\" alt=\"\">\n\t\t\t\t\t\t\t<\/div>\n\n\t\t\t\t\t\t\t<p class=\"hero__subtitle\">Der Einkaufsguide f\u00fcr einen leichten Einstieg in dein veganes Abenteuer!<\/p>\n\t\t\t\t\t\t\n\t\t\t\t\t<\/div>\n\t\t\t\t<\/div>\n\t\t\t<\/div>\n\t\t<\/div>\n\t<\/div>\n\n\t<div class=\"hero__figure\">\n\t\t<picture class=\"hero__picture\">\n\t\t\t\t<source media=\"(min-width: 992px)\" srcset=\"https:\/\/veganuary.com\/wp-content\/uploads\/2020\/09\/shopping-hero-1200x800.jpg, https:\/\/veganuary.com\/wp-content\/uploads\/2020\/09\/shopping-hero-1800x1200.jpg 2x\">\n\t\t\t\t<source media=\"(min-width: 768px)\" srcset=\"https:\/\/veganuary.com\/wp-content\/uploads\/2020\/09\/shopping-hero-800x533.jpg, https:\/\/veganuary.com\/wp-content\/uploads\/2020\/09\/shopping-hero-1800x1200.jpg 2x\">\n\t\t\t\t<source media=\"(min-width: 576px)\" srcset=\"https:\/\/veganuary.com\/wp-content\/uploads\/2020\/09\/shopping-hero-800x533.jpg, https:\/\/veganuary.com\/wp-content\/uploads\/2020\/09\/shopping-hero-1200x800.jpg 2x\">\n\t\t\t\t<source media=\"(max-width: 575px)\" srcset=\"https:\/\/veganuary.com\/wp-content\/uploads\/2020\/09\/shopping-hero-400x267.jpg, https:\/\/veganuary.com\/wp-content\/uploads\/2020\/09\/shopping-hero-800x533.jpg 2x\">\n\t\t\t\t<img decoding=\"async\" class=\"hero__img\" src=\"https:\/\/veganuary.com\/wp-content\/uploads\/2020\/09\/shopping-hero-400x267.jpg\" alt=\"\"><\/picture>\t<\/div>\n\n<\/div>\n\n\n\n<div class=\"wp-block-group has-white-background-color has-background\"><div class=\"wp-block-group__inner-container is-layout-flow wp-block-group-is-layout-flow\">\n<p class=\"has-medium-font-size\">In Superm\u00e4rkten findest du eine Vielzahl pflanzlicher Lebensmittel. Es ist der perfekte Ort, um deinen veganen Monat zu beginnen! Egal, ob du gerne im Bioladen einkaufen gehst oder lieber online bestellst, es gibt viele M\u00f6glichkeiten, geeignete Produkte zu finden.<\/p>\n\n\n\n<h2 class=\"wp-block-heading\">Die Grundlagen<\/h2>\n\n\n\n<p>Viele Grundnahrungsmittel, die du bereits kaufst, sind vegan: Nudeln, Reis, Brot (meistens), viele M\u00fcslis, Gem\u00fcsebr\u00fche, Dosentomaten, Erdnussbutter, Marmeladen, Bohnen, Kartoffeln, Kokosmilch, viele Currypasten, Kr\u00e4uter, Gew\u00fcrze, Tomatenketchup, Senf, Gurken, Oliven\u00f6l, pflanzliche \u00d6le, Sojasauce, Fruchtsaft, Tee, Kaffee, viele Kekse, Cracker, Kn\u00e4ckebrote und Chips, und nat\u00fcrlich Obst und Gem\u00fcse \u2013 sowohl frisch, getrocknet als auch gefroren.<\/p>\n\n\n\n<figure class=\"wp-block-gallery has-nested-images columns-default is-cropped wp-block-gallery-1 is-layout-flex wp-block-gallery-is-layout-flex\">\n<figure class=\"wp-block-image size-large\"><img fetchpriority=\"high\" decoding=\"async\" width=\"1200\" height=\"1200\" data-id=\"2170\" src=\"https:\/\/veganuary.com\/wp-content\/uploads\/2020\/09\/shopping-simple-switches.jpg\" alt=\"\" class=\"wp-image-2170\" srcset=\"https:\/\/veganuary.com\/wp-content\/uploads\/2020\/09\/shopping-simple-switches.jpg 1200w, https:\/\/veganuary.com\/wp-content\/uploads\/2020\/09\/shopping-simple-switches-400x400.jpg 400w, https:\/\/veganuary.com\/wp-content\/uploads\/2020\/09\/shopping-simple-switches-768x768.jpg 768w, https:\/\/veganuary.com\/wp-content\/uploads\/2020\/09\/shopping-simple-switches-800x800.jpg 800w\" sizes=\"(max-width: 1200px) 100vw, 1200px\" \/><\/figure>\n<\/figure>\n\n\n\n<h2 class=\"wp-block-heading\">Die pflanzliche Version w\u00e4hlen<\/h2>\n\n\n\n<p>Es gibt mittlerweile f\u00fcr fast jedes Lebensmittel (oft sogar mehrere) vegane Versionen. In den meisten Superm\u00e4rkten findest du eine Reihe von pflanzlichen Milchprodukten (aus Hafer, Soja, Mandeln, Kokosnuss, Hanf, Reis und mehr), darunter auch in verschiedenen Geschmackssorten. Joghurts gibt es ebenfalls auf pflanzlicher Basis (z. B. Kokosjoghurt, Mandeljoghurt, Sojajoghurt) sowie K\u00e4se (Scheiben, Bl\u00f6cke, gerieben, Frischk\u00e4se).<\/p>\n\n\n\n<p>Im Tiefk\u00fchlbereich findest du Burger, Brat- und Grillw\u00fcrstchen, Sojaschrot, vegane Fischst\u00e4bchen und weitere Produkte, die du gerne isst, die jedoch keine tierischen Produkte enthalten. Vergiss nicht, im Supermarkt einen Blick in die K\u00fchltruhe zu werfen. Schokoladeneis, Eiskonfekt etc. ist bereits auch vegan erh\u00e4ltlich.<\/p>\n\n\n\n<p>In vielen Supermarktregalen findest du unter anderem vegane Mayonnaise, <a href=\"https:\/\/veganuary.com\/de\/vegane-schokolade\/\">Schokolade<\/a>, Vanillepudding, (Spr\u00fch-)Sahne und zahlreiche weitere Produkte, die du kennst.<\/p>\n\n\n\n<figure class=\"wp-block-gallery has-nested-images columns-default is-cropped wp-block-gallery-2 is-layout-flex wp-block-gallery-is-layout-flex\">\n<figure class=\"wp-block-image size-large\"><img decoding=\"async\" width=\"1200\" height=\"1200\" data-id=\"2128\" src=\"https:\/\/veganuary.com\/wp-content\/uploads\/2020\/09\/shopping-food-on-the-go.jpg\" alt=\"\" class=\"wp-image-2128\" srcset=\"https:\/\/veganuary.com\/wp-content\/uploads\/2020\/09\/shopping-food-on-the-go.jpg 1200w, https:\/\/veganuary.com\/wp-content\/uploads\/2020\/09\/shopping-food-on-the-go-400x400.jpg 400w, https:\/\/veganuary.com\/wp-content\/uploads\/2020\/09\/shopping-food-on-the-go-768x768.jpg 768w, https:\/\/veganuary.com\/wp-content\/uploads\/2020\/09\/shopping-food-on-the-go-800x800.jpg 800w\" sizes=\"(max-width: 1200px) 100vw, 1200px\" \/><\/figure>\n<\/figure>\n\n\n\n<h2 class=\"wp-block-heading\">Schnelle Gerichte<\/h2>\n\n\n\n<p>Das Angebot an veganen Fertiggerichten in Superm\u00e4rkten nimmt enorm zu \u2013 von Pizzen und Currys \u00fcber Salate bis hin zu Suppen und Eint\u00f6pfen. Du findest sie in den K\u00fchltheken, im Tiefk\u00fchlbereich oder bei den Konservendosen. F\u00fcr ein schnelles Essen eignen sich auch Instantnudeln und mikrowellengeeignete Gem\u00fcsegerichte.<\/p>\n\n\n\n<h2 class=\"wp-block-heading\">Essen f\u00fcr unterwegs<\/h2>\n\n\n\n<p>In den meisten Superm\u00e4rkten und B\u00e4ckereien finden sich vegane Br\u00f6tchen, manchmal auch Backwaren. Da Brezeln und Croissants in der Regel Butter (und nicht selten auch andere tierische Produkte enthalten), sollte man hier in jedem Fall nachfragen, sofern die Produkte nicht eindeutig vegan deklariert sind. Einige Caf\u00e9s und Caf\u00e9ketten bieten tierfreie Salate, Sandwiches und Wraps an. In manchen To Go-Restaurants kann man sich auch frische Boxen mit veganen Suppen, Currys oder Pasta einpacken lassen.<\/p>\n\n\n\n<figure class=\"wp-block-gallery has-nested-images columns-default is-cropped wp-block-gallery-3 is-layout-flex wp-block-gallery-is-layout-flex\">\n<figure class=\"wp-block-image size-large\"><img decoding=\"async\" width=\"1200\" height=\"1200\" data-id=\"2198\" src=\"https:\/\/veganuary.com\/wp-content\/uploads\/2020\/09\/shopping-sweet-treats-2.jpg\" alt=\"\" class=\"wp-image-2198\" srcset=\"https:\/\/veganuary.com\/wp-content\/uploads\/2020\/09\/shopping-sweet-treats-2.jpg 1200w, https:\/\/veganuary.com\/wp-content\/uploads\/2020\/09\/shopping-sweet-treats-2-400x400.jpg 400w, https:\/\/veganuary.com\/wp-content\/uploads\/2020\/09\/shopping-sweet-treats-2-768x768.jpg 768w, https:\/\/veganuary.com\/wp-content\/uploads\/2020\/09\/shopping-sweet-treats-2-800x800.jpg 800w\" sizes=\"(max-width: 1200px) 100vw, 1200px\" \/><\/figure>\n<\/figure>\n\n\n\n<h2 class=\"wp-block-heading\">S\u00fc\u00dfe Leckereien<\/h2>\n\n\n\n<p>In den meisten Superm\u00e4rkten findet man inzwischen auch Schokolade und Eiscreme auf Pflanzenbasis. Einige haben auch vegane Gummib\u00e4rchen im Angebot. In Bio-B\u00e4ckereien und Naturkostl\u00e4den finden sich dar\u00fcber hinaus h\u00e4ufig vegane Kuchen, Muffins, Brownies, Donuts und andere s\u00fc\u00dfe Leckereien ohne tierische Inhaltsstoffe. Die s\u00fc\u00dfen Freuden des Lebens wirst du als Pflanzenesser keinesfalls verpassen!<\/p>\n\n\n\n<hr class=\"wp-block-separator has-css-opacity\"\/>\n\n\n\n<p class=\"has-medium-font-size\"><strong>Im Zweifelsfall kannst du auch online nach Produkten suchen oder dem n\u00e4chsten Naturkostladen einen Besuch abstatten!<\/strong><\/p>\n\n\n\n<p>Vom Kaviar bis zur Cr\u00e8me fraiche, vom Panettone bis zur Pepperoni gibt es eine vegane Version \u2013 man muss nur wissen, wo man sie findet. Ein riesiges Sortiment an veganen Produkten findest du zum Beispiel im Online-Shop von&nbsp;<a href=\"https:\/\/www.velivery.com\/de\/\" target=\"_blank\" rel=\"noreferrer noopener\">Velivery.<\/a> In Naturkostl\u00e4den und Reformh\u00e4usern findest du ebenfalls eine gro\u00dfe Auswahl an veganen (Ersatz-)Produkten.<\/p>\n<\/div><\/div>\n","protected":false},"excerpt":{"rendered":"<p>In Superm\u00e4rkten findest du eine Vielzahl pflanzlicher Lebensmittel. Es ist der perfekte Ort, um deinen veganen Monat zu beginnen! Egal,&hellip;<\/p>\n","protected":false},"author":70,"featured_media":2149,"parent":74617,"menu_order":46,"comment_status":"closed","ping_status":"closed","template":"","meta":{"_acf_changed":false,"_coblocks_attr":"","_coblocks_dimensions":"","_coblocks_responsive_height":"","_coblocks_accordion_ie_support":"","footnotes":""},"class_list":["post-73091","page","type-page","status-publish","has-post-thumbnail","hentry"],"acf":[],"yoast_head":"<!-- This site is optimized with the Yoast SEO plugin v27.3 - https:\/\/yoast.com\/product\/yoast-seo-wordpress\/ -->\n<title>Einkaufen | Veganuary<\/title>\n<meta name=\"description\" content=\"Der Einkaufsguide f\u00fcr eine erste Orientierung sowie einen leichten Einstieg in dein veganes Abenteuer! Los geht&#039;s!\" \/>\n<meta name=\"robots\" content=\"index, follow, max-snippet:-1, max-image-preview:large, max-video-preview:-1\" \/>\n<link rel=\"canonical\" href=\"https:\/\/veganuary.com\/de\/vegan-leben\/einkaufen\/\" \/>\n<meta property=\"og:locale\" content=\"de_DE\" \/>\n<meta property=\"og:type\" content=\"article\" \/>\n<meta property=\"og:title\" content=\"Einkaufen | Veganuary\" \/>\n<meta property=\"og:description\" content=\"Der Einkaufsguide f\u00fcr einen leichten Einstieg in dein veganes Abenteuer!\" \/>\n<meta property=\"og:url\" content=\"https:\/\/veganuary.com\/de\/vegan-leben\/einkaufen\/\" \/>\n<meta property=\"og:site_name\" content=\"Veganuary\" \/>\n<meta property=\"article:publisher\" content=\"https:\/\/www.facebook.com\/Veganuary\/\" \/>\n<meta property=\"article:modified_time\" content=\"2025-04-07T12:47:06+00:00\" \/>\n<meta property=\"og:image\" content=\"https:\/\/veganuary.com\/wp-content\/uploads\/2020\/09\/shopping-hero.jpg\" \/>\n\t<meta property=\"og:image:width\" content=\"2400\" \/>\n\t<meta property=\"og:image:height\" content=\"1600\" \/>\n\t<meta property=\"og:image:type\" content=\"image\/jpeg\" \/>\n<meta name=\"twitter:card\" content=\"summary_large_image\" \/>\n<meta name=\"twitter:title\" content=\"Einkaufen | Veganuary\" \/>\n<meta name=\"twitter:description\" content=\"Der Einkaufsguide f\u00fcr einen leichten Einstieg in dein veganes Abenteuer!\" \/>\n<meta name=\"twitter:image\" content=\"https:\/\/veganuary.com\/wp-content\/uploads\/2020\/09\/shopping-hero.jpg\" \/>\n<meta name=\"twitter:site\" content=\"@veganuary\" \/>\n<meta name=\"twitter:label1\" content=\"Gesch\u00e4tzte Lesezeit\" \/>\n\t<meta name=\"twitter:data1\" content=\"3 Minuten\" \/>\n<script type=\"application\/ld+json\" class=\"yoast-schema-graph\">{\"@context\":\"https:\\\/\\\/schema.org\",\"@graph\":[{\"@type\":\"WebPage\",\"@id\":\"https:\\\/\\\/veganuary.com\\\/de\\\/vegan-leben\\\/einkaufen\\\/\",\"url\":\"https:\\\/\\\/veganuary.com\\\/de\\\/vegan-leben\\\/einkaufen\\\/\",\"name\":\"Einkaufen | Veganuary\",\"isPartOf\":{\"@id\":\"https:\\\/\\\/veganuary.com\\\/de\\\/#website\"},\"primaryImageOfPage\":{\"@id\":\"https:\\\/\\\/veganuary.com\\\/de\\\/vegan-leben\\\/einkaufen\\\/#primaryimage\"},\"image\":{\"@id\":\"https:\\\/\\\/veganuary.com\\\/de\\\/vegan-leben\\\/einkaufen\\\/#primaryimage\"},\"thumbnailUrl\":\"https:\\\/\\\/veganuary.com\\\/wp-content\\\/uploads\\\/2020\\\/09\\\/shopping-hero.jpg\",\"datePublished\":\"2020-08-06T07:41:20+00:00\",\"dateModified\":\"2025-04-07T12:47:06+00:00\",\"description\":\"Der Einkaufsguide f\u00fcr eine erste Orientierung sowie einen leichten Einstieg in dein veganes Abenteuer! Los geht's!\",\"breadcrumb\":{\"@id\":\"https:\\\/\\\/veganuary.com\\\/de\\\/vegan-leben\\\/einkaufen\\\/#breadcrumb\"},\"inLanguage\":\"de-DE\",\"potentialAction\":[{\"@type\":\"ReadAction\",\"target\":[\"https:\\\/\\\/veganuary.com\\\/de\\\/vegan-leben\\\/einkaufen\\\/\"]}]},{\"@type\":\"ImageObject\",\"inLanguage\":\"de-DE\",\"@id\":\"https:\\\/\\\/veganuary.com\\\/de\\\/vegan-leben\\\/einkaufen\\\/#primaryimage\",\"url\":\"https:\\\/\\\/veganuary.com\\\/wp-content\\\/uploads\\\/2020\\\/09\\\/shopping-hero.jpg\",\"contentUrl\":\"https:\\\/\\\/veganuary.com\\\/wp-content\\\/uploads\\\/2020\\\/09\\\/shopping-hero.jpg\",\"width\":2400,\"height\":1600},{\"@type\":\"BreadcrumbList\",\"@id\":\"https:\\\/\\\/veganuary.com\\\/de\\\/vegan-leben\\\/einkaufen\\\/#breadcrumb\",\"itemListElement\":[{\"@type\":\"ListItem\",\"position\":1,\"name\":\"Home\",\"item\":\"https:\\\/\\\/veganuary.com\\\/de\\\/\"},{\"@type\":\"ListItem\",\"position\":2,\"name\":\"Vegan leben\",\"item\":\"https:\\\/\\\/veganuary.com\\\/de\\\/vegan-leben\\\/\"},{\"@type\":\"ListItem\",\"position\":3,\"name\":\"Einkaufen\"}]},{\"@type\":\"WebSite\",\"@id\":\"https:\\\/\\\/veganuary.com\\\/de\\\/#website\",\"url\":\"https:\\\/\\\/veganuary.com\\\/de\\\/\",\"name\":\"Veganuary\",\"description\":\"The website for Veganuary\",\"publisher\":{\"@id\":\"https:\\\/\\\/veganuary.com\\\/de\\\/#organization\"},\"potentialAction\":[{\"@type\":\"SearchAction\",\"target\":{\"@type\":\"EntryPoint\",\"urlTemplate\":\"https:\\\/\\\/veganuary.com\\\/de\\\/?s={search_term_string}\"},\"query-input\":{\"@type\":\"PropertyValueSpecification\",\"valueRequired\":true,\"valueName\":\"search_term_string\"}}],\"inLanguage\":\"de-DE\"},{\"@type\":\"Organization\",\"@id\":\"https:\\\/\\\/veganuary.com\\\/de\\\/#organization\",\"name\":\"Veganuary\",\"url\":\"https:\\\/\\\/veganuary.com\\\/de\\\/\",\"logo\":{\"@type\":\"ImageObject\",\"inLanguage\":\"de-DE\",\"@id\":\"https:\\\/\\\/veganuary.com\\\/de\\\/#\\\/schema\\\/logo\\\/image\\\/\",\"url\":\"https:\\\/\\\/veganuary.com\\\/wp-content\\\/uploads\\\/2020\\\/11\\\/135-veganuary-animals-icon-transparent-rgb.png\",\"contentUrl\":\"https:\\\/\\\/veganuary.com\\\/wp-content\\\/uploads\\\/2020\\\/11\\\/135-veganuary-animals-icon-transparent-rgb.png\",\"width\":135,\"height\":135,\"caption\":\"Veganuary\"},\"image\":{\"@id\":\"https:\\\/\\\/veganuary.com\\\/de\\\/#\\\/schema\\\/logo\\\/image\\\/\"},\"sameAs\":[\"https:\\\/\\\/www.facebook.com\\\/Veganuary\\\/\",\"https:\\\/\\\/x.com\\\/veganuary\",\"https:\\\/\\\/www.instagram.com\\\/weareveganuary\\\/\",\"https:\\\/\\\/www.linkedin.com\\\/company\\\/veganuary-limited\",\"https:\\\/\\\/www.pinterest.co.uk\\\/Veganuary\\\/\",\"https:\\\/\\\/www.youtube.com\\\/channel\\\/UCGDLtGanlPZLidEGP2N39CA\",\"https:\\\/\\\/en.wikipedia.org\\\/wiki\\\/Veganuary\"]}]}<\/script>\n<!-- \/ Yoast SEO plugin. -->","yoast_head_json":{"title":"Einkaufen | Veganuary","description":"Der Einkaufsguide f\u00fcr eine erste Orientierung sowie einen leichten Einstieg in dein veganes Abenteuer! Los geht's!","robots":{"index":"index","follow":"follow","max-snippet":"max-snippet:-1","max-image-preview":"max-image-preview:large","max-video-preview":"max-video-preview:-1"},"canonical":"https:\/\/veganuary.com\/de\/vegan-leben\/einkaufen\/","og_locale":"de_DE","og_type":"article","og_title":"Einkaufen | Veganuary","og_description":"Der Einkaufsguide f\u00fcr einen leichten Einstieg in dein veganes Abenteuer!","og_url":"https:\/\/veganuary.com\/de\/vegan-leben\/einkaufen\/","og_site_name":"Veganuary","article_publisher":"https:\/\/www.facebook.com\/Veganuary\/","article_modified_time":"2025-04-07T12:47:06+00:00","og_image":[{"width":2400,"height":1600,"url":"https:\/\/veganuary.com\/wp-content\/uploads\/2020\/09\/shopping-hero.jpg","type":"image\/jpeg"}],"twitter_card":"summary_large_image","twitter_title":"Einkaufen | Veganuary","twitter_description":"Der Einkaufsguide f\u00fcr einen leichten Einstieg in dein veganes Abenteuer!","twitter_image":"https:\/\/veganuary.com\/wp-content\/uploads\/2020\/09\/shopping-hero.jpg","twitter_site":"@veganuary","twitter_misc":{"Gesch\u00e4tzte Lesezeit":"3 Minuten"},"schema":{"@context":"https:\/\/schema.org","@graph":[{"@type":"WebPage","@id":"https:\/\/veganuary.com\/de\/vegan-leben\/einkaufen\/","url":"https:\/\/veganuary.com\/de\/vegan-leben\/einkaufen\/","name":"Einkaufen | Veganuary","isPartOf":{"@id":"https:\/\/veganuary.com\/de\/#website"},"primaryImageOfPage":{"@id":"https:\/\/veganuary.com\/de\/vegan-leben\/einkaufen\/#primaryimage"},"image":{"@id":"https:\/\/veganuary.com\/de\/vegan-leben\/einkaufen\/#primaryimage"},"thumbnailUrl":"https:\/\/veganuary.com\/wp-content\/uploads\/2020\/09\/shopping-hero.jpg","datePublished":"2020-08-06T07:41:20+00:00","dateModified":"2025-04-07T12:47:06+00:00","description":"Der Einkaufsguide f\u00fcr eine erste Orientierung sowie einen leichten Einstieg in dein veganes Abenteuer! Los geht's!","breadcrumb":{"@id":"https:\/\/veganuary.com\/de\/vegan-leben\/einkaufen\/#breadcrumb"},"inLanguage":"de-DE","potentialAction":[{"@type":"ReadAction","target":["https:\/\/veganuary.com\/de\/vegan-leben\/einkaufen\/"]}]},{"@type":"ImageObject","inLanguage":"de-DE","@id":"https:\/\/veganuary.com\/de\/vegan-leben\/einkaufen\/#primaryimage","url":"https:\/\/veganuary.com\/wp-content\/uploads\/2020\/09\/shopping-hero.jpg","contentUrl":"https:\/\/veganuary.com\/wp-content\/uploads\/2020\/09\/shopping-hero.jpg","width":2400,"height":1600},{"@type":"BreadcrumbList","@id":"https:\/\/veganuary.com\/de\/vegan-leben\/einkaufen\/#breadcrumb","itemListElement":[{"@type":"ListItem","position":1,"name":"Home","item":"https:\/\/veganuary.com\/de\/"},{"@type":"ListItem","position":2,"name":"Vegan leben","item":"https:\/\/veganuary.com\/de\/vegan-leben\/"},{"@type":"ListItem","position":3,"name":"Einkaufen"}]},{"@type":"WebSite","@id":"https:\/\/veganuary.com\/de\/#website","url":"https:\/\/veganuary.com\/de\/","name":"Veganuary","description":"The website for Veganuary","publisher":{"@id":"https:\/\/veganuary.com\/de\/#organization"},"potentialAction":[{"@type":"SearchAction","target":{"@type":"EntryPoint","urlTemplate":"https:\/\/veganuary.com\/de\/?s={search_term_string}"},"query-input":{"@type":"PropertyValueSpecification","valueRequired":true,"valueName":"search_term_string"}}],"inLanguage":"de-DE"},{"@type":"Organization","@id":"https:\/\/veganuary.com\/de\/#organization","name":"Veganuary","url":"https:\/\/veganuary.com\/de\/","logo":{"@type":"ImageObject","inLanguage":"de-DE","@id":"https:\/\/veganuary.com\/de\/#\/schema\/logo\/image\/","url":"https:\/\/veganuary.com\/wp-content\/uploads\/2020\/11\/135-veganuary-animals-icon-transparent-rgb.png","contentUrl":"https:\/\/veganuary.com\/wp-content\/uploads\/2020\/11\/135-veganuary-animals-icon-transparent-rgb.png","width":135,"height":135,"caption":"Veganuary"},"image":{"@id":"https:\/\/veganuary.com\/de\/#\/schema\/logo\/image\/"},"sameAs":["https:\/\/www.facebook.com\/Veganuary\/","https:\/\/x.com\/veganuary","https:\/\/www.instagram.com\/weareveganuary\/","https:\/\/www.linkedin.com\/company\/veganuary-limited","https:\/\/www.pinterest.co.uk\/Veganuary\/","https:\/\/www.youtube.com\/channel\/UCGDLtGanlPZLidEGP2N39CA","https:\/\/en.wikipedia.org\/wiki\/Veganuary"]}]}},"_links":{"self":[{"href":"https:\/\/veganuary.com\/de\/wp-json\/wp\/v2\/pages\/73091","targetHints":{"allow":["GET"]}}],"collection":[{"href":"https:\/\/veganuary.com\/de\/wp-json\/wp\/v2\/pages"}],"about":[{"href":"https:\/\/veganuary.com\/de\/wp-json\/wp\/v2\/types\/page"}],"author":[{"embeddable":true,"href":"https:\/\/veganuary.com\/de\/wp-json\/wp\/v2\/users\/70"}],"replies":[{"embeddable":true,"href":"https:\/\/veganuary.com\/de\/wp-json\/wp\/v2\/comments?post=73091"}],"version-history":[{"count":0,"href":"https:\/\/veganuary.com\/de\/wp-json\/wp\/v2\/pages\/73091\/revisions"}],"up":[{"embeddable":true,"href":"https:\/\/veganuary.com\/de\/wp-json\/wp\/v2\/pages\/74617"}],"wp:featuredmedia":[{"embeddable":true,"href":"https:\/\/veganuary.com\/de\/wp-json\/wp\/v2\/media\/2149"}],"wp:attachment":[{"href":"https:\/\/veganuary.com\/de\/wp-json\/wp\/v2\/media?parent=73091"}],"curies":[{"name":"wp","href":"https:\/\/api.w.org\/{rel}","templated":true}]}}