{"id":73093,"date":"2020-09-03T17:18:44","date_gmt":"2020-09-03T16:18:44","guid":{"rendered":"https:\/\/veganuary.com\/workplace-challenge\/"},"modified":"2026-04-09T15:55:15","modified_gmt":"2026-04-09T14:55:15","slug":"workplace-challenge","status":"publish","type":"page","link":"https:\/\/veganuary.com\/de\/sei-dabei\/workplace-challenge\/","title":{"rendered":"Workplace Challenge"},"content":{"rendered":"\n<div class=\"hero\">\n\t<div class=\"hero__overlay\">\n\t\t<div class=\"hero__content\">\n\t\t\t<div class=\"container\">\n\t\t\t\t<div class=\"row\">\n\t\t\t\t\t<div class=\"col-md-10 offset-md-1 col-lg-8 offset-lg-2 col-xl-6 offset-xl-3\">\n\n\t\t\t\t\t\t<h1 class=\"hero__title\">Workplace Challenge<\/h1>\n\n\t\t\t\t\t\t\t\t\t\t\t\t\t<div class=\"hero__icon\">\n\t\t\t\t\t\t\t\t<img decoding=\"async\" class=\"hero__icon__img\" src=\"https:\/\/veganuary.com\/wp-content\/themes\/veganuary\/assets\/img\/veganuary-icon-orange.svg\" alt=\"\">\n\t\t\t\t\t\t\t<\/div>\n\n\t\t\t\t\t\t\t<p class=\"hero__subtitle\">Am Arbeitsplatz gemeinsam die Welt retten<\/p>\n\t\t\t\t\t\t\n\t\t\t\t\t<\/div>\n\t\t\t\t<\/div>\n\t\t\t<\/div>\n\t\t<\/div>\n\t<\/div>\n\n\t<div class=\"hero__figure\">\n\t\t<picture class=\"hero__picture\">\n\t\t\t\t<source media=\"(min-width: 992px)\" srcset=\"https:\/\/veganuary.com\/wp-content\/uploads\/2020\/09\/workplace-challenge-hero-1200x800.jpg, https:\/\/veganuary.com\/wp-content\/uploads\/2020\/09\/workplace-challenge-hero-1800x1200.jpg 2x\">\n\t\t\t\t<source media=\"(min-width: 768px)\" srcset=\"https:\/\/veganuary.com\/wp-content\/uploads\/2020\/09\/workplace-challenge-hero-800x533.jpg, https:\/\/veganuary.com\/wp-content\/uploads\/2020\/09\/workplace-challenge-hero-1800x1200.jpg 2x\">\n\t\t\t\t<source media=\"(min-width: 576px)\" srcset=\"https:\/\/veganuary.com\/wp-content\/uploads\/2020\/09\/workplace-challenge-hero-800x533.jpg, https:\/\/veganuary.com\/wp-content\/uploads\/2020\/09\/workplace-challenge-hero-1200x800.jpg 2x\">\n\t\t\t\t<source media=\"(max-width: 575px)\" srcset=\"https:\/\/veganuary.com\/wp-content\/uploads\/2020\/09\/workplace-challenge-hero-400x267.jpg, https:\/\/veganuary.com\/wp-content\/uploads\/2020\/09\/workplace-challenge-hero-800x533.jpg 2x\">\n\t\t\t\t<img decoding=\"async\" class=\"hero__img\" src=\"https:\/\/veganuary.com\/wp-content\/uploads\/2020\/09\/workplace-challenge-hero-400x267.jpg\" alt=\"\"><\/picture>\t<\/div>\n\n<\/div>\n\n\n\n<div class=\"wp-block-group has-white-background-color has-background\"><div class=\"wp-block-group__inner-container is-layout-flow wp-block-group-is-layout-flow\">\n<p class=\"has-medium-font-size\">M\u00f6chtest du dein Unternehmen oder deinen Arbeitsplatz zu einem ges\u00fcnderen, gl\u00fccklicheren Ort machen und gleichzeitig zum Schutz des Planeten und der Tiere beitragen?<\/p>\n\n\n\n<p>Dann mach mit bei der Veganuary-Workplace Challenge und ermutige andere in deiner Organisation, Institution, Universit\u00e4t oder Unternehmen f\u00fcr einen Monat lang mit dir eine rein pflanzliche Ern\u00e4hrung auszuprobieren!<\/p>\n\n\n<div class=\"wp-block-buttons is-layout-flex wp-block-buttons-is-layout-flex\">\n    <div class=\"wp-block-button is-style-fill\">\n    <a  href=\"javascript:;\"\">\n        <button class=\"wp-block-button__link wp-element-button extended-button\" data-popup-title=\"Workplace Challenge Guide herunterladen\" data-popup-desc=\"Wir ermutigen alle Unternehmen, die Veganuary-Kampagne zu unterst\u00fctzen. Dabei ist es uns wichtig, dass jegliche Nutzung unseres Toolkits mit den Werten und der gemeinn\u00fctzigen Mission von Veganuary \u00fcbereinstimmt. Bitte f\u00fcllen Sie die nachstehenden Felder aus und akzeptieren Sie die Nutzungsbedingungen.\" data-button-link=\"https:\/\/veganuary.com\/wp-content\/uploads\/2025\/11\/DE-Veganuary-WPC-Guide-2026.pdf\" data-email-label=\"E-Mail Adresse\" data-company-label=\"Name des Unternehmens\"\n    data-dicl-text=\"&lt;p&gt;Der Name Veganuary, das Logo, die Marke sowie die in diesem Toolkit enthaltenen Marketingmaterialien sind geistiges Eigentum von Veganuary. Veganuary gew\u00e4hrt dem oben genannten Unternehmen hiermit eine nicht-exklusive Lizenz zur Nutzung des Logos, der gesch\u00fctzten Marke Veganuary und der in diesem Toolkit enthaltenen Marketingmaterialien unter den folgenden Bedingungen:&lt;br \/&gt;\n1. Diese Lizenz l\u00e4uft innerhalb von 3 Jahren ab dem heutigen Datum ab und kann nach Ermessen von Veganuary verl\u00e4ngert werden.&lt;br \/&gt;\n2. Veganuary bleibt rechtm\u00e4\u00dfiger Inhaber der Marke, und Urheber des gesamten geistigen Eigentums von Veganuary, der Logos sowie des Brandings.&lt;br \/&gt;\n3. Der gesamte Gesch\u00e4ftswert, der mit der Nutzung des Logos, der Marke oder anderer Marketingmaterialien von Veganuary einhergeht, steht Veganuary zu.&lt;br \/&gt;\n4. Hiermit versichern Sie, dieses Business Support Toolkit in \u00dcbereinstimmung mit den Werten von Veganuary zu verwenden. Das hei\u00dft, Sie verpflichten sich, Logos, Icons, den Namen sowie die Marke Veganuary ausschlie\u00dflich daf\u00fcr zu verwenden, einzig vegane Produkte zu vermarkten, zu f\u00f6rdern oder zu verkaufen.&lt;br \/&gt;\n5. Sie werden sich selbst, Ihre Organisation oder das von Ihnen vertretene Unternehmen in keiner Weise als offiziellen Partner darstellen oder Ihre Verbindung zu Veganuary in anderer Weise als zum Zweck der Bewerbung der Kampagne herausstellen.&lt;br \/&gt;\n6. Sie verpflichten sich, &lt;span style=&quot;color: #f52878&quot;&gt;das Logo sowie den Namen, und\/oder die Marke Veganuary in \u00dcbereinstimmung mit unseren &lt;a href=&quot;https:\/\/weareveganuary.sharepoint.com\/:b:\/s\/ShareExternally\/EcS2C1AVH6hHuNrjOwEfNCEBae6X3mPs4WUJ80yQp2yHkw?e=4aLLXA&quot; target=&quot;_blank&quot; rel=&quot;noopener&quot;&gt;Brand Guidelines&lt;\/a&gt;&lt;\/span&gt; zu verwenden und das Logo oder das Branding in keiner Weise zu ver\u00e4ndern.&lt;br \/&gt;\n7. Sie verpflichten sich, das Logo sowie den Namen oder die Marke Veganuary nicht in einer Weise zu verwenden, die dem Ruf von Veganuary schaden k\u00f6nnte.&lt;br \/&gt;\n8. Die Zustimmung kann jederzeit seitens Veganuary widerrufen werden. Die Zustimmung kann beispielsweise dann widerrufen werden, wenn Sie Name, Logo, Marke, Branding und\/oder andere Marketingmaterialien von Veganuary nutzen, um nicht-vegane Produkte zu bewerben, wenn Ihr Handeln nach Ansicht von Veganuary nicht im Interesse einer weiteren Nutzung der Materialien liegt oder wenn Sie gegen eine der hier dargelegten Bedingungen versto\u00dfen.&lt;br \/&gt;\n9. Sie nehmen zur Kenntnis, dass die Nichteinhaltung dieser Bedingungen dazu f\u00fchrt, dass Ihre Lizenz zur Nutzung der Marke, des Branding, des Logos und des geistigen Eigentums von Veganuary unverz\u00fcglich widerrufen wird.&lt;br \/&gt;\n10. Sie erkl\u00e4ren sich damit einverstanden, dass ein Mitglied unseres Corporate and Institutional Change Teams Sie m\u00f6glicherweise per E-Mail kontaktiert, um zus\u00e4tzliche kostenlose Unterst\u00fctzung f\u00fcr Ihre Veganuary-Kampagne anzubieten.&lt;\/p&gt;\n\" data-consent-text=\"Ich stimme den Nutzungsbedingungen zu.*\" data-submit-btn-text=\"Absenden\" data-admin-email=\"unternehmen@veganuary.com\" data-current-url=\"https:\/\/veganuary.com\/de\/sei-dabei\/workplace-challenge\/\" >\n            Workplace Challenge Guide herunterladen        <\/button>\n    <\/a>\n    <\/div>\n<\/div>\n\n\n\n\n<p><\/p>\n\n\n\n<p>Es zahlt sich aus \u2026<\/p>\n\n\n\n<p>Menschen, die sich pflanzlich ern\u00e4hren, haben h\u00e4ufig ein geringeres Risiko, an Diabetes Typ 2, Herzerkrankungen und \u00dcbergewicht zu erkranken \u2013 im Vergleich zu Menschen, die viel Fleisch und Fleischprodukte konsumieren.<\/p>\n\n\n\n<p>Doch auch unsere Umwelt profitiert von einer veganen Ern\u00e4hrungsweise: Nach Berechnungen der Universit\u00e4t Oxford produziert jede:r Deutsche pro Jahr durchschnittlich elf Tonnen Treibhausgase. Wer vegan lebt, reduziert die Bilanz um zwei Tonnen j\u00e4hrlich, bei ansonsten gleichbleibendem Lebensstil.<\/p>\n\n\n\n<p>Bist du Arbeitgeber:in und m\u00f6chtest dich zum Thema Nachhaltigkeit oder gesunde Ern\u00e4hrung am Arbeitsplatz engagieren? Oder nimmst du selbst am Veganuary teil und bist auf der Suche nach Gleichgesinnten? Wir stellen dir alles zur Verf\u00fcgung was du ben\u00f6tigst, um deine eigene Veganuary Workplace Challenge durchzuf\u00fchren und deinen Arbeitsplatz f\u00fcr Veganuary zu begeistern.<\/p>\n<\/div><\/div>\n","protected":false},"excerpt":{"rendered":"<p>M\u00f6chtest du dein Unternehmen oder deinen Arbeitsplatz zu einem ges\u00fcnderen, gl\u00fccklicheren Ort machen und gleichzeitig zum Schutz des Planeten und&hellip;<\/p>\n","protected":false},"author":70,"featured_media":2409,"parent":74627,"menu_order":57,"comment_status":"closed","ping_status":"closed","template":"","meta":{"_acf_changed":true,"_coblocks_attr":"","_coblocks_dimensions":"","_coblocks_responsive_height":"","_coblocks_accordion_ie_support":"","footnotes":""},"class_list":["post-73093","page","type-page","status-publish","has-post-thumbnail","hentry"],"acf":[],"yoast_head":"<!-- This site is optimized with the Yoast SEO plugin v27.3 - https:\/\/yoast.com\/product\/yoast-seo-wordpress\/ -->\n<title>Workplace Challenge | Veganuary Deutschland<\/title>\n<meta name=\"description\" content=\"Am Arbeitsplatz gemeinsam die Welt retten\" \/>\n<meta name=\"robots\" content=\"index, follow, max-snippet:-1, max-image-preview:large, max-video-preview:-1\" \/>\n<link rel=\"canonical\" href=\"https:\/\/veganuary.com\/de\/sei-dabei\/workplace-challenge\/\" \/>\n<meta property=\"og:locale\" content=\"de_DE\" \/>\n<meta property=\"og:type\" content=\"article\" \/>\n<meta property=\"og:title\" content=\"Workplace Challenge | Veganuary Deutschland\" \/>\n<meta property=\"og:description\" content=\"Am Arbeitsplatz gemeinsam die Welt retten\" \/>\n<meta property=\"og:url\" content=\"https:\/\/veganuary.com\/de\/sei-dabei\/workplace-challenge\/\" \/>\n<meta property=\"og:site_name\" content=\"Veganuary\" \/>\n<meta property=\"article:publisher\" content=\"https:\/\/www.facebook.com\/Veganuary\/\" \/>\n<meta property=\"article:modified_time\" content=\"2026-04-09T14:55:15+00:00\" \/>\n<meta property=\"og:image\" content=\"https:\/\/veganuary.com\/wp-content\/uploads\/2020\/09\/workplace-challenge-hero.jpg\" \/>\n\t<meta property=\"og:image:width\" content=\"2400\" \/>\n\t<meta property=\"og:image:height\" content=\"1600\" \/>\n\t<meta property=\"og:image:type\" content=\"image\/jpeg\" \/>\n<meta name=\"twitter:card\" content=\"summary_large_image\" \/>\n<meta name=\"twitter:title\" content=\"Workplace Challenge | Vegnauary Deutschland\" \/>\n<meta name=\"twitter:description\" content=\"Am Arbeitsplatz gemeinsam die Welt retten\" \/>\n<meta name=\"twitter:image\" content=\"https:\/\/veganuary.com\/wp-content\/uploads\/2020\/09\/workplace-challenge-hero.jpg\" \/>\n<meta name=\"twitter:site\" content=\"@veganuary\" \/>\n<meta name=\"twitter:label1\" content=\"Gesch\u00e4tzte Lesezeit\" \/>\n\t<meta name=\"twitter:data1\" content=\"1 Minute\" \/>\n<script type=\"application\/ld+json\" class=\"yoast-schema-graph\">{\"@context\":\"https:\\\/\\\/schema.org\",\"@graph\":[{\"@type\":\"WebPage\",\"@id\":\"https:\\\/\\\/veganuary.com\\\/de\\\/sei-dabei\\\/workplace-challenge\\\/\",\"url\":\"https:\\\/\\\/veganuary.com\\\/de\\\/sei-dabei\\\/workplace-challenge\\\/\",\"name\":\"Workplace Challenge | Veganuary Deutschland\",\"isPartOf\":{\"@id\":\"https:\\\/\\\/veganuary.com\\\/de\\\/#website\"},\"primaryImageOfPage\":{\"@id\":\"https:\\\/\\\/veganuary.com\\\/de\\\/sei-dabei\\\/workplace-challenge\\\/#primaryimage\"},\"image\":{\"@id\":\"https:\\\/\\\/veganuary.com\\\/de\\\/sei-dabei\\\/workplace-challenge\\\/#primaryimage\"},\"thumbnailUrl\":\"https:\\\/\\\/veganuary.com\\\/wp-content\\\/uploads\\\/2020\\\/09\\\/workplace-challenge-hero.jpg\",\"datePublished\":\"2020-09-03T16:18:44+00:00\",\"dateModified\":\"2026-04-09T14:55:15+00:00\",\"description\":\"Am Arbeitsplatz gemeinsam die Welt retten\",\"breadcrumb\":{\"@id\":\"https:\\\/\\\/veganuary.com\\\/de\\\/sei-dabei\\\/workplace-challenge\\\/#breadcrumb\"},\"inLanguage\":\"de-DE\",\"potentialAction\":[{\"@type\":\"ReadAction\",\"target\":[\"https:\\\/\\\/veganuary.com\\\/de\\\/sei-dabei\\\/workplace-challenge\\\/\"]}]},{\"@type\":\"ImageObject\",\"inLanguage\":\"de-DE\",\"@id\":\"https:\\\/\\\/veganuary.com\\\/de\\\/sei-dabei\\\/workplace-challenge\\\/#primaryimage\",\"url\":\"https:\\\/\\\/veganuary.com\\\/wp-content\\\/uploads\\\/2020\\\/09\\\/workplace-challenge-hero.jpg\",\"contentUrl\":\"https:\\\/\\\/veganuary.com\\\/wp-content\\\/uploads\\\/2020\\\/09\\\/workplace-challenge-hero.jpg\",\"width\":2400,\"height\":1600},{\"@type\":\"BreadcrumbList\",\"@id\":\"https:\\\/\\\/veganuary.com\\\/de\\\/sei-dabei\\\/workplace-challenge\\\/#breadcrumb\",\"itemListElement\":[{\"@type\":\"ListItem\",\"position\":1,\"name\":\"Home\",\"item\":\"https:\\\/\\\/veganuary.com\\\/de\\\/\"},{\"@type\":\"ListItem\",\"position\":2,\"name\":\"Sei dabei\",\"item\":\"https:\\\/\\\/veganuary.com\\\/de\\\/sei-dabei\\\/\"},{\"@type\":\"ListItem\",\"position\":3,\"name\":\"Workplace Challenge\"}]},{\"@type\":\"WebSite\",\"@id\":\"https:\\\/\\\/veganuary.com\\\/de\\\/#website\",\"url\":\"https:\\\/\\\/veganuary.com\\\/de\\\/\",\"name\":\"Veganuary\",\"description\":\"The website for Veganuary\",\"publisher\":{\"@id\":\"https:\\\/\\\/veganuary.com\\\/de\\\/#organization\"},\"potentialAction\":[{\"@type\":\"SearchAction\",\"target\":{\"@type\":\"EntryPoint\",\"urlTemplate\":\"https:\\\/\\\/veganuary.com\\\/de\\\/?s={search_term_string}\"},\"query-input\":{\"@type\":\"PropertyValueSpecification\",\"valueRequired\":true,\"valueName\":\"search_term_string\"}}],\"inLanguage\":\"de-DE\"},{\"@type\":\"Organization\",\"@id\":\"https:\\\/\\\/veganuary.com\\\/de\\\/#organization\",\"name\":\"Veganuary\",\"url\":\"https:\\\/\\\/veganuary.com\\\/de\\\/\",\"logo\":{\"@type\":\"ImageObject\",\"inLanguage\":\"de-DE\",\"@id\":\"https:\\\/\\\/veganuary.com\\\/de\\\/#\\\/schema\\\/logo\\\/image\\\/\",\"url\":\"https:\\\/\\\/veganuary.com\\\/wp-content\\\/uploads\\\/2020\\\/11\\\/135-veganuary-animals-icon-transparent-rgb.png\",\"contentUrl\":\"https:\\\/\\\/veganuary.com\\\/wp-content\\\/uploads\\\/2020\\\/11\\\/135-veganuary-animals-icon-transparent-rgb.png\",\"width\":135,\"height\":135,\"caption\":\"Veganuary\"},\"image\":{\"@id\":\"https:\\\/\\\/veganuary.com\\\/de\\\/#\\\/schema\\\/logo\\\/image\\\/\"},\"sameAs\":[\"https:\\\/\\\/www.facebook.com\\\/Veganuary\\\/\",\"https:\\\/\\\/x.com\\\/veganuary\",\"https:\\\/\\\/www.instagram.com\\\/weareveganuary\\\/\",\"https:\\\/\\\/www.linkedin.com\\\/company\\\/veganuary-limited\",\"https:\\\/\\\/www.pinterest.co.uk\\\/Veganuary\\\/\",\"https:\\\/\\\/www.youtube.com\\\/channel\\\/UCGDLtGanlPZLidEGP2N39CA\",\"https:\\\/\\\/en.wikipedia.org\\\/wiki\\\/Veganuary\"]}]}<\/script>\n<!-- \/ Yoast SEO plugin. -->","yoast_head_json":{"title":"Workplace Challenge | Veganuary Deutschland","description":"Am Arbeitsplatz gemeinsam die Welt retten","robots":{"index":"index","follow":"follow","max-snippet":"max-snippet:-1","max-image-preview":"max-image-preview:large","max-video-preview":"max-video-preview:-1"},"canonical":"https:\/\/veganuary.com\/de\/sei-dabei\/workplace-challenge\/","og_locale":"de_DE","og_type":"article","og_title":"Workplace Challenge | Veganuary Deutschland","og_description":"Am Arbeitsplatz gemeinsam die Welt retten","og_url":"https:\/\/veganuary.com\/de\/sei-dabei\/workplace-challenge\/","og_site_name":"Veganuary","article_publisher":"https:\/\/www.facebook.com\/Veganuary\/","article_modified_time":"2026-04-09T14:55:15+00:00","og_image":[{"width":2400,"height":1600,"url":"https:\/\/veganuary.com\/wp-content\/uploads\/2020\/09\/workplace-challenge-hero.jpg","type":"image\/jpeg"}],"twitter_card":"summary_large_image","twitter_title":"Workplace Challenge | Vegnauary Deutschland","twitter_description":"Am Arbeitsplatz gemeinsam die Welt retten","twitter_image":"https:\/\/veganuary.com\/wp-content\/uploads\/2020\/09\/workplace-challenge-hero.jpg","twitter_site":"@veganuary","twitter_misc":{"Gesch\u00e4tzte Lesezeit":"1 Minute"},"schema":{"@context":"https:\/\/schema.org","@graph":[{"@type":"WebPage","@id":"https:\/\/veganuary.com\/de\/sei-dabei\/workplace-challenge\/","url":"https:\/\/veganuary.com\/de\/sei-dabei\/workplace-challenge\/","name":"Workplace Challenge | Veganuary Deutschland","isPartOf":{"@id":"https:\/\/veganuary.com\/de\/#website"},"primaryImageOfPage":{"@id":"https:\/\/veganuary.com\/de\/sei-dabei\/workplace-challenge\/#primaryimage"},"image":{"@id":"https:\/\/veganuary.com\/de\/sei-dabei\/workplace-challenge\/#primaryimage"},"thumbnailUrl":"https:\/\/veganuary.com\/wp-content\/uploads\/2020\/09\/workplace-challenge-hero.jpg","datePublished":"2020-09-03T16:18:44+00:00","dateModified":"2026-04-09T14:55:15+00:00","description":"Am Arbeitsplatz gemeinsam die Welt retten","breadcrumb":{"@id":"https:\/\/veganuary.com\/de\/sei-dabei\/workplace-challenge\/#breadcrumb"},"inLanguage":"de-DE","potentialAction":[{"@type":"ReadAction","target":["https:\/\/veganuary.com\/de\/sei-dabei\/workplace-challenge\/"]}]},{"@type":"ImageObject","inLanguage":"de-DE","@id":"https:\/\/veganuary.com\/de\/sei-dabei\/workplace-challenge\/#primaryimage","url":"https:\/\/veganuary.com\/wp-content\/uploads\/2020\/09\/workplace-challenge-hero.jpg","contentUrl":"https:\/\/veganuary.com\/wp-content\/uploads\/2020\/09\/workplace-challenge-hero.jpg","width":2400,"height":1600},{"@type":"BreadcrumbList","@id":"https:\/\/veganuary.com\/de\/sei-dabei\/workplace-challenge\/#breadcrumb","itemListElement":[{"@type":"ListItem","position":1,"name":"Home","item":"https:\/\/veganuary.com\/de\/"},{"@type":"ListItem","position":2,"name":"Sei dabei","item":"https:\/\/veganuary.com\/de\/sei-dabei\/"},{"@type":"ListItem","position":3,"name":"Workplace Challenge"}]},{"@type":"WebSite","@id":"https:\/\/veganuary.com\/de\/#website","url":"https:\/\/veganuary.com\/de\/","name":"Veganuary","description":"The website for Veganuary","publisher":{"@id":"https:\/\/veganuary.com\/de\/#organization"},"potentialAction":[{"@type":"SearchAction","target":{"@type":"EntryPoint","urlTemplate":"https:\/\/veganuary.com\/de\/?s={search_term_string}"},"query-input":{"@type":"PropertyValueSpecification","valueRequired":true,"valueName":"search_term_string"}}],"inLanguage":"de-DE"},{"@type":"Organization","@id":"https:\/\/veganuary.com\/de\/#organization","name":"Veganuary","url":"https:\/\/veganuary.com\/de\/","logo":{"@type":"ImageObject","inLanguage":"de-DE","@id":"https:\/\/veganuary.com\/de\/#\/schema\/logo\/image\/","url":"https:\/\/veganuary.com\/wp-content\/uploads\/2020\/11\/135-veganuary-animals-icon-transparent-rgb.png","contentUrl":"https:\/\/veganuary.com\/wp-content\/uploads\/2020\/11\/135-veganuary-animals-icon-transparent-rgb.png","width":135,"height":135,"caption":"Veganuary"},"image":{"@id":"https:\/\/veganuary.com\/de\/#\/schema\/logo\/image\/"},"sameAs":["https:\/\/www.facebook.com\/Veganuary\/","https:\/\/x.com\/veganuary","https:\/\/www.instagram.com\/weareveganuary\/","https:\/\/www.linkedin.com\/company\/veganuary-limited","https:\/\/www.pinterest.co.uk\/Veganuary\/","https:\/\/www.youtube.com\/channel\/UCGDLtGanlPZLidEGP2N39CA","https:\/\/en.wikipedia.org\/wiki\/Veganuary"]}]}},"_links":{"self":[{"href":"https:\/\/veganuary.com\/de\/wp-json\/wp\/v2\/pages\/73093","targetHints":{"allow":["GET"]}}],"collection":[{"href":"https:\/\/veganuary.com\/de\/wp-json\/wp\/v2\/pages"}],"about":[{"href":"https:\/\/veganuary.com\/de\/wp-json\/wp\/v2\/types\/page"}],"author":[{"embeddable":true,"href":"https:\/\/veganuary.com\/de\/wp-json\/wp\/v2\/users\/70"}],"replies":[{"embeddable":true,"href":"https:\/\/veganuary.com\/de\/wp-json\/wp\/v2\/comments?post=73093"}],"version-history":[{"count":0,"href":"https:\/\/veganuary.com\/de\/wp-json\/wp\/v2\/pages\/73093\/revisions"}],"up":[{"embeddable":true,"href":"https:\/\/veganuary.com\/de\/wp-json\/wp\/v2\/pages\/74627"}],"wp:featuredmedia":[{"embeddable":true,"href":"https:\/\/veganuary.com\/de\/wp-json\/wp\/v2\/media\/2409"}],"wp:attachment":[{"href":"https:\/\/veganuary.com\/de\/wp-json\/wp\/v2\/media?parent=73093"}],"curies":[{"name":"wp","href":"https:\/\/api.w.org\/{rel}","templated":true}]}}