{"id":73412,"date":"2020-09-03T15:42:02","date_gmt":"2020-09-03T14:42:02","guid":{"rendered":"https:\/\/veganuary.com\/uber-veganuary\/corporate-outreach\/"},"modified":"2025-03-14T16:15:56","modified_gmt":"2025-03-14T16:15:56","slug":"zusammenarbeit-mit-unternehmen","status":"publish","type":"page","link":"https:\/\/veganuary.com\/de\/uber-uns\/zusammenarbeit-mit-unternehmen\/","title":{"rendered":"Zusammenarbeit mit Unternehmen"},"content":{"rendered":"\n<div class=\"masthead\">\n\t<div class=\"container\">\n\t\t<div class=\"row\">\n\t\t\t<div class=\"col-md-10 offset-md-1 col-lg-8 offset-lg-2 col-xl-6 offset-xl-3\">\n\n\t\t\t\t<h1 class=\"masthead__title\">ZUSAMMENARBEIT MIT UNTERNEHMEN<\/h1>\n\n\t\t\t\t\n\t\t\t<\/div>\n\t\t<\/div>\n\t<\/div>\n<\/div>\n\n\n\n<div class=\"wp-block-group has-light-gray-background-color has-background\"><div class=\"wp-block-group__inner-container is-layout-flow wp-block-group-is-layout-flow\">\n<p>Gro\u00dfbritannien und Deutschland sind weltweit f\u00fchrend bei der Einf\u00fchrung neuer veganer Lebensmittel. Das Marktforschungsunternehmen Nielsen stellte bereits 2022 fest, dass sich die Werbeausgaben deutscher Unternehmen in Zusammenhang mit dem Veganuary seit 2020 mehr als versiebenfacht haben (plus 750 Prozent). Mehr als 1.000 Unternehmen und Marken waren allein in Deutschland Teil des Veganuary 2025. Und Millionen Menschen nehmen den Veganuary jedes Jahr zum Anlass, eine pflanzliche Ern\u00e4hrung auszuprobieren \u2013 laut aktueller Umfragen von Marktforschungsinstituten waren im Veganuary 2025 weltweit rund 25,8 Millionen Menschen dabei.<\/p>\n\n\n\n<p>Seit die Veganuary-Kampagne im Januar 2014 ins Leben gerufen wurde, nehmen jedes Jahr mehr und mehr Unternehmen daran teil, f\u00fchren neue vegane Produkte auf dem Markt ein, kreieren rein pflanzliche Men\u00fcs in ihren Restaurants oder nutzen ihr Werbebudget, um bestehende vegane Produktlinien st\u00e4rker zu bewerben und Menschen dazu anzuregen, pflanzliche Produkte den tierischen vorzuziehen. Wir arbeiten das ganze Jahr mit multinationalen Konzernen bis hin zu lokalen Restaurantketten an der Vermarktung ihrer zunehmend rein pflanzlichen Produkte. <strong><strong>Zum Veganuary 2025 wurden mehr als 1.480 neue vegane Produkte und Men\u00fcoptionen eingef\u00fchrt.<\/strong><\/strong><\/p>\n\n\n\n<figure class=\"wp-block-gallery has-nested-images columns-default is-cropped wp-block-gallery-1 is-layout-flex wp-block-gallery-is-layout-flex\">\n<figure class=\"wp-block-image size-large\"><img fetchpriority=\"high\" decoding=\"async\" width=\"1200\" height=\"1200\" data-id=\"2469\" src=\"https:\/\/veganuary.com\/wp-content\/uploads\/2020\/09\/corporate-outreach-1.jpg\" alt=\"\" class=\"wp-image-2469\" srcset=\"https:\/\/veganuary.com\/wp-content\/uploads\/2020\/09\/corporate-outreach-1.jpg 1200w, https:\/\/veganuary.com\/wp-content\/uploads\/2020\/09\/corporate-outreach-1-400x400.jpg 400w, https:\/\/veganuary.com\/wp-content\/uploads\/2020\/09\/corporate-outreach-1-768x768.jpg 768w, https:\/\/veganuary.com\/wp-content\/uploads\/2020\/09\/corporate-outreach-1-800x800.jpg 800w\" sizes=\"(max-width: 1200px) 100vw, 1200px\" \/><\/figure>\n<\/figure>\n\n\n\n<p>Einige Produkte haben unser Herz 2025 h\u00f6her schlagen lassen, darunter viele neue Produkte und Angebote im Einzelhandel wie Aldi, Alnatura, dm, Edeka, Globus, Lidl, Penny und Rewe. Bei IKEA gab es p\u00fcnktlich zum Veganuary ein pflanzliches Fischfilet in den Schwedenrestaurants. Gro\u00dfe Restaurantketten begeisterten mit pflanzlichen Alternativen, darunter der King Rib bei Burger King, ein Ciabatta mit veganem R\u00e4ucherlachs bei Nordsee, sowie ein ganzes Aktionsmen\u00fc bei Enchilada. Auch unterwegs gab es vegane Neuheiten \u2013 unter anderem bei Ditsch, Kamps und Le Crobag. Dar\u00fcber hinaus gab es viele neue Produkte von Marken, zum Beispiel pflanzliches Nutella und Hanuta von Ferrero, die beide p\u00fcnktlich zum Veganuary 2025 auf den deutschen Markt kamen.<\/p>\n\n\n\n<p>Unsere Unternehmenskooperationen tragen dazu bei, dass vegane Lebensmittel und Produkte besser erh\u00e4ltlich sind, sodass es beim Einkaufen immer leichter wird, sich f\u00fcr tierfreie Optionen zu entscheiden.<\/p>\n\n\n\n<div class=\"wp-block-buttons is-layout-flex wp-block-buttons-is-layout-flex\">\n<div class=\"wp-block-button is-style-fill\"><a class=\"wp-block-button__link wp-element-button\" href=\"https:\/\/veganuary.com\/de\/sei-dabei\/unternehmenskooperationen\/\">MEHR LESEN<\/a><\/div>\n<\/div>\n\n\n\n<figure class=\"wp-block-image size-large\"><img decoding=\"async\" width=\"1200\" height=\"1200\" src=\"https:\/\/veganuary.com\/wp-content\/uploads\/2020\/09\/corporate-outreach-2.jpg\" alt=\"\" class=\"wp-image-2483\" srcset=\"https:\/\/veganuary.com\/wp-content\/uploads\/2020\/09\/corporate-outreach-2.jpg 1200w, https:\/\/veganuary.com\/wp-content\/uploads\/2020\/09\/corporate-outreach-2-400x400.jpg 400w, https:\/\/veganuary.com\/wp-content\/uploads\/2020\/09\/corporate-outreach-2-768x768.jpg 768w, https:\/\/veganuary.com\/wp-content\/uploads\/2020\/09\/corporate-outreach-2-800x800.jpg 800w\" sizes=\"(max-width: 1200px) 100vw, 1200px\" \/><\/figure>\n\n\n\n<h2 class=\"wp-block-heading\">Die Workplace Challenge<\/h2>\n\n\n\n<p>Unsere Zusammenarbeit mit Unternehmen f\u00fchrt nicht nur zu zahlreichen neuen Produkt-Launches und Men\u00fc-Angeboten. Wir ermutigen sie auch, mit einer Workplace Challenge am Veganuary teilzunehmen. <\/p>\n\n\n\n<p>Im Januar 2025 nahmen mindestens 97 Unternehmen an der Workplace Challenge teil und riefen ihre Teams dazu auf, sich dem Veganuary anzuschlie\u00dfen. Darunter waren ProSiebenSat.1, der 1. FC Kaiserslautern, mkk, Naturstrom, Commerzbank, Targobank, Continental, Deloitte, Canyon Bicycles, Peter K\u00f6lln, Denkwerk, Ritter Sport, Coca-Cola, BASF, Ergo, Puma, Iglo, Dr. Oetker, Metro und Globus. Im Bereich Gemeinschaftsverpflegung engagierten sich Cateringunternehmen und deutsche Studierendenwerke im Veganuary: Aramark, Dussmann, SV Group, Kl\u00fch Catering, Kruschina, L&amp;D und Wisag sowie Studierendenwerke von mehr als 20 Universit\u00e4ten boten in tausenden Betriebsrestaurants, Einrichtungen des Gesundheitswesens, Uni-Mensen und Schulen neue pflanzliche Speisen an \u2013 und erreichten damit jeden Tag Millionen Menschen.<\/p>\n\n\n\n<p>Wir regen viele weitere Unternehmen dazu an, sich der Veganuary Workplace Challenge anzuschlie\u00dfen und haben hilfreiche Informationen zusammengestellt, um die Teilnahme so leicht wie m\u00f6glich zu machen. Alle n\u00f6tigen Informationen k\u00f6nnen auf unserer Website heruntergeladen werden.<\/p>\n\n\n\n<div class=\"wp-block-buttons is-layout-flex wp-block-buttons-is-layout-flex\">\n<div class=\"wp-block-button is-style-fill\"><a class=\"wp-block-button__link wp-element-button\" href=\"https:\/\/veganuary.com\/de\/sei-dabei\/workplace-challenge\/\">MEHR LESEN<\/a><\/div>\n<\/div>\n<\/div><\/div>\n","protected":false},"excerpt":{"rendered":"<p>Gro\u00dfbritannien und Deutschland sind weltweit f\u00fchrend bei der Einf\u00fchrung neuer veganer Lebensmittel. Das Marktforschungsunternehmen Nielsen stellte bereits 2022 fest, dass&hellip;<\/p>\n","protected":false},"author":70,"featured_media":2476,"parent":74607,"menu_order":66,"comment_status":"closed","ping_status":"closed","template":"","meta":{"_acf_changed":false,"_coblocks_attr":"","_coblocks_dimensions":"","_coblocks_responsive_height":"","_coblocks_accordion_ie_support":"","footnotes":""},"class_list":["post-73412","page","type-page","status-publish","has-post-thumbnail","hentry"],"acf":[],"yoast_head":"<!-- This site is optimized with the Yoast SEO plugin v27.2 - https:\/\/yoast.com\/product\/yoast-seo-wordpress\/ -->\n<title>Zusammenarbeit mit Unternehmen | Veganuary Deutschland<\/title>\n<meta name=\"description\" content=\"J\u00e4hrlich nehmen mehr Unternehmen am Veganuary teil, um neue pflanzliche Optionen auf den Markt zu bringen und ihr veganes Angebot zu bewerben.\" \/>\n<meta name=\"robots\" content=\"index, follow, max-snippet:-1, max-image-preview:large, max-video-preview:-1\" \/>\n<link rel=\"canonical\" href=\"https:\/\/veganuary.com\/de\/uber-uns\/zusammenarbeit-mit-unternehmen\/\" \/>\n<meta property=\"og:locale\" content=\"de_DE\" \/>\n<meta property=\"og:type\" content=\"article\" \/>\n<meta property=\"og:title\" content=\"Zusammenarbeit mit Unternehmen | Veganuary Deutschland\" \/>\n<meta property=\"og:description\" content=\"J\u00e4hrlich nehmen mehr Unternehmen am Veganuary teil, um neue pflanzliche Optionen auf den Markt zu bringen und ihr veganes Angebot zu bewerben.\" \/>\n<meta property=\"og:url\" content=\"https:\/\/veganuary.com\/de\/uber-uns\/zusammenarbeit-mit-unternehmen\/\" \/>\n<meta property=\"og:site_name\" content=\"Veganuary\" \/>\n<meta property=\"article:publisher\" content=\"https:\/\/www.facebook.com\/Veganuary\/\" \/>\n<meta property=\"article:modified_time\" content=\"2025-03-14T16:15:56+00:00\" \/>\n<meta property=\"og:image\" content=\"https:\/\/veganuary.com\/wp-content\/uploads\/2020\/09\/corporate-outreach-1.jpg\" \/>\n\t<meta property=\"og:image:width\" content=\"1200\" \/>\n\t<meta property=\"og:image:height\" content=\"1200\" \/>\n\t<meta property=\"og:image:type\" content=\"image\/jpeg\" \/>\n<meta name=\"twitter:card\" content=\"summary_large_image\" \/>\n<meta name=\"twitter:site\" content=\"@veganuary\" \/>\n<meta name=\"twitter:label1\" content=\"Gesch\u00e4tzte Lesezeit\" \/>\n\t<meta name=\"twitter:data1\" content=\"3 Minuten\" \/>\n<script type=\"application\/ld+json\" class=\"yoast-schema-graph\">{\"@context\":\"https:\/\/schema.org\",\"@graph\":[{\"@type\":\"WebPage\",\"@id\":\"https:\/\/veganuary.com\/de\/uber-uns\/zusammenarbeit-mit-unternehmen\/\",\"url\":\"https:\/\/veganuary.com\/de\/uber-uns\/zusammenarbeit-mit-unternehmen\/\",\"name\":\"Zusammenarbeit mit Unternehmen | Veganuary Deutschland\",\"isPartOf\":{\"@id\":\"https:\/\/veganuary.com\/de\/#website\"},\"primaryImageOfPage\":{\"@id\":\"https:\/\/veganuary.com\/de\/uber-uns\/zusammenarbeit-mit-unternehmen\/#primaryimage\"},\"image\":{\"@id\":\"https:\/\/veganuary.com\/de\/uber-uns\/zusammenarbeit-mit-unternehmen\/#primaryimage\"},\"thumbnailUrl\":\"https:\/\/veganuary.com\/wp-content\/uploads\/2020\/09\/corporate-outreach-1.jpg\",\"datePublished\":\"2020-09-03T14:42:02+00:00\",\"dateModified\":\"2025-03-14T16:15:56+00:00\",\"description\":\"J\u00e4hrlich nehmen mehr Unternehmen am Veganuary teil, um neue pflanzliche Optionen auf den Markt zu bringen und ihr veganes Angebot zu bewerben.\",\"breadcrumb\":{\"@id\":\"https:\/\/veganuary.com\/de\/uber-uns\/zusammenarbeit-mit-unternehmen\/#breadcrumb\"},\"inLanguage\":\"de-DE\",\"potentialAction\":[{\"@type\":\"ReadAction\",\"target\":[\"https:\/\/veganuary.com\/de\/uber-uns\/zusammenarbeit-mit-unternehmen\/\"]}]},{\"@type\":\"ImageObject\",\"inLanguage\":\"de-DE\",\"@id\":\"https:\/\/veganuary.com\/de\/uber-uns\/zusammenarbeit-mit-unternehmen\/#primaryimage\",\"url\":\"https:\/\/veganuary.com\/wp-content\/uploads\/2020\/09\/corporate-outreach-1.jpg\",\"contentUrl\":\"https:\/\/veganuary.com\/wp-content\/uploads\/2020\/09\/corporate-outreach-1.jpg\",\"width\":1200,\"height\":1200,\"caption\":\"Image Credit: Adobe Stock\"},{\"@type\":\"BreadcrumbList\",\"@id\":\"https:\/\/veganuary.com\/de\/uber-uns\/zusammenarbeit-mit-unternehmen\/#breadcrumb\",\"itemListElement\":[{\"@type\":\"ListItem\",\"position\":1,\"name\":\"Home\",\"item\":\"https:\/\/veganuary.com\/de\/\"},{\"@type\":\"ListItem\",\"position\":2,\"name\":\"\u00dcber uns\",\"item\":\"https:\/\/veganuary.com\/de\/uber-uns\/\"},{\"@type\":\"ListItem\",\"position\":3,\"name\":\"Zusammenarbeit mit Unternehmen\"}]},{\"@type\":\"WebSite\",\"@id\":\"https:\/\/veganuary.com\/de\/#website\",\"url\":\"https:\/\/veganuary.com\/de\/\",\"name\":\"Veganuary\",\"description\":\"The website for Veganuary\",\"publisher\":{\"@id\":\"https:\/\/veganuary.com\/de\/#organization\"},\"potentialAction\":[{\"@type\":\"SearchAction\",\"target\":{\"@type\":\"EntryPoint\",\"urlTemplate\":\"https:\/\/veganuary.com\/de\/?s={search_term_string}\"},\"query-input\":{\"@type\":\"PropertyValueSpecification\",\"valueRequired\":true,\"valueName\":\"search_term_string\"}}],\"inLanguage\":\"de-DE\"},{\"@type\":\"Organization\",\"@id\":\"https:\/\/veganuary.com\/de\/#organization\",\"name\":\"Veganuary\",\"url\":\"https:\/\/veganuary.com\/de\/\",\"logo\":{\"@type\":\"ImageObject\",\"inLanguage\":\"de-DE\",\"@id\":\"https:\/\/veganuary.com\/de\/#\/schema\/logo\/image\/\",\"url\":\"https:\/\/veganuary.com\/wp-content\/uploads\/2020\/11\/135-veganuary-animals-icon-transparent-rgb.png\",\"contentUrl\":\"https:\/\/veganuary.com\/wp-content\/uploads\/2020\/11\/135-veganuary-animals-icon-transparent-rgb.png\",\"width\":135,\"height\":135,\"caption\":\"Veganuary\"},\"image\":{\"@id\":\"https:\/\/veganuary.com\/de\/#\/schema\/logo\/image\/\"},\"sameAs\":[\"https:\/\/www.facebook.com\/Veganuary\/\",\"https:\/\/x.com\/veganuary\",\"https:\/\/www.instagram.com\/weareveganuary\/\",\"https:\/\/www.linkedin.com\/company\/veganuary-limited\",\"https:\/\/www.pinterest.co.uk\/Veganuary\/\",\"https:\/\/www.youtube.com\/channel\/UCGDLtGanlPZLidEGP2N39CA\",\"https:\/\/en.wikipedia.org\/wiki\/Veganuary\"]}]}<\/script>\n<!-- \/ Yoast SEO plugin. -->","yoast_head_json":{"title":"Zusammenarbeit mit Unternehmen | Veganuary Deutschland","description":"J\u00e4hrlich nehmen mehr Unternehmen am Veganuary teil, um neue pflanzliche Optionen auf den Markt zu bringen und ihr veganes Angebot zu bewerben.","robots":{"index":"index","follow":"follow","max-snippet":"max-snippet:-1","max-image-preview":"max-image-preview:large","max-video-preview":"max-video-preview:-1"},"canonical":"https:\/\/veganuary.com\/de\/uber-uns\/zusammenarbeit-mit-unternehmen\/","og_locale":"de_DE","og_type":"article","og_title":"Zusammenarbeit mit Unternehmen | Veganuary Deutschland","og_description":"J\u00e4hrlich nehmen mehr Unternehmen am Veganuary teil, um neue pflanzliche Optionen auf den Markt zu bringen und ihr veganes Angebot zu bewerben.","og_url":"https:\/\/veganuary.com\/de\/uber-uns\/zusammenarbeit-mit-unternehmen\/","og_site_name":"Veganuary","article_publisher":"https:\/\/www.facebook.com\/Veganuary\/","article_modified_time":"2025-03-14T16:15:56+00:00","og_image":[{"width":1200,"height":1200,"url":"https:\/\/veganuary.com\/wp-content\/uploads\/2020\/09\/corporate-outreach-1.jpg","type":"image\/jpeg"}],"twitter_card":"summary_large_image","twitter_site":"@veganuary","twitter_misc":{"Gesch\u00e4tzte Lesezeit":"3 Minuten"},"schema":{"@context":"https:\/\/schema.org","@graph":[{"@type":"WebPage","@id":"https:\/\/veganuary.com\/de\/uber-uns\/zusammenarbeit-mit-unternehmen\/","url":"https:\/\/veganuary.com\/de\/uber-uns\/zusammenarbeit-mit-unternehmen\/","name":"Zusammenarbeit mit Unternehmen | Veganuary Deutschland","isPartOf":{"@id":"https:\/\/veganuary.com\/de\/#website"},"primaryImageOfPage":{"@id":"https:\/\/veganuary.com\/de\/uber-uns\/zusammenarbeit-mit-unternehmen\/#primaryimage"},"image":{"@id":"https:\/\/veganuary.com\/de\/uber-uns\/zusammenarbeit-mit-unternehmen\/#primaryimage"},"thumbnailUrl":"https:\/\/veganuary.com\/wp-content\/uploads\/2020\/09\/corporate-outreach-1.jpg","datePublished":"2020-09-03T14:42:02+00:00","dateModified":"2025-03-14T16:15:56+00:00","description":"J\u00e4hrlich nehmen mehr Unternehmen am Veganuary teil, um neue pflanzliche Optionen auf den Markt zu bringen und ihr veganes Angebot zu bewerben.","breadcrumb":{"@id":"https:\/\/veganuary.com\/de\/uber-uns\/zusammenarbeit-mit-unternehmen\/#breadcrumb"},"inLanguage":"de-DE","potentialAction":[{"@type":"ReadAction","target":["https:\/\/veganuary.com\/de\/uber-uns\/zusammenarbeit-mit-unternehmen\/"]}]},{"@type":"ImageObject","inLanguage":"de-DE","@id":"https:\/\/veganuary.com\/de\/uber-uns\/zusammenarbeit-mit-unternehmen\/#primaryimage","url":"https:\/\/veganuary.com\/wp-content\/uploads\/2020\/09\/corporate-outreach-1.jpg","contentUrl":"https:\/\/veganuary.com\/wp-content\/uploads\/2020\/09\/corporate-outreach-1.jpg","width":1200,"height":1200,"caption":"Image Credit: Adobe Stock"},{"@type":"BreadcrumbList","@id":"https:\/\/veganuary.com\/de\/uber-uns\/zusammenarbeit-mit-unternehmen\/#breadcrumb","itemListElement":[{"@type":"ListItem","position":1,"name":"Home","item":"https:\/\/veganuary.com\/de\/"},{"@type":"ListItem","position":2,"name":"\u00dcber uns","item":"https:\/\/veganuary.com\/de\/uber-uns\/"},{"@type":"ListItem","position":3,"name":"Zusammenarbeit mit Unternehmen"}]},{"@type":"WebSite","@id":"https:\/\/veganuary.com\/de\/#website","url":"https:\/\/veganuary.com\/de\/","name":"Veganuary","description":"The website for Veganuary","publisher":{"@id":"https:\/\/veganuary.com\/de\/#organization"},"potentialAction":[{"@type":"SearchAction","target":{"@type":"EntryPoint","urlTemplate":"https:\/\/veganuary.com\/de\/?s={search_term_string}"},"query-input":{"@type":"PropertyValueSpecification","valueRequired":true,"valueName":"search_term_string"}}],"inLanguage":"de-DE"},{"@type":"Organization","@id":"https:\/\/veganuary.com\/de\/#organization","name":"Veganuary","url":"https:\/\/veganuary.com\/de\/","logo":{"@type":"ImageObject","inLanguage":"de-DE","@id":"https:\/\/veganuary.com\/de\/#\/schema\/logo\/image\/","url":"https:\/\/veganuary.com\/wp-content\/uploads\/2020\/11\/135-veganuary-animals-icon-transparent-rgb.png","contentUrl":"https:\/\/veganuary.com\/wp-content\/uploads\/2020\/11\/135-veganuary-animals-icon-transparent-rgb.png","width":135,"height":135,"caption":"Veganuary"},"image":{"@id":"https:\/\/veganuary.com\/de\/#\/schema\/logo\/image\/"},"sameAs":["https:\/\/www.facebook.com\/Veganuary\/","https:\/\/x.com\/veganuary","https:\/\/www.instagram.com\/weareveganuary\/","https:\/\/www.linkedin.com\/company\/veganuary-limited","https:\/\/www.pinterest.co.uk\/Veganuary\/","https:\/\/www.youtube.com\/channel\/UCGDLtGanlPZLidEGP2N39CA","https:\/\/en.wikipedia.org\/wiki\/Veganuary"]}]}},"_links":{"self":[{"href":"https:\/\/veganuary.com\/de\/wp-json\/wp\/v2\/pages\/73412","targetHints":{"allow":["GET"]}}],"collection":[{"href":"https:\/\/veganuary.com\/de\/wp-json\/wp\/v2\/pages"}],"about":[{"href":"https:\/\/veganuary.com\/de\/wp-json\/wp\/v2\/types\/page"}],"author":[{"embeddable":true,"href":"https:\/\/veganuary.com\/de\/wp-json\/wp\/v2\/users\/70"}],"replies":[{"embeddable":true,"href":"https:\/\/veganuary.com\/de\/wp-json\/wp\/v2\/comments?post=73412"}],"version-history":[{"count":0,"href":"https:\/\/veganuary.com\/de\/wp-json\/wp\/v2\/pages\/73412\/revisions"}],"up":[{"embeddable":true,"href":"https:\/\/veganuary.com\/de\/wp-json\/wp\/v2\/pages\/74607"}],"wp:featuredmedia":[{"embeddable":true,"href":"https:\/\/veganuary.com\/de\/wp-json\/wp\/v2\/media\/2476"}],"wp:attachment":[{"href":"https:\/\/veganuary.com\/de\/wp-json\/wp\/v2\/media?parent=73412"}],"curies":[{"name":"wp","href":"https:\/\/api.w.org\/{rel}","templated":true}]}}