{"id":73415,"date":"2020-09-03T15:42:25","date_gmt":"2020-09-03T14:42:25","guid":{"rendered":"https:\/\/veganuary.com\/uber-veganuary\/raising-awareness\/"},"modified":"2026-04-30T11:07:48","modified_gmt":"2026-04-30T10:07:48","slug":"bewusstsein-schaffen","status":"publish","type":"page","link":"https:\/\/veganuary.com\/de\/uber-uns\/bewusstsein-schaffen\/","title":{"rendered":"Bewusstsein schaffen"},"content":{"rendered":"\n<div class=\"masthead\">\n\t<div class=\"container\">\n\t\t<div class=\"row\">\n\t\t\t<div class=\"col-md-10 offset-md-1 col-lg-8 offset-lg-2 col-xl-6 offset-xl-3\">\n\n\t\t\t\t<h1 class=\"masthead__title\">BEWUSSTSEIN SCHAFFEN<\/h1>\n\n\t\t\t\t\n\t\t\t<\/div>\n\t\t<\/div>\n\t<\/div>\n<\/div>\n\n\n\n<div class=\"wp-block-group\"><div class=\"wp-block-group__inner-container is-layout-flow wp-block-group-is-layout-flow\">\n<p>Filmstars wie <strong>Joaquin Phoenix<\/strong>,<strong> Alicia Silverstone<\/strong> und <strong>Woody Harrelson<\/strong>, Komiker:innen <strong>Kaya Yanar<\/strong> und <strong>Maria Clara Groppler<\/strong> sowie YouTuber <strong>Rezo<\/strong> und Schlagerstar<strong> Kerstin Ott<\/strong> unterst\u00fctzen unsere Kampagne. Auch Athleten wie <strong>Patrik Baboumian<\/strong> und Ex-Bodybuilder <strong>Ralf Moeller<\/strong> machten sich f\u00fcr Veganuary stark. Der Queen-Gitarrist <strong>Brian May<\/strong> nahm im Januar 2020 selbst an Veganuary teil und war so begeistert davon, dass er sich auch fortan rein pflanzlich ern\u00e4hren m\u00f6chte. Jedes Jahr engagieren sich prominente Pers\u00f6nlichkeiten f\u00fcr Veganuary, um Aufmerksamkeit auf das Thema Veganismus zu lenken. Diese Art der Unterst\u00fctzung ist f\u00fcr uns wichtig, um ein breiteres Publikum f\u00fcr eine pflanzliche Ern\u00e4hrung begeistern zu k\u00f6nnen.<\/p>\n\n\n\n<div class=\"wp-block-buttons is-content-justification-center is-layout-flex wp-container-core-buttons-is-layout-16018d1d wp-block-buttons-is-layout-flex\">\n<div class=\"wp-block-button is-style-fill\"><a class=\"wp-block-button__link wp-element-button\" href=\"https:\/\/veganuary.com\/de\/uber-uns\/unsere-unterstuetzer\/\">Prominente Unterst\u00fctzung<\/a><\/div>\n<\/div>\n\n\n\n<figure class=\"wp-block-gallery has-nested-images columns-default is-cropped wp-block-gallery-1 is-layout-flex wp-block-gallery-is-layout-flex\">\n<figure class=\"wp-block-image size-large\"><img fetchpriority=\"high\" decoding=\"async\" width=\"1000\" height=\"667\" data-id=\"105235\" src=\"https:\/\/veganuary.com\/wp-content\/uploads\/2021\/03\/Evanna-Lynch-Veganuary.jpg\" alt=\"\" class=\"wp-image-105235\" srcset=\"https:\/\/veganuary.com\/wp-content\/uploads\/2021\/03\/Evanna-Lynch-Veganuary.jpg 1000w, https:\/\/veganuary.com\/wp-content\/uploads\/2021\/03\/Evanna-Lynch-Veganuary-400x267.jpg 400w, https:\/\/veganuary.com\/wp-content\/uploads\/2021\/03\/Evanna-Lynch-Veganuary-768x512.jpg 768w, https:\/\/veganuary.com\/wp-content\/uploads\/2021\/03\/Evanna-Lynch-Veganuary-800x534.jpg 800w\" sizes=\"(max-width: 1000px) 100vw, 1000px\" \/><\/figure>\n<\/figure>\n\n\n\n<p>Wir teilen unsere Arbeit mit Medien auf der ganzen Welt und freuen uns, Statements und Bilder, Statistiken und Fallstudien zur Verf\u00fcgung zu stellen. <strong>Rund 10.000 Medienartikel berichteten \u00fcber unsere Kampagne zum Januar 2026.<\/strong><\/p>\n\n\n\n<div class=\"wp-block-buttons is-content-justification-center is-layout-flex wp-container-core-buttons-is-layout-16018d1d wp-block-buttons-is-layout-flex\">\n<div class=\"wp-block-button is-style-fill\"><a class=\"wp-block-button__link wp-element-button\" href=\"https:\/\/veganuary.com\/de\/presse\/\">Zum Pressezentrum<\/a><\/div>\n<\/div>\n\n\n\n<figure class=\"wp-block-image size-large\"><img decoding=\"async\" width=\"1200\" height=\"1200\" src=\"https:\/\/veganuary.com\/wp-content\/uploads\/2020\/09\/meet-our-ambassadors.jpg\" alt=\"\" class=\"wp-image-2553\" srcset=\"https:\/\/veganuary.com\/wp-content\/uploads\/2020\/09\/meet-our-ambassadors.jpg 1200w, https:\/\/veganuary.com\/wp-content\/uploads\/2020\/09\/meet-our-ambassadors-400x400.jpg 400w, https:\/\/veganuary.com\/wp-content\/uploads\/2020\/09\/meet-our-ambassadors-768x768.jpg 768w, https:\/\/veganuary.com\/wp-content\/uploads\/2020\/09\/meet-our-ambassadors-800x800.jpg 800w\" sizes=\"(max-width: 1200px) 100vw, 1200px\" \/><\/figure>\n<\/div><\/div>\n\n\n\n<p><\/p>\n","protected":false},"excerpt":{"rendered":"<p>Filmstars wie Joaquin Phoenix, Alicia Silverstone und Woody Harrelson, Komiker:innen Kaya Yanar und Maria Clara Groppler sowie YouTuber Rezo und&hellip;<\/p>\n","protected":false},"author":70,"featured_media":105235,"parent":74607,"menu_order":67,"comment_status":"closed","ping_status":"closed","template":"","meta":{"_acf_changed":false,"_coblocks_attr":"","_coblocks_dimensions":"","_coblocks_responsive_height":"","_coblocks_accordion_ie_support":"","footnotes":""},"class_list":["post-73415","page","type-page","status-publish","has-post-thumbnail","hentry"],"acf":[],"yoast_head":"<!-- This site is optimized with the Yoast SEO plugin v27.5 - https:\/\/yoast.com\/product\/yoast-seo-wordpress\/ -->\n<title>Bewusstsein schaffen | Veganuary Deutschland<\/title>\n<meta name=\"description\" content=\"Filmstars wie Joaquin Phoenix und Alicia Silverstone, Comedian Kaya Yanar und YouTuber Rezo unterst\u00fctzen unsere Kampagne.\" \/>\n<meta name=\"robots\" content=\"index, follow, max-snippet:-1, max-image-preview:large, max-video-preview:-1\" \/>\n<link rel=\"canonical\" href=\"https:\/\/veganuary.com\/de\/uber-uns\/bewusstsein-schaffen\/\" \/>\n<meta property=\"og:locale\" content=\"de_DE\" \/>\n<meta property=\"og:type\" content=\"article\" \/>\n<meta property=\"og:title\" content=\"Bewusstsein schaffen | Veganuary Deutschland\" \/>\n<meta property=\"og:description\" content=\"Filmstars wie Joaquin Phoenix und Alicia Silverstone, Comedian Kaya Yanar und YouTuber Rezo unterst\u00fctzen unsere Kampagne.\" \/>\n<meta property=\"og:url\" content=\"https:\/\/veganuary.com\/de\/uber-uns\/bewusstsein-schaffen\/\" \/>\n<meta property=\"og:site_name\" content=\"Veganuary\" \/>\n<meta property=\"article:publisher\" content=\"https:\/\/www.facebook.com\/Veganuary\/\" \/>\n<meta property=\"article:modified_time\" content=\"2026-04-30T10:07:48+00:00\" \/>\n<meta property=\"og:image\" content=\"https:\/\/veganuary.com\/wp-content\/uploads\/2021\/03\/Evanna-Lynch-Veganuary.jpg\" \/>\n\t<meta property=\"og:image:width\" content=\"1000\" \/>\n\t<meta property=\"og:image:height\" content=\"667\" \/>\n\t<meta property=\"og:image:type\" content=\"image\/jpeg\" \/>\n<meta name=\"twitter:card\" content=\"summary_large_image\" \/>\n<meta name=\"twitter:site\" content=\"@veganuary\" \/>\n<meta name=\"twitter:label1\" content=\"Gesch\u00e4tzte Lesezeit\" \/>\n\t<meta name=\"twitter:data1\" content=\"2 Minuten\" \/>\n<script type=\"application\/ld+json\" class=\"yoast-schema-graph\">{\"@context\":\"https:\\\/\\\/schema.org\",\"@graph\":[{\"@type\":\"WebPage\",\"@id\":\"https:\\\/\\\/veganuary.com\\\/de\\\/uber-uns\\\/bewusstsein-schaffen\\\/\",\"url\":\"https:\\\/\\\/veganuary.com\\\/de\\\/uber-uns\\\/bewusstsein-schaffen\\\/\",\"name\":\"Bewusstsein schaffen | Veganuary Deutschland\",\"isPartOf\":{\"@id\":\"https:\\\/\\\/veganuary.com\\\/de\\\/#website\"},\"primaryImageOfPage\":{\"@id\":\"https:\\\/\\\/veganuary.com\\\/de\\\/uber-uns\\\/bewusstsein-schaffen\\\/#primaryimage\"},\"image\":{\"@id\":\"https:\\\/\\\/veganuary.com\\\/de\\\/uber-uns\\\/bewusstsein-schaffen\\\/#primaryimage\"},\"thumbnailUrl\":\"https:\\\/\\\/veganuary.com\\\/wp-content\\\/uploads\\\/2021\\\/03\\\/Evanna-Lynch-Veganuary.jpg\",\"datePublished\":\"2020-09-03T14:42:25+00:00\",\"dateModified\":\"2026-04-30T10:07:48+00:00\",\"description\":\"Filmstars wie Joaquin Phoenix und Alicia Silverstone, Comedian Kaya Yanar und YouTuber Rezo unterst\u00fctzen unsere Kampagne.\",\"breadcrumb\":{\"@id\":\"https:\\\/\\\/veganuary.com\\\/de\\\/uber-uns\\\/bewusstsein-schaffen\\\/#breadcrumb\"},\"inLanguage\":\"de-DE\",\"potentialAction\":[{\"@type\":\"ReadAction\",\"target\":[\"https:\\\/\\\/veganuary.com\\\/de\\\/uber-uns\\\/bewusstsein-schaffen\\\/\"]}]},{\"@type\":\"ImageObject\",\"inLanguage\":\"de-DE\",\"@id\":\"https:\\\/\\\/veganuary.com\\\/de\\\/uber-uns\\\/bewusstsein-schaffen\\\/#primaryimage\",\"url\":\"https:\\\/\\\/veganuary.com\\\/wp-content\\\/uploads\\\/2021\\\/03\\\/Evanna-Lynch-Veganuary.jpg\",\"contentUrl\":\"https:\\\/\\\/veganuary.com\\\/wp-content\\\/uploads\\\/2021\\\/03\\\/Evanna-Lynch-Veganuary.jpg\",\"width\":1000,\"height\":667},{\"@type\":\"BreadcrumbList\",\"@id\":\"https:\\\/\\\/veganuary.com\\\/de\\\/uber-uns\\\/bewusstsein-schaffen\\\/#breadcrumb\",\"itemListElement\":[{\"@type\":\"ListItem\",\"position\":1,\"name\":\"Home\",\"item\":\"https:\\\/\\\/veganuary.com\\\/de\\\/\"},{\"@type\":\"ListItem\",\"position\":2,\"name\":\"\u00dcber uns\",\"item\":\"https:\\\/\\\/veganuary.com\\\/de\\\/uber-uns\\\/\"},{\"@type\":\"ListItem\",\"position\":3,\"name\":\"Bewusstsein schaffen\"}]},{\"@type\":\"WebSite\",\"@id\":\"https:\\\/\\\/veganuary.com\\\/de\\\/#website\",\"url\":\"https:\\\/\\\/veganuary.com\\\/de\\\/\",\"name\":\"Veganuary\",\"description\":\"The website for Veganuary\",\"publisher\":{\"@id\":\"https:\\\/\\\/veganuary.com\\\/de\\\/#organization\"},\"potentialAction\":[{\"@type\":\"SearchAction\",\"target\":{\"@type\":\"EntryPoint\",\"urlTemplate\":\"https:\\\/\\\/veganuary.com\\\/de\\\/?s={search_term_string}\"},\"query-input\":{\"@type\":\"PropertyValueSpecification\",\"valueRequired\":true,\"valueName\":\"search_term_string\"}}],\"inLanguage\":\"de-DE\"},{\"@type\":\"Organization\",\"@id\":\"https:\\\/\\\/veganuary.com\\\/de\\\/#organization\",\"name\":\"Veganuary\",\"url\":\"https:\\\/\\\/veganuary.com\\\/de\\\/\",\"logo\":{\"@type\":\"ImageObject\",\"inLanguage\":\"de-DE\",\"@id\":\"https:\\\/\\\/veganuary.com\\\/de\\\/#\\\/schema\\\/logo\\\/image\\\/\",\"url\":\"https:\\\/\\\/veganuary.com\\\/wp-content\\\/uploads\\\/2020\\\/11\\\/135-veganuary-animals-icon-transparent-rgb.png\",\"contentUrl\":\"https:\\\/\\\/veganuary.com\\\/wp-content\\\/uploads\\\/2020\\\/11\\\/135-veganuary-animals-icon-transparent-rgb.png\",\"width\":135,\"height\":135,\"caption\":\"Veganuary\"},\"image\":{\"@id\":\"https:\\\/\\\/veganuary.com\\\/de\\\/#\\\/schema\\\/logo\\\/image\\\/\"},\"sameAs\":[\"https:\\\/\\\/www.facebook.com\\\/Veganuary\\\/\",\"https:\\\/\\\/x.com\\\/veganuary\",\"https:\\\/\\\/www.instagram.com\\\/weareveganuary\\\/\",\"https:\\\/\\\/www.linkedin.com\\\/company\\\/veganuary-limited\",\"https:\\\/\\\/www.pinterest.co.uk\\\/Veganuary\\\/\",\"https:\\\/\\\/www.youtube.com\\\/channel\\\/UCGDLtGanlPZLidEGP2N39CA\",\"https:\\\/\\\/en.wikipedia.org\\\/wiki\\\/Veganuary\"]}]}<\/script>\n<!-- \/ Yoast SEO plugin. -->","yoast_head_json":{"title":"Bewusstsein schaffen | Veganuary Deutschland","description":"Filmstars wie Joaquin Phoenix und Alicia Silverstone, Comedian Kaya Yanar und YouTuber Rezo unterst\u00fctzen unsere Kampagne.","robots":{"index":"index","follow":"follow","max-snippet":"max-snippet:-1","max-image-preview":"max-image-preview:large","max-video-preview":"max-video-preview:-1"},"canonical":"https:\/\/veganuary.com\/de\/uber-uns\/bewusstsein-schaffen\/","og_locale":"de_DE","og_type":"article","og_title":"Bewusstsein schaffen | Veganuary Deutschland","og_description":"Filmstars wie Joaquin Phoenix und Alicia Silverstone, Comedian Kaya Yanar und YouTuber Rezo unterst\u00fctzen unsere Kampagne.","og_url":"https:\/\/veganuary.com\/de\/uber-uns\/bewusstsein-schaffen\/","og_site_name":"Veganuary","article_publisher":"https:\/\/www.facebook.com\/Veganuary\/","article_modified_time":"2026-04-30T10:07:48+00:00","og_image":[{"width":1000,"height":667,"url":"https:\/\/veganuary.com\/wp-content\/uploads\/2021\/03\/Evanna-Lynch-Veganuary.jpg","type":"image\/jpeg"}],"twitter_card":"summary_large_image","twitter_site":"@veganuary","twitter_misc":{"Gesch\u00e4tzte Lesezeit":"2 Minuten"},"schema":{"@context":"https:\/\/schema.org","@graph":[{"@type":"WebPage","@id":"https:\/\/veganuary.com\/de\/uber-uns\/bewusstsein-schaffen\/","url":"https:\/\/veganuary.com\/de\/uber-uns\/bewusstsein-schaffen\/","name":"Bewusstsein schaffen | Veganuary Deutschland","isPartOf":{"@id":"https:\/\/veganuary.com\/de\/#website"},"primaryImageOfPage":{"@id":"https:\/\/veganuary.com\/de\/uber-uns\/bewusstsein-schaffen\/#primaryimage"},"image":{"@id":"https:\/\/veganuary.com\/de\/uber-uns\/bewusstsein-schaffen\/#primaryimage"},"thumbnailUrl":"https:\/\/veganuary.com\/wp-content\/uploads\/2021\/03\/Evanna-Lynch-Veganuary.jpg","datePublished":"2020-09-03T14:42:25+00:00","dateModified":"2026-04-30T10:07:48+00:00","description":"Filmstars wie Joaquin Phoenix und Alicia Silverstone, Comedian Kaya Yanar und YouTuber Rezo unterst\u00fctzen unsere Kampagne.","breadcrumb":{"@id":"https:\/\/veganuary.com\/de\/uber-uns\/bewusstsein-schaffen\/#breadcrumb"},"inLanguage":"de-DE","potentialAction":[{"@type":"ReadAction","target":["https:\/\/veganuary.com\/de\/uber-uns\/bewusstsein-schaffen\/"]}]},{"@type":"ImageObject","inLanguage":"de-DE","@id":"https:\/\/veganuary.com\/de\/uber-uns\/bewusstsein-schaffen\/#primaryimage","url":"https:\/\/veganuary.com\/wp-content\/uploads\/2021\/03\/Evanna-Lynch-Veganuary.jpg","contentUrl":"https:\/\/veganuary.com\/wp-content\/uploads\/2021\/03\/Evanna-Lynch-Veganuary.jpg","width":1000,"height":667},{"@type":"BreadcrumbList","@id":"https:\/\/veganuary.com\/de\/uber-uns\/bewusstsein-schaffen\/#breadcrumb","itemListElement":[{"@type":"ListItem","position":1,"name":"Home","item":"https:\/\/veganuary.com\/de\/"},{"@type":"ListItem","position":2,"name":"\u00dcber uns","item":"https:\/\/veganuary.com\/de\/uber-uns\/"},{"@type":"ListItem","position":3,"name":"Bewusstsein schaffen"}]},{"@type":"WebSite","@id":"https:\/\/veganuary.com\/de\/#website","url":"https:\/\/veganuary.com\/de\/","name":"Veganuary","description":"The website for Veganuary","publisher":{"@id":"https:\/\/veganuary.com\/de\/#organization"},"potentialAction":[{"@type":"SearchAction","target":{"@type":"EntryPoint","urlTemplate":"https:\/\/veganuary.com\/de\/?s={search_term_string}"},"query-input":{"@type":"PropertyValueSpecification","valueRequired":true,"valueName":"search_term_string"}}],"inLanguage":"de-DE"},{"@type":"Organization","@id":"https:\/\/veganuary.com\/de\/#organization","name":"Veganuary","url":"https:\/\/veganuary.com\/de\/","logo":{"@type":"ImageObject","inLanguage":"de-DE","@id":"https:\/\/veganuary.com\/de\/#\/schema\/logo\/image\/","url":"https:\/\/veganuary.com\/wp-content\/uploads\/2020\/11\/135-veganuary-animals-icon-transparent-rgb.png","contentUrl":"https:\/\/veganuary.com\/wp-content\/uploads\/2020\/11\/135-veganuary-animals-icon-transparent-rgb.png","width":135,"height":135,"caption":"Veganuary"},"image":{"@id":"https:\/\/veganuary.com\/de\/#\/schema\/logo\/image\/"},"sameAs":["https:\/\/www.facebook.com\/Veganuary\/","https:\/\/x.com\/veganuary","https:\/\/www.instagram.com\/weareveganuary\/","https:\/\/www.linkedin.com\/company\/veganuary-limited","https:\/\/www.pinterest.co.uk\/Veganuary\/","https:\/\/www.youtube.com\/channel\/UCGDLtGanlPZLidEGP2N39CA","https:\/\/en.wikipedia.org\/wiki\/Veganuary"]}]}},"_links":{"self":[{"href":"https:\/\/veganuary.com\/de\/wp-json\/wp\/v2\/pages\/73415","targetHints":{"allow":["GET"]}}],"collection":[{"href":"https:\/\/veganuary.com\/de\/wp-json\/wp\/v2\/pages"}],"about":[{"href":"https:\/\/veganuary.com\/de\/wp-json\/wp\/v2\/types\/page"}],"author":[{"embeddable":true,"href":"https:\/\/veganuary.com\/de\/wp-json\/wp\/v2\/users\/70"}],"replies":[{"embeddable":true,"href":"https:\/\/veganuary.com\/de\/wp-json\/wp\/v2\/comments?post=73415"}],"version-history":[{"count":0,"href":"https:\/\/veganuary.com\/de\/wp-json\/wp\/v2\/pages\/73415\/revisions"}],"up":[{"embeddable":true,"href":"https:\/\/veganuary.com\/de\/wp-json\/wp\/v2\/pages\/74607"}],"wp:featuredmedia":[{"embeddable":true,"href":"https:\/\/veganuary.com\/de\/wp-json\/wp\/v2\/media\/105235"}],"wp:attachment":[{"href":"https:\/\/veganuary.com\/de\/wp-json\/wp\/v2\/media?parent=73415"}],"curies":[{"name":"wp","href":"https:\/\/api.w.org\/{rel}","templated":true}]}}