{"id":73419,"date":"2020-09-03T15:42:47","date_gmt":"2020-09-03T14:42:47","guid":{"rendered":"https:\/\/veganuary.com\/uber-veganuary\/growing-the-global-movement\/"},"modified":"2025-03-14T16:00:06","modified_gmt":"2025-03-14T16:00:06","slug":"eine-globale-bewegung","status":"publish","type":"page","link":"https:\/\/veganuary.com\/de\/uber-uns\/eine-globale-bewegung\/","title":{"rendered":"Eine globale Bewegung"},"content":{"rendered":"\n<div class=\"masthead\">\n\t<div class=\"container\">\n\t\t<div class=\"row\">\n\t\t\t<div class=\"col-md-10 offset-md-1 col-lg-8 offset-lg-2 col-xl-6 offset-xl-3\">\n\n\t\t\t\t<h1 class=\"masthead__title\">EINE GLOBALE BEWEGUNG<\/h1>\n\n\t\t\t\t\n\t\t\t<\/div>\n\t\t<\/div>\n\t<\/div>\n<\/div>\n\n\n\n<div class=\"wp-block-group has-light-gray-background-color has-background\"><div class=\"wp-block-group__inner-container is-layout-flow wp-block-group-is-layout-flow\">\n<p>Veganuary kann die Essgewohnheiten nachhaltig ver\u00e4ndern. Unsere Umfragen sechs Monate nach Veganuary zeigen immer wieder, dass die Teilnehmenden ihre Ern\u00e4hrung langfristig umstellen: Auch ein halbes Jahr nach dem Veganuary 2024 hatten 81 Prozent der Teilnehmenden, die sich vor ihrer Anmeldung noch nicht vegan ern\u00e4hrten, ihren Konsum von Tierprodukten um mindestens die H\u00e4lfte reduziert. 27 Prozent blieben bei einer komplett veganen Ern\u00e4hrung.<\/p>\n\n\n\n<p>Und die Kampagne etabliert sich rund um den Globus: 2025 liefen offizielle Kampagnen in Deutschland, den USA, Lateinamerika, Indien, Gro\u00dfbritannien und Spanien. Unsere Partnerorganisationen brachten den Veganuary in die Schweiz, nach \u00d6sterreich, Italien, Frankreich, Griechenland, Australien, S\u00fcdafrika, Singapur, Mexiko, Peru, Malaysia und Kanada.<\/p>\n\n\n\n<figure class=\"wp-block-gallery has-nested-images columns-default wp-block-gallery-1 is-layout-flex wp-block-gallery-is-layout-flex\">\n<figure class=\"wp-block-image size-large\"><img fetchpriority=\"high\" decoding=\"async\" width=\"1800\" height=\"1200\" data-id=\"2669\" src=\"https:\/\/veganuary.com\/wp-content\/uploads\/2020\/09\/growing-thge-global-movement-hero-1-1800x1200.jpg\" alt=\"\" class=\"wp-image-2669\" srcset=\"https:\/\/veganuary.com\/wp-content\/uploads\/2020\/09\/growing-thge-global-movement-hero-1-1800x1200.jpg 1800w, https:\/\/veganuary.com\/wp-content\/uploads\/2020\/09\/growing-thge-global-movement-hero-1-1200x800.jpg 1200w, https:\/\/veganuary.com\/wp-content\/uploads\/2020\/09\/growing-thge-global-movement-hero-1-400x267.jpg 400w, https:\/\/veganuary.com\/wp-content\/uploads\/2020\/09\/growing-thge-global-movement-hero-1-768x512.jpg 768w, https:\/\/veganuary.com\/wp-content\/uploads\/2020\/09\/growing-thge-global-movement-hero-1-1536x1024.jpg 1536w, https:\/\/veganuary.com\/wp-content\/uploads\/2020\/09\/growing-thge-global-movement-hero-1-2048x1365.jpg 2048w, https:\/\/veganuary.com\/wp-content\/uploads\/2020\/09\/growing-thge-global-movement-hero-1-800x533.jpg 800w\" sizes=\"(max-width: 1800px) 100vw, 1800px\" \/><\/figure>\n<\/figure>\n\n\n\n<p><strong>Das h\u00e4ufigste Feedback, das wir bekommen, ist: <em>\u201eDer Umstieg zur veganen Ern\u00e4hrung hat mein Leben ver\u00e4ndert\u201c<\/em> oder <em>\u201eIch w\u00fcnschte, ich h\u00e4tte es schon viel fr\u00fcher ausprobiert\u201c<\/em>.<\/strong><\/p>\n\n\n\n<div class=\"wp-block-buttons is-layout-flex wp-block-buttons-is-layout-flex\">\n<div class=\"wp-block-button is-style-fill\"><a class=\"wp-block-button__link wp-element-button\" href=\"https:\/\/veganuary.com\/de\/jetzt-mitmachen\/\">JETZT MITMACHEN<\/a><\/div>\n<\/div>\n\n\n\n<p><\/p>\n<\/div><\/div>\n","protected":false},"excerpt":{"rendered":"<p>Veganuary kann die Essgewohnheiten nachhaltig ver\u00e4ndern. Unsere Umfragen sechs Monate nach Veganuary zeigen immer wieder, dass die Teilnehmenden ihre Ern\u00e4hrung&hellip;<\/p>\n","protected":false},"author":70,"featured_media":145733,"parent":74607,"menu_order":68,"comment_status":"closed","ping_status":"closed","template":"","meta":{"_acf_changed":false,"_coblocks_attr":"","_coblocks_dimensions":"","_coblocks_responsive_height":"","_coblocks_accordion_ie_support":"","footnotes":""},"class_list":["post-73419","page","type-page","status-publish","has-post-thumbnail","hentry"],"acf":[],"yoast_head":"<!-- This site is optimized with the Yoast SEO plugin v27.3 - https:\/\/yoast.com\/product\/yoast-seo-wordpress\/ -->\n<title>Eine globale Bewegung | Veganuary Deutschland<\/title>\n<meta name=\"description\" content=\"In Gro\u00dfbritannien hat Veganuary dazu beigetragen, einen Masseneffekt in den Gewohnheiten der Verbraucherinnen und Verbraucher herbeizuf\u00fchren.\" \/>\n<meta name=\"robots\" content=\"index, follow, max-snippet:-1, max-image-preview:large, max-video-preview:-1\" \/>\n<link rel=\"canonical\" href=\"https:\/\/veganuary.com\/de\/uber-uns\/eine-globale-bewegung\/\" \/>\n<meta property=\"og:locale\" content=\"de_DE\" \/>\n<meta property=\"og:type\" content=\"article\" \/>\n<meta property=\"og:title\" content=\"Eine globale Bewegung | Veganuary Deutschland\" \/>\n<meta property=\"og:description\" content=\"In Gro\u00dfbritannien hat Veganuary dazu beigetragen, einen Masseneffekt in den Gewohnheiten der Verbraucherinnen und Verbraucher herbeizuf\u00fchren.\" \/>\n<meta property=\"og:url\" content=\"https:\/\/veganuary.com\/de\/uber-uns\/eine-globale-bewegung\/\" \/>\n<meta property=\"og:site_name\" content=\"Veganuary\" \/>\n<meta property=\"article:publisher\" content=\"https:\/\/www.facebook.com\/Veganuary\/\" \/>\n<meta property=\"article:modified_time\" content=\"2025-03-14T16:00:06+00:00\" \/>\n<meta property=\"og:image\" content=\"https:\/\/veganuary.com\/wp-content\/uploads\/2022\/03\/Veganuary-Global-Community.jpg\" \/>\n\t<meta property=\"og:image:width\" content=\"1200\" \/>\n\t<meta property=\"og:image:height\" content=\"800\" \/>\n\t<meta property=\"og:image:type\" content=\"image\/jpeg\" \/>\n<meta name=\"twitter:card\" content=\"summary_large_image\" \/>\n<meta name=\"twitter:site\" content=\"@veganuary\" \/>\n<meta name=\"twitter:label1\" content=\"Gesch\u00e4tzte Lesezeit\" \/>\n\t<meta name=\"twitter:data1\" content=\"1 Minute\" \/>\n<script type=\"application\/ld+json\" class=\"yoast-schema-graph\">{\"@context\":\"https:\\\/\\\/schema.org\",\"@graph\":[{\"@type\":\"WebPage\",\"@id\":\"https:\\\/\\\/veganuary.com\\\/de\\\/uber-uns\\\/eine-globale-bewegung\\\/\",\"url\":\"https:\\\/\\\/veganuary.com\\\/de\\\/uber-uns\\\/eine-globale-bewegung\\\/\",\"name\":\"Eine globale Bewegung | Veganuary Deutschland\",\"isPartOf\":{\"@id\":\"https:\\\/\\\/veganuary.com\\\/de\\\/#website\"},\"primaryImageOfPage\":{\"@id\":\"https:\\\/\\\/veganuary.com\\\/de\\\/uber-uns\\\/eine-globale-bewegung\\\/#primaryimage\"},\"image\":{\"@id\":\"https:\\\/\\\/veganuary.com\\\/de\\\/uber-uns\\\/eine-globale-bewegung\\\/#primaryimage\"},\"thumbnailUrl\":\"https:\\\/\\\/veganuary.com\\\/wp-content\\\/uploads\\\/2022\\\/03\\\/Veganuary-Global-Community.jpg\",\"datePublished\":\"2020-09-03T14:42:47+00:00\",\"dateModified\":\"2025-03-14T16:00:06+00:00\",\"description\":\"In Gro\u00dfbritannien hat Veganuary dazu beigetragen, einen Masseneffekt in den Gewohnheiten der Verbraucherinnen und Verbraucher herbeizuf\u00fchren.\",\"breadcrumb\":{\"@id\":\"https:\\\/\\\/veganuary.com\\\/de\\\/uber-uns\\\/eine-globale-bewegung\\\/#breadcrumb\"},\"inLanguage\":\"de-DE\",\"potentialAction\":[{\"@type\":\"ReadAction\",\"target\":[\"https:\\\/\\\/veganuary.com\\\/de\\\/uber-uns\\\/eine-globale-bewegung\\\/\"]}]},{\"@type\":\"ImageObject\",\"inLanguage\":\"de-DE\",\"@id\":\"https:\\\/\\\/veganuary.com\\\/de\\\/uber-uns\\\/eine-globale-bewegung\\\/#primaryimage\",\"url\":\"https:\\\/\\\/veganuary.com\\\/wp-content\\\/uploads\\\/2022\\\/03\\\/Veganuary-Global-Community.jpg\",\"contentUrl\":\"https:\\\/\\\/veganuary.com\\\/wp-content\\\/uploads\\\/2022\\\/03\\\/Veganuary-Global-Community.jpg\",\"width\":1200,\"height\":800,\"caption\":\"Close up view of young people putting their hands together. Friends with stack of hands showing unity and teamwork.\"},{\"@type\":\"BreadcrumbList\",\"@id\":\"https:\\\/\\\/veganuary.com\\\/de\\\/uber-uns\\\/eine-globale-bewegung\\\/#breadcrumb\",\"itemListElement\":[{\"@type\":\"ListItem\",\"position\":1,\"name\":\"Home\",\"item\":\"https:\\\/\\\/veganuary.com\\\/de\\\/\"},{\"@type\":\"ListItem\",\"position\":2,\"name\":\"\u00dcber uns\",\"item\":\"https:\\\/\\\/veganuary.com\\\/de\\\/uber-uns\\\/\"},{\"@type\":\"ListItem\",\"position\":3,\"name\":\"Eine globale Bewegung\"}]},{\"@type\":\"WebSite\",\"@id\":\"https:\\\/\\\/veganuary.com\\\/de\\\/#website\",\"url\":\"https:\\\/\\\/veganuary.com\\\/de\\\/\",\"name\":\"Veganuary\",\"description\":\"The website for Veganuary\",\"publisher\":{\"@id\":\"https:\\\/\\\/veganuary.com\\\/de\\\/#organization\"},\"potentialAction\":[{\"@type\":\"SearchAction\",\"target\":{\"@type\":\"EntryPoint\",\"urlTemplate\":\"https:\\\/\\\/veganuary.com\\\/de\\\/?s={search_term_string}\"},\"query-input\":{\"@type\":\"PropertyValueSpecification\",\"valueRequired\":true,\"valueName\":\"search_term_string\"}}],\"inLanguage\":\"de-DE\"},{\"@type\":\"Organization\",\"@id\":\"https:\\\/\\\/veganuary.com\\\/de\\\/#organization\",\"name\":\"Veganuary\",\"url\":\"https:\\\/\\\/veganuary.com\\\/de\\\/\",\"logo\":{\"@type\":\"ImageObject\",\"inLanguage\":\"de-DE\",\"@id\":\"https:\\\/\\\/veganuary.com\\\/de\\\/#\\\/schema\\\/logo\\\/image\\\/\",\"url\":\"https:\\\/\\\/veganuary.com\\\/wp-content\\\/uploads\\\/2020\\\/11\\\/135-veganuary-animals-icon-transparent-rgb.png\",\"contentUrl\":\"https:\\\/\\\/veganuary.com\\\/wp-content\\\/uploads\\\/2020\\\/11\\\/135-veganuary-animals-icon-transparent-rgb.png\",\"width\":135,\"height\":135,\"caption\":\"Veganuary\"},\"image\":{\"@id\":\"https:\\\/\\\/veganuary.com\\\/de\\\/#\\\/schema\\\/logo\\\/image\\\/\"},\"sameAs\":[\"https:\\\/\\\/www.facebook.com\\\/Veganuary\\\/\",\"https:\\\/\\\/x.com\\\/veganuary\",\"https:\\\/\\\/www.instagram.com\\\/weareveganuary\\\/\",\"https:\\\/\\\/www.linkedin.com\\\/company\\\/veganuary-limited\",\"https:\\\/\\\/www.pinterest.co.uk\\\/Veganuary\\\/\",\"https:\\\/\\\/www.youtube.com\\\/channel\\\/UCGDLtGanlPZLidEGP2N39CA\",\"https:\\\/\\\/en.wikipedia.org\\\/wiki\\\/Veganuary\"]}]}<\/script>\n<!-- \/ Yoast SEO plugin. -->","yoast_head_json":{"title":"Eine globale Bewegung | Veganuary Deutschland","description":"In Gro\u00dfbritannien hat Veganuary dazu beigetragen, einen Masseneffekt in den Gewohnheiten der Verbraucherinnen und Verbraucher herbeizuf\u00fchren.","robots":{"index":"index","follow":"follow","max-snippet":"max-snippet:-1","max-image-preview":"max-image-preview:large","max-video-preview":"max-video-preview:-1"},"canonical":"https:\/\/veganuary.com\/de\/uber-uns\/eine-globale-bewegung\/","og_locale":"de_DE","og_type":"article","og_title":"Eine globale Bewegung | Veganuary Deutschland","og_description":"In Gro\u00dfbritannien hat Veganuary dazu beigetragen, einen Masseneffekt in den Gewohnheiten der Verbraucherinnen und Verbraucher herbeizuf\u00fchren.","og_url":"https:\/\/veganuary.com\/de\/uber-uns\/eine-globale-bewegung\/","og_site_name":"Veganuary","article_publisher":"https:\/\/www.facebook.com\/Veganuary\/","article_modified_time":"2025-03-14T16:00:06+00:00","og_image":[{"width":1200,"height":800,"url":"https:\/\/veganuary.com\/wp-content\/uploads\/2022\/03\/Veganuary-Global-Community.jpg","type":"image\/jpeg"}],"twitter_card":"summary_large_image","twitter_site":"@veganuary","twitter_misc":{"Gesch\u00e4tzte Lesezeit":"1 Minute"},"schema":{"@context":"https:\/\/schema.org","@graph":[{"@type":"WebPage","@id":"https:\/\/veganuary.com\/de\/uber-uns\/eine-globale-bewegung\/","url":"https:\/\/veganuary.com\/de\/uber-uns\/eine-globale-bewegung\/","name":"Eine globale Bewegung | Veganuary Deutschland","isPartOf":{"@id":"https:\/\/veganuary.com\/de\/#website"},"primaryImageOfPage":{"@id":"https:\/\/veganuary.com\/de\/uber-uns\/eine-globale-bewegung\/#primaryimage"},"image":{"@id":"https:\/\/veganuary.com\/de\/uber-uns\/eine-globale-bewegung\/#primaryimage"},"thumbnailUrl":"https:\/\/veganuary.com\/wp-content\/uploads\/2022\/03\/Veganuary-Global-Community.jpg","datePublished":"2020-09-03T14:42:47+00:00","dateModified":"2025-03-14T16:00:06+00:00","description":"In Gro\u00dfbritannien hat Veganuary dazu beigetragen, einen Masseneffekt in den Gewohnheiten der Verbraucherinnen und Verbraucher herbeizuf\u00fchren.","breadcrumb":{"@id":"https:\/\/veganuary.com\/de\/uber-uns\/eine-globale-bewegung\/#breadcrumb"},"inLanguage":"de-DE","potentialAction":[{"@type":"ReadAction","target":["https:\/\/veganuary.com\/de\/uber-uns\/eine-globale-bewegung\/"]}]},{"@type":"ImageObject","inLanguage":"de-DE","@id":"https:\/\/veganuary.com\/de\/uber-uns\/eine-globale-bewegung\/#primaryimage","url":"https:\/\/veganuary.com\/wp-content\/uploads\/2022\/03\/Veganuary-Global-Community.jpg","contentUrl":"https:\/\/veganuary.com\/wp-content\/uploads\/2022\/03\/Veganuary-Global-Community.jpg","width":1200,"height":800,"caption":"Close up view of young people putting their hands together. Friends with stack of hands showing unity and teamwork."},{"@type":"BreadcrumbList","@id":"https:\/\/veganuary.com\/de\/uber-uns\/eine-globale-bewegung\/#breadcrumb","itemListElement":[{"@type":"ListItem","position":1,"name":"Home","item":"https:\/\/veganuary.com\/de\/"},{"@type":"ListItem","position":2,"name":"\u00dcber uns","item":"https:\/\/veganuary.com\/de\/uber-uns\/"},{"@type":"ListItem","position":3,"name":"Eine globale Bewegung"}]},{"@type":"WebSite","@id":"https:\/\/veganuary.com\/de\/#website","url":"https:\/\/veganuary.com\/de\/","name":"Veganuary","description":"The website for Veganuary","publisher":{"@id":"https:\/\/veganuary.com\/de\/#organization"},"potentialAction":[{"@type":"SearchAction","target":{"@type":"EntryPoint","urlTemplate":"https:\/\/veganuary.com\/de\/?s={search_term_string}"},"query-input":{"@type":"PropertyValueSpecification","valueRequired":true,"valueName":"search_term_string"}}],"inLanguage":"de-DE"},{"@type":"Organization","@id":"https:\/\/veganuary.com\/de\/#organization","name":"Veganuary","url":"https:\/\/veganuary.com\/de\/","logo":{"@type":"ImageObject","inLanguage":"de-DE","@id":"https:\/\/veganuary.com\/de\/#\/schema\/logo\/image\/","url":"https:\/\/veganuary.com\/wp-content\/uploads\/2020\/11\/135-veganuary-animals-icon-transparent-rgb.png","contentUrl":"https:\/\/veganuary.com\/wp-content\/uploads\/2020\/11\/135-veganuary-animals-icon-transparent-rgb.png","width":135,"height":135,"caption":"Veganuary"},"image":{"@id":"https:\/\/veganuary.com\/de\/#\/schema\/logo\/image\/"},"sameAs":["https:\/\/www.facebook.com\/Veganuary\/","https:\/\/x.com\/veganuary","https:\/\/www.instagram.com\/weareveganuary\/","https:\/\/www.linkedin.com\/company\/veganuary-limited","https:\/\/www.pinterest.co.uk\/Veganuary\/","https:\/\/www.youtube.com\/channel\/UCGDLtGanlPZLidEGP2N39CA","https:\/\/en.wikipedia.org\/wiki\/Veganuary"]}]}},"_links":{"self":[{"href":"https:\/\/veganuary.com\/de\/wp-json\/wp\/v2\/pages\/73419","targetHints":{"allow":["GET"]}}],"collection":[{"href":"https:\/\/veganuary.com\/de\/wp-json\/wp\/v2\/pages"}],"about":[{"href":"https:\/\/veganuary.com\/de\/wp-json\/wp\/v2\/types\/page"}],"author":[{"embeddable":true,"href":"https:\/\/veganuary.com\/de\/wp-json\/wp\/v2\/users\/70"}],"replies":[{"embeddable":true,"href":"https:\/\/veganuary.com\/de\/wp-json\/wp\/v2\/comments?post=73419"}],"version-history":[{"count":0,"href":"https:\/\/veganuary.com\/de\/wp-json\/wp\/v2\/pages\/73419\/revisions"}],"up":[{"embeddable":true,"href":"https:\/\/veganuary.com\/de\/wp-json\/wp\/v2\/pages\/74607"}],"wp:featuredmedia":[{"embeddable":true,"href":"https:\/\/veganuary.com\/de\/wp-json\/wp\/v2\/media\/145733"}],"wp:attachment":[{"href":"https:\/\/veganuary.com\/de\/wp-json\/wp\/v2\/media?parent=73419"}],"curies":[{"name":"wp","href":"https:\/\/api.w.org\/{rel}","templated":true}]}}