{"id":73441,"date":"2020-08-06T08:52:22","date_gmt":"2020-08-06T07:52:22","guid":{"rendered":"https:\/\/veganuary.com\/cookies-policy\/"},"modified":"2023-06-28T10:10:52","modified_gmt":"2023-06-28T09:10:52","slug":"cookies-richtlinien","status":"publish","type":"page","link":"https:\/\/veganuary.com\/de\/cookies-richtlinien\/","title":{"rendered":"Cookies-Richtlinien"},"content":{"rendered":"\n<div class=\"masthead\">\n\t<div class=\"container\">\n\t\t<div class=\"row\">\n\t\t\t<div class=\"col-md-10 offset-md-1 col-lg-8 offset-lg-2 col-xl-6 offset-xl-3\">\n\n\t\t\t\t<h1 class=\"masthead__title\">Cookies-Richtlinien<\/h1>\n\n\t\t\t\t\n\t\t\t<\/div>\n\t\t<\/div>\n\t<\/div>\n<\/div>\n\n\n\n<div class=\"wp-block-group\"><div class=\"wp-block-group__inner-container is-layout-flow wp-block-group-is-layout-flow\">\n<p>Ein &#8222;Cookie&#8220; ist eine Datei, die eine Website auf Ihrem Computer speichert und die es der Website erm\u00f6glicht, Informationen zu sammeln, um sich zu einem sp\u00e4teren Zeitpunkt an Ihre Vorlieben und Aktionen erinnert. Weitere Informationen zu Cookies finden Sie unter&nbsp;www.allaboutcookies.org.&nbsp;Veganuary verwendet Cookies, um Sie beim Besuch dieser Website zu identifizieren, Ihr Navigationsverhalten zu verfolgen und zu \u00fcberpr\u00fcfen, welche Seiten f\u00fcr Sie n\u00fctzlich sind und welche nicht. Dadurch helfen uns Cookies, Ihnen eine bessere Website bieten zu k\u00f6nnen.Cookies werden im Internet h\u00e4ufig verwendet und richten auf Ihrem System keinen Schaden an. Die auf Veganuary-Websites verwendeten Cookies enthalten keine Daten, die andere \u00fcber Sie lesen oder verstehen k\u00f6nnten, wie z. B. Ihren Namen oder Ihre Kontaktdaten, und geben uns keinen Zugriff auf das von Ihnen verwendete Ger\u00e4t.Wir wissen, dass einige Leute Bedenken bez\u00fcglich Cookies haben, aber wir glauben, dass der Nutzen, den Sie und Veganuary aus einer ordnungsgem\u00e4\u00dfen Verwendung ziehen k\u00f6nnen, sich lohnt.Sie k\u00f6nnen jedoch Ihren Webbrowser auch so einstellen, dass er Sie \u00fcber Cookie-Anforderungen benachrichtigt oder Cookies vollst\u00e4ndig ablehnt. Sie k\u00f6nnen auch die Dateien l\u00f6schen, die Cookies enthalten. \u00dcber das Men\u00fc &#8222;Hilfe&#8220; in der Symbolleiste der meisten Webbrowser erfahren Sie, wie Sie Ihre Cookie-Einstellungen \u00e4ndern k\u00f6nnen.&nbsp;<\/p>\n\n\n\n<p><strong>Von uns verwendete Cookies<\/strong>&nbsp;<\/p>\n\n\n\n<p>Veganuary verwendet sowohl Sitzungscookies (die vor\u00fcbergehend erstellt und dann gel\u00f6scht werden) als auch permanente Cookies (die bleiben und beim n\u00e4chsten Besuch aktiviert werden). Diese Cookies unterst\u00fctzen die Sicherheit, Analyse, und Anzeige von Informationen und anderen Prozessen, die alle zur Kontrolle und Verbesserung von Website-Funktionen und Nutzererlebnis dienen.Nicht bei allen Besuchern unserer Website werden alle unten aufgef\u00fchrten Cookies verwendet. Cookies werden verwendet basierend auf besuchten Seiten und durchgef\u00fchrten Aktionen wie dem Ausf\u00fcllen von Formularen, dem Herunterladen von Inhalten und dem Ansehen von Videos.&nbsp;<\/p>\n\n\n\n<p><strong>Cloudflare<\/strong><strong>\u2028<\/strong>&nbsp;<\/p>\n\n\n\n<p>Wird verwendet, um zu identifizieren, ob unsere Website von \u00f6ffentlichen Orten mit gemeinsam genutztem Internet aufgerufen wird. Dadurch wissen wir, ob Sie eine vertrauensw\u00fcrdige Verbindung verwenden.\u2028Cookie-Name: _cfduid ist das Haupt-Cookie, andere k\u00f6nnen jedoch f\u00fcr zus\u00e4tzliche Sicherheit verwendet werden.\u2028&nbsp;<\/p>\n\n\n\n<p><a rel=\"noreferrer noopener\" href=\"https:\/\/www.cloudflare.com\/de-de\/privacypolicy\/\" target=\"_blank\">Cloudflare Datenschutzrichtlinie<\/a>&nbsp;<\/p>\n\n\n\n<p><strong>Google Analytics und YouTube<\/strong>\u2028&nbsp;<\/p>\n\n\n\n<p>Wird f\u00fcr eine Vielzahl von Funktionen verwendet, z. B. um uns mitzuteilen, woher ein Besucher gekommen ist (z. B. Facebook), um anonym zu verfolgen, wie er mit Inhalten auf der Website interagiert, und um Video- und Seitenanalysen durchzuf\u00fchren.\u2028Cookie-Namen:&nbsp;_gat, _ga, _gid, 1P_JAR, DV, NID, AID, OGPC, OGP, OTZ, PAIDCONTENT, APISID, HSID, LOGIN_INFO, PREF, SAPISID, SID, SSID, TAID, VISITOR_INFO1_LIVE, YSC\u2028&nbsp;<\/p>\n\n\n\n<p><a href=\"https:\/\/policies.google.com\/privacy\" target=\"_blank\" rel=\"noreferrer noopener\">Google Datenschutzrichtlinie<\/a>\u2028\u2028&nbsp;<\/p>\n\n\n\n<p><strong>Facebook Pixel<\/strong>\u2028&nbsp;<\/p>\n\n\n\n<p>Wird verwendet, um Veganuary-Anmeldungen und Seitenbesuche von Facebook-Anzeigen zu verfolgen.&nbsp;Cookie-Namen: Je nach Werbekampagne, Zeitrahmen, Quelle usw. werden verschiedene Cookies verwendet.\u2028&nbsp;<\/p>\n\n\n\n<p><a href=\"https:\/\/www.facebook.com\/about\/privacy\" target=\"_blank\" rel=\"noreferrer noopener\">Facebook Datenschutzrichtlinie<\/a>\u2028\u2028&nbsp;<\/p>\n\n\n\n<p><strong>LinkedIn<\/strong>\u2028&nbsp;<\/p>\n\n\n\n<p>Wird zum Verfolgen von Seitenbesuchen verwendet.\u2028Cookie-Namen: Abh\u00e4ngig von der besuchten Seite, der Quelle usw. werden verschiedene Cookies verwendet.\u2028&nbsp;<\/p>\n\n\n\n<p><a href=\"https:\/\/www.linkedin.com\/legal\/privacy-policy\" target=\"_blank\" rel=\"noreferrer noopener\">LinkedIn Datenschutzrichtlinie<\/a>\u2028\u2028&nbsp;<\/p>\n\n\n\n<p><strong>Reddit<\/strong>\u2028&nbsp;<\/p>\n\n\n\n<p>Wird zum Verfolgen von Seitenbesuchen verwendet.\u2028Cookie-Namen: Abh\u00e4ngig von der besuchten Seite, der Quelle usw. werden verschiedene Cookies verwendet.\u2028&nbsp;<\/p>\n\n\n\n<p><a href=\"https:\/\/www.redditinc.com\/policies\/privacy-policy\" target=\"_blank\" rel=\"noreferrer noopener\">Reddit Datenschutzrichtlinie<\/a>\u2028\u2028&nbsp;<\/p>\n\n\n\n<p><strong>Pinterest<\/strong>\u2028&nbsp;<\/p>\n\n\n\n<p>Wird verwendet, um Seitenbesuche und das Teilen von Veganuary Inhalten in sozialen Medien zu verfolgen.\u2028Cookie-Namen: Abh\u00e4ngig von der besuchten Seite, der Quelle usw. werden verschiedene Cookies verwendet.\u2028&nbsp;<\/p>\n\n\n\n<p><a href=\"https:\/\/policy.pinterest.com\/de\/privacy-policy\" target=\"_blank\" rel=\"noreferrer noopener\">Pinterest Datenschutzrichtlinie<\/a>\u2028\u2028&nbsp;<\/p>\n\n\n\n<p><strong>Paypal<\/strong>\u2028&nbsp;<\/p>\n\n\n\n<p>Wird auf der Veganuary Spendenseite verwendet, um vorhandene Spender zu erkennen.\u2028Cookie-Namen: PYPF.\u2028&nbsp;<\/p>\n\n\n\n<p><a rel=\"noreferrer noopener\" href=\"https:\/\/www.paypal.com\/en\/webapps\/mpp\/ua\/privacy-full\" target=\"_blank\">Paypal Datenschutzrichtlinie<\/a>&nbsp;<\/p>\n\n\n\n<p>Bitte beachten Sie, dass einige Cookies von Drittanbietern m\u00f6glicherweise andere Cookies von Drittanbietern senden, die das Navigationsverhalten anonym verfolgen. Es werden keine identifizierbaren personenbezogenen Daten erfasst oder an Server von Drittanbietern gesendet.&nbsp;<\/p>\n<\/div><\/div>\n","protected":false},"excerpt":{"rendered":"<p>Ein &#8222;Cookie&#8220; ist eine Datei, die eine Website auf Ihrem Computer speichert und die es der Website erm\u00f6glicht, Informationen zu&hellip;<\/p>\n","protected":false},"author":70,"featured_media":0,"parent":0,"menu_order":240,"comment_status":"closed","ping_status":"closed","template":"","meta":{"_acf_changed":false,"_coblocks_attr":"","_coblocks_dimensions":"","_coblocks_responsive_height":"","_coblocks_accordion_ie_support":"","footnotes":""},"class_list":["post-73441","page","type-page","status-publish","hentry"],"acf":[],"yoast_head":"<!-- This site is optimized with the Yoast SEO plugin v27.5 - https:\/\/yoast.com\/product\/yoast-seo-wordpress\/ -->\n<title>Cookies-Richtlinien - Veganuary<\/title>\n<meta name=\"description\" content=\"Veganuary verwendet sowohl Sitzungscookies (die vor\u00fcbergehend erstellt und dann gel\u00f6scht werden) als auch permanente Cookies (die bleiben und beim n\u00e4chsten Besuch aktiviert werden).\" \/>\n<meta name=\"robots\" content=\"index, follow, max-snippet:-1, max-image-preview:large, max-video-preview:-1\" \/>\n<link rel=\"canonical\" href=\"https:\/\/veganuary.com\/de\/cookies-richtlinien\/\" \/>\n<meta property=\"og:locale\" content=\"de_DE\" \/>\n<meta property=\"og:type\" content=\"article\" \/>\n<meta property=\"og:title\" content=\"Cookies-Richtlinien - Veganuary\" \/>\n<meta property=\"og:description\" content=\"Veganuary verwendet sowohl Sitzungscookies (die vor\u00fcbergehend erstellt und dann gel\u00f6scht werden) als auch permanente Cookies (die bleiben und beim n\u00e4chsten Besuch aktiviert werden).\" \/>\n<meta property=\"og:url\" content=\"https:\/\/veganuary.com\/de\/cookies-richtlinien\/\" \/>\n<meta property=\"og:site_name\" content=\"Veganuary\" \/>\n<meta property=\"article:publisher\" content=\"https:\/\/www.facebook.com\/Veganuary\/\" \/>\n<meta property=\"article:modified_time\" content=\"2023-06-28T09:10:52+00:00\" \/>\n<meta name=\"twitter:card\" content=\"summary_large_image\" \/>\n<meta name=\"twitter:site\" content=\"@veganuary\" \/>\n<script type=\"application\/ld+json\" class=\"yoast-schema-graph\">{\"@context\":\"https:\\\/\\\/schema.org\",\"@graph\":[{\"@type\":\"WebPage\",\"@id\":\"https:\\\/\\\/veganuary.com\\\/de\\\/cookies-richtlinien\\\/\",\"url\":\"https:\\\/\\\/veganuary.com\\\/de\\\/cookies-richtlinien\\\/\",\"name\":\"Cookies-Richtlinien - Veganuary\",\"isPartOf\":{\"@id\":\"https:\\\/\\\/veganuary.com\\\/de\\\/#website\"},\"datePublished\":\"2020-08-06T07:52:22+00:00\",\"dateModified\":\"2023-06-28T09:10:52+00:00\",\"description\":\"Veganuary verwendet sowohl Sitzungscookies (die vor\u00fcbergehend erstellt und dann gel\u00f6scht werden) als auch permanente Cookies (die bleiben und beim n\u00e4chsten Besuch aktiviert werden).\",\"breadcrumb\":{\"@id\":\"https:\\\/\\\/veganuary.com\\\/de\\\/cookies-richtlinien\\\/#breadcrumb\"},\"inLanguage\":\"de-DE\",\"potentialAction\":[{\"@type\":\"ReadAction\",\"target\":[\"https:\\\/\\\/veganuary.com\\\/de\\\/cookies-richtlinien\\\/\"]}]},{\"@type\":\"BreadcrumbList\",\"@id\":\"https:\\\/\\\/veganuary.com\\\/de\\\/cookies-richtlinien\\\/#breadcrumb\",\"itemListElement\":[{\"@type\":\"ListItem\",\"position\":1,\"name\":\"Home\",\"item\":\"https:\\\/\\\/veganuary.com\\\/de\\\/\"},{\"@type\":\"ListItem\",\"position\":2,\"name\":\"Cookies-Richtlinien\"}]},{\"@type\":\"WebSite\",\"@id\":\"https:\\\/\\\/veganuary.com\\\/de\\\/#website\",\"url\":\"https:\\\/\\\/veganuary.com\\\/de\\\/\",\"name\":\"Veganuary\",\"description\":\"The website for Veganuary\",\"publisher\":{\"@id\":\"https:\\\/\\\/veganuary.com\\\/de\\\/#organization\"},\"potentialAction\":[{\"@type\":\"SearchAction\",\"target\":{\"@type\":\"EntryPoint\",\"urlTemplate\":\"https:\\\/\\\/veganuary.com\\\/de\\\/?s={search_term_string}\"},\"query-input\":{\"@type\":\"PropertyValueSpecification\",\"valueRequired\":true,\"valueName\":\"search_term_string\"}}],\"inLanguage\":\"de-DE\"},{\"@type\":\"Organization\",\"@id\":\"https:\\\/\\\/veganuary.com\\\/de\\\/#organization\",\"name\":\"Veganuary\",\"url\":\"https:\\\/\\\/veganuary.com\\\/de\\\/\",\"logo\":{\"@type\":\"ImageObject\",\"inLanguage\":\"de-DE\",\"@id\":\"https:\\\/\\\/veganuary.com\\\/de\\\/#\\\/schema\\\/logo\\\/image\\\/\",\"url\":\"https:\\\/\\\/veganuary.com\\\/wp-content\\\/uploads\\\/2020\\\/11\\\/135-veganuary-animals-icon-transparent-rgb.png\",\"contentUrl\":\"https:\\\/\\\/veganuary.com\\\/wp-content\\\/uploads\\\/2020\\\/11\\\/135-veganuary-animals-icon-transparent-rgb.png\",\"width\":135,\"height\":135,\"caption\":\"Veganuary\"},\"image\":{\"@id\":\"https:\\\/\\\/veganuary.com\\\/de\\\/#\\\/schema\\\/logo\\\/image\\\/\"},\"sameAs\":[\"https:\\\/\\\/www.facebook.com\\\/Veganuary\\\/\",\"https:\\\/\\\/x.com\\\/veganuary\",\"https:\\\/\\\/www.instagram.com\\\/weareveganuary\\\/\",\"https:\\\/\\\/www.linkedin.com\\\/company\\\/veganuary-limited\",\"https:\\\/\\\/www.pinterest.co.uk\\\/Veganuary\\\/\",\"https:\\\/\\\/www.youtube.com\\\/channel\\\/UCGDLtGanlPZLidEGP2N39CA\",\"https:\\\/\\\/en.wikipedia.org\\\/wiki\\\/Veganuary\"]}]}<\/script>\n<!-- \/ Yoast SEO plugin. -->","yoast_head_json":{"title":"Cookies-Richtlinien - Veganuary","description":"Veganuary verwendet sowohl Sitzungscookies (die vor\u00fcbergehend erstellt und dann gel\u00f6scht werden) als auch permanente Cookies (die bleiben und beim n\u00e4chsten Besuch aktiviert werden).","robots":{"index":"index","follow":"follow","max-snippet":"max-snippet:-1","max-image-preview":"max-image-preview:large","max-video-preview":"max-video-preview:-1"},"canonical":"https:\/\/veganuary.com\/de\/cookies-richtlinien\/","og_locale":"de_DE","og_type":"article","og_title":"Cookies-Richtlinien - Veganuary","og_description":"Veganuary verwendet sowohl Sitzungscookies (die vor\u00fcbergehend erstellt und dann gel\u00f6scht werden) als auch permanente Cookies (die bleiben und beim n\u00e4chsten Besuch aktiviert werden).","og_url":"https:\/\/veganuary.com\/de\/cookies-richtlinien\/","og_site_name":"Veganuary","article_publisher":"https:\/\/www.facebook.com\/Veganuary\/","article_modified_time":"2023-06-28T09:10:52+00:00","twitter_card":"summary_large_image","twitter_site":"@veganuary","schema":{"@context":"https:\/\/schema.org","@graph":[{"@type":"WebPage","@id":"https:\/\/veganuary.com\/de\/cookies-richtlinien\/","url":"https:\/\/veganuary.com\/de\/cookies-richtlinien\/","name":"Cookies-Richtlinien - Veganuary","isPartOf":{"@id":"https:\/\/veganuary.com\/de\/#website"},"datePublished":"2020-08-06T07:52:22+00:00","dateModified":"2023-06-28T09:10:52+00:00","description":"Veganuary verwendet sowohl Sitzungscookies (die vor\u00fcbergehend erstellt und dann gel\u00f6scht werden) als auch permanente Cookies (die bleiben und beim n\u00e4chsten Besuch aktiviert werden).","breadcrumb":{"@id":"https:\/\/veganuary.com\/de\/cookies-richtlinien\/#breadcrumb"},"inLanguage":"de-DE","potentialAction":[{"@type":"ReadAction","target":["https:\/\/veganuary.com\/de\/cookies-richtlinien\/"]}]},{"@type":"BreadcrumbList","@id":"https:\/\/veganuary.com\/de\/cookies-richtlinien\/#breadcrumb","itemListElement":[{"@type":"ListItem","position":1,"name":"Home","item":"https:\/\/veganuary.com\/de\/"},{"@type":"ListItem","position":2,"name":"Cookies-Richtlinien"}]},{"@type":"WebSite","@id":"https:\/\/veganuary.com\/de\/#website","url":"https:\/\/veganuary.com\/de\/","name":"Veganuary","description":"The website for Veganuary","publisher":{"@id":"https:\/\/veganuary.com\/de\/#organization"},"potentialAction":[{"@type":"SearchAction","target":{"@type":"EntryPoint","urlTemplate":"https:\/\/veganuary.com\/de\/?s={search_term_string}"},"query-input":{"@type":"PropertyValueSpecification","valueRequired":true,"valueName":"search_term_string"}}],"inLanguage":"de-DE"},{"@type":"Organization","@id":"https:\/\/veganuary.com\/de\/#organization","name":"Veganuary","url":"https:\/\/veganuary.com\/de\/","logo":{"@type":"ImageObject","inLanguage":"de-DE","@id":"https:\/\/veganuary.com\/de\/#\/schema\/logo\/image\/","url":"https:\/\/veganuary.com\/wp-content\/uploads\/2020\/11\/135-veganuary-animals-icon-transparent-rgb.png","contentUrl":"https:\/\/veganuary.com\/wp-content\/uploads\/2020\/11\/135-veganuary-animals-icon-transparent-rgb.png","width":135,"height":135,"caption":"Veganuary"},"image":{"@id":"https:\/\/veganuary.com\/de\/#\/schema\/logo\/image\/"},"sameAs":["https:\/\/www.facebook.com\/Veganuary\/","https:\/\/x.com\/veganuary","https:\/\/www.instagram.com\/weareveganuary\/","https:\/\/www.linkedin.com\/company\/veganuary-limited","https:\/\/www.pinterest.co.uk\/Veganuary\/","https:\/\/www.youtube.com\/channel\/UCGDLtGanlPZLidEGP2N39CA","https:\/\/en.wikipedia.org\/wiki\/Veganuary"]}]}},"_links":{"self":[{"href":"https:\/\/veganuary.com\/de\/wp-json\/wp\/v2\/pages\/73441","targetHints":{"allow":["GET"]}}],"collection":[{"href":"https:\/\/veganuary.com\/de\/wp-json\/wp\/v2\/pages"}],"about":[{"href":"https:\/\/veganuary.com\/de\/wp-json\/wp\/v2\/types\/page"}],"author":[{"embeddable":true,"href":"https:\/\/veganuary.com\/de\/wp-json\/wp\/v2\/users\/70"}],"replies":[{"embeddable":true,"href":"https:\/\/veganuary.com\/de\/wp-json\/wp\/v2\/comments?post=73441"}],"version-history":[{"count":0,"href":"https:\/\/veganuary.com\/de\/wp-json\/wp\/v2\/pages\/73441\/revisions"}],"wp:attachment":[{"href":"https:\/\/veganuary.com\/de\/wp-json\/wp\/v2\/media?parent=73441"}],"curies":[{"name":"wp","href":"https:\/\/api.w.org\/{rel}","templated":true}]}}