{"id":74631,"date":"2020-09-14T11:29:15","date_gmt":"2020-09-14T10:29:15","guid":{"rendered":"https:\/\/veganuary.com\/eating-guides\/nutrition-tips\/"},"modified":"2025-11-21T08:57:20","modified_gmt":"2025-11-21T08:57:20","slug":"ernahrungstipps","status":"publish","type":"page","link":"https:\/\/veganuary.com\/de\/vegan-leben\/ernahrungstipps\/","title":{"rendered":"Ern\u00e4hrungstipps"},"content":{"rendered":"\n<div class=\"hero\">\n\t<div class=\"hero__overlay\">\n\t\t<div class=\"hero__content\">\n\t\t\t<div class=\"container\">\n\t\t\t\t<div class=\"row\">\n\t\t\t\t\t<div class=\"col-md-10 offset-md-1 col-lg-8 offset-lg-2 col-xl-6 offset-xl-3\">\n\n\t\t\t\t\t\t<h1 class=\"hero__title\">Ern\u00e4hrungstipps<\/h1>\n\n\t\t\t\t\t\t\t\t\t\t\t\t\t<div class=\"hero__icon\">\n\t\t\t\t\t\t\t\t<img decoding=\"async\" class=\"hero__icon__img\" src=\"https:\/\/veganuary.com\/wp-content\/themes\/veganuary\/assets\/img\/veganuary-icon-orange.svg\" alt=\"\">\n\t\t\t\t\t\t\t<\/div>\n\n\t\t\t\t\t\t\t<p class=\"hero__subtitle\">Hier kommen Tipps f\u00fcr eine gesunde vegane Ern\u00e4hrung<\/p>\n\t\t\t\t\t\t\n\t\t\t\t\t<\/div>\n\t\t\t\t<\/div>\n\t\t\t<\/div>\n\t\t<\/div>\n\t<\/div>\n\n\t<div class=\"hero__figure\">\n\t\t<picture class=\"hero__picture\">\n\t\t\t\t<source media=\"(min-width: 992px)\" srcset=\"https:\/\/veganuary.com\/wp-content\/uploads\/2020\/09\/nutrition-2.jpg, https:\/\/veganuary.com\/wp-content\/uploads\/2020\/09\/nutrition-2.jpg 2x\">\n\t\t\t\t<source media=\"(min-width: 768px)\" srcset=\"https:\/\/veganuary.com\/wp-content\/uploads\/2020\/09\/nutrition-2-800x800.jpg, https:\/\/veganuary.com\/wp-content\/uploads\/2020\/09\/nutrition-2.jpg 2x\">\n\t\t\t\t<source media=\"(min-width: 576px)\" srcset=\"https:\/\/veganuary.com\/wp-content\/uploads\/2020\/09\/nutrition-2-800x800.jpg, https:\/\/veganuary.com\/wp-content\/uploads\/2020\/09\/nutrition-2.jpg 2x\">\n\t\t\t\t<source media=\"(max-width: 575px)\" srcset=\"https:\/\/veganuary.com\/wp-content\/uploads\/2020\/09\/nutrition-2-400x400.jpg, https:\/\/veganuary.com\/wp-content\/uploads\/2020\/09\/nutrition-2-800x800.jpg 2x\">\n\t\t\t\t<img decoding=\"async\" class=\"hero__img\" src=\"https:\/\/veganuary.com\/wp-content\/uploads\/2020\/09\/nutrition-2-400x400.jpg\" alt=\"\"><\/picture>\t<\/div>\n\n<\/div>\n\n\n\n<div class=\"wp-block-group has-light-gray-background-color has-background\"><div class=\"wp-block-group__inner-container is-layout-flow wp-block-group-is-layout-flow\">\n<p class=\"has-medium-font-size\">Zu einer gesunden Ern\u00e4hrung geh\u00f6rt es, pflanzliche Produkte in den Mittelpunkt unserer Mahlzeiten zu stellen. Wenn wir uns f\u00fcr Vollwertkost, H\u00fclsenfr\u00fcchte, N\u00fcsse, Fr\u00fcchte, Gew\u00fcrze, Kr\u00e4uter und einige der 20.000 essbaren Pflanzen entscheiden, die es auf der Welt gibt, k\u00f6nnen wir unsere Gesundheit enorm verbessern und gleichzeitig einige wunderbare, oft neue Geschmacksrichtungen genie\u00dfen.<\/p>\n\n\n\n<p>Eine \u00dcbersicht liefern zum Beispiel <a href=\"https:\/\/veganuary.com\/wp-content\/uploads\/2024\/10\/DE-Veganuary-Daily-Dozen-Checklist-2025-1.pdf\" target=\"_blank\" rel=\"noreferrer noopener\">Die t\u00e4glichen Zw\u00f6lf<\/a> \u2013 eine Liste essenzieller pflanzlicher Lebensmittel, die wir idealerweise t\u00e4glich essen sollten, ums unsere Gesundheit zu f\u00f6rdern.<\/p>\n<\/div><\/div>\n\n\n\n<div class=\"wp-block-group has-white-background-color has-background\"><div class=\"wp-block-group__inner-container is-layout-flow wp-block-group-is-layout-flow\">\n<h2 class=\"wp-block-heading\">WICHTIGE N\u00c4HRSTOFFE<\/h2>\n\n\n\n<h3 class=\"wp-block-heading\">Protein&nbsp;<\/h3>\n\n\n\n<p>Die erste Frage, die Veganer:innen oft gestellt wird, lautet: \u201eWoher bekommst du eigentlich deine Proteine?\u201c Das ist durchaus \u00fcberraschend, denn Eiwei\u00df ist in fast jedem einzelnen Lebensmittel, das wir essen, enthalten. Nat\u00fcrlich gibt es bessere Quellen als andere, aber als vegan lebender Mensch ist es nicht schwer, die empfohlene Tagesdosis zu erreichen.<\/p>\n\n\n\n<p>Zu den besten Quellen geh\u00f6ren <a href=\"https:\/\/veganuary.com\/de\/tofu-zubereiten\/\" target=\"_blank\" rel=\"noreferrer noopener\">Tofu,<\/a> <a href=\"https:\/\/veganuary.com\/de\/tempeh-zubereiten\/\" target=\"_blank\" rel=\"noreferrer noopener\">Tempeh,<\/a> vegane W\u00fcrstchen aus <a href=\"https:\/\/veganuary.com\/de\/seitan-zubereiten\/\" target=\"_blank\" rel=\"noreferrer noopener\">Seitan,<\/a> Erbsen- oder Sojaprotein, Linsen, Kichererbsen, schwarze Bohnen, gebackene Bohnen und Edamame, Samen, N\u00fcsse und Nussbutter, Quinoa, Hafer, Reis und Getreide. Sogar Gem\u00fcse enth\u00e4lt Eiwei\u00df!<\/p>\n\n\n\n<p>Eine typische Tagesnahrung, die den Eiwei\u00dfbedarf \u00fcbersteigt, k\u00f6nnte sein:<\/p>\n\n\n\n<p>Haferflocken mit ein paar Mandeln: 12 g<\/p>\n\n\n\n<p>Ein Wrap aus Hummus und Falafel mit einem Bohnen-Salat: 24 g<\/p>\n\n\n\n<p>Gem\u00fcsew\u00fcrstchen mit Kartoffeln, Erbsen und Brokkoli: 30 g<\/p>\n\n\n\n<figure class=\"wp-block-gallery has-nested-images columns-default is-cropped wp-block-gallery-1 is-layout-flex wp-block-gallery-is-layout-flex\">\n<figure class=\"wp-block-image size-large\"><img fetchpriority=\"high\" decoding=\"async\" width=\"1200\" height=\"1200\" data-id=\"72866\" src=\"https:\/\/veganuary.com\/wp-content\/uploads\/2020\/09\/nutrition-2.jpg\" alt=\"\" class=\"wp-image-72866\" srcset=\"https:\/\/veganuary.com\/wp-content\/uploads\/2020\/09\/nutrition-2.jpg 1200w, https:\/\/veganuary.com\/wp-content\/uploads\/2020\/09\/nutrition-2-400x400.jpg 400w, https:\/\/veganuary.com\/wp-content\/uploads\/2020\/09\/nutrition-2-768x768.jpg 768w, https:\/\/veganuary.com\/wp-content\/uploads\/2020\/09\/nutrition-2-800x800.jpg 800w\" sizes=\"(max-width: 1200px) 100vw, 1200px\" \/><\/figure>\n<\/figure>\n\n\n\n<h3 class=\"wp-block-heading\">Calcium<\/h3>\n\n\n\n<p>So wie Fleisch nicht das Monopol auf Eiwei\u00df hat, hat Milch nicht das Monopol auf Calcium! Bohnen und gr\u00fcnes Gem\u00fcse sind in der Regel sehr calciumreich, ebenso schwarze Bohnen, Kidneybohnen, Sojabohnen, Gr\u00fcnkohl, Brunnenkresse, Okraschoten und Brokkoli. Dar\u00fcber hinaus findet sich Calcium auch in S\u00fc\u00dfkartoffeln, Butternussk\u00fcrbissen und Tofu. Auch beim Naschen von getrockneten Feigen und Mandeln erh\u00e4lt dein K\u00f6rper Calcium. Pflanzenmilch und vegane Joghurts werden h\u00e4ufig damit angereichert.<\/p>\n\n\n\n<p><a href=\"https:\/\/veganuary.com\/de\/vitamin-d-vegan\/\" target=\"_blank\" rel=\"noreferrer noopener\">Vitamin D<\/a> hilft bei der Aufnahme von Calcium, und viele Menschen haben besonders in den Wintermonaten \u2013 ganz unabh\u00e4ngig von ihrer Ern\u00e4hrung \u2013 einen Mangel an diesem lebenswichtigen Vitamin. Dann hilft es, sich so oft wie m\u00f6glich in der Sonne aufzuhalten und Produkte zu essen, die mit Vitamin D angereichert sind, wie z. B. pflanzliche Margarine und manche Fr\u00fchst\u00fcckszerealien. In den Wintermonaten wird empfohlen, zus\u00e4tzlich ein Vitamin-D-Pr\u00e4parat einzunehmen.<\/p>\n\n\n\n<h3 class=\"wp-block-heading\">Eisen<\/h3>\n\n\n\n<p>Obwohl Eisenmangelan\u00e4mie nicht ungew\u00f6hnlich ist, legen Untersuchungen nahe, dass Menschen, die sich rein pflanzlich ern\u00e4hren, nicht st\u00e4rker gef\u00e4hrdet sind als diejenigen, die Fleisch essen.<\/p>\n\n\n\n<p>F\u00fcr eine optimale Eisenaufnahme streust du einfach ein paar Sonnenblumenkerne, Trockenfr\u00fcchte oder frische Beeren in dein M\u00fcsli und trinkst einen Orangensaft dazu. Andere Nahrungsmittel, die dir dabei helfen, deine Eisenaufnahme zu verbessern, sind unter anderem Edamame-Bohnen, Linsen, Kichererbsen und Bohnen, Tofu, Tempeh, Quinoa, Brunnenkresse, Gr\u00fcnkohl und anderes dunkelgr\u00fcnes Blattgem\u00fcse sowie N\u00fcsse, Sesam und dunkle Schokolade.<\/p>\n\n\n\n<p>Achte darauf, viel Vitamin C zu dir zu nehmen, damit das Eisen in der Nahrung gut aufgenommen werden kann und vermeide es im besten Fall, direkt zu deiner Mahlzeit Kaffee oder Tee (vor allem schwarzen und gr\u00fcnen Tee) zu trinken, da dies die Eisenabsorption verringern kann.<\/p>\n\n\n\n<h3 class=\"wp-block-heading\">Omega-3 und Omega-6<\/h3>\n\n\n\n<p>Unser K\u00f6rper ist in der Lage, fast alle Fette herzustellen, die wir f\u00fcr das reibungslose Funktionieren unseres Gewebes ben\u00f6tigen, aber es gibt zwei, die wir aus unserer Nahrung aufnehmen m\u00fcssen. Sie sind deshalb auch als essentielle Fetts\u00e4uren bekannt.<\/p>\n\n\n\n<p><a href=\"https:\/\/veganuary.com\/de\/omega-3-und-omega-6\/\" target=\"_blank\" rel=\"noreferrer noopener\">Omega-6<\/a> ist reichlich in Blattgem\u00fcse, Samen, N\u00fcssen, K\u00f6rnern und den meisten Pflanzen\u00f6len enthalten. Es ist sehr einfach, mit einer ausgewogenen veganen Ern\u00e4hrung gen\u00fcgend Omega-6 aufzunehmen, jedoch konkurriert dieses Fett mit <a href=\"https:\/\/veganuary.com\/de\/omega-3-und-omega-6\/\" target=\"_blank\" rel=\"noreferrer noopener\">Omega-3<\/a> f\u00fcr die Verwendung im K\u00f6rper, sodass wir sicherstellen m\u00fcssen, dass wir jeden Tag gen\u00fcgend Omega-3 zu uns nehmen. Sehr gute Quellen daf\u00fcr sind: Gr\u00fcnes Blattgem\u00fcse (Rosenkohl, Gr\u00fcnkohl, Spinat), Waln\u00fcsse, Raps\u00f6l, gemahlener Leinsamen und Leinsamen\u00f6l, Sojabohnen und Tofu.<\/p>\n\n\n\n<p>Diese Lebensmittel enthalten zwar viel, aber nicht immer gen\u00fcgend Omega-3, um den menschlichen Bedarf ausreichend zu decken. Deshalb ist es wichtig, dass vegan lebende Menschen Omega-3 supplementieren. Halte dabei Ausschau nach veganen Produkten, f\u00fcr die EPA- und DHA-Fetts\u00e4uren aus Mikroalgen gewonnen werden.<\/p>\n\n\n\n<figure class=\"wp-block-image size-large\"><img decoding=\"async\" width=\"1200\" height=\"1200\" src=\"https:\/\/veganuary.com\/wp-content\/uploads\/2020\/09\/nutrition-1.jpg\" alt=\"\" class=\"wp-image-72852\" srcset=\"https:\/\/veganuary.com\/wp-content\/uploads\/2020\/09\/nutrition-1.jpg 1200w, https:\/\/veganuary.com\/wp-content\/uploads\/2020\/09\/nutrition-1-400x400.jpg 400w, https:\/\/veganuary.com\/wp-content\/uploads\/2020\/09\/nutrition-1-768x768.jpg 768w, https:\/\/veganuary.com\/wp-content\/uploads\/2020\/09\/nutrition-1-800x800.jpg 800w\" sizes=\"(max-width: 1200px) 100vw, 1200px\" \/><\/figure>\n\n\n\n<h3 class=\"wp-block-heading\">Jod<\/h3>\n\n\n\n<p>Es kann schwierig sein, Jod richtig zu dosieren, da sowohl zu viel als auch zu wenig Jod Schilddr\u00fcsenprobleme hervorrufen kann. Geringe Mengen finden sich in N\u00fcssen, Brot, Obst, Gem\u00fcse und Bohnen. Die besten pflanzlichen Quellen f\u00fcr Jod sind Meeresalgen und jodiertes Salz, wobei die Mengen in Meeresalgen recht stark variieren k\u00f6nnen. Braunalgen k\u00f6nnen viel Jod enthalten, sodass es ausreichen sollte, sie nur einmal pro Woche zu essen. Diejenigen, die Meeresalgen nicht m\u00f6gen und die Salzzufuhr reduzieren m\u00fcssen, sollten eine Erg\u00e4nzung in Betracht ziehen.<\/p>\n\n\n\n<h3 class=\"wp-block-heading\">Vitamin B12&nbsp;<\/h3>\n\n\n\n<p>Es ist das einzige Vitamin, das bei einer rein pflanzlichen Ern\u00e4hrung nur sehr schwer zu erhalten ist. Es in tierischen Produkten enthalten, weil es von Bakterien im Verdauungstrakt vieler Tiere (vor allem Wiederk\u00e4uern wie K\u00fchen) hergestellt wird. Jedoch nur unter nat\u00fcrlichen und idealen Bedingungen, wie sie in der industriellen Landwirtschaft nicht zu finden sind \u2013 deswegen ist es \u00fcblich, dass es den Tieren selbst \u00fcber ihr Futter supplementiert wird. Doch diesen Umweg k\u00f6nnen wir uns sparen und einfach direkt selbst <a href=\"https:\/\/veganuary.com\/de\/vitamin-b12-in-der-veganen-ernaehrung\/\" target=\"_blank\" rel=\"noreferrer noopener\">Vitamin B12<\/a>-Pr\u00e4parate nehmen!<\/p>\n\n\n\n<p>Eine Erg\u00e4nzung dieses wichtigen Vitamins \u2013 zum Beispiel in Form von Tabletten oder Tropfen \u2013 ist wichtig, um sicherzugehen, dass wir eine ausreichende Menge aufnehmen.<\/p>\n\n\n\n<hr class=\"wp-block-separator has-css-opacity\"\/>\n\n\n\n<p>Nat\u00fcrlich ist jeder Mensch anders und manche haben besondere Ern\u00e4hrungsbed\u00fcrfnisse (z. B. Schwangere, Sportler:innen, Menschen mit chronischen Krankheiten oder Schwierigkeiten bei der N\u00e4hrstoffaufnahme). Bei speziellen Ern\u00e4hrungs- oder Gesundheitsproblemen solltest du daher am besten \u00e4rztlichen Rat einholen oder dich an eine zertifizierte Ern\u00e4hrungsberatung wenden.<\/p>\n\n\n\n<hr class=\"wp-block-separator has-css-opacity\"\/>\n\n\n\n<p class=\"has-medium-font-size\">M\u00f6chtest du mehr erfahren? Dann mach mit und probiere einen Monat lang eine vegane Ern\u00e4hrung mit uns aus. Du erh\u00e4ltst das offizielle Starter Kit sowie unser Promi-Kochbuch \u2013 und das alles kostenlos!<\/p>\n\n\n\n<div class=\"wp-block-buttons is-layout-flex wp-block-buttons-is-layout-flex\">\n<div class=\"wp-block-button is-style-fill\"><a class=\"wp-block-button__link wp-element-button\" href=\"https:\/\/veganuary.com\/de\/jetzt-mitmachen\/\">JETZT MITMACHEN<\/a><\/div>\n<\/div>\n<\/div><\/div>\n","protected":false},"excerpt":{"rendered":"<p>Zu einer gesunden Ern\u00e4hrung geh\u00f6rt es, pflanzliche Produkte in den Mittelpunkt unserer Mahlzeiten zu stellen. Wenn wir uns f\u00fcr Vollwertkost,&hellip;<\/p>\n","protected":false},"author":70,"featured_media":72873,"parent":74617,"menu_order":44,"comment_status":"closed","ping_status":"closed","template":"","meta":{"_acf_changed":false,"_coblocks_attr":"","_coblocks_dimensions":"","_coblocks_responsive_height":"","_coblocks_accordion_ie_support":"","footnotes":""},"class_list":["post-74631","page","type-page","status-publish","has-post-thumbnail","hentry"],"acf":[],"yoast_head":"<!-- This site is optimized with the Yoast SEO plugin v27.3 - https:\/\/yoast.com\/product\/yoast-seo-wordpress\/ -->\n<title>Ern\u00e4hrungstipps | Veganuary<\/title>\n<meta name=\"description\" content=\"Mit diesen Tipps l\u00e4sst sich eine gesunde vegane Ern\u00e4hrung ganz einfach umsetzen.\" \/>\n<meta name=\"robots\" content=\"index, follow, max-snippet:-1, max-image-preview:large, max-video-preview:-1\" \/>\n<link rel=\"canonical\" href=\"https:\/\/veganuary.com\/de\/vegan-leben\/ernahrungstipps\/\" \/>\n<meta property=\"og:locale\" content=\"de_DE\" \/>\n<meta property=\"og:type\" content=\"article\" \/>\n<meta property=\"og:title\" content=\"Ern\u00e4hrungstipps\" \/>\n<meta property=\"og:description\" content=\"Mit diesen Tipps l\u00e4sst sich eine gesunde vegane Ern\u00e4hrung ganz einfach umsetzen.\" \/>\n<meta property=\"og:url\" content=\"https:\/\/veganuary.com\/de\/vegan-leben\/ernahrungstipps\/\" \/>\n<meta property=\"og:site_name\" content=\"Veganuary\" \/>\n<meta property=\"article:publisher\" content=\"https:\/\/www.facebook.com\/Veganuary\/\" \/>\n<meta property=\"article:modified_time\" content=\"2025-11-21T08:57:20+00:00\" \/>\n<meta property=\"og:image\" content=\"https:\/\/veganuary.com\/wp-content\/uploads\/2020\/09\/nutrition-hero.jpg\" \/>\n\t<meta property=\"og:image:width\" content=\"2400\" \/>\n\t<meta property=\"og:image:height\" content=\"1600\" \/>\n\t<meta property=\"og:image:type\" content=\"image\/jpeg\" \/>\n<meta name=\"twitter:card\" content=\"summary_large_image\" \/>\n<meta name=\"twitter:title\" content=\"Ern\u00e4hrungstipps\" \/>\n<meta name=\"twitter:description\" content=\"Mit diesen Tipps l\u00e4sst sich eine gesunde vegane Ern\u00e4hrung ganz einfach umsetzen.\" \/>\n<meta name=\"twitter:image\" content=\"https:\/\/veganuary.com\/wp-content\/uploads\/2020\/09\/nutrition-hero.jpg\" \/>\n<meta name=\"twitter:site\" content=\"@veganuary\" \/>\n<meta name=\"twitter:label1\" content=\"Gesch\u00e4tzte Lesezeit\" \/>\n\t<meta name=\"twitter:data1\" content=\"5 Minuten\" \/>\n<script type=\"application\/ld+json\" class=\"yoast-schema-graph\">{\"@context\":\"https:\\\/\\\/schema.org\",\"@graph\":[{\"@type\":\"WebPage\",\"@id\":\"https:\\\/\\\/veganuary.com\\\/de\\\/vegan-leben\\\/ernahrungstipps\\\/\",\"url\":\"https:\\\/\\\/veganuary.com\\\/de\\\/vegan-leben\\\/ernahrungstipps\\\/\",\"name\":\"Ern\u00e4hrungstipps | Veganuary\",\"isPartOf\":{\"@id\":\"https:\\\/\\\/veganuary.com\\\/de\\\/#website\"},\"primaryImageOfPage\":{\"@id\":\"https:\\\/\\\/veganuary.com\\\/de\\\/vegan-leben\\\/ernahrungstipps\\\/#primaryimage\"},\"image\":{\"@id\":\"https:\\\/\\\/veganuary.com\\\/de\\\/vegan-leben\\\/ernahrungstipps\\\/#primaryimage\"},\"thumbnailUrl\":\"https:\\\/\\\/veganuary.com\\\/wp-content\\\/uploads\\\/2020\\\/09\\\/nutrition-2.jpg\",\"datePublished\":\"2020-09-14T10:29:15+00:00\",\"dateModified\":\"2025-11-21T08:57:20+00:00\",\"description\":\"Mit diesen Tipps l\u00e4sst sich eine gesunde vegane Ern\u00e4hrung ganz einfach umsetzen.\",\"breadcrumb\":{\"@id\":\"https:\\\/\\\/veganuary.com\\\/de\\\/vegan-leben\\\/ernahrungstipps\\\/#breadcrumb\"},\"inLanguage\":\"de-DE\",\"potentialAction\":[{\"@type\":\"ReadAction\",\"target\":[\"https:\\\/\\\/veganuary.com\\\/de\\\/vegan-leben\\\/ernahrungstipps\\\/\"]}]},{\"@type\":\"ImageObject\",\"inLanguage\":\"de-DE\",\"@id\":\"https:\\\/\\\/veganuary.com\\\/de\\\/vegan-leben\\\/ernahrungstipps\\\/#primaryimage\",\"url\":\"https:\\\/\\\/veganuary.com\\\/wp-content\\\/uploads\\\/2020\\\/09\\\/nutrition-2.jpg\",\"contentUrl\":\"https:\\\/\\\/veganuary.com\\\/wp-content\\\/uploads\\\/2020\\\/09\\\/nutrition-2.jpg\",\"width\":1200,\"height\":1200},{\"@type\":\"BreadcrumbList\",\"@id\":\"https:\\\/\\\/veganuary.com\\\/de\\\/vegan-leben\\\/ernahrungstipps\\\/#breadcrumb\",\"itemListElement\":[{\"@type\":\"ListItem\",\"position\":1,\"name\":\"Home\",\"item\":\"https:\\\/\\\/veganuary.com\\\/de\\\/\"},{\"@type\":\"ListItem\",\"position\":2,\"name\":\"Vegan leben\",\"item\":\"https:\\\/\\\/veganuary.com\\\/de\\\/vegan-leben\\\/\"},{\"@type\":\"ListItem\",\"position\":3,\"name\":\"Ern\u00e4hrungstipps\"}]},{\"@type\":\"WebSite\",\"@id\":\"https:\\\/\\\/veganuary.com\\\/de\\\/#website\",\"url\":\"https:\\\/\\\/veganuary.com\\\/de\\\/\",\"name\":\"Veganuary\",\"description\":\"The website for Veganuary\",\"publisher\":{\"@id\":\"https:\\\/\\\/veganuary.com\\\/de\\\/#organization\"},\"potentialAction\":[{\"@type\":\"SearchAction\",\"target\":{\"@type\":\"EntryPoint\",\"urlTemplate\":\"https:\\\/\\\/veganuary.com\\\/de\\\/?s={search_term_string}\"},\"query-input\":{\"@type\":\"PropertyValueSpecification\",\"valueRequired\":true,\"valueName\":\"search_term_string\"}}],\"inLanguage\":\"de-DE\"},{\"@type\":\"Organization\",\"@id\":\"https:\\\/\\\/veganuary.com\\\/de\\\/#organization\",\"name\":\"Veganuary\",\"url\":\"https:\\\/\\\/veganuary.com\\\/de\\\/\",\"logo\":{\"@type\":\"ImageObject\",\"inLanguage\":\"de-DE\",\"@id\":\"https:\\\/\\\/veganuary.com\\\/de\\\/#\\\/schema\\\/logo\\\/image\\\/\",\"url\":\"https:\\\/\\\/veganuary.com\\\/wp-content\\\/uploads\\\/2020\\\/11\\\/135-veganuary-animals-icon-transparent-rgb.png\",\"contentUrl\":\"https:\\\/\\\/veganuary.com\\\/wp-content\\\/uploads\\\/2020\\\/11\\\/135-veganuary-animals-icon-transparent-rgb.png\",\"width\":135,\"height\":135,\"caption\":\"Veganuary\"},\"image\":{\"@id\":\"https:\\\/\\\/veganuary.com\\\/de\\\/#\\\/schema\\\/logo\\\/image\\\/\"},\"sameAs\":[\"https:\\\/\\\/www.facebook.com\\\/Veganuary\\\/\",\"https:\\\/\\\/x.com\\\/veganuary\",\"https:\\\/\\\/www.instagram.com\\\/weareveganuary\\\/\",\"https:\\\/\\\/www.linkedin.com\\\/company\\\/veganuary-limited\",\"https:\\\/\\\/www.pinterest.co.uk\\\/Veganuary\\\/\",\"https:\\\/\\\/www.youtube.com\\\/channel\\\/UCGDLtGanlPZLidEGP2N39CA\",\"https:\\\/\\\/en.wikipedia.org\\\/wiki\\\/Veganuary\"]}]}<\/script>\n<!-- \/ Yoast SEO plugin. -->","yoast_head_json":{"title":"Ern\u00e4hrungstipps | Veganuary","description":"Mit diesen Tipps l\u00e4sst sich eine gesunde vegane Ern\u00e4hrung ganz einfach umsetzen.","robots":{"index":"index","follow":"follow","max-snippet":"max-snippet:-1","max-image-preview":"max-image-preview:large","max-video-preview":"max-video-preview:-1"},"canonical":"https:\/\/veganuary.com\/de\/vegan-leben\/ernahrungstipps\/","og_locale":"de_DE","og_type":"article","og_title":"Ern\u00e4hrungstipps","og_description":"Mit diesen Tipps l\u00e4sst sich eine gesunde vegane Ern\u00e4hrung ganz einfach umsetzen.","og_url":"https:\/\/veganuary.com\/de\/vegan-leben\/ernahrungstipps\/","og_site_name":"Veganuary","article_publisher":"https:\/\/www.facebook.com\/Veganuary\/","article_modified_time":"2025-11-21T08:57:20+00:00","og_image":[{"width":2400,"height":1600,"url":"https:\/\/veganuary.com\/wp-content\/uploads\/2020\/09\/nutrition-hero.jpg","type":"image\/jpeg"}],"twitter_card":"summary_large_image","twitter_title":"Ern\u00e4hrungstipps","twitter_description":"Mit diesen Tipps l\u00e4sst sich eine gesunde vegane Ern\u00e4hrung ganz einfach umsetzen.","twitter_image":"https:\/\/veganuary.com\/wp-content\/uploads\/2020\/09\/nutrition-hero.jpg","twitter_site":"@veganuary","twitter_misc":{"Gesch\u00e4tzte Lesezeit":"5 Minuten"},"schema":{"@context":"https:\/\/schema.org","@graph":[{"@type":"WebPage","@id":"https:\/\/veganuary.com\/de\/vegan-leben\/ernahrungstipps\/","url":"https:\/\/veganuary.com\/de\/vegan-leben\/ernahrungstipps\/","name":"Ern\u00e4hrungstipps | Veganuary","isPartOf":{"@id":"https:\/\/veganuary.com\/de\/#website"},"primaryImageOfPage":{"@id":"https:\/\/veganuary.com\/de\/vegan-leben\/ernahrungstipps\/#primaryimage"},"image":{"@id":"https:\/\/veganuary.com\/de\/vegan-leben\/ernahrungstipps\/#primaryimage"},"thumbnailUrl":"https:\/\/veganuary.com\/wp-content\/uploads\/2020\/09\/nutrition-2.jpg","datePublished":"2020-09-14T10:29:15+00:00","dateModified":"2025-11-21T08:57:20+00:00","description":"Mit diesen Tipps l\u00e4sst sich eine gesunde vegane Ern\u00e4hrung ganz einfach umsetzen.","breadcrumb":{"@id":"https:\/\/veganuary.com\/de\/vegan-leben\/ernahrungstipps\/#breadcrumb"},"inLanguage":"de-DE","potentialAction":[{"@type":"ReadAction","target":["https:\/\/veganuary.com\/de\/vegan-leben\/ernahrungstipps\/"]}]},{"@type":"ImageObject","inLanguage":"de-DE","@id":"https:\/\/veganuary.com\/de\/vegan-leben\/ernahrungstipps\/#primaryimage","url":"https:\/\/veganuary.com\/wp-content\/uploads\/2020\/09\/nutrition-2.jpg","contentUrl":"https:\/\/veganuary.com\/wp-content\/uploads\/2020\/09\/nutrition-2.jpg","width":1200,"height":1200},{"@type":"BreadcrumbList","@id":"https:\/\/veganuary.com\/de\/vegan-leben\/ernahrungstipps\/#breadcrumb","itemListElement":[{"@type":"ListItem","position":1,"name":"Home","item":"https:\/\/veganuary.com\/de\/"},{"@type":"ListItem","position":2,"name":"Vegan leben","item":"https:\/\/veganuary.com\/de\/vegan-leben\/"},{"@type":"ListItem","position":3,"name":"Ern\u00e4hrungstipps"}]},{"@type":"WebSite","@id":"https:\/\/veganuary.com\/de\/#website","url":"https:\/\/veganuary.com\/de\/","name":"Veganuary","description":"The website for Veganuary","publisher":{"@id":"https:\/\/veganuary.com\/de\/#organization"},"potentialAction":[{"@type":"SearchAction","target":{"@type":"EntryPoint","urlTemplate":"https:\/\/veganuary.com\/de\/?s={search_term_string}"},"query-input":{"@type":"PropertyValueSpecification","valueRequired":true,"valueName":"search_term_string"}}],"inLanguage":"de-DE"},{"@type":"Organization","@id":"https:\/\/veganuary.com\/de\/#organization","name":"Veganuary","url":"https:\/\/veganuary.com\/de\/","logo":{"@type":"ImageObject","inLanguage":"de-DE","@id":"https:\/\/veganuary.com\/de\/#\/schema\/logo\/image\/","url":"https:\/\/veganuary.com\/wp-content\/uploads\/2020\/11\/135-veganuary-animals-icon-transparent-rgb.png","contentUrl":"https:\/\/veganuary.com\/wp-content\/uploads\/2020\/11\/135-veganuary-animals-icon-transparent-rgb.png","width":135,"height":135,"caption":"Veganuary"},"image":{"@id":"https:\/\/veganuary.com\/de\/#\/schema\/logo\/image\/"},"sameAs":["https:\/\/www.facebook.com\/Veganuary\/","https:\/\/x.com\/veganuary","https:\/\/www.instagram.com\/weareveganuary\/","https:\/\/www.linkedin.com\/company\/veganuary-limited","https:\/\/www.pinterest.co.uk\/Veganuary\/","https:\/\/www.youtube.com\/channel\/UCGDLtGanlPZLidEGP2N39CA","https:\/\/en.wikipedia.org\/wiki\/Veganuary"]}]}},"_links":{"self":[{"href":"https:\/\/veganuary.com\/de\/wp-json\/wp\/v2\/pages\/74631","targetHints":{"allow":["GET"]}}],"collection":[{"href":"https:\/\/veganuary.com\/de\/wp-json\/wp\/v2\/pages"}],"about":[{"href":"https:\/\/veganuary.com\/de\/wp-json\/wp\/v2\/types\/page"}],"author":[{"embeddable":true,"href":"https:\/\/veganuary.com\/de\/wp-json\/wp\/v2\/users\/70"}],"replies":[{"embeddable":true,"href":"https:\/\/veganuary.com\/de\/wp-json\/wp\/v2\/comments?post=74631"}],"version-history":[{"count":0,"href":"https:\/\/veganuary.com\/de\/wp-json\/wp\/v2\/pages\/74631\/revisions"}],"up":[{"embeddable":true,"href":"https:\/\/veganuary.com\/de\/wp-json\/wp\/v2\/pages\/74617"}],"wp:featuredmedia":[{"embeddable":true,"href":"https:\/\/veganuary.com\/de\/wp-json\/wp\/v2\/media\/72873"}],"wp:attachment":[{"href":"https:\/\/veganuary.com\/de\/wp-json\/wp\/v2\/media?parent=74631"}],"curies":[{"name":"wp","href":"https:\/\/api.w.org\/{rel}","templated":true}]}}