{"id":76203,"date":"2020-08-06T08:50:14","date_gmt":"2020-08-06T07:50:14","guid":{"rendered":"https:\/\/veganuary.com\/uber-uns\/jobs\/"},"modified":"2025-03-13T09:43:29","modified_gmt":"2025-03-13T09:43:29","slug":"jobs","status":"publish","type":"page","link":"https:\/\/veganuary.com\/de\/uber-uns\/jobs\/","title":{"rendered":"Jobs"},"content":{"rendered":"\n<div class=\"hero\">\n\t<div class=\"hero__overlay\">\n\t\t<div class=\"hero__content\">\n\t\t\t<div class=\"container\">\n\t\t\t\t<div class=\"row\">\n\t\t\t\t\t<div class=\"col-md-10 offset-md-1 col-lg-8 offset-lg-2 col-xl-6 offset-xl-3\">\n\n\t\t\t\t\t\t<h1 class=\"hero__title\">Werde Teil unseres Teams<\/h1>\n\n\t\t\t\t\t\t\t\t\t\t\t\t\t<div class=\"hero__icon\">\n\t\t\t\t\t\t\t\t<img decoding=\"async\" class=\"hero__icon__img\" src=\"https:\/\/veganuary.com\/wp-content\/themes\/veganuary\/assets\/img\/veganuary-icon-orange.svg\" alt=\"\">\n\t\t\t\t\t\t\t<\/div>\n\n\t\t\t\t\t\t\t<p class=\"hero__subtitle\">Entdecke die neuesten Jobs bei Veganuary<\/p>\n\t\t\t\t\t\t\n\t\t\t\t\t<\/div>\n\t\t\t\t<\/div>\n\t\t\t<\/div>\n\t\t<\/div>\n\t<\/div>\n\n\t<div class=\"hero__figure\">\n\t\t<picture class=\"hero__picture\">\n\t\t\t\t<source media=\"(min-width: 992px)\" srcset=\"https:\/\/veganuary.com\/wp-content\/uploads\/2025\/03\/IMGL1116r-Copy-1200x696.jpg, https:\/\/veganuary.com\/wp-content\/uploads\/2025\/03\/IMGL1116r-Copy-1800x1043.jpg 2x\">\n\t\t\t\t<source media=\"(min-width: 768px)\" srcset=\"https:\/\/veganuary.com\/wp-content\/uploads\/2025\/03\/IMGL1116r-Copy-800x464.jpg, https:\/\/veganuary.com\/wp-content\/uploads\/2025\/03\/IMGL1116r-Copy-1800x1043.jpg 2x\">\n\t\t\t\t<source media=\"(min-width: 576px)\" srcset=\"https:\/\/veganuary.com\/wp-content\/uploads\/2025\/03\/IMGL1116r-Copy-800x464.jpg, https:\/\/veganuary.com\/wp-content\/uploads\/2025\/03\/IMGL1116r-Copy-1200x696.jpg 2x\">\n\t\t\t\t<source media=\"(max-width: 575px)\" srcset=\"https:\/\/veganuary.com\/wp-content\/uploads\/2025\/03\/IMGL1116r-Copy-400x232.jpg, https:\/\/veganuary.com\/wp-content\/uploads\/2025\/03\/IMGL1116r-Copy-800x464.jpg 2x\">\n\t\t\t\t<img decoding=\"async\" class=\"hero__img\" src=\"https:\/\/veganuary.com\/wp-content\/uploads\/2025\/03\/IMGL1116r-Copy-400x232.jpg\" alt=\"\"><\/picture>\t<\/div>\n\n<\/div>\n\n\n\n<div class=\"wp-block-group has-white-background-color has-background\"><div class=\"wp-block-group__inner-container is-layout-flow wp-block-group-is-layout-flow\">\n<p class=\"has-medium-font-size\">Du suchst nach einer T\u00e4tigkeit mit Sinn und m\u00f6chtest etwas tun, das die Welt f\u00fcr Mensch, Tier und Planet ein bisschen besser macht? Dann bist du bei uns genau an der richtigen Stelle!<\/p>\n\n\n\n<p>Wir suchen motivierte und leidenschaftliche Menschen, die sich uns anschlie\u00dfen wollen, um Tierleben zu retten, Umweltsch\u00e4den zu verringern und Hunderttausenden von Menschen ein ges\u00fcnderes Leben zu erm\u00f6glichen.<\/p>\n<\/div><\/div>\n\n\n\n<div class=\"wp-block-group has-pink-tint-background-color has-background\"><div class=\"wp-block-group__inner-container is-layout-flow wp-block-group-is-layout-flow\">\n<h2 class=\"wp-block-heading has-text-align-center\">OFFENE STELLEN<\/h2>\n\n\n\n<p class=\"has-text-align-center\"><\/p>\n\n\n<\/div><\/div>\n\n\n\n<div class=\"wp-block-group has-white-background-color has-background\"><div class=\"wp-block-group__inner-container is-layout-flow wp-block-group-is-layout-flow\">\n<h2 class=\"wp-block-heading\">\u00dcBER UNS<\/h2>\n\n\n\n<p>Werde Teil einer Organisation, die im Januar (und dar\u00fcber hinaus) Schlagzeilen macht!<\/p>\n\n\n\n<p>Veganuarys positive Einstellung zum Veganismus macht einen messbaren Unterschied f\u00fcr die Tiere und verschont seit unserer Einf\u00fchrung im Jahr 2014 Millionen von Leben. Unsere Teilnehmerzahlen steigen weiterhin exponentiell an, ebenso wie unsere Partnerschaften mit Unternehmen und bekannten Marken, darunter Restaurants, Superm\u00e4rkte und der Lebensmitteleinzelhandel.<\/p>\n\n\n\n<p>Als Arbeitgeber legen wir gro\u00dfen Wert auf Chancengleichheit. Aus diesem Grund begr\u00fc\u00dfen wir Bewerbungen von allen qualifizierten Personen, ungeachtet ihrer ethnischen Herkunft, ihres Geschlechts, ihrer Religion, ihres Alters sowie ihrer sexuellen Orientierung und Identifikation. Ebenso m\u00f6chten wir Menschen mit Behinderungen dazu einladen, sich bei uns zu bewerben. Wir unterst\u00fctzen Vielfalt am Arbeitsplatz und setzen uns f\u00fcr die Schaffung und Aufrechterhaltung eines integrativen Umfelds f\u00fcr alle Mitarbeitenden ein.<\/p>\n<\/div><\/div>\n","protected":false},"excerpt":{"rendered":"<p>Du suchst nach einer T\u00e4tigkeit mit Sinn und m\u00f6chtest etwas tun, das die Welt f\u00fcr Mensch, Tier und Planet ein&hellip;<\/p>\n","protected":false},"author":70,"featured_media":272964,"parent":74607,"menu_order":64,"comment_status":"closed","ping_status":"closed","template":"","meta":{"_acf_changed":true,"_coblocks_attr":"","_coblocks_dimensions":"","_coblocks_responsive_height":"","_coblocks_accordion_ie_support":"","footnotes":""},"class_list":["post-76203","page","type-page","status-publish","has-post-thumbnail","hentry"],"acf":[],"yoast_head":"<!-- This site is optimized with the Yoast SEO plugin v27.4 - https:\/\/yoast.com\/product\/yoast-seo-wordpress\/ -->\n<title>Jobs - Veganuary<\/title>\n<meta name=\"description\" content=\"Entdecke aktuelle Jobs bei Veganuary\" \/>\n<meta name=\"robots\" content=\"index, follow, max-snippet:-1, max-image-preview:large, max-video-preview:-1\" \/>\n<link rel=\"canonical\" href=\"https:\/\/veganuary.com\/de\/uber-uns\/jobs\/\" \/>\n<meta property=\"og:locale\" content=\"de_DE\" \/>\n<meta property=\"og:type\" content=\"article\" \/>\n<meta property=\"og:title\" content=\"Jobs - Veganuary\" \/>\n<meta property=\"og:description\" content=\"Entdecke aktuelle Jobs bei Veganuary\" \/>\n<meta property=\"og:url\" content=\"https:\/\/veganuary.com\/de\/uber-uns\/jobs\/\" \/>\n<meta property=\"og:site_name\" content=\"Veganuary\" \/>\n<meta property=\"article:publisher\" content=\"https:\/\/www.facebook.com\/Veganuary\/\" \/>\n<meta property=\"article:modified_time\" content=\"2025-03-13T09:43:29+00:00\" \/>\n<meta property=\"og:image\" content=\"https:\/\/veganuary.com\/wp-content\/uploads\/2025\/03\/IMGL1116r-Copy-scaled.jpg\" \/>\n\t<meta property=\"og:image:width\" content=\"2560\" \/>\n\t<meta property=\"og:image:height\" content=\"1484\" \/>\n\t<meta property=\"og:image:type\" content=\"image\/jpeg\" \/>\n<meta name=\"twitter:card\" content=\"summary_large_image\" \/>\n<meta name=\"twitter:site\" content=\"@veganuary\" \/>\n<meta name=\"twitter:label1\" content=\"Gesch\u00e4tzte Lesezeit\" \/>\n\t<meta name=\"twitter:data1\" content=\"2 Minuten\" \/>\n<script type=\"application\/ld+json\" class=\"yoast-schema-graph\">{\"@context\":\"https:\\\/\\\/schema.org\",\"@graph\":[{\"@type\":\"WebPage\",\"@id\":\"https:\\\/\\\/veganuary.com\\\/de\\\/uber-uns\\\/jobs\\\/\",\"url\":\"https:\\\/\\\/veganuary.com\\\/de\\\/uber-uns\\\/jobs\\\/\",\"name\":\"Jobs - Veganuary\",\"isPartOf\":{\"@id\":\"https:\\\/\\\/veganuary.com\\\/de\\\/#website\"},\"primaryImageOfPage\":{\"@id\":\"https:\\\/\\\/veganuary.com\\\/de\\\/uber-uns\\\/jobs\\\/#primaryimage\"},\"image\":{\"@id\":\"https:\\\/\\\/veganuary.com\\\/de\\\/uber-uns\\\/jobs\\\/#primaryimage\"},\"thumbnailUrl\":\"https:\\\/\\\/veganuary.com\\\/wp-content\\\/uploads\\\/2025\\\/03\\\/IMGL1116r-Copy-scaled.jpg\",\"datePublished\":\"2020-08-06T07:50:14+00:00\",\"dateModified\":\"2025-03-13T09:43:29+00:00\",\"description\":\"Entdecke aktuelle Jobs bei Veganuary\",\"breadcrumb\":{\"@id\":\"https:\\\/\\\/veganuary.com\\\/de\\\/uber-uns\\\/jobs\\\/#breadcrumb\"},\"inLanguage\":\"de-DE\",\"potentialAction\":[{\"@type\":\"ReadAction\",\"target\":[\"https:\\\/\\\/veganuary.com\\\/de\\\/uber-uns\\\/jobs\\\/\"]}]},{\"@type\":\"ImageObject\",\"inLanguage\":\"de-DE\",\"@id\":\"https:\\\/\\\/veganuary.com\\\/de\\\/uber-uns\\\/jobs\\\/#primaryimage\",\"url\":\"https:\\\/\\\/veganuary.com\\\/wp-content\\\/uploads\\\/2025\\\/03\\\/IMGL1116r-Copy-scaled.jpg\",\"contentUrl\":\"https:\\\/\\\/veganuary.com\\\/wp-content\\\/uploads\\\/2025\\\/03\\\/IMGL1116r-Copy-scaled.jpg\",\"width\":2560,\"height\":1484},{\"@type\":\"BreadcrumbList\",\"@id\":\"https:\\\/\\\/veganuary.com\\\/de\\\/uber-uns\\\/jobs\\\/#breadcrumb\",\"itemListElement\":[{\"@type\":\"ListItem\",\"position\":1,\"name\":\"Home\",\"item\":\"https:\\\/\\\/veganuary.com\\\/de\\\/\"},{\"@type\":\"ListItem\",\"position\":2,\"name\":\"\u00dcber uns\",\"item\":\"https:\\\/\\\/veganuary.com\\\/de\\\/uber-uns\\\/\"},{\"@type\":\"ListItem\",\"position\":3,\"name\":\"Jobs\"}]},{\"@type\":\"WebSite\",\"@id\":\"https:\\\/\\\/veganuary.com\\\/de\\\/#website\",\"url\":\"https:\\\/\\\/veganuary.com\\\/de\\\/\",\"name\":\"Veganuary\",\"description\":\"The website for Veganuary\",\"publisher\":{\"@id\":\"https:\\\/\\\/veganuary.com\\\/de\\\/#organization\"},\"potentialAction\":[{\"@type\":\"SearchAction\",\"target\":{\"@type\":\"EntryPoint\",\"urlTemplate\":\"https:\\\/\\\/veganuary.com\\\/de\\\/?s={search_term_string}\"},\"query-input\":{\"@type\":\"PropertyValueSpecification\",\"valueRequired\":true,\"valueName\":\"search_term_string\"}}],\"inLanguage\":\"de-DE\"},{\"@type\":\"Organization\",\"@id\":\"https:\\\/\\\/veganuary.com\\\/de\\\/#organization\",\"name\":\"Veganuary\",\"url\":\"https:\\\/\\\/veganuary.com\\\/de\\\/\",\"logo\":{\"@type\":\"ImageObject\",\"inLanguage\":\"de-DE\",\"@id\":\"https:\\\/\\\/veganuary.com\\\/de\\\/#\\\/schema\\\/logo\\\/image\\\/\",\"url\":\"https:\\\/\\\/veganuary.com\\\/wp-content\\\/uploads\\\/2020\\\/11\\\/135-veganuary-animals-icon-transparent-rgb.png\",\"contentUrl\":\"https:\\\/\\\/veganuary.com\\\/wp-content\\\/uploads\\\/2020\\\/11\\\/135-veganuary-animals-icon-transparent-rgb.png\",\"width\":135,\"height\":135,\"caption\":\"Veganuary\"},\"image\":{\"@id\":\"https:\\\/\\\/veganuary.com\\\/de\\\/#\\\/schema\\\/logo\\\/image\\\/\"},\"sameAs\":[\"https:\\\/\\\/www.facebook.com\\\/Veganuary\\\/\",\"https:\\\/\\\/x.com\\\/veganuary\",\"https:\\\/\\\/www.instagram.com\\\/weareveganuary\\\/\",\"https:\\\/\\\/www.linkedin.com\\\/company\\\/veganuary-limited\",\"https:\\\/\\\/www.pinterest.co.uk\\\/Veganuary\\\/\",\"https:\\\/\\\/www.youtube.com\\\/channel\\\/UCGDLtGanlPZLidEGP2N39CA\",\"https:\\\/\\\/en.wikipedia.org\\\/wiki\\\/Veganuary\"]}]}<\/script>\n<!-- \/ Yoast SEO plugin. -->","yoast_head_json":{"title":"Jobs - Veganuary","description":"Entdecke aktuelle Jobs bei Veganuary","robots":{"index":"index","follow":"follow","max-snippet":"max-snippet:-1","max-image-preview":"max-image-preview:large","max-video-preview":"max-video-preview:-1"},"canonical":"https:\/\/veganuary.com\/de\/uber-uns\/jobs\/","og_locale":"de_DE","og_type":"article","og_title":"Jobs - Veganuary","og_description":"Entdecke aktuelle Jobs bei Veganuary","og_url":"https:\/\/veganuary.com\/de\/uber-uns\/jobs\/","og_site_name":"Veganuary","article_publisher":"https:\/\/www.facebook.com\/Veganuary\/","article_modified_time":"2025-03-13T09:43:29+00:00","og_image":[{"width":2560,"height":1484,"url":"https:\/\/veganuary.com\/wp-content\/uploads\/2025\/03\/IMGL1116r-Copy-scaled.jpg","type":"image\/jpeg"}],"twitter_card":"summary_large_image","twitter_site":"@veganuary","twitter_misc":{"Gesch\u00e4tzte Lesezeit":"2 Minuten"},"schema":{"@context":"https:\/\/schema.org","@graph":[{"@type":"WebPage","@id":"https:\/\/veganuary.com\/de\/uber-uns\/jobs\/","url":"https:\/\/veganuary.com\/de\/uber-uns\/jobs\/","name":"Jobs - Veganuary","isPartOf":{"@id":"https:\/\/veganuary.com\/de\/#website"},"primaryImageOfPage":{"@id":"https:\/\/veganuary.com\/de\/uber-uns\/jobs\/#primaryimage"},"image":{"@id":"https:\/\/veganuary.com\/de\/uber-uns\/jobs\/#primaryimage"},"thumbnailUrl":"https:\/\/veganuary.com\/wp-content\/uploads\/2025\/03\/IMGL1116r-Copy-scaled.jpg","datePublished":"2020-08-06T07:50:14+00:00","dateModified":"2025-03-13T09:43:29+00:00","description":"Entdecke aktuelle Jobs bei Veganuary","breadcrumb":{"@id":"https:\/\/veganuary.com\/de\/uber-uns\/jobs\/#breadcrumb"},"inLanguage":"de-DE","potentialAction":[{"@type":"ReadAction","target":["https:\/\/veganuary.com\/de\/uber-uns\/jobs\/"]}]},{"@type":"ImageObject","inLanguage":"de-DE","@id":"https:\/\/veganuary.com\/de\/uber-uns\/jobs\/#primaryimage","url":"https:\/\/veganuary.com\/wp-content\/uploads\/2025\/03\/IMGL1116r-Copy-scaled.jpg","contentUrl":"https:\/\/veganuary.com\/wp-content\/uploads\/2025\/03\/IMGL1116r-Copy-scaled.jpg","width":2560,"height":1484},{"@type":"BreadcrumbList","@id":"https:\/\/veganuary.com\/de\/uber-uns\/jobs\/#breadcrumb","itemListElement":[{"@type":"ListItem","position":1,"name":"Home","item":"https:\/\/veganuary.com\/de\/"},{"@type":"ListItem","position":2,"name":"\u00dcber uns","item":"https:\/\/veganuary.com\/de\/uber-uns\/"},{"@type":"ListItem","position":3,"name":"Jobs"}]},{"@type":"WebSite","@id":"https:\/\/veganuary.com\/de\/#website","url":"https:\/\/veganuary.com\/de\/","name":"Veganuary","description":"The website for Veganuary","publisher":{"@id":"https:\/\/veganuary.com\/de\/#organization"},"potentialAction":[{"@type":"SearchAction","target":{"@type":"EntryPoint","urlTemplate":"https:\/\/veganuary.com\/de\/?s={search_term_string}"},"query-input":{"@type":"PropertyValueSpecification","valueRequired":true,"valueName":"search_term_string"}}],"inLanguage":"de-DE"},{"@type":"Organization","@id":"https:\/\/veganuary.com\/de\/#organization","name":"Veganuary","url":"https:\/\/veganuary.com\/de\/","logo":{"@type":"ImageObject","inLanguage":"de-DE","@id":"https:\/\/veganuary.com\/de\/#\/schema\/logo\/image\/","url":"https:\/\/veganuary.com\/wp-content\/uploads\/2020\/11\/135-veganuary-animals-icon-transparent-rgb.png","contentUrl":"https:\/\/veganuary.com\/wp-content\/uploads\/2020\/11\/135-veganuary-animals-icon-transparent-rgb.png","width":135,"height":135,"caption":"Veganuary"},"image":{"@id":"https:\/\/veganuary.com\/de\/#\/schema\/logo\/image\/"},"sameAs":["https:\/\/www.facebook.com\/Veganuary\/","https:\/\/x.com\/veganuary","https:\/\/www.instagram.com\/weareveganuary\/","https:\/\/www.linkedin.com\/company\/veganuary-limited","https:\/\/www.pinterest.co.uk\/Veganuary\/","https:\/\/www.youtube.com\/channel\/UCGDLtGanlPZLidEGP2N39CA","https:\/\/en.wikipedia.org\/wiki\/Veganuary"]}]}},"_links":{"self":[{"href":"https:\/\/veganuary.com\/de\/wp-json\/wp\/v2\/pages\/76203","targetHints":{"allow":["GET"]}}],"collection":[{"href":"https:\/\/veganuary.com\/de\/wp-json\/wp\/v2\/pages"}],"about":[{"href":"https:\/\/veganuary.com\/de\/wp-json\/wp\/v2\/types\/page"}],"author":[{"embeddable":true,"href":"https:\/\/veganuary.com\/de\/wp-json\/wp\/v2\/users\/70"}],"replies":[{"embeddable":true,"href":"https:\/\/veganuary.com\/de\/wp-json\/wp\/v2\/comments?post=76203"}],"version-history":[{"count":0,"href":"https:\/\/veganuary.com\/de\/wp-json\/wp\/v2\/pages\/76203\/revisions"}],"up":[{"embeddable":true,"href":"https:\/\/veganuary.com\/de\/wp-json\/wp\/v2\/pages\/74607"}],"wp:featuredmedia":[{"embeddable":true,"href":"https:\/\/veganuary.com\/de\/wp-json\/wp\/v2\/media\/272964"}],"wp:attachment":[{"href":"https:\/\/veganuary.com\/de\/wp-json\/wp\/v2\/media?parent=76203"}],"curies":[{"name":"wp","href":"https:\/\/api.w.org\/{rel}","templated":true}]}}