{"id":93345,"date":"2020-12-20T01:00:00","date_gmt":"2020-12-20T01:00:00","guid":{"rendered":"https:\/\/veganuary.com\/?page_id=93345"},"modified":"2024-09-13T13:07:30","modified_gmt":"2024-09-13T12:07:30","slug":"brief","status":"publish","type":"page","link":"https:\/\/veganuary.com\/de\/brief\/","title":{"rendered":"Offener Brief"},"content":{"rendered":"\n<div class=\"wp-block-group pod pod--green has-light-gray-background-color has-background\"><div class=\"wp-block-group__inner-container is-layout-flow wp-block-group-is-layout-flow\">\n<style>\n.open H2{margin-top:0px !important;}\n.open {text-align:center;padding:0px 40px 40px 40px; margin:-40px 40px 0px 40px;}\n@media only screen and (max-width: 768px) {\n.open{padding:20px; margin:0px;}\n}\n<\/style>\n<div class=\"open\">\n<h1>Unser Offener Brief<\/h1> \n\n\n\n<p>Veganuary hat sich mit bekannten Pers\u00f6nlichkeiten aus den Bereichen Film, Musik, Wissenschaft, Politik und Sport sowie namhaften Unternehmen zusammengeschlossen, um einen dringenden Weckruf zu senden. Mit unserem offenen Brief machen wir auf den Zusammenhang zwischen den beiden gr\u00f6\u00dften globalen Bedrohungen, denen wir derzeit gegen\u00fcberstehen, aufmerksam: Dem Risiko f\u00fcr globale Pandemien und der Klimakrise \u2013 und deren klarer Verbindung zum weltweiten Konsum von tierischen Produkten.<\/p> \n\n<p>Wir ermutigen dazu, das Jahr 2021 zu einem Jahr des positiven Wandels zu machen und dazu beizutragen, den Planeten zu sch\u00fctzen und das Risiko f\u00fcr zuk\u00fcnftige Pandemien zu mindern, indem wir diesen Januar rein pflanzlich essen.<\/p> \n<\/div>\n\n\n\n<style>\n#letter .whiteBG {background:#fff;}\n#letter{background:#fff; padding:40px; margin:0px 40px;}\n.letterGreen { color:#00c39b}\n#letter H1 {margin-bottom:20px;}\n#letter P {margin-bottom:20px;}\n#letter SUP {color:#00c39b;font-size:8pt; font-weight:bold;}\n#letter .letterFooter {font-size:8pt;margin-bottom:0px;}\n#letter .groupfix {padding-top:50px;}\n#letter .groupfix .card-list H2{ font-size:15pt !important;font-weight:normal !important;margin-bottom:0px !important;margin-top:0px;}\n#letter .groupfix .card-list H3{ \n    font-size: 12pt !important;\n    line-height: 14pt;\n    padding: 0px;\n    margin-top: 0px;\n    font-weight: normal;\n}\n\/* media queries *\/\n@media only screen and (max-width: 768px) {\n  #letter{background:#fff; padding:20px; margin:0px;}\n.wp-block-group {\n    padding-top: 40px;\n    padding-bottom: 40px;\n}\n.card--partner .card__content{\n\tpadding:0px !important;\n}\n.card-list__item{\n\tmargin:0px;\n}\n}\n\n@media (min-width: 768px)\n.wp-block-group {\n    padding-top: 80px;\n    padding-bottom: 80px;\n}\n<\/style>\n<div id=\"letter\">\n\n<h2>2021 WIRD DAS JAHR DES POSITIVEN WANDELS \u2013\n<br><span class=\"letterGreen\">GEMEINSAM F\u00dcR EINE BESSERE ZUKUNFT<\/span><\/h2>\n\n<p><strong>2020 war ein Jahr, das wir so schnell nicht vergessen werden und in dem unsere Aufmerksamkeit zwischen der Angst vor dem Coronavirus und der Sorge um den Klimawandel geteilt war.<\/strong>  Dabei ist immer deutlicher geworden, dass diese beiden Bedrohungen eines gemeinsam haben: Sie stehen beide in engem Zusammenhang mit dem weltweiten Konsum von tierischen Produkten.<\/p>\n\n<p>Die industrielle Tierhaltung ist f\u00fcr etwa 14,5 Prozent aller vom Menschen verursachten Treibhausgasemissionen verantwortlich. <strong> Studien der Universit\u00e4t Oxford haben ergeben, dass nahezu jedes tierische Produkt weit mehr Emissionen verursacht als fast jedes rein pflanzliche Produkt.<\/strong>  Das legt nahe: Der Kampf gegen den Klimawandel kann nicht gewonnen werden, solange wir weiterhin im gleichen Ausma\u00df Tiere in der Intensivtierhaltung z\u00fcchten und essen.<\/p>\n\n<p><strong>Pandemieexpertinnen und -experten warnen davor, dass die \u00fcberf\u00fcllten und mangelhaften Zust\u00e4nde in\nTierhaltungsanlagen \u2013 insbesondere von H\u00fchnern \u2013 ideale Brutst\u00e4tten f\u00fcr die n\u00e4chste globale Pandemie sind.<\/strong><sup>1<\/sup> Bereits das H1N1-Virus (Schweinegrippe) sowie die Vogelgrippe H5N1, welche eine Sterblichkeitsrate von ca. 60 Prozent aufweist.<sup>2<\/sup> , haben sich in Betrieben mit prek\u00e4ren Bedingungen entwickelt, die leider selten die Ausnahme, sondern meistens die Regel sind.<\/p>\n\n<p>Mehr als eine Milliarde Tonnen Lebensmittel m\u00fcssen angebaut werden, um die Milliarden von Tieren, die wir z\u00fcchten, zu ern\u00e4hren<sup>3<\/sup> &#8211; weit mehr, als wir Menschen bei einer rein pflanzlichen Ern\u00e4hrung ben\u00f6tigen w\u00fcrden. Um diese riesigen Anbaufl\u00e4chen sicherzustellen, werden oftmals Naturr\u00e4ume zerst\u00f6rt und W\u00e4lder gerodet.<\/p>\n\n<p>In den letzten Jahren wurden mehr als 80 Prozent der Urw\u00e4lder in Brasilien zerst\u00f6rt,<sup>4<\/sup> um Landfl\u00e4chen f\u00fcr die Beweidung von Tieren sowie f\u00fcr den Anbau von Futtermitteln nutzbar zu machen. Die Entwaldung ist jedoch ein Problem mit weitreichenden, gravierenden Folgen. Sie beschleunigt das Aussterben wilder Arten. Sie verdr\u00e4ngt indigene V\u00f6lker. Sie treibt den Klimawandel voran. Und sie bringt uns in immer engeren Kontakt mit wilden Tieren und ihren Viren, was das Risiko von weiteren Pandemien stark erh\u00f6ht.<\/p>\n\n<p><strong>Die katastrophale Ausweitung der Klimakrise und das Risiko globaler Pandemien k\u00f6nnten nicht ernster sein, doch beides ist nicht unvermeidbar.<\/strong> Wenn wir jetzt handeln, k\u00f6nnen wir den Grundstein f\u00fcr eine bessere Zukunft legen. Schreiten wir also mit Entschlossenheit ins neue Jahr 2021 und tun alles in unserer Macht Stehende, um unseren Planeten, seine wilde Natur sowie die Gesundheit und das Wohlergehen all seiner Bewohnerinnen und Bewohner zu sch\u00fctzen. Um dieses Ziel zu erreichen, m\u00fcssen wir unsere Ern\u00e4hrung umstellen.<\/p>\n\n<p class=\"letterGreen\"><strong>Heute rufen wir dazu auf, den Schritt in eine bessere Zukunft mitzugehen und mit Veganuary einen Monat lang eine rein pflanzliche Ern\u00e4hrung auszuprobieren. Gemeinsam k\u00f6nnen wir eine Welt schaffen, die friedlicher, nachhaltiger und ges\u00fcnder ist \u2013 f\u00fcr uns alle!<\/strong><\/p>\n\n<div class=\"wp-block-group groupfix xhas-light-gray-background-color xhas-background\">\n<div class=\"wp-block-group__inner-container\">\n<h2 class=\"has-text-align-center\">Unterzeichnerinnen und Unterzeichner<\/h2>\n\t<div class=\"wp-block-custom\">\n\t\t<ul class=\"card-list\">\n\t\t\t<li class=\"card-list__item\">\n\t\t\t\t<div class=\"card card--partner\">\n\t\t\t\t\t\t<div class=\"card__content\">\n<!-- channel 1 start -->\n\n<h2>\tAlan Cumming\t<\/h2>\t<h3>\tSchauspieler\t<br>\tGro\u00dfbritannien\t<\/h3>\n<h2>\tAlbert Schweitzer Stifung f\u00fcr unsere Mitwelt\t<\/h2>\t<h3>\tGemeinn\u00fctzige Organisation\t<br>\tDeutschland\t<\/h3>\n<h2>\tAlicia Silverstone\t<\/h2>\t<h3>\tSchauspielerin\t<br>\tUSA\t<\/h3>\n<h2>\tAmelia Mist\t<\/h2>\t<h3>\tSerienstar\t<br>\tGro\u00dfbritannien\t<\/h3>\n<h2>\tAnimal Libre \t<\/h2>\t<h3>\tTierschutzorganisation\t<br>\tInternational\t<\/h3>\n<h2>\tAnne Menden\t<\/h2>\t<h3>\tSchauspielerin\t<br>\tDeutschland\t<\/h3>\n<h2>\tAriane Sommer\t<\/h2>\t<h3>\tModel und Schauspielerin\t<br>\tDeutschland\t<\/h3>\n<h2>\tAriel Kraselnik\t<\/h2>\t<h3>\tArzt\t<br>\tArgentinien\t<\/h3>\n<h2>\tAveda (Estee Lauder)\t<\/h2>\t<h3>\tUnternehmen f\u00fcr K\u00f6rperpflege und Kosmetik\t<br>\tGro\u00dfbritannien\t<\/h3>\n<h2>\tBaroness Jenny Jones\t<\/h2>\t<h3>\tMitglied des Oberhauses\t<br>\tGro\u00dfbritannien\t<\/h3>\n<h2>\tBella Ramsey\t<\/h2>\t<h3>\tSchauspielerin\t<br>\tGro\u00dfbritannien\t<\/h3>\n<h2>\tBenjamin Zephaniah\t<\/h2>\t<h3>\tDichter\t<br>\tGro\u00dfbritannien\t<\/h3>\n<h2>\tBeverley Callard\t<\/h2>\t<h3>\tSchauspieler\t<br>\tGro\u00dfbritannien\t<\/h3>\n<h2>\tBryan Adams\t<\/h2>\t<h3>\tMusiker\t<br>\tGro\u00dfbritannien\t<\/h3>\n<h2>\tCarl Donnelly\t<\/h2>\t<h3>\tComedian\t<br>\tGro\u00dfbritannien\t<\/h3>\n<h2>\tCaroline Lucas MP\t<\/h2>\t<h3>\tMitglied des Parlaments\t<br>\tGro\u00dfbritannien\t<\/h3>\n<h2>\tCentre for a Responsible Future\t<\/h2>\t<h3>\tGemeinn\u00fctzige Organisation\t<br>\tSingapur\t<\/h3>\n<h2>\tChris Packham\t<\/h2>\t<h3>\tModerator und Naturforscher\t<br>\tGro\u00dfbritannien\t<\/h3>\n<h2>\tChrissie Hynde\t<\/h2>\t<h3>\tS\u00e4ngerin und Songschreiberin\t<br>\tUSA\t<\/h3>\n<h2>\tChristina Rees MP\t<\/h2>\t<h3>\tMitglied des Parlaments\t<br>\tGro\u00dfbritannien\t<\/h3>\n<h2>\tCrica Wolthers\t<\/h2>\t<h3>\tUnternehmer, Investor, CEO Zen App\t<br>\tBrasilien\t<\/h3>\n<h2>\tDakota Blue Richards\t<\/h2>\t<h3>\tSchauspielerin\t<br>\tGro\u00dfbritannien\t<\/h3>\n<h2>\tDale Vince\t<\/h2>\t<h3>\tFu\u00dfballvereinbesitzer und Unternehmer\t<br>\tGro\u00dfbritannien\t<\/h3>\n<h2>\tDeborah Meaden\t<\/h2>\t<h3>\tUnternehmerin\t<br>\tGro\u00dfbritannien\t<\/h3>\n<h2>\tDerek Sarno\t<\/h2>\t<h3>\tKoch und Leiter von Plant Based Innovation bei Tesco\t<br>\tGro\u00dfbritannien\t<\/h3>\n<h2>\tDjurens R\u00e4tt\t<\/h2>\t<h3>\tGemeinn\u00fctzige Organisation\t<br>\tSchweden\t<\/h3>\n<h2>\tDotsie Bausch\t<\/h2>\t<h3>\tOlympia-Radrennfahrerin\t<br>\tUSA\t<\/h3>\n<h2>\tEdie Falco\t<\/h2>\t<h3>\tSchauspieler\t<br>\tUSA\t<\/h3>\n<h2>\tEliana Albasetti\t<\/h2>\t<h3>\tSchauspielerin\t<br>\tChile\t<\/h3>\n<h2>\tEmiliano D&#8217;Avila\t<\/h2>\t<h3>\tSchauspieler\t<br>\tBrasilien\t<\/h3>\n<h2>\tEmily Fleeshman\t<\/h2>\t<h3>\tSchauspielerin\t<br>\tGro\u00dfbritannien\t<\/h3>\n<h2>\tEnrico Rapalin\t<\/h2>\t<h3>\tVideoproduzent\t<br>\tArgentinien\t<\/h3>\n<h2>\tEva Henderson\t<\/h2>\t<h3>\tErn\u00e4hrungsberaterin\t<br>\tArgentinien\t<\/h3>\n<h2>\tEvanna Lynch\t<\/h2>\t<h3>\tSchauspielerin\t<br>\tGro\u00dfbritannien\t<\/h3>\n<h2>\tFernando Gabeira\t<\/h2>\t<h3>\tJournalist, Schriftsteller, ehemaliger Bundesabgeordneter der Gr\u00fcnen\t<br>\tBrasilien\t<\/h3>\n<h2>\tFNDPA &#8211; F\u00f3rum Nacional de Defesa e Prote\u00e7\u00e3o Animal\t<\/h2>\t<h3>\tTierschutzorganisation\t<br>\tBrasilien\t<\/h3>\n<h2>\tFriends of the Earth\t<\/h2>\t<h3>\tUmweltschutzorganisation\t<br>\tGro\u00dfbritannien\t<\/h3>\n\n\n<!-- channel 1 end -->\n\t\t\t\t\t\t<\/div>\n\t\t\t\t\t\n\t\t\t\t<\/div>\n\t\t\t<\/li>\n\t\t\t<li class=\"card-list__item\">\n\t\t\t\t<div class=\"card card--partner\">\n\t\t\t\t\t\t<div class=\"card__content\">\n<!-- channel 2 start -->\n\n<h2>\tFry&#8217;s Family \t<\/h2>\t<h3>\tLebensmittelproduzent\t<br>\tGro\u00dfbritannien\t<\/h3>\n<h2>\tGeorgia Meacham\t<\/h2>\t<h3>\tSchauspielerin und Model\t<br>\tGro\u00dfbritannien\t<\/h3>\n<h2>\tGreen Monday\t<\/h2>\t<h3>\tSocial Venture Group\t<br>\tInternational\t<\/h3>\n<h2>\tGreenpeace UK\t<\/h2>\t<h3>\tUmweltschutzorganisation\t<br>\tGro\u00dfbritannien\t<\/h3>\n<h2>\tHeather Mills\t<\/h2>\t<h3>\tModel, Skifahrerin und Unternehmerin\t<br>\tGro\u00dfbritannien\t<\/h3>\n<h2>\tHenry Smith MP\t<\/h2>\t<h3>\tMitglied des Parlaments\t<br>\tGro\u00dfbritannien\t<\/h3>\n<h2>\tIndia Reynolds\t<\/h2>\t<h3>\tModel und Influencerin\t<br>\tGro\u00dfbritannien\t<\/h3>\n<h2>\tJames Moore\t<\/h2>\t<h3>\tSchauspieler\t<br>\tGro\u00dfbritannien\t<\/h3>\n<h2>\tJamie-Lee Kriewitz\t<\/h2>\t<h3>\tS\u00e4ngerin\t<br>\tDeutschland\t<\/h3>\n<h2>\tJane Fallon\t<\/h2>\t<h3>\tAutorin\t<br>\tGro\u00dfbritannien\t<\/h3>\n<h2>\tDr. Jane Goodall\t<\/h2>\t<h3>\tVerhaltensforscherin\t<br>\tUSA\/Gro\u00dfbritannien\t<\/h3>\n<h2>\tJasmine Harman\t<\/h2>\t<h3>\tFernsehmoderatorin\t<br>\tGro\u00dfbritannien\t<\/h3>\n<h2>\tJason Gillespie\t<\/h2>\t<h3>\tKricketspieler\t<br>\tAustralien\t<\/h3>\n<h2>\tJeff and Sandra Beck\t<\/h2>\t<h3>\tGittaristen\t<br>\tGro\u00dfbritannien\t<\/h3>\n<h2>\tJohn Bishop\t<\/h2>\t<h3>\tComedian  \t<br>\tGro\u00dfbritannien\t<\/h3>\n<h2>\tJohn Robins\t<\/h2>\t<h3>\tComedian\t<br>\tGro\u00dfbritannien\t<\/h3>\n<h2>\tJohnny Marr\t<\/h2>\t<h3>\tMusiker\t<br>\tGro\u00dfbritannien\t<\/h3>\n<h2>\tJon Richardson\t<\/h2>\t<h3>\tComedian  \t<br>\tGro\u00dfbritannien\t<\/h3>\n<h2>\tJonathan Bartley\t<\/h2>\t<h3>\tCo-Vorsitzender der Gr\u00fcnen Partei\t<br>\tGro\u00dfbritannien\t<\/h3>\n<h2>\tJosh Franceschi\t<\/h2>\t<h3>\tMusiker\t<br>\tGro\u00dfbritannien\t<\/h3>\n<h2>\tJulieta Valente\t<\/h2>\t<h3>\tAutorin\t<br>\tArgentinien\t<\/h3>\n<h2>\tKaya Yanar\t<\/h2>\t<h3>\tComedian\t<br>\tDeutschland\t<\/h3>\n<h2>\tKellie Bright\t<\/h2>\t<h3>\tSchauspielerin\t<br>\tGro\u00dfbritannien\t<\/h3>\n<h2>\tKerry McCarthy MP\t<\/h2>\t<h3>\tMitglied des Parlaments\t<br>\tGro\u00dfbritannien\t<\/h3>\n<h2>\tKuntal Joisher\t<\/h2>\t<h3>\tBergsteiger\t<br>\tIndien\t<\/h3>\n<h2>\tLeslie Clio\t<\/h2>\t<h3>\tS\u00e4ngerin\t<br>\tDeutschland\t<\/h3>\n<h2>\tLily Cole\t<\/h2>\t<h3>\tModel und Schauspielerin\t<br>\tGro\u00dfbritannien\t<\/h3>\n<h2>\tLiveKindly Co \t<\/h2>\t<h3>\tOnline-Nachrichtenmagazin\t<br>\tGro\u00dfbritannien\t<\/h3>\n<h2>\tLiz Solari\t<\/h2>\t<h3>\tSchauspielerin\t<br>\tArgentinien\t<\/h3>\n<h2>\tLucas Reiber\t<\/h2>\t<h3>\tSchauspieler\t<br>\tDeutschland\t<\/h3>\n<h2>\tLucy Watson\t<\/h2>\t<h3>\tModel und Influencerin\t<br>\tGro\u00dfbritannien\t<\/h3>\n<h2>\tMade with Luve\t<\/h2>\t<h3>\tLebensmittelproduzent\t<br>\tDeutschland\t<\/h3>\n<h2>\tMarcela Manuzza\t<\/h2>\t<h3>\tErn\u00e4hrungsberaterin\t<br>\tArgentinien\t<\/h3>\n<h2>\tMar\u00eda Paz Orrego\t<\/h2>\t<h3>\tErn\u00e4hrungsberaterin\t<br>\tChile\t<\/h3>\n<h2>\tMarie Wegener\t<\/h2>\t<h3>\tS\u00e4ngerin\t<br>\tDeutschland\t<\/h3>\n<h2>\tMat\u00edas Vega\t<\/h2>\t<h3>\tSchauspieler\t<br>\tChile\t<\/h3>\n<h2>\tMatthias Weidenh\u00f6fer\t<\/h2>\t<h3>\tSchauspieler\t<br>\tDeutschland\t<\/h3>\n<h2>\tMayim Bialik\t<\/h2>\t<h3>\tSchauspielerin\t<br>\tUSA\t<\/h3>\n<h2>\tMeatless Farm Co \t<\/h2>\t<h3>\tLebensmittelproduzent\t<br>\tGro\u00dfbritannien\t<\/h3>\n<h2>\tMelanie Joy\t<\/h2>\t<h3>\tGr\u00fcndungspr\u00e4sidentin von Beyond Carnism\t<br>\tUSA\t<\/h3>\n\n<!-- channel 2 end -->\n\t\t\t\t\t\t<\/div>\n\t\t\t\t\t\n\t\t\t\t<\/div>\n\t\t\t<\/li>\n\t\t\t<li class=\"card-list__item\">\n\t\t\t\t<div class=\"card card--partner\">\n\t\t\t\t\t\t<div class=\"card__content\">\n<!-- channel 3 start -->\n<h2>\tMoses Pelham\t<\/h2>\t<h3>\tRapper\t<br>\tDeutschland\t<\/h3>\n<h2>\tNatalia Rosa\t<\/h2>\t<h3>\tSchauspielerin\t<br>\tBrasilien\t<\/h3>\n<h2>\tNico Soto\t<\/h2>\t<h3>\tArzt\t<br>\tChile\t<\/h3>\n<h2>\tOli Sykes\t<\/h2>\t<h3>\tMusiker\t<br>\tGro\u00dfbritannien\t<\/h3>\n<h2>\tOliver Petszokat\t<\/h2>\t<h3>\tS\u00e4nger\t<br>\tDeutschland\t<\/h3>\n<h2>\tOumph!\t<\/h2>\t<h3>\tLebensmittelproduzent\t<br>\tGro\u00dfbritannien\t<\/h3>\n<h2>\tPatrik Baboumian\t<\/h2>\t<h3>\tKraftsportler\t<br>\tDeutschland\t<\/h3>\n<h2>\tPaul McCartney\t<\/h2>\t<h3>\tMusiker\t<br>\tGro\u00dfbritannien\t<\/h3>\n<h2>\tPeter Egan\t<\/h2>\t<h3>\tSchauspieler\t<br>\tGro\u00dfbritannien\t<\/h3>\n<h2>\tPeter Tatchell\t<\/h2>\t<h3>\tMenschenrechtsaktivist\t<br>\tGro\u00dfbritannien\t<\/h3>\n<h2>\tProf. Daniel Braga Louren\u00e7o, PhD \t<\/h2>\t<h3>\tKoordinator am Zentrum f\u00fcr Umweltethik \u2013 UFRJ\t<br>\tBrasilien\t<\/h3>\n<h2>\tProf. Paula Brugger, PhD\t<\/h2>\t<h3>\tForschungsgruppe des Observatoriums f\u00fcr \u00f6kologische Gerechtigkeit \u2013 UFSC\t<br>\tBrasilien\t<\/h3>\n<h2>\tProVeg International\t<\/h2>\t<h3>\tGemeinn\u00fctzige Organisation\t<br>\tDeutschland\t<\/h3>\n<h2>\tQuorn\t<\/h2>\t<h3>\tLebensmittelproduzent\t<br>\tGro\u00dfbritannien\t<\/h3>\n<h2>\tRebecca Callard\t<\/h2>\t<h3>\tSchauspielerin und TV-Drehbuchautorin\t<br>\tGro\u00dfbritannien\t<\/h3>\n<h2>\tRicky Gervais\t<\/h2>\t<h3>\tComedian  \t<br>\tGro\u00dfbritannien\t<\/h3>\n<h2>\tSage Kotsenburg\t<\/h2>\t<h3>\tOlympia-Snowboarder\t<br>\tUSA\t<\/h3>\n<h2>\tSam Carter\t<\/h2>\t<h3>\tMusiker\t<br>\tGro\u00dfbritannien\t<\/h3>\n<h2>\tSara Pascoe\t<\/h2>\t<h3>\tComedian  \t<br>\tGro\u00dfbritannien\t<\/h3>\n<h2>\tSeth Tibbot\t<\/h2>\t<h3>\tGr\u00fcnder und Vorsitzender von The Tofurky Company\t<br>\tUSA\t<\/h3>\n<h2>\tSoledad P\u00e9rez \t<\/h2>\t<h3>\tPolitikerin\t<br>\tChile\t<\/h3>\n<h2>\tStefan Eck\t<\/h2>\t<h3>\tEhemaliges Mitglied des Europ\u00e4ischen Parlaments\t<br>\tDeutschland\t<\/h3>\n<h2>\tSteffen Groth\t<\/h2>\t<h3>\tSchauspieler\t<br>\tDeutschland\t<\/h3>\n<h2>\tSVB &#8211; Sociedade Vegetariana Brasileira\t<\/h2>\t<h3>\tGemeinn\u00fctzige Organisation\t<br>\tBrasilien\t<\/h3>\n<h2>\tThe Vegan Society\t<\/h2>\t<h3>\tGemeinn\u00fctzige Organisation\t<br>\tGro\u00dfbritannien\t<\/h3>\n<h2>\tTig Notaro\t<\/h2>\t<h3>\tComedian  \t<br>\tUSA\t<\/h3>\n<h2>\tTim Bengel\t<\/h2>\t<h3>\tK\u00fcnstler\t<br>\tDeutschland\t<\/h3>\n<h2>\t\u00dcnsal Arik\t<\/h2>\t<h3>\tBoxer\t<br>\tDeutschland\t<\/h3>\n<h2>\tVantastic Foods\t<\/h2>\t<h3>\tLebensmittelproduzent\t<br>\tDeutschland\t<\/h3>\n<h2>\tVegane Gesellschaft Schweiz\t<\/h2>\t<h3>\tGemeinn\u00fctzige Organisation\t<br>\tSchweiz\t<\/h3>\n<h2>\tVeganz\t<\/h2>\t<h3>\tLebensmittelproduzent\t<br>\tDeutschland\t<\/h3>\n<h2>\tWheaty &amp; Veggyness\t<\/h2>\t<h3>\tLebensmittelproduzent\t<br>\tDeutschland\t<\/h3>\n<h2>\tXuxa Meneghel\t<\/h2>\t<h3>\tFernsehmoderatorin und Schauspielerin\t<br>\tBrasilien\t<\/h3>\n\n\n<!-- channel 3 end -->\n\t\t\t\t\t\t<\/div>\n\t\t\t\t\t\n\t\t\t\t<\/div>\n\t\t\t<\/li>\n\t\t<\/ul>\n\t<\/div>\n<\/div>\n<\/div>\n\n<p class=\"letterFooter\">1. <a href=\"https:\/\/www.theguardian.com\/commentisfree\/2020\/apr\/20\/factory-farms-pandemic-risk-covid-animal-human-health\">The Guardian<\/a>\n<br>2. Ibid\n<br>3. <a href=\"http:\/\/www.poultrynews.co.uk\/business-politics\/economics\/world-feed-production-exceeds-1-billion-tonnes-for-second-consecutive-year.html\">Poultry News<\/a>\n<br>4. United Nations Food and Agriculture Organization, State of the World&#8217;s Forests 2016\n<\/p>\n<\/div>\n<\/div><\/div>\n","protected":false},"excerpt":{"rendered":"<p>Unser Offener Brief Veganuary hat sich mit bekannten Pers\u00f6nlichkeiten aus den Bereichen Film, Musik, Wissenschaft, Politik und Sport sowie namhaften&hellip;<\/p>\n","protected":false},"author":95,"featured_media":0,"parent":0,"menu_order":0,"comment_status":"closed","ping_status":"closed","template":"","meta":{"_acf_changed":false,"_coblocks_attr":"","_coblocks_dimensions":"","_coblocks_responsive_height":"","_coblocks_accordion_ie_support":"","footnotes":""},"class_list":["post-93345","page","type-page","status-publish","hentry"],"acf":[],"yoast_head":"<!-- This site is optimized with the Yoast SEO plugin v27.4 - https:\/\/yoast.com\/product\/yoast-seo-wordpress\/ -->\n<title>Unser Offener Brief | Veganuary Deuthscland<\/title>\n<meta name=\"description\" content=\"Veganuary hat sich mit bekannten Pers\u00f6nlichkeiten aus den Bereichen Film, Musik, Wissenschaft, Politik und Sport sowie namhaften Unternehmen zusammengeschlossen, um einen dringenden Weckruf zu senden.\" \/>\n<meta name=\"robots\" content=\"index, follow, max-snippet:-1, max-image-preview:large, max-video-preview:-1\" \/>\n<link rel=\"canonical\" href=\"https:\/\/veganuary.com\/de\/brief\/\" \/>\n<meta property=\"og:locale\" content=\"de_DE\" \/>\n<meta property=\"og:type\" content=\"article\" \/>\n<meta property=\"og:title\" content=\"Unser Offener Brief | Veganuary Deuthscland\" \/>\n<meta property=\"og:description\" content=\"Veganuary hat sich mit bekannten Pers\u00f6nlichkeiten aus den Bereichen Film, Musik, Wissenschaft, Politik und Sport sowie namhaften Unternehmen zusammengeschlossen, um einen dringenden Weckruf zu senden.\" \/>\n<meta property=\"og:url\" content=\"https:\/\/veganuary.com\/de\/brief\/\" \/>\n<meta property=\"og:site_name\" content=\"Veganuary\" \/>\n<meta property=\"article:publisher\" content=\"https:\/\/www.facebook.com\/Veganuary\/\" \/>\n<meta property=\"article:modified_time\" content=\"2024-09-13T12:07:30+00:00\" \/>\n<meta name=\"twitter:card\" content=\"summary_large_image\" \/>\n<meta name=\"twitter:site\" content=\"@veganuary\" \/>\n<meta name=\"twitter:label1\" content=\"Gesch\u00e4tzte Lesezeit\" \/>\n\t<meta name=\"twitter:data1\" content=\"5 Minuten\" \/>\n<script type=\"application\/ld+json\" class=\"yoast-schema-graph\">{\"@context\":\"https:\\\/\\\/schema.org\",\"@graph\":[{\"@type\":\"WebPage\",\"@id\":\"https:\\\/\\\/veganuary.com\\\/de\\\/brief\\\/\",\"url\":\"https:\\\/\\\/veganuary.com\\\/de\\\/brief\\\/\",\"name\":\"Unser Offener Brief | Veganuary Deuthscland\",\"isPartOf\":{\"@id\":\"https:\\\/\\\/veganuary.com\\\/de\\\/#website\"},\"datePublished\":\"2020-12-20T01:00:00+00:00\",\"dateModified\":\"2024-09-13T12:07:30+00:00\",\"description\":\"Veganuary hat sich mit bekannten Pers\u00f6nlichkeiten aus den Bereichen Film, Musik, Wissenschaft, Politik und Sport sowie namhaften Unternehmen zusammengeschlossen, um einen dringenden Weckruf zu senden.\",\"breadcrumb\":{\"@id\":\"https:\\\/\\\/veganuary.com\\\/de\\\/brief\\\/#breadcrumb\"},\"inLanguage\":\"de-DE\",\"potentialAction\":[{\"@type\":\"ReadAction\",\"target\":[\"https:\\\/\\\/veganuary.com\\\/de\\\/brief\\\/\"]}]},{\"@type\":\"BreadcrumbList\",\"@id\":\"https:\\\/\\\/veganuary.com\\\/de\\\/brief\\\/#breadcrumb\",\"itemListElement\":[{\"@type\":\"ListItem\",\"position\":1,\"name\":\"Home\",\"item\":\"https:\\\/\\\/veganuary.com\\\/de\\\/\"},{\"@type\":\"ListItem\",\"position\":2,\"name\":\"Offener Brief\"}]},{\"@type\":\"WebSite\",\"@id\":\"https:\\\/\\\/veganuary.com\\\/de\\\/#website\",\"url\":\"https:\\\/\\\/veganuary.com\\\/de\\\/\",\"name\":\"Veganuary\",\"description\":\"The website for Veganuary\",\"publisher\":{\"@id\":\"https:\\\/\\\/veganuary.com\\\/de\\\/#organization\"},\"potentialAction\":[{\"@type\":\"SearchAction\",\"target\":{\"@type\":\"EntryPoint\",\"urlTemplate\":\"https:\\\/\\\/veganuary.com\\\/de\\\/?s={search_term_string}\"},\"query-input\":{\"@type\":\"PropertyValueSpecification\",\"valueRequired\":true,\"valueName\":\"search_term_string\"}}],\"inLanguage\":\"de-DE\"},{\"@type\":\"Organization\",\"@id\":\"https:\\\/\\\/veganuary.com\\\/de\\\/#organization\",\"name\":\"Veganuary\",\"url\":\"https:\\\/\\\/veganuary.com\\\/de\\\/\",\"logo\":{\"@type\":\"ImageObject\",\"inLanguage\":\"de-DE\",\"@id\":\"https:\\\/\\\/veganuary.com\\\/de\\\/#\\\/schema\\\/logo\\\/image\\\/\",\"url\":\"https:\\\/\\\/veganuary.com\\\/wp-content\\\/uploads\\\/2020\\\/11\\\/135-veganuary-animals-icon-transparent-rgb.png\",\"contentUrl\":\"https:\\\/\\\/veganuary.com\\\/wp-content\\\/uploads\\\/2020\\\/11\\\/135-veganuary-animals-icon-transparent-rgb.png\",\"width\":135,\"height\":135,\"caption\":\"Veganuary\"},\"image\":{\"@id\":\"https:\\\/\\\/veganuary.com\\\/de\\\/#\\\/schema\\\/logo\\\/image\\\/\"},\"sameAs\":[\"https:\\\/\\\/www.facebook.com\\\/Veganuary\\\/\",\"https:\\\/\\\/x.com\\\/veganuary\",\"https:\\\/\\\/www.instagram.com\\\/weareveganuary\\\/\",\"https:\\\/\\\/www.linkedin.com\\\/company\\\/veganuary-limited\",\"https:\\\/\\\/www.pinterest.co.uk\\\/Veganuary\\\/\",\"https:\\\/\\\/www.youtube.com\\\/channel\\\/UCGDLtGanlPZLidEGP2N39CA\",\"https:\\\/\\\/en.wikipedia.org\\\/wiki\\\/Veganuary\"]}]}<\/script>\n<!-- \/ Yoast SEO plugin. -->","yoast_head_json":{"title":"Unser Offener Brief | Veganuary Deuthscland","description":"Veganuary hat sich mit bekannten Pers\u00f6nlichkeiten aus den Bereichen Film, Musik, Wissenschaft, Politik und Sport sowie namhaften Unternehmen zusammengeschlossen, um einen dringenden Weckruf zu senden.","robots":{"index":"index","follow":"follow","max-snippet":"max-snippet:-1","max-image-preview":"max-image-preview:large","max-video-preview":"max-video-preview:-1"},"canonical":"https:\/\/veganuary.com\/de\/brief\/","og_locale":"de_DE","og_type":"article","og_title":"Unser Offener Brief | Veganuary Deuthscland","og_description":"Veganuary hat sich mit bekannten Pers\u00f6nlichkeiten aus den Bereichen Film, Musik, Wissenschaft, Politik und Sport sowie namhaften Unternehmen zusammengeschlossen, um einen dringenden Weckruf zu senden.","og_url":"https:\/\/veganuary.com\/de\/brief\/","og_site_name":"Veganuary","article_publisher":"https:\/\/www.facebook.com\/Veganuary\/","article_modified_time":"2024-09-13T12:07:30+00:00","twitter_card":"summary_large_image","twitter_site":"@veganuary","twitter_misc":{"Gesch\u00e4tzte Lesezeit":"5 Minuten"},"schema":{"@context":"https:\/\/schema.org","@graph":[{"@type":"WebPage","@id":"https:\/\/veganuary.com\/de\/brief\/","url":"https:\/\/veganuary.com\/de\/brief\/","name":"Unser Offener Brief | Veganuary Deuthscland","isPartOf":{"@id":"https:\/\/veganuary.com\/de\/#website"},"datePublished":"2020-12-20T01:00:00+00:00","dateModified":"2024-09-13T12:07:30+00:00","description":"Veganuary hat sich mit bekannten Pers\u00f6nlichkeiten aus den Bereichen Film, Musik, Wissenschaft, Politik und Sport sowie namhaften Unternehmen zusammengeschlossen, um einen dringenden Weckruf zu senden.","breadcrumb":{"@id":"https:\/\/veganuary.com\/de\/brief\/#breadcrumb"},"inLanguage":"de-DE","potentialAction":[{"@type":"ReadAction","target":["https:\/\/veganuary.com\/de\/brief\/"]}]},{"@type":"BreadcrumbList","@id":"https:\/\/veganuary.com\/de\/brief\/#breadcrumb","itemListElement":[{"@type":"ListItem","position":1,"name":"Home","item":"https:\/\/veganuary.com\/de\/"},{"@type":"ListItem","position":2,"name":"Offener Brief"}]},{"@type":"WebSite","@id":"https:\/\/veganuary.com\/de\/#website","url":"https:\/\/veganuary.com\/de\/","name":"Veganuary","description":"The website for Veganuary","publisher":{"@id":"https:\/\/veganuary.com\/de\/#organization"},"potentialAction":[{"@type":"SearchAction","target":{"@type":"EntryPoint","urlTemplate":"https:\/\/veganuary.com\/de\/?s={search_term_string}"},"query-input":{"@type":"PropertyValueSpecification","valueRequired":true,"valueName":"search_term_string"}}],"inLanguage":"de-DE"},{"@type":"Organization","@id":"https:\/\/veganuary.com\/de\/#organization","name":"Veganuary","url":"https:\/\/veganuary.com\/de\/","logo":{"@type":"ImageObject","inLanguage":"de-DE","@id":"https:\/\/veganuary.com\/de\/#\/schema\/logo\/image\/","url":"https:\/\/veganuary.com\/wp-content\/uploads\/2020\/11\/135-veganuary-animals-icon-transparent-rgb.png","contentUrl":"https:\/\/veganuary.com\/wp-content\/uploads\/2020\/11\/135-veganuary-animals-icon-transparent-rgb.png","width":135,"height":135,"caption":"Veganuary"},"image":{"@id":"https:\/\/veganuary.com\/de\/#\/schema\/logo\/image\/"},"sameAs":["https:\/\/www.facebook.com\/Veganuary\/","https:\/\/x.com\/veganuary","https:\/\/www.instagram.com\/weareveganuary\/","https:\/\/www.linkedin.com\/company\/veganuary-limited","https:\/\/www.pinterest.co.uk\/Veganuary\/","https:\/\/www.youtube.com\/channel\/UCGDLtGanlPZLidEGP2N39CA","https:\/\/en.wikipedia.org\/wiki\/Veganuary"]}]}},"_links":{"self":[{"href":"https:\/\/veganuary.com\/de\/wp-json\/wp\/v2\/pages\/93345","targetHints":{"allow":["GET"]}}],"collection":[{"href":"https:\/\/veganuary.com\/de\/wp-json\/wp\/v2\/pages"}],"about":[{"href":"https:\/\/veganuary.com\/de\/wp-json\/wp\/v2\/types\/page"}],"author":[{"embeddable":true,"href":"https:\/\/veganuary.com\/de\/wp-json\/wp\/v2\/users\/95"}],"replies":[{"embeddable":true,"href":"https:\/\/veganuary.com\/de\/wp-json\/wp\/v2\/comments?post=93345"}],"version-history":[{"count":0,"href":"https:\/\/veganuary.com\/de\/wp-json\/wp\/v2\/pages\/93345\/revisions"}],"wp:attachment":[{"href":"https:\/\/veganuary.com\/de\/wp-json\/wp\/v2\/media?parent=93345"}],"curies":[{"name":"wp","href":"https:\/\/api.w.org\/{rel}","templated":true}]}}