{"id":184508,"date":"2023-06-15T18:32:47","date_gmt":"2023-06-15T17:32:47","guid":{"rendered":"https:\/\/veganuary.com\/donar\/"},"modified":"2025-09-30T15:49:42","modified_gmt":"2025-09-30T14:49:42","slug":"donar","status":"publish","type":"page","link":"https:\/\/veganuary.com\/es-es\/donar\/","title":{"rendered":"Donation Page &#8211; Main (ES)"},"content":{"rendered":"\n<section class=\"vj-landing\" style=\"padding:0;\">\n  <div class=\"vj-landing-wrap\" style=\"\n    max-width:1200px; margin:0 auto; display:grid; gap:0;\n    grid-template-columns: 1fr 1fr; align-items:stretch;\n  \">\n\n    <!-- Left: Image -->\n    <div class=\"vj-landing-img\" style=\"\n      background-image:url('https:\/\/veganuary.com\/wp-content\/uploads\/2022\/12\/girl-holding-pig-cropped.jpg');\n      background-size:cover; background-position:center; min-height:520px;\n    \"><\/div>\n\n    <!-- Right: Copy + Form -->\n    <div class=\"vj-landing-formcol\" style=\"\n      padding: 0 clamp(20px,3.5vw,40px) clamp(20px,3.5vw,40px);\n      display:flex; flex-direction:column; justify-content:center;\n    \">\n      <h2 class=\"vj-heading\" style=\"margin:0 0 10px; line-height:1.15; color:#F52878;\">\n        \u00bfHACES UNA DONACI\u00d3N A VEGANUARY?\n      <\/h2>\n\n      <p class=\"vj-lead\" style=\"margin:0 0 16px; max-width:65ch; color:#444;\">\nTodos nuestros recursos son gratuitos pero, como entidad sin \u00e1nimo de lucro, dependemos de las donaciones voluntarias.    <\/p>\n\n      <!-- Form card -->\n      <div class=\"vj-landing-card\" style=\"\n        background:#fff; border:1px solid rgba(0,0,0,.1);\n        box-shadow:0 10px 30px rgba(0,0,0,.08);\n        border-radius:16px; padding:clamp(16px,2.4vw,28px);\n        width:100%; max-width:600px; margin:0 auto; text-align:center;\n        position: relative; min-height:120px;\n      \">\n        <!-- Loading spinner -->\n        <div class=\"fu-loading\" style=\"\n          position:absolute; top:50%; left:50%;\n          transform:translate(-50%,-50%);\n          display:flex; align-items:center; justify-content:center;\n        \">\n          <div class=\"spinner\" style=\"\n            border: 4px solid #eee;\n            border-top: 4px solid #F52878;\n            border-radius: 50%;\n            width: 32px; height: 32px;\n            animation: spin 1s linear infinite;\n          \"><\/div>\n        <\/div>\n\n        <!-- Fundraise Up anchor -->\n        <a href=\"#XDTUUANX\" style=\"display:block;\"><\/a>\n\n        <!-- Disclaimer text -->\n        <p style=\"margin-top:12px; font-size:12px; color:#666; line-height:1.4;\">\n        Haciendo una donaci\u00f3n a Veganuary aceptas recibir un email de confirmaci\u00f3n por nuestra parte que contiene pixels de seguimiento. Esta tecnolog\u00eda solo se utiliza para monitorizar tasas de apertura de los emails.\n<br>\nVeganuary est\u00e1 registrada como organizaci\u00f3n ben\u00e9fica en Inglaterra y Gales (n\u00famero: 1168566). Ten en cuenta que las donaciones pueden no ser deducibles de impuestos en su pa\u00eds. \u00a1Muchas gracias por tu apoyo!\n\n        <\/p>\n      <\/div>\n    <\/div>\n  <\/div>\n\n  <style>\n    .vj-landing, .vj-landing * { box-sizing: border-box; }\n    @keyframes spin { 100% { transform: rotate(360deg); } }\n\n    \/* Fold at <=860px *\/\n    @media (max-width: 860px){\n      .vj-landing{\n        position: relative;\n        margin-left: calc(50% - 50vw) !important;\n        margin-right: calc(50% - 50vw) !important;\n        width: 100vw !important;\n        max-width: 100vw !important;\n        overflow-x: hidden;\n        padding-left: 30px;\n        padding-right: 30px;\n      }\n      .vj-landing .vj-landing-wrap{\n        grid-template-columns: 1fr !important;\n        max-width: none !important;\n        margin: 0 !important;\n        padding: 0 !important;\n        width: 100% !important;\n      }\n      .vj-landing .vj-landing-img{ display:none !important; }\n      .vj-landing .vj-landing-formcol{ padding: 0 !important; margin: 0 !important; }\n\n      .vj-landing .vj-heading{\n        text-align: center !important;\n        font-size: 1.5rem !important; \/* ~24px *\/\n      }\n      .vj-landing .vj-lead{\n        text-align: center !important;\n        font-size: 1rem !important; \/* ~16px *\/\n        margin-left: auto !important;\n        margin-right: auto !important;\n      }\n\n      .vj-landing .vj-landing-card{\n        max-width: 420px !important;\n        width: 100% !important;\n        margin: 0 auto !important;\n        border-radius: 12px;\n        box-shadow: 0 6px 18px rgba(0,0,0,.06);\n        padding: 20px !important;\n      }\n    }\n\n    \/* Phones <=640px *\/\n    @media (max-width: 640px){\n      .vj-landing{\n        padding-left: 5px !important;\n        padding-right: 5px !important;\n      }\n      .vj-landing .vj-heading{\n        text-align: center !important;\n        font-size: 1.45rem !important; \/* ~23-24px *\/\n        margin-bottom: 8px !important;\n      }\n      .vj-landing .vj-lead{\n        text-align: center !important;\n        font-size: 0.95rem !important; \/* ~15px *\/\n        line-height: 1.45 !important;\n        margin-bottom: 10px !important;\n        padding: 0 8px !important;\n      }\n      .vj-landing .vj-landing-card{\n        max-width: calc(100% - 10px) !important;\n        width: auto !important;\n        margin: 0 auto !important;\n        padding-top: 0 !important;\n        padding-bottom: 0 !important;\n        padding-left: 12px !important;\n        padding-right: 12px !important;\n        border-radius: 10px;\n        box-shadow: 0 4px 12px rgba(0,0,0,.05);\n      }\n      \/* Disclaimer: strip padding, just margin-top *\/\n      .vj-landing .vj-landing-card p{\n        padding: 0 !important;\n      }\n    }\n\n    \/* Hide spinner when FU loads (modern browsers) *\/\n    .vj-landing-card:has(iframe),\n    .vj-landing-card:has(.fundraiseup-widget){\n      min-height: auto;\n    }\n    .vj-landing-card:has(iframe) .fu-loading,\n    .vj-landing-card:has(.fundraiseup-widget) .fu-loading{\n      display:none !important;\n    }\n  <\/style>\n\n  <!-- JS fallback if :has() not supported -->\n  <script>\n    document.addEventListener('DOMContentLoaded', function(){\n      var checkInterval = setInterval(function(){\n        var card = document.querySelector('.vj-landing-card');\n        if(card){\n          if(card.querySelector('iframe') || card.querySelector('.fundraiseup-widget')){\n            var spinner = card.querySelector('.fu-loading');\n            if(spinner){ spinner.style.display = 'none'; }\n            card.style.minHeight = 'auto';\n            clearInterval(checkInterval);\n          }\n        }\n      }, 300);\n    });\n  <\/script>\n<\/section>\n\n\n\n<div class=\"wp-block-group\"><div class=\"wp-block-group__inner-container is-layout-flow wp-block-group-is-layout-flow\">\n<h2 class=\"wp-block-heading has-text-align-center\">\u00bfQU\u00c9 HEMOS CONSEGUIDO CON tu apoyo DESDE 2014?<\/h2>\n\n\n\t\n\n\n<div class=\"donation__grid\">\n                  <div class=\"donation__grid_square\"><img decoding=\"async\" src=\"https:\/\/veganuary.com\/wp-content\/uploads\/2023\/06\/icon-participants.svg\" class=\"donation__grid_img\"><p class=\"donation__grid_text\">Inspirar a millones de personas para probar el veganismo en enero y m\u00e1s all\u00e1, en  pr\u00e1cticamente todos los pa\u00edses del mundo.<\/p><\/div>\n                  <div class=\"donation__grid_square\"><img decoding=\"async\" src=\"https:\/\/veganuary.com\/wp-content\/uploads\/2023\/06\/icon-burger.svg\" class=\"donation__grid_img\"><p class=\"donation__grid_text\">Apoyar el lanzamiento de m\u00e1s de 3.000 nuevos productos veganos, haciendo que la alimentaci\u00f3n basada en plantas sea m\u00e1s accesible para todos.<\/p><\/div>\n                  <div class=\"donation__grid_square\"><img decoding=\"async\" src=\"https:\/\/veganuary.com\/wp-content\/uploads\/2023\/06\/icon-media.svg\" class=\"donation__grid_img\"><p class=\"donation__grid_text\">Aumentar la concienciaci\u00f3n sobre el veganismo con m\u00e1s de 7.000 art\u00edculos publicados en los medios de comunicaci\u00f3n sobre la campa\u00f1a.<\/p><\/div>\n                  <div class=\"donation__grid_square\"><img decoding=\"async\" src=\"https:\/\/veganuary.com\/wp-content\/uploads\/2023\/06\/icon-think-vegan.svg\" class=\"donation__grid_img\"><p class=\"donation__grid_text\">Nuestros participantes oficiales ahorraron el CO2 equivalente a 2,4 millones de vuelos Londres-Par\u00eds y evitaron que 6,7 millones de animales sufrieran durante toda su vida en tan solo un mes de participaci\u00f3n.<\/p><\/div>\n            \n              <\/div>\n\n<style>\n.donation__grid {\ndisplay: flex;\nflex-wrap: wrap;\nalign-items: baseline;\npadding: 20px;\n}\n.donation__grid_square {\nflex-basis: 25%;\nflex-grow: 1;\ndisplay: flex;\njustify-content: center;\nflex-wrap: wrap;\nalign-items: baseline;\npadding: 15px;\n}\n.donation__grid_img {\nmax-width: 100px;\n}\n.donation__grid_text {\nfont-size: 0.9rem;\ntext-align: center;\nmargin-top: 15px !important;\n}\n\n@media only screen and (max-width: 600px) {\n    .donation__grid_square {\n        flex-basis: 50%;\n    }\n}\n<\/style>\n\n\n<h2 class=\"wp-block-heading has-text-align-center donate__txt_col\">\u00bfPor qu\u00e9 dono a Veganuary?<\/h2>\n\n\n\n<div class=\"wp-block-custom testimonials\">\n\n\t\n\t\t<div class=\"carousel js-testimonials\">\n\n\t\n\t<div class=\"carousel__cell\">\n\t\t<div class=\"testimonial\">\n\t\t\t<div class=\"testimonial__quote\">\n\t\t\t\t<p>Creo que de todas las organizaciones ben\u00e9ficas veganas, Veganuary es la que m\u00e1s ha conseguido y la que m\u00e1s impacto tiene. S\u00f3lo puedo donar a una o dos organizaciones ben\u00e9ficas de derechos de los animales\/veganas y quer\u00eda que mi dinero tuviera el impacto m\u00e1s directo en t\u00e9rminos de [...] animales salvados. Creo que la t\u00e1ctica de facilitar el acceso de la gente al veganismo sin juzgarla, con grupos y recursos de apoyo, tiene m\u00e1s impacto que otras cosas. <\/p>\n\t\t\t<\/div>\n\n\t\t\t\n\t\t\t<footer class=\"testimonial__footer\">\n\t\t\t\t<div class=\"testimonial__footer__author\">Donante de Veganuary<\/div>\n\t\t\t\t\t\t\t<\/footer>\n\t\t<\/div>\n\n\t\t<\/div><div class=\"carousel__cell\">\n\t\t<div class=\"testimonial\">\n\t\t\t<div class=\"testimonial__quote\">\n\t\t\t\t<p>Como persona, el impacto que tengo es peque\u00f1o, pero donando a Veganuary, puedo tener un impacto mayor.  <\/p>\n\t\t\t<\/div>\n\n\t\t\t\n\t\t\t<footer class=\"testimonial__footer\">\n\t\t\t\t<div class=\"testimonial__footer__author\">Donante de Veganuary<\/div>\n\t\t\t\t\t\t\t<\/footer>\n\t\t<\/div>\n\n\t\t<\/div><div class=\"carousel__cell\">\n\t\t<div class=\"testimonial\">\n\t\t\t<div class=\"testimonial__quote\">\n\t\t\t\t<p>Despu\u00e9s de suscribirme, recib\u00ed tanta informaci\u00f3n y consejos que sent\u00ed que deber\u00eda haber pagado por este servicio. <\/p>\n\t\t\t<\/div>\n\n\t\t\t\n\t\t\t<footer class=\"testimonial__footer\">\n\t\t\t\t<div class=\"testimonial__footer__author\">Donante de Veganuary<\/div>\n\t\t\t\t\t\t\t<\/footer>\n\t\t<\/div>\n\n\t\t<\/div>\n\t\n\t\t<\/div>\n\n\t\n<\/div>\n\n\n\n<h2 class=\"wp-block-heading has-text-align-center donate__txt_col\">Ponte en contacto<\/h2>\n\n\n\n<p class=\"has-text-align-center donate__txt\">\u00bfTienes alguna pregunta o deseas conocer otras formas de donar? Por favor, contacta con nuestro equipo de recaudaci\u00f3n de fondos en <a href=\"mailto:fundraising@veganuary.com\">fundraising@veganuary.com<\/a><\/p>\n\n\n\n<div class=\"wp-block-buttons is-content-justification-center is-layout-flex wp-container-core-buttons-is-layout-16018d1d wp-block-buttons-is-layout-flex\">\n<div class=\"wp-block-button has-custom-width wp-block-button__width-100 is-style-fill donate__btn\"><a class=\"wp-block-button__link wp-element-button\">Cont\u00e1ctanos<\/a><\/div>\n<\/div>\n\n\n\n<p class=\"has-text-align-center\">Veganuary est\u00e1 registrada como entidad sin \u00e1nimo de lucro en Inglaterra y Gales (n\u00famero: 1168566). Ten en cuenta que actualmente estas donaciones no incluyen deducci\u00f3n de impuestos en Espa\u00f1a. <br>\u00a1Muchas gracias por tu apoyo!<\/p>\n<\/div><\/div>\n","protected":false},"excerpt":{"rendered":"<p>\u00bfHACES UNA DONACI\u00d3N A VEGANUARY? Todos nuestros recursos son gratuitos pero, como entidad sin \u00e1nimo de lucro, dependemos de las&hellip;<\/p>\n","protected":false},"author":140,"featured_media":184509,"parent":0,"menu_order":0,"comment_status":"closed","ping_status":"closed","template":"page-templates\/donate.php","meta":{"_acf_changed":false,"_coblocks_attr":"","_coblocks_dimensions":"","_coblocks_responsive_height":"","_coblocks_accordion_ie_support":"","footnotes":""},"class_list":["post-184508","page","type-page","status-publish","has-post-thumbnail","hentry"],"acf":[],"yoast_head":"<!-- This site is optimized with the Yoast SEO plugin v27.4 - https:\/\/yoast.com\/product\/yoast-seo-wordpress\/ -->\n<title>Dona para apoyar a Veganuary | Veganuary ES<\/title>\n<meta name=\"description\" content=\"Todos nuestros recursos son gratuitos, pero como organizaci\u00f3n ben\u00e9fica dependemos de las donaciones voluntarias.\" \/>\n<meta name=\"robots\" content=\"index, follow, max-snippet:-1, max-image-preview:large, max-video-preview:-1\" \/>\n<link rel=\"canonical\" href=\"https:\/\/veganuary.com\/es-es\/donar\/\" \/>\n<meta property=\"og:locale\" content=\"es_ES\" \/>\n<meta property=\"og:type\" content=\"article\" \/>\n<meta property=\"og:title\" content=\"Dona para apoyar a Veganuary | Veganuary ES\" \/>\n<meta property=\"og:description\" content=\"Todos nuestros recursos son gratuitos, pero como organizaci\u00f3n ben\u00e9fica dependemos de las donaciones voluntarias.\" \/>\n<meta property=\"og:url\" content=\"https:\/\/veganuary.com\/es-es\/donar\/\" \/>\n<meta property=\"og:site_name\" content=\"Veganuary\" \/>\n<meta property=\"article:publisher\" content=\"https:\/\/www.facebook.com\/Veganuary\/\" \/>\n<meta property=\"article:modified_time\" content=\"2025-09-30T14:49:42+00:00\" \/>\n<meta property=\"og:image\" content=\"https:\/\/veganuary.com\/wp-content\/uploads\/2022\/12\/girl-holding-pig-cropped.jpg\" \/>\n\t<meta property=\"og:image:width\" content=\"973\" \/>\n\t<meta property=\"og:image:height\" content=\"798\" \/>\n\t<meta property=\"og:image:type\" content=\"image\/jpeg\" \/>\n<meta name=\"twitter:card\" content=\"summary_large_image\" \/>\n<meta name=\"twitter:site\" content=\"@veganuary\" \/>\n<meta name=\"twitter:label1\" content=\"Tiempo de lectura\" \/>\n\t<meta name=\"twitter:data1\" content=\"1 minuto\" \/>\n<script type=\"application\/ld+json\" class=\"yoast-schema-graph\">{\"@context\":\"https:\\\/\\\/schema.org\",\"@graph\":[{\"@type\":\"WebPage\",\"@id\":\"https:\\\/\\\/veganuary.com\\\/es-es\\\/donar\\\/\",\"url\":\"https:\\\/\\\/veganuary.com\\\/es-es\\\/donar\\\/\",\"name\":\"Dona para apoyar a Veganuary | Veganuary ES\",\"isPartOf\":{\"@id\":\"https:\\\/\\\/veganuary.com\\\/es-es\\\/#website\"},\"primaryImageOfPage\":{\"@id\":\"https:\\\/\\\/veganuary.com\\\/es-es\\\/donar\\\/#primaryimage\"},\"image\":{\"@id\":\"https:\\\/\\\/veganuary.com\\\/es-es\\\/donar\\\/#primaryimage\"},\"thumbnailUrl\":\"https:\\\/\\\/veganuary.com\\\/wp-content\\\/uploads\\\/2022\\\/12\\\/girl-holding-pig-cropped.jpg\",\"datePublished\":\"2023-06-15T17:32:47+00:00\",\"dateModified\":\"2025-09-30T14:49:42+00:00\",\"description\":\"Todos nuestros recursos son gratuitos, pero como organizaci\u00f3n ben\u00e9fica dependemos de las donaciones voluntarias.\",\"breadcrumb\":{\"@id\":\"https:\\\/\\\/veganuary.com\\\/es-es\\\/donar\\\/#breadcrumb\"},\"inLanguage\":\"es\",\"potentialAction\":[{\"@type\":\"ReadAction\",\"target\":[\"https:\\\/\\\/veganuary.com\\\/es-es\\\/donar\\\/\"]}]},{\"@type\":\"ImageObject\",\"inLanguage\":\"es\",\"@id\":\"https:\\\/\\\/veganuary.com\\\/es-es\\\/donar\\\/#primaryimage\",\"url\":\"https:\\\/\\\/veganuary.com\\\/wp-content\\\/uploads\\\/2022\\\/12\\\/girl-holding-pig-cropped.jpg\",\"contentUrl\":\"https:\\\/\\\/veganuary.com\\\/wp-content\\\/uploads\\\/2022\\\/12\\\/girl-holding-pig-cropped.jpg\",\"width\":973,\"height\":798},{\"@type\":\"BreadcrumbList\",\"@id\":\"https:\\\/\\\/veganuary.com\\\/es-es\\\/donar\\\/#breadcrumb\",\"itemListElement\":[{\"@type\":\"ListItem\",\"position\":1,\"name\":\"Home\",\"item\":\"https:\\\/\\\/veganuary.com\\\/es-es\\\/\"},{\"@type\":\"ListItem\",\"position\":2,\"name\":\"Donation Page &#8211; Main (ES)\"}]},{\"@type\":\"WebSite\",\"@id\":\"https:\\\/\\\/veganuary.com\\\/es-es\\\/#website\",\"url\":\"https:\\\/\\\/veganuary.com\\\/es-es\\\/\",\"name\":\"Veganuary\",\"description\":\"The website for Veganuary\",\"publisher\":{\"@id\":\"https:\\\/\\\/veganuary.com\\\/es-es\\\/#organization\"},\"potentialAction\":[{\"@type\":\"SearchAction\",\"target\":{\"@type\":\"EntryPoint\",\"urlTemplate\":\"https:\\\/\\\/veganuary.com\\\/es-es\\\/?s={search_term_string}\"},\"query-input\":{\"@type\":\"PropertyValueSpecification\",\"valueRequired\":true,\"valueName\":\"search_term_string\"}}],\"inLanguage\":\"es\"},{\"@type\":\"Organization\",\"@id\":\"https:\\\/\\\/veganuary.com\\\/es-es\\\/#organization\",\"name\":\"Veganuary\",\"url\":\"https:\\\/\\\/veganuary.com\\\/es-es\\\/\",\"logo\":{\"@type\":\"ImageObject\",\"inLanguage\":\"es\",\"@id\":\"https:\\\/\\\/veganuary.com\\\/es-es\\\/#\\\/schema\\\/logo\\\/image\\\/\",\"url\":\"https:\\\/\\\/veganuary.com\\\/wp-content\\\/uploads\\\/2020\\\/11\\\/135-veganuary-animals-icon-transparent-rgb.png\",\"contentUrl\":\"https:\\\/\\\/veganuary.com\\\/wp-content\\\/uploads\\\/2020\\\/11\\\/135-veganuary-animals-icon-transparent-rgb.png\",\"width\":135,\"height\":135,\"caption\":\"Veganuary\"},\"image\":{\"@id\":\"https:\\\/\\\/veganuary.com\\\/es-es\\\/#\\\/schema\\\/logo\\\/image\\\/\"},\"sameAs\":[\"https:\\\/\\\/www.facebook.com\\\/Veganuary\\\/\",\"https:\\\/\\\/x.com\\\/veganuary\",\"https:\\\/\\\/www.instagram.com\\\/weareveganuary\\\/\",\"https:\\\/\\\/www.linkedin.com\\\/company\\\/veganuary-limited\",\"https:\\\/\\\/www.pinterest.co.uk\\\/Veganuary\\\/\",\"https:\\\/\\\/www.youtube.com\\\/channel\\\/UCGDLtGanlPZLidEGP2N39CA\",\"https:\\\/\\\/en.wikipedia.org\\\/wiki\\\/Veganuary\"]}]}<\/script>\n<!-- \/ Yoast SEO plugin. -->","yoast_head_json":{"title":"Dona para apoyar a Veganuary | Veganuary ES","description":"Todos nuestros recursos son gratuitos, pero como organizaci\u00f3n ben\u00e9fica dependemos de las donaciones voluntarias.","robots":{"index":"index","follow":"follow","max-snippet":"max-snippet:-1","max-image-preview":"max-image-preview:large","max-video-preview":"max-video-preview:-1"},"canonical":"https:\/\/veganuary.com\/es-es\/donar\/","og_locale":"es_ES","og_type":"article","og_title":"Dona para apoyar a Veganuary | Veganuary ES","og_description":"Todos nuestros recursos son gratuitos, pero como organizaci\u00f3n ben\u00e9fica dependemos de las donaciones voluntarias.","og_url":"https:\/\/veganuary.com\/es-es\/donar\/","og_site_name":"Veganuary","article_publisher":"https:\/\/www.facebook.com\/Veganuary\/","article_modified_time":"2025-09-30T14:49:42+00:00","og_image":[{"width":973,"height":798,"url":"https:\/\/veganuary.com\/wp-content\/uploads\/2022\/12\/girl-holding-pig-cropped.jpg","type":"image\/jpeg"}],"twitter_card":"summary_large_image","twitter_site":"@veganuary","twitter_misc":{"Tiempo de lectura":"1 minuto"},"schema":{"@context":"https:\/\/schema.org","@graph":[{"@type":"WebPage","@id":"https:\/\/veganuary.com\/es-es\/donar\/","url":"https:\/\/veganuary.com\/es-es\/donar\/","name":"Dona para apoyar a Veganuary | Veganuary ES","isPartOf":{"@id":"https:\/\/veganuary.com\/es-es\/#website"},"primaryImageOfPage":{"@id":"https:\/\/veganuary.com\/es-es\/donar\/#primaryimage"},"image":{"@id":"https:\/\/veganuary.com\/es-es\/donar\/#primaryimage"},"thumbnailUrl":"https:\/\/veganuary.com\/wp-content\/uploads\/2022\/12\/girl-holding-pig-cropped.jpg","datePublished":"2023-06-15T17:32:47+00:00","dateModified":"2025-09-30T14:49:42+00:00","description":"Todos nuestros recursos son gratuitos, pero como organizaci\u00f3n ben\u00e9fica dependemos de las donaciones voluntarias.","breadcrumb":{"@id":"https:\/\/veganuary.com\/es-es\/donar\/#breadcrumb"},"inLanguage":"es","potentialAction":[{"@type":"ReadAction","target":["https:\/\/veganuary.com\/es-es\/donar\/"]}]},{"@type":"ImageObject","inLanguage":"es","@id":"https:\/\/veganuary.com\/es-es\/donar\/#primaryimage","url":"https:\/\/veganuary.com\/wp-content\/uploads\/2022\/12\/girl-holding-pig-cropped.jpg","contentUrl":"https:\/\/veganuary.com\/wp-content\/uploads\/2022\/12\/girl-holding-pig-cropped.jpg","width":973,"height":798},{"@type":"BreadcrumbList","@id":"https:\/\/veganuary.com\/es-es\/donar\/#breadcrumb","itemListElement":[{"@type":"ListItem","position":1,"name":"Home","item":"https:\/\/veganuary.com\/es-es\/"},{"@type":"ListItem","position":2,"name":"Donation Page &#8211; Main (ES)"}]},{"@type":"WebSite","@id":"https:\/\/veganuary.com\/es-es\/#website","url":"https:\/\/veganuary.com\/es-es\/","name":"Veganuary","description":"The website for Veganuary","publisher":{"@id":"https:\/\/veganuary.com\/es-es\/#organization"},"potentialAction":[{"@type":"SearchAction","target":{"@type":"EntryPoint","urlTemplate":"https:\/\/veganuary.com\/es-es\/?s={search_term_string}"},"query-input":{"@type":"PropertyValueSpecification","valueRequired":true,"valueName":"search_term_string"}}],"inLanguage":"es"},{"@type":"Organization","@id":"https:\/\/veganuary.com\/es-es\/#organization","name":"Veganuary","url":"https:\/\/veganuary.com\/es-es\/","logo":{"@type":"ImageObject","inLanguage":"es","@id":"https:\/\/veganuary.com\/es-es\/#\/schema\/logo\/image\/","url":"https:\/\/veganuary.com\/wp-content\/uploads\/2020\/11\/135-veganuary-animals-icon-transparent-rgb.png","contentUrl":"https:\/\/veganuary.com\/wp-content\/uploads\/2020\/11\/135-veganuary-animals-icon-transparent-rgb.png","width":135,"height":135,"caption":"Veganuary"},"image":{"@id":"https:\/\/veganuary.com\/es-es\/#\/schema\/logo\/image\/"},"sameAs":["https:\/\/www.facebook.com\/Veganuary\/","https:\/\/x.com\/veganuary","https:\/\/www.instagram.com\/weareveganuary\/","https:\/\/www.linkedin.com\/company\/veganuary-limited","https:\/\/www.pinterest.co.uk\/Veganuary\/","https:\/\/www.youtube.com\/channel\/UCGDLtGanlPZLidEGP2N39CA","https:\/\/en.wikipedia.org\/wiki\/Veganuary"]}]}},"_links":{"self":[{"href":"https:\/\/veganuary.com\/es-es\/wp-json\/wp\/v2\/pages\/184508","targetHints":{"allow":["GET"]}}],"collection":[{"href":"https:\/\/veganuary.com\/es-es\/wp-json\/wp\/v2\/pages"}],"about":[{"href":"https:\/\/veganuary.com\/es-es\/wp-json\/wp\/v2\/types\/page"}],"author":[{"embeddable":true,"href":"https:\/\/veganuary.com\/es-es\/wp-json\/wp\/v2\/users\/140"}],"replies":[{"embeddable":true,"href":"https:\/\/veganuary.com\/es-es\/wp-json\/wp\/v2\/comments?post=184508"}],"version-history":[{"count":0,"href":"https:\/\/veganuary.com\/es-es\/wp-json\/wp\/v2\/pages\/184508\/revisions"}],"wp:featuredmedia":[{"embeddable":true,"href":"https:\/\/veganuary.com\/es-es\/wp-json\/wp\/v2\/media\/184509"}],"wp:attachment":[{"href":"https:\/\/veganuary.com\/es-es\/wp-json\/wp\/v2\/media?parent=184508"}],"curies":[{"name":"wp","href":"https:\/\/api.w.org\/{rel}","templated":true}]}}