{"id":184558,"date":"2020-09-03T17:16:54","date_gmt":"2020-09-03T16:16:54","guid":{"rendered":"https:\/\/veganuary.com\/colaboraciones-corporativas\/"},"modified":"2025-11-06T17:57:07","modified_gmt":"2025-11-06T17:57:07","slug":"colaboraciones-corporativas","status":"publish","type":"page","link":"https:\/\/veganuary.com\/es-es\/involucrate\/colaboraciones-corporativas\/","title":{"rendered":"Empresas"},"content":{"rendered":"\n<div class=\"hero\">\n\t<div class=\"hero__overlay\">\n\t\t<div class=\"hero__content\">\n\t\t\t<div class=\"container\">\n\t\t\t\t<div class=\"row\">\n\t\t\t\t\t<div class=\"col-md-10 offset-md-1 col-lg-8 offset-lg-2 col-xl-6 offset-xl-3\">\n\n\t\t\t\t\t\t<h1 class=\"hero__title\">C\u00f3mo participar<\/h1>\n\n\t\t\t\t\t\t\t\t\t\t\t\t\t<div class=\"hero__icon\">\n\t\t\t\t\t\t\t\t<img decoding=\"async\" class=\"hero__icon__img\" src=\"https:\/\/veganuary.com\/wp-content\/themes\/veganuary\/assets\/img\/veganuary-icon-orange.svg\" alt=\"\">\n\t\t\t\t\t\t\t<\/div>\n\n\t\t\t\t\t\t\t<p class=\"hero__subtitle\">Tu empresa y Veganuary 2026<\/p>\n\t\t\t\t\t\t\n\t\t\t\t\t<\/div>\n\t\t\t\t<\/div>\n\t\t\t<\/div>\n\t\t<\/div>\n\t<\/div>\n\n\t<div class=\"hero__figure\">\n\t\t<picture class=\"hero__picture\">\n\t\t\t\t<source media=\"(min-width: 992px)\" srcset=\"https:\/\/veganuary.com\/wp-content\/uploads\/2022\/07\/veganuary-corporate-collaborations-1200x800.jpg, https:\/\/veganuary.com\/wp-content\/uploads\/2022\/07\/veganuary-corporate-collaborations-1800x1201.jpg 2x\">\n\t\t\t\t<source media=\"(min-width: 768px)\" srcset=\"https:\/\/veganuary.com\/wp-content\/uploads\/2022\/07\/veganuary-corporate-collaborations-800x534.jpg, https:\/\/veganuary.com\/wp-content\/uploads\/2022\/07\/veganuary-corporate-collaborations-1800x1201.jpg 2x\">\n\t\t\t\t<source media=\"(min-width: 576px)\" srcset=\"https:\/\/veganuary.com\/wp-content\/uploads\/2022\/07\/veganuary-corporate-collaborations-800x534.jpg, https:\/\/veganuary.com\/wp-content\/uploads\/2022\/07\/veganuary-corporate-collaborations-1200x800.jpg 2x\">\n\t\t\t\t<source media=\"(max-width: 575px)\" srcset=\"https:\/\/veganuary.com\/wp-content\/uploads\/2022\/07\/veganuary-corporate-collaborations-400x267.jpg, https:\/\/veganuary.com\/wp-content\/uploads\/2022\/07\/veganuary-corporate-collaborations-800x534.jpg 2x\">\n\t\t\t\t<img decoding=\"async\" class=\"hero__img\" src=\"https:\/\/veganuary.com\/wp-content\/uploads\/2022\/07\/veganuary-corporate-collaborations-400x267.jpg\" alt=\"\"><\/picture>\t<\/div>\n\n<\/div>\n\n\n\n<div class=\"wp-block-group has-white-background-color has-background\"><div class=\"wp-block-group__inner-container is-layout-flow wp-block-group-is-layout-flow\">\n<p class=\"has-medium-font-size\">Veganuary se centra en cambiar los comportamientos y actitudes de los consumidores, a la vez que proporciona toda la informaci\u00f3n y el apoyo pr\u00e1ctico necesario para que la transici\u00f3n al veganismo sea lo m\u00e1s f\u00e1cil y agradable posible a lo largo del mes. Millones de personas se han inscrito para probar el veganismo con nosotros desde que empezamos en 2014, aunque los datos sugieren que son diez veces m\u00e1s las personas que realmente participan y prueban el veganismo en enero de cada a\u00f1o.<\/p>\n\n\n\n<p>Con este aumento exponencial de personas interesadas en el veganismo y flexitarianismo, necesitamos que negocios como el tuyo lancen nuevos productos veganos al mercado y participen en la campa\u00f1a promocionando su gama plant-based, as\u00ed los nuevos participantes en Veganuary podr\u00e1n encontrar las mejores opciones y tendr\u00e1n la mejor experiencia posible durante el reto. <\/p>\n\n\n\n<p>\u00bfTienes un negocio en Espa\u00f1a y deseas participar en Veganuary? Tu empresa puede participar de diferentes formas, descarga la Gu\u00eda de apoyo para empresas para saber m\u00e1s. <\/p>\n\n\n\n<p>Igualmente puedes escribir a nuestro equipo a: empresas@veganuary.com, nos encantar\u00e1 atenderte personalmente.<\/p>\n\n\n\n<figure class=\"wp-block-gallery has-nested-images columns-default wp-block-gallery-1 is-layout-flex wp-block-gallery-is-layout-flex\">\n<figure class=\"wp-block-image size-large\"><img fetchpriority=\"high\" decoding=\"async\" width=\"1800\" height=\"1200\" data-id=\"2220\" src=\"https:\/\/veganuary.com\/wp-content\/uploads\/2020\/09\/corporate-collaborations-1-1800x1200.jpg\" alt=\"\" class=\"wp-image-2220\" srcset=\"https:\/\/veganuary.com\/wp-content\/uploads\/2020\/09\/corporate-collaborations-1-1800x1200.jpg 1800w, https:\/\/veganuary.com\/wp-content\/uploads\/2020\/09\/corporate-collaborations-1-1200x800.jpg 1200w, https:\/\/veganuary.com\/wp-content\/uploads\/2020\/09\/corporate-collaborations-1-400x267.jpg 400w, https:\/\/veganuary.com\/wp-content\/uploads\/2020\/09\/corporate-collaborations-1-768x512.jpg 768w, https:\/\/veganuary.com\/wp-content\/uploads\/2020\/09\/corporate-collaborations-1-1536x1024.jpg 1536w, https:\/\/veganuary.com\/wp-content\/uploads\/2020\/09\/corporate-collaborations-1-2048x1365.jpg 2048w, https:\/\/veganuary.com\/wp-content\/uploads\/2020\/09\/corporate-collaborations-1-800x533.jpg 800w\" sizes=\"(max-width: 1800px) 100vw, 1800px\" \/><\/figure>\n<\/figure>\n\n\n\n<h2 class=\"wp-block-heading\">GU\u00cdA PARA EMPRESAS VEGANUARY 2026<\/h2>\n\n\n<div class=\"wp-block-buttons is-layout-flex wp-block-buttons-is-layout-flex\">\n    <div class=\"wp-block-button is-style-fill\">\n    <a  href=\"javascript:;\"\">\n        <button class=\"wp-block-button__link wp-element-button extended-button\" data-popup-title=\"\u00a1Tu Gu\u00eda de apoyo para empresas!\" data-popup-desc=\"Animamos a todo el mundo a participar en la campa\u00f1a de Veganuary, y es importante que cualquier uso de nuestros materiales cumpla con los valores y la misi\u00f3n de Veganuary. Por favor, rellena tus datos a continuaci\u00f3n y lee y confirma tu acuerdo con los siguientes T\u00e9rminos y Condiciones y te enviaremos tu Dosier para Empresas con toda la informaci\u00f3n. \" data-button-link=\"https:\/\/veganuary.com\/wp-content\/uploads\/2025\/11\/Veganuary_BSTK_Spanish_2026_v4.pdf\" data-email-label=\"Correo electr\u00f3nico\" data-company-label=\"Nombre de la empresa\"\n    data-dicl-text=\"&lt;p&gt;El nombre de Veganuary, su logotipo, la marca registrada y los materiales de marketing incluidos en este kit son propiedad intelectual perteneciente a Veganuary. Por la presente, Veganuary concede al arriba mencionado una licencia no exclusiva para utilizar el logotipo de Veganuary, la marca comercial y los materiales de marketing proporcionados en este kit de apoyo empresarial sujeto a lo siguiente:&lt;br \/&gt;\n1. Esta licencia expirar\u00e1 dentro de 3 a\u00f1os a partir de la fecha de hoy y podr\u00e1 ser prorrogada a discreci\u00f3n de Veganuary.&lt;br \/&gt;\n2. Veganuary posee la propiedad legal de la marca, toda la propiedad intelectual de Veganuary, logotipos e identidad visual.&lt;br \/&gt;\n3. Todo el fondo de comercio se acumula a Veganuary a trav\u00e9s del uso del logotipo, marca registrada o cualquier otro material de Veganuary.&lt;br \/&gt;\n4. Usted se compromete a utilizar este kit de apoyo empresarial en consonancia con los valores de Veganuary. Esto significa que usted se compromete a no utilizar el nombre, logotipo, iconos o marca de Veganuary para comercializar, promocionar o vender cualquier producto no vegano.&lt;br \/&gt;\n5. No te presentar\u00e1s ni a ti mismo o a tu organizaci\u00f3n&lt;span style=&quot;color: #f52878&quot;&gt; o empresa a la que representas &lt;\/span&gt;como socio oficial o afiliado de Veganuary de ninguna otra manera que no sea la promoci\u00f3n de la campa\u00f1a.&lt;br \/&gt;\n6. Aceptas la utilizaci\u00f3n del nombre, el logotipo y\/o la marca comercial de Veganuary de acuerdo con las &lt;a href=&quot;https:\/\/weareveganuary.sharepoint.com\/:b:\/s\/ShareExternally\/EUKZU6YgnWBEv34cEEEB6mYBRER4yW8QvdvkreOQ5wsYnQ?e=OnKCn8&quot;&gt;Directrices de Marca&lt;\/a&gt; de Veganuary y que no modificar\u00e1s el logotipo o la marca de ninguna manera.&lt;br \/&gt;\n7. Te comprometes a no utilizar el nombre, el logotipo o la marca comercial de Veganuary de ninguna manera que pueda causar da\u00f1os a la reputaci\u00f3n de Veganuary.&lt;br \/&gt;\n8. El consentimiento puede ser retirado en cualquier momento. Por ejemplo, el consentimiento puede ser retirado si utiliza el nombre, logotipo, marca y\/o marca registrada de Veganuary o cualquier otro material para promocionar cualquier producto no vegano, si hace algo que Veganuary considere que no es en el mejor inter\u00e9s para permitir el uso continuado de los materiales, o si incumple cualquiera de las condiciones establecidas aqu\u00ed.&lt;br \/&gt;\n9. Usted entiende que el incumplimiento de estos T\u00e9rminos y Condiciones dar\u00e1 lugar a la revocaci\u00f3n inmediata de su licencia para utilizar la marca registrada, la marca, el logotipo y la propiedad intelectual de Veganuary.&lt;\/p&gt;\n\" data-consent-text=\"Acepto las condiciones generales*.\" data-submit-btn-text=\"Enviar\" data-admin-email=\"empresas@veganuary.com\" data-current-url=\"https:\/\/veganuary.com\/es-es\/involucrate\/colaboraciones-corporativas\/\" >\n            \u00a1Descarga tu Gu\u00eda para empresas!        <\/button>\n    <\/a>\n    <\/div>\n<\/div>\n\n\n\n\n<p>\u00bfTe gustar\u00eda un lugar de trabajo m\u00e1s saludable y feliz? Anima a tu equipo a participar con el Reto en el Trabajo de Veganuary. \u00a1Tenemos todos los recursos que necesitas!<\/p>\n\n\n<div class=\"wp-block-buttons is-layout-flex wp-block-buttons-is-layout-flex\">\n    <div class=\"wp-block-button is-style-fill\">\n    <a  href=\"javascript:;\"\">\n        <button class=\"wp-block-button__link wp-element-button extended-button\" data-popup-title=\"Consigue la gu\u00eda\" data-popup-desc=\"Animamos a todo el mundo a participar en la campa\u00f1a de Veganuary y es importante que cualquier uso de nuestros materiales cumpla con los valores y la misi\u00f3n de Veganuary. Por favor, rellena tus datos a continuaci\u00f3n y lee y confirma tu acuerdo con los siguientes T\u00e9rminos y Condiciones y te enviaremos tu Kit para empresas con toda la informaci\u00f3n. \" data-button-link=\"https:\/\/veganuary.com\/wp-content\/uploads\/2025\/09\/ES-Veganuary-2026-WPC-Guide.pdf\" data-email-label=\"Correo electr\u00f3nico\" data-company-label=\"Nombre de la empresa\"\n    data-dicl-text=\"&lt;p&gt;El nombre de Veganuary, su logotipo, la marca registrada y los materiales de marketing incluidos en este kit son propiedad intelectual perteneciente a Veganuary. Por la presente, Veganuary concede al arriba mencionado una licencia no exclusiva para utilizar el logotipo de Veganuary, la marca comercial y los materiales de marketing proporcionados en este kit de apoyo empresarial sujeto a lo siguiente:&lt;br \/&gt;\n1. Esta licencia expirar\u00e1 dentro de 3 a\u00f1os a partir de la fecha de hoy y podr\u00e1 ser prorrogada a discreci\u00f3n de Veganuary.&lt;br \/&gt;\n2. Veganuary posee la propiedad legal de la marca, toda la propiedad intelectual de Veganuary, logotipos e identidad visual.&lt;br \/&gt;\n3. Todo el fondo de comercio se acumula a Veganuary a trav\u00e9s del uso del logotipo, marca registrada o cualquier otro material de Veganuary.&lt;br \/&gt;\n4. Usted se compromete a utilizar este kit de apoyo empresarial en consonancia con los valores de Veganuary. Esto significa que usted se compromete a no utilizar el nombre, logotipo, iconos o marca de Veganuary para comercializar, promocionar o vender cualquier producto no vegano.&lt;br \/&gt;\n5. No te presentar\u00e1s ni a ti mismo o a tu organizaci\u00f3n&lt;span style=&quot;color: #f52878&quot;&gt; o empresa a la que representas &lt;\/span&gt;como socio oficial o afiliado de Veganuary de ninguna otra manera que no sea la promoci\u00f3n de la campa\u00f1a.&lt;br \/&gt;\n6. Aceptas la utilizaci\u00f3n del nombre, el logotipo y\/o la marca comercial de Veganuary de acuerdo con las &lt;a href=&quot;https:\/\/weareveganuary.sharepoint.com\/:b:\/s\/ShareExternally\/EUKZU6YgnWBEv34cEEEB6mYBRER4yW8QvdvkreOQ5wsYnQ?e=OnKCn8&quot;&gt;Directrices de Marca&lt;\/a&gt; de Veganuary y que no modificar\u00e1s el logotipo o la marca de ninguna manera.&lt;br \/&gt;\n7. Te comprometes a no utilizar el nombre, el logotipo o la marca comercial de Veganuary de ninguna manera que pueda causar da\u00f1os a la reputaci\u00f3n de Veganuary.&lt;br \/&gt;\n8. El consentimiento puede ser retirado en cualquier momento. Por ejemplo, el consentimiento puede ser retirado si utiliza el nombre, logotipo, marca y\/o marca registrada de Veganuary o cualquier otro material para promocionar cualquier producto no vegano, si hace algo que Veganuary considere que no es en el mejor inter\u00e9s para permitir el uso continuado de los materiales, o si incumple cualquiera de las condiciones establecidas aqu\u00ed.&lt;br \/&gt;\n9. Usted entiende que el incumplimiento de estos T\u00e9rminos y Condiciones dar\u00e1 lugar a la revocaci\u00f3n inmediata de su licencia para utilizar la marca registrada, la marca, el logotipo y la propiedad intelectual de Veganuary.&lt;\/p&gt;\n\" data-consent-text=\"Acepto las condiciones generales*.\" data-submit-btn-text=\"Enviar\" data-admin-email=\"empresas@veganuary.com\" data-current-url=\"https:\/\/veganuary.com\/es-es\/involucrate\/colaboraciones-corporativas\/\" >\n            Consigue la gu\u00eda para El Reto en el Trabajo         <\/button>\n    <\/a>\n    <\/div>\n<\/div>\n\n<\/div><\/div>\n","protected":false},"excerpt":{"rendered":"<p>Veganuary se centra en cambiar los comportamientos y actitudes de los consumidores, a la vez que proporciona toda la informaci\u00f3n&hellip;<\/p>\n","protected":false},"author":70,"featured_media":184560,"parent":184562,"menu_order":56,"comment_status":"closed","ping_status":"closed","template":"","meta":{"_acf_changed":true,"_coblocks_attr":"","_coblocks_dimensions":"","_coblocks_responsive_height":"","_coblocks_accordion_ie_support":"","footnotes":""},"class_list":["post-184558","page","type-page","status-publish","has-post-thumbnail","hentry"],"acf":[],"yoast_head":"<!-- This site is optimized with the Yoast SEO plugin v27.4 - https:\/\/yoast.com\/product\/yoast-seo-wordpress\/ -->\n<title>Colaboraciones Corporativas | Veganuary<\/title>\n<meta name=\"description\" content=\"Veganuary se centra en cambiar los comportamientos y actitudes de los consumidores, a la vez que proporciona toda la informaci\u00f3n y el apoyo pr\u00e1ctico necesario para que la transici\u00f3n al veganismo sea lo m\u00e1s f\u00e1cil y agradable posible a lo largo del mes.\" \/>\n<meta name=\"robots\" content=\"index, follow, max-snippet:-1, max-image-preview:large, max-video-preview:-1\" \/>\n<link rel=\"canonical\" href=\"https:\/\/veganuary.com\/es-es\/involucrate\/colaboraciones-corporativas\/\" \/>\n<meta property=\"og:locale\" content=\"es_ES\" \/>\n<meta property=\"og:type\" content=\"article\" \/>\n<meta property=\"og:title\" content=\"Colaboraciones Corporativas | Veganuary\" \/>\n<meta property=\"og:description\" content=\"Veganuary se centra en cambiar los comportamientos y actitudes de los consumidores, a la vez que proporciona toda la informaci\u00f3n y el apoyo pr\u00e1ctico necesario para que la transici\u00f3n al veganismo sea lo m\u00e1s f\u00e1cil y agradable posible a lo largo del mes.\" \/>\n<meta property=\"og:url\" content=\"https:\/\/veganuary.com\/es-es\/involucrate\/colaboraciones-corporativas\/\" \/>\n<meta property=\"og:site_name\" content=\"Veganuary\" \/>\n<meta property=\"article:publisher\" content=\"https:\/\/www.facebook.com\/Veganuary\/\" \/>\n<meta property=\"article:modified_time\" content=\"2025-11-06T17:57:07+00:00\" \/>\n<meta property=\"og:image\" content=\"https:\/\/veganuary.com\/wp-content\/uploads\/2022\/02\/Restaurant-Worker.jpg\" \/>\n\t<meta property=\"og:image:width\" content=\"1200\" \/>\n\t<meta property=\"og:image:height\" content=\"800\" \/>\n\t<meta property=\"og:image:type\" content=\"image\/jpeg\" \/>\n<meta name=\"twitter:card\" content=\"summary_large_image\" \/>\n<meta name=\"twitter:site\" content=\"@veganuary\" \/>\n<meta name=\"twitter:label1\" content=\"Tiempo de lectura\" \/>\n\t<meta name=\"twitter:data1\" content=\"2 minutos\" \/>\n<script type=\"application\/ld+json\" class=\"yoast-schema-graph\">{\"@context\":\"https:\\\/\\\/schema.org\",\"@graph\":[{\"@type\":\"WebPage\",\"@id\":\"https:\\\/\\\/veganuary.com\\\/es-es\\\/involucrate\\\/colaboraciones-corporativas\\\/\",\"url\":\"https:\\\/\\\/veganuary.com\\\/es-es\\\/involucrate\\\/colaboraciones-corporativas\\\/\",\"name\":\"Colaboraciones Corporativas | Veganuary\",\"isPartOf\":{\"@id\":\"https:\\\/\\\/veganuary.com\\\/es-es\\\/#website\"},\"primaryImageOfPage\":{\"@id\":\"https:\\\/\\\/veganuary.com\\\/es-es\\\/involucrate\\\/colaboraciones-corporativas\\\/#primaryimage\"},\"image\":{\"@id\":\"https:\\\/\\\/veganuary.com\\\/es-es\\\/involucrate\\\/colaboraciones-corporativas\\\/#primaryimage\"},\"thumbnailUrl\":\"https:\\\/\\\/veganuary.com\\\/wp-content\\\/uploads\\\/2022\\\/02\\\/Restaurant-Worker.jpg\",\"datePublished\":\"2020-09-03T16:16:54+00:00\",\"dateModified\":\"2025-11-06T17:57:07+00:00\",\"description\":\"Veganuary se centra en cambiar los comportamientos y actitudes de los consumidores, a la vez que proporciona toda la informaci\u00f3n y el apoyo pr\u00e1ctico necesario para que la transici\u00f3n al veganismo sea lo m\u00e1s f\u00e1cil y agradable posible a lo largo del mes.\",\"breadcrumb\":{\"@id\":\"https:\\\/\\\/veganuary.com\\\/es-es\\\/involucrate\\\/colaboraciones-corporativas\\\/#breadcrumb\"},\"inLanguage\":\"es\",\"potentialAction\":[{\"@type\":\"ReadAction\",\"target\":[\"https:\\\/\\\/veganuary.com\\\/es-es\\\/involucrate\\\/colaboraciones-corporativas\\\/\"]}]},{\"@type\":\"ImageObject\",\"inLanguage\":\"es\",\"@id\":\"https:\\\/\\\/veganuary.com\\\/es-es\\\/involucrate\\\/colaboraciones-corporativas\\\/#primaryimage\",\"url\":\"https:\\\/\\\/veganuary.com\\\/wp-content\\\/uploads\\\/2022\\\/02\\\/Restaurant-Worker.jpg\",\"contentUrl\":\"https:\\\/\\\/veganuary.com\\\/wp-content\\\/uploads\\\/2022\\\/02\\\/Restaurant-Worker.jpg\",\"width\":1200,\"height\":800,\"caption\":\"Photo by Andrea Piacquadio from Pexels\"},{\"@type\":\"BreadcrumbList\",\"@id\":\"https:\\\/\\\/veganuary.com\\\/es-es\\\/involucrate\\\/colaboraciones-corporativas\\\/#breadcrumb\",\"itemListElement\":[{\"@type\":\"ListItem\",\"position\":1,\"name\":\"Home\",\"item\":\"https:\\\/\\\/veganuary.com\\\/es-es\\\/\"},{\"@type\":\"ListItem\",\"position\":2,\"name\":\"\u00danete\",\"item\":\"https:\\\/\\\/veganuary.com\\\/es-es\\\/involucrate\\\/\"},{\"@type\":\"ListItem\",\"position\":3,\"name\":\"Empresas\"}]},{\"@type\":\"WebSite\",\"@id\":\"https:\\\/\\\/veganuary.com\\\/es-es\\\/#website\",\"url\":\"https:\\\/\\\/veganuary.com\\\/es-es\\\/\",\"name\":\"Veganuary\",\"description\":\"The website for Veganuary\",\"publisher\":{\"@id\":\"https:\\\/\\\/veganuary.com\\\/es-es\\\/#organization\"},\"potentialAction\":[{\"@type\":\"SearchAction\",\"target\":{\"@type\":\"EntryPoint\",\"urlTemplate\":\"https:\\\/\\\/veganuary.com\\\/es-es\\\/?s={search_term_string}\"},\"query-input\":{\"@type\":\"PropertyValueSpecification\",\"valueRequired\":true,\"valueName\":\"search_term_string\"}}],\"inLanguage\":\"es\"},{\"@type\":\"Organization\",\"@id\":\"https:\\\/\\\/veganuary.com\\\/es-es\\\/#organization\",\"name\":\"Veganuary\",\"url\":\"https:\\\/\\\/veganuary.com\\\/es-es\\\/\",\"logo\":{\"@type\":\"ImageObject\",\"inLanguage\":\"es\",\"@id\":\"https:\\\/\\\/veganuary.com\\\/es-es\\\/#\\\/schema\\\/logo\\\/image\\\/\",\"url\":\"https:\\\/\\\/veganuary.com\\\/wp-content\\\/uploads\\\/2020\\\/11\\\/135-veganuary-animals-icon-transparent-rgb.png\",\"contentUrl\":\"https:\\\/\\\/veganuary.com\\\/wp-content\\\/uploads\\\/2020\\\/11\\\/135-veganuary-animals-icon-transparent-rgb.png\",\"width\":135,\"height\":135,\"caption\":\"Veganuary\"},\"image\":{\"@id\":\"https:\\\/\\\/veganuary.com\\\/es-es\\\/#\\\/schema\\\/logo\\\/image\\\/\"},\"sameAs\":[\"https:\\\/\\\/www.facebook.com\\\/Veganuary\\\/\",\"https:\\\/\\\/x.com\\\/veganuary\",\"https:\\\/\\\/www.instagram.com\\\/weareveganuary\\\/\",\"https:\\\/\\\/www.linkedin.com\\\/company\\\/veganuary-limited\",\"https:\\\/\\\/www.pinterest.co.uk\\\/Veganuary\\\/\",\"https:\\\/\\\/www.youtube.com\\\/channel\\\/UCGDLtGanlPZLidEGP2N39CA\",\"https:\\\/\\\/en.wikipedia.org\\\/wiki\\\/Veganuary\"]}]}<\/script>\n<!-- \/ Yoast SEO plugin. -->","yoast_head_json":{"title":"Colaboraciones Corporativas | Veganuary","description":"Veganuary se centra en cambiar los comportamientos y actitudes de los consumidores, a la vez que proporciona toda la informaci\u00f3n y el apoyo pr\u00e1ctico necesario para que la transici\u00f3n al veganismo sea lo m\u00e1s f\u00e1cil y agradable posible a lo largo del mes.","robots":{"index":"index","follow":"follow","max-snippet":"max-snippet:-1","max-image-preview":"max-image-preview:large","max-video-preview":"max-video-preview:-1"},"canonical":"https:\/\/veganuary.com\/es-es\/involucrate\/colaboraciones-corporativas\/","og_locale":"es_ES","og_type":"article","og_title":"Colaboraciones Corporativas | Veganuary","og_description":"Veganuary se centra en cambiar los comportamientos y actitudes de los consumidores, a la vez que proporciona toda la informaci\u00f3n y el apoyo pr\u00e1ctico necesario para que la transici\u00f3n al veganismo sea lo m\u00e1s f\u00e1cil y agradable posible a lo largo del mes.","og_url":"https:\/\/veganuary.com\/es-es\/involucrate\/colaboraciones-corporativas\/","og_site_name":"Veganuary","article_publisher":"https:\/\/www.facebook.com\/Veganuary\/","article_modified_time":"2025-11-06T17:57:07+00:00","og_image":[{"width":1200,"height":800,"url":"https:\/\/veganuary.com\/wp-content\/uploads\/2022\/02\/Restaurant-Worker.jpg","type":"image\/jpeg"}],"twitter_card":"summary_large_image","twitter_site":"@veganuary","twitter_misc":{"Tiempo de lectura":"2 minutos"},"schema":{"@context":"https:\/\/schema.org","@graph":[{"@type":"WebPage","@id":"https:\/\/veganuary.com\/es-es\/involucrate\/colaboraciones-corporativas\/","url":"https:\/\/veganuary.com\/es-es\/involucrate\/colaboraciones-corporativas\/","name":"Colaboraciones Corporativas | Veganuary","isPartOf":{"@id":"https:\/\/veganuary.com\/es-es\/#website"},"primaryImageOfPage":{"@id":"https:\/\/veganuary.com\/es-es\/involucrate\/colaboraciones-corporativas\/#primaryimage"},"image":{"@id":"https:\/\/veganuary.com\/es-es\/involucrate\/colaboraciones-corporativas\/#primaryimage"},"thumbnailUrl":"https:\/\/veganuary.com\/wp-content\/uploads\/2022\/02\/Restaurant-Worker.jpg","datePublished":"2020-09-03T16:16:54+00:00","dateModified":"2025-11-06T17:57:07+00:00","description":"Veganuary se centra en cambiar los comportamientos y actitudes de los consumidores, a la vez que proporciona toda la informaci\u00f3n y el apoyo pr\u00e1ctico necesario para que la transici\u00f3n al veganismo sea lo m\u00e1s f\u00e1cil y agradable posible a lo largo del mes.","breadcrumb":{"@id":"https:\/\/veganuary.com\/es-es\/involucrate\/colaboraciones-corporativas\/#breadcrumb"},"inLanguage":"es","potentialAction":[{"@type":"ReadAction","target":["https:\/\/veganuary.com\/es-es\/involucrate\/colaboraciones-corporativas\/"]}]},{"@type":"ImageObject","inLanguage":"es","@id":"https:\/\/veganuary.com\/es-es\/involucrate\/colaboraciones-corporativas\/#primaryimage","url":"https:\/\/veganuary.com\/wp-content\/uploads\/2022\/02\/Restaurant-Worker.jpg","contentUrl":"https:\/\/veganuary.com\/wp-content\/uploads\/2022\/02\/Restaurant-Worker.jpg","width":1200,"height":800,"caption":"Photo by Andrea Piacquadio from Pexels"},{"@type":"BreadcrumbList","@id":"https:\/\/veganuary.com\/es-es\/involucrate\/colaboraciones-corporativas\/#breadcrumb","itemListElement":[{"@type":"ListItem","position":1,"name":"Home","item":"https:\/\/veganuary.com\/es-es\/"},{"@type":"ListItem","position":2,"name":"\u00danete","item":"https:\/\/veganuary.com\/es-es\/involucrate\/"},{"@type":"ListItem","position":3,"name":"Empresas"}]},{"@type":"WebSite","@id":"https:\/\/veganuary.com\/es-es\/#website","url":"https:\/\/veganuary.com\/es-es\/","name":"Veganuary","description":"The website for Veganuary","publisher":{"@id":"https:\/\/veganuary.com\/es-es\/#organization"},"potentialAction":[{"@type":"SearchAction","target":{"@type":"EntryPoint","urlTemplate":"https:\/\/veganuary.com\/es-es\/?s={search_term_string}"},"query-input":{"@type":"PropertyValueSpecification","valueRequired":true,"valueName":"search_term_string"}}],"inLanguage":"es"},{"@type":"Organization","@id":"https:\/\/veganuary.com\/es-es\/#organization","name":"Veganuary","url":"https:\/\/veganuary.com\/es-es\/","logo":{"@type":"ImageObject","inLanguage":"es","@id":"https:\/\/veganuary.com\/es-es\/#\/schema\/logo\/image\/","url":"https:\/\/veganuary.com\/wp-content\/uploads\/2020\/11\/135-veganuary-animals-icon-transparent-rgb.png","contentUrl":"https:\/\/veganuary.com\/wp-content\/uploads\/2020\/11\/135-veganuary-animals-icon-transparent-rgb.png","width":135,"height":135,"caption":"Veganuary"},"image":{"@id":"https:\/\/veganuary.com\/es-es\/#\/schema\/logo\/image\/"},"sameAs":["https:\/\/www.facebook.com\/Veganuary\/","https:\/\/x.com\/veganuary","https:\/\/www.instagram.com\/weareveganuary\/","https:\/\/www.linkedin.com\/company\/veganuary-limited","https:\/\/www.pinterest.co.uk\/Veganuary\/","https:\/\/www.youtube.com\/channel\/UCGDLtGanlPZLidEGP2N39CA","https:\/\/en.wikipedia.org\/wiki\/Veganuary"]}]}},"_links":{"self":[{"href":"https:\/\/veganuary.com\/es-es\/wp-json\/wp\/v2\/pages\/184558","targetHints":{"allow":["GET"]}}],"collection":[{"href":"https:\/\/veganuary.com\/es-es\/wp-json\/wp\/v2\/pages"}],"about":[{"href":"https:\/\/veganuary.com\/es-es\/wp-json\/wp\/v2\/types\/page"}],"author":[{"embeddable":true,"href":"https:\/\/veganuary.com\/es-es\/wp-json\/wp\/v2\/users\/70"}],"replies":[{"embeddable":true,"href":"https:\/\/veganuary.com\/es-es\/wp-json\/wp\/v2\/comments?post=184558"}],"version-history":[{"count":0,"href":"https:\/\/veganuary.com\/es-es\/wp-json\/wp\/v2\/pages\/184558\/revisions"}],"up":[{"embeddable":true,"href":"https:\/\/veganuary.com\/es-es\/wp-json\/wp\/v2\/pages\/184562"}],"wp:featuredmedia":[{"embeddable":true,"href":"https:\/\/veganuary.com\/es-es\/wp-json\/wp\/v2\/media\/184560"}],"wp:attachment":[{"href":"https:\/\/veganuary.com\/es-es\/wp-json\/wp\/v2\/media?parent=184558"}],"curies":[{"name":"wp","href":"https:\/\/api.w.org\/{rel}","templated":true}]}}