{"id":184562,"date":"2020-08-06T08:47:06","date_gmt":"2020-08-06T07:47:06","guid":{"rendered":"https:\/\/veganuary.com\/involucrate\/"},"modified":"2023-08-23T13:37:52","modified_gmt":"2023-08-23T12:37:52","slug":"involucrate","status":"publish","type":"page","link":"https:\/\/veganuary.com\/es-es\/involucrate\/","title":{"rendered":"\u00danete"},"content":{"rendered":"\n<div class=\"hero\">\n\t<div class=\"hero__overlay\">\n\t\t<div class=\"hero__content\">\n\t\t\t<div class=\"container\">\n\t\t\t\t<div class=\"row\">\n\t\t\t\t\t<div class=\"col-md-10 offset-md-1 col-lg-8 offset-lg-2 col-xl-6 offset-xl-3\">\n\n\t\t\t\t\t\t<h1 class=\"hero__title\">\u00danete <\/h1>\n\n\t\t\t\t\t\t\t\t\t\t\t\t\t<div class=\"hero__icon\">\n\t\t\t\t\t\t\t\t<img decoding=\"async\" class=\"hero__icon__img\" src=\"https:\/\/veganuary.com\/wp-content\/themes\/veganuary\/assets\/img\/veganuary-icon-orange.svg\" alt=\"\">\n\t\t\t\t\t\t\t<\/div>\n\n\t\t\t\t\t\t\t<p class=\"hero__subtitle\">Por un mundo m\u00e1s amable y un planeta m\u00e1s sano <\/p>\n\t\t\t\t\t\t\n\t\t\t\t\t<\/div>\n\t\t\t\t<\/div>\n\t\t\t<\/div>\n\t\t<\/div>\n\t<\/div>\n\n\t<div class=\"hero__figure\">\n\t\t<picture class=\"hero__picture\">\n\t\t\t\t<source media=\"(min-width: 992px)\" srcset=\"https:\/\/veganuary.com\/wp-content\/uploads\/2022\/07\/Veganuary-Get-Involved-1200x675.jpg, https:\/\/veganuary.com\/wp-content\/uploads\/2022\/07\/Veganuary-Get-Involved-1800x1013.jpg 2x\">\n\t\t\t\t<source media=\"(min-width: 768px)\" srcset=\"https:\/\/veganuary.com\/wp-content\/uploads\/2022\/07\/Veganuary-Get-Involved-800x450.jpg, https:\/\/veganuary.com\/wp-content\/uploads\/2022\/07\/Veganuary-Get-Involved-1800x1013.jpg 2x\">\n\t\t\t\t<source media=\"(min-width: 576px)\" srcset=\"https:\/\/veganuary.com\/wp-content\/uploads\/2022\/07\/Veganuary-Get-Involved-800x450.jpg, https:\/\/veganuary.com\/wp-content\/uploads\/2022\/07\/Veganuary-Get-Involved-1200x675.jpg 2x\">\n\t\t\t\t<source media=\"(max-width: 575px)\" srcset=\"https:\/\/veganuary.com\/wp-content\/uploads\/2022\/07\/Veganuary-Get-Involved-400x225.jpg, https:\/\/veganuary.com\/wp-content\/uploads\/2022\/07\/Veganuary-Get-Involved-800x450.jpg 2x\">\n\t\t\t\t<img decoding=\"async\" class=\"hero__img\" src=\"https:\/\/veganuary.com\/wp-content\/uploads\/2022\/07\/Veganuary-Get-Involved-400x225.jpg\" alt=\"\"><\/picture>\t<\/div>\n\n<\/div>\n\n\n\n<div class=\"wp-block-group has-light-gray-background-color has-background\"><div class=\"wp-block-group__inner-container is-layout-flow wp-block-group-is-layout-flow\">\n<p class=\"has-text-align-center has-medium-font-size\"><strong>Desde peque\u00f1os actos cotidianos hasta grandes desaf\u00edos, aqu\u00ed puedes encontrar tu forma de ayudar a los animales y el planeta<\/strong>.<\/p>\n\n\n\n<div class=\"wp-block-custom wp-block-pods\">\n\n\t\n\t\t\t<div class=\"pod pod--pink\">\n\t\t\t\t<a class=\"pod__link\" href=\"\/es-es\/involucrate\/colaboraciones-corporativas\/\" target=\"_self\">\n\t\t\t\t\t<div class=\"pod__row pod__row--default\">\n\t\t\t\t\t\t<div class=\"pod__figure\">\n\t\t\t\t\t\t\t<picture class=\"pod__picture\">\n\t\t\t\t<source media=\"(min-width: 992px)\" srcset=\"https:\/\/veganuary.com\/wp-content\/uploads\/2020\/10\/corporate-collaborations-800x800.jpg, https:\/\/veganuary.com\/wp-content\/uploads\/2020\/10\/corporate-collaborations.jpg 2x\">\n\t\t\t\t<source media=\"(min-width: 768px)\" srcset=\"https:\/\/veganuary.com\/wp-content\/uploads\/2020\/10\/corporate-collaborations-800x800.jpg, https:\/\/veganuary.com\/wp-content\/uploads\/2020\/10\/corporate-collaborations.jpg 2x\">\n\t\t\t\t<source media=\"(min-width: 576px)\" srcset=\"https:\/\/veganuary.com\/wp-content\/uploads\/2020\/10\/corporate-collaborations-800x800.jpg, https:\/\/veganuary.com\/wp-content\/uploads\/2020\/10\/corporate-collaborations.jpg 2x\">\n\t\t\t\t<source media=\"(max-width: 575px)\" srcset=\"https:\/\/veganuary.com\/wp-content\/uploads\/2020\/10\/corporate-collaborations-400x400.jpg, https:\/\/veganuary.com\/wp-content\/uploads\/2020\/10\/corporate-collaborations-800x800.jpg 2x\">\n\t\t\t\t<img decoding=\"async\" class=\"pod__img\" src=\"https:\/\/veganuary.com\/wp-content\/uploads\/2020\/10\/corporate-collaborations-400x400.jpg\" alt=\"A young Caucasian man working in a coffee shop \"><\/picture>\t\t\t\t\t\t<\/div>\n\t\t\t\t\t\t<div class=\"pod__content\">\n\t\t\t\t\t\t\t<h2 class=\"pod__title\">Colaboraciones Corporativas<\/h2>\n\t\t\t\t\t\t\t<div class=\"pod__excerpt\">\n\t\t\t\t\t\t\t\t\t\t\t\t\t\t\t<\/div>\n\t\t\t\t\t\t\t<div class=\"pod__cta\">Leer m\u00e1s <\/div>\n\t\t\t\t\t\t<\/div>\n\t\t\t\t\t<\/div>\n\t\t\t\t<\/a>\n\t\t\t<\/div>\n\n\t\t\t\n\t\t\t<div class=\"pod pod--orange\">\n\t\t\t\t<a class=\"pod__link\" href=\"\/es-es\/involucrate\/desafio-corporativo\/\" target=\"_self\">\n\t\t\t\t\t<div class=\"pod__row pod__row--reverse\">\n\t\t\t\t\t\t<div class=\"pod__figure\">\n\t\t\t\t\t\t\t<picture class=\"pod__picture\">\n\t\t\t\t<source media=\"(min-width: 992px)\" srcset=\"https:\/\/veganuary.com\/wp-content\/uploads\/2020\/10\/workplace-challenge-800x800.jpg, https:\/\/veganuary.com\/wp-content\/uploads\/2020\/10\/workplace-challenge.jpg 2x\">\n\t\t\t\t<source media=\"(min-width: 768px)\" srcset=\"https:\/\/veganuary.com\/wp-content\/uploads\/2020\/10\/workplace-challenge-800x800.jpg, https:\/\/veganuary.com\/wp-content\/uploads\/2020\/10\/workplace-challenge.jpg 2x\">\n\t\t\t\t<source media=\"(min-width: 576px)\" srcset=\"https:\/\/veganuary.com\/wp-content\/uploads\/2020\/10\/workplace-challenge-800x800.jpg, https:\/\/veganuary.com\/wp-content\/uploads\/2020\/10\/workplace-challenge.jpg 2x\">\n\t\t\t\t<source media=\"(max-width: 575px)\" srcset=\"https:\/\/veganuary.com\/wp-content\/uploads\/2020\/10\/workplace-challenge-400x400.jpg, https:\/\/veganuary.com\/wp-content\/uploads\/2020\/10\/workplace-challenge-800x800.jpg 2x\">\n\t\t\t\t<img decoding=\"async\" class=\"pod__img\" src=\"https:\/\/veganuary.com\/wp-content\/uploads\/2020\/10\/workplace-challenge-400x400.jpg\" alt=\"\"><\/picture>\t\t\t\t\t\t<\/div>\n\t\t\t\t\t\t<div class=\"pod__content\">\n\t\t\t\t\t\t\t<h2 class=\"pod__title\">Desaf\u00edo Corporativo<\/h2>\n\t\t\t\t\t\t\t<div class=\"pod__excerpt\">\n\t\t\t\t\t\t\t\t\t\t\t\t\t\t\t<\/div>\n\t\t\t\t\t\t\t<div class=\"pod__cta\">Leer m\u00e1s <\/div>\n\t\t\t\t\t\t<\/div>\n\t\t\t\t\t<\/div>\n\t\t\t\t<\/a>\n\t\t\t<\/div>\n\n\t\t\t\n\t\t\t<div class=\"pod pod--green\">\n\t\t\t\t<a class=\"pod__link\" href=\"\/es-es\/involucrate\/otras-formas-de-ayudar\/\" target=\"_self\">\n\t\t\t\t\t<div class=\"pod__row pod__row--default\">\n\t\t\t\t\t\t<div class=\"pod__figure\">\n\t\t\t\t\t\t\t<picture class=\"pod__picture\">\n\t\t\t\t<source media=\"(min-width: 992px)\" srcset=\"https:\/\/veganuary.com\/wp-content\/uploads\/2020\/10\/other-ways-you-can-help-800x800.jpg, https:\/\/veganuary.com\/wp-content\/uploads\/2020\/10\/other-ways-you-can-help.jpg 2x\">\n\t\t\t\t<source media=\"(min-width: 768px)\" srcset=\"https:\/\/veganuary.com\/wp-content\/uploads\/2020\/10\/other-ways-you-can-help-800x800.jpg, https:\/\/veganuary.com\/wp-content\/uploads\/2020\/10\/other-ways-you-can-help.jpg 2x\">\n\t\t\t\t<source media=\"(min-width: 576px)\" srcset=\"https:\/\/veganuary.com\/wp-content\/uploads\/2020\/10\/other-ways-you-can-help-800x800.jpg, https:\/\/veganuary.com\/wp-content\/uploads\/2020\/10\/other-ways-you-can-help.jpg 2x\">\n\t\t\t\t<source media=\"(max-width: 575px)\" srcset=\"https:\/\/veganuary.com\/wp-content\/uploads\/2020\/10\/other-ways-you-can-help-400x400.jpg, https:\/\/veganuary.com\/wp-content\/uploads\/2020\/10\/other-ways-you-can-help-800x800.jpg 2x\">\n\t\t\t\t<img decoding=\"async\" class=\"pod__img\" src=\"https:\/\/veganuary.com\/wp-content\/uploads\/2020\/10\/other-ways-you-can-help-400x400.jpg\" alt=\"\"><\/picture>\t\t\t\t\t\t<\/div>\n\t\t\t\t\t\t<div class=\"pod__content\">\n\t\t\t\t\t\t\t<h2 class=\"pod__title\">Ayuda de otras formas<\/h2>\n\t\t\t\t\t\t\t<div class=\"pod__excerpt\">\n\t\t\t\t\t\t\t\t\t\t\t\t\t\t\t<\/div>\n\t\t\t\t\t\t\t<div class=\"pod__cta\">Leer m\u00e1s <\/div>\n\t\t\t\t\t\t<\/div>\n\t\t\t\t\t<\/div>\n\t\t\t\t<\/a>\n\t\t\t<\/div>\n\n\t\t\t\n<\/div>\n<\/div><\/div>\n","protected":false},"excerpt":{"rendered":"<p>Desde peque\u00f1os actos cotidianos hasta grandes desaf\u00edos, aqu\u00ed puedes encontrar tu forma de ayudar a los animales y el planeta.<\/p>\n","protected":false},"author":70,"featured_media":184564,"parent":0,"menu_order":50,"comment_status":"closed","ping_status":"closed","template":"","meta":{"_acf_changed":false,"_coblocks_attr":"","_coblocks_dimensions":"","_coblocks_responsive_height":"","_coblocks_accordion_ie_support":"","footnotes":""},"class_list":["post-184562","page","type-page","status-publish","has-post-thumbnail","hentry"],"acf":[],"yoast_head":"<!-- This site is optimized with the Yoast SEO plugin v27.4 - https:\/\/yoast.com\/product\/yoast-seo-wordpress\/ -->\n<title>Invol\u00facrate | Veganuary<\/title>\n<meta name=\"description\" content=\"Crea un mundo m\u00e1s amable y un planeta m\u00e1s sano\" \/>\n<meta name=\"robots\" content=\"index, follow, max-snippet:-1, max-image-preview:large, max-video-preview:-1\" \/>\n<link rel=\"canonical\" href=\"https:\/\/veganuary.com\/es-es\/involucrate\/\" \/>\n<meta property=\"og:locale\" content=\"es_ES\" \/>\n<meta property=\"og:type\" content=\"article\" \/>\n<meta property=\"og:title\" content=\"Invol\u00facrate | Veganuary\" \/>\n<meta property=\"og:description\" content=\"Crea un mundo m\u00e1s amable y un planeta m\u00e1s sano\" \/>\n<meta property=\"og:url\" content=\"https:\/\/veganuary.com\/es-es\/involucrate\/\" \/>\n<meta property=\"og:site_name\" content=\"Veganuary\" \/>\n<meta property=\"article:publisher\" content=\"https:\/\/www.facebook.com\/Veganuary\/\" \/>\n<meta property=\"article:modified_time\" content=\"2023-08-23T12:37:52+00:00\" \/>\n<meta property=\"og:image\" content=\"https:\/\/veganuary.com\/wp-content\/uploads\/2020\/09\/social-media.jpg\" \/>\n\t<meta property=\"og:image:width\" content=\"1200\" \/>\n\t<meta property=\"og:image:height\" content=\"1200\" \/>\n\t<meta property=\"og:image:type\" content=\"image\/jpeg\" \/>\n<meta name=\"twitter:card\" content=\"summary_large_image\" \/>\n<meta name=\"twitter:site\" content=\"@veganuary\" \/>\n<meta name=\"twitter:label1\" content=\"Tiempo de lectura\" \/>\n\t<meta name=\"twitter:data1\" content=\"1 minuto\" \/>\n<script type=\"application\/ld+json\" class=\"yoast-schema-graph\">{\"@context\":\"https:\\\/\\\/schema.org\",\"@graph\":[{\"@type\":\"WebPage\",\"@id\":\"https:\\\/\\\/veganuary.com\\\/es-es\\\/involucrate\\\/\",\"url\":\"https:\\\/\\\/veganuary.com\\\/es-es\\\/involucrate\\\/\",\"name\":\"Invol\u00facrate | Veganuary\",\"isPartOf\":{\"@id\":\"https:\\\/\\\/veganuary.com\\\/es-es\\\/#website\"},\"primaryImageOfPage\":{\"@id\":\"https:\\\/\\\/veganuary.com\\\/es-es\\\/involucrate\\\/#primaryimage\"},\"image\":{\"@id\":\"https:\\\/\\\/veganuary.com\\\/es-es\\\/involucrate\\\/#primaryimage\"},\"thumbnailUrl\":\"https:\\\/\\\/veganuary.com\\\/wp-content\\\/uploads\\\/2020\\\/09\\\/social-media.jpg\",\"datePublished\":\"2020-08-06T07:47:06+00:00\",\"dateModified\":\"2023-08-23T12:37:52+00:00\",\"description\":\"Crea un mundo m\u00e1s amable y un planeta m\u00e1s sano\",\"breadcrumb\":{\"@id\":\"https:\\\/\\\/veganuary.com\\\/es-es\\\/involucrate\\\/#breadcrumb\"},\"inLanguage\":\"es\",\"potentialAction\":[{\"@type\":\"ReadAction\",\"target\":[\"https:\\\/\\\/veganuary.com\\\/es-es\\\/involucrate\\\/\"]}]},{\"@type\":\"ImageObject\",\"inLanguage\":\"es\",\"@id\":\"https:\\\/\\\/veganuary.com\\\/es-es\\\/involucrate\\\/#primaryimage\",\"url\":\"https:\\\/\\\/veganuary.com\\\/wp-content\\\/uploads\\\/2020\\\/09\\\/social-media.jpg\",\"contentUrl\":\"https:\\\/\\\/veganuary.com\\\/wp-content\\\/uploads\\\/2020\\\/09\\\/social-media.jpg\",\"width\":1200,\"height\":1200},{\"@type\":\"BreadcrumbList\",\"@id\":\"https:\\\/\\\/veganuary.com\\\/es-es\\\/involucrate\\\/#breadcrumb\",\"itemListElement\":[{\"@type\":\"ListItem\",\"position\":1,\"name\":\"Home\",\"item\":\"https:\\\/\\\/veganuary.com\\\/es-es\\\/\"},{\"@type\":\"ListItem\",\"position\":2,\"name\":\"\u00danete\"}]},{\"@type\":\"WebSite\",\"@id\":\"https:\\\/\\\/veganuary.com\\\/es-es\\\/#website\",\"url\":\"https:\\\/\\\/veganuary.com\\\/es-es\\\/\",\"name\":\"Veganuary\",\"description\":\"The website for Veganuary\",\"publisher\":{\"@id\":\"https:\\\/\\\/veganuary.com\\\/es-es\\\/#organization\"},\"potentialAction\":[{\"@type\":\"SearchAction\",\"target\":{\"@type\":\"EntryPoint\",\"urlTemplate\":\"https:\\\/\\\/veganuary.com\\\/es-es\\\/?s={search_term_string}\"},\"query-input\":{\"@type\":\"PropertyValueSpecification\",\"valueRequired\":true,\"valueName\":\"search_term_string\"}}],\"inLanguage\":\"es\"},{\"@type\":\"Organization\",\"@id\":\"https:\\\/\\\/veganuary.com\\\/es-es\\\/#organization\",\"name\":\"Veganuary\",\"url\":\"https:\\\/\\\/veganuary.com\\\/es-es\\\/\",\"logo\":{\"@type\":\"ImageObject\",\"inLanguage\":\"es\",\"@id\":\"https:\\\/\\\/veganuary.com\\\/es-es\\\/#\\\/schema\\\/logo\\\/image\\\/\",\"url\":\"https:\\\/\\\/veganuary.com\\\/wp-content\\\/uploads\\\/2020\\\/11\\\/135-veganuary-animals-icon-transparent-rgb.png\",\"contentUrl\":\"https:\\\/\\\/veganuary.com\\\/wp-content\\\/uploads\\\/2020\\\/11\\\/135-veganuary-animals-icon-transparent-rgb.png\",\"width\":135,\"height\":135,\"caption\":\"Veganuary\"},\"image\":{\"@id\":\"https:\\\/\\\/veganuary.com\\\/es-es\\\/#\\\/schema\\\/logo\\\/image\\\/\"},\"sameAs\":[\"https:\\\/\\\/www.facebook.com\\\/Veganuary\\\/\",\"https:\\\/\\\/x.com\\\/veganuary\",\"https:\\\/\\\/www.instagram.com\\\/weareveganuary\\\/\",\"https:\\\/\\\/www.linkedin.com\\\/company\\\/veganuary-limited\",\"https:\\\/\\\/www.pinterest.co.uk\\\/Veganuary\\\/\",\"https:\\\/\\\/www.youtube.com\\\/channel\\\/UCGDLtGanlPZLidEGP2N39CA\",\"https:\\\/\\\/en.wikipedia.org\\\/wiki\\\/Veganuary\"]}]}<\/script>\n<!-- \/ Yoast SEO plugin. -->","yoast_head_json":{"title":"Invol\u00facrate | Veganuary","description":"Crea un mundo m\u00e1s amable y un planeta m\u00e1s sano","robots":{"index":"index","follow":"follow","max-snippet":"max-snippet:-1","max-image-preview":"max-image-preview:large","max-video-preview":"max-video-preview:-1"},"canonical":"https:\/\/veganuary.com\/es-es\/involucrate\/","og_locale":"es_ES","og_type":"article","og_title":"Invol\u00facrate | Veganuary","og_description":"Crea un mundo m\u00e1s amable y un planeta m\u00e1s sano","og_url":"https:\/\/veganuary.com\/es-es\/involucrate\/","og_site_name":"Veganuary","article_publisher":"https:\/\/www.facebook.com\/Veganuary\/","article_modified_time":"2023-08-23T12:37:52+00:00","og_image":[{"width":1200,"height":1200,"url":"https:\/\/veganuary.com\/wp-content\/uploads\/2020\/09\/social-media.jpg","type":"image\/jpeg"}],"twitter_card":"summary_large_image","twitter_site":"@veganuary","twitter_misc":{"Tiempo de lectura":"1 minuto"},"schema":{"@context":"https:\/\/schema.org","@graph":[{"@type":"WebPage","@id":"https:\/\/veganuary.com\/es-es\/involucrate\/","url":"https:\/\/veganuary.com\/es-es\/involucrate\/","name":"Invol\u00facrate | Veganuary","isPartOf":{"@id":"https:\/\/veganuary.com\/es-es\/#website"},"primaryImageOfPage":{"@id":"https:\/\/veganuary.com\/es-es\/involucrate\/#primaryimage"},"image":{"@id":"https:\/\/veganuary.com\/es-es\/involucrate\/#primaryimage"},"thumbnailUrl":"https:\/\/veganuary.com\/wp-content\/uploads\/2020\/09\/social-media.jpg","datePublished":"2020-08-06T07:47:06+00:00","dateModified":"2023-08-23T12:37:52+00:00","description":"Crea un mundo m\u00e1s amable y un planeta m\u00e1s sano","breadcrumb":{"@id":"https:\/\/veganuary.com\/es-es\/involucrate\/#breadcrumb"},"inLanguage":"es","potentialAction":[{"@type":"ReadAction","target":["https:\/\/veganuary.com\/es-es\/involucrate\/"]}]},{"@type":"ImageObject","inLanguage":"es","@id":"https:\/\/veganuary.com\/es-es\/involucrate\/#primaryimage","url":"https:\/\/veganuary.com\/wp-content\/uploads\/2020\/09\/social-media.jpg","contentUrl":"https:\/\/veganuary.com\/wp-content\/uploads\/2020\/09\/social-media.jpg","width":1200,"height":1200},{"@type":"BreadcrumbList","@id":"https:\/\/veganuary.com\/es-es\/involucrate\/#breadcrumb","itemListElement":[{"@type":"ListItem","position":1,"name":"Home","item":"https:\/\/veganuary.com\/es-es\/"},{"@type":"ListItem","position":2,"name":"\u00danete"}]},{"@type":"WebSite","@id":"https:\/\/veganuary.com\/es-es\/#website","url":"https:\/\/veganuary.com\/es-es\/","name":"Veganuary","description":"The website for Veganuary","publisher":{"@id":"https:\/\/veganuary.com\/es-es\/#organization"},"potentialAction":[{"@type":"SearchAction","target":{"@type":"EntryPoint","urlTemplate":"https:\/\/veganuary.com\/es-es\/?s={search_term_string}"},"query-input":{"@type":"PropertyValueSpecification","valueRequired":true,"valueName":"search_term_string"}}],"inLanguage":"es"},{"@type":"Organization","@id":"https:\/\/veganuary.com\/es-es\/#organization","name":"Veganuary","url":"https:\/\/veganuary.com\/es-es\/","logo":{"@type":"ImageObject","inLanguage":"es","@id":"https:\/\/veganuary.com\/es-es\/#\/schema\/logo\/image\/","url":"https:\/\/veganuary.com\/wp-content\/uploads\/2020\/11\/135-veganuary-animals-icon-transparent-rgb.png","contentUrl":"https:\/\/veganuary.com\/wp-content\/uploads\/2020\/11\/135-veganuary-animals-icon-transparent-rgb.png","width":135,"height":135,"caption":"Veganuary"},"image":{"@id":"https:\/\/veganuary.com\/es-es\/#\/schema\/logo\/image\/"},"sameAs":["https:\/\/www.facebook.com\/Veganuary\/","https:\/\/x.com\/veganuary","https:\/\/www.instagram.com\/weareveganuary\/","https:\/\/www.linkedin.com\/company\/veganuary-limited","https:\/\/www.pinterest.co.uk\/Veganuary\/","https:\/\/www.youtube.com\/channel\/UCGDLtGanlPZLidEGP2N39CA","https:\/\/en.wikipedia.org\/wiki\/Veganuary"]}]}},"_links":{"self":[{"href":"https:\/\/veganuary.com\/es-es\/wp-json\/wp\/v2\/pages\/184562","targetHints":{"allow":["GET"]}}],"collection":[{"href":"https:\/\/veganuary.com\/es-es\/wp-json\/wp\/v2\/pages"}],"about":[{"href":"https:\/\/veganuary.com\/es-es\/wp-json\/wp\/v2\/types\/page"}],"author":[{"embeddable":true,"href":"https:\/\/veganuary.com\/es-es\/wp-json\/wp\/v2\/users\/70"}],"replies":[{"embeddable":true,"href":"https:\/\/veganuary.com\/es-es\/wp-json\/wp\/v2\/comments?post=184562"}],"version-history":[{"count":0,"href":"https:\/\/veganuary.com\/es-es\/wp-json\/wp\/v2\/pages\/184562\/revisions"}],"wp:featuredmedia":[{"embeddable":true,"href":"https:\/\/veganuary.com\/es-es\/wp-json\/wp\/v2\/media\/184564"}],"wp:attachment":[{"href":"https:\/\/veganuary.com\/es-es\/wp-json\/wp\/v2\/media?parent=184562"}],"curies":[{"name":"wp","href":"https:\/\/api.w.org\/{rel}","templated":true}]}}