{"id":184573,"date":"2020-08-28T10:35:58","date_gmt":"2020-08-28T09:35:58","guid":{"rendered":"https:\/\/veganuary.com\/involucrate\/otras-formas-de-ayudar\/"},"modified":"2023-09-26T06:43:01","modified_gmt":"2023-09-26T05:43:01","slug":"otras-formas-de-ayudar","status":"publish","type":"page","link":"https:\/\/veganuary.com\/es-es\/involucrate\/otras-formas-de-ayudar\/","title":{"rendered":"Otras formas de ayudar"},"content":{"rendered":"\n<div class=\"hero\">\n\t<div class=\"hero__overlay\">\n\t\t<div class=\"hero__content\">\n\t\t\t<div class=\"container\">\n\t\t\t\t<div class=\"row\">\n\t\t\t\t\t<div class=\"col-md-10 offset-md-1 col-lg-8 offset-lg-2 col-xl-6 offset-xl-3\">\n\n\t\t\t\t\t\t<h1 class=\"hero__title\">Otras formas de ayudar<\/h1>\n\n\t\t\t\t\t\t\t\t\t\t\t\t\t<div class=\"hero__icon\">\n\t\t\t\t\t\t\t\t<img decoding=\"async\" class=\"hero__icon__img\" src=\"https:\/\/veganuary.com\/wp-content\/themes\/veganuary\/assets\/img\/veganuary-icon-orange.svg\" alt=\"\">\n\t\t\t\t\t\t\t<\/div>\n\n\t\t\t\t\t\t\t<p class=\"hero__subtitle\">\u00a1Juntos somos m\u00e1s fuertes!<\/p>\n\t\t\t\t\t\t\n\t\t\t\t\t<\/div>\n\t\t\t\t<\/div>\n\t\t\t<\/div>\n\t\t<\/div>\n\t<\/div>\n\n\t<div class=\"hero__figure\">\n\t\t<picture class=\"hero__picture\">\n\t\t\t\t<source media=\"(min-width: 992px)\" srcset=\"https:\/\/veganuary.com\/wp-content\/uploads\/2020\/09\/other-ways-you-can-help-hero-1200x800.jpg, https:\/\/veganuary.com\/wp-content\/uploads\/2020\/09\/other-ways-you-can-help-hero-1800x1200.jpg 2x\">\n\t\t\t\t<source media=\"(min-width: 768px)\" srcset=\"https:\/\/veganuary.com\/wp-content\/uploads\/2020\/09\/other-ways-you-can-help-hero-800x533.jpg, https:\/\/veganuary.com\/wp-content\/uploads\/2020\/09\/other-ways-you-can-help-hero-1800x1200.jpg 2x\">\n\t\t\t\t<source media=\"(min-width: 576px)\" srcset=\"https:\/\/veganuary.com\/wp-content\/uploads\/2020\/09\/other-ways-you-can-help-hero-800x533.jpg, https:\/\/veganuary.com\/wp-content\/uploads\/2020\/09\/other-ways-you-can-help-hero-1200x800.jpg 2x\">\n\t\t\t\t<source media=\"(max-width: 575px)\" srcset=\"https:\/\/veganuary.com\/wp-content\/uploads\/2020\/09\/other-ways-you-can-help-hero-400x267.jpg, https:\/\/veganuary.com\/wp-content\/uploads\/2020\/09\/other-ways-you-can-help-hero-800x533.jpg 2x\">\n\t\t\t\t<img decoding=\"async\" class=\"hero__img\" src=\"https:\/\/veganuary.com\/wp-content\/uploads\/2020\/09\/other-ways-you-can-help-hero-400x267.jpg\" alt=\"Other ways you can help\"><\/picture>\t<\/div>\n\n<\/div>\n\n\n\n<div class=\"wp-block-group has-white-background-color has-background\"><div class=\"wp-block-group__inner-container is-layout-flow wp-block-group-is-layout-flow\">\n<h2 class=\"wp-block-heading\">\u00daNETE A Veganuary<\/h2>\n\n\n\n<p class=\"has-medium-font-size\"><\/p>\n\n\n\n<p>Todas las personas que se unen a Veganuary reciben durante un mes todo lo necesario para dar sus primeros pasos en el veganismo: recetas, consejos, informaci\u00f3n nutricional, ideas e inspiraci\u00f3n. Al registrarte, llegas a una comunidad mundial de gente que est\u00e1 explorando el veganismo, buscan cuidar su salud, proteger a los animales o reducir el impacto global. Es una comunidad maravillosamente inspiradora que ofrece apoyo, consejos y amistad. Si est\u00e1s participando, \u00bfpor qu\u00e9 no animar a la familia, amigos y colegas a unirse tambi\u00e9n? \u00a1Es gratis y todo el mundo es bienvenido!<br><br><br><br><\/p>\n\n\n\n<div class=\"wp-block-buttons is-layout-flex wp-block-buttons-is-layout-flex\">\n<div class=\"wp-block-button is-style-fill\"><a class=\"wp-block-button__link wp-element-button\" href=\"https:\/\/veganuary.com\/es-es\/involucrate\/\">Inscr\u00edbete<\/a><\/div>\n<\/div>\n\n\n\n<h2 class=\"wp-block-heading\">S\u00edguenos en las redes sociales<\/h2>\n\n\n\n<p>S\u00edguenos para ver ideas de recetas, historias inspiradoras, novedades y noticias. Comparte nuestras publicaciones, etiqueta amigos y \u00fanete a las conversaciones. Nos puedes encontrar en:<\/p>\n\n\n<div class=\"wp-block-social wp-block--narrow\"><\/div>\n\n\n\n<figure class=\"wp-block-gallery has-nested-images columns-default is-cropped wp-block-gallery-1 is-layout-flex wp-block-gallery-is-layout-flex\">\n<figure class=\"wp-block-image size-large\"><img fetchpriority=\"high\" decoding=\"async\" width=\"1200\" height=\"1200\" data-id=\"2930\" src=\"https:\/\/veganuary.com\/wp-content\/uploads\/2020\/09\/social-media.jpg\" alt=\"\" class=\"wp-image-2930\" srcset=\"https:\/\/veganuary.com\/wp-content\/uploads\/2020\/09\/social-media.jpg 1200w, https:\/\/veganuary.com\/wp-content\/uploads\/2020\/09\/social-media-400x400.jpg 400w, https:\/\/veganuary.com\/wp-content\/uploads\/2020\/09\/social-media-768x768.jpg 768w, https:\/\/veganuary.com\/wp-content\/uploads\/2020\/09\/social-media-800x800.jpg 800w\" sizes=\"(max-width: 1200px) 100vw, 1200px\" \/><\/figure>\n\n\n\n<figure class=\"wp-block-image size-large\"><img decoding=\"async\" width=\"1160\" height=\"773\" data-id=\"105255\" src=\"https:\/\/veganuary.com\/wp-content\/uploads\/2021\/03\/Veganuary-Other-Ways-You-Can-Help.jpg\" alt=\"\" class=\"wp-image-105255\" srcset=\"https:\/\/veganuary.com\/wp-content\/uploads\/2021\/03\/Veganuary-Other-Ways-You-Can-Help.jpg 1160w, https:\/\/veganuary.com\/wp-content\/uploads\/2021\/03\/Veganuary-Other-Ways-You-Can-Help-400x267.jpg 400w, https:\/\/veganuary.com\/wp-content\/uploads\/2021\/03\/Veganuary-Other-Ways-You-Can-Help-768x512.jpg 768w, https:\/\/veganuary.com\/wp-content\/uploads\/2021\/03\/Veganuary-Other-Ways-You-Can-Help-800x533.jpg 800w\" sizes=\"(max-width: 1160px) 100vw, 1160px\" \/><\/figure>\n<\/figure>\n\n\n\n<h2 class=\"wp-block-heading\">Cuenta tu experiencia<\/h2>\n\n\n\n<p>Veganuary trabaja con medios de comunicaci\u00f3n de todo el mundo y nos encanta compartir buenas noticias. Si Veganuary o el veganismo ha cambiado tu vida, \u00a1nos encantar\u00eda saberlo! Env\u00edanos un correo electr\u00f3nico a <a href=\"mailto:m&#101;&#100;i&#097;&#064;v&#101;ga&#110;&#117;ary.c&#111;m\">m&#101;&#100;i&#097;&#064;v&#101;ga&#110;&#117;ary.c&#111;m<\/a>.<\/p>\n\n\n\n<p>O puedes contar tu experiencia directamente a trav\u00e9s de tus canales. \u00a1Crea tus propias publicaciones en redes sociales y no olvides mencionarnos!<\/p>\n\n\n\n<p>Y si ves una noticia vegana positiva, comp\u00e1rtela y deja un comentario. Si ves una noticia negativa, entra y cu\u00e9ntale al mundo tu propia experiencia.<\/p>\n\n\n\n<h2 class=\"wp-block-heading\">hAZ CRECER EL MOVIMIENTO<\/h2>\n\n\n\n<p>Si ya has probado el reto o llevas tiempo en el veganismo&#8230;\u00a1haz crecer el movimiento Veganuary! Tambi\u00e9n puedes difundir la campa\u00f1a en tus redes sociales, en tus grupos de Whatsapp, a trav\u00e9s de tu trabajo o por los medios que tengas a tu alcance. \u00a1Hagamos que el movimiento Veganuary siga creciendo!<\/p>\n<\/div><\/div>\n","protected":false},"excerpt":{"rendered":"<p>\u00daNETE A Veganuary Todas las personas que se unen a Veganuary reciben durante un mes todo lo necesario para dar&hellip;<\/p>\n","protected":false},"author":70,"featured_media":184575,"parent":184562,"menu_order":58,"comment_status":"closed","ping_status":"closed","template":"","meta":{"_acf_changed":false,"_coblocks_attr":"","_coblocks_dimensions":"","_coblocks_responsive_height":"","_coblocks_accordion_ie_support":"","footnotes":""},"class_list":["post-184573","page","type-page","status-publish","has-post-thumbnail","hentry"],"acf":[],"yoast_head":"<!-- This site is optimized with the Yoast SEO plugin v27.4 - https:\/\/yoast.com\/product\/yoast-seo-wordpress\/ -->\n<title>Otras formas de ayudar | Veganuary<\/title>\n<meta name=\"description\" content=\"\u00a1Juntos somos m\u00e1s fuertes!\" \/>\n<meta name=\"robots\" content=\"index, follow, max-snippet:-1, max-image-preview:large, max-video-preview:-1\" \/>\n<link rel=\"canonical\" href=\"https:\/\/veganuary.com\/es-es\/involucrate\/otras-formas-de-ayudar\/\" \/>\n<meta property=\"og:locale\" content=\"es_ES\" \/>\n<meta property=\"og:type\" content=\"article\" \/>\n<meta property=\"og:title\" content=\"Otras formas de ayudar | Veganuary\" \/>\n<meta property=\"og:description\" content=\"\u00a1Juntos somos m\u00e1s fuertes!\" \/>\n<meta property=\"og:url\" content=\"https:\/\/veganuary.com\/es-es\/involucrate\/otras-formas-de-ayudar\/\" \/>\n<meta property=\"og:site_name\" content=\"Veganuary\" \/>\n<meta property=\"article:publisher\" content=\"https:\/\/www.facebook.com\/Veganuary\/\" \/>\n<meta property=\"article:modified_time\" content=\"2023-09-26T05:43:01+00:00\" \/>\n<meta property=\"og:image\" content=\"https:\/\/veganuary.com\/wp-content\/uploads\/2020\/09\/other-ways-you-can-help-hero.jpg\" \/>\n\t<meta property=\"og:image:width\" content=\"2400\" \/>\n\t<meta property=\"og:image:height\" content=\"1600\" \/>\n\t<meta property=\"og:image:type\" content=\"image\/jpeg\" \/>\n<meta name=\"twitter:card\" content=\"summary_large_image\" \/>\n<meta name=\"twitter:site\" content=\"@veganuary\" \/>\n<meta name=\"twitter:label1\" content=\"Tiempo de lectura\" \/>\n\t<meta name=\"twitter:data1\" content=\"2 minutos\" \/>\n<script type=\"application\/ld+json\" class=\"yoast-schema-graph\">{\"@context\":\"https:\\\/\\\/schema.org\",\"@graph\":[{\"@type\":\"WebPage\",\"@id\":\"https:\\\/\\\/veganuary.com\\\/es-es\\\/involucrate\\\/otras-formas-de-ayudar\\\/\",\"url\":\"https:\\\/\\\/veganuary.com\\\/es-es\\\/involucrate\\\/otras-formas-de-ayudar\\\/\",\"name\":\"Otras formas de ayudar | Veganuary\",\"isPartOf\":{\"@id\":\"https:\\\/\\\/veganuary.com\\\/es-es\\\/#website\"},\"primaryImageOfPage\":{\"@id\":\"https:\\\/\\\/veganuary.com\\\/es-es\\\/involucrate\\\/otras-formas-de-ayudar\\\/#primaryimage\"},\"image\":{\"@id\":\"https:\\\/\\\/veganuary.com\\\/es-es\\\/involucrate\\\/otras-formas-de-ayudar\\\/#primaryimage\"},\"thumbnailUrl\":\"https:\\\/\\\/veganuary.com\\\/wp-content\\\/uploads\\\/2020\\\/09\\\/other-ways-you-can-help-hero.jpg\",\"datePublished\":\"2020-08-28T09:35:58+00:00\",\"dateModified\":\"2023-09-26T05:43:01+00:00\",\"description\":\"\u00a1Juntos somos m\u00e1s fuertes!\",\"breadcrumb\":{\"@id\":\"https:\\\/\\\/veganuary.com\\\/es-es\\\/involucrate\\\/otras-formas-de-ayudar\\\/#breadcrumb\"},\"inLanguage\":\"es\",\"potentialAction\":[{\"@type\":\"ReadAction\",\"target\":[\"https:\\\/\\\/veganuary.com\\\/es-es\\\/involucrate\\\/otras-formas-de-ayudar\\\/\"]}]},{\"@type\":\"ImageObject\",\"inLanguage\":\"es\",\"@id\":\"https:\\\/\\\/veganuary.com\\\/es-es\\\/involucrate\\\/otras-formas-de-ayudar\\\/#primaryimage\",\"url\":\"https:\\\/\\\/veganuary.com\\\/wp-content\\\/uploads\\\/2020\\\/09\\\/other-ways-you-can-help-hero.jpg\",\"contentUrl\":\"https:\\\/\\\/veganuary.com\\\/wp-content\\\/uploads\\\/2020\\\/09\\\/other-ways-you-can-help-hero.jpg\",\"width\":2400,\"height\":1600,\"caption\":\"Other ways you can help\"},{\"@type\":\"BreadcrumbList\",\"@id\":\"https:\\\/\\\/veganuary.com\\\/es-es\\\/involucrate\\\/otras-formas-de-ayudar\\\/#breadcrumb\",\"itemListElement\":[{\"@type\":\"ListItem\",\"position\":1,\"name\":\"Home\",\"item\":\"https:\\\/\\\/veganuary.com\\\/es-es\\\/\"},{\"@type\":\"ListItem\",\"position\":2,\"name\":\"\u00danete\",\"item\":\"https:\\\/\\\/veganuary.com\\\/es-es\\\/involucrate\\\/\"},{\"@type\":\"ListItem\",\"position\":3,\"name\":\"Otras formas de ayudar\"}]},{\"@type\":\"WebSite\",\"@id\":\"https:\\\/\\\/veganuary.com\\\/es-es\\\/#website\",\"url\":\"https:\\\/\\\/veganuary.com\\\/es-es\\\/\",\"name\":\"Veganuary\",\"description\":\"The website for Veganuary\",\"publisher\":{\"@id\":\"https:\\\/\\\/veganuary.com\\\/es-es\\\/#organization\"},\"potentialAction\":[{\"@type\":\"SearchAction\",\"target\":{\"@type\":\"EntryPoint\",\"urlTemplate\":\"https:\\\/\\\/veganuary.com\\\/es-es\\\/?s={search_term_string}\"},\"query-input\":{\"@type\":\"PropertyValueSpecification\",\"valueRequired\":true,\"valueName\":\"search_term_string\"}}],\"inLanguage\":\"es\"},{\"@type\":\"Organization\",\"@id\":\"https:\\\/\\\/veganuary.com\\\/es-es\\\/#organization\",\"name\":\"Veganuary\",\"url\":\"https:\\\/\\\/veganuary.com\\\/es-es\\\/\",\"logo\":{\"@type\":\"ImageObject\",\"inLanguage\":\"es\",\"@id\":\"https:\\\/\\\/veganuary.com\\\/es-es\\\/#\\\/schema\\\/logo\\\/image\\\/\",\"url\":\"https:\\\/\\\/veganuary.com\\\/wp-content\\\/uploads\\\/2020\\\/11\\\/135-veganuary-animals-icon-transparent-rgb.png\",\"contentUrl\":\"https:\\\/\\\/veganuary.com\\\/wp-content\\\/uploads\\\/2020\\\/11\\\/135-veganuary-animals-icon-transparent-rgb.png\",\"width\":135,\"height\":135,\"caption\":\"Veganuary\"},\"image\":{\"@id\":\"https:\\\/\\\/veganuary.com\\\/es-es\\\/#\\\/schema\\\/logo\\\/image\\\/\"},\"sameAs\":[\"https:\\\/\\\/www.facebook.com\\\/Veganuary\\\/\",\"https:\\\/\\\/x.com\\\/veganuary\",\"https:\\\/\\\/www.instagram.com\\\/weareveganuary\\\/\",\"https:\\\/\\\/www.linkedin.com\\\/company\\\/veganuary-limited\",\"https:\\\/\\\/www.pinterest.co.uk\\\/Veganuary\\\/\",\"https:\\\/\\\/www.youtube.com\\\/channel\\\/UCGDLtGanlPZLidEGP2N39CA\",\"https:\\\/\\\/en.wikipedia.org\\\/wiki\\\/Veganuary\"]}]}<\/script>\n<!-- \/ Yoast SEO plugin. -->","yoast_head_json":{"title":"Otras formas de ayudar | Veganuary","description":"\u00a1Juntos somos m\u00e1s fuertes!","robots":{"index":"index","follow":"follow","max-snippet":"max-snippet:-1","max-image-preview":"max-image-preview:large","max-video-preview":"max-video-preview:-1"},"canonical":"https:\/\/veganuary.com\/es-es\/involucrate\/otras-formas-de-ayudar\/","og_locale":"es_ES","og_type":"article","og_title":"Otras formas de ayudar | Veganuary","og_description":"\u00a1Juntos somos m\u00e1s fuertes!","og_url":"https:\/\/veganuary.com\/es-es\/involucrate\/otras-formas-de-ayudar\/","og_site_name":"Veganuary","article_publisher":"https:\/\/www.facebook.com\/Veganuary\/","article_modified_time":"2023-09-26T05:43:01+00:00","og_image":[{"width":2400,"height":1600,"url":"https:\/\/veganuary.com\/wp-content\/uploads\/2020\/09\/other-ways-you-can-help-hero.jpg","type":"image\/jpeg"}],"twitter_card":"summary_large_image","twitter_site":"@veganuary","twitter_misc":{"Tiempo de lectura":"2 minutos"},"schema":{"@context":"https:\/\/schema.org","@graph":[{"@type":"WebPage","@id":"https:\/\/veganuary.com\/es-es\/involucrate\/otras-formas-de-ayudar\/","url":"https:\/\/veganuary.com\/es-es\/involucrate\/otras-formas-de-ayudar\/","name":"Otras formas de ayudar | Veganuary","isPartOf":{"@id":"https:\/\/veganuary.com\/es-es\/#website"},"primaryImageOfPage":{"@id":"https:\/\/veganuary.com\/es-es\/involucrate\/otras-formas-de-ayudar\/#primaryimage"},"image":{"@id":"https:\/\/veganuary.com\/es-es\/involucrate\/otras-formas-de-ayudar\/#primaryimage"},"thumbnailUrl":"https:\/\/veganuary.com\/wp-content\/uploads\/2020\/09\/other-ways-you-can-help-hero.jpg","datePublished":"2020-08-28T09:35:58+00:00","dateModified":"2023-09-26T05:43:01+00:00","description":"\u00a1Juntos somos m\u00e1s fuertes!","breadcrumb":{"@id":"https:\/\/veganuary.com\/es-es\/involucrate\/otras-formas-de-ayudar\/#breadcrumb"},"inLanguage":"es","potentialAction":[{"@type":"ReadAction","target":["https:\/\/veganuary.com\/es-es\/involucrate\/otras-formas-de-ayudar\/"]}]},{"@type":"ImageObject","inLanguage":"es","@id":"https:\/\/veganuary.com\/es-es\/involucrate\/otras-formas-de-ayudar\/#primaryimage","url":"https:\/\/veganuary.com\/wp-content\/uploads\/2020\/09\/other-ways-you-can-help-hero.jpg","contentUrl":"https:\/\/veganuary.com\/wp-content\/uploads\/2020\/09\/other-ways-you-can-help-hero.jpg","width":2400,"height":1600,"caption":"Other ways you can help"},{"@type":"BreadcrumbList","@id":"https:\/\/veganuary.com\/es-es\/involucrate\/otras-formas-de-ayudar\/#breadcrumb","itemListElement":[{"@type":"ListItem","position":1,"name":"Home","item":"https:\/\/veganuary.com\/es-es\/"},{"@type":"ListItem","position":2,"name":"\u00danete","item":"https:\/\/veganuary.com\/es-es\/involucrate\/"},{"@type":"ListItem","position":3,"name":"Otras formas de ayudar"}]},{"@type":"WebSite","@id":"https:\/\/veganuary.com\/es-es\/#website","url":"https:\/\/veganuary.com\/es-es\/","name":"Veganuary","description":"The website for Veganuary","publisher":{"@id":"https:\/\/veganuary.com\/es-es\/#organization"},"potentialAction":[{"@type":"SearchAction","target":{"@type":"EntryPoint","urlTemplate":"https:\/\/veganuary.com\/es-es\/?s={search_term_string}"},"query-input":{"@type":"PropertyValueSpecification","valueRequired":true,"valueName":"search_term_string"}}],"inLanguage":"es"},{"@type":"Organization","@id":"https:\/\/veganuary.com\/es-es\/#organization","name":"Veganuary","url":"https:\/\/veganuary.com\/es-es\/","logo":{"@type":"ImageObject","inLanguage":"es","@id":"https:\/\/veganuary.com\/es-es\/#\/schema\/logo\/image\/","url":"https:\/\/veganuary.com\/wp-content\/uploads\/2020\/11\/135-veganuary-animals-icon-transparent-rgb.png","contentUrl":"https:\/\/veganuary.com\/wp-content\/uploads\/2020\/11\/135-veganuary-animals-icon-transparent-rgb.png","width":135,"height":135,"caption":"Veganuary"},"image":{"@id":"https:\/\/veganuary.com\/es-es\/#\/schema\/logo\/image\/"},"sameAs":["https:\/\/www.facebook.com\/Veganuary\/","https:\/\/x.com\/veganuary","https:\/\/www.instagram.com\/weareveganuary\/","https:\/\/www.linkedin.com\/company\/veganuary-limited","https:\/\/www.pinterest.co.uk\/Veganuary\/","https:\/\/www.youtube.com\/channel\/UCGDLtGanlPZLidEGP2N39CA","https:\/\/en.wikipedia.org\/wiki\/Veganuary"]}]}},"_links":{"self":[{"href":"https:\/\/veganuary.com\/es-es\/wp-json\/wp\/v2\/pages\/184573","targetHints":{"allow":["GET"]}}],"collection":[{"href":"https:\/\/veganuary.com\/es-es\/wp-json\/wp\/v2\/pages"}],"about":[{"href":"https:\/\/veganuary.com\/es-es\/wp-json\/wp\/v2\/types\/page"}],"author":[{"embeddable":true,"href":"https:\/\/veganuary.com\/es-es\/wp-json\/wp\/v2\/users\/70"}],"replies":[{"embeddable":true,"href":"https:\/\/veganuary.com\/es-es\/wp-json\/wp\/v2\/comments?post=184573"}],"version-history":[{"count":0,"href":"https:\/\/veganuary.com\/es-es\/wp-json\/wp\/v2\/pages\/184573\/revisions"}],"up":[{"embeddable":true,"href":"https:\/\/veganuary.com\/es-es\/wp-json\/wp\/v2\/pages\/184562"}],"wp:featuredmedia":[{"embeddable":true,"href":"https:\/\/veganuary.com\/es-es\/wp-json\/wp\/v2\/media\/184575"}],"wp:attachment":[{"href":"https:\/\/veganuary.com\/es-es\/wp-json\/wp\/v2\/media?parent=184573"}],"curies":[{"name":"wp","href":"https:\/\/api.w.org\/{rel}","templated":true}]}}