{"id":184577,"date":"2020-08-06T08:50:14","date_gmt":"2020-08-06T07:50:14","guid":{"rendered":"https:\/\/veganuary.com\/trabajos\/"},"modified":"2025-03-13T09:40:23","modified_gmt":"2025-03-13T09:40:23","slug":"trabajos","status":"publish","type":"page","link":"https:\/\/veganuary.com\/es-es\/nosotros\/trabajos\/","title":{"rendered":"Empleos"},"content":{"rendered":"\n<div class=\"hero\">\n\t<div class=\"hero__overlay\">\n\t\t<div class=\"hero__content\">\n\t\t\t<div class=\"container\">\n\t\t\t\t<div class=\"row\">\n\t\t\t\t\t<div class=\"col-md-10 offset-md-1 col-lg-8 offset-lg-2 col-xl-6 offset-xl-3\">\n\n\t\t\t\t\t\t<h1 class=\"hero__title\">\u00a1ESTAMOS CONTRATANDO!<\/h1>\n\n\t\t\t\t\t\t\t\t\t\t\t\t\t<div class=\"hero__icon\">\n\t\t\t\t\t\t\t\t<img decoding=\"async\" class=\"hero__icon__img\" src=\"https:\/\/veganuary.com\/wp-content\/themes\/veganuary\/assets\/img\/veganuary-icon-orange.svg\" alt=\"\">\n\t\t\t\t\t\t\t<\/div>\n\n\t\t\t\t\t\t\t<p class=\"hero__subtitle\">\u00danete a nuestro equipo y explora nuestros trabajos en Veganuary<\/p>\n\t\t\t\t\t\t\n\t\t\t\t\t<\/div>\n\t\t\t\t<\/div>\n\t\t\t<\/div>\n\t\t<\/div>\n\t<\/div>\n\n\t<div class=\"hero__figure\">\n\t\t<picture class=\"hero__picture\">\n\t\t\t\t<source media=\"(min-width: 992px)\" srcset=\"https:\/\/veganuary.com\/wp-content\/uploads\/2025\/03\/IMGL1116r-Copy-1200x696.jpg, https:\/\/veganuary.com\/wp-content\/uploads\/2025\/03\/IMGL1116r-Copy-1800x1043.jpg 2x\">\n\t\t\t\t<source media=\"(min-width: 768px)\" srcset=\"https:\/\/veganuary.com\/wp-content\/uploads\/2025\/03\/IMGL1116r-Copy-800x464.jpg, https:\/\/veganuary.com\/wp-content\/uploads\/2025\/03\/IMGL1116r-Copy-1800x1043.jpg 2x\">\n\t\t\t\t<source media=\"(min-width: 576px)\" srcset=\"https:\/\/veganuary.com\/wp-content\/uploads\/2025\/03\/IMGL1116r-Copy-800x464.jpg, https:\/\/veganuary.com\/wp-content\/uploads\/2025\/03\/IMGL1116r-Copy-1200x696.jpg 2x\">\n\t\t\t\t<source media=\"(max-width: 575px)\" srcset=\"https:\/\/veganuary.com\/wp-content\/uploads\/2025\/03\/IMGL1116r-Copy-400x232.jpg, https:\/\/veganuary.com\/wp-content\/uploads\/2025\/03\/IMGL1116r-Copy-800x464.jpg 2x\">\n\t\t\t\t<img decoding=\"async\" class=\"hero__img\" src=\"https:\/\/veganuary.com\/wp-content\/uploads\/2025\/03\/IMGL1116r-Copy-400x232.jpg\" alt=\"\"><\/picture>\t<\/div>\n\n<\/div>\n\n\n\n<div class=\"wp-block-group has-white-background-color has-background\"><div class=\"wp-block-group__inner-container is-layout-flow wp-block-group-is-layout-flow\">\n<p class=\"has-medium-font-size\">\u00bfBuscas el siguiente paso en tu carrera? \u00bfQuieres saber que est\u00e1s haciendo una gran diferencia todos los d\u00edas? \u00a1Has venido al lugar correcto!<\/p>\n\n\n\n<p>Estamos buscando personas apasionadas y efectivas que se unan a nosotros para salvar a los animales, reducir el da\u00f1o ambiental y apoyar a cientos de miles de personas para que vivan una vida m\u00e1s saludable!<\/p>\n\n\n\n<div class=\"wp-block-group has-pink-tint-background-color has-background\"><div class=\"wp-block-group__inner-container is-layout-flow wp-block-group-is-layout-flow\">\n\t<div class=\"wp-block-custom\">\n\t\t<ul class=\"card-list\">\n\n\t\t\t<li class=\"card-list__item\">\n\t\t\t<div class=\"card card--job\">\n\t\t\t\t<a class=\"card__link\" href=\"https:\/\/veganuary.com\/es-es\/jobs\/social-media-co-ordinator-freelance-spain\/\">\n\t\t\t\t\t<div class=\"card__block\">\n\t\t\t\t\t\t<h3 class=\"card__block__title\">Social Media Co-ordinator (Freelance, Spain)<\/h3>\n\t\t\t\t\t<\/div>\n\t\t\t\t\t<div class=\"card__content\">\n\t\t\t\t\t\t<div class=\"card__excerpt\">About Veganuary Be part of a small but dynamic organisation that makes headlines in January and throughout the year! Veganuary&hellip;<\/div>\n\t\t\t\t\t\t<div class=\"card__cta card__cta--job\"><\/div>\n\t\t\t\t\t<\/div>\n\t\t\t\t<\/a>\n\t\t\t<\/div>\n\t\t<\/li><li class=\"card-list__item\">\n\t\t\t<div class=\"card card--job\">\n\t\t\t\t<a class=\"card__link\" href=\"https:\/\/veganuary.com\/es-es\/jobs\/interim-director-spain\/\">\n\t\t\t\t\t<div class=\"card__block\">\n\t\t\t\t\t\t<h3 class=\"card__block__title\">Interim director, Spain<\/h3>\n\t\t\t\t\t<\/div>\n\t\t\t\t\t<div class=\"card__content\">\n\t\t\t\t\t\t<div class=\"card__excerpt\">About Veganuary Be part of a small, but dynamic\u202forganisation that makes headlines in January and throughout the year! Veganuary is&hellip;<\/div>\n\t\t\t\t\t\t<div class=\"card__cta card__cta--job\"><\/div>\n\t\t\t\t\t<\/div>\n\t\t\t\t<\/a>\n\t\t\t<\/div>\n\t\t<\/li>\n\t\t<\/ul>\n\t<\/div>\n\n\t<\/div><\/div>\n<\/div><\/div>\n\n\n\n<div class=\"wp-block-group has-white-background-color has-background\"><div class=\"wp-block-group__inner-container is-layout-flow wp-block-group-is-layout-flow\">\n<h2 class=\"wp-block-heading\">SOBRE NOSOTROS<\/h2>\n\n\n\n<p>\u00a1Ser parte de una organizaci\u00f3n que destaca en enero y durante todo el a\u00f1o!<\/p>\n\n\n\n<p>El atractivo de las campa\u00f1as de Veganuary y su enfoque positivo del veganismo, est\u00e1 haciendo una diferencia considerable para los animales, salvando millones de vidas desde nuestro lanzamiento en 2014. El n\u00famero de nuestros participantes contin\u00faa creciendo exponencialmente, as\u00ed como nuestro trabajo con el mundo corporativo, incluyendo restaurantes, supermercados y minoristas de alimentos.<\/p>\n\n\n\n<p>Veganuary es un empleador que ofrece igualdad de oportunidades; acogemos con agrado las solicitudes de todas las personas debidamente calificadas, independientemente de su raza, sexo, discapacidad, religi\u00f3n, orientaci\u00f3n sexual, identidad, expresi\u00f3n de g\u00e9nero, o edad, y acogemos con especial agrado las solicitudes de candidatos de raza negra, asi\u00e1ticos y minor\u00edas \u00e9tnicas. Celebramos la diversidad y nos comprometemos a crear un entorno inclusivo para todos los empleados.<\/p>\n<\/div><\/div>\n","protected":false},"excerpt":{"rendered":"<p>\u00bfBuscas el siguiente paso en tu carrera? \u00bfQuieres saber que est\u00e1s haciendo una gran diferencia todos los d\u00edas? \u00a1Has venido&hellip;<\/p>\n","protected":false},"author":70,"featured_media":272973,"parent":184608,"menu_order":64,"comment_status":"closed","ping_status":"closed","template":"","meta":{"_acf_changed":true,"_coblocks_attr":"","_coblocks_dimensions":"","_coblocks_responsive_height":"","_coblocks_accordion_ie_support":"","footnotes":""},"class_list":["post-184577","page","type-page","status-publish","has-post-thumbnail","hentry"],"acf":[],"yoast_head":"<!-- This site is optimized with the Yoast SEO plugin v27.5 - https:\/\/yoast.com\/product\/yoast-seo-wordpress\/ -->\n<title>\u00a1ESTAMOS CONTRATANDO! | Veganuary<\/title>\n<meta name=\"description\" content=\"\u00bfBuscas el siguiente paso en tu carrera y dar algo a cambio? \u00bfQuieres saber que est\u00e1s haciendo una gran diferencia, todos los d\u00edas? \u00a1Has venido al lugar correcto!\" \/>\n<meta name=\"robots\" content=\"index, follow, max-snippet:-1, max-image-preview:large, max-video-preview:-1\" \/>\n<link rel=\"canonical\" href=\"https:\/\/veganuary.com\/es-es\/nosotros\/trabajos\/\" \/>\n<meta property=\"og:locale\" content=\"es_ES\" \/>\n<meta property=\"og:type\" content=\"article\" \/>\n<meta property=\"og:title\" content=\"\u00a1ESTAMOS CONTRATANDO! | Veganuary\" \/>\n<meta property=\"og:description\" content=\"\u00bfBuscas el siguiente paso en tu carrera y dar algo a cambio? \u00bfQuieres saber que est\u00e1s haciendo una gran diferencia, todos los d\u00edas? \u00a1Has venido al lugar correcto!\" \/>\n<meta property=\"og:url\" content=\"https:\/\/veganuary.com\/es-es\/nosotros\/trabajos\/\" \/>\n<meta property=\"og:site_name\" content=\"Veganuary\" \/>\n<meta property=\"article:publisher\" content=\"https:\/\/www.facebook.com\/Veganuary\/\" \/>\n<meta property=\"article:modified_time\" content=\"2025-03-13T09:40:23+00:00\" \/>\n<meta property=\"og:image\" content=\"https:\/\/veganuary.com\/wp-content\/uploads\/2025\/03\/IMGL1116r-Copy-scaled.jpg\" \/>\n\t<meta property=\"og:image:width\" content=\"2560\" \/>\n\t<meta property=\"og:image:height\" content=\"1484\" \/>\n\t<meta property=\"og:image:type\" content=\"image\/jpeg\" \/>\n<meta name=\"twitter:card\" content=\"summary_large_image\" \/>\n<meta name=\"twitter:site\" content=\"@veganuary\" \/>\n<meta name=\"twitter:label1\" content=\"Tiempo de lectura\" \/>\n\t<meta name=\"twitter:data1\" content=\"2 minutos\" \/>\n<script type=\"application\/ld+json\" class=\"yoast-schema-graph\">{\"@context\":\"https:\\\/\\\/schema.org\",\"@graph\":[{\"@type\":\"WebPage\",\"@id\":\"https:\\\/\\\/veganuary.com\\\/es-es\\\/nosotros\\\/trabajos\\\/\",\"url\":\"https:\\\/\\\/veganuary.com\\\/es-es\\\/nosotros\\\/trabajos\\\/\",\"name\":\"\u00a1ESTAMOS CONTRATANDO! | Veganuary\",\"isPartOf\":{\"@id\":\"https:\\\/\\\/veganuary.com\\\/es-es\\\/#website\"},\"primaryImageOfPage\":{\"@id\":\"https:\\\/\\\/veganuary.com\\\/es-es\\\/nosotros\\\/trabajos\\\/#primaryimage\"},\"image\":{\"@id\":\"https:\\\/\\\/veganuary.com\\\/es-es\\\/nosotros\\\/trabajos\\\/#primaryimage\"},\"thumbnailUrl\":\"https:\\\/\\\/veganuary.com\\\/wp-content\\\/uploads\\\/2025\\\/03\\\/IMGL1116r-Copy-scaled.jpg\",\"datePublished\":\"2020-08-06T07:50:14+00:00\",\"dateModified\":\"2025-03-13T09:40:23+00:00\",\"description\":\"\u00bfBuscas el siguiente paso en tu carrera y dar algo a cambio? \u00bfQuieres saber que est\u00e1s haciendo una gran diferencia, todos los d\u00edas? \u00a1Has venido al lugar correcto!\",\"breadcrumb\":{\"@id\":\"https:\\\/\\\/veganuary.com\\\/es-es\\\/nosotros\\\/trabajos\\\/#breadcrumb\"},\"inLanguage\":\"es\",\"potentialAction\":[{\"@type\":\"ReadAction\",\"target\":[\"https:\\\/\\\/veganuary.com\\\/es-es\\\/nosotros\\\/trabajos\\\/\"]}]},{\"@type\":\"ImageObject\",\"inLanguage\":\"es\",\"@id\":\"https:\\\/\\\/veganuary.com\\\/es-es\\\/nosotros\\\/trabajos\\\/#primaryimage\",\"url\":\"https:\\\/\\\/veganuary.com\\\/wp-content\\\/uploads\\\/2025\\\/03\\\/IMGL1116r-Copy-scaled.jpg\",\"contentUrl\":\"https:\\\/\\\/veganuary.com\\\/wp-content\\\/uploads\\\/2025\\\/03\\\/IMGL1116r-Copy-scaled.jpg\",\"width\":2560,\"height\":1484},{\"@type\":\"BreadcrumbList\",\"@id\":\"https:\\\/\\\/veganuary.com\\\/es-es\\\/nosotros\\\/trabajos\\\/#breadcrumb\",\"itemListElement\":[{\"@type\":\"ListItem\",\"position\":1,\"name\":\"Home\",\"item\":\"https:\\\/\\\/veganuary.com\\\/es-es\\\/\"},{\"@type\":\"ListItem\",\"position\":2,\"name\":\"Nosotros\",\"item\":\"https:\\\/\\\/veganuary.com\\\/es-es\\\/nosotros\\\/\"},{\"@type\":\"ListItem\",\"position\":3,\"name\":\"Empleos\"}]},{\"@type\":\"WebSite\",\"@id\":\"https:\\\/\\\/veganuary.com\\\/es-es\\\/#website\",\"url\":\"https:\\\/\\\/veganuary.com\\\/es-es\\\/\",\"name\":\"Veganuary\",\"description\":\"The website for Veganuary\",\"publisher\":{\"@id\":\"https:\\\/\\\/veganuary.com\\\/es-es\\\/#organization\"},\"potentialAction\":[{\"@type\":\"SearchAction\",\"target\":{\"@type\":\"EntryPoint\",\"urlTemplate\":\"https:\\\/\\\/veganuary.com\\\/es-es\\\/?s={search_term_string}\"},\"query-input\":{\"@type\":\"PropertyValueSpecification\",\"valueRequired\":true,\"valueName\":\"search_term_string\"}}],\"inLanguage\":\"es\"},{\"@type\":\"Organization\",\"@id\":\"https:\\\/\\\/veganuary.com\\\/es-es\\\/#organization\",\"name\":\"Veganuary\",\"url\":\"https:\\\/\\\/veganuary.com\\\/es-es\\\/\",\"logo\":{\"@type\":\"ImageObject\",\"inLanguage\":\"es\",\"@id\":\"https:\\\/\\\/veganuary.com\\\/es-es\\\/#\\\/schema\\\/logo\\\/image\\\/\",\"url\":\"https:\\\/\\\/veganuary.com\\\/wp-content\\\/uploads\\\/2020\\\/11\\\/135-veganuary-animals-icon-transparent-rgb.png\",\"contentUrl\":\"https:\\\/\\\/veganuary.com\\\/wp-content\\\/uploads\\\/2020\\\/11\\\/135-veganuary-animals-icon-transparent-rgb.png\",\"width\":135,\"height\":135,\"caption\":\"Veganuary\"},\"image\":{\"@id\":\"https:\\\/\\\/veganuary.com\\\/es-es\\\/#\\\/schema\\\/logo\\\/image\\\/\"},\"sameAs\":[\"https:\\\/\\\/www.facebook.com\\\/Veganuary\\\/\",\"https:\\\/\\\/x.com\\\/veganuary\",\"https:\\\/\\\/www.instagram.com\\\/weareveganuary\\\/\",\"https:\\\/\\\/www.linkedin.com\\\/company\\\/veganuary-limited\",\"https:\\\/\\\/www.pinterest.co.uk\\\/Veganuary\\\/\",\"https:\\\/\\\/www.youtube.com\\\/channel\\\/UCGDLtGanlPZLidEGP2N39CA\",\"https:\\\/\\\/en.wikipedia.org\\\/wiki\\\/Veganuary\"]}]}<\/script>\n<!-- \/ Yoast SEO plugin. -->","yoast_head_json":{"title":"\u00a1ESTAMOS CONTRATANDO! | Veganuary","description":"\u00bfBuscas el siguiente paso en tu carrera y dar algo a cambio? \u00bfQuieres saber que est\u00e1s haciendo una gran diferencia, todos los d\u00edas? \u00a1Has venido al lugar correcto!","robots":{"index":"index","follow":"follow","max-snippet":"max-snippet:-1","max-image-preview":"max-image-preview:large","max-video-preview":"max-video-preview:-1"},"canonical":"https:\/\/veganuary.com\/es-es\/nosotros\/trabajos\/","og_locale":"es_ES","og_type":"article","og_title":"\u00a1ESTAMOS CONTRATANDO! | Veganuary","og_description":"\u00bfBuscas el siguiente paso en tu carrera y dar algo a cambio? \u00bfQuieres saber que est\u00e1s haciendo una gran diferencia, todos los d\u00edas? \u00a1Has venido al lugar correcto!","og_url":"https:\/\/veganuary.com\/es-es\/nosotros\/trabajos\/","og_site_name":"Veganuary","article_publisher":"https:\/\/www.facebook.com\/Veganuary\/","article_modified_time":"2025-03-13T09:40:23+00:00","og_image":[{"width":2560,"height":1484,"url":"https:\/\/veganuary.com\/wp-content\/uploads\/2025\/03\/IMGL1116r-Copy-scaled.jpg","type":"image\/jpeg"}],"twitter_card":"summary_large_image","twitter_site":"@veganuary","twitter_misc":{"Tiempo de lectura":"2 minutos"},"schema":{"@context":"https:\/\/schema.org","@graph":[{"@type":"WebPage","@id":"https:\/\/veganuary.com\/es-es\/nosotros\/trabajos\/","url":"https:\/\/veganuary.com\/es-es\/nosotros\/trabajos\/","name":"\u00a1ESTAMOS CONTRATANDO! | Veganuary","isPartOf":{"@id":"https:\/\/veganuary.com\/es-es\/#website"},"primaryImageOfPage":{"@id":"https:\/\/veganuary.com\/es-es\/nosotros\/trabajos\/#primaryimage"},"image":{"@id":"https:\/\/veganuary.com\/es-es\/nosotros\/trabajos\/#primaryimage"},"thumbnailUrl":"https:\/\/veganuary.com\/wp-content\/uploads\/2025\/03\/IMGL1116r-Copy-scaled.jpg","datePublished":"2020-08-06T07:50:14+00:00","dateModified":"2025-03-13T09:40:23+00:00","description":"\u00bfBuscas el siguiente paso en tu carrera y dar algo a cambio? \u00bfQuieres saber que est\u00e1s haciendo una gran diferencia, todos los d\u00edas? \u00a1Has venido al lugar correcto!","breadcrumb":{"@id":"https:\/\/veganuary.com\/es-es\/nosotros\/trabajos\/#breadcrumb"},"inLanguage":"es","potentialAction":[{"@type":"ReadAction","target":["https:\/\/veganuary.com\/es-es\/nosotros\/trabajos\/"]}]},{"@type":"ImageObject","inLanguage":"es","@id":"https:\/\/veganuary.com\/es-es\/nosotros\/trabajos\/#primaryimage","url":"https:\/\/veganuary.com\/wp-content\/uploads\/2025\/03\/IMGL1116r-Copy-scaled.jpg","contentUrl":"https:\/\/veganuary.com\/wp-content\/uploads\/2025\/03\/IMGL1116r-Copy-scaled.jpg","width":2560,"height":1484},{"@type":"BreadcrumbList","@id":"https:\/\/veganuary.com\/es-es\/nosotros\/trabajos\/#breadcrumb","itemListElement":[{"@type":"ListItem","position":1,"name":"Home","item":"https:\/\/veganuary.com\/es-es\/"},{"@type":"ListItem","position":2,"name":"Nosotros","item":"https:\/\/veganuary.com\/es-es\/nosotros\/"},{"@type":"ListItem","position":3,"name":"Empleos"}]},{"@type":"WebSite","@id":"https:\/\/veganuary.com\/es-es\/#website","url":"https:\/\/veganuary.com\/es-es\/","name":"Veganuary","description":"The website for Veganuary","publisher":{"@id":"https:\/\/veganuary.com\/es-es\/#organization"},"potentialAction":[{"@type":"SearchAction","target":{"@type":"EntryPoint","urlTemplate":"https:\/\/veganuary.com\/es-es\/?s={search_term_string}"},"query-input":{"@type":"PropertyValueSpecification","valueRequired":true,"valueName":"search_term_string"}}],"inLanguage":"es"},{"@type":"Organization","@id":"https:\/\/veganuary.com\/es-es\/#organization","name":"Veganuary","url":"https:\/\/veganuary.com\/es-es\/","logo":{"@type":"ImageObject","inLanguage":"es","@id":"https:\/\/veganuary.com\/es-es\/#\/schema\/logo\/image\/","url":"https:\/\/veganuary.com\/wp-content\/uploads\/2020\/11\/135-veganuary-animals-icon-transparent-rgb.png","contentUrl":"https:\/\/veganuary.com\/wp-content\/uploads\/2020\/11\/135-veganuary-animals-icon-transparent-rgb.png","width":135,"height":135,"caption":"Veganuary"},"image":{"@id":"https:\/\/veganuary.com\/es-es\/#\/schema\/logo\/image\/"},"sameAs":["https:\/\/www.facebook.com\/Veganuary\/","https:\/\/x.com\/veganuary","https:\/\/www.instagram.com\/weareveganuary\/","https:\/\/www.linkedin.com\/company\/veganuary-limited","https:\/\/www.pinterest.co.uk\/Veganuary\/","https:\/\/www.youtube.com\/channel\/UCGDLtGanlPZLidEGP2N39CA","https:\/\/en.wikipedia.org\/wiki\/Veganuary"]}]}},"_links":{"self":[{"href":"https:\/\/veganuary.com\/es-es\/wp-json\/wp\/v2\/pages\/184577","targetHints":{"allow":["GET"]}}],"collection":[{"href":"https:\/\/veganuary.com\/es-es\/wp-json\/wp\/v2\/pages"}],"about":[{"href":"https:\/\/veganuary.com\/es-es\/wp-json\/wp\/v2\/types\/page"}],"author":[{"embeddable":true,"href":"https:\/\/veganuary.com\/es-es\/wp-json\/wp\/v2\/users\/70"}],"replies":[{"embeddable":true,"href":"https:\/\/veganuary.com\/es-es\/wp-json\/wp\/v2\/comments?post=184577"}],"version-history":[{"count":0,"href":"https:\/\/veganuary.com\/es-es\/wp-json\/wp\/v2\/pages\/184577\/revisions"}],"up":[{"embeddable":true,"href":"https:\/\/veganuary.com\/es-es\/wp-json\/wp\/v2\/pages\/184608"}],"wp:featuredmedia":[{"embeddable":true,"href":"https:\/\/veganuary.com\/es-es\/wp-json\/wp\/v2\/media\/272973"}],"wp:attachment":[{"href":"https:\/\/veganuary.com\/es-es\/wp-json\/wp\/v2\/media?parent=184577"}],"curies":[{"name":"wp","href":"https:\/\/api.w.org\/{rel}","templated":true}]}}