{"id":184669,"date":"2020-08-06T08:51:54","date_gmt":"2020-08-06T07:51:54","guid":{"rendered":"https:\/\/veganuary.com\/preguntas-frecuentes\/"},"modified":"2025-03-12T12:56:22","modified_gmt":"2025-03-12T12:56:22","slug":"preguntas-frecuentes","status":"publish","type":"page","link":"https:\/\/veganuary.com\/es-es\/preguntas-frecuentes\/","title":{"rendered":"Preguntas frecuentes"},"content":{"rendered":"\n<div class=\"masthead\">\n\t<div class=\"container\">\n\t\t<div class=\"row\">\n\t\t\t<div class=\"col-md-10 offset-md-1 col-lg-8 offset-lg-2 col-xl-6 offset-xl-3\">\n\n\t\t\t\t<h1 class=\"masthead__title\">Preguntas frecuentes<\/h1>\n\n\t\t\t\t\n\t\t\t<\/div>\n\t\t<\/div>\n\t<\/div>\n<\/div>\n\n\n\n<div class=\"wp-block-group has-light-gray-background-color has-background\"><div class=\"wp-block-group__inner-container is-layout-flow wp-block-group-is-layout-flow\">\n<p class=\"has-medium-font-size\">Por favor revise nuestras preguntas frecuentes antes de ponerse en contacto con nosotros. Su pregunta ya puede tener respuesta.<\/p>\n\n\n\n\t<div class=\"wp-block-custom wp-block-accordion wp-block-custom--narrow\">\n\t\t<div class=\"accordion js-accordion\">\n\n\t\t\t\n\t\t\t\t<div class=\"accordion-item js-accordion-item\">\n\t\t\t\t\t<div class=\"accordion-item__header js-accordion-trigger\">\n\t\t\t\t\t\t<h3 class=\"accordion-item__title\">\u00bfCu\u00e1ntas personas participaron en Veganuary 2025?<\/h3>\n\t\t\t\t\t\t<div class=\"accordion-item__icon\"><\/div>\n\t\t\t\t\t<\/div>\n\t\t\t\t\t<div class=\"accordion-item__content\">\n\t\t\t\t\t\t<div class=\"accordion-item__padding\">\n\t\t\t\t\t\t\t<p>En campa\u00f1as anteriores, medimos la participaci\u00f3n en funci\u00f3n del n\u00famero de personas que se suscribieron a nuestra serie de correos electr\u00f3nicos de 31 d\u00edas. Sin embargo, somos conscientes de que esta m\u00e9trica no refleja el n\u00famero real de participantes, ya que muchas personas participan sin registrarse oficialmente en la web.<\/p>\n<p>A medida que aprendemos del \u00e9xito obtenido en el Reino Unido y expandimos nuestra presencia a nuevos pa\u00edses, nuestra prioridad es medir la participaci\u00f3n a nivel global. Desde el lanzamiento de la primera campa\u00f1a de Veganuary en enero de 2014, millones de personas de casi todos los pa\u00edses del mundo han participado.<\/p>\n<p>Para comprender y medir mejor la participaci\u00f3n a nivel mundial, actualmente encargamos encuestas en los pa\u00edses clave de nuestra campa\u00f1a para determinar el porcentaje de personas que informan haber participado en Veganuary durante el mes.<\/p>\n<p>Con base en los resultados de estas encuestas y las estimaciones actuales de poblaci\u00f3n en cada pa\u00eds, calculamos que aproximadamente 25.8 millones de personas en todo el mundo optaron por probar el veganismo en enero de 2025.<\/p>\n<p>Estas cifras nos dan una visi\u00f3n muy prometedora de la presencia p\u00fablica de Veganuary y de su impacto como movimiento social, y seguiremos evaluando su influencia en los pr\u00f3ximos a\u00f1os<\/p>\n<p>Tienes m\u00e1s resultados sobre la campa\u00f1a de 2025 <a href=\"https:\/\/veganuary.com\/es-es\/258-millones-de-participantes-en-veganuary-2025\/\">aqu\u00ed<\/a>.<\/p>\n\t\t\t\t\t\t<\/div>\n\t\t\t\t\t<\/div>\n\t\t\t\t<\/div>\n\n\t\t\t\t\n\t\t\t\t<div class=\"accordion-item js-accordion-item\">\n\t\t\t\t\t<div class=\"accordion-item__header js-accordion-trigger\">\n\t\t\t\t\t\t<h3 class=\"accordion-item__title\">\u00bfCu\u00e1les han sido los resultados de nuestras campa\u00f1as anteriores?<\/h3>\n\t\t\t\t\t\t<div class=\"accordion-item__icon\"><\/div>\n\t\t\t\t\t<\/div>\n\t\t\t\t\t<div class=\"accordion-item__content\">\n\t\t\t\t\t\t<div class=\"accordion-item__padding\">\n\t\t\t\t\t\t\t<p>Desde 2014, millones de personas de todo el mundo se han registrado oficialmente para participar en Veganuary. Para m\u00e1s informaci\u00f3n sobre la participaci\u00f3n, datos oficiales de nuestros estudios, lanzamiento de productos y cobertura medi\u00e1tica global, tienes a tu disposici\u00f3n nuestros <a href=\"https:\/\/veganuary.com\/es-es\/informes-de-la-campana\/\" target=\"_blank\" rel=\"noopener\">informes de campa\u00f1a<\/a> y <a href=\"https:\/\/veganuary.com\/es-es\/categorias\/comunicados-de-prensa-es\/\" target=\"_blank\" rel=\"noopener\">notas de prensa<\/a>.<\/p>\n\t\t\t\t\t\t<\/div>\n\t\t\t\t\t<\/div>\n\t\t\t\t<\/div>\n\n\t\t\t\t\n\t\t\t\t<div class=\"accordion-item js-accordion-item\">\n\t\t\t\t\t<div class=\"accordion-item__header js-accordion-trigger\">\n\t\t\t\t\t\t<h3 class=\"accordion-item__title\">\u00bfEres una empresa vegana que quiere trabajar con nosotros en Espa\u00f1a?<\/h3>\n\t\t\t\t\t\t<div class=\"accordion-item__icon\"><\/div>\n\t\t\t\t\t<\/div>\n\t\t\t\t\t<div class=\"accordion-item__content\">\n\t\t\t\t\t\t<div class=\"accordion-item__padding\">\n\t\t\t\t\t\t\t<p>Env\u00ede un correo electr\u00f3nico a nuestro encargado de coordinaci\u00f3n con empresas e instituciones, gonzalo@veganuary.com, quien revisar\u00e1 su solicitud. Si aumenta nuestro inter\u00e9s, nos pondremos en contacto con usted a la brevedad.<\/p>\n\t\t\t\t\t\t<\/div>\n\t\t\t\t\t<\/div>\n\t\t\t\t<\/div>\n\n\t\t\t\t\n\t\t\t\t<div class=\"accordion-item js-accordion-item\">\n\t\t\t\t\t<div class=\"accordion-item__header js-accordion-trigger\">\n\t\t\t\t\t\t<h3 class=\"accordion-item__title\">\u00bfNecesita ayuda y apoyo para volverse vegano?<\/h3>\n\t\t\t\t\t\t<div class=\"accordion-item__icon\"><\/div>\n\t\t\t\t\t<\/div>\n\t\t\t\t\t<div class=\"accordion-item__content\">\n\t\t\t\t\t\t<div class=\"accordion-item__padding\">\n\t\t\t\t\t\t\t<p>Prueba el veganismo con Veganuary &#8211; <a href=\"https:\/\/veganuary.com\/es-es\/inscribete\/\" target=\"_blank\" rel=\"noopener\">inscribete hoy aqui<\/a>.<\/p>\n\t\t\t\t\t\t<\/div>\n\t\t\t\t\t<\/div>\n\t\t\t\t<\/div>\n\n\t\t\t\t\n\t\t\t\t<div class=\"accordion-item js-accordion-item\">\n\t\t\t\t\t<div class=\"accordion-item__header js-accordion-trigger\">\n\t\t\t\t\t\t<h3 class=\"accordion-item__title\">\u00bfTiene consultas de salud y nutricionales?<\/h3>\n\t\t\t\t\t\t<div class=\"accordion-item__icon\"><\/div>\n\t\t\t\t\t<\/div>\n\t\t\t\t\t<div class=\"accordion-item__content\">\n\t\t\t\t\t\t<div class=\"accordion-item__padding\">\n\t\t\t\t\t\t\t<p>Si le preocupa su salud, le recomendamos que hable con su m\u00e9dico de cabecera o con un dietista registrado que simpatice con la alimentaci\u00f3n en base a plantas.<\/p>\n\t\t\t\t\t\t<\/div>\n\t\t\t\t\t<\/div>\n\t\t\t\t<\/div>\n\n\t\t\t\t\n\t\t\t\t<div class=\"accordion-item js-accordion-item\">\n\t\t\t\t\t<div class=\"accordion-item__header js-accordion-trigger\">\n\t\t\t\t\t\t<h3 class=\"accordion-item__title\">\u00bfNo estas recibiendo los correos o el libro de recetas?<\/h3>\n\t\t\t\t\t\t<div class=\"accordion-item__icon\"><\/div>\n\t\t\t\t\t<\/div>\n\t\t\t\t\t<div class=\"accordion-item__content\">\n\t\t\t\t\t\t<div class=\"accordion-item__padding\">\n\t\t\t\t\t\t\t<p>Aseg\u00farate de revisar los correos electr\u00f3nicos de Veganuary en las carpetas de \u00abPromociones\u00bb u \u00abOtros\u00bb de tu bandeja de entrada. Y no olvides agregar a Veganuary a sus contactos para asegurarte que ver\u00e1s los 31 e-mails.<\/p>\n\t\t\t\t\t\t<\/div>\n\t\t\t\t\t<\/div>\n\t\t\t\t<\/div>\n\n\t\t\t\t\n\t\t\t\t<div class=\"accordion-item js-accordion-item\">\n\t\t\t\t\t<div class=\"accordion-item__header js-accordion-trigger\">\n\t\t\t\t\t\t<h3 class=\"accordion-item__title\">Tengo una condici\u00f3n de salud\/duda sobre mi salud y necesito consejos nutricionales. \u00bfPueden ayudarme?<\/h3>\n\t\t\t\t\t\t<div class=\"accordion-item__icon\"><\/div>\n\t\t\t\t\t<\/div>\n\t\t\t\t\t<div class=\"accordion-item__content\">\n\t\t\t\t\t\t<div class=\"accordion-item__padding\">\n\t\t\t\t\t\t\t<p>Veganuary no es una organizaci\u00f3n m\u00e9dica y tampoco somos profesionales m\u00e9dicos, es por esta raz\u00f3n por la que no le podemos ofrecer alg\u00fan consejo. Siga los consejos de su m\u00e9dico de cabecera para todas las consultas m\u00e9dicas y las pautas gubernamentales.<\/p>\n\t\t\t\t\t\t<\/div>\n\t\t\t\t\t<\/div>\n\t\t\t\t<\/div>\n\n\t\t\t\t\n\t\t\t\t<div class=\"accordion-item js-accordion-item\">\n\t\t\t\t\t<div class=\"accordion-item__header js-accordion-trigger\">\n\t\t\t\t\t\t<h3 class=\"accordion-item__title\">\u00bfPor qu\u00e9 los veganos quieren algo que se vea y sepa a carne?<\/h3>\n\t\t\t\t\t\t<div class=\"accordion-item__icon\"><\/div>\n\t\t\t\t\t<\/div>\n\t\t\t\t\t<div class=\"accordion-item__content\">\n\t\t\t\t\t\t<div class=\"accordion-item__padding\">\n\t\t\t\t\t\t\t<p>La mayor\u00eda de nosotros no nacimos veganos. Crecimos comiendo carne, productos l\u00e1cteos y huevos, y muchos de nosotros disfrutamos el sabor y la textura. Cuando tomamos la decisi\u00f3n de dejar de comer productos animales no fue porque no nos gustara el sabor, simplemente no nos gust\u00f3 el da\u00f1o que estaba causando a los animales, el planeta y nuestros cuerpos.<\/p>\n<p>Mientras que algunos veganos encuentran productos que se ven y saben a carne desagradables, muchos est\u00e1n encantados de poder continuar disfrutando de los alimentos con los que crecieron, que les son familiares y tal vez incluso llenos de buenos recuerdos, sin todo lo negativo de la ganader\u00eda.<\/p>\n\t\t\t\t\t\t<\/div>\n\t\t\t\t\t<\/div>\n\t\t\t\t<\/div>\n\n\t\t\t\t\n\t\t<\/div>\n\t<\/div>\n\n\t<\/div><\/div>\n","protected":false},"excerpt":{"rendered":"<p>Por favor revise nuestras preguntas frecuentes antes de ponerse en contacto con nosotros. Su pregunta ya puede tener respuesta.<\/p>\n","protected":false},"author":70,"featured_media":0,"parent":0,"menu_order":220,"comment_status":"closed","ping_status":"closed","template":"","meta":{"_acf_changed":true,"_coblocks_attr":"","_coblocks_dimensions":"","_coblocks_responsive_height":"","_coblocks_accordion_ie_support":"","footnotes":""},"class_list":["post-184669","page","type-page","status-publish","hentry"],"acf":[],"yoast_head":"<!-- This site is optimized with the Yoast SEO plugin v27.3 - https:\/\/yoast.com\/product\/yoast-seo-wordpress\/ -->\n<title>Preguntas frecuentes | Veganuary<\/title>\n<meta name=\"description\" content=\"Por favor revise nuestras preguntas frecuentes antes de ponerse en contacto con nosotros. Su pregunta ya puede tener respuesta.\" \/>\n<meta name=\"robots\" content=\"index, follow, max-snippet:-1, max-image-preview:large, max-video-preview:-1\" \/>\n<link rel=\"canonical\" href=\"https:\/\/veganuary.com\/es-es\/preguntas-frecuentes\/\" \/>\n<meta property=\"og:locale\" content=\"es_ES\" \/>\n<meta property=\"og:type\" content=\"article\" \/>\n<meta property=\"og:title\" content=\"Preguntas frecuentes | Veganuary\" \/>\n<meta property=\"og:description\" content=\"Por favor revise nuestras preguntas frecuentes antes de ponerse en contacto con nosotros. Su pregunta ya puede tener respuesta.\" \/>\n<meta property=\"og:url\" content=\"https:\/\/veganuary.com\/es-es\/preguntas-frecuentes\/\" \/>\n<meta property=\"og:site_name\" content=\"Veganuary\" \/>\n<meta property=\"article:publisher\" content=\"https:\/\/www.facebook.com\/Veganuary\/\" \/>\n<meta property=\"article:modified_time\" content=\"2025-03-12T12:56:22+00:00\" \/>\n<meta name=\"twitter:card\" content=\"summary_large_image\" \/>\n<meta name=\"twitter:site\" content=\"@veganuary\" \/>\n<meta name=\"twitter:label1\" content=\"Tiempo de lectura\" \/>\n\t<meta name=\"twitter:data1\" content=\"1 minuto\" \/>\n<script type=\"application\/ld+json\" class=\"yoast-schema-graph\">{\"@context\":\"https:\\\/\\\/schema.org\",\"@graph\":[{\"@type\":\"WebPage\",\"@id\":\"https:\\\/\\\/veganuary.com\\\/es-es\\\/preguntas-frecuentes\\\/\",\"url\":\"https:\\\/\\\/veganuary.com\\\/es-es\\\/preguntas-frecuentes\\\/\",\"name\":\"Preguntas frecuentes | Veganuary\",\"isPartOf\":{\"@id\":\"https:\\\/\\\/veganuary.com\\\/es-es\\\/#website\"},\"datePublished\":\"2020-08-06T07:51:54+00:00\",\"dateModified\":\"2025-03-12T12:56:22+00:00\",\"description\":\"Por favor revise nuestras preguntas frecuentes antes de ponerse en contacto con nosotros. Su pregunta ya puede tener respuesta.\",\"breadcrumb\":{\"@id\":\"https:\\\/\\\/veganuary.com\\\/es-es\\\/preguntas-frecuentes\\\/#breadcrumb\"},\"inLanguage\":\"es\",\"potentialAction\":[{\"@type\":\"ReadAction\",\"target\":[\"https:\\\/\\\/veganuary.com\\\/es-es\\\/preguntas-frecuentes\\\/\"]}]},{\"@type\":\"BreadcrumbList\",\"@id\":\"https:\\\/\\\/veganuary.com\\\/es-es\\\/preguntas-frecuentes\\\/#breadcrumb\",\"itemListElement\":[{\"@type\":\"ListItem\",\"position\":1,\"name\":\"Home\",\"item\":\"https:\\\/\\\/veganuary.com\\\/es-es\\\/\"},{\"@type\":\"ListItem\",\"position\":2,\"name\":\"Preguntas frecuentes\"}]},{\"@type\":\"WebSite\",\"@id\":\"https:\\\/\\\/veganuary.com\\\/es-es\\\/#website\",\"url\":\"https:\\\/\\\/veganuary.com\\\/es-es\\\/\",\"name\":\"Veganuary\",\"description\":\"The website for Veganuary\",\"publisher\":{\"@id\":\"https:\\\/\\\/veganuary.com\\\/es-es\\\/#organization\"},\"potentialAction\":[{\"@type\":\"SearchAction\",\"target\":{\"@type\":\"EntryPoint\",\"urlTemplate\":\"https:\\\/\\\/veganuary.com\\\/es-es\\\/?s={search_term_string}\"},\"query-input\":{\"@type\":\"PropertyValueSpecification\",\"valueRequired\":true,\"valueName\":\"search_term_string\"}}],\"inLanguage\":\"es\"},{\"@type\":\"Organization\",\"@id\":\"https:\\\/\\\/veganuary.com\\\/es-es\\\/#organization\",\"name\":\"Veganuary\",\"url\":\"https:\\\/\\\/veganuary.com\\\/es-es\\\/\",\"logo\":{\"@type\":\"ImageObject\",\"inLanguage\":\"es\",\"@id\":\"https:\\\/\\\/veganuary.com\\\/es-es\\\/#\\\/schema\\\/logo\\\/image\\\/\",\"url\":\"https:\\\/\\\/veganuary.com\\\/wp-content\\\/uploads\\\/2020\\\/11\\\/135-veganuary-animals-icon-transparent-rgb.png\",\"contentUrl\":\"https:\\\/\\\/veganuary.com\\\/wp-content\\\/uploads\\\/2020\\\/11\\\/135-veganuary-animals-icon-transparent-rgb.png\",\"width\":135,\"height\":135,\"caption\":\"Veganuary\"},\"image\":{\"@id\":\"https:\\\/\\\/veganuary.com\\\/es-es\\\/#\\\/schema\\\/logo\\\/image\\\/\"},\"sameAs\":[\"https:\\\/\\\/www.facebook.com\\\/Veganuary\\\/\",\"https:\\\/\\\/x.com\\\/veganuary\",\"https:\\\/\\\/www.instagram.com\\\/weareveganuary\\\/\",\"https:\\\/\\\/www.linkedin.com\\\/company\\\/veganuary-limited\",\"https:\\\/\\\/www.pinterest.co.uk\\\/Veganuary\\\/\",\"https:\\\/\\\/www.youtube.com\\\/channel\\\/UCGDLtGanlPZLidEGP2N39CA\",\"https:\\\/\\\/en.wikipedia.org\\\/wiki\\\/Veganuary\"]}]}<\/script>\n<!-- \/ Yoast SEO plugin. -->","yoast_head_json":{"title":"Preguntas frecuentes | Veganuary","description":"Por favor revise nuestras preguntas frecuentes antes de ponerse en contacto con nosotros. Su pregunta ya puede tener respuesta.","robots":{"index":"index","follow":"follow","max-snippet":"max-snippet:-1","max-image-preview":"max-image-preview:large","max-video-preview":"max-video-preview:-1"},"canonical":"https:\/\/veganuary.com\/es-es\/preguntas-frecuentes\/","og_locale":"es_ES","og_type":"article","og_title":"Preguntas frecuentes | Veganuary","og_description":"Por favor revise nuestras preguntas frecuentes antes de ponerse en contacto con nosotros. Su pregunta ya puede tener respuesta.","og_url":"https:\/\/veganuary.com\/es-es\/preguntas-frecuentes\/","og_site_name":"Veganuary","article_publisher":"https:\/\/www.facebook.com\/Veganuary\/","article_modified_time":"2025-03-12T12:56:22+00:00","twitter_card":"summary_large_image","twitter_site":"@veganuary","twitter_misc":{"Tiempo de lectura":"1 minuto"},"schema":{"@context":"https:\/\/schema.org","@graph":[{"@type":"WebPage","@id":"https:\/\/veganuary.com\/es-es\/preguntas-frecuentes\/","url":"https:\/\/veganuary.com\/es-es\/preguntas-frecuentes\/","name":"Preguntas frecuentes | Veganuary","isPartOf":{"@id":"https:\/\/veganuary.com\/es-es\/#website"},"datePublished":"2020-08-06T07:51:54+00:00","dateModified":"2025-03-12T12:56:22+00:00","description":"Por favor revise nuestras preguntas frecuentes antes de ponerse en contacto con nosotros. Su pregunta ya puede tener respuesta.","breadcrumb":{"@id":"https:\/\/veganuary.com\/es-es\/preguntas-frecuentes\/#breadcrumb"},"inLanguage":"es","potentialAction":[{"@type":"ReadAction","target":["https:\/\/veganuary.com\/es-es\/preguntas-frecuentes\/"]}]},{"@type":"BreadcrumbList","@id":"https:\/\/veganuary.com\/es-es\/preguntas-frecuentes\/#breadcrumb","itemListElement":[{"@type":"ListItem","position":1,"name":"Home","item":"https:\/\/veganuary.com\/es-es\/"},{"@type":"ListItem","position":2,"name":"Preguntas frecuentes"}]},{"@type":"WebSite","@id":"https:\/\/veganuary.com\/es-es\/#website","url":"https:\/\/veganuary.com\/es-es\/","name":"Veganuary","description":"The website for Veganuary","publisher":{"@id":"https:\/\/veganuary.com\/es-es\/#organization"},"potentialAction":[{"@type":"SearchAction","target":{"@type":"EntryPoint","urlTemplate":"https:\/\/veganuary.com\/es-es\/?s={search_term_string}"},"query-input":{"@type":"PropertyValueSpecification","valueRequired":true,"valueName":"search_term_string"}}],"inLanguage":"es"},{"@type":"Organization","@id":"https:\/\/veganuary.com\/es-es\/#organization","name":"Veganuary","url":"https:\/\/veganuary.com\/es-es\/","logo":{"@type":"ImageObject","inLanguage":"es","@id":"https:\/\/veganuary.com\/es-es\/#\/schema\/logo\/image\/","url":"https:\/\/veganuary.com\/wp-content\/uploads\/2020\/11\/135-veganuary-animals-icon-transparent-rgb.png","contentUrl":"https:\/\/veganuary.com\/wp-content\/uploads\/2020\/11\/135-veganuary-animals-icon-transparent-rgb.png","width":135,"height":135,"caption":"Veganuary"},"image":{"@id":"https:\/\/veganuary.com\/es-es\/#\/schema\/logo\/image\/"},"sameAs":["https:\/\/www.facebook.com\/Veganuary\/","https:\/\/x.com\/veganuary","https:\/\/www.instagram.com\/weareveganuary\/","https:\/\/www.linkedin.com\/company\/veganuary-limited","https:\/\/www.pinterest.co.uk\/Veganuary\/","https:\/\/www.youtube.com\/channel\/UCGDLtGanlPZLidEGP2N39CA","https:\/\/en.wikipedia.org\/wiki\/Veganuary"]}]}},"_links":{"self":[{"href":"https:\/\/veganuary.com\/es-es\/wp-json\/wp\/v2\/pages\/184669","targetHints":{"allow":["GET"]}}],"collection":[{"href":"https:\/\/veganuary.com\/es-es\/wp-json\/wp\/v2\/pages"}],"about":[{"href":"https:\/\/veganuary.com\/es-es\/wp-json\/wp\/v2\/types\/page"}],"author":[{"embeddable":true,"href":"https:\/\/veganuary.com\/es-es\/wp-json\/wp\/v2\/users\/70"}],"replies":[{"embeddable":true,"href":"https:\/\/veganuary.com\/es-es\/wp-json\/wp\/v2\/comments?post=184669"}],"version-history":[{"count":0,"href":"https:\/\/veganuary.com\/es-es\/wp-json\/wp\/v2\/pages\/184669\/revisions"}],"wp:attachment":[{"href":"https:\/\/veganuary.com\/es-es\/wp-json\/wp\/v2\/media?parent=184669"}],"curies":[{"name":"wp","href":"https:\/\/api.w.org\/{rel}","templated":true}]}}