{"id":184701,"date":"2020-09-03T15:42:47","date_gmt":"2020-09-03T14:42:47","guid":{"rendered":"https:\/\/veganuary.com\/nosotros\/cultivando-el-movimiento-global\/"},"modified":"2025-03-12T12:32:24","modified_gmt":"2025-03-12T12:32:24","slug":"cultivando-el-movimiento-global","status":"publish","type":"page","link":"https:\/\/veganuary.com\/es-es\/nosotros\/cultivando-el-movimiento-global\/","title":{"rendered":"Cultivando el movimiento global"},"content":{"rendered":"\n<div class=\"masthead\">\n\t<div class=\"container\">\n\t\t<div class=\"row\">\n\t\t\t<div class=\"col-md-10 offset-md-1 col-lg-8 offset-lg-2 col-xl-6 offset-xl-3\">\n\n\t\t\t\t<h1 class=\"masthead__title\">Cultivando el movimiento global<\/h1>\n\n\t\t\t\t\n\t\t\t<\/div>\n\t\t<\/div>\n\t<\/div>\n<\/div>\n\n\n\n<div class=\"wp-block-group has-light-gray-background-color has-background\"><div class=\"wp-block-group__inner-container is-layout-flow wp-block-group-is-layout-flow\">\n<p>Ahora que Veganuary es un nombre muy conocido en Gran Breta\u00f1a, estamos aprovechando todo lo que hemos aprendido para expandirlo a otros pa\u00edses. En 2025 tambi\u00e9n tuvimos campa\u00f1as en Reino Unido, Estados Unidos, India, Alemania y Latinoam\u00e9rica, \u00a1pero no pensamos parar aqu\u00ed!<\/p>\n\n\n\n<p>Adem\u00e1s de nuestras propias campa\u00f1as, colaboramos con ONG amigas en diversos pa\u00edses, desde Francia hasta Singapur, que promueven Veganuary y el veganismo en sus propios idiomas y dentro de sus contextos culturales.<\/p>\n\n\n\n<figure class=\"wp-block-gallery has-nested-images columns-default wp-block-gallery-1 is-layout-flex wp-block-gallery-is-layout-flex\">\n<figure class=\"wp-block-image size-large\"><img fetchpriority=\"high\" decoding=\"async\" width=\"1800\" height=\"1200\" data-id=\"2669\" src=\"https:\/\/veganuary.com\/wp-content\/uploads\/2020\/09\/growing-thge-global-movement-hero-1-1800x1200.jpg\" alt=\"\" class=\"wp-image-2669\" srcset=\"https:\/\/veganuary.com\/wp-content\/uploads\/2020\/09\/growing-thge-global-movement-hero-1-1800x1200.jpg 1800w, https:\/\/veganuary.com\/wp-content\/uploads\/2020\/09\/growing-thge-global-movement-hero-1-1200x800.jpg 1200w, https:\/\/veganuary.com\/wp-content\/uploads\/2020\/09\/growing-thge-global-movement-hero-1-400x267.jpg 400w, https:\/\/veganuary.com\/wp-content\/uploads\/2020\/09\/growing-thge-global-movement-hero-1-768x512.jpg 768w, https:\/\/veganuary.com\/wp-content\/uploads\/2020\/09\/growing-thge-global-movement-hero-1-1536x1024.jpg 1536w, https:\/\/veganuary.com\/wp-content\/uploads\/2020\/09\/growing-thge-global-movement-hero-1-2048x1365.jpg 2048w, https:\/\/veganuary.com\/wp-content\/uploads\/2020\/09\/growing-thge-global-movement-hero-1-800x533.jpg 800w\" sizes=\"(max-width: 1800px) 100vw, 1800px\" \/><\/figure>\n<\/figure>\n\n\n\n<p>Todo aquel que participe \u2013 no importa de d\u00f3nde sea- puede reunirse en una red social dedicada a compartir experiencias y realmente sentirse parte de este movimiento mundial en masa para un mundo m\u00e1s sano y m\u00e1s seguro.<\/p>\n\n\n\n<p>Los comentarios que com\u00fanmente escuchamos son: \u201cEsto ha cambiado mi vida\u201d o \u201cDesear\u00eda haberlo hecho desde antes\u201d<\/p>\n\n\n\n<div class=\"wp-block-buttons is-layout-flex wp-block-buttons-is-layout-flex\">\n<div class=\"wp-block-button is-style-fill\"><a class=\"wp-block-button__link wp-element-button\" href=\"https:\/\/veganuary.com\/es-es\/involucrate\/\">Inscr\u00edbete<\/a><\/div>\n<\/div>\n<\/div><\/div>\n","protected":false},"excerpt":{"rendered":"<p>Ahora que Veganuary es un nombre muy conocido en Gran Breta\u00f1a, estamos aprovechando todo lo que hemos aprendido para expandirlo&hellip;<\/p>\n","protected":false},"author":70,"featured_media":184702,"parent":184608,"menu_order":68,"comment_status":"closed","ping_status":"closed","template":"","meta":{"_acf_changed":false,"_coblocks_attr":"","_coblocks_dimensions":"","_coblocks_responsive_height":"","_coblocks_accordion_ie_support":"","footnotes":""},"class_list":["post-184701","page","type-page","status-publish","has-post-thumbnail","hentry"],"acf":[],"yoast_head":"<!-- This site is optimized with the Yoast SEO plugin v27.3 - https:\/\/yoast.com\/product\/yoast-seo-wordpress\/ -->\n<title>Cultivando el movimiento global | Veganuary<\/title>\n<meta name=\"description\" content=\"Adem\u00e1s de nuestras campa\u00f1as, estamos trabajando con ONGs de meta similares a la nuestra, desde Argentina a Singapure, quienes van a fomentar Veganuary en sus propios idiomas y adaptados a su propia cultura.\" \/>\n<meta name=\"robots\" content=\"index, follow, max-snippet:-1, max-image-preview:large, max-video-preview:-1\" \/>\n<link rel=\"canonical\" href=\"https:\/\/veganuary.com\/es-es\/nosotros\/cultivando-el-movimiento-global\/\" \/>\n<meta property=\"og:locale\" content=\"es_ES\" \/>\n<meta property=\"og:type\" content=\"article\" \/>\n<meta property=\"og:title\" content=\"Cultivando el movimiento global | Veganuary\" \/>\n<meta property=\"og:description\" content=\"Adem\u00e1s de nuestras campa\u00f1as, estamos trabajando con ONGs de meta similares a la nuestra, desde Argentina a Singapure, quienes van a fomentar Veganuary en sus propios idiomas y adaptados a su propia cultura.\" \/>\n<meta property=\"og:url\" content=\"https:\/\/veganuary.com\/es-es\/nosotros\/cultivando-el-movimiento-global\/\" \/>\n<meta property=\"og:site_name\" content=\"Veganuary\" \/>\n<meta property=\"article:publisher\" content=\"https:\/\/www.facebook.com\/Veganuary\/\" \/>\n<meta property=\"article:modified_time\" content=\"2025-03-12T12:32:24+00:00\" \/>\n<meta property=\"og:image\" content=\"https:\/\/veganuary.com\/wp-content\/uploads\/2022\/03\/Veganuary-Global-Community.jpg\" \/>\n\t<meta property=\"og:image:width\" content=\"1200\" \/>\n\t<meta property=\"og:image:height\" content=\"800\" \/>\n\t<meta property=\"og:image:type\" content=\"image\/jpeg\" \/>\n<meta name=\"twitter:card\" content=\"summary_large_image\" \/>\n<meta name=\"twitter:site\" content=\"@veganuary\" \/>\n<meta name=\"twitter:label1\" content=\"Tiempo de lectura\" \/>\n\t<meta name=\"twitter:data1\" content=\"1 minuto\" \/>\n<script type=\"application\/ld+json\" class=\"yoast-schema-graph\">{\"@context\":\"https:\\\/\\\/schema.org\",\"@graph\":[{\"@type\":\"WebPage\",\"@id\":\"https:\\\/\\\/veganuary.com\\\/es-es\\\/nosotros\\\/cultivando-el-movimiento-global\\\/\",\"url\":\"https:\\\/\\\/veganuary.com\\\/es-es\\\/nosotros\\\/cultivando-el-movimiento-global\\\/\",\"name\":\"Cultivando el movimiento global | Veganuary\",\"isPartOf\":{\"@id\":\"https:\\\/\\\/veganuary.com\\\/es-es\\\/#website\"},\"primaryImageOfPage\":{\"@id\":\"https:\\\/\\\/veganuary.com\\\/es-es\\\/nosotros\\\/cultivando-el-movimiento-global\\\/#primaryimage\"},\"image\":{\"@id\":\"https:\\\/\\\/veganuary.com\\\/es-es\\\/nosotros\\\/cultivando-el-movimiento-global\\\/#primaryimage\"},\"thumbnailUrl\":\"https:\\\/\\\/veganuary.com\\\/wp-content\\\/uploads\\\/2022\\\/03\\\/Veganuary-Global-Community.jpg\",\"datePublished\":\"2020-09-03T14:42:47+00:00\",\"dateModified\":\"2025-03-12T12:32:24+00:00\",\"description\":\"Adem\u00e1s de nuestras campa\u00f1as, estamos trabajando con ONGs de meta similares a la nuestra, desde Argentina a Singapure, quienes van a fomentar Veganuary en sus propios idiomas y adaptados a su propia cultura.\",\"breadcrumb\":{\"@id\":\"https:\\\/\\\/veganuary.com\\\/es-es\\\/nosotros\\\/cultivando-el-movimiento-global\\\/#breadcrumb\"},\"inLanguage\":\"es\",\"potentialAction\":[{\"@type\":\"ReadAction\",\"target\":[\"https:\\\/\\\/veganuary.com\\\/es-es\\\/nosotros\\\/cultivando-el-movimiento-global\\\/\"]}]},{\"@type\":\"ImageObject\",\"inLanguage\":\"es\",\"@id\":\"https:\\\/\\\/veganuary.com\\\/es-es\\\/nosotros\\\/cultivando-el-movimiento-global\\\/#primaryimage\",\"url\":\"https:\\\/\\\/veganuary.com\\\/wp-content\\\/uploads\\\/2022\\\/03\\\/Veganuary-Global-Community.jpg\",\"contentUrl\":\"https:\\\/\\\/veganuary.com\\\/wp-content\\\/uploads\\\/2022\\\/03\\\/Veganuary-Global-Community.jpg\",\"width\":1200,\"height\":800,\"caption\":\"Close up view of young people putting their hands together. Friends with stack of hands showing unity and teamwork.\"},{\"@type\":\"BreadcrumbList\",\"@id\":\"https:\\\/\\\/veganuary.com\\\/es-es\\\/nosotros\\\/cultivando-el-movimiento-global\\\/#breadcrumb\",\"itemListElement\":[{\"@type\":\"ListItem\",\"position\":1,\"name\":\"Home\",\"item\":\"https:\\\/\\\/veganuary.com\\\/es-es\\\/\"},{\"@type\":\"ListItem\",\"position\":2,\"name\":\"Nosotros\",\"item\":\"https:\\\/\\\/veganuary.com\\\/es-es\\\/nosotros\\\/\"},{\"@type\":\"ListItem\",\"position\":3,\"name\":\"Cultivando el movimiento global\"}]},{\"@type\":\"WebSite\",\"@id\":\"https:\\\/\\\/veganuary.com\\\/es-es\\\/#website\",\"url\":\"https:\\\/\\\/veganuary.com\\\/es-es\\\/\",\"name\":\"Veganuary\",\"description\":\"The website for Veganuary\",\"publisher\":{\"@id\":\"https:\\\/\\\/veganuary.com\\\/es-es\\\/#organization\"},\"potentialAction\":[{\"@type\":\"SearchAction\",\"target\":{\"@type\":\"EntryPoint\",\"urlTemplate\":\"https:\\\/\\\/veganuary.com\\\/es-es\\\/?s={search_term_string}\"},\"query-input\":{\"@type\":\"PropertyValueSpecification\",\"valueRequired\":true,\"valueName\":\"search_term_string\"}}],\"inLanguage\":\"es\"},{\"@type\":\"Organization\",\"@id\":\"https:\\\/\\\/veganuary.com\\\/es-es\\\/#organization\",\"name\":\"Veganuary\",\"url\":\"https:\\\/\\\/veganuary.com\\\/es-es\\\/\",\"logo\":{\"@type\":\"ImageObject\",\"inLanguage\":\"es\",\"@id\":\"https:\\\/\\\/veganuary.com\\\/es-es\\\/#\\\/schema\\\/logo\\\/image\\\/\",\"url\":\"https:\\\/\\\/veganuary.com\\\/wp-content\\\/uploads\\\/2020\\\/11\\\/135-veganuary-animals-icon-transparent-rgb.png\",\"contentUrl\":\"https:\\\/\\\/veganuary.com\\\/wp-content\\\/uploads\\\/2020\\\/11\\\/135-veganuary-animals-icon-transparent-rgb.png\",\"width\":135,\"height\":135,\"caption\":\"Veganuary\"},\"image\":{\"@id\":\"https:\\\/\\\/veganuary.com\\\/es-es\\\/#\\\/schema\\\/logo\\\/image\\\/\"},\"sameAs\":[\"https:\\\/\\\/www.facebook.com\\\/Veganuary\\\/\",\"https:\\\/\\\/x.com\\\/veganuary\",\"https:\\\/\\\/www.instagram.com\\\/weareveganuary\\\/\",\"https:\\\/\\\/www.linkedin.com\\\/company\\\/veganuary-limited\",\"https:\\\/\\\/www.pinterest.co.uk\\\/Veganuary\\\/\",\"https:\\\/\\\/www.youtube.com\\\/channel\\\/UCGDLtGanlPZLidEGP2N39CA\",\"https:\\\/\\\/en.wikipedia.org\\\/wiki\\\/Veganuary\"]}]}<\/script>\n<!-- \/ Yoast SEO plugin. -->","yoast_head_json":{"title":"Cultivando el movimiento global | Veganuary","description":"Adem\u00e1s de nuestras campa\u00f1as, estamos trabajando con ONGs de meta similares a la nuestra, desde Argentina a Singapure, quienes van a fomentar Veganuary en sus propios idiomas y adaptados a su propia cultura.","robots":{"index":"index","follow":"follow","max-snippet":"max-snippet:-1","max-image-preview":"max-image-preview:large","max-video-preview":"max-video-preview:-1"},"canonical":"https:\/\/veganuary.com\/es-es\/nosotros\/cultivando-el-movimiento-global\/","og_locale":"es_ES","og_type":"article","og_title":"Cultivando el movimiento global | Veganuary","og_description":"Adem\u00e1s de nuestras campa\u00f1as, estamos trabajando con ONGs de meta similares a la nuestra, desde Argentina a Singapure, quienes van a fomentar Veganuary en sus propios idiomas y adaptados a su propia cultura.","og_url":"https:\/\/veganuary.com\/es-es\/nosotros\/cultivando-el-movimiento-global\/","og_site_name":"Veganuary","article_publisher":"https:\/\/www.facebook.com\/Veganuary\/","article_modified_time":"2025-03-12T12:32:24+00:00","og_image":[{"width":1200,"height":800,"url":"https:\/\/veganuary.com\/wp-content\/uploads\/2022\/03\/Veganuary-Global-Community.jpg","type":"image\/jpeg"}],"twitter_card":"summary_large_image","twitter_site":"@veganuary","twitter_misc":{"Tiempo de lectura":"1 minuto"},"schema":{"@context":"https:\/\/schema.org","@graph":[{"@type":"WebPage","@id":"https:\/\/veganuary.com\/es-es\/nosotros\/cultivando-el-movimiento-global\/","url":"https:\/\/veganuary.com\/es-es\/nosotros\/cultivando-el-movimiento-global\/","name":"Cultivando el movimiento global | Veganuary","isPartOf":{"@id":"https:\/\/veganuary.com\/es-es\/#website"},"primaryImageOfPage":{"@id":"https:\/\/veganuary.com\/es-es\/nosotros\/cultivando-el-movimiento-global\/#primaryimage"},"image":{"@id":"https:\/\/veganuary.com\/es-es\/nosotros\/cultivando-el-movimiento-global\/#primaryimage"},"thumbnailUrl":"https:\/\/veganuary.com\/wp-content\/uploads\/2022\/03\/Veganuary-Global-Community.jpg","datePublished":"2020-09-03T14:42:47+00:00","dateModified":"2025-03-12T12:32:24+00:00","description":"Adem\u00e1s de nuestras campa\u00f1as, estamos trabajando con ONGs de meta similares a la nuestra, desde Argentina a Singapure, quienes van a fomentar Veganuary en sus propios idiomas y adaptados a su propia cultura.","breadcrumb":{"@id":"https:\/\/veganuary.com\/es-es\/nosotros\/cultivando-el-movimiento-global\/#breadcrumb"},"inLanguage":"es","potentialAction":[{"@type":"ReadAction","target":["https:\/\/veganuary.com\/es-es\/nosotros\/cultivando-el-movimiento-global\/"]}]},{"@type":"ImageObject","inLanguage":"es","@id":"https:\/\/veganuary.com\/es-es\/nosotros\/cultivando-el-movimiento-global\/#primaryimage","url":"https:\/\/veganuary.com\/wp-content\/uploads\/2022\/03\/Veganuary-Global-Community.jpg","contentUrl":"https:\/\/veganuary.com\/wp-content\/uploads\/2022\/03\/Veganuary-Global-Community.jpg","width":1200,"height":800,"caption":"Close up view of young people putting their hands together. Friends with stack of hands showing unity and teamwork."},{"@type":"BreadcrumbList","@id":"https:\/\/veganuary.com\/es-es\/nosotros\/cultivando-el-movimiento-global\/#breadcrumb","itemListElement":[{"@type":"ListItem","position":1,"name":"Home","item":"https:\/\/veganuary.com\/es-es\/"},{"@type":"ListItem","position":2,"name":"Nosotros","item":"https:\/\/veganuary.com\/es-es\/nosotros\/"},{"@type":"ListItem","position":3,"name":"Cultivando el movimiento global"}]},{"@type":"WebSite","@id":"https:\/\/veganuary.com\/es-es\/#website","url":"https:\/\/veganuary.com\/es-es\/","name":"Veganuary","description":"The website for Veganuary","publisher":{"@id":"https:\/\/veganuary.com\/es-es\/#organization"},"potentialAction":[{"@type":"SearchAction","target":{"@type":"EntryPoint","urlTemplate":"https:\/\/veganuary.com\/es-es\/?s={search_term_string}"},"query-input":{"@type":"PropertyValueSpecification","valueRequired":true,"valueName":"search_term_string"}}],"inLanguage":"es"},{"@type":"Organization","@id":"https:\/\/veganuary.com\/es-es\/#organization","name":"Veganuary","url":"https:\/\/veganuary.com\/es-es\/","logo":{"@type":"ImageObject","inLanguage":"es","@id":"https:\/\/veganuary.com\/es-es\/#\/schema\/logo\/image\/","url":"https:\/\/veganuary.com\/wp-content\/uploads\/2020\/11\/135-veganuary-animals-icon-transparent-rgb.png","contentUrl":"https:\/\/veganuary.com\/wp-content\/uploads\/2020\/11\/135-veganuary-animals-icon-transparent-rgb.png","width":135,"height":135,"caption":"Veganuary"},"image":{"@id":"https:\/\/veganuary.com\/es-es\/#\/schema\/logo\/image\/"},"sameAs":["https:\/\/www.facebook.com\/Veganuary\/","https:\/\/x.com\/veganuary","https:\/\/www.instagram.com\/weareveganuary\/","https:\/\/www.linkedin.com\/company\/veganuary-limited","https:\/\/www.pinterest.co.uk\/Veganuary\/","https:\/\/www.youtube.com\/channel\/UCGDLtGanlPZLidEGP2N39CA","https:\/\/en.wikipedia.org\/wiki\/Veganuary"]}]}},"_links":{"self":[{"href":"https:\/\/veganuary.com\/es-es\/wp-json\/wp\/v2\/pages\/184701","targetHints":{"allow":["GET"]}}],"collection":[{"href":"https:\/\/veganuary.com\/es-es\/wp-json\/wp\/v2\/pages"}],"about":[{"href":"https:\/\/veganuary.com\/es-es\/wp-json\/wp\/v2\/types\/page"}],"author":[{"embeddable":true,"href":"https:\/\/veganuary.com\/es-es\/wp-json\/wp\/v2\/users\/70"}],"replies":[{"embeddable":true,"href":"https:\/\/veganuary.com\/es-es\/wp-json\/wp\/v2\/comments?post=184701"}],"version-history":[{"count":0,"href":"https:\/\/veganuary.com\/es-es\/wp-json\/wp\/v2\/pages\/184701\/revisions"}],"up":[{"embeddable":true,"href":"https:\/\/veganuary.com\/es-es\/wp-json\/wp\/v2\/pages\/184608"}],"wp:featuredmedia":[{"embeddable":true,"href":"https:\/\/veganuary.com\/es-es\/wp-json\/wp\/v2\/media\/184702"}],"wp:attachment":[{"href":"https:\/\/veganuary.com\/es-es\/wp-json\/wp\/v2\/media?parent=184701"}],"curies":[{"name":"wp","href":"https:\/\/api.w.org\/{rel}","templated":true}]}}