{"id":184721,"date":"2020-09-03T15:42:02","date_gmt":"2020-09-03T14:42:02","guid":{"rendered":"https:\/\/veganuary.com\/nosotros\/alcance-corporativo\/"},"modified":"2025-03-21T13:32:34","modified_gmt":"2025-03-21T13:32:34","slug":"alcance-corporativo","status":"publish","type":"page","link":"https:\/\/veganuary.com\/es-es\/nosotros\/alcance-corporativo\/","title":{"rendered":"cambio corporativo"},"content":{"rendered":"\n<div class=\"masthead\">\n\t<div class=\"container\">\n\t\t<div class=\"row\">\n\t\t\t<div class=\"col-md-10 offset-md-1 col-lg-8 offset-lg-2 col-xl-6 offset-xl-3\">\n\n\t\t\t\t<h1 class=\"masthead__title\">Cambio corporativo<\/h1>\n\n\t\t\t\t\n\t\t\t<\/div>\n\t\t<\/div>\n\t<\/div>\n<\/div>\n\n\n\n<div class=\"wp-block-group has-light-gray-background-color has-background\"><div class=\"wp-block-group__inner-container is-layout-flow wp-block-group-is-layout-flow\">\n<p>Cada enero, las empresas lanzan ofertas y nuevos productos veganos para celebrar Veganuary y dar a conocer sus productos. Pero nuestro trabajo con las empresas tiene lugar durante todo el a\u00f1o. Desde las grandes corporaciones multinacionales hasta los peque\u00f1os comercios locales, ofrecemos apoyo y promovemos el aumento de oferta vegana. En 2025, se lanzaron m\u00e1s de 1.480 nuevos productos veganos y opciones de men\u00fa durante el mes de enero.<\/p>\n\n\n\n<figure class=\"wp-block-gallery has-nested-images columns-default is-cropped wp-block-gallery-1 is-layout-flex wp-block-gallery-is-layout-flex\">\n<figure class=\"wp-block-image size-large\"><img fetchpriority=\"high\" decoding=\"async\" width=\"1200\" height=\"1200\" data-id=\"2469\" src=\"https:\/\/veganuary.com\/wp-content\/uploads\/2020\/09\/corporate-outreach-1.jpg\" alt=\"\" class=\"wp-image-2469\" srcset=\"https:\/\/veganuary.com\/wp-content\/uploads\/2020\/09\/corporate-outreach-1.jpg 1200w, https:\/\/veganuary.com\/wp-content\/uploads\/2020\/09\/corporate-outreach-1-400x400.jpg 400w, https:\/\/veganuary.com\/wp-content\/uploads\/2020\/09\/corporate-outreach-1-768x768.jpg 768w, https:\/\/veganuary.com\/wp-content\/uploads\/2020\/09\/corporate-outreach-1-800x800.jpg 800w\" sizes=\"(max-width: 1200px) 100vw, 1200px\" \/><\/figure>\n\n\n\n<figure class=\"wp-block-image size-large\"><img decoding=\"async\" width=\"1200\" height=\"1200\" data-id=\"2483\" src=\"https:\/\/veganuary.com\/wp-content\/uploads\/2020\/09\/corporate-outreach-2.jpg\" alt=\"\" class=\"wp-image-2483\" srcset=\"https:\/\/veganuary.com\/wp-content\/uploads\/2020\/09\/corporate-outreach-2.jpg 1200w, https:\/\/veganuary.com\/wp-content\/uploads\/2020\/09\/corporate-outreach-2-400x400.jpg 400w, https:\/\/veganuary.com\/wp-content\/uploads\/2020\/09\/corporate-outreach-2-768x768.jpg 768w, https:\/\/veganuary.com\/wp-content\/uploads\/2020\/09\/corporate-outreach-2-800x800.jpg 800w\" sizes=\"(max-width: 1200px) 100vw, 1200px\" \/><\/figure>\n<\/figure>\n\n\n\n<p><\/p>\n\n\n\n<div class=\"wp-block-buttons is-layout-flex wp-block-buttons-is-layout-flex\">\n<div class=\"wp-block-button is-style-fill\"><a class=\"wp-block-button__link wp-element-button\" href=\"https:\/\/veganuary.com\/es-es\/involucrate\/colaboraciones-corporativas\/\">Leer m\u00e1s<\/a><\/div>\n<\/div>\n\n\n\n<h2 class=\"wp-block-heading\">Desaf\u00edo Corporativo<\/h2>\n\n\n\n<p>Nuestro trabajo con las empresas no se queda en las colaboraciones de productos y men\u00fas, tambi\u00e9n animamos a que realicen el Reto en el Trabajo en enero, invitando a sus equipos a probar Veganuary, adem\u00e1s de aumentar la oferta vegana en sus caterings, cantinas y comedores. En las \u00faltimas ediciones, empresas como Heura, Avon, Natura, Groupon o The Body Shop, participaron y animaron a su personal a probar el veganismo en enero, adem\u00e1s de ofrecer opciones veganas en sus comedores.<\/p>\n\n\n\n<p>Para facilitar que cada empresa pueda iniciar su propio Veganuary internamente, ponemos a disposici\u00f3n de todo el mundo los materiales para llevarlo a cabo de forma sencilla y con un mont\u00f3n de ideas.  \u00a1Aqu\u00ed lo tienes para descargar y proponerlo en tu lugar de trabajo! Y no dudes en contactarnos si necesitas m\u00e1s informaci\u00f3n en: empresas@veganuary.com<\/p>\n\n\n\n<div class=\"wp-block-buttons is-layout-flex wp-block-buttons-is-layout-flex\">\n<div class=\"wp-block-button is-style-fill\"><a class=\"wp-block-button__link wp-element-button\" href=\"https:\/\/veganuary.com\/es-es\/involucrate\/desafio-corporativo\/\">Leer m\u00e1s<\/a><\/div>\n<\/div>\n<\/div><\/div>\n","protected":false},"excerpt":{"rendered":"<p>Cada enero, las empresas lanzan ofertas y nuevos productos veganos para celebrar Veganuary y dar a conocer sus productos. Pero&hellip;<\/p>\n","protected":false},"author":70,"featured_media":184723,"parent":184608,"menu_order":66,"comment_status":"closed","ping_status":"closed","template":"","meta":{"_acf_changed":true,"_coblocks_attr":"","_coblocks_dimensions":"","_coblocks_responsive_height":"","_coblocks_accordion_ie_support":"","footnotes":""},"class_list":["post-184721","page","type-page","status-publish","has-post-thumbnail","hentry"],"acf":[],"yoast_head":"<!-- This site is optimized with the Yoast SEO plugin v27.4 - https:\/\/yoast.com\/product\/yoast-seo-wordpress\/ -->\n<title>Alcance corporativo | Veganuary<\/title>\n<meta name=\"description\" content=\"Cada enero, las empresas compiten entre s\u00ed para sacar m\u00e1s, m\u00e1s grandes y mejores productos y men\u00fas veganos, aprovechando la enorme popularidad de Veganuary.\" \/>\n<meta name=\"robots\" content=\"index, follow, max-snippet:-1, max-image-preview:large, max-video-preview:-1\" \/>\n<link rel=\"canonical\" href=\"https:\/\/veganuary.com\/es-es\/nosotros\/alcance-corporativo\/\" \/>\n<meta property=\"og:locale\" content=\"es_ES\" \/>\n<meta property=\"og:type\" content=\"article\" \/>\n<meta property=\"og:title\" content=\"Alcance corporativo | Veganuary\" \/>\n<meta property=\"og:description\" content=\"Cada enero, las empresas compiten entre s\u00ed para sacar m\u00e1s, m\u00e1s grandes y mejores productos y men\u00fas veganos, aprovechando la enorme popularidad de Veganuary.\" \/>\n<meta property=\"og:url\" content=\"https:\/\/veganuary.com\/es-es\/nosotros\/alcance-corporativo\/\" \/>\n<meta property=\"og:site_name\" content=\"Veganuary\" \/>\n<meta property=\"article:publisher\" content=\"https:\/\/www.facebook.com\/Veganuary\/\" \/>\n<meta property=\"article:modified_time\" content=\"2025-03-21T13:32:34+00:00\" \/>\n<meta property=\"og:image\" content=\"https:\/\/veganuary.com\/wp-content\/uploads\/2020\/09\/corporate-outreach-1.jpg\" \/>\n\t<meta property=\"og:image:width\" content=\"1200\" \/>\n\t<meta property=\"og:image:height\" content=\"1200\" \/>\n\t<meta property=\"og:image:type\" content=\"image\/jpeg\" \/>\n<meta name=\"twitter:card\" content=\"summary_large_image\" \/>\n<meta name=\"twitter:site\" content=\"@veganuary\" \/>\n<meta name=\"twitter:label1\" content=\"Tiempo de lectura\" \/>\n\t<meta name=\"twitter:data1\" content=\"2 minutos\" \/>\n<script type=\"application\/ld+json\" class=\"yoast-schema-graph\">{\"@context\":\"https:\\\/\\\/schema.org\",\"@graph\":[{\"@type\":\"WebPage\",\"@id\":\"https:\\\/\\\/veganuary.com\\\/es-es\\\/nosotros\\\/alcance-corporativo\\\/\",\"url\":\"https:\\\/\\\/veganuary.com\\\/es-es\\\/nosotros\\\/alcance-corporativo\\\/\",\"name\":\"Alcance corporativo | Veganuary\",\"isPartOf\":{\"@id\":\"https:\\\/\\\/veganuary.com\\\/es-es\\\/#website\"},\"primaryImageOfPage\":{\"@id\":\"https:\\\/\\\/veganuary.com\\\/es-es\\\/nosotros\\\/alcance-corporativo\\\/#primaryimage\"},\"image\":{\"@id\":\"https:\\\/\\\/veganuary.com\\\/es-es\\\/nosotros\\\/alcance-corporativo\\\/#primaryimage\"},\"thumbnailUrl\":\"https:\\\/\\\/veganuary.com\\\/wp-content\\\/uploads\\\/2020\\\/09\\\/corporate-outreach-1.jpg\",\"datePublished\":\"2020-09-03T14:42:02+00:00\",\"dateModified\":\"2025-03-21T13:32:34+00:00\",\"description\":\"Cada enero, las empresas compiten entre s\u00ed para sacar m\u00e1s, m\u00e1s grandes y mejores productos y men\u00fas veganos, aprovechando la enorme popularidad de Veganuary.\",\"breadcrumb\":{\"@id\":\"https:\\\/\\\/veganuary.com\\\/es-es\\\/nosotros\\\/alcance-corporativo\\\/#breadcrumb\"},\"inLanguage\":\"es\",\"potentialAction\":[{\"@type\":\"ReadAction\",\"target\":[\"https:\\\/\\\/veganuary.com\\\/es-es\\\/nosotros\\\/alcance-corporativo\\\/\"]}]},{\"@type\":\"ImageObject\",\"inLanguage\":\"es\",\"@id\":\"https:\\\/\\\/veganuary.com\\\/es-es\\\/nosotros\\\/alcance-corporativo\\\/#primaryimage\",\"url\":\"https:\\\/\\\/veganuary.com\\\/wp-content\\\/uploads\\\/2020\\\/09\\\/corporate-outreach-1.jpg\",\"contentUrl\":\"https:\\\/\\\/veganuary.com\\\/wp-content\\\/uploads\\\/2020\\\/09\\\/corporate-outreach-1.jpg\",\"width\":1200,\"height\":1200,\"caption\":\"Image Credit: Adobe Stock\"},{\"@type\":\"BreadcrumbList\",\"@id\":\"https:\\\/\\\/veganuary.com\\\/es-es\\\/nosotros\\\/alcance-corporativo\\\/#breadcrumb\",\"itemListElement\":[{\"@type\":\"ListItem\",\"position\":1,\"name\":\"Home\",\"item\":\"https:\\\/\\\/veganuary.com\\\/es-es\\\/\"},{\"@type\":\"ListItem\",\"position\":2,\"name\":\"Nosotros\",\"item\":\"https:\\\/\\\/veganuary.com\\\/es-es\\\/nosotros\\\/\"},{\"@type\":\"ListItem\",\"position\":3,\"name\":\"cambio corporativo\"}]},{\"@type\":\"WebSite\",\"@id\":\"https:\\\/\\\/veganuary.com\\\/es-es\\\/#website\",\"url\":\"https:\\\/\\\/veganuary.com\\\/es-es\\\/\",\"name\":\"Veganuary\",\"description\":\"The website for Veganuary\",\"publisher\":{\"@id\":\"https:\\\/\\\/veganuary.com\\\/es-es\\\/#organization\"},\"potentialAction\":[{\"@type\":\"SearchAction\",\"target\":{\"@type\":\"EntryPoint\",\"urlTemplate\":\"https:\\\/\\\/veganuary.com\\\/es-es\\\/?s={search_term_string}\"},\"query-input\":{\"@type\":\"PropertyValueSpecification\",\"valueRequired\":true,\"valueName\":\"search_term_string\"}}],\"inLanguage\":\"es\"},{\"@type\":\"Organization\",\"@id\":\"https:\\\/\\\/veganuary.com\\\/es-es\\\/#organization\",\"name\":\"Veganuary\",\"url\":\"https:\\\/\\\/veganuary.com\\\/es-es\\\/\",\"logo\":{\"@type\":\"ImageObject\",\"inLanguage\":\"es\",\"@id\":\"https:\\\/\\\/veganuary.com\\\/es-es\\\/#\\\/schema\\\/logo\\\/image\\\/\",\"url\":\"https:\\\/\\\/veganuary.com\\\/wp-content\\\/uploads\\\/2020\\\/11\\\/135-veganuary-animals-icon-transparent-rgb.png\",\"contentUrl\":\"https:\\\/\\\/veganuary.com\\\/wp-content\\\/uploads\\\/2020\\\/11\\\/135-veganuary-animals-icon-transparent-rgb.png\",\"width\":135,\"height\":135,\"caption\":\"Veganuary\"},\"image\":{\"@id\":\"https:\\\/\\\/veganuary.com\\\/es-es\\\/#\\\/schema\\\/logo\\\/image\\\/\"},\"sameAs\":[\"https:\\\/\\\/www.facebook.com\\\/Veganuary\\\/\",\"https:\\\/\\\/x.com\\\/veganuary\",\"https:\\\/\\\/www.instagram.com\\\/weareveganuary\\\/\",\"https:\\\/\\\/www.linkedin.com\\\/company\\\/veganuary-limited\",\"https:\\\/\\\/www.pinterest.co.uk\\\/Veganuary\\\/\",\"https:\\\/\\\/www.youtube.com\\\/channel\\\/UCGDLtGanlPZLidEGP2N39CA\",\"https:\\\/\\\/en.wikipedia.org\\\/wiki\\\/Veganuary\"]}]}<\/script>\n<!-- \/ Yoast SEO plugin. -->","yoast_head_json":{"title":"Alcance corporativo | Veganuary","description":"Cada enero, las empresas compiten entre s\u00ed para sacar m\u00e1s, m\u00e1s grandes y mejores productos y men\u00fas veganos, aprovechando la enorme popularidad de Veganuary.","robots":{"index":"index","follow":"follow","max-snippet":"max-snippet:-1","max-image-preview":"max-image-preview:large","max-video-preview":"max-video-preview:-1"},"canonical":"https:\/\/veganuary.com\/es-es\/nosotros\/alcance-corporativo\/","og_locale":"es_ES","og_type":"article","og_title":"Alcance corporativo | Veganuary","og_description":"Cada enero, las empresas compiten entre s\u00ed para sacar m\u00e1s, m\u00e1s grandes y mejores productos y men\u00fas veganos, aprovechando la enorme popularidad de Veganuary.","og_url":"https:\/\/veganuary.com\/es-es\/nosotros\/alcance-corporativo\/","og_site_name":"Veganuary","article_publisher":"https:\/\/www.facebook.com\/Veganuary\/","article_modified_time":"2025-03-21T13:32:34+00:00","og_image":[{"width":1200,"height":1200,"url":"https:\/\/veganuary.com\/wp-content\/uploads\/2020\/09\/corporate-outreach-1.jpg","type":"image\/jpeg"}],"twitter_card":"summary_large_image","twitter_site":"@veganuary","twitter_misc":{"Tiempo de lectura":"2 minutos"},"schema":{"@context":"https:\/\/schema.org","@graph":[{"@type":"WebPage","@id":"https:\/\/veganuary.com\/es-es\/nosotros\/alcance-corporativo\/","url":"https:\/\/veganuary.com\/es-es\/nosotros\/alcance-corporativo\/","name":"Alcance corporativo | Veganuary","isPartOf":{"@id":"https:\/\/veganuary.com\/es-es\/#website"},"primaryImageOfPage":{"@id":"https:\/\/veganuary.com\/es-es\/nosotros\/alcance-corporativo\/#primaryimage"},"image":{"@id":"https:\/\/veganuary.com\/es-es\/nosotros\/alcance-corporativo\/#primaryimage"},"thumbnailUrl":"https:\/\/veganuary.com\/wp-content\/uploads\/2020\/09\/corporate-outreach-1.jpg","datePublished":"2020-09-03T14:42:02+00:00","dateModified":"2025-03-21T13:32:34+00:00","description":"Cada enero, las empresas compiten entre s\u00ed para sacar m\u00e1s, m\u00e1s grandes y mejores productos y men\u00fas veganos, aprovechando la enorme popularidad de Veganuary.","breadcrumb":{"@id":"https:\/\/veganuary.com\/es-es\/nosotros\/alcance-corporativo\/#breadcrumb"},"inLanguage":"es","potentialAction":[{"@type":"ReadAction","target":["https:\/\/veganuary.com\/es-es\/nosotros\/alcance-corporativo\/"]}]},{"@type":"ImageObject","inLanguage":"es","@id":"https:\/\/veganuary.com\/es-es\/nosotros\/alcance-corporativo\/#primaryimage","url":"https:\/\/veganuary.com\/wp-content\/uploads\/2020\/09\/corporate-outreach-1.jpg","contentUrl":"https:\/\/veganuary.com\/wp-content\/uploads\/2020\/09\/corporate-outreach-1.jpg","width":1200,"height":1200,"caption":"Image Credit: Adobe Stock"},{"@type":"BreadcrumbList","@id":"https:\/\/veganuary.com\/es-es\/nosotros\/alcance-corporativo\/#breadcrumb","itemListElement":[{"@type":"ListItem","position":1,"name":"Home","item":"https:\/\/veganuary.com\/es-es\/"},{"@type":"ListItem","position":2,"name":"Nosotros","item":"https:\/\/veganuary.com\/es-es\/nosotros\/"},{"@type":"ListItem","position":3,"name":"cambio corporativo"}]},{"@type":"WebSite","@id":"https:\/\/veganuary.com\/es-es\/#website","url":"https:\/\/veganuary.com\/es-es\/","name":"Veganuary","description":"The website for Veganuary","publisher":{"@id":"https:\/\/veganuary.com\/es-es\/#organization"},"potentialAction":[{"@type":"SearchAction","target":{"@type":"EntryPoint","urlTemplate":"https:\/\/veganuary.com\/es-es\/?s={search_term_string}"},"query-input":{"@type":"PropertyValueSpecification","valueRequired":true,"valueName":"search_term_string"}}],"inLanguage":"es"},{"@type":"Organization","@id":"https:\/\/veganuary.com\/es-es\/#organization","name":"Veganuary","url":"https:\/\/veganuary.com\/es-es\/","logo":{"@type":"ImageObject","inLanguage":"es","@id":"https:\/\/veganuary.com\/es-es\/#\/schema\/logo\/image\/","url":"https:\/\/veganuary.com\/wp-content\/uploads\/2020\/11\/135-veganuary-animals-icon-transparent-rgb.png","contentUrl":"https:\/\/veganuary.com\/wp-content\/uploads\/2020\/11\/135-veganuary-animals-icon-transparent-rgb.png","width":135,"height":135,"caption":"Veganuary"},"image":{"@id":"https:\/\/veganuary.com\/es-es\/#\/schema\/logo\/image\/"},"sameAs":["https:\/\/www.facebook.com\/Veganuary\/","https:\/\/x.com\/veganuary","https:\/\/www.instagram.com\/weareveganuary\/","https:\/\/www.linkedin.com\/company\/veganuary-limited","https:\/\/www.pinterest.co.uk\/Veganuary\/","https:\/\/www.youtube.com\/channel\/UCGDLtGanlPZLidEGP2N39CA","https:\/\/en.wikipedia.org\/wiki\/Veganuary"]}]}},"_links":{"self":[{"href":"https:\/\/veganuary.com\/es-es\/wp-json\/wp\/v2\/pages\/184721","targetHints":{"allow":["GET"]}}],"collection":[{"href":"https:\/\/veganuary.com\/es-es\/wp-json\/wp\/v2\/pages"}],"about":[{"href":"https:\/\/veganuary.com\/es-es\/wp-json\/wp\/v2\/types\/page"}],"author":[{"embeddable":true,"href":"https:\/\/veganuary.com\/es-es\/wp-json\/wp\/v2\/users\/70"}],"replies":[{"embeddable":true,"href":"https:\/\/veganuary.com\/es-es\/wp-json\/wp\/v2\/comments?post=184721"}],"version-history":[{"count":0,"href":"https:\/\/veganuary.com\/es-es\/wp-json\/wp\/v2\/pages\/184721\/revisions"}],"up":[{"embeddable":true,"href":"https:\/\/veganuary.com\/es-es\/wp-json\/wp\/v2\/pages\/184608"}],"wp:featuredmedia":[{"embeddable":true,"href":"https:\/\/veganuary.com\/es-es\/wp-json\/wp\/v2\/media\/184723"}],"wp:attachment":[{"href":"https:\/\/veganuary.com\/es-es\/wp-json\/wp\/v2\/media?parent=184721"}],"curies":[{"name":"wp","href":"https:\/\/api.w.org\/{rel}","templated":true}]}}