{"id":184725,"date":"2020-09-03T15:41:44","date_gmt":"2020-09-03T14:41:44","guid":{"rendered":"https:\/\/veganuary.com\/nosotros\/incrementar-la-participacion\/"},"modified":"2025-03-21T13:31:11","modified_gmt":"2025-03-21T13:31:11","slug":"incrementar-la-participacion","status":"publish","type":"page","link":"https:\/\/veganuary.com\/es-es\/nosotros\/incrementar-la-participacion\/","title":{"rendered":"Incrementar la participaci\u00f3n"},"content":{"rendered":"\n<div class=\"masthead\">\n\t<div class=\"container\">\n\t\t<div class=\"row\">\n\t\t\t<div class=\"col-md-10 offset-md-1 col-lg-8 offset-lg-2 col-xl-6 offset-xl-3\">\n\n\t\t\t\t<h1 class=\"masthead__title\">Incrementar la participaci\u00f3n<\/h1>\n\n\t\t\t\t\n\t\t\t<\/div>\n\t\t<\/div>\n\t<\/div>\n<\/div>\n\n\n\n<div class=\"wp-block-group has-light-gray-background-color has-background\"><div class=\"wp-block-group__inner-container is-layout-flow wp-block-group-is-layout-flow\">\n<h2 class=\"wp-block-heading\">Participaci\u00f3n mundial<\/h2>\n\n\n\n<p>Lo que empez\u00f3 en 2013 como una idea loca en la mesa de una cocina en York, Reino Unido, se ha convertido en un poderoso movimiento global que inspira a millones de personas cada a\u00f1o para cambiar nuestra forma de alimentarnos y proteger a los animales, el planeta y nuestro futuro.<\/p>\n\n\n\n<p>Actualmente hay campa\u00f1as de Veganuary por toda Europa, Asia, Africa, Norteam\u00e9rica, Sudam\u00e9rica y Australia. Contamos con participantes inscritos para probar el veganismo con nosotros en todos los p\u00e1ises del mundo (excepto Ciudad del Vaticano y Corea del Norte).<\/p>\n\n\n\n<p>Y hemos visto una cobertura medi\u00e1tica impresionante en todo el mundo: desde reportajes televisivos sobre Veganuary en Canad\u00e1, Chile, Corea del Sur, Brasil y Taiw\u00e1n hasta docenas de art\u00edculos en Grecia, China, Jap\u00f3n e incluso Ghana.<\/p>\n\n\n<div class=\"wp-block-image\">\n<figure class=\"aligncenter size-full\"><img fetchpriority=\"high\" decoding=\"async\" width=\"1200\" height=\"800\" src=\"https:\/\/veganuary.com\/wp-content\/uploads\/2025\/03\/VEGANUARY-EN-EL-MUNDO-2025.png\" alt=\"\" class=\"wp-image-273410\" srcset=\"https:\/\/veganuary.com\/wp-content\/uploads\/2025\/03\/VEGANUARY-EN-EL-MUNDO-2025.png 1200w, https:\/\/veganuary.com\/wp-content\/uploads\/2025\/03\/VEGANUARY-EN-EL-MUNDO-2025-400x267.png 400w, https:\/\/veganuary.com\/wp-content\/uploads\/2025\/03\/VEGANUARY-EN-EL-MUNDO-2025-768x512.png 768w, https:\/\/veganuary.com\/wp-content\/uploads\/2025\/03\/VEGANUARY-EN-EL-MUNDO-2025-800x533.png 800w, https:\/\/veganuary.com\/wp-content\/uploads\/2025\/03\/VEGANUARY-EN-EL-MUNDO-2025-150x100.png 150w\" sizes=\"(max-width: 1200px) 100vw, 1200px\" \/><\/figure>\n<\/div>\n\n\n<p>En campa\u00f1as anteriores, medimos la participaci\u00f3n seg\u00fan la cantidad de personas que se suscribieron a nuestra serie de correos electr\u00f3nicos de 31 d\u00edas. Sin embargo, sabemos que esta cifra no representa el n\u00famero real de participantes, ya que muchas personas se suman a la iniciativa sin registrarse oficialmente en la web.<\/p>\n\n\n\n<p>A medida que aprendemos del \u00e9xito alcanzado en el Reino Unido y expandimos nuestra presencia a nuevos pa\u00edses, nuestra prioridad es medir la participaci\u00f3n a nivel global. Desde el lanzamiento de nuestro primer reto en enero de 2014, millones de personas, procedentes de casi todos los pa\u00edses del mundo, han participado en Veganuary.<\/p>\n\n\n\n<p>Para comprender y medir mejor la participaci\u00f3n a nivel global, ahora realizamos encuestas en los pa\u00edses clave de nuestra campa\u00f1a para determinar el porcentaje de personas que informan haber participado en Veganuary durante el mes. <\/p>\n\n\n\n<p>Con base en los resultados de estas encuestas y las estimaciones actuales de poblaci\u00f3n en cada pa\u00eds, calculamos que aproximadamente <strong>25.8 millones de personas en todo el mundo optaron por probar una alimentaci\u00f3n vegana en enero de 2025. <\/strong><\/p>\n\n\n\n<p>Estas cifras ofrecen una emocionante idea sobre la participaci\u00f3n del p\u00fablico en Veganuary y su impacto como movimiento social. Estamos entusiasmados por seguir evaluando el alcance e influencia de la campa\u00f1a en los pr\u00f3ximos a\u00f1os.<\/p>\n\n\n\n<h2 class=\"wp-block-heading\">\u00bfPor qu\u00e9 la gente se une?<\/h2>\n\n\n\n<p>Todo el mundo tiene sus propias razones pero hemos encontrado estos tres t\u00f3picos que destacan una y otra vez.<\/p>\n\n\n\n<h2 class=\"wp-block-heading\">Los animales<\/h2>\n\n\n\n<p>Para muchas personas, probar el veganismo se trata sobre acabar con su rol en el sufrimiento animal. La vida para muchos animales en una granja moderna significa una existencia miserable. Muchos gansos, pollos, pavos y patos son criados en gigantescos cobertizos estilo bodega con decenas de miles de otras aves, con muy poco espacio para ocupar. Nunca podr\u00e1n sentir el sol en sus espaldas, la brisa del aire o dar\u00e1n un paso en la tierra.<\/p>\n\n\n\n<p>Los cerdos son tambi\u00e9n intensivamente explotados, lo que puede significar ser encerrados en min\u00fasculas jaulas encajonadas por semanas hasta el fin. Diariamente las vacas son orde\u00f1adas para mantener la leche fluyendo, mientras que las ovejas son inseminadas quir\u00fargicamente para mantener altas tasas de natalidad. Todas las madres de la granja son arrebatadas de sus cr\u00edas y todos los animales, incluyendo a aquellos casos aislados en los que son criados en sistemas org\u00e1nicos, terminan sus d\u00edas en el matadero.<\/p>\n\n\n\n<figure class=\"wp-block-gallery has-nested-images columns-default is-cropped wp-block-gallery-1 is-layout-flex wp-block-gallery-is-layout-flex\">\n<figure class=\"wp-block-image size-large\"><img decoding=\"async\" width=\"1200\" height=\"1200\" data-id=\"2769\" src=\"https:\/\/veganuary.com\/wp-content\/uploads\/2020\/09\/participation-reason-animals-1.jpg\" alt=\"\" class=\"wp-image-2769\" srcset=\"https:\/\/veganuary.com\/wp-content\/uploads\/2020\/09\/participation-reason-animals-1.jpg 1200w, https:\/\/veganuary.com\/wp-content\/uploads\/2020\/09\/participation-reason-animals-1-400x400.jpg 400w, https:\/\/veganuary.com\/wp-content\/uploads\/2020\/09\/participation-reason-animals-1-768x768.jpg 768w, https:\/\/veganuary.com\/wp-content\/uploads\/2020\/09\/participation-reason-animals-1-800x800.jpg 800w\" sizes=\"(max-width: 1200px) 100vw, 1200px\" \/><\/figure>\n\n\n\n<figure class=\"wp-block-image size-large\"><img decoding=\"async\" width=\"1200\" height=\"1200\" data-id=\"2713\" src=\"https:\/\/veganuary.com\/wp-content\/uploads\/2020\/09\/participation-reason-animals-2.jpg\" alt=\"\" class=\"wp-image-2713\" srcset=\"https:\/\/veganuary.com\/wp-content\/uploads\/2020\/09\/participation-reason-animals-2.jpg 1200w, https:\/\/veganuary.com\/wp-content\/uploads\/2020\/09\/participation-reason-animals-2-400x400.jpg 400w, https:\/\/veganuary.com\/wp-content\/uploads\/2020\/09\/participation-reason-animals-2-768x768.jpg 768w, https:\/\/veganuary.com\/wp-content\/uploads\/2020\/09\/participation-reason-animals-2-800x800.jpg 800w\" sizes=\"(max-width: 1200px) 100vw, 1200px\" \/><\/figure>\n<\/figure>\n\n\n\n<h2 class=\"wp-block-heading\">El medioambiente<\/h2>\n\n\n\n<p>Las investigaciones est\u00e1n constantemente demostrando el v\u00ednculo entre lo que comemos y el da\u00f1o que le hace al planeta. La ganader\u00eda de granja lidera las emisiones de gases de cambio clim\u00e1tico. Nos provee del 18 por ciento de nuestras calor\u00edas y hasta el momento es responsable del 60% de la emisi\u00f3n de gas invernadero en la agricultura<em>. Estudios realizados por la universidad de Oxford arrojan que la comida basada en plantas \u2013 incluyendo la soya y semillas- tienen un impacto da\u00f1ino bastante menor que la comida animal*<\/em>.<\/p>\n\n\n\n<p>El estudio principal concluy\u00f3 que el volverse vegano, generaba un menor impacto negativo, un gran aporte que puedes hacer para proteger el planeta.<\/p>\n\n\n\n<p>Debido a que se requiere de mucha m\u00e1s tierra de la que es necesitada para cosechar plantas, la agricultura animal es tambi\u00e9n un medio de conducci\u00f3n hacia la desforestaci\u00f3n. Enormes franjas de \u00e1rboles son devastados para hacer espacio para que los animales pasten o para cultivar el alimento de los animales. Los animales que alguna vez vivieron en los \u00e1rboles tendr\u00e1n que emigrar o morir.<\/p>\n\n\n\n<p>La ganader\u00eda es tambi\u00e9n responsable de gran parte de la contaminaci\u00f3n del aire, tierra y agua, incluyendo la causa o el aumento de zonas muertas en los oc\u00e9anos. En estas \u00e1reas con tan poco ox\u00edgeno, nada puede sobrevivir.<\/p>\n\n\n\n<p>Los peces son arrebatados del oc\u00e9ano en billones y dados de alimento a animales de granja incluyendo otros peces. Y mucha de la basura pl\u00e1stica encontrada en los oc\u00e9anos viene de redes de pesca abandonadas. Consumir animales de granja contribuye a esta contaminaci\u00f3n y a la muerte de nuestros oc\u00e9anos.<\/p>\n\n\n\n<figure class=\"wp-block-gallery has-nested-images columns-default is-cropped wp-block-gallery-2 is-layout-flex wp-block-gallery-is-layout-flex\">\n<figure class=\"wp-block-image size-large\"><img loading=\"lazy\" decoding=\"async\" width=\"1200\" height=\"1200\" data-id=\"2741\" src=\"https:\/\/veganuary.com\/wp-content\/uploads\/2020\/09\/participation-reason-environment-1.jpg\" alt=\"\" class=\"wp-image-2741\" srcset=\"https:\/\/veganuary.com\/wp-content\/uploads\/2020\/09\/participation-reason-environment-1.jpg 1200w, https:\/\/veganuary.com\/wp-content\/uploads\/2020\/09\/participation-reason-environment-1-400x400.jpg 400w, https:\/\/veganuary.com\/wp-content\/uploads\/2020\/09\/participation-reason-environment-1-768x768.jpg 768w, https:\/\/veganuary.com\/wp-content\/uploads\/2020\/09\/participation-reason-environment-1-800x800.jpg 800w\" sizes=\"(max-width: 1200px) 100vw, 1200px\" \/><\/figure>\n\n\n\n<figure class=\"wp-block-image size-large\"><img loading=\"lazy\" decoding=\"async\" width=\"1200\" height=\"1200\" data-id=\"2727\" src=\"https:\/\/veganuary.com\/wp-content\/uploads\/2020\/09\/participation-reason-environment-2.jpg\" alt=\"\" class=\"wp-image-2727\" srcset=\"https:\/\/veganuary.com\/wp-content\/uploads\/2020\/09\/participation-reason-environment-2.jpg 1200w, https:\/\/veganuary.com\/wp-content\/uploads\/2020\/09\/participation-reason-environment-2-400x400.jpg 400w, https:\/\/veganuary.com\/wp-content\/uploads\/2020\/09\/participation-reason-environment-2-768x768.jpg 768w, https:\/\/veganuary.com\/wp-content\/uploads\/2020\/09\/participation-reason-environment-2-800x800.jpg 800w\" sizes=\"(max-width: 1200px) 100vw, 1200px\" \/><\/figure>\n<\/figure>\n\n\n\n<h2 class=\"wp-block-heading\">Salud<\/h2>\n\n\n\n<p>Muchas personas prueban el veganismo por un mes porque quieren ver si les mejora la salud. D\u00e9cadas de investigaciones vinculan nuestra dieta con un extenso conjunto de enfermedades cr\u00f3nicas y sugiere que la gente vegana sufre menos de ataques card\u00edacos, diabetes tipo 2 y algunos tipos de c\u00e1ncer.<\/p>\n\n\n\n<p>Algunas personas que han sido parte de Veganuary han reportado significativas mejoras en su salud durante los primeros 31 d\u00edas, desde dormir mejor hasta mejorar su digesti\u00f3n o tener la piel m\u00e1s clara. No podemos asegurar que cualquiera vaya a ver mejoras incre\u00edbles en su salud, pero varias personas dicen que s\u00ed.<\/p>\n\n\n\n<p>Cada persona que termina o acaba con su consumo de productos animales, est\u00e1 teniendo un impacto positivo \u00a1pero esto tambi\u00e9n puede ser divertido!, Veganuary aspira a garantizar que cada persona que sea parte de esto tenga una agradable, emocionante y reveladora experiencia, \u00a1y debemos estar haci\u00e9ndolo bien! El 98% de las personas que respondieron a nuestras encuestas nos dicen que recomendar\u00edan Veganuary.<\/p>\n\n\n\n<figure class=\"wp-block-gallery has-nested-images columns-default is-cropped wp-block-gallery-3 is-layout-flex wp-block-gallery-is-layout-flex\">\n<figure class=\"wp-block-image size-large\"><img loading=\"lazy\" decoding=\"async\" width=\"1200\" height=\"1200\" data-id=\"2755\" src=\"https:\/\/veganuary.com\/wp-content\/uploads\/2020\/09\/participation-reason-health-1.jpg\" alt=\"\" class=\"wp-image-2755\" srcset=\"https:\/\/veganuary.com\/wp-content\/uploads\/2020\/09\/participation-reason-health-1.jpg 1200w, https:\/\/veganuary.com\/wp-content\/uploads\/2020\/09\/participation-reason-health-1-400x400.jpg 400w, https:\/\/veganuary.com\/wp-content\/uploads\/2020\/09\/participation-reason-health-1-768x768.jpg 768w, https:\/\/veganuary.com\/wp-content\/uploads\/2020\/09\/participation-reason-health-1-800x800.jpg 800w\" sizes=\"(max-width: 1200px) 100vw, 1200px\" \/><\/figure>\n\n\n\n<figure class=\"wp-block-image size-large\"><img loading=\"lazy\" decoding=\"async\" width=\"1200\" height=\"1200\" data-id=\"2699\" src=\"https:\/\/veganuary.com\/wp-content\/uploads\/2020\/09\/participation-reason-health-2.jpg\" alt=\"\" class=\"wp-image-2699\" srcset=\"https:\/\/veganuary.com\/wp-content\/uploads\/2020\/09\/participation-reason-health-2.jpg 1200w, https:\/\/veganuary.com\/wp-content\/uploads\/2020\/09\/participation-reason-health-2-400x400.jpg 400w, https:\/\/veganuary.com\/wp-content\/uploads\/2020\/09\/participation-reason-health-2-768x768.jpg 768w, https:\/\/veganuary.com\/wp-content\/uploads\/2020\/09\/participation-reason-health-2-800x800.jpg 800w\" sizes=\"(max-width: 1200px) 100vw, 1200px\" \/><\/figure>\n<\/figure>\n<\/div><\/div>\n\n\n","protected":false},"excerpt":{"rendered":"<p>Participaci\u00f3n mundial Lo que empez\u00f3 en 2013 como una idea loca en la mesa de una cocina en York, Reino&hellip;<\/p>\n","protected":false},"author":70,"featured_media":184727,"parent":184608,"menu_order":65,"comment_status":"closed","ping_status":"closed","template":"","meta":{"_acf_changed":false,"_coblocks_attr":"","_coblocks_dimensions":"","_coblocks_responsive_height":"","_coblocks_accordion_ie_support":"","footnotes":""},"class_list":["post-184725","page","type-page","status-publish","has-post-thumbnail","hentry"],"acf":[],"yoast_head":"<!-- This site is optimized with the Yoast SEO plugin v27.4 - https:\/\/yoast.com\/product\/yoast-seo-wordpress\/ -->\n<title>Incrementar la participaci\u00f3n | Veganuary<\/title>\n<meta name=\"description\" content=\"Desde que lanzamos nuestro compromiso en enero del 2014, el n\u00famero de persona que forman parte ha aumentado a\u00f1o a a\u00f1o, y hemos acogido participantes de todas partes del mundo.\" \/>\n<meta name=\"robots\" content=\"index, follow, max-snippet:-1, max-image-preview:large, max-video-preview:-1\" \/>\n<link rel=\"canonical\" href=\"https:\/\/veganuary.com\/es-es\/nosotros\/incrementar-la-participacion\/\" \/>\n<meta property=\"og:locale\" content=\"es_ES\" \/>\n<meta property=\"og:type\" content=\"article\" \/>\n<meta property=\"og:title\" content=\"Incrementar la participaci\u00f3n | Veganuary\" \/>\n<meta property=\"og:description\" content=\"Desde que lanzamos nuestro compromiso en enero del 2014, el n\u00famero de persona que forman parte ha aumentado a\u00f1o a a\u00f1o, y hemos acogido participantes de todas partes del mundo.\" \/>\n<meta property=\"og:url\" content=\"https:\/\/veganuary.com\/es-es\/nosotros\/incrementar-la-participacion\/\" \/>\n<meta property=\"og:site_name\" content=\"Veganuary\" \/>\n<meta property=\"article:publisher\" content=\"https:\/\/www.facebook.com\/Veganuary\/\" \/>\n<meta property=\"article:modified_time\" content=\"2025-03-21T13:31:11+00:00\" \/>\n<meta property=\"og:image\" content=\"https:\/\/veganuary.com\/wp-content\/uploads\/2023\/03\/VEGANUARY-AROUND-THE-WORLD.png\" \/>\n\t<meta property=\"og:image:width\" content=\"1200\" \/>\n\t<meta property=\"og:image:height\" content=\"800\" \/>\n\t<meta property=\"og:image:type\" content=\"image\/png\" \/>\n<meta name=\"twitter:card\" content=\"summary_large_image\" \/>\n<meta name=\"twitter:site\" content=\"@veganuary\" \/>\n<meta name=\"twitter:label1\" content=\"Tiempo de lectura\" \/>\n\t<meta name=\"twitter:data1\" content=\"6 minutos\" \/>\n<script type=\"application\/ld+json\" class=\"yoast-schema-graph\">{\"@context\":\"https:\\\/\\\/schema.org\",\"@graph\":[{\"@type\":\"WebPage\",\"@id\":\"https:\\\/\\\/veganuary.com\\\/es-es\\\/nosotros\\\/incrementar-la-participacion\\\/\",\"url\":\"https:\\\/\\\/veganuary.com\\\/es-es\\\/nosotros\\\/incrementar-la-participacion\\\/\",\"name\":\"Incrementar la participaci\u00f3n | Veganuary\",\"isPartOf\":{\"@id\":\"https:\\\/\\\/veganuary.com\\\/es-es\\\/#website\"},\"primaryImageOfPage\":{\"@id\":\"https:\\\/\\\/veganuary.com\\\/es-es\\\/nosotros\\\/incrementar-la-participacion\\\/#primaryimage\"},\"image\":{\"@id\":\"https:\\\/\\\/veganuary.com\\\/es-es\\\/nosotros\\\/incrementar-la-participacion\\\/#primaryimage\"},\"thumbnailUrl\":\"https:\\\/\\\/veganuary.com\\\/wp-content\\\/uploads\\\/2023\\\/03\\\/VEGANUARY-AROUND-THE-WORLD.png\",\"datePublished\":\"2020-09-03T14:41:44+00:00\",\"dateModified\":\"2025-03-21T13:31:11+00:00\",\"description\":\"Desde que lanzamos nuestro compromiso en enero del 2014, el n\u00famero de persona que forman parte ha aumentado a\u00f1o a a\u00f1o, y hemos acogido participantes de todas partes del mundo.\",\"breadcrumb\":{\"@id\":\"https:\\\/\\\/veganuary.com\\\/es-es\\\/nosotros\\\/incrementar-la-participacion\\\/#breadcrumb\"},\"inLanguage\":\"es\",\"potentialAction\":[{\"@type\":\"ReadAction\",\"target\":[\"https:\\\/\\\/veganuary.com\\\/es-es\\\/nosotros\\\/incrementar-la-participacion\\\/\"]}]},{\"@type\":\"ImageObject\",\"inLanguage\":\"es\",\"@id\":\"https:\\\/\\\/veganuary.com\\\/es-es\\\/nosotros\\\/incrementar-la-participacion\\\/#primaryimage\",\"url\":\"https:\\\/\\\/veganuary.com\\\/wp-content\\\/uploads\\\/2023\\\/03\\\/VEGANUARY-AROUND-THE-WORLD.png\",\"contentUrl\":\"https:\\\/\\\/veganuary.com\\\/wp-content\\\/uploads\\\/2023\\\/03\\\/VEGANUARY-AROUND-THE-WORLD.png\",\"width\":1200,\"height\":800},{\"@type\":\"BreadcrumbList\",\"@id\":\"https:\\\/\\\/veganuary.com\\\/es-es\\\/nosotros\\\/incrementar-la-participacion\\\/#breadcrumb\",\"itemListElement\":[{\"@type\":\"ListItem\",\"position\":1,\"name\":\"Home\",\"item\":\"https:\\\/\\\/veganuary.com\\\/es-es\\\/\"},{\"@type\":\"ListItem\",\"position\":2,\"name\":\"Nosotros\",\"item\":\"https:\\\/\\\/veganuary.com\\\/es-es\\\/nosotros\\\/\"},{\"@type\":\"ListItem\",\"position\":3,\"name\":\"Incrementar la participaci\u00f3n\"}]},{\"@type\":\"WebSite\",\"@id\":\"https:\\\/\\\/veganuary.com\\\/es-es\\\/#website\",\"url\":\"https:\\\/\\\/veganuary.com\\\/es-es\\\/\",\"name\":\"Veganuary\",\"description\":\"The website for Veganuary\",\"publisher\":{\"@id\":\"https:\\\/\\\/veganuary.com\\\/es-es\\\/#organization\"},\"potentialAction\":[{\"@type\":\"SearchAction\",\"target\":{\"@type\":\"EntryPoint\",\"urlTemplate\":\"https:\\\/\\\/veganuary.com\\\/es-es\\\/?s={search_term_string}\"},\"query-input\":{\"@type\":\"PropertyValueSpecification\",\"valueRequired\":true,\"valueName\":\"search_term_string\"}}],\"inLanguage\":\"es\"},{\"@type\":\"Organization\",\"@id\":\"https:\\\/\\\/veganuary.com\\\/es-es\\\/#organization\",\"name\":\"Veganuary\",\"url\":\"https:\\\/\\\/veganuary.com\\\/es-es\\\/\",\"logo\":{\"@type\":\"ImageObject\",\"inLanguage\":\"es\",\"@id\":\"https:\\\/\\\/veganuary.com\\\/es-es\\\/#\\\/schema\\\/logo\\\/image\\\/\",\"url\":\"https:\\\/\\\/veganuary.com\\\/wp-content\\\/uploads\\\/2020\\\/11\\\/135-veganuary-animals-icon-transparent-rgb.png\",\"contentUrl\":\"https:\\\/\\\/veganuary.com\\\/wp-content\\\/uploads\\\/2020\\\/11\\\/135-veganuary-animals-icon-transparent-rgb.png\",\"width\":135,\"height\":135,\"caption\":\"Veganuary\"},\"image\":{\"@id\":\"https:\\\/\\\/veganuary.com\\\/es-es\\\/#\\\/schema\\\/logo\\\/image\\\/\"},\"sameAs\":[\"https:\\\/\\\/www.facebook.com\\\/Veganuary\\\/\",\"https:\\\/\\\/x.com\\\/veganuary\",\"https:\\\/\\\/www.instagram.com\\\/weareveganuary\\\/\",\"https:\\\/\\\/www.linkedin.com\\\/company\\\/veganuary-limited\",\"https:\\\/\\\/www.pinterest.co.uk\\\/Veganuary\\\/\",\"https:\\\/\\\/www.youtube.com\\\/channel\\\/UCGDLtGanlPZLidEGP2N39CA\",\"https:\\\/\\\/en.wikipedia.org\\\/wiki\\\/Veganuary\"]}]}<\/script>\n<!-- \/ Yoast SEO plugin. -->","yoast_head_json":{"title":"Incrementar la participaci\u00f3n | Veganuary","description":"Desde que lanzamos nuestro compromiso en enero del 2014, el n\u00famero de persona que forman parte ha aumentado a\u00f1o a a\u00f1o, y hemos acogido participantes de todas partes del mundo.","robots":{"index":"index","follow":"follow","max-snippet":"max-snippet:-1","max-image-preview":"max-image-preview:large","max-video-preview":"max-video-preview:-1"},"canonical":"https:\/\/veganuary.com\/es-es\/nosotros\/incrementar-la-participacion\/","og_locale":"es_ES","og_type":"article","og_title":"Incrementar la participaci\u00f3n | Veganuary","og_description":"Desde que lanzamos nuestro compromiso en enero del 2014, el n\u00famero de persona que forman parte ha aumentado a\u00f1o a a\u00f1o, y hemos acogido participantes de todas partes del mundo.","og_url":"https:\/\/veganuary.com\/es-es\/nosotros\/incrementar-la-participacion\/","og_site_name":"Veganuary","article_publisher":"https:\/\/www.facebook.com\/Veganuary\/","article_modified_time":"2025-03-21T13:31:11+00:00","og_image":[{"width":1200,"height":800,"url":"https:\/\/veganuary.com\/wp-content\/uploads\/2023\/03\/VEGANUARY-AROUND-THE-WORLD.png","type":"image\/png"}],"twitter_card":"summary_large_image","twitter_site":"@veganuary","twitter_misc":{"Tiempo de lectura":"6 minutos"},"schema":{"@context":"https:\/\/schema.org","@graph":[{"@type":"WebPage","@id":"https:\/\/veganuary.com\/es-es\/nosotros\/incrementar-la-participacion\/","url":"https:\/\/veganuary.com\/es-es\/nosotros\/incrementar-la-participacion\/","name":"Incrementar la participaci\u00f3n | Veganuary","isPartOf":{"@id":"https:\/\/veganuary.com\/es-es\/#website"},"primaryImageOfPage":{"@id":"https:\/\/veganuary.com\/es-es\/nosotros\/incrementar-la-participacion\/#primaryimage"},"image":{"@id":"https:\/\/veganuary.com\/es-es\/nosotros\/incrementar-la-participacion\/#primaryimage"},"thumbnailUrl":"https:\/\/veganuary.com\/wp-content\/uploads\/2023\/03\/VEGANUARY-AROUND-THE-WORLD.png","datePublished":"2020-09-03T14:41:44+00:00","dateModified":"2025-03-21T13:31:11+00:00","description":"Desde que lanzamos nuestro compromiso en enero del 2014, el n\u00famero de persona que forman parte ha aumentado a\u00f1o a a\u00f1o, y hemos acogido participantes de todas partes del mundo.","breadcrumb":{"@id":"https:\/\/veganuary.com\/es-es\/nosotros\/incrementar-la-participacion\/#breadcrumb"},"inLanguage":"es","potentialAction":[{"@type":"ReadAction","target":["https:\/\/veganuary.com\/es-es\/nosotros\/incrementar-la-participacion\/"]}]},{"@type":"ImageObject","inLanguage":"es","@id":"https:\/\/veganuary.com\/es-es\/nosotros\/incrementar-la-participacion\/#primaryimage","url":"https:\/\/veganuary.com\/wp-content\/uploads\/2023\/03\/VEGANUARY-AROUND-THE-WORLD.png","contentUrl":"https:\/\/veganuary.com\/wp-content\/uploads\/2023\/03\/VEGANUARY-AROUND-THE-WORLD.png","width":1200,"height":800},{"@type":"BreadcrumbList","@id":"https:\/\/veganuary.com\/es-es\/nosotros\/incrementar-la-participacion\/#breadcrumb","itemListElement":[{"@type":"ListItem","position":1,"name":"Home","item":"https:\/\/veganuary.com\/es-es\/"},{"@type":"ListItem","position":2,"name":"Nosotros","item":"https:\/\/veganuary.com\/es-es\/nosotros\/"},{"@type":"ListItem","position":3,"name":"Incrementar la participaci\u00f3n"}]},{"@type":"WebSite","@id":"https:\/\/veganuary.com\/es-es\/#website","url":"https:\/\/veganuary.com\/es-es\/","name":"Veganuary","description":"The website for Veganuary","publisher":{"@id":"https:\/\/veganuary.com\/es-es\/#organization"},"potentialAction":[{"@type":"SearchAction","target":{"@type":"EntryPoint","urlTemplate":"https:\/\/veganuary.com\/es-es\/?s={search_term_string}"},"query-input":{"@type":"PropertyValueSpecification","valueRequired":true,"valueName":"search_term_string"}}],"inLanguage":"es"},{"@type":"Organization","@id":"https:\/\/veganuary.com\/es-es\/#organization","name":"Veganuary","url":"https:\/\/veganuary.com\/es-es\/","logo":{"@type":"ImageObject","inLanguage":"es","@id":"https:\/\/veganuary.com\/es-es\/#\/schema\/logo\/image\/","url":"https:\/\/veganuary.com\/wp-content\/uploads\/2020\/11\/135-veganuary-animals-icon-transparent-rgb.png","contentUrl":"https:\/\/veganuary.com\/wp-content\/uploads\/2020\/11\/135-veganuary-animals-icon-transparent-rgb.png","width":135,"height":135,"caption":"Veganuary"},"image":{"@id":"https:\/\/veganuary.com\/es-es\/#\/schema\/logo\/image\/"},"sameAs":["https:\/\/www.facebook.com\/Veganuary\/","https:\/\/x.com\/veganuary","https:\/\/www.instagram.com\/weareveganuary\/","https:\/\/www.linkedin.com\/company\/veganuary-limited","https:\/\/www.pinterest.co.uk\/Veganuary\/","https:\/\/www.youtube.com\/channel\/UCGDLtGanlPZLidEGP2N39CA","https:\/\/en.wikipedia.org\/wiki\/Veganuary"]}]}},"_links":{"self":[{"href":"https:\/\/veganuary.com\/es-es\/wp-json\/wp\/v2\/pages\/184725","targetHints":{"allow":["GET"]}}],"collection":[{"href":"https:\/\/veganuary.com\/es-es\/wp-json\/wp\/v2\/pages"}],"about":[{"href":"https:\/\/veganuary.com\/es-es\/wp-json\/wp\/v2\/types\/page"}],"author":[{"embeddable":true,"href":"https:\/\/veganuary.com\/es-es\/wp-json\/wp\/v2\/users\/70"}],"replies":[{"embeddable":true,"href":"https:\/\/veganuary.com\/es-es\/wp-json\/wp\/v2\/comments?post=184725"}],"version-history":[{"count":0,"href":"https:\/\/veganuary.com\/es-es\/wp-json\/wp\/v2\/pages\/184725\/revisions"}],"up":[{"embeddable":true,"href":"https:\/\/veganuary.com\/es-es\/wp-json\/wp\/v2\/pages\/184608"}],"wp:featuredmedia":[{"embeddable":true,"href":"https:\/\/veganuary.com\/es-es\/wp-json\/wp\/v2\/media\/184727"}],"wp:attachment":[{"href":"https:\/\/veganuary.com\/es-es\/wp-json\/wp\/v2\/media?parent=184725"}],"curies":[{"name":"wp","href":"https:\/\/api.w.org\/{rel}","templated":true}]}}