{"id":213939,"date":"2021-10-31T21:53:26","date_gmt":"2021-10-31T21:53:26","guid":{"rendered":"https:\/\/veganuary.com\/envia-tu-oferta-especial\/"},"modified":"2025-10-07T11:32:34","modified_gmt":"2025-10-07T10:32:34","slug":"envia-tu-oferta-especial","status":"publish","type":"page","link":"https:\/\/veganuary.com\/es-es\/envia-tu-oferta-especial\/","title":{"rendered":"Submit Your Special Offers"},"content":{"rendered":"\n<h2 class=\"wp-block-heading has-text-align-center\">OFERTAS ESPECIALES\/NUEVOS LANZAMIENTOS VEGANUARY 2026<span style=\"font-size: 11pt; line-height: 1.2;\"><\/span><div style=\"caret-color: rgb(0, 0, 0); color: rgb(0, 0, 0); font-weight: 400; text-align: start; text-transform: none; white-space: normal;\"><\/div><\/h2>\n\n\n\n<p>Veganuary ofrece a las marcas, tiendas y restaurantes la oportunidad de anunciar sus ofertas especiales, lanzamientos y activaciones en nuestra secci\u00f3n de \u201cOfertas Especiales\u201d dentro de la web de Veganuary durante todo el mes de enero. &nbsp;Enlazaremos directamente a la secci\u00f3n de \u00abOfertas Especiales\u00bb desde nuestros boletines de campa\u00f1a y en los posts de nuestras redes sociales.<\/p>\n\n\n\n<p>\u00bfTienes alguna noticia destacada, ofertas especiales o alg\u00fan nuevo lanzamiento por Veganuary? Para que tu oferta y logo se incluyan en nuestra p\u00e1gina de \u201cOfertas Especiales\u201d, env\u00edanos todos los detalles en el formulario que encontrar\u00e1s abajo.<\/p>\n\n\n\n<p><strong>Por favor ten en cuenta lo siguiente:<\/strong><\/p>\n\n\n\n<p>Solo podemos incluir opciones 100% veganas a la p\u00e1gina de \u201cOfertas Especiales\u201d.<\/p>\n\n\n\n<p>Esta oportunidad est\u00e1 disponible para marcas que est\u00e1n participando y apoyando la campa\u00f1a de Veganuary. Ten en cuenta que enviar este formulario no garantiza la inclusi\u00f3n de la oferta. Veganuary se reserva el derecho de hacer ediciones para que se ajusten al estilo de la organizaci\u00f3n y de rechazar ofertas que no sean relevantes para los participantes.<\/p>\n\n\n\n<p>Para cualquier duda o solicitud, por favor escr\u00edbenos a:&nbsp;<strong><a href=\"mailto:empresas@veganuary.com\">empresas@veganuary.com<\/a><\/strong>&nbsp;<\/p>\n\n\n\n<hr class=\"wp-block-separator has-css-opacity\"\/>\n","protected":false},"excerpt":{"rendered":"<p>OFERTAS ESPECIALES\/NUEVOS LANZAMIENTOS VEGANUARY 2026 Veganuary ofrece a las marcas, tiendas y restaurantes la oportunidad de anunciar sus ofertas especiales,&hellip;<\/p>\n","protected":false},"author":140,"featured_media":0,"parent":0,"menu_order":0,"comment_status":"closed","ping_status":"closed","template":"page-templates\/special-offers-submission.php","meta":{"_acf_changed":false,"_coblocks_attr":"","_coblocks_dimensions":"","_coblocks_responsive_height":"","_coblocks_accordion_ie_support":"","footnotes":""},"class_list":["post-213939","page","type-page","status-publish","hentry"],"acf":[],"yoast_head":"<!-- This site is optimized with the Yoast SEO plugin v27.4 - https:\/\/yoast.com\/product\/yoast-seo-wordpress\/ -->\n<title>OFERTAS ESPECIALES\/NUEVOS LANZAMIENTOS VEGANUARY 2025<\/title>\n<meta name=\"description\" content=\"Veganuary ofrece a las marcas, restaurantes y minoristas la oportunidad de comunicar sus ofertas especiales, nuevos lanzamientos y actividades emocionantes en nuestra secci\u00f3n de \u201cOfertas Especiales\u201d dentro del sitio web de Veganuary durante la campa\u00f1a principal y las mini-campa\u00f1as a lo largo del a\u00f1o.\" \/>\n<meta name=\"robots\" content=\"index, follow, max-snippet:-1, max-image-preview:large, max-video-preview:-1\" \/>\n<link rel=\"canonical\" href=\"https:\/\/veganuary.com\/es-es\/envia-tu-oferta-especial\/\" \/>\n<meta property=\"og:locale\" content=\"es_ES\" \/>\n<meta property=\"og:type\" content=\"article\" \/>\n<meta property=\"og:title\" content=\"OFERTAS ESPECIALES\/NUEVOS LANZAMIENTOS VEGANUARY 2025\" \/>\n<meta property=\"og:description\" content=\"Veganuary ofrece a las marcas, restaurantes y minoristas la oportunidad de comunicar sus ofertas especiales, nuevos lanzamientos y actividades emocionantes en nuestra secci\u00f3n de \u201cOfertas Especiales\u201d dentro del sitio web de Veganuary durante la campa\u00f1a principal y las mini-campa\u00f1as a lo largo del a\u00f1o.\" \/>\n<meta property=\"og:url\" content=\"https:\/\/veganuary.com\/es-es\/envia-tu-oferta-especial\/\" \/>\n<meta property=\"og:site_name\" content=\"Veganuary\" \/>\n<meta property=\"article:publisher\" content=\"https:\/\/www.facebook.com\/Veganuary\/\" \/>\n<meta property=\"article:modified_time\" content=\"2025-10-07T10:32:34+00:00\" \/>\n<meta name=\"twitter:card\" content=\"summary_large_image\" \/>\n<meta name=\"twitter:site\" content=\"@veganuary\" \/>\n<meta name=\"twitter:label1\" content=\"Tiempo de lectura\" \/>\n\t<meta name=\"twitter:data1\" content=\"1 minuto\" \/>\n<script type=\"application\/ld+json\" class=\"yoast-schema-graph\">{\"@context\":\"https:\\\/\\\/schema.org\",\"@graph\":[{\"@type\":\"WebPage\",\"@id\":\"https:\\\/\\\/veganuary.com\\\/es-es\\\/envia-tu-oferta-especial\\\/\",\"url\":\"https:\\\/\\\/veganuary.com\\\/es-es\\\/envia-tu-oferta-especial\\\/\",\"name\":\"OFERTAS ESPECIALES\\\/NUEVOS LANZAMIENTOS VEGANUARY 2025\",\"isPartOf\":{\"@id\":\"https:\\\/\\\/veganuary.com\\\/es-es\\\/#website\"},\"datePublished\":\"2021-10-31T21:53:26+00:00\",\"dateModified\":\"2025-10-07T10:32:34+00:00\",\"description\":\"Veganuary ofrece a las marcas, restaurantes y minoristas la oportunidad de comunicar sus ofertas especiales, nuevos lanzamientos y actividades emocionantes en nuestra secci\u00f3n de \u201cOfertas Especiales\u201d dentro del sitio web de Veganuary durante la campa\u00f1a principal y las mini-campa\u00f1as a lo largo del a\u00f1o.\",\"breadcrumb\":{\"@id\":\"https:\\\/\\\/veganuary.com\\\/es-es\\\/envia-tu-oferta-especial\\\/#breadcrumb\"},\"inLanguage\":\"es\",\"potentialAction\":[{\"@type\":\"ReadAction\",\"target\":[\"https:\\\/\\\/veganuary.com\\\/es-es\\\/envia-tu-oferta-especial\\\/\"]}]},{\"@type\":\"BreadcrumbList\",\"@id\":\"https:\\\/\\\/veganuary.com\\\/es-es\\\/envia-tu-oferta-especial\\\/#breadcrumb\",\"itemListElement\":[{\"@type\":\"ListItem\",\"position\":1,\"name\":\"Home\",\"item\":\"https:\\\/\\\/veganuary.com\\\/es-es\\\/\"},{\"@type\":\"ListItem\",\"position\":2,\"name\":\"Submit Your Special Offers\"}]},{\"@type\":\"WebSite\",\"@id\":\"https:\\\/\\\/veganuary.com\\\/es-es\\\/#website\",\"url\":\"https:\\\/\\\/veganuary.com\\\/es-es\\\/\",\"name\":\"Veganuary\",\"description\":\"The website for Veganuary\",\"publisher\":{\"@id\":\"https:\\\/\\\/veganuary.com\\\/es-es\\\/#organization\"},\"potentialAction\":[{\"@type\":\"SearchAction\",\"target\":{\"@type\":\"EntryPoint\",\"urlTemplate\":\"https:\\\/\\\/veganuary.com\\\/es-es\\\/?s={search_term_string}\"},\"query-input\":{\"@type\":\"PropertyValueSpecification\",\"valueRequired\":true,\"valueName\":\"search_term_string\"}}],\"inLanguage\":\"es\"},{\"@type\":\"Organization\",\"@id\":\"https:\\\/\\\/veganuary.com\\\/es-es\\\/#organization\",\"name\":\"Veganuary\",\"url\":\"https:\\\/\\\/veganuary.com\\\/es-es\\\/\",\"logo\":{\"@type\":\"ImageObject\",\"inLanguage\":\"es\",\"@id\":\"https:\\\/\\\/veganuary.com\\\/es-es\\\/#\\\/schema\\\/logo\\\/image\\\/\",\"url\":\"https:\\\/\\\/veganuary.com\\\/wp-content\\\/uploads\\\/2020\\\/11\\\/135-veganuary-animals-icon-transparent-rgb.png\",\"contentUrl\":\"https:\\\/\\\/veganuary.com\\\/wp-content\\\/uploads\\\/2020\\\/11\\\/135-veganuary-animals-icon-transparent-rgb.png\",\"width\":135,\"height\":135,\"caption\":\"Veganuary\"},\"image\":{\"@id\":\"https:\\\/\\\/veganuary.com\\\/es-es\\\/#\\\/schema\\\/logo\\\/image\\\/\"},\"sameAs\":[\"https:\\\/\\\/www.facebook.com\\\/Veganuary\\\/\",\"https:\\\/\\\/x.com\\\/veganuary\",\"https:\\\/\\\/www.instagram.com\\\/weareveganuary\\\/\",\"https:\\\/\\\/www.linkedin.com\\\/company\\\/veganuary-limited\",\"https:\\\/\\\/www.pinterest.co.uk\\\/Veganuary\\\/\",\"https:\\\/\\\/www.youtube.com\\\/channel\\\/UCGDLtGanlPZLidEGP2N39CA\",\"https:\\\/\\\/en.wikipedia.org\\\/wiki\\\/Veganuary\"]}]}<\/script>\n<!-- \/ Yoast SEO plugin. -->","yoast_head_json":{"title":"OFERTAS ESPECIALES\/NUEVOS LANZAMIENTOS VEGANUARY 2025","description":"Veganuary ofrece a las marcas, restaurantes y minoristas la oportunidad de comunicar sus ofertas especiales, nuevos lanzamientos y actividades emocionantes en nuestra secci\u00f3n de \u201cOfertas Especiales\u201d dentro del sitio web de Veganuary durante la campa\u00f1a principal y las mini-campa\u00f1as a lo largo del a\u00f1o.","robots":{"index":"index","follow":"follow","max-snippet":"max-snippet:-1","max-image-preview":"max-image-preview:large","max-video-preview":"max-video-preview:-1"},"canonical":"https:\/\/veganuary.com\/es-es\/envia-tu-oferta-especial\/","og_locale":"es_ES","og_type":"article","og_title":"OFERTAS ESPECIALES\/NUEVOS LANZAMIENTOS VEGANUARY 2025","og_description":"Veganuary ofrece a las marcas, restaurantes y minoristas la oportunidad de comunicar sus ofertas especiales, nuevos lanzamientos y actividades emocionantes en nuestra secci\u00f3n de \u201cOfertas Especiales\u201d dentro del sitio web de Veganuary durante la campa\u00f1a principal y las mini-campa\u00f1as a lo largo del a\u00f1o.","og_url":"https:\/\/veganuary.com\/es-es\/envia-tu-oferta-especial\/","og_site_name":"Veganuary","article_publisher":"https:\/\/www.facebook.com\/Veganuary\/","article_modified_time":"2025-10-07T10:32:34+00:00","twitter_card":"summary_large_image","twitter_site":"@veganuary","twitter_misc":{"Tiempo de lectura":"1 minuto"},"schema":{"@context":"https:\/\/schema.org","@graph":[{"@type":"WebPage","@id":"https:\/\/veganuary.com\/es-es\/envia-tu-oferta-especial\/","url":"https:\/\/veganuary.com\/es-es\/envia-tu-oferta-especial\/","name":"OFERTAS ESPECIALES\/NUEVOS LANZAMIENTOS VEGANUARY 2025","isPartOf":{"@id":"https:\/\/veganuary.com\/es-es\/#website"},"datePublished":"2021-10-31T21:53:26+00:00","dateModified":"2025-10-07T10:32:34+00:00","description":"Veganuary ofrece a las marcas, restaurantes y minoristas la oportunidad de comunicar sus ofertas especiales, nuevos lanzamientos y actividades emocionantes en nuestra secci\u00f3n de \u201cOfertas Especiales\u201d dentro del sitio web de Veganuary durante la campa\u00f1a principal y las mini-campa\u00f1as a lo largo del a\u00f1o.","breadcrumb":{"@id":"https:\/\/veganuary.com\/es-es\/envia-tu-oferta-especial\/#breadcrumb"},"inLanguage":"es","potentialAction":[{"@type":"ReadAction","target":["https:\/\/veganuary.com\/es-es\/envia-tu-oferta-especial\/"]}]},{"@type":"BreadcrumbList","@id":"https:\/\/veganuary.com\/es-es\/envia-tu-oferta-especial\/#breadcrumb","itemListElement":[{"@type":"ListItem","position":1,"name":"Home","item":"https:\/\/veganuary.com\/es-es\/"},{"@type":"ListItem","position":2,"name":"Submit Your Special Offers"}]},{"@type":"WebSite","@id":"https:\/\/veganuary.com\/es-es\/#website","url":"https:\/\/veganuary.com\/es-es\/","name":"Veganuary","description":"The website for Veganuary","publisher":{"@id":"https:\/\/veganuary.com\/es-es\/#organization"},"potentialAction":[{"@type":"SearchAction","target":{"@type":"EntryPoint","urlTemplate":"https:\/\/veganuary.com\/es-es\/?s={search_term_string}"},"query-input":{"@type":"PropertyValueSpecification","valueRequired":true,"valueName":"search_term_string"}}],"inLanguage":"es"},{"@type":"Organization","@id":"https:\/\/veganuary.com\/es-es\/#organization","name":"Veganuary","url":"https:\/\/veganuary.com\/es-es\/","logo":{"@type":"ImageObject","inLanguage":"es","@id":"https:\/\/veganuary.com\/es-es\/#\/schema\/logo\/image\/","url":"https:\/\/veganuary.com\/wp-content\/uploads\/2020\/11\/135-veganuary-animals-icon-transparent-rgb.png","contentUrl":"https:\/\/veganuary.com\/wp-content\/uploads\/2020\/11\/135-veganuary-animals-icon-transparent-rgb.png","width":135,"height":135,"caption":"Veganuary"},"image":{"@id":"https:\/\/veganuary.com\/es-es\/#\/schema\/logo\/image\/"},"sameAs":["https:\/\/www.facebook.com\/Veganuary\/","https:\/\/x.com\/veganuary","https:\/\/www.instagram.com\/weareveganuary\/","https:\/\/www.linkedin.com\/company\/veganuary-limited","https:\/\/www.pinterest.co.uk\/Veganuary\/","https:\/\/www.youtube.com\/channel\/UCGDLtGanlPZLidEGP2N39CA","https:\/\/en.wikipedia.org\/wiki\/Veganuary"]}]}},"_links":{"self":[{"href":"https:\/\/veganuary.com\/es-es\/wp-json\/wp\/v2\/pages\/213939","targetHints":{"allow":["GET"]}}],"collection":[{"href":"https:\/\/veganuary.com\/es-es\/wp-json\/wp\/v2\/pages"}],"about":[{"href":"https:\/\/veganuary.com\/es-es\/wp-json\/wp\/v2\/types\/page"}],"author":[{"embeddable":true,"href":"https:\/\/veganuary.com\/es-es\/wp-json\/wp\/v2\/users\/140"}],"replies":[{"embeddable":true,"href":"https:\/\/veganuary.com\/es-es\/wp-json\/wp\/v2\/comments?post=213939"}],"version-history":[{"count":0,"href":"https:\/\/veganuary.com\/es-es\/wp-json\/wp\/v2\/pages\/213939\/revisions"}],"wp:attachment":[{"href":"https:\/\/veganuary.com\/es-es\/wp-json\/wp\/v2\/media?parent=213939"}],"curies":[{"name":"wp","href":"https:\/\/api.w.org\/{rel}","templated":true}]}}