{"id":232705,"date":"2024-01-17T15:45:54","date_gmt":"2024-01-17T15:45:54","guid":{"rendered":"https:\/\/veganuary.com\/change-your-donation-amount\/"},"modified":"2024-01-23T11:05:19","modified_gmt":"2024-01-23T11:05:19","slug":"change-your-donation-amount","status":"publish","type":"page","link":"https:\/\/veganuary.com\/es-es\/change-your-donation-amount\/","title":{"rendered":"Change your donation amount"},"content":{"rendered":"\n<div class=\"masthead\">\n\t<div class=\"container\">\n\t\t<div class=\"row\">\n\t\t\t<div class=\"col-md-10 offset-md-1 col-lg-8 offset-lg-2 col-xl-6 offset-xl-3\">\n\n\t\t\t\t<h1 class=\"masthead__title\">CHANGING YOUR REGULAR DONATION TO VEGANUARY<\/h1>\n\n\t\t\t\t\n\t\t\t<\/div>\n\t\t<\/div>\n\t<\/div>\n<\/div>\n\n\n\n<div class=\"wp-block-group\"><div class=\"wp-block-group__inner-container is-layout-constrained wp-block-group-is-layout-constrained\">\n<p>Si quieres modificar la cantidad de tu donaci\u00f3n actual a Veganuary cada mes, por favor rellena el siguiente formulario. Muchas gracias por tu apoyo. Juntos podemos proteger a los animales, luchar contra el cambio clim\u00e1tico y mejorar la salud humana.<\/p>\n\n\n\n<div class=\"wpcf7 no-js\" id=\"wpcf7-f232793-o1\" lang=\"es-ES\" dir=\"ltr\" data-wpcf7-id=\"232793\">\n<div class=\"screen-reader-response\"><p role=\"status\" aria-live=\"polite\" aria-atomic=\"true\"><\/p> <ul><\/ul><\/div>\n<form action=\"\/es-es\/wp-json\/wp\/v2\/pages\/232705#wpcf7-f232793-o1\" method=\"post\" class=\"wpcf7-form init\" aria-label=\"Formulario de contacto\" novalidate=\"novalidate\" data-status=\"init\">\n<fieldset class=\"hidden-fields-container\"><input type=\"hidden\" name=\"_wpcf7\" value=\"232793\" \/><input type=\"hidden\" name=\"_wpcf7_version\" value=\"6.1.5\" \/><input type=\"hidden\" name=\"_wpcf7_locale\" value=\"es_ES\" \/><input type=\"hidden\" name=\"_wpcf7_unit_tag\" value=\"wpcf7-f232793-o1\" \/><input type=\"hidden\" name=\"_wpcf7_container_post\" value=\"0\" \/><input type=\"hidden\" name=\"_wpcf7_posted_data_hash\" value=\"\" \/>\n<\/fieldset>\n<style>form br{ display: none;} form p {margin: 0} .wpcf7-submit{width: fit-content; margin-left: auto; margin-right: auto; padding-left:20px; padding-right:20px; margin-top: 30px !important;} form label {margin-bottom: 10px;} .field_wrapper {margin-bottom: 12px;}.wpcf7-form label.error{font-size: 15px; padding-left: 0px; font-weight: 400;}.wpcf7-not-valid-tip {display:none !important} .wpcf7-response-output {display:none !important}\n<\/style>\n<div class=\"field_wrapper\">\n\t<p><label> Nombre:<br \/>\n<span class=\"wpcf7-form-control-wrap\" data-name=\"your-first-name\"><input size=\"40\" maxlength=\"400\" class=\"wpcf7-form-control wpcf7-text wpcf7-validates-as-required\" autocomplete=\"name\" aria-required=\"true\" aria-invalid=\"false\" value=\"\" type=\"text\" name=\"your-first-name\" \/><\/span> <\/label>\n\t<\/p>\n<\/div>\n<div class=\"field_wrapper\">\n\t<p><label> Apellidos:<br \/>\n<span class=\"wpcf7-form-control-wrap\" data-name=\"your-last-name\"><input size=\"40\" maxlength=\"400\" class=\"wpcf7-form-control wpcf7-text wpcf7-validates-as-required\" autocomplete=\"name\" aria-required=\"true\" aria-invalid=\"false\" value=\"\" type=\"text\" name=\"your-last-name\" \/><\/span> <\/label>\n\t<\/p>\n<\/div>\n<div class=\"field_wrapper\">\n\t<p><label> Correo electr\u00f3nico:<br \/>\n<span class=\"wpcf7-form-control-wrap\" data-name=\"your-email\"><input size=\"40\" maxlength=\"400\" class=\"wpcf7-form-control wpcf7-email wpcf7-validates-as-required wpcf7-text wpcf7-validates-as-email\" autocomplete=\"email\" aria-required=\"true\" aria-invalid=\"false\" value=\"\" type=\"email\" name=\"your-email\" \/><\/span> <\/label>\n\t<\/p>\n<\/div>\n<div class=\"field_wrapper\">\n<\/div>\n<div class=\"field_wrapper\">\n\t<p><label>Moneda de tu donaci\u00f3n:<\/label><br \/>\n<span class=\"wpcf7-form-control-wrap\" data-name=\"currency\"><select class=\"wpcf7-form-control wpcf7-select wpcf7-validates-as-required\" aria-required=\"true\" aria-invalid=\"false\" name=\"currency\"><option value=\"$ - USD\">$ - USD<\/option><option value=\"\u00a3 - GBP\">\u00a3 - GBP<\/option><option value=\"\u20ac - EUR\">\u20ac - EUR<\/option><option value=\"$ - CAD\">$ - CAD<\/option><option value=\"$ - AUD\">$ - AUD<\/option><option value=\"R - ZAR\">R - ZAR<\/option><\/select><\/span>\n\t<\/p>\n<\/div>\n<div class=\"field_wrapper\">\n\t<p><label>Importe de tu donaci\u00f3n mensual actual:<br \/>\n<span class=\"wpcf7-form-control-wrap\" data-name=\"current-amount\"><input class=\"wpcf7-form-control wpcf7-number wpcf7-validates-as-required wpcf7-validates-as-number number\" aria-required=\"true\" aria-invalid=\"false\" value=\"\" type=\"number\" name=\"current-amount\" \/><\/span> <\/label>\n\t<\/p>\n<\/div>\n<div class=\"field_wrapper\">\n\t<p><label>Nuevo importe de donaci\u00f3n mensual:<br \/>\n<span class=\"wpcf7-form-control-wrap\" data-name=\"new-amount\"><input class=\"wpcf7-form-control wpcf7-number wpcf7-validates-as-required wpcf7-validates-as-number number\" aria-required=\"true\" aria-invalid=\"false\" value=\"\" type=\"number\" name=\"new-amount\" \/><\/span> <\/label>\n\t<\/p>\n<\/div>\n<div class=\"field_wrapper\">\n\t<p><label>Si sabes qu\u00e9 d\u00eda del mes se suele pagar tu donaci\u00f3n, introd\u00facelo aqu\u00ed:<br \/>\n<span class=\"wpcf7-form-control-wrap\" data-name=\"payment-date\"><input class=\"wpcf7-form-control wpcf7-date wpcf7-validates-as-date date\" aria-invalid=\"false\" value=\"\" type=\"date\" name=\"payment-date\" \/><\/span><\/label>\n\t<\/p>\n<\/div>\n<div class=\"field_wrapper\">\n\t<p><input class=\"wpcf7-form-control wpcf7-submit has-spinner btn btn--compact btn--pink\" type=\"submit\" value=\"Enviar formulario\" \/>\n\t<\/p>\n<\/div><div class=\"wpcf7-response-output\" aria-hidden=\"true\"><\/div>\n<\/form>\n<\/div>\n\n\n\n\n<p>Ten en cuenta que es posible que necesitemos ponernos en contacto contigo para obtener m\u00e1s informaci\u00f3n sobre los cambios solicitados y que no se efectuar\u00e1 ning\u00fan cambio hasta que recibas un correo electr\u00f3nico de confirmaci\u00f3n. Intentaremos realizar los cambios en la fecha solicitada, pero no siempre ser\u00e1 posible.<\/p>\n<\/div><\/div>\n","protected":false},"excerpt":{"rendered":"<p>Si quieres modificar la cantidad de tu donaci\u00f3n actual a Veganuary cada mes, por favor rellena el siguiente formulario. Muchas&hellip;<\/p>\n","protected":false},"author":140,"featured_media":0,"parent":0,"menu_order":0,"comment_status":"closed","ping_status":"closed","template":"","meta":{"_acf_changed":false,"_coblocks_attr":"","_coblocks_dimensions":"","_coblocks_responsive_height":"","_coblocks_accordion_ie_support":"","footnotes":""},"class_list":["post-232705","page","type-page","status-publish","hentry"],"acf":[],"yoast_head":"<!-- This site is optimized with the Yoast SEO plugin v27.3 - https:\/\/yoast.com\/product\/yoast-seo-wordpress\/ -->\n<title>CAMBIANDO TU DONACI\u00d3N MENSUAL (ES) - Veganuary<\/title>\n<meta name=\"robots\" content=\"index, follow, max-snippet:-1, max-image-preview:large, max-video-preview:-1\" \/>\n<link rel=\"canonical\" href=\"https:\/\/veganuary.com\/es-es\/change-your-donation-amount\/\" \/>\n<meta property=\"og:locale\" content=\"es_ES\" \/>\n<meta property=\"og:type\" content=\"article\" \/>\n<meta property=\"og:title\" content=\"CAMBIANDO TU DONACI\u00d3N MENSUAL (ES) - Veganuary\" \/>\n<meta property=\"og:description\" content=\"Si quieres modificar la cantidad de tu donaci\u00f3n actual a Veganuary cada mes, por favor rellena el siguiente formulario. Muchas&hellip;\" \/>\n<meta property=\"og:url\" content=\"https:\/\/veganuary.com\/es-es\/change-your-donation-amount\/\" \/>\n<meta property=\"og:site_name\" content=\"Veganuary\" \/>\n<meta property=\"article:publisher\" content=\"https:\/\/www.facebook.com\/Veganuary\/\" \/>\n<meta property=\"article:modified_time\" content=\"2024-01-23T11:05:19+00:00\" \/>\n<meta name=\"twitter:card\" content=\"summary_large_image\" \/>\n<meta name=\"twitter:site\" content=\"@veganuary\" \/>\n<meta name=\"twitter:label1\" content=\"Tiempo de lectura\" \/>\n\t<meta name=\"twitter:data1\" content=\"1 minuto\" \/>\n<script type=\"application\/ld+json\" class=\"yoast-schema-graph\">{\"@context\":\"https:\\\/\\\/schema.org\",\"@graph\":[{\"@type\":\"WebPage\",\"@id\":\"https:\\\/\\\/veganuary.com\\\/es-es\\\/change-your-donation-amount\\\/\",\"url\":\"https:\\\/\\\/veganuary.com\\\/es-es\\\/change-your-donation-amount\\\/\",\"name\":\"CAMBIANDO TU DONACI\u00d3N MENSUAL (ES) - Veganuary\",\"isPartOf\":{\"@id\":\"https:\\\/\\\/veganuary.com\\\/es-es\\\/#website\"},\"datePublished\":\"2024-01-17T15:45:54+00:00\",\"dateModified\":\"2024-01-23T11:05:19+00:00\",\"breadcrumb\":{\"@id\":\"https:\\\/\\\/veganuary.com\\\/es-es\\\/change-your-donation-amount\\\/#breadcrumb\"},\"inLanguage\":\"es\",\"potentialAction\":[{\"@type\":\"ReadAction\",\"target\":[\"https:\\\/\\\/veganuary.com\\\/es-es\\\/change-your-donation-amount\\\/\"]}]},{\"@type\":\"BreadcrumbList\",\"@id\":\"https:\\\/\\\/veganuary.com\\\/es-es\\\/change-your-donation-amount\\\/#breadcrumb\",\"itemListElement\":[{\"@type\":\"ListItem\",\"position\":1,\"name\":\"Home\",\"item\":\"https:\\\/\\\/veganuary.com\\\/es-es\\\/\"},{\"@type\":\"ListItem\",\"position\":2,\"name\":\"Change your donation amount\"}]},{\"@type\":\"WebSite\",\"@id\":\"https:\\\/\\\/veganuary.com\\\/es-es\\\/#website\",\"url\":\"https:\\\/\\\/veganuary.com\\\/es-es\\\/\",\"name\":\"Veganuary\",\"description\":\"The website for Veganuary\",\"publisher\":{\"@id\":\"https:\\\/\\\/veganuary.com\\\/es-es\\\/#organization\"},\"potentialAction\":[{\"@type\":\"SearchAction\",\"target\":{\"@type\":\"EntryPoint\",\"urlTemplate\":\"https:\\\/\\\/veganuary.com\\\/es-es\\\/?s={search_term_string}\"},\"query-input\":{\"@type\":\"PropertyValueSpecification\",\"valueRequired\":true,\"valueName\":\"search_term_string\"}}],\"inLanguage\":\"es\"},{\"@type\":\"Organization\",\"@id\":\"https:\\\/\\\/veganuary.com\\\/es-es\\\/#organization\",\"name\":\"Veganuary\",\"url\":\"https:\\\/\\\/veganuary.com\\\/es-es\\\/\",\"logo\":{\"@type\":\"ImageObject\",\"inLanguage\":\"es\",\"@id\":\"https:\\\/\\\/veganuary.com\\\/es-es\\\/#\\\/schema\\\/logo\\\/image\\\/\",\"url\":\"https:\\\/\\\/veganuary.com\\\/wp-content\\\/uploads\\\/2020\\\/11\\\/135-veganuary-animals-icon-transparent-rgb.png\",\"contentUrl\":\"https:\\\/\\\/veganuary.com\\\/wp-content\\\/uploads\\\/2020\\\/11\\\/135-veganuary-animals-icon-transparent-rgb.png\",\"width\":135,\"height\":135,\"caption\":\"Veganuary\"},\"image\":{\"@id\":\"https:\\\/\\\/veganuary.com\\\/es-es\\\/#\\\/schema\\\/logo\\\/image\\\/\"},\"sameAs\":[\"https:\\\/\\\/www.facebook.com\\\/Veganuary\\\/\",\"https:\\\/\\\/x.com\\\/veganuary\",\"https:\\\/\\\/www.instagram.com\\\/weareveganuary\\\/\",\"https:\\\/\\\/www.linkedin.com\\\/company\\\/veganuary-limited\",\"https:\\\/\\\/www.pinterest.co.uk\\\/Veganuary\\\/\",\"https:\\\/\\\/www.youtube.com\\\/channel\\\/UCGDLtGanlPZLidEGP2N39CA\",\"https:\\\/\\\/en.wikipedia.org\\\/wiki\\\/Veganuary\"]}]}<\/script>\n<!-- \/ Yoast SEO plugin. -->","yoast_head_json":{"title":"CAMBIANDO TU DONACI\u00d3N MENSUAL (ES) - Veganuary","robots":{"index":"index","follow":"follow","max-snippet":"max-snippet:-1","max-image-preview":"max-image-preview:large","max-video-preview":"max-video-preview:-1"},"canonical":"https:\/\/veganuary.com\/es-es\/change-your-donation-amount\/","og_locale":"es_ES","og_type":"article","og_title":"CAMBIANDO TU DONACI\u00d3N MENSUAL (ES) - Veganuary","og_description":"Si quieres modificar la cantidad de tu donaci\u00f3n actual a Veganuary cada mes, por favor rellena el siguiente formulario. Muchas&hellip;","og_url":"https:\/\/veganuary.com\/es-es\/change-your-donation-amount\/","og_site_name":"Veganuary","article_publisher":"https:\/\/www.facebook.com\/Veganuary\/","article_modified_time":"2024-01-23T11:05:19+00:00","twitter_card":"summary_large_image","twitter_site":"@veganuary","twitter_misc":{"Tiempo de lectura":"1 minuto"},"schema":{"@context":"https:\/\/schema.org","@graph":[{"@type":"WebPage","@id":"https:\/\/veganuary.com\/es-es\/change-your-donation-amount\/","url":"https:\/\/veganuary.com\/es-es\/change-your-donation-amount\/","name":"CAMBIANDO TU DONACI\u00d3N MENSUAL (ES) - Veganuary","isPartOf":{"@id":"https:\/\/veganuary.com\/es-es\/#website"},"datePublished":"2024-01-17T15:45:54+00:00","dateModified":"2024-01-23T11:05:19+00:00","breadcrumb":{"@id":"https:\/\/veganuary.com\/es-es\/change-your-donation-amount\/#breadcrumb"},"inLanguage":"es","potentialAction":[{"@type":"ReadAction","target":["https:\/\/veganuary.com\/es-es\/change-your-donation-amount\/"]}]},{"@type":"BreadcrumbList","@id":"https:\/\/veganuary.com\/es-es\/change-your-donation-amount\/#breadcrumb","itemListElement":[{"@type":"ListItem","position":1,"name":"Home","item":"https:\/\/veganuary.com\/es-es\/"},{"@type":"ListItem","position":2,"name":"Change your donation amount"}]},{"@type":"WebSite","@id":"https:\/\/veganuary.com\/es-es\/#website","url":"https:\/\/veganuary.com\/es-es\/","name":"Veganuary","description":"The website for Veganuary","publisher":{"@id":"https:\/\/veganuary.com\/es-es\/#organization"},"potentialAction":[{"@type":"SearchAction","target":{"@type":"EntryPoint","urlTemplate":"https:\/\/veganuary.com\/es-es\/?s={search_term_string}"},"query-input":{"@type":"PropertyValueSpecification","valueRequired":true,"valueName":"search_term_string"}}],"inLanguage":"es"},{"@type":"Organization","@id":"https:\/\/veganuary.com\/es-es\/#organization","name":"Veganuary","url":"https:\/\/veganuary.com\/es-es\/","logo":{"@type":"ImageObject","inLanguage":"es","@id":"https:\/\/veganuary.com\/es-es\/#\/schema\/logo\/image\/","url":"https:\/\/veganuary.com\/wp-content\/uploads\/2020\/11\/135-veganuary-animals-icon-transparent-rgb.png","contentUrl":"https:\/\/veganuary.com\/wp-content\/uploads\/2020\/11\/135-veganuary-animals-icon-transparent-rgb.png","width":135,"height":135,"caption":"Veganuary"},"image":{"@id":"https:\/\/veganuary.com\/es-es\/#\/schema\/logo\/image\/"},"sameAs":["https:\/\/www.facebook.com\/Veganuary\/","https:\/\/x.com\/veganuary","https:\/\/www.instagram.com\/weareveganuary\/","https:\/\/www.linkedin.com\/company\/veganuary-limited","https:\/\/www.pinterest.co.uk\/Veganuary\/","https:\/\/www.youtube.com\/channel\/UCGDLtGanlPZLidEGP2N39CA","https:\/\/en.wikipedia.org\/wiki\/Veganuary"]}]}},"_links":{"self":[{"href":"https:\/\/veganuary.com\/es-es\/wp-json\/wp\/v2\/pages\/232705","targetHints":{"allow":["GET"]}}],"collection":[{"href":"https:\/\/veganuary.com\/es-es\/wp-json\/wp\/v2\/pages"}],"about":[{"href":"https:\/\/veganuary.com\/es-es\/wp-json\/wp\/v2\/types\/page"}],"author":[{"embeddable":true,"href":"https:\/\/veganuary.com\/es-es\/wp-json\/wp\/v2\/users\/140"}],"replies":[{"embeddable":true,"href":"https:\/\/veganuary.com\/es-es\/wp-json\/wp\/v2\/comments?post=232705"}],"version-history":[{"count":0,"href":"https:\/\/veganuary.com\/es-es\/wp-json\/wp\/v2\/pages\/232705\/revisions"}],"wp:attachment":[{"href":"https:\/\/veganuary.com\/es-es\/wp-json\/wp\/v2\/media?parent=232705"}],"curies":[{"name":"wp","href":"https:\/\/api.w.org\/{rel}","templated":true}]}}