{"id":282267,"date":"2025-09-29T17:28:58","date_gmt":"2025-09-29T16:28:58","guid":{"rendered":"https:\/\/veganuary.com\/email-marketing-terms\/"},"modified":"2025-09-30T15:52:21","modified_gmt":"2025-09-30T14:52:21","slug":"email-marketing-terms","status":"publish","type":"page","link":"https:\/\/veganuary.com\/es-es\/email-marketing-terms\/","title":{"rendered":"T\u00e9rminos y Condiciones de Marketing por Correo Electr\u00f3nico"},"content":{"rendered":"\n<div class=\"wp-block-group\"><div class=\"wp-block-group__inner-container is-layout-constrained wp-block-group-is-layout-constrained\">\n<p><strong>Me gustar\u00eda recibir actualizaciones sobre Veganuary y conocer el impacto de mi donaci\u00f3n, con novedades emocionantes, historias, trucos y consejos, recaudaciones de fondos y m\u00e1s. Puedo saber m\u00e1s sobre c\u00f3mo es el tratamiento de mis datos visitando la Pol\u00edtica de Privacidad de Veganuary. Dando mi consentimiento para recibir correos electr\u00f3nicos de Veganuary acepto el uso de cookies\/pixels de seguimiento y tecnolog\u00eda similar en l\u00ednea con nuestra Pol\u00edtica de privacidad que se puede <a href=\"https:\/\/veganuary.com\/es-es\/privacy-notice\/?swcfpc=1\">encontrar AQU\u00cd.<\/a> S\u00e9 que puedo retirar mi consentimiento en cualquier momento d\u00e1ndome de baja de Veganuary, bien contactando con <a href=\"mailto:database@veganuary.com?swcfpc=1\">database@veganuary.com<\/a> o bien usando el bot\u00f3n de \u201cdarme de baja\u201d en cada email.<br><\/strong><\/p>\n<\/div><\/div>\n","protected":false},"excerpt":{"rendered":"<p>Me gustar\u00eda recibir actualizaciones sobre Veganuary y conocer el impacto de mi donaci\u00f3n, con novedades emocionantes, historias, trucos y consejos,&hellip;<\/p>\n","protected":false},"author":140,"featured_media":0,"parent":0,"menu_order":0,"comment_status":"closed","ping_status":"closed","template":"page-templates\/donate.php","meta":{"_acf_changed":true,"_coblocks_attr":"","_coblocks_dimensions":"","_coblocks_responsive_height":"","_coblocks_accordion_ie_support":"","footnotes":""},"class_list":["post-282267","page","type-page","status-publish","hentry"],"acf":[],"yoast_head":"<!-- This site is optimized with the Yoast SEO plugin v27.4 - https:\/\/yoast.com\/product\/yoast-seo-wordpress\/ -->\n<title>T\u00e9rminos y Condiciones de Marketing por Correo Electr\u00f3nico - Veganuary<\/title>\n<meta name=\"robots\" content=\"index, follow, max-snippet:-1, max-image-preview:large, max-video-preview:-1\" \/>\n<link rel=\"canonical\" href=\"https:\/\/veganuary.com\/es-es\/email-marketing-terms\/\" \/>\n<meta property=\"og:locale\" content=\"es_ES\" \/>\n<meta property=\"og:type\" content=\"article\" \/>\n<meta property=\"og:title\" content=\"T\u00e9rminos y Condiciones de Marketing por Correo Electr\u00f3nico - Veganuary\" \/>\n<meta property=\"og:description\" content=\"Me gustar\u00eda recibir actualizaciones sobre Veganuary y conocer el impacto de mi donaci\u00f3n, con novedades emocionantes, historias, trucos y consejos,&hellip;\" \/>\n<meta property=\"og:url\" content=\"https:\/\/veganuary.com\/es-es\/email-marketing-terms\/\" \/>\n<meta property=\"og:site_name\" content=\"Veganuary\" \/>\n<meta property=\"article:publisher\" content=\"https:\/\/www.facebook.com\/Veganuary\/\" \/>\n<meta property=\"article:modified_time\" content=\"2025-09-30T14:52:21+00:00\" \/>\n<meta name=\"twitter:card\" content=\"summary_large_image\" \/>\n<meta name=\"twitter:site\" content=\"@veganuary\" \/>\n<meta name=\"twitter:label1\" content=\"Tiempo de lectura\" \/>\n\t<meta name=\"twitter:data1\" content=\"1 minuto\" \/>\n<script type=\"application\/ld+json\" class=\"yoast-schema-graph\">{\"@context\":\"https:\\\/\\\/schema.org\",\"@graph\":[{\"@type\":\"WebPage\",\"@id\":\"https:\\\/\\\/veganuary.com\\\/es-es\\\/email-marketing-terms\\\/\",\"url\":\"https:\\\/\\\/veganuary.com\\\/es-es\\\/email-marketing-terms\\\/\",\"name\":\"T\u00e9rminos y Condiciones de Marketing por Correo Electr\u00f3nico - Veganuary\",\"isPartOf\":{\"@id\":\"https:\\\/\\\/veganuary.com\\\/es-es\\\/#website\"},\"datePublished\":\"2025-09-29T16:28:58+00:00\",\"dateModified\":\"2025-09-30T14:52:21+00:00\",\"breadcrumb\":{\"@id\":\"https:\\\/\\\/veganuary.com\\\/es-es\\\/email-marketing-terms\\\/#breadcrumb\"},\"inLanguage\":\"es\",\"potentialAction\":[{\"@type\":\"ReadAction\",\"target\":[\"https:\\\/\\\/veganuary.com\\\/es-es\\\/email-marketing-terms\\\/\"]}]},{\"@type\":\"BreadcrumbList\",\"@id\":\"https:\\\/\\\/veganuary.com\\\/es-es\\\/email-marketing-terms\\\/#breadcrumb\",\"itemListElement\":[{\"@type\":\"ListItem\",\"position\":1,\"name\":\"Home\",\"item\":\"https:\\\/\\\/veganuary.com\\\/es-es\\\/\"},{\"@type\":\"ListItem\",\"position\":2,\"name\":\"T\u00e9rminos y Condiciones de Marketing por Correo Electr\u00f3nico\"}]},{\"@type\":\"WebSite\",\"@id\":\"https:\\\/\\\/veganuary.com\\\/es-es\\\/#website\",\"url\":\"https:\\\/\\\/veganuary.com\\\/es-es\\\/\",\"name\":\"Veganuary\",\"description\":\"The website for Veganuary\",\"publisher\":{\"@id\":\"https:\\\/\\\/veganuary.com\\\/es-es\\\/#organization\"},\"potentialAction\":[{\"@type\":\"SearchAction\",\"target\":{\"@type\":\"EntryPoint\",\"urlTemplate\":\"https:\\\/\\\/veganuary.com\\\/es-es\\\/?s={search_term_string}\"},\"query-input\":{\"@type\":\"PropertyValueSpecification\",\"valueRequired\":true,\"valueName\":\"search_term_string\"}}],\"inLanguage\":\"es\"},{\"@type\":\"Organization\",\"@id\":\"https:\\\/\\\/veganuary.com\\\/es-es\\\/#organization\",\"name\":\"Veganuary\",\"url\":\"https:\\\/\\\/veganuary.com\\\/es-es\\\/\",\"logo\":{\"@type\":\"ImageObject\",\"inLanguage\":\"es\",\"@id\":\"https:\\\/\\\/veganuary.com\\\/es-es\\\/#\\\/schema\\\/logo\\\/image\\\/\",\"url\":\"https:\\\/\\\/veganuary.com\\\/wp-content\\\/uploads\\\/2020\\\/11\\\/135-veganuary-animals-icon-transparent-rgb.png\",\"contentUrl\":\"https:\\\/\\\/veganuary.com\\\/wp-content\\\/uploads\\\/2020\\\/11\\\/135-veganuary-animals-icon-transparent-rgb.png\",\"width\":135,\"height\":135,\"caption\":\"Veganuary\"},\"image\":{\"@id\":\"https:\\\/\\\/veganuary.com\\\/es-es\\\/#\\\/schema\\\/logo\\\/image\\\/\"},\"sameAs\":[\"https:\\\/\\\/www.facebook.com\\\/Veganuary\\\/\",\"https:\\\/\\\/x.com\\\/veganuary\",\"https:\\\/\\\/www.instagram.com\\\/weareveganuary\\\/\",\"https:\\\/\\\/www.linkedin.com\\\/company\\\/veganuary-limited\",\"https:\\\/\\\/www.pinterest.co.uk\\\/Veganuary\\\/\",\"https:\\\/\\\/www.youtube.com\\\/channel\\\/UCGDLtGanlPZLidEGP2N39CA\",\"https:\\\/\\\/en.wikipedia.org\\\/wiki\\\/Veganuary\"]}]}<\/script>\n<!-- \/ Yoast SEO plugin. -->","yoast_head_json":{"title":"T\u00e9rminos y Condiciones de Marketing por Correo Electr\u00f3nico - Veganuary","robots":{"index":"index","follow":"follow","max-snippet":"max-snippet:-1","max-image-preview":"max-image-preview:large","max-video-preview":"max-video-preview:-1"},"canonical":"https:\/\/veganuary.com\/es-es\/email-marketing-terms\/","og_locale":"es_ES","og_type":"article","og_title":"T\u00e9rminos y Condiciones de Marketing por Correo Electr\u00f3nico - Veganuary","og_description":"Me gustar\u00eda recibir actualizaciones sobre Veganuary y conocer el impacto de mi donaci\u00f3n, con novedades emocionantes, historias, trucos y consejos,&hellip;","og_url":"https:\/\/veganuary.com\/es-es\/email-marketing-terms\/","og_site_name":"Veganuary","article_publisher":"https:\/\/www.facebook.com\/Veganuary\/","article_modified_time":"2025-09-30T14:52:21+00:00","twitter_card":"summary_large_image","twitter_site":"@veganuary","twitter_misc":{"Tiempo de lectura":"1 minuto"},"schema":{"@context":"https:\/\/schema.org","@graph":[{"@type":"WebPage","@id":"https:\/\/veganuary.com\/es-es\/email-marketing-terms\/","url":"https:\/\/veganuary.com\/es-es\/email-marketing-terms\/","name":"T\u00e9rminos y Condiciones de Marketing por Correo Electr\u00f3nico - Veganuary","isPartOf":{"@id":"https:\/\/veganuary.com\/es-es\/#website"},"datePublished":"2025-09-29T16:28:58+00:00","dateModified":"2025-09-30T14:52:21+00:00","breadcrumb":{"@id":"https:\/\/veganuary.com\/es-es\/email-marketing-terms\/#breadcrumb"},"inLanguage":"es","potentialAction":[{"@type":"ReadAction","target":["https:\/\/veganuary.com\/es-es\/email-marketing-terms\/"]}]},{"@type":"BreadcrumbList","@id":"https:\/\/veganuary.com\/es-es\/email-marketing-terms\/#breadcrumb","itemListElement":[{"@type":"ListItem","position":1,"name":"Home","item":"https:\/\/veganuary.com\/es-es\/"},{"@type":"ListItem","position":2,"name":"T\u00e9rminos y Condiciones de Marketing por Correo Electr\u00f3nico"}]},{"@type":"WebSite","@id":"https:\/\/veganuary.com\/es-es\/#website","url":"https:\/\/veganuary.com\/es-es\/","name":"Veganuary","description":"The website for Veganuary","publisher":{"@id":"https:\/\/veganuary.com\/es-es\/#organization"},"potentialAction":[{"@type":"SearchAction","target":{"@type":"EntryPoint","urlTemplate":"https:\/\/veganuary.com\/es-es\/?s={search_term_string}"},"query-input":{"@type":"PropertyValueSpecification","valueRequired":true,"valueName":"search_term_string"}}],"inLanguage":"es"},{"@type":"Organization","@id":"https:\/\/veganuary.com\/es-es\/#organization","name":"Veganuary","url":"https:\/\/veganuary.com\/es-es\/","logo":{"@type":"ImageObject","inLanguage":"es","@id":"https:\/\/veganuary.com\/es-es\/#\/schema\/logo\/image\/","url":"https:\/\/veganuary.com\/wp-content\/uploads\/2020\/11\/135-veganuary-animals-icon-transparent-rgb.png","contentUrl":"https:\/\/veganuary.com\/wp-content\/uploads\/2020\/11\/135-veganuary-animals-icon-transparent-rgb.png","width":135,"height":135,"caption":"Veganuary"},"image":{"@id":"https:\/\/veganuary.com\/es-es\/#\/schema\/logo\/image\/"},"sameAs":["https:\/\/www.facebook.com\/Veganuary\/","https:\/\/x.com\/veganuary","https:\/\/www.instagram.com\/weareveganuary\/","https:\/\/www.linkedin.com\/company\/veganuary-limited","https:\/\/www.pinterest.co.uk\/Veganuary\/","https:\/\/www.youtube.com\/channel\/UCGDLtGanlPZLidEGP2N39CA","https:\/\/en.wikipedia.org\/wiki\/Veganuary"]}]}},"_links":{"self":[{"href":"https:\/\/veganuary.com\/es-es\/wp-json\/wp\/v2\/pages\/282267","targetHints":{"allow":["GET"]}}],"collection":[{"href":"https:\/\/veganuary.com\/es-es\/wp-json\/wp\/v2\/pages"}],"about":[{"href":"https:\/\/veganuary.com\/es-es\/wp-json\/wp\/v2\/types\/page"}],"author":[{"embeddable":true,"href":"https:\/\/veganuary.com\/es-es\/wp-json\/wp\/v2\/users\/140"}],"replies":[{"embeddable":true,"href":"https:\/\/veganuary.com\/es-es\/wp-json\/wp\/v2\/comments?post=282267"}],"version-history":[{"count":0,"href":"https:\/\/veganuary.com\/es-es\/wp-json\/wp\/v2\/pages\/282267\/revisions"}],"wp:attachment":[{"href":"https:\/\/veganuary.com\/es-es\/wp-json\/wp\/v2\/media?parent=282267"}],"curies":[{"name":"wp","href":"https:\/\/api.w.org\/{rel}","templated":true}]}}