{"id":288315,"date":"2025-10-07T14:54:07","date_gmt":"2025-10-07T13:54:07","guid":{"rendered":"https:\/\/veganuary.com\/nuevo-ano-mismo-tu\/"},"modified":"2025-12-02T19:55:16","modified_gmt":"2025-12-02T19:55:16","slug":"nuevo-ano-mismo-tu","status":"publish","type":"page","link":"https:\/\/veganuary.com\/es-es\/nuevo-ano-mismo-tu\/","title":{"rendered":"NYSY &#8211; Generic"},"content":{"rendered":"\n<div class=\"billboard\">\n\t<div class=\"billboard__overlay\">\n\t\t<div class=\"billboard__content\">\n\t\t\t<div class=\"container\">\n\t\t\t\t<h1 class=\"billboard__title\">\u00a1NUEVO A\u00d1O, SIEMPRE T\u00da! <\/h1>\n                <div class=\"billboard__text\"><\/div>\n\t\t\t\t\t\t\t\t\t<div class=\"billboard__cta\">\n\t\t\t\t\t\t<a class=\"billboard__btn\" href=\"https:\/\/veganuary.com\/es-es\/inscribete\/\" target=\"_self\" title=\"Participa\">Participa<\/a>\t\t\t\t\t<\/div>\n\t\t\t\t\n\t\t\t<\/div>\n\t\t<\/div>\n\t<\/div>\n\n\t<div class=\"billboard__figure\">\n\t\t<picture class=\"billboard__picture\">\n\t\t\t\t<source media=\"(min-width: 992px)\" srcset=\"https:\/\/veganuary.com\/wp-content\/uploads\/2025\/11\/Landing-Page-Hero-Noodles-1200x900.jpg, https:\/\/veganuary.com\/wp-content\/uploads\/2025\/11\/Landing-Page-Hero-Noodles-1800x1350.jpg 2x\">\n\t\t\t\t<source media=\"(min-width: 768px)\" srcset=\"https:\/\/veganuary.com\/wp-content\/uploads\/2025\/11\/Landing-Page-Hero-Noodles-800x600.jpg, https:\/\/veganuary.com\/wp-content\/uploads\/2025\/11\/Landing-Page-Hero-Noodles-1800x1350.jpg 2x\">\n\t\t\t\t<source media=\"(min-width: 576px)\" srcset=\"https:\/\/veganuary.com\/wp-content\/uploads\/2025\/11\/Landing-Page-Hero-Noodles-800x600.jpg, https:\/\/veganuary.com\/wp-content\/uploads\/2025\/11\/Landing-Page-Hero-Noodles-1200x900.jpg 2x\">\n\t\t\t\t<source media=\"(max-width: 575px)\" srcset=\"https:\/\/veganuary.com\/wp-content\/uploads\/2025\/11\/Landing-Page-Hero-Noodles-400x300.jpg, https:\/\/veganuary.com\/wp-content\/uploads\/2025\/11\/Landing-Page-Hero-Noodles-800x600.jpg 2x\">\n\t\t\t\t<img decoding=\"async\" class=\"billboard__img\" src=\"https:\/\/veganuary.com\/wp-content\/uploads\/2025\/11\/Landing-Page-Hero-Noodles-400x300.jpg\" alt=\"\"><\/picture>\t<\/div>\n\n<\/div>\n\n\n<div class=\"wp-block-group has-light-gray-background-color has-background\"><div class=\"wp-block-group__inner-container is-layout-flow wp-block-group-is-layout-flow\">\n<p class=\"has-medium-font-size\">La mayor\u00eda de los prop\u00f3sitos de a\u00f1o nuevo est\u00e1n dirigidos a convencerte de que no eres lo suficientemente bueno. Cada enero, nos bombardean con los mismos mensajes: Arr\u00e9glate. Convi\u00e9rtete en alguien diferente. C\u00e1mbialo todo.<br><br>Pero, \u00bfy si no necesitaras reinventarte?<\/p>\n\n\n\n<p class=\"has-medium-font-size\">\u00bfY si no se tratara tanto de cambiar como de volver a tu esencia?<\/p>\n\n\n\n<p class=\"has-medium-font-size\">El mundo nos est\u00e1 exigiendo mucho en este momento. As\u00ed que este Veganuary, cambiemos las reglas del juego y dejemos atr\u00e1s la presi\u00f3n de los prop\u00f3sitos: A\u00f1o nuevo, siempre t\u00fa.<\/p>\n\n\n\n<h2 class=\"wp-block-heading\">\u00bfQU\u00c9 QUIERES DECIR CON \u201cSIEMPRE T\u00da\u201d?<\/h2>\n\n\n\n<p>Probar el veganismo no consiste en convertirse en alguien nuevo, sino en potenciar los valores que hacen de ti quien t\u00fa eres.<\/p>\n\n\n\n<p>Quiz\u00e1s te preocupas por los animales. Quiz\u00e1s tu salud y tu forma f\u00edsica son importantes para ti. Quiz\u00e1s quieres habitar este planeta con m\u00e1s ligereza. Quiz\u00e1s te encanta experimentar en la cocina, o simplemente buscas un poco de equilibrio.<br><br>Sea cual sea el motivo que te haya tra\u00eddo hasta aqu\u00ed, comer vegano no implica renunciar a tus comidas favoritas ni a tu identidad. S\u00f3lo significa tomar peque\u00f1as decisiones que reflejen lo que ya te importa.<\/p>\n\n\n\n<p>En cierto modo, no se trata en absoluto de convertirte en otra persona, sino de seguir siendo m\u00e1s t\u00fa.<\/p>\n\n\n\n\t<div class=\"wp-block-custom wp-block-accordion wp-block-custom--narrow\">\n\t\t<div class=\"accordion js-accordion\">\n\n\t\t\t\n\t\t\t\t<div class=\"accordion-item js-accordion-item\">\n\t\t\t\t\t<div class=\"accordion-item__header js-accordion-trigger\">\n\t\t\t\t\t\t<h3 class=\"accordion-item__title\">\u00bfPor qu\u00e9 probar el veganismo? <\/h3>\n\t\t\t\t\t\t<div class=\"accordion-item__icon\"><\/div>\n\t\t\t\t\t<\/div>\n\t\t\t\t\t<div class=\"accordion-item__content\">\n\t\t\t\t\t\t<div class=\"accordion-item__padding\">\n\t\t\t\t\t\t\t<p>M\u00e1s de <a href=\"https:\/\/veganuary.com\/es\/veganuary-celebra-258-millones-de-participantes-en-todo-el-mundo-en-2025\/\">25.8 millones de personas en todo el mundo<\/a> <strong>participaron en Veganuary en enero de 2025<\/strong>. Estas son algunas de las principales motivaciones por las que lo hicieron:<\/p>\n<p><strong>Animales<\/strong>: una <a href=\"https:\/\/www.usatoday.com\/story\/news\/nation-now\/2015\/03\/11\/meat-eaters-animals-lifetime\/70136010\/\">persona promedio consume miles de animales a lo largo de su vida<\/a>. Si te gustan los animales, una de las decisiones m\u00e1s significativas que puedes tomar es simplemente elegir las versiones vegetales de los alimentos que ya disfrutas.<\/p>\n<p><strong>El planeta<\/strong>: La ganader\u00eda es extremadamente destructiva y provoca deforestaci\u00f3n, p\u00e9rdida de biodiversidad y un enorme consumo de agua. Los alimentos de origen vegetal tienden a tener <a href=\"https:\/\/ourworldindata.org\/grapher\/ghg-per-protein-poore\">una huella de carbono menor<\/a> que la carne y los l\u00e1cteos, y en muchos casos una huella mucho menor.<\/p>\n<p><strong>Bienestar<\/strong>: Cada a\u00f1o, <a href=\"https:\/\/veganuary.com\/es\/8-de-cada-10-personas-redujeron-significativamente-su-consumo-de-carne\/\">los participantes encuestados<\/a> nos dicen que notan beneficios evidentes para su bienestar gracias al reto Veganuary; entre ellos, un mejor estado de \u00e1nimo (46%), mayores niveles de energ\u00eda (44%) y mejoras en su salud general (45%).<\/p>\n<p><strong>Curiosidad culinaria<\/strong>: \u00a1Comer a base de plantas abre un mundo completamente nuevo de sabores e ingredientes por explorar! A los foodies os va a encantar experimentar con las nuevas <a href=\"https:\/\/veganuary.com\/es\/recetas\/\">recetas<\/a>, pero a los que no se os da tan bien cocinar pod\u00e9is estar tranquilos; tambi\u00e9n hay un mont\u00f3n de opciones sencillas y sin complicaciones.<\/p>\n\t\t\t\t\t\t<\/div>\n\t\t\t\t\t<\/div>\n\t\t\t\t<\/div>\n\n\t\t\t\t\n\t\t\t\t<div class=\"accordion-item js-accordion-item\">\n\t\t\t\t\t<div class=\"accordion-item__header js-accordion-trigger\">\n\t\t\t\t\t\t<h3 class=\"accordion-item__title\">\u00bfEs asequible la dieta vegana?<\/h3>\n\t\t\t\t\t\t<div class=\"accordion-item__icon\"><\/div>\n\t\t\t\t\t<\/div>\n\t\t\t\t\t<div class=\"accordion-item__content\">\n\t\t\t\t\t\t<div class=\"accordion-item__padding\">\n\t\t\t\t\t\t\t<p>Una alimentaci\u00f3n vegana puede ser una de las formas m\u00e1s econ\u00f3micas de comer, y de comer bien. Con un poco de planificaci\u00f3n, puedes reducir tus gastos a la vez que preparas platos deliciosos y saludables.<\/p>\n<p>Cuando te unas a Veganuary, te enviaremos un plan gratuito de comidas asequibles, para que te sirva de inspiraci\u00f3n. Pero no necesitas nada sofisticado para empezar. Los alimentos b\u00e1sicos como alubias, lentejas, avena, patatas, arroz y verduras te ayudar\u00e1n mucho. Ninguno te arruinar\u00e1 y son muy vers\u00e1tiles, por lo que podr\u00e1s probar muchos platos nuevos.<\/p>\n\t\t\t\t\t\t<\/div>\n\t\t\t\t\t<\/div>\n\t\t\t\t<\/div>\n\n\t\t\t\t\n\t\t\t\t<div class=\"accordion-item js-accordion-item\">\n\t\t\t\t\t<div class=\"accordion-item__header js-accordion-trigger\">\n\t\t\t\t\t\t<h3 class=\"accordion-item__title\">Entonces, \u00bfqu\u00e9 voy a comer? <\/h3>\n\t\t\t\t\t\t<div class=\"accordion-item__icon\"><\/div>\n\t\t\t\t\t<\/div>\n\t\t\t\t\t<div class=\"accordion-item__content\">\n\t\t\t\t\t\t<div class=\"accordion-item__padding\">\n\t\t\t\t\t\t\t<p>Quiz\u00e1s te sorprenda saber cu\u00e1ntos de los productos habituales en tu cesta de la compra ya son veganos: paella de verduras, alubias y tortas de fajitas, frutas y verduras, humus, crema de cacahuete, palomitas de ma\u00edz, muchos tipos de pan\u2026 y la lista contin\u00faa.<\/p>\n<p>Y en el caso de los alimentos que dependen de la carne, l\u00e1cteos o huevos, c\u00e9ntrate en sustituirlos, no en reinventarlos. \u00bfTe encanta un caf\u00e9 cremoso? Prueba con una versi\u00f3n de avena o soja. \u00bfTe apetece una hamburguesa? La mayor\u00eda de los supermercados tienen ya muchas opciones vegetales.<\/p>\n<p>No tienes que renunciar a tus sabores favoritos. \u00a1Simplemente pru\u00e9balos de una forma nueva!<\/p>\n\t\t\t\t\t\t<\/div>\n\t\t\t\t\t<\/div>\n\t\t\t\t<\/div>\n\n\t\t\t\t\n\t\t\t\t<div class=\"accordion-item js-accordion-item\">\n\t\t\t\t\t<div class=\"accordion-item__header js-accordion-trigger\">\n\t\t\t\t\t\t<h3 class=\"accordion-item__title\">\u00bfY qu\u00e9 hay de las comidas con familia y amigos? <\/h3>\n\t\t\t\t\t\t<div class=\"accordion-item__icon\"><\/div>\n\t\t\t\t\t<\/div>\n\t\t\t\t\t<div class=\"accordion-item__content\">\n\t\t\t\t\t\t<div class=\"accordion-item__padding\">\n\t\t\t\t\t\t\t<p>Deja que la comida haga el trabajo de persuasi\u00f3n. Para las celebraciones, ofr\u00e9cete a llevar un plato que te encante; algo familiar, acogedor y que suela triunfar.<\/p>\n<p>Las noches de pasta, tacos, currys y wok ya tienen versiones vegetales que van a satisfacer a todo el mundo. Apuesta por el sabor y la comodidad y no te equivocar\u00e1s. Para comer fuera, aplicaciones como HappyCow pueden ser de gran ayuda.<\/p>\n<p>Y, si se siente bien, \u00bfpor qu\u00e9 no invitas a tu gente a probar Veganuary contigo?<\/p>\n\t\t\t\t\t\t<\/div>\n\t\t\t\t\t<\/div>\n\t\t\t\t<\/div>\n\n\t\t\t\t\n\t\t\t\t<div class=\"accordion-item js-accordion-item\">\n\t\t\t\t\t<div class=\"accordion-item__header js-accordion-trigger\">\n\t\t\t\t\t\t<h3 class=\"accordion-item__title\">Me gustar\u00eda probarlo. \u00bfPor d\u00f3nde empiezo? <\/h3>\n\t\t\t\t\t\t<div class=\"accordion-item__icon\"><\/div>\n\t\t\t\t\t<\/div>\n\t\t\t\t\t<div class=\"accordion-item__content\">\n\t\t\t\t\t\t<div class=\"accordion-item__padding\">\n\t\t\t\t\t\t\t<p>\u00a1Esper\u00e1bamos que nos hicieras esa pregunta!<\/p>\n<p>Sabemos que puede resultar un poco abrumador lanzarse a la aventura, pero estamos aqu\u00ed para ayudarte. Si pruebas el veganismo con Veganuary, te enviaremos por correo electr\u00f3nico libros de cocina digitales, recetas y planes de comidas repletos de platos deliciosos para inspirarte, \u00a1y todo ello de forma gratuita!<\/p>\n<p>Para participar, s\u00f3lo tienes que hacer clic en el bot\u00f3n grande que aparece a continuaci\u00f3n.<\/p>\n\t\t\t\t\t\t<\/div>\n\t\t\t\t\t<\/div>\n\t\t\t\t<\/div>\n\n\t\t\t\t\n\t\t<\/div>\n\t<\/div>\n\n\t\n\n\n<h2 class=\"wp-block-heading\">\u00bfNO ERA HORA DE QUE PROBASES EL VEGANISMO?<\/h2>\n\n\n\n<p>Con Veganuary, no necesitas transformar tu personalidad. Lo \u00fanico que cambia es lo que hay en tu plato, \u00a1y ese peque\u00f1o gesto tiene un gran impacto!<\/p>\n\n\n\n<div style=\"text-align:center;\">\n<div class=\"wp-block-button is-style-fill\" style=\"display:inline-block;\">\n<a class=\"wp-block-button__link wp-element-button\"\n       href=\"https:\/\/veganuary.com\/es-es\/inscribete\/\"\n       style=\"display:inline-block; width:auto; padding:0.75rem 1.25rem;\">\n      \u00danete\n<\/a>\n<\/div>\n<\/div>\n\n\n\n<p><\/p>\n<\/div><\/div>\n","protected":false},"excerpt":{"rendered":"<p>La mayor\u00eda de los prop\u00f3sitos de a\u00f1o nuevo est\u00e1n dirigidos a convencerte de que no eres lo suficientemente bueno. Cada&hellip;<\/p>\n","protected":false},"author":95,"featured_media":0,"parent":0,"menu_order":0,"comment_status":"closed","ping_status":"closed","template":"","meta":{"_acf_changed":true,"_coblocks_attr":"","_coblocks_dimensions":"{\"coblocks-hero-97142831808\":{\"padding\":{}}}","_coblocks_responsive_height":"","_coblocks_accordion_ie_support":"","footnotes":""},"class_list":["post-288315","page","type-page","status-publish","hentry"],"acf":[],"yoast_head":"<!-- This site is optimized with the Yoast SEO plugin v27.4 - https:\/\/yoast.com\/product\/yoast-seo-wordpress\/ -->\n<title>\u00a1NUEVO A\u00d1O, MISMO T\u00da!<\/title>\n<meta name=\"description\" content=\"La mayor\u00eda de los prop\u00f3sitos tienen como objetivo decirte que no eres lo suficientemente bueno. Cada enero, nos bombardean con los mismos mensajes trillados: Mej\u00f3rate. Convi\u00e9rtete en alguien diferente. Cambia todo.\" \/>\n<meta name=\"robots\" content=\"index, follow, max-snippet:-1, max-image-preview:large, max-video-preview:-1\" \/>\n<link rel=\"canonical\" href=\"https:\/\/veganuary.com\/es-es\/nuevo-ano-mismo-tu\/\" \/>\n<meta property=\"og:locale\" content=\"es_ES\" \/>\n<meta property=\"og:type\" content=\"article\" \/>\n<meta property=\"og:title\" content=\"\u00a1NUEVO A\u00d1O, MISMO T\u00da!\" \/>\n<meta property=\"og:description\" content=\"La mayor\u00eda de los prop\u00f3sitos tienen como objetivo decirte que no eres lo suficientemente bueno. Cada enero, nos bombardean con los mismos mensajes trillados: Mej\u00f3rate. Convi\u00e9rtete en alguien diferente. Cambia todo.\" \/>\n<meta property=\"og:url\" content=\"https:\/\/veganuary.com\/es-es\/nuevo-ano-mismo-tu\/\" \/>\n<meta property=\"og:site_name\" content=\"Veganuary\" \/>\n<meta property=\"article:publisher\" content=\"https:\/\/www.facebook.com\/Veganuary\/\" \/>\n<meta property=\"article:modified_time\" content=\"2025-12-02T19:55:16+00:00\" \/>\n<meta name=\"twitter:card\" content=\"summary_large_image\" \/>\n<meta name=\"twitter:site\" content=\"@veganuary\" \/>\n<meta name=\"twitter:label1\" content=\"Tiempo de lectura\" \/>\n\t<meta name=\"twitter:data1\" content=\"2 minutos\" \/>\n<script type=\"application\/ld+json\" class=\"yoast-schema-graph\">{\"@context\":\"https:\\\/\\\/schema.org\",\"@graph\":[{\"@type\":\"WebPage\",\"@id\":\"https:\\\/\\\/veganuary.com\\\/es-es\\\/nuevo-ano-mismo-tu\\\/\",\"url\":\"https:\\\/\\\/veganuary.com\\\/es-es\\\/nuevo-ano-mismo-tu\\\/\",\"name\":\"\u00a1NUEVO A\u00d1O, MISMO T\u00da!\",\"isPartOf\":{\"@id\":\"https:\\\/\\\/veganuary.com\\\/es-es\\\/#website\"},\"datePublished\":\"2025-10-07T13:54:07+00:00\",\"dateModified\":\"2025-12-02T19:55:16+00:00\",\"description\":\"La mayor\u00eda de los prop\u00f3sitos tienen como objetivo decirte que no eres lo suficientemente bueno. Cada enero, nos bombardean con los mismos mensajes trillados: Mej\u00f3rate. Convi\u00e9rtete en alguien diferente. Cambia todo.\",\"breadcrumb\":{\"@id\":\"https:\\\/\\\/veganuary.com\\\/es-es\\\/nuevo-ano-mismo-tu\\\/#breadcrumb\"},\"inLanguage\":\"es\",\"potentialAction\":[{\"@type\":\"ReadAction\",\"target\":[\"https:\\\/\\\/veganuary.com\\\/es-es\\\/nuevo-ano-mismo-tu\\\/\"]}]},{\"@type\":\"BreadcrumbList\",\"@id\":\"https:\\\/\\\/veganuary.com\\\/es-es\\\/nuevo-ano-mismo-tu\\\/#breadcrumb\",\"itemListElement\":[{\"@type\":\"ListItem\",\"position\":1,\"name\":\"Home\",\"item\":\"https:\\\/\\\/veganuary.com\\\/es-es\\\/\"},{\"@type\":\"ListItem\",\"position\":2,\"name\":\"NYSY &#8211; Generic\"}]},{\"@type\":\"WebSite\",\"@id\":\"https:\\\/\\\/veganuary.com\\\/es-es\\\/#website\",\"url\":\"https:\\\/\\\/veganuary.com\\\/es-es\\\/\",\"name\":\"Veganuary\",\"description\":\"The website for Veganuary\",\"publisher\":{\"@id\":\"https:\\\/\\\/veganuary.com\\\/es-es\\\/#organization\"},\"potentialAction\":[{\"@type\":\"SearchAction\",\"target\":{\"@type\":\"EntryPoint\",\"urlTemplate\":\"https:\\\/\\\/veganuary.com\\\/es-es\\\/?s={search_term_string}\"},\"query-input\":{\"@type\":\"PropertyValueSpecification\",\"valueRequired\":true,\"valueName\":\"search_term_string\"}}],\"inLanguage\":\"es\"},{\"@type\":\"Organization\",\"@id\":\"https:\\\/\\\/veganuary.com\\\/es-es\\\/#organization\",\"name\":\"Veganuary\",\"url\":\"https:\\\/\\\/veganuary.com\\\/es-es\\\/\",\"logo\":{\"@type\":\"ImageObject\",\"inLanguage\":\"es\",\"@id\":\"https:\\\/\\\/veganuary.com\\\/es-es\\\/#\\\/schema\\\/logo\\\/image\\\/\",\"url\":\"https:\\\/\\\/veganuary.com\\\/wp-content\\\/uploads\\\/2020\\\/11\\\/135-veganuary-animals-icon-transparent-rgb.png\",\"contentUrl\":\"https:\\\/\\\/veganuary.com\\\/wp-content\\\/uploads\\\/2020\\\/11\\\/135-veganuary-animals-icon-transparent-rgb.png\",\"width\":135,\"height\":135,\"caption\":\"Veganuary\"},\"image\":{\"@id\":\"https:\\\/\\\/veganuary.com\\\/es-es\\\/#\\\/schema\\\/logo\\\/image\\\/\"},\"sameAs\":[\"https:\\\/\\\/www.facebook.com\\\/Veganuary\\\/\",\"https:\\\/\\\/x.com\\\/veganuary\",\"https:\\\/\\\/www.instagram.com\\\/weareveganuary\\\/\",\"https:\\\/\\\/www.linkedin.com\\\/company\\\/veganuary-limited\",\"https:\\\/\\\/www.pinterest.co.uk\\\/Veganuary\\\/\",\"https:\\\/\\\/www.youtube.com\\\/channel\\\/UCGDLtGanlPZLidEGP2N39CA\",\"https:\\\/\\\/en.wikipedia.org\\\/wiki\\\/Veganuary\"]}]}<\/script>\n<!-- \/ Yoast SEO plugin. -->","yoast_head_json":{"title":"\u00a1NUEVO A\u00d1O, MISMO T\u00da!","description":"La mayor\u00eda de los prop\u00f3sitos tienen como objetivo decirte que no eres lo suficientemente bueno. Cada enero, nos bombardean con los mismos mensajes trillados: Mej\u00f3rate. Convi\u00e9rtete en alguien diferente. Cambia todo.","robots":{"index":"index","follow":"follow","max-snippet":"max-snippet:-1","max-image-preview":"max-image-preview:large","max-video-preview":"max-video-preview:-1"},"canonical":"https:\/\/veganuary.com\/es-es\/nuevo-ano-mismo-tu\/","og_locale":"es_ES","og_type":"article","og_title":"\u00a1NUEVO A\u00d1O, MISMO T\u00da!","og_description":"La mayor\u00eda de los prop\u00f3sitos tienen como objetivo decirte que no eres lo suficientemente bueno. Cada enero, nos bombardean con los mismos mensajes trillados: Mej\u00f3rate. Convi\u00e9rtete en alguien diferente. Cambia todo.","og_url":"https:\/\/veganuary.com\/es-es\/nuevo-ano-mismo-tu\/","og_site_name":"Veganuary","article_publisher":"https:\/\/www.facebook.com\/Veganuary\/","article_modified_time":"2025-12-02T19:55:16+00:00","twitter_card":"summary_large_image","twitter_site":"@veganuary","twitter_misc":{"Tiempo de lectura":"2 minutos"},"schema":{"@context":"https:\/\/schema.org","@graph":[{"@type":"WebPage","@id":"https:\/\/veganuary.com\/es-es\/nuevo-ano-mismo-tu\/","url":"https:\/\/veganuary.com\/es-es\/nuevo-ano-mismo-tu\/","name":"\u00a1NUEVO A\u00d1O, MISMO T\u00da!","isPartOf":{"@id":"https:\/\/veganuary.com\/es-es\/#website"},"datePublished":"2025-10-07T13:54:07+00:00","dateModified":"2025-12-02T19:55:16+00:00","description":"La mayor\u00eda de los prop\u00f3sitos tienen como objetivo decirte que no eres lo suficientemente bueno. Cada enero, nos bombardean con los mismos mensajes trillados: Mej\u00f3rate. Convi\u00e9rtete en alguien diferente. Cambia todo.","breadcrumb":{"@id":"https:\/\/veganuary.com\/es-es\/nuevo-ano-mismo-tu\/#breadcrumb"},"inLanguage":"es","potentialAction":[{"@type":"ReadAction","target":["https:\/\/veganuary.com\/es-es\/nuevo-ano-mismo-tu\/"]}]},{"@type":"BreadcrumbList","@id":"https:\/\/veganuary.com\/es-es\/nuevo-ano-mismo-tu\/#breadcrumb","itemListElement":[{"@type":"ListItem","position":1,"name":"Home","item":"https:\/\/veganuary.com\/es-es\/"},{"@type":"ListItem","position":2,"name":"NYSY &#8211; Generic"}]},{"@type":"WebSite","@id":"https:\/\/veganuary.com\/es-es\/#website","url":"https:\/\/veganuary.com\/es-es\/","name":"Veganuary","description":"The website for Veganuary","publisher":{"@id":"https:\/\/veganuary.com\/es-es\/#organization"},"potentialAction":[{"@type":"SearchAction","target":{"@type":"EntryPoint","urlTemplate":"https:\/\/veganuary.com\/es-es\/?s={search_term_string}"},"query-input":{"@type":"PropertyValueSpecification","valueRequired":true,"valueName":"search_term_string"}}],"inLanguage":"es"},{"@type":"Organization","@id":"https:\/\/veganuary.com\/es-es\/#organization","name":"Veganuary","url":"https:\/\/veganuary.com\/es-es\/","logo":{"@type":"ImageObject","inLanguage":"es","@id":"https:\/\/veganuary.com\/es-es\/#\/schema\/logo\/image\/","url":"https:\/\/veganuary.com\/wp-content\/uploads\/2020\/11\/135-veganuary-animals-icon-transparent-rgb.png","contentUrl":"https:\/\/veganuary.com\/wp-content\/uploads\/2020\/11\/135-veganuary-animals-icon-transparent-rgb.png","width":135,"height":135,"caption":"Veganuary"},"image":{"@id":"https:\/\/veganuary.com\/es-es\/#\/schema\/logo\/image\/"},"sameAs":["https:\/\/www.facebook.com\/Veganuary\/","https:\/\/x.com\/veganuary","https:\/\/www.instagram.com\/weareveganuary\/","https:\/\/www.linkedin.com\/company\/veganuary-limited","https:\/\/www.pinterest.co.uk\/Veganuary\/","https:\/\/www.youtube.com\/channel\/UCGDLtGanlPZLidEGP2N39CA","https:\/\/en.wikipedia.org\/wiki\/Veganuary"]}]}},"_links":{"self":[{"href":"https:\/\/veganuary.com\/es-es\/wp-json\/wp\/v2\/pages\/288315","targetHints":{"allow":["GET"]}}],"collection":[{"href":"https:\/\/veganuary.com\/es-es\/wp-json\/wp\/v2\/pages"}],"about":[{"href":"https:\/\/veganuary.com\/es-es\/wp-json\/wp\/v2\/types\/page"}],"author":[{"embeddable":true,"href":"https:\/\/veganuary.com\/es-es\/wp-json\/wp\/v2\/users\/95"}],"replies":[{"embeddable":true,"href":"https:\/\/veganuary.com\/es-es\/wp-json\/wp\/v2\/comments?post=288315"}],"version-history":[{"count":0,"href":"https:\/\/veganuary.com\/es-es\/wp-json\/wp\/v2\/pages\/288315\/revisions"}],"wp:attachment":[{"href":"https:\/\/veganuary.com\/es-es\/wp-json\/wp\/v2\/media?parent=288315"}],"curies":[{"name":"wp","href":"https:\/\/api.w.org\/{rel}","templated":true}]}}