{"id":250354,"date":"2020-08-06T08:51:54","date_gmt":"2020-08-06T07:51:54","guid":{"rendered":"https:\/\/veganuary.com\/preguntas-frecuentes\/"},"modified":"2024-11-12T10:39:39","modified_gmt":"2024-11-12T10:39:39","slug":"preguntas-frecuentes","status":"publish","type":"page","link":"https:\/\/veganuary.com\/es-mx\/preguntas-frecuentes\/","title":{"rendered":"Preguntas frecuentes"},"content":{"rendered":"\n<div class=\"masthead\">\n\t<div class=\"container\">\n\t\t<div class=\"row\">\n\t\t\t<div class=\"col-md-10 offset-md-1 col-lg-8 offset-lg-2 col-xl-6 offset-xl-3\">\n\n\t\t\t\t<h1 class=\"masthead__title\">Preguntas frecuentes<\/h1>\n\n\t\t\t\t\n\t\t\t<\/div>\n\t\t<\/div>\n\t<\/div>\n<\/div>\n\n\n\n<div class=\"wp-block-group has-light-gray-background-color has-background\"><div class=\"wp-block-group__inner-container is-layout-flow wp-block-group-is-layout-flow\">\n<p class=\"has-medium-font-size\">Por favor revisa nuestras preguntas frecuentes antes de ponerte en contacto con nosotros. \u00a1Tal vez tu pregunta ya puede tener respuesta!<\/p>\n\n\n\n\t<div class=\"wp-block-custom wp-block-accordion wp-block-custom--narrow\">\n\t\t<div class=\"accordion js-accordion\">\n\n\t\t\t\n\t\t\t\t<div class=\"accordion-item js-accordion-item\">\n\t\t\t\t\t<div class=\"accordion-item__header js-accordion-trigger\">\n\t\t\t\t\t\t<h3 class=\"accordion-item__title\">\u00bfCu\u00e1ntas personas participaron en Veganuary 2024?<\/h3>\n\t\t\t\t\t\t<div class=\"accordion-item__icon\"><\/div>\n\t\t\t\t\t<\/div>\n\t\t\t\t\t<div class=\"accordion-item__content\">\n\t\t\t\t\t\t<div class=\"accordion-item__padding\">\n\t\t\t\t\t\t\t<p>Veganuary ha ayudado directamente a m\u00e1s de 1,8 millones de personas a probar el veganismo durante un mes con nuestros recursos gratuitos. Para que la gente pueda participar en la campa\u00f1a de la manera que mejor se adapte a su estilo de vida en un mundo en constante cambio, Veganuary ofrece ahora su apoyo y orientaci\u00f3n en m\u00faltiples formatos, incluyendo 31 correos electr\u00f3nicos diarios de coaching, a los que la gente se suscribe en el sitio web; un podcast semanal; una serie de 31 videos diarios de coaching en YouTube; canales de medios sociales en ingl\u00e9s, alem\u00e1n, espa\u00f1ol y portugu\u00e9s; as\u00ed como productos a la venta que incluyen el nuevo Libro de Cocina Oficial de Veganuary y el Kit Vegano, una baraja de cartas con todo lo necesario para empezar a explorar una dieta vegana. En todo el mundo, m\u00e1s de 1,8 millones de personas decidieron recibir activamente los recursos y el apoyo de Veganuary a trav\u00e9s de uno o m\u00e1s de estos canales*. Pero incluso este enorme n\u00famero es probable que sea s\u00f3lo una fracci\u00f3n de las personas que realmente participan en Veganuary. Encargamos varias encuestas a YouGov en los principales pa\u00edses de nuestra campa\u00f1a** para determinar el porcentaje de personas que afirman haber participado en Veganuary durante enero de 2024. Bas\u00e1ndose en estos resultados y en las estimaciones actuales de poblaci\u00f3n de cada pa\u00eds, Veganuary ha calculado que aproximadamente 25 millones de personas en todo el mundo decidieron probar el veganismo este mes de enero. M\u00e1s informaci\u00f3n sobre los resultados de la campa\u00f1a Veganuary 2024 <a href=\"https:\/\/veganuary.com\/es\/cuantas-personas-se-inscribieron-en-veganuary-2024-los-resultados-explicados\/\" target=\"_blank\" rel=\"noopener\">aqu\u00ed<\/a>.<\/p>\n<p><em>*Esta cifra incluye a todas las personas que eligieron activamente recibir recursos de Veganuary durante la campa\u00f1a 2024, incluidos los y las que se suscribieron a los correos electr\u00f3nicos diarios de coaching o vieron nuestros v\u00eddeos diarios de coaching a trav\u00e9s de la serie de 31 d\u00edas de Veganuary en YouTube, as\u00ed como las escuchas de los podcasts de Veganuary; las personas que siguen la orientaci\u00f3n de Veganuary en las redes sociales y las personas que compraron el Libro de Cocina Oficial de Veganuary o nuestro Kit Vegano para recetas e informaci\u00f3n nutricional.<\/em><\/p>\n<p><em>**Las encuestas fueron realizadas por YouGov PLC en:<\/em><\/p>\n<p style=\"text-align: left\"><em>Reino Unido \u2013 Tama\u00f1o total de la muestra: 2.292 adultos. El trabajo de campo se llev\u00f3 a cabo entre el 26 y el 29 de enero de 2024. La encuesta se realiz\u00f3 en l\u00ednea. Las cifras se han ponderado y son representativas de todos los adultos del Reino Unido (mayores de 18 a\u00f1os).<\/em><\/p>\n<p style=\"text-align: left\"><em>EE.UU. \u2013 Tama\u00f1o total de la muestra: 2354 adultos. El trabajo de campo se llev\u00f3 a cabo entre el 23 y el 26 de enero de 2024. La encuesta se realiz\u00f3 en l\u00ednea. Las cifras se han ponderado y son representativas de todos los adultos estadounidenses (mayores de 18 a\u00f1os).<\/em><\/p>\n<p style=\"text-align: left\"><em>Alemania \u2013 Tama\u00f1o total de la muestra: 2120 adultos. El trabajo de campo se llev\u00f3 a cabo entre el 22 y el 24 de enero de 2024. La encuesta se realiz\u00f3 en l\u00ednea. Las cifras han sido ponderadas y son representativas de todos los adultos alemanes (mayores de 18 a\u00f1os).<\/em><\/p>\n<p style=\"text-align: left\"><em>Italia \u2013 Tama\u00f1o total de la muestra: 2063 adultos. El trabajo de campo se llev\u00f3 a cabo entre el 18 y el 21 de enero de 2024. La encuesta se realiz\u00f3 en l\u00ednea. Las cifras han sido ponderadas y son representativas de todos los adultos italianos (mayores de 18 a\u00f1os).<\/em><\/p>\n<p style=\"text-align: left\"><em>Espa\u00f1a \u2013 Tama\u00f1o total de la muestra: 2199 adultos. El trabajo de campo se llev\u00f3 a cabo entre el 18 y el 24 de enero de 2024. La encuesta se realiz\u00f3 en l\u00ednea. Las cifras han sido ponderadas y son representativas de todos los adultos espa\u00f1oles (mayores de 18 a\u00f1os).<\/em><\/p>\n<p style=\"text-align: left\"><em>Francia \u2013 Tama\u00f1o total de la muestra: 2101 adultos. El trabajo de campo se realiz\u00f3 entre el 22 y el 24 de enero de 2024. La encuesta se realiz\u00f3 en l\u00ednea. Las cifras se han ponderado y son representativas de todos los adultos franceses (mayores de 18 a\u00f1os).<\/em><\/p>\n<p style=\"text-align: left\"><em>Austria \u2013 Tama\u00f1o total de la muestra 2000 adultos. El trabajo de campo se llev\u00f3 a cabo entre el 16 y el 29 de enero de 2024. La encuesta se realiz\u00f3 en l\u00ednea. Las cifras han sido ponderadas y son representativas de todos los adultos austriacos (mayores de 18 a\u00f1os).<\/em><\/p>\n<p style=\"text-align: left\"><em>Suiza \u2013 Tama\u00f1o total de la muestra 2004 adultos. El trabajo de campo se llev\u00f3 a cabo entre el 16 y el 30 de enero de 2024. La encuesta se realiz\u00f3 en l\u00ednea. Las cifras han sido ponderadas y son representativas de todos los adultos suizos (mayores de 18 a\u00f1os).<\/em><\/p>\n<p style=\"text-align: left\"><em>Chile \u2013 Tama\u00f1o total de la muestra 1000 adultos. El trabajo de campo se llev\u00f3 a cabo entre el 23 y el 26 de enero de 2024. La encuesta se realiz\u00f3 en l\u00ednea. Las cifras han sido ponderadas y son representativas de todos los adultos chilenos (mayores de 18 a\u00f1os).<\/em><\/p>\n\t\t\t\t\t\t<\/div>\n\t\t\t\t\t<\/div>\n\t\t\t\t<\/div>\n\n\t\t\t\t\n\t\t\t\t<div class=\"accordion-item js-accordion-item\">\n\t\t\t\t\t<div class=\"accordion-item__header js-accordion-trigger\">\n\t\t\t\t\t\t<h3 class=\"accordion-item__title\">\u00bfTe interesan los resultados de las campa\u00f1as de Veganuary?<\/h3>\n\t\t\t\t\t\t<div class=\"accordion-item__icon\"><\/div>\n\t\t\t\t\t<\/div>\n\t\t\t\t\t<div class=\"accordion-item__content\">\n\t\t\t\t\t\t<div class=\"accordion-item__padding\">\n\t\t\t\t\t\t\t<p>Desde su lanzamiento en 2014, millones de personas de todo el mundo se han inscrito oficialmente para participar en Veganuary. Para m\u00e1s informaci\u00f3n sobre la participaci\u00f3n, los resultados oficiales de la encuesta de Veganuary, los lanzamientos de productos y la cobertura medi\u00e1tica mundial, consulta nuestros<a href=\"https:\/\/veganuary.com\/es\/informes-de-la-campana\/\" target=\"_blank\" rel=\"noopener\"> informes de campa\u00f1a<\/a> y <a href=\"https:\/\/veganuary.com\/es\/centro-de-prensa\/\" target=\"_blank\" rel=\"noopener\">comunicados de prensa<\/a>.<\/p>\n\t\t\t\t\t\t<\/div>\n\t\t\t\t\t<\/div>\n\t\t\t\t<\/div>\n\n\t\t\t\t\n\t\t\t\t<div class=\"accordion-item js-accordion-item\">\n\t\t\t\t\t<div class=\"accordion-item__header js-accordion-trigger\">\n\t\t\t\t\t\t<h3 class=\"accordion-item__title\">\u00bfEres una empresa vegana que quiere trabajar con nosotros en Espa\u00f1a?<\/h3>\n\t\t\t\t\t\t<div class=\"accordion-item__icon\"><\/div>\n\t\t\t\t\t<\/div>\n\t\t\t\t\t<div class=\"accordion-item__content\">\n\t\t\t\t\t\t<div class=\"accordion-item__padding\">\n\t\t\t\t\t\t\t<p>Escr\u00edbenos un correo electr\u00f3nico a <strong>empresas@veganuary.com<br \/>\n<\/strong>\u00a1Te responderemos a la mayor brevedad posible!<\/p>\n\t\t\t\t\t\t<\/div>\n\t\t\t\t\t<\/div>\n\t\t\t\t<\/div>\n\n\t\t\t\t\n\t\t\t\t<div class=\"accordion-item js-accordion-item\">\n\t\t\t\t\t<div class=\"accordion-item__header js-accordion-trigger\">\n\t\t\t\t\t\t<h3 class=\"accordion-item__title\">\u00bfNecesitas ayuda y apoyo para probar el veganismo?<\/h3>\n\t\t\t\t\t\t<div class=\"accordion-item__icon\"><\/div>\n\t\t\t\t\t<\/div>\n\t\t\t\t\t<div class=\"accordion-item__content\">\n\t\t\t\t\t\t<div class=\"accordion-item__padding\">\n\t\t\t\t\t\t\t<p>Prueba el veganismo con Veganuary &#8211; <a href=\"https:\/\/veganuary.com\/es\/inscribete\/\" target=\"_blank\" rel=\"noopener\">inscribete hoy aqui<\/a>.<\/p>\n\t\t\t\t\t\t<\/div>\n\t\t\t\t\t<\/div>\n\t\t\t\t<\/div>\n\n\t\t\t\t\n\t\t\t\t<div class=\"accordion-item js-accordion-item\">\n\t\t\t\t\t<div class=\"accordion-item__header js-accordion-trigger\">\n\t\t\t\t\t\t<h3 class=\"accordion-item__title\">\u00bfTienes dudas de salud y nutricionales?<\/h3>\n\t\t\t\t\t\t<div class=\"accordion-item__icon\"><\/div>\n\t\t\t\t\t<\/div>\n\t\t\t\t\t<div class=\"accordion-item__content\">\n\t\t\t\t\t\t<div class=\"accordion-item__padding\">\n\t\t\t\t\t\t\t<p>Si te preocupa tu salud, te recomendamos hablar con tu m\u00e9dico de cabecera o con un dietista profesional con especializaci\u00f3n en dietas veganas.<\/p>\n\t\t\t\t\t\t<\/div>\n\t\t\t\t\t<\/div>\n\t\t\t\t<\/div>\n\n\t\t\t\t\n\t\t\t\t<div class=\"accordion-item js-accordion-item\">\n\t\t\t\t\t<div class=\"accordion-item__header js-accordion-trigger\">\n\t\t\t\t\t\t<h3 class=\"accordion-item__title\">\u00bfNo estas recibiendo los correos o el libro de recetas?<\/h3>\n\t\t\t\t\t\t<div class=\"accordion-item__icon\"><\/div>\n\t\t\t\t\t<\/div>\n\t\t\t\t\t<div class=\"accordion-item__content\">\n\t\t\t\t\t\t<div class=\"accordion-item__padding\">\n\t\t\t\t\t\t\t<p>Aseg\u00farate de revisar los correos electr\u00f3nicos de Veganuary en las carpetas de &#8220;Promociones&#8221; u &#8220;Otros&#8221; de tu bandeja de entrada. Y no olvides agregar a Veganuary a sus contactos para asegurarte que ver\u00e1s los 31 e-mails.<\/p>\n\t\t\t\t\t\t<\/div>\n\t\t\t\t\t<\/div>\n\t\t\t\t<\/div>\n\n\t\t\t\t\n\t\t\t\t<div class=\"accordion-item js-accordion-item\">\n\t\t\t\t\t<div class=\"accordion-item__header js-accordion-trigger\">\n\t\t\t\t\t\t<h3 class=\"accordion-item__title\">Tengo una condici\u00f3n de salud\/duda sobre mi salud y necesito consejos nutricionales. \u00bfPueden ayudarme?<\/h3>\n\t\t\t\t\t\t<div class=\"accordion-item__icon\"><\/div>\n\t\t\t\t\t<\/div>\n\t\t\t\t\t<div class=\"accordion-item__content\">\n\t\t\t\t\t\t<div class=\"accordion-item__padding\">\n\t\t\t\t\t\t\t<p>Veganuary no es una organizaci\u00f3n m\u00e9dica y tampoco somos profesionales de la salud, es por esta raz\u00f3n por la que no le podemos ofrecer alg\u00fan consejo. Te recomendamos seguir los consejos de tu m\u00e9dico de cabecera para todas las consultas de salud.<\/p>\n\t\t\t\t\t\t<\/div>\n\t\t\t\t\t<\/div>\n\t\t\t\t<\/div>\n\n\t\t\t\t\n\t\t\t\t<div class=\"accordion-item js-accordion-item\">\n\t\t\t\t\t<div class=\"accordion-item__header js-accordion-trigger\">\n\t\t\t\t\t\t<h3 class=\"accordion-item__title\">\u00bfPor qu\u00e9 los veganos quieren algo que se vea y sepa a carne?<\/h3>\n\t\t\t\t\t\t<div class=\"accordion-item__icon\"><\/div>\n\t\t\t\t\t<\/div>\n\t\t\t\t\t<div class=\"accordion-item__content\">\n\t\t\t\t\t\t<div class=\"accordion-item__padding\">\n\t\t\t\t\t\t\t<p>La mayor\u00eda de nosotros no nacimos veganos. Crecimos comiendo carne, productos l\u00e1cteos y huevos, y muchos de nosotros disfrutamos el sabor y la textura. Cuando tomamos la decisi\u00f3n de dejar de comer productos animales no fue porque no nos gustara el sabor, simplemente no nos gust\u00f3 el da\u00f1o que estaba causando a los animales, el planeta y nuestros cuerpos.<\/p>\n<p>Mientras que algunos veganos encuentran productos que se ven y saben a carne desagradables, muchos est\u00e1n encantados de poder continuar disfrutando de los alimentos con los que crecieron, que les son familiares y tal vez incluso llenos de buenos recuerdos, sin todo lo negativo de la ganader\u00eda.<\/p>\n\t\t\t\t\t\t<\/div>\n\t\t\t\t\t<\/div>\n\t\t\t\t<\/div>\n\n\t\t\t\t\n\t\t\t\t<div class=\"accordion-item js-accordion-item\">\n\t\t\t\t\t<div class=\"accordion-item__header js-accordion-trigger\">\n\t\t\t\t\t\t<h3 class=\"accordion-item__title\">\u00bfTienes alguna pregunta sobre las donaciones?<\/h3>\n\t\t\t\t\t\t<div class=\"accordion-item__icon\"><\/div>\n\t\t\t\t\t<\/div>\n\t\t\t\t\t<div class=\"accordion-item__content\">\n\t\t\t\t\t\t<div class=\"accordion-item__padding\">\n\t\t\t\t\t\t\t<p>Si quieres hacer una donaci\u00f3n a\u00a0 Veganuary, o si est\u00e1s interesado en saber m\u00e1s sobre c\u00f3mo apoyar nuestro trabajo, env\u00edanos un correo electr\u00f3nico a<a href=\"mailto:fundraising@veganuary.com\"><strong> fundraising@veganuary.com<\/strong><\/a> y estaremos encantados de ayudarte. Podemos ayudarle con cualquier pregunta acerca de las donaciones. Muchas gracias por tu apoyo.<\/p>\n\t\t\t\t\t\t<\/div>\n\t\t\t\t\t<\/div>\n\t\t\t\t<\/div>\n\n\t\t\t\t\n\t\t<\/div>\n\t<\/div>\n\n\t<\/div><\/div>\n","protected":false},"excerpt":{"rendered":"<p>Por favor revisa nuestras preguntas frecuentes antes de ponerte en contacto con nosotros. \u00a1Tal vez tu pregunta ya puede tener&hellip;<\/p>\n","protected":false},"author":70,"featured_media":0,"parent":0,"menu_order":220,"comment_status":"closed","ping_status":"closed","template":"","meta":{"_acf_changed":true,"_coblocks_attr":"","_coblocks_dimensions":"","_coblocks_responsive_height":"","_coblocks_accordion_ie_support":"","footnotes":""},"class_list":["post-250354","page","type-page","status-publish","hentry"],"acf":[],"yoast_head":"<!-- This site is optimized with the Yoast SEO plugin v27.4 - https:\/\/yoast.com\/product\/yoast-seo-wordpress\/ -->\n<title>Preguntas frecuentes | Veganuary<\/title>\n<meta name=\"description\" content=\"Por favor revise nuestras preguntas frecuentes antes de ponerse en contacto con nosotros. Su pregunta ya puede tener respuesta.\" \/>\n<meta name=\"robots\" content=\"index, follow, max-snippet:-1, max-image-preview:large, max-video-preview:-1\" \/>\n<link rel=\"canonical\" href=\"https:\/\/veganuary.com\/es-mx\/preguntas-frecuentes\/\" \/>\n<meta property=\"og:locale\" content=\"es_MX\" \/>\n<meta property=\"og:type\" content=\"article\" \/>\n<meta property=\"og:title\" content=\"Preguntas frecuentes | Veganuary\" \/>\n<meta property=\"og:description\" content=\"Por favor revise nuestras preguntas frecuentes antes de ponerse en contacto con nosotros. Su pregunta ya puede tener respuesta.\" \/>\n<meta property=\"og:url\" content=\"https:\/\/veganuary.com\/es-mx\/preguntas-frecuentes\/\" \/>\n<meta property=\"og:site_name\" content=\"Veganuary\" \/>\n<meta property=\"article:publisher\" content=\"https:\/\/www.facebook.com\/Veganuary\/\" \/>\n<meta property=\"article:modified_time\" content=\"2024-11-12T10:39:39+00:00\" \/>\n<meta name=\"twitter:card\" content=\"summary_large_image\" \/>\n<meta name=\"twitter:site\" content=\"@veganuary\" \/>\n<meta name=\"twitter:label1\" content=\"Est. reading time\" \/>\n\t<meta name=\"twitter:data1\" content=\"1 minuto\" \/>\n<script type=\"application\/ld+json\" class=\"yoast-schema-graph\">{\"@context\":\"https:\\\/\\\/schema.org\",\"@graph\":[{\"@type\":\"WebPage\",\"@id\":\"https:\\\/\\\/veganuary.com\\\/es-mx\\\/preguntas-frecuentes\\\/\",\"url\":\"https:\\\/\\\/veganuary.com\\\/es-mx\\\/preguntas-frecuentes\\\/\",\"name\":\"Preguntas frecuentes | Veganuary\",\"isPartOf\":{\"@id\":\"https:\\\/\\\/veganuary.com\\\/es-mx\\\/#website\"},\"datePublished\":\"2020-08-06T07:51:54+00:00\",\"dateModified\":\"2024-11-12T10:39:39+00:00\",\"description\":\"Por favor revise nuestras preguntas frecuentes antes de ponerse en contacto con nosotros. Su pregunta ya puede tener respuesta.\",\"breadcrumb\":{\"@id\":\"https:\\\/\\\/veganuary.com\\\/es-mx\\\/preguntas-frecuentes\\\/#breadcrumb\"},\"inLanguage\":\"es\",\"potentialAction\":[{\"@type\":\"ReadAction\",\"target\":[\"https:\\\/\\\/veganuary.com\\\/es-mx\\\/preguntas-frecuentes\\\/\"]}]},{\"@type\":\"BreadcrumbList\",\"@id\":\"https:\\\/\\\/veganuary.com\\\/es-mx\\\/preguntas-frecuentes\\\/#breadcrumb\",\"itemListElement\":[{\"@type\":\"ListItem\",\"position\":1,\"name\":\"Home\",\"item\":\"https:\\\/\\\/veganuary.com\\\/es-mx\\\/\"},{\"@type\":\"ListItem\",\"position\":2,\"name\":\"Preguntas frecuentes\"}]},{\"@type\":\"WebSite\",\"@id\":\"https:\\\/\\\/veganuary.com\\\/es-mx\\\/#website\",\"url\":\"https:\\\/\\\/veganuary.com\\\/es-mx\\\/\",\"name\":\"Veganuary\",\"description\":\"The website for Veganuary\",\"publisher\":{\"@id\":\"https:\\\/\\\/veganuary.com\\\/es-mx\\\/#organization\"},\"potentialAction\":[{\"@type\":\"SearchAction\",\"target\":{\"@type\":\"EntryPoint\",\"urlTemplate\":\"https:\\\/\\\/veganuary.com\\\/es-mx\\\/?s={search_term_string}\"},\"query-input\":{\"@type\":\"PropertyValueSpecification\",\"valueRequired\":true,\"valueName\":\"search_term_string\"}}],\"inLanguage\":\"es\"},{\"@type\":\"Organization\",\"@id\":\"https:\\\/\\\/veganuary.com\\\/es-mx\\\/#organization\",\"name\":\"Veganuary\",\"url\":\"https:\\\/\\\/veganuary.com\\\/es-mx\\\/\",\"logo\":{\"@type\":\"ImageObject\",\"inLanguage\":\"es\",\"@id\":\"https:\\\/\\\/veganuary.com\\\/es-mx\\\/#\\\/schema\\\/logo\\\/image\\\/\",\"url\":\"https:\\\/\\\/veganuary.com\\\/wp-content\\\/uploads\\\/2020\\\/11\\\/135-veganuary-animals-icon-transparent-rgb.png\",\"contentUrl\":\"https:\\\/\\\/veganuary.com\\\/wp-content\\\/uploads\\\/2020\\\/11\\\/135-veganuary-animals-icon-transparent-rgb.png\",\"width\":135,\"height\":135,\"caption\":\"Veganuary\"},\"image\":{\"@id\":\"https:\\\/\\\/veganuary.com\\\/es-mx\\\/#\\\/schema\\\/logo\\\/image\\\/\"},\"sameAs\":[\"https:\\\/\\\/www.facebook.com\\\/Veganuary\\\/\",\"https:\\\/\\\/x.com\\\/veganuary\",\"https:\\\/\\\/www.instagram.com\\\/weareveganuary\\\/\",\"https:\\\/\\\/www.linkedin.com\\\/company\\\/veganuary-limited\",\"https:\\\/\\\/www.pinterest.co.uk\\\/Veganuary\\\/\",\"https:\\\/\\\/www.youtube.com\\\/channel\\\/UCGDLtGanlPZLidEGP2N39CA\",\"https:\\\/\\\/en.wikipedia.org\\\/wiki\\\/Veganuary\"]}]}<\/script>\n<!-- \/ Yoast SEO plugin. -->","yoast_head_json":{"title":"Preguntas frecuentes | Veganuary","description":"Por favor revise nuestras preguntas frecuentes antes de ponerse en contacto con nosotros. Su pregunta ya puede tener respuesta.","robots":{"index":"index","follow":"follow","max-snippet":"max-snippet:-1","max-image-preview":"max-image-preview:large","max-video-preview":"max-video-preview:-1"},"canonical":"https:\/\/veganuary.com\/es-mx\/preguntas-frecuentes\/","og_locale":"es_MX","og_type":"article","og_title":"Preguntas frecuentes | Veganuary","og_description":"Por favor revise nuestras preguntas frecuentes antes de ponerse en contacto con nosotros. Su pregunta ya puede tener respuesta.","og_url":"https:\/\/veganuary.com\/es-mx\/preguntas-frecuentes\/","og_site_name":"Veganuary","article_publisher":"https:\/\/www.facebook.com\/Veganuary\/","article_modified_time":"2024-11-12T10:39:39+00:00","twitter_card":"summary_large_image","twitter_site":"@veganuary","twitter_misc":{"Est. reading time":"1 minuto"},"schema":{"@context":"https:\/\/schema.org","@graph":[{"@type":"WebPage","@id":"https:\/\/veganuary.com\/es-mx\/preguntas-frecuentes\/","url":"https:\/\/veganuary.com\/es-mx\/preguntas-frecuentes\/","name":"Preguntas frecuentes | Veganuary","isPartOf":{"@id":"https:\/\/veganuary.com\/es-mx\/#website"},"datePublished":"2020-08-06T07:51:54+00:00","dateModified":"2024-11-12T10:39:39+00:00","description":"Por favor revise nuestras preguntas frecuentes antes de ponerse en contacto con nosotros. Su pregunta ya puede tener respuesta.","breadcrumb":{"@id":"https:\/\/veganuary.com\/es-mx\/preguntas-frecuentes\/#breadcrumb"},"inLanguage":"es","potentialAction":[{"@type":"ReadAction","target":["https:\/\/veganuary.com\/es-mx\/preguntas-frecuentes\/"]}]},{"@type":"BreadcrumbList","@id":"https:\/\/veganuary.com\/es-mx\/preguntas-frecuentes\/#breadcrumb","itemListElement":[{"@type":"ListItem","position":1,"name":"Home","item":"https:\/\/veganuary.com\/es-mx\/"},{"@type":"ListItem","position":2,"name":"Preguntas frecuentes"}]},{"@type":"WebSite","@id":"https:\/\/veganuary.com\/es-mx\/#website","url":"https:\/\/veganuary.com\/es-mx\/","name":"Veganuary","description":"The website for Veganuary","publisher":{"@id":"https:\/\/veganuary.com\/es-mx\/#organization"},"potentialAction":[{"@type":"SearchAction","target":{"@type":"EntryPoint","urlTemplate":"https:\/\/veganuary.com\/es-mx\/?s={search_term_string}"},"query-input":{"@type":"PropertyValueSpecification","valueRequired":true,"valueName":"search_term_string"}}],"inLanguage":"es"},{"@type":"Organization","@id":"https:\/\/veganuary.com\/es-mx\/#organization","name":"Veganuary","url":"https:\/\/veganuary.com\/es-mx\/","logo":{"@type":"ImageObject","inLanguage":"es","@id":"https:\/\/veganuary.com\/es-mx\/#\/schema\/logo\/image\/","url":"https:\/\/veganuary.com\/wp-content\/uploads\/2020\/11\/135-veganuary-animals-icon-transparent-rgb.png","contentUrl":"https:\/\/veganuary.com\/wp-content\/uploads\/2020\/11\/135-veganuary-animals-icon-transparent-rgb.png","width":135,"height":135,"caption":"Veganuary"},"image":{"@id":"https:\/\/veganuary.com\/es-mx\/#\/schema\/logo\/image\/"},"sameAs":["https:\/\/www.facebook.com\/Veganuary\/","https:\/\/x.com\/veganuary","https:\/\/www.instagram.com\/weareveganuary\/","https:\/\/www.linkedin.com\/company\/veganuary-limited","https:\/\/www.pinterest.co.uk\/Veganuary\/","https:\/\/www.youtube.com\/channel\/UCGDLtGanlPZLidEGP2N39CA","https:\/\/en.wikipedia.org\/wiki\/Veganuary"]}]}},"_links":{"self":[{"href":"https:\/\/veganuary.com\/es-mx\/wp-json\/wp\/v2\/pages\/250354","targetHints":{"allow":["GET"]}}],"collection":[{"href":"https:\/\/veganuary.com\/es-mx\/wp-json\/wp\/v2\/pages"}],"about":[{"href":"https:\/\/veganuary.com\/es-mx\/wp-json\/wp\/v2\/types\/page"}],"author":[{"embeddable":true,"href":"https:\/\/veganuary.com\/es-mx\/wp-json\/wp\/v2\/users\/70"}],"replies":[{"embeddable":true,"href":"https:\/\/veganuary.com\/es-mx\/wp-json\/wp\/v2\/comments?post=250354"}],"version-history":[{"count":0,"href":"https:\/\/veganuary.com\/es-mx\/wp-json\/wp\/v2\/pages\/250354\/revisions"}],"wp:attachment":[{"href":"https:\/\/veganuary.com\/es-mx\/wp-json\/wp\/v2\/media?parent=250354"}],"curies":[{"name":"wp","href":"https:\/\/api.w.org\/{rel}","templated":true}]}}