{"id":149743,"date":"2022-02-15T16:11:57","date_gmt":"2022-02-15T16:11:57","guid":{"rendered":"https:\/\/veganuary.com\/stay-opted-in\/"},"modified":"2022-05-12T08:18:47","modified_gmt":"2022-05-12T07:18:47","slug":"stay-opted-in","status":"publish","type":"page","link":"https:\/\/veganuary.com\/es\/stay-opted-in\/","title":{"rendered":"Stay Opted-In"},"content":{"rendered":"\n<div class=\"hero\">\n\t<div class=\"hero__overlay\">\n\t\t<div class=\"hero__content\">\n\t\t\t<div class=\"container\">\n\t\t\t\t<div class=\"row\">\n\t\t\t\t\t<div class=\"col-md-10 offset-md-1 col-lg-8 offset-lg-2 col-xl-6 offset-xl-3\">\n\n\t\t\t\t\t\t<h1 class=\"hero__title\">\u00a1GRACIAS!<\/h1>\n\n\t\t\t\t\t\t\t\t\t\t\t\t\t<div class=\"hero__icon\">\n\t\t\t\t\t\t\t\t<img decoding=\"async\" class=\"hero__icon__img\" src=\"https:\/\/veganuary.com\/wp-content\/themes\/veganuary\/assets\/img\/veganuary-icon-orange.svg\" alt=\"\">\n\t\t\t\t\t\t\t<\/div>\n\n\t\t\t\t\t\t\t<p class=\"hero__subtitle\">Permanecer\u00e1s en nuestra lista para recibir actualizaciones v\u00eda correo electr\u00f3nico de parte de Veganuary<\/p>\n\t\t\t\t\t\t\n\t\t\t\t\t<\/div>\n\t\t\t\t<\/div>\n\t\t\t<\/div>\n\t\t<\/div>\n\t<\/div>\n\n\t<div class=\"hero__figure\">\n\t\t\t<\/div>\n\n<\/div>\n\n\n\n<p><\/p>\n\n\n\n<p class=\"has-text-align-center\"><strong><a href=\"https:\/\/veganuary.com\/es\/preferencias-de-correo-electronico\/\">Gestiona tus preferencias de correo electr\u00f3nico<\/a><\/strong><\/p>\n","protected":false},"excerpt":{"rendered":"<p>Gestiona tus preferencias de correo electr\u00f3nico<\/p>\n","protected":false},"author":95,"featured_media":0,"parent":0,"menu_order":0,"comment_status":"closed","ping_status":"closed","template":"","meta":{"_acf_changed":false,"_coblocks_attr":"","_coblocks_dimensions":"","_coblocks_responsive_height":"","_coblocks_accordion_ie_support":"","footnotes":""},"class_list":["post-149743","page","type-page","status-publish","hentry"],"acf":[],"yoast_head":"<!-- This site is optimized with the Yoast SEO plugin v27.3 - https:\/\/yoast.com\/product\/yoast-seo-wordpress\/ -->\n<title>Stay Opted-In - Veganuary<\/title>\n<meta name=\"description\" content=\"Thank you for staying opted in to Veganuary emails. You can always change your preferences at any time!\" \/>\n<meta name=\"robots\" content=\"index, follow, max-snippet:-1, max-image-preview:large, max-video-preview:-1\" \/>\n<link rel=\"canonical\" href=\"https:\/\/veganuary.com\/es\/stay-opted-in\/\" \/>\n<meta property=\"og:locale\" content=\"es_ES\" \/>\n<meta property=\"og:type\" content=\"article\" \/>\n<meta property=\"og:title\" content=\"Stay Opted-In - Veganuary\" \/>\n<meta property=\"og:description\" content=\"Thank you for staying opted in to Veganuary emails. You can always change your preferences at any time!\" \/>\n<meta property=\"og:url\" content=\"https:\/\/veganuary.com\/es\/stay-opted-in\/\" \/>\n<meta property=\"og:site_name\" content=\"Veganuary\" \/>\n<meta property=\"article:publisher\" content=\"https:\/\/www.facebook.com\/Veganuary\/\" \/>\n<meta property=\"article:modified_time\" content=\"2022-05-12T07:18:47+00:00\" \/>\n<meta name=\"twitter:card\" content=\"summary_large_image\" \/>\n<meta name=\"twitter:site\" content=\"@veganuary\" \/>\n<meta name=\"twitter:label1\" content=\"Tiempo estimado de lectura\" \/>\n\t<meta name=\"twitter:data1\" content=\"1 minuto\" \/>\n<script type=\"application\/ld+json\" class=\"yoast-schema-graph\">{\"@context\":\"https:\\\/\\\/schema.org\",\"@graph\":[{\"@type\":\"WebPage\",\"@id\":\"https:\\\/\\\/veganuary.com\\\/es\\\/stay-opted-in\\\/\",\"url\":\"https:\\\/\\\/veganuary.com\\\/es\\\/stay-opted-in\\\/\",\"name\":\"Stay Opted-In - Veganuary\",\"isPartOf\":{\"@id\":\"https:\\\/\\\/veganuary.com\\\/es\\\/#website\"},\"datePublished\":\"2022-02-15T16:11:57+00:00\",\"dateModified\":\"2022-05-12T07:18:47+00:00\",\"description\":\"Thank you for staying opted in to Veganuary emails. You can always change your preferences at any time!\",\"breadcrumb\":{\"@id\":\"https:\\\/\\\/veganuary.com\\\/es\\\/stay-opted-in\\\/#breadcrumb\"},\"inLanguage\":\"es-CL\",\"potentialAction\":[{\"@type\":\"ReadAction\",\"target\":[\"https:\\\/\\\/veganuary.com\\\/es\\\/stay-opted-in\\\/\"]}]},{\"@type\":\"BreadcrumbList\",\"@id\":\"https:\\\/\\\/veganuary.com\\\/es\\\/stay-opted-in\\\/#breadcrumb\",\"itemListElement\":[{\"@type\":\"ListItem\",\"position\":1,\"name\":\"Home\",\"item\":\"https:\\\/\\\/veganuary.com\\\/es\\\/\"},{\"@type\":\"ListItem\",\"position\":2,\"name\":\"Stay Opted-In\"}]},{\"@type\":\"WebSite\",\"@id\":\"https:\\\/\\\/veganuary.com\\\/es\\\/#website\",\"url\":\"https:\\\/\\\/veganuary.com\\\/es\\\/\",\"name\":\"Veganuary\",\"description\":\"The website for Veganuary\",\"publisher\":{\"@id\":\"https:\\\/\\\/veganuary.com\\\/es\\\/#organization\"},\"potentialAction\":[{\"@type\":\"SearchAction\",\"target\":{\"@type\":\"EntryPoint\",\"urlTemplate\":\"https:\\\/\\\/veganuary.com\\\/es\\\/?s={search_term_string}\"},\"query-input\":{\"@type\":\"PropertyValueSpecification\",\"valueRequired\":true,\"valueName\":\"search_term_string\"}}],\"inLanguage\":\"es-CL\"},{\"@type\":\"Organization\",\"@id\":\"https:\\\/\\\/veganuary.com\\\/es\\\/#organization\",\"name\":\"Veganuary\",\"url\":\"https:\\\/\\\/veganuary.com\\\/es\\\/\",\"logo\":{\"@type\":\"ImageObject\",\"inLanguage\":\"es-CL\",\"@id\":\"https:\\\/\\\/veganuary.com\\\/es\\\/#\\\/schema\\\/logo\\\/image\\\/\",\"url\":\"https:\\\/\\\/veganuary.com\\\/wp-content\\\/uploads\\\/2020\\\/11\\\/135-veganuary-animals-icon-transparent-rgb.png\",\"contentUrl\":\"https:\\\/\\\/veganuary.com\\\/wp-content\\\/uploads\\\/2020\\\/11\\\/135-veganuary-animals-icon-transparent-rgb.png\",\"width\":135,\"height\":135,\"caption\":\"Veganuary\"},\"image\":{\"@id\":\"https:\\\/\\\/veganuary.com\\\/es\\\/#\\\/schema\\\/logo\\\/image\\\/\"},\"sameAs\":[\"https:\\\/\\\/www.facebook.com\\\/Veganuary\\\/\",\"https:\\\/\\\/x.com\\\/veganuary\",\"https:\\\/\\\/www.instagram.com\\\/weareveganuary\\\/\",\"https:\\\/\\\/www.linkedin.com\\\/company\\\/veganuary-limited\",\"https:\\\/\\\/www.pinterest.co.uk\\\/Veganuary\\\/\",\"https:\\\/\\\/www.youtube.com\\\/channel\\\/UCGDLtGanlPZLidEGP2N39CA\",\"https:\\\/\\\/en.wikipedia.org\\\/wiki\\\/Veganuary\"]}]}<\/script>\n<!-- \/ Yoast SEO plugin. -->","yoast_head_json":{"title":"Stay Opted-In - Veganuary","description":"Thank you for staying opted in to Veganuary emails. You can always change your preferences at any time!","robots":{"index":"index","follow":"follow","max-snippet":"max-snippet:-1","max-image-preview":"max-image-preview:large","max-video-preview":"max-video-preview:-1"},"canonical":"https:\/\/veganuary.com\/es\/stay-opted-in\/","og_locale":"es_ES","og_type":"article","og_title":"Stay Opted-In - Veganuary","og_description":"Thank you for staying opted in to Veganuary emails. You can always change your preferences at any time!","og_url":"https:\/\/veganuary.com\/es\/stay-opted-in\/","og_site_name":"Veganuary","article_publisher":"https:\/\/www.facebook.com\/Veganuary\/","article_modified_time":"2022-05-12T07:18:47+00:00","twitter_card":"summary_large_image","twitter_site":"@veganuary","twitter_misc":{"Tiempo estimado de lectura":"1 minuto"},"schema":{"@context":"https:\/\/schema.org","@graph":[{"@type":"WebPage","@id":"https:\/\/veganuary.com\/es\/stay-opted-in\/","url":"https:\/\/veganuary.com\/es\/stay-opted-in\/","name":"Stay Opted-In - Veganuary","isPartOf":{"@id":"https:\/\/veganuary.com\/es\/#website"},"datePublished":"2022-02-15T16:11:57+00:00","dateModified":"2022-05-12T07:18:47+00:00","description":"Thank you for staying opted in to Veganuary emails. You can always change your preferences at any time!","breadcrumb":{"@id":"https:\/\/veganuary.com\/es\/stay-opted-in\/#breadcrumb"},"inLanguage":"es-CL","potentialAction":[{"@type":"ReadAction","target":["https:\/\/veganuary.com\/es\/stay-opted-in\/"]}]},{"@type":"BreadcrumbList","@id":"https:\/\/veganuary.com\/es\/stay-opted-in\/#breadcrumb","itemListElement":[{"@type":"ListItem","position":1,"name":"Home","item":"https:\/\/veganuary.com\/es\/"},{"@type":"ListItem","position":2,"name":"Stay Opted-In"}]},{"@type":"WebSite","@id":"https:\/\/veganuary.com\/es\/#website","url":"https:\/\/veganuary.com\/es\/","name":"Veganuary","description":"The website for Veganuary","publisher":{"@id":"https:\/\/veganuary.com\/es\/#organization"},"potentialAction":[{"@type":"SearchAction","target":{"@type":"EntryPoint","urlTemplate":"https:\/\/veganuary.com\/es\/?s={search_term_string}"},"query-input":{"@type":"PropertyValueSpecification","valueRequired":true,"valueName":"search_term_string"}}],"inLanguage":"es-CL"},{"@type":"Organization","@id":"https:\/\/veganuary.com\/es\/#organization","name":"Veganuary","url":"https:\/\/veganuary.com\/es\/","logo":{"@type":"ImageObject","inLanguage":"es-CL","@id":"https:\/\/veganuary.com\/es\/#\/schema\/logo\/image\/","url":"https:\/\/veganuary.com\/wp-content\/uploads\/2020\/11\/135-veganuary-animals-icon-transparent-rgb.png","contentUrl":"https:\/\/veganuary.com\/wp-content\/uploads\/2020\/11\/135-veganuary-animals-icon-transparent-rgb.png","width":135,"height":135,"caption":"Veganuary"},"image":{"@id":"https:\/\/veganuary.com\/es\/#\/schema\/logo\/image\/"},"sameAs":["https:\/\/www.facebook.com\/Veganuary\/","https:\/\/x.com\/veganuary","https:\/\/www.instagram.com\/weareveganuary\/","https:\/\/www.linkedin.com\/company\/veganuary-limited","https:\/\/www.pinterest.co.uk\/Veganuary\/","https:\/\/www.youtube.com\/channel\/UCGDLtGanlPZLidEGP2N39CA","https:\/\/en.wikipedia.org\/wiki\/Veganuary"]}]}},"_links":{"self":[{"href":"https:\/\/veganuary.com\/es\/wp-json\/wp\/v2\/pages\/149743","targetHints":{"allow":["GET"]}}],"collection":[{"href":"https:\/\/veganuary.com\/es\/wp-json\/wp\/v2\/pages"}],"about":[{"href":"https:\/\/veganuary.com\/es\/wp-json\/wp\/v2\/types\/page"}],"author":[{"embeddable":true,"href":"https:\/\/veganuary.com\/es\/wp-json\/wp\/v2\/users\/95"}],"replies":[{"embeddable":true,"href":"https:\/\/veganuary.com\/es\/wp-json\/wp\/v2\/comments?post=149743"}],"version-history":[{"count":0,"href":"https:\/\/veganuary.com\/es\/wp-json\/wp\/v2\/pages\/149743\/revisions"}],"wp:attachment":[{"href":"https:\/\/veganuary.com\/es\/wp-json\/wp\/v2\/media?parent=149743"}],"curies":[{"name":"wp","href":"https:\/\/api.w.org\/{rel}","templated":true}]}}