{"id":72607,"date":"2020-08-06T08:52:22","date_gmt":"2020-08-06T07:52:22","guid":{"rendered":"https:\/\/veganuary.com\/cookies-policy\/"},"modified":"2023-06-28T10:10:49","modified_gmt":"2023-06-28T09:10:49","slug":"cookies-y-privacidad","status":"publish","type":"page","link":"https:\/\/veganuary.com\/es\/cookies-y-privacidad\/","title":{"rendered":"Cookies y Privacidad"},"content":{"rendered":"\n<div class=\"masthead\">\n\t<div class=\"container\">\n\t\t<div class=\"row\">\n\t\t\t<div class=\"col-md-10 offset-md-1 col-lg-8 offset-lg-2 col-xl-6 offset-xl-3\">\n\n\t\t\t\t<h1 class=\"masthead__title\">Cookies y Privacidad<\/h1>\n\n\t\t\t\t\n\t\t\t<\/div>\n\t\t<\/div>\n\t<\/div>\n<\/div>\n\n\n\n<div class=\"wp-block-group\"><div class=\"wp-block-group__inner-container is-layout-flow wp-block-group-is-layout-flow\">\n<p>Una &#8220;cookie&#8221; es un archivo que un sitio web almacena en su computadora y que le permite recopilar informaci\u00f3n para que pueda recordar sus preferencias y acciones en un momento posterior. Puede encontrar m\u00e1s informaci\u00f3n sobre las cookies en&nbsp;www.allaboutcookies.org.&nbsp;<\/p>\n\n\n\n<p>&nbsp;<br>Veganuary utiliza cookies para identificarle cuando visita este sitio web, para realizar un seguimiento de sus patrones de navegaci\u00f3n y para controlar qu\u00e9 p\u00e1ginas le resultan \u00fatiles y cu\u00e1les no. Al hacerlo, las cookies nos ayudan a brindarle un mejor sitio web.&nbsp;<\/p>\n\n\n\n<p>Las cookies se utilizan com\u00fanmente en Internet y no da\u00f1an su sistema. Las cookies utilizadas en los sitios web de Veganuary no incluyen ninguna informaci\u00f3n que otros puedan leer y comprender sobre usted, como su nombre o sus datos de contacto, y no nos dan acceso al dispositivo que est\u00e1 utilizando.&nbsp;<\/p>\n\n\n\n<p>Sabemos que a algunas personas les preocupan las cookies, pero creemos que el beneficio que usted y Veganuary obtienen de su uso adecuado vale la pena.&nbsp;<\/p>\n\n\n\n<p>Sin embargo, puede configurar su navegador web para que le notifique las solicitudes de colocaci\u00f3n de cookies o rechazarlas por completo. Tambi\u00e9n puede eliminar los archivos que contienen cookies. El men\u00fa \u2018Ayuda\u2019 en la barra de herramientas de la mayor\u00eda de los navegadores web lo dirigir\u00e1 a c\u00f3mo cambiar la configuraci\u00f3n de sus cookies.&nbsp;<\/p>\n\n\n\n<p><strong>Cookies&nbsp;<\/strong><strong>que usamos<\/strong>&nbsp;<\/p>\n\n\n\n<p>Veganuary utiliza cookies de sesi\u00f3n (que se crean temporalmente y luego se eliminan) y cookies persistentes (que permanecen y se activan en su pr\u00f3xima visita). Estas cookies ayudan con la seguridad, el an\u00e1lisis, la visualizaci\u00f3n de informaci\u00f3n y otros procesos, todos los cuales se utilizan para monitorear y mejorar la funcionalidad del sitio web y su experiencia en l\u00ednea.&nbsp;<\/p>\n\n\n\n<p>&nbsp;<br>No todos los visitantes de nuestro sitio tendr\u00e1n configuradas todas las siguientes cookies. Las cookies se configuran seg\u00fan las p\u00e1ginas web visitadas y las acciones tomadas, como completar formularios, descargar contenido y ver videos.&nbsp;<\/p>\n\n\n\n<p><strong>Cloudflare<\/strong>&nbsp;<\/p>\n\n\n\n<p>Se utilizan para identificar si nuestro sitio web se visita desde lugares p\u00fablicos con Internet compartido, para que podamos saber si est\u00e1 utilizando una conexi\u00f3n de confianza.&nbsp;<br>Nombre de la cookie: _cfduid&nbsp;es la cookie principal, pero otras pueden usarse para seguridad adicional.&nbsp;<a href=\"https:\/\/www.cloudflare.com\/security-policy\" target=\"_blank\" rel=\"noreferrer noopener\">Pol\u00edtica de privacidad de&nbsp;Cloudflare&nbsp;<\/a>&nbsp;<\/p>\n\n\n\n<p><strong>Sumo<\/strong>&nbsp;<\/p>\n\n\n\n<p>Se utilizan para decidir cu\u00e1ndo mostrar u ocultar el contenido y para registrar si un visitante ha cerrado una ventana emergente.&nbsp;&nbsp;<\/p>\n\n\n\n<p>Nombre de las&nbsp;cookies: _smListBuilderShown, _smToken, _smVID&nbsp;<\/p>\n\n\n\n<p><a href=\"https:\/\/help.sumo.com\/hc\/en-us\/articles\/218958727-Privacy-Policy%22%20\/\" target=\"_blank\" rel=\"noreferrer noopener\">Pol\u00edtica de privacidad de Sumo&nbsp;<\/a>&nbsp;<\/p>\n\n\n\n<p><strong>Google&nbsp;<\/strong><strong>Analytics<\/strong><strong>&nbsp;<\/strong><strong>y<\/strong><strong>&nbsp;YouTube<\/strong>&nbsp;<br>Se usan para una variedad de funciones, como decirnos de d\u00f3nde proviene un visitante (por ejemplo, Facebook), realizar un seguimiento an\u00f3nimo de c\u00f3mo interact\u00faan con el contenido del sitio y el an\u00e1lisis de videos y p\u00e1ginas.&nbsp;<br>Nombre de las cookies: _gat, _ga, _gid, 1P_JAR, DV, NID, AID, OGPC, OGP, OTZ, PAIDCONTENT, APISID, HSID, LOGIN_INFO, PREF, SAPISID, SID, SSID, TAID, VISITOR_INFO1_LIVE,YSC&nbsp;<br><a href=\"https:\/\/policies.google.com\/privacy\" target=\"_blank\" rel=\"noreferrer noopener\">Pol\u00edtica de privacidad de Google&nbsp;<\/a>&nbsp;<\/p>\n\n\n\n<p><strong>Facebook Pixel<\/strong>&nbsp;<br>Se utilizan para rastrear registros de compromisos de Veganuary y visitas a p\u00e1ginas de anuncios de Facebook.&nbsp;<br>Nombre de las cookies: se utilizan varias cookies seg\u00fan la campa\u00f1a publicitaria, el per\u00edodo de tiempo, la fuente, etc.&nbsp;<br><a href=\"https:\/\/www.facebook.com\/about\/privacy\" target=\"_blank\" rel=\"noreferrer noopener\">Pol\u00edtica de privacidad de Facebook&nbsp;<\/a>&nbsp;<\/p>\n\n\n\n<p><strong>LinkedIn<\/strong>&nbsp;<br>Se utilizan para realizar un seguimiento de las visitas a la p\u00e1gina.&nbsp;<br>Nombres de las cookies: se utilizan varias cookies seg\u00fan la p\u00e1gina visitada, la fuente, etc.&nbsp;<br><a href=\"https:\/\/www.linkedin.com\/legal\/privacy-policy\" target=\"_blank\" rel=\"noreferrer noopener\">Pol\u00edtica de privacidad de LinkedIn&nbsp;&nbsp;<\/a>&nbsp;<\/p>\n\n\n\n<p><strong>Reddit<\/strong>&nbsp;<br>Se utilizan para realizar un seguimiento de las visitas a la p\u00e1gina.&nbsp;<br>Nombres de las cookies: se utilizan varias cookies seg\u00fan la p\u00e1gina visitada, la fuente, etc.&nbsp;<br><a href=\"https:\/\/www.redditinc.com\/policies\/privacy-policy\" target=\"_blank\" rel=\"noreferrer noopener\">Pol\u00edtica de privacidad de Reddit&nbsp;<\/a>&nbsp;<\/p>\n\n\n\n<p><strong>Pinterest<\/strong>&nbsp;<br>Se utilizan para rastrear las visitas a las p\u00e1ginas y compartir el contenido de Veganuary en las redes sociales.&nbsp;<br>Nombres de&nbsp;las&nbsp;cookies: se utilizan varias cookies seg\u00fan la p\u00e1gina visitada, la fuente, etc.&nbsp;<\/p>\n\n\n\n<p><a href=\"https:\/\/policy.pinterest.com\/en\/privacy-policy\" target=\"_blank\" rel=\"noreferrer noopener\">Pol\u00edtica de privacidad de Pinterest&nbsp;<\/a>&nbsp;<\/p>\n\n\n\n<p><strong>Paypal<\/strong>&nbsp;<br>Se utilizan en la p\u00e1gina de donaciones de Veganuary para reconocer a los donantes existentes.&nbsp;<br>Nombres de las cookies: PYPF.&nbsp;<br><a href=\"https:\/\/www.paypal.com\/en\/webapps\/mpp\/ua\/privacy-full\" target=\"_blank\" rel=\"noreferrer noopener\">Pol\u00edtica de privacidad de&nbsp;&nbsp;Paypal&nbsp;<\/a>&nbsp;<\/p>\n\n\n\n<p>&nbsp;<br>Tenga en cuenta que algunas cookies de terceros pueden enviar cookies de terceros que rastrean patrones de navegaci\u00f3n de forma an\u00f3nima. No identificable, los datos personales son rastreados o enviados a servidores de terceros.&nbsp;&nbsp;&nbsp;<\/p>\n<\/div><\/div>\n","protected":false},"excerpt":{"rendered":"<p>Una &#8220;cookie&#8221; es un archivo que un sitio web almacena en su computadora y que le permite recopilar informaci\u00f3n para&hellip;<\/p>\n","protected":false},"author":70,"featured_media":0,"parent":0,"menu_order":240,"comment_status":"closed","ping_status":"closed","template":"","meta":{"_acf_changed":false,"_coblocks_attr":"","_coblocks_dimensions":"","_coblocks_responsive_height":"","_coblocks_accordion_ie_support":"","footnotes":""},"class_list":["post-72607","page","type-page","status-publish","hentry"],"acf":[],"yoast_head":"<!-- This site is optimized with the Yoast SEO plugin v27.4 - https:\/\/yoast.com\/product\/yoast-seo-wordpress\/ -->\n<title>Cookies y Privacidad - Veganuary<\/title>\n<meta name=\"description\" content=\"Cookies y Privacidad\" \/>\n<meta name=\"robots\" content=\"index, follow, max-snippet:-1, max-image-preview:large, max-video-preview:-1\" \/>\n<link rel=\"canonical\" href=\"https:\/\/veganuary.com\/es\/cookies-y-privacidad\/\" \/>\n<meta property=\"og:locale\" content=\"es_ES\" \/>\n<meta property=\"og:type\" content=\"article\" \/>\n<meta property=\"og:title\" content=\"Cookies y Privacidad - Veganuary\" \/>\n<meta property=\"og:description\" content=\"Cookies y Privacidad\" \/>\n<meta property=\"og:url\" content=\"https:\/\/veganuary.com\/es\/cookies-y-privacidad\/\" \/>\n<meta property=\"og:site_name\" content=\"Veganuary\" \/>\n<meta property=\"article:publisher\" content=\"https:\/\/www.facebook.com\/Veganuary\/\" \/>\n<meta property=\"article:modified_time\" content=\"2023-06-28T09:10:49+00:00\" \/>\n<meta name=\"twitter:card\" content=\"summary_large_image\" \/>\n<meta name=\"twitter:site\" content=\"@veganuary\" \/>\n<meta name=\"twitter:label1\" content=\"Tiempo estimado de lectura\" \/>\n\t<meta name=\"twitter:data1\" content=\"3 minutos\" \/>\n<script type=\"application\/ld+json\" class=\"yoast-schema-graph\">{\"@context\":\"https:\\\/\\\/schema.org\",\"@graph\":[{\"@type\":\"WebPage\",\"@id\":\"https:\\\/\\\/veganuary.com\\\/es\\\/cookies-y-privacidad\\\/\",\"url\":\"https:\\\/\\\/veganuary.com\\\/es\\\/cookies-y-privacidad\\\/\",\"name\":\"Cookies y Privacidad - Veganuary\",\"isPartOf\":{\"@id\":\"https:\\\/\\\/veganuary.com\\\/es\\\/#website\"},\"datePublished\":\"2020-08-06T07:52:22+00:00\",\"dateModified\":\"2023-06-28T09:10:49+00:00\",\"description\":\"Cookies y Privacidad\",\"breadcrumb\":{\"@id\":\"https:\\\/\\\/veganuary.com\\\/es\\\/cookies-y-privacidad\\\/#breadcrumb\"},\"inLanguage\":\"es-CL\",\"potentialAction\":[{\"@type\":\"ReadAction\",\"target\":[\"https:\\\/\\\/veganuary.com\\\/es\\\/cookies-y-privacidad\\\/\"]}]},{\"@type\":\"BreadcrumbList\",\"@id\":\"https:\\\/\\\/veganuary.com\\\/es\\\/cookies-y-privacidad\\\/#breadcrumb\",\"itemListElement\":[{\"@type\":\"ListItem\",\"position\":1,\"name\":\"Home\",\"item\":\"https:\\\/\\\/veganuary.com\\\/es\\\/\"},{\"@type\":\"ListItem\",\"position\":2,\"name\":\"Cookies y Privacidad\"}]},{\"@type\":\"WebSite\",\"@id\":\"https:\\\/\\\/veganuary.com\\\/es\\\/#website\",\"url\":\"https:\\\/\\\/veganuary.com\\\/es\\\/\",\"name\":\"Veganuary\",\"description\":\"The website for Veganuary\",\"publisher\":{\"@id\":\"https:\\\/\\\/veganuary.com\\\/es\\\/#organization\"},\"potentialAction\":[{\"@type\":\"SearchAction\",\"target\":{\"@type\":\"EntryPoint\",\"urlTemplate\":\"https:\\\/\\\/veganuary.com\\\/es\\\/?s={search_term_string}\"},\"query-input\":{\"@type\":\"PropertyValueSpecification\",\"valueRequired\":true,\"valueName\":\"search_term_string\"}}],\"inLanguage\":\"es-CL\"},{\"@type\":\"Organization\",\"@id\":\"https:\\\/\\\/veganuary.com\\\/es\\\/#organization\",\"name\":\"Veganuary\",\"url\":\"https:\\\/\\\/veganuary.com\\\/es\\\/\",\"logo\":{\"@type\":\"ImageObject\",\"inLanguage\":\"es-CL\",\"@id\":\"https:\\\/\\\/veganuary.com\\\/es\\\/#\\\/schema\\\/logo\\\/image\\\/\",\"url\":\"https:\\\/\\\/veganuary.com\\\/wp-content\\\/uploads\\\/2020\\\/11\\\/135-veganuary-animals-icon-transparent-rgb.png\",\"contentUrl\":\"https:\\\/\\\/veganuary.com\\\/wp-content\\\/uploads\\\/2020\\\/11\\\/135-veganuary-animals-icon-transparent-rgb.png\",\"width\":135,\"height\":135,\"caption\":\"Veganuary\"},\"image\":{\"@id\":\"https:\\\/\\\/veganuary.com\\\/es\\\/#\\\/schema\\\/logo\\\/image\\\/\"},\"sameAs\":[\"https:\\\/\\\/www.facebook.com\\\/Veganuary\\\/\",\"https:\\\/\\\/x.com\\\/veganuary\",\"https:\\\/\\\/www.instagram.com\\\/weareveganuary\\\/\",\"https:\\\/\\\/www.linkedin.com\\\/company\\\/veganuary-limited\",\"https:\\\/\\\/www.pinterest.co.uk\\\/Veganuary\\\/\",\"https:\\\/\\\/www.youtube.com\\\/channel\\\/UCGDLtGanlPZLidEGP2N39CA\",\"https:\\\/\\\/en.wikipedia.org\\\/wiki\\\/Veganuary\"]}]}<\/script>\n<!-- \/ Yoast SEO plugin. -->","yoast_head_json":{"title":"Cookies y Privacidad - Veganuary","description":"Cookies y Privacidad","robots":{"index":"index","follow":"follow","max-snippet":"max-snippet:-1","max-image-preview":"max-image-preview:large","max-video-preview":"max-video-preview:-1"},"canonical":"https:\/\/veganuary.com\/es\/cookies-y-privacidad\/","og_locale":"es_ES","og_type":"article","og_title":"Cookies y Privacidad - Veganuary","og_description":"Cookies y Privacidad","og_url":"https:\/\/veganuary.com\/es\/cookies-y-privacidad\/","og_site_name":"Veganuary","article_publisher":"https:\/\/www.facebook.com\/Veganuary\/","article_modified_time":"2023-06-28T09:10:49+00:00","twitter_card":"summary_large_image","twitter_site":"@veganuary","twitter_misc":{"Tiempo estimado de lectura":"3 minutos"},"schema":{"@context":"https:\/\/schema.org","@graph":[{"@type":"WebPage","@id":"https:\/\/veganuary.com\/es\/cookies-y-privacidad\/","url":"https:\/\/veganuary.com\/es\/cookies-y-privacidad\/","name":"Cookies y Privacidad - Veganuary","isPartOf":{"@id":"https:\/\/veganuary.com\/es\/#website"},"datePublished":"2020-08-06T07:52:22+00:00","dateModified":"2023-06-28T09:10:49+00:00","description":"Cookies y Privacidad","breadcrumb":{"@id":"https:\/\/veganuary.com\/es\/cookies-y-privacidad\/#breadcrumb"},"inLanguage":"es-CL","potentialAction":[{"@type":"ReadAction","target":["https:\/\/veganuary.com\/es\/cookies-y-privacidad\/"]}]},{"@type":"BreadcrumbList","@id":"https:\/\/veganuary.com\/es\/cookies-y-privacidad\/#breadcrumb","itemListElement":[{"@type":"ListItem","position":1,"name":"Home","item":"https:\/\/veganuary.com\/es\/"},{"@type":"ListItem","position":2,"name":"Cookies y Privacidad"}]},{"@type":"WebSite","@id":"https:\/\/veganuary.com\/es\/#website","url":"https:\/\/veganuary.com\/es\/","name":"Veganuary","description":"The website for Veganuary","publisher":{"@id":"https:\/\/veganuary.com\/es\/#organization"},"potentialAction":[{"@type":"SearchAction","target":{"@type":"EntryPoint","urlTemplate":"https:\/\/veganuary.com\/es\/?s={search_term_string}"},"query-input":{"@type":"PropertyValueSpecification","valueRequired":true,"valueName":"search_term_string"}}],"inLanguage":"es-CL"},{"@type":"Organization","@id":"https:\/\/veganuary.com\/es\/#organization","name":"Veganuary","url":"https:\/\/veganuary.com\/es\/","logo":{"@type":"ImageObject","inLanguage":"es-CL","@id":"https:\/\/veganuary.com\/es\/#\/schema\/logo\/image\/","url":"https:\/\/veganuary.com\/wp-content\/uploads\/2020\/11\/135-veganuary-animals-icon-transparent-rgb.png","contentUrl":"https:\/\/veganuary.com\/wp-content\/uploads\/2020\/11\/135-veganuary-animals-icon-transparent-rgb.png","width":135,"height":135,"caption":"Veganuary"},"image":{"@id":"https:\/\/veganuary.com\/es\/#\/schema\/logo\/image\/"},"sameAs":["https:\/\/www.facebook.com\/Veganuary\/","https:\/\/x.com\/veganuary","https:\/\/www.instagram.com\/weareveganuary\/","https:\/\/www.linkedin.com\/company\/veganuary-limited","https:\/\/www.pinterest.co.uk\/Veganuary\/","https:\/\/www.youtube.com\/channel\/UCGDLtGanlPZLidEGP2N39CA","https:\/\/en.wikipedia.org\/wiki\/Veganuary"]}]}},"_links":{"self":[{"href":"https:\/\/veganuary.com\/es\/wp-json\/wp\/v2\/pages\/72607","targetHints":{"allow":["GET"]}}],"collection":[{"href":"https:\/\/veganuary.com\/es\/wp-json\/wp\/v2\/pages"}],"about":[{"href":"https:\/\/veganuary.com\/es\/wp-json\/wp\/v2\/types\/page"}],"author":[{"embeddable":true,"href":"https:\/\/veganuary.com\/es\/wp-json\/wp\/v2\/users\/70"}],"replies":[{"embeddable":true,"href":"https:\/\/veganuary.com\/es\/wp-json\/wp\/v2\/comments?post=72607"}],"version-history":[{"count":0,"href":"https:\/\/veganuary.com\/es\/wp-json\/wp\/v2\/pages\/72607\/revisions"}],"wp:attachment":[{"href":"https:\/\/veganuary.com\/es\/wp-json\/wp\/v2\/media?parent=72607"}],"curies":[{"name":"wp","href":"https:\/\/api.w.org\/{rel}","templated":true}]}}