{"id":72613,"date":"2020-09-03T15:42:02","date_gmt":"2020-09-03T14:42:02","guid":{"rendered":"https:\/\/veganuary.com\/about\/corporate-outreach\/"},"modified":"2026-04-24T15:28:49","modified_gmt":"2026-04-24T14:28:49","slug":"alcance-corporativo","status":"publish","type":"page","link":"https:\/\/veganuary.com\/es\/nosotros\/alcance-corporativo\/","title":{"rendered":"Alcance corporativo"},"content":{"rendered":"\n<div class=\"masthead\">\n\t<div class=\"container\">\n\t\t<div class=\"row\">\n\t\t\t<div class=\"col-md-10 offset-md-1 col-lg-8 offset-lg-2 col-xl-6 offset-xl-3\">\n\n\t\t\t\t<h1 class=\"masthead__title\">Alcance corporativo<\/h1>\n\n\t\t\t\t\n\t\t\t<\/div>\n\t\t<\/div>\n\t<\/div>\n<\/div>\n\n\n\n<div class=\"wp-block-group has-light-gray-background-color has-background\"><div class=\"wp-block-group__inner-container is-layout-flow wp-block-group-is-layout-flow\">\n<p>Cada enero, los comercios compiten entre s\u00ed para sacar mejores productos y men\u00fas veganos para aprovechar la enorme popularidad del Veganuary. Pero nuestro trabajo con las empresas tiene lugar durante todo el a\u00f1o. Desde las grandes corporaciones multinacionales hasta los peque\u00f1os comercios de la calle, ofrecemos apoyo y promovemos el aumento de su producci\u00f3n y de deliciosos art\u00edculos sin animales. En 2026, se lanzaron al menos 1.187 nuevos productos y opciones de men\u00fa veganos en todo el mundo a lo largo del mes.<\/p>\n\n\n\n<figure class=\"wp-block-gallery has-nested-images columns-default is-cropped wp-block-gallery-1 is-layout-flex wp-block-gallery-is-layout-flex\">\n<figure class=\"wp-block-image size-large\"><img fetchpriority=\"high\" decoding=\"async\" width=\"1200\" height=\"1200\" data-id=\"2469\" src=\"https:\/\/veganuary.com\/wp-content\/uploads\/2020\/09\/corporate-outreach-1.jpg\" alt=\"\" class=\"wp-image-2469\" srcset=\"https:\/\/veganuary.com\/wp-content\/uploads\/2020\/09\/corporate-outreach-1.jpg 1200w, https:\/\/veganuary.com\/wp-content\/uploads\/2020\/09\/corporate-outreach-1-400x400.jpg 400w, https:\/\/veganuary.com\/wp-content\/uploads\/2020\/09\/corporate-outreach-1-768x768.jpg 768w, https:\/\/veganuary.com\/wp-content\/uploads\/2020\/09\/corporate-outreach-1-800x800.jpg 800w\" sizes=\"(max-width: 1200px) 100vw, 1200px\" \/><\/figure>\n\n\n\n<figure class=\"wp-block-image size-large\"><img decoding=\"async\" width=\"1200\" height=\"1200\" data-id=\"2483\" src=\"https:\/\/veganuary.com\/wp-content\/uploads\/2020\/09\/corporate-outreach-2.jpg\" alt=\"\" class=\"wp-image-2483\" srcset=\"https:\/\/veganuary.com\/wp-content\/uploads\/2020\/09\/corporate-outreach-2.jpg 1200w, https:\/\/veganuary.com\/wp-content\/uploads\/2020\/09\/corporate-outreach-2-400x400.jpg 400w, https:\/\/veganuary.com\/wp-content\/uploads\/2020\/09\/corporate-outreach-2-768x768.jpg 768w, https:\/\/veganuary.com\/wp-content\/uploads\/2020\/09\/corporate-outreach-2-800x800.jpg 800w\" sizes=\"(max-width: 1200px) 100vw, 1200px\" \/><\/figure>\n<\/figure>\n\n\n\n<p>En Latinoam\u00e9rica se lanzaron 19 nuevos productos y men\u00fas.\u00a0Nuestras cooperaciones corporativas est\u00e1n haciendo alimentos basados en plantas tan exitosos y deliciosos que ya es f\u00e1cil para cualquiera elegir opciones veganas en cualquier lugar del continente. \u00a1Es momento de hacer que esto funcione globalmente!<\/p>\n\n\n\n<div class=\"wp-block-buttons is-layout-flex wp-block-buttons-is-layout-flex\">\n<div class=\"wp-block-button is-style-fill\"><a class=\"wp-block-button__link wp-element-button\" href=\"https:\/\/veganuary.com\/es\/involucrate\/colaboraciones-corporativas\/\">Leer m\u00e1s<\/a><\/div>\n<\/div>\n\n\n\n<h2 class=\"wp-block-heading\">Desaf\u00edo Corporativo<\/h2>\n\n\n\n<p>Nuestro trabajo con las empresas no se detiene en el lanzamientos de productos y men\u00fas, o con las ofertas especiales, tambi\u00e9n las animamos a que realicen un Desaf\u00edo en el Lugar de Trabajo en enero. En 2026, Nestl\u00e9 y Lush M\u00e9xico se unieron al Desaf\u00edo en el Lugar de Trabajo, alentando a los empleados a participar en Veganuary a trav\u00e9s de eventos y actividades, incluyendo una charla para docenas de empleados de Nestl\u00e9 sobre nutrici\u00f3n basada en plantas y veganismo.<\/p>\n\n\n\n<p>Pensamos que ser\u00eda maravilloso que cada empresa iniciara su propio Desaf\u00edo Corporativo de Veganuary as\u00ed que lo hicimos de la forma m\u00e1s simple que pudiese ser, todos los materiales necesarios pueden ser descargados de nuestro sitio, solo te necesitamos para ser el campe\u00f3n en tu empresa y traer a todos tus compa\u00f1eros contigo.<\/p>\n\n\n\n<div class=\"wp-block-buttons is-layout-flex wp-block-buttons-is-layout-flex\">\n<div class=\"wp-block-button is-style-fill\"><a class=\"wp-block-button__link wp-element-button\" href=\"https:\/\/veganuary.com\/es\/involucrate\/desafio-corporativo\/\">Leer m\u00e1s<\/a><\/div>\n<\/div>\n<\/div><\/div>\n","protected":false},"excerpt":{"rendered":"<p>Cada enero, los comercios compiten entre s\u00ed para sacar mejores productos y men\u00fas veganos para aprovechar la enorme popularidad del&hellip;<\/p>\n","protected":false},"author":70,"featured_media":2480,"parent":74614,"menu_order":66,"comment_status":"closed","ping_status":"closed","template":"","meta":{"_acf_changed":false,"_coblocks_attr":"","_coblocks_dimensions":"","_coblocks_responsive_height":"","_coblocks_accordion_ie_support":"","footnotes":""},"class_list":["post-72613","page","type-page","status-publish","has-post-thumbnail","hentry"],"acf":[],"yoast_head":"<!-- This site is optimized with the Yoast SEO plugin v27.5 - https:\/\/yoast.com\/product\/yoast-seo-wordpress\/ -->\n<title>Alcance corporativo | Veganuary<\/title>\n<meta name=\"description\" content=\"Cada enero, las empresas compiten entre s\u00ed para sacar m\u00e1s, m\u00e1s grandes y mejores productos y men\u00fas veganos, aprovechando la enorme popularidad de Veganuary.\" \/>\n<meta name=\"robots\" content=\"index, follow, max-snippet:-1, max-image-preview:large, max-video-preview:-1\" \/>\n<link rel=\"canonical\" href=\"https:\/\/veganuary.com\/es\/nosotros\/alcance-corporativo\/\" \/>\n<meta property=\"og:locale\" content=\"es_ES\" \/>\n<meta property=\"og:type\" content=\"article\" \/>\n<meta property=\"og:title\" content=\"Alcance corporativo | Veganuary\" \/>\n<meta property=\"og:description\" content=\"Cada enero, las empresas compiten entre s\u00ed para sacar m\u00e1s, m\u00e1s grandes y mejores productos y men\u00fas veganos, aprovechando la enorme popularidad de Veganuary.\" \/>\n<meta property=\"og:url\" content=\"https:\/\/veganuary.com\/es\/nosotros\/alcance-corporativo\/\" \/>\n<meta property=\"og:site_name\" content=\"Veganuary\" \/>\n<meta property=\"article:publisher\" content=\"https:\/\/www.facebook.com\/Veganuary\/\" \/>\n<meta property=\"article:modified_time\" content=\"2026-04-24T14:28:49+00:00\" \/>\n<meta property=\"og:image\" content=\"https:\/\/veganuary.com\/wp-content\/uploads\/2020\/09\/corporate-outreach-1.jpg\" \/>\n\t<meta property=\"og:image:width\" content=\"1200\" \/>\n\t<meta property=\"og:image:height\" content=\"1200\" \/>\n\t<meta property=\"og:image:type\" content=\"image\/jpeg\" \/>\n<meta name=\"twitter:card\" content=\"summary_large_image\" \/>\n<meta name=\"twitter:site\" content=\"@veganuary\" \/>\n<meta name=\"twitter:label1\" content=\"Tiempo estimado de lectura\" \/>\n\t<meta name=\"twitter:data1\" content=\"2 minutos\" \/>\n<script type=\"application\/ld+json\" class=\"yoast-schema-graph\">{\"@context\":\"https:\\\/\\\/schema.org\",\"@graph\":[{\"@type\":\"WebPage\",\"@id\":\"https:\\\/\\\/veganuary.com\\\/es\\\/nosotros\\\/alcance-corporativo\\\/\",\"url\":\"https:\\\/\\\/veganuary.com\\\/es\\\/nosotros\\\/alcance-corporativo\\\/\",\"name\":\"Alcance corporativo | Veganuary\",\"isPartOf\":{\"@id\":\"https:\\\/\\\/veganuary.com\\\/es\\\/#website\"},\"primaryImageOfPage\":{\"@id\":\"https:\\\/\\\/veganuary.com\\\/es\\\/nosotros\\\/alcance-corporativo\\\/#primaryimage\"},\"image\":{\"@id\":\"https:\\\/\\\/veganuary.com\\\/es\\\/nosotros\\\/alcance-corporativo\\\/#primaryimage\"},\"thumbnailUrl\":\"https:\\\/\\\/veganuary.com\\\/wp-content\\\/uploads\\\/2020\\\/09\\\/corporate-outreach-1.jpg\",\"datePublished\":\"2020-09-03T14:42:02+00:00\",\"dateModified\":\"2026-04-24T14:28:49+00:00\",\"description\":\"Cada enero, las empresas compiten entre s\u00ed para sacar m\u00e1s, m\u00e1s grandes y mejores productos y men\u00fas veganos, aprovechando la enorme popularidad de Veganuary.\",\"breadcrumb\":{\"@id\":\"https:\\\/\\\/veganuary.com\\\/es\\\/nosotros\\\/alcance-corporativo\\\/#breadcrumb\"},\"inLanguage\":\"es-CL\",\"potentialAction\":[{\"@type\":\"ReadAction\",\"target\":[\"https:\\\/\\\/veganuary.com\\\/es\\\/nosotros\\\/alcance-corporativo\\\/\"]}]},{\"@type\":\"ImageObject\",\"inLanguage\":\"es-CL\",\"@id\":\"https:\\\/\\\/veganuary.com\\\/es\\\/nosotros\\\/alcance-corporativo\\\/#primaryimage\",\"url\":\"https:\\\/\\\/veganuary.com\\\/wp-content\\\/uploads\\\/2020\\\/09\\\/corporate-outreach-1.jpg\",\"contentUrl\":\"https:\\\/\\\/veganuary.com\\\/wp-content\\\/uploads\\\/2020\\\/09\\\/corporate-outreach-1.jpg\",\"width\":1200,\"height\":1200,\"caption\":\"Image Credit: Adobe Stock\"},{\"@type\":\"BreadcrumbList\",\"@id\":\"https:\\\/\\\/veganuary.com\\\/es\\\/nosotros\\\/alcance-corporativo\\\/#breadcrumb\",\"itemListElement\":[{\"@type\":\"ListItem\",\"position\":1,\"name\":\"Home\",\"item\":\"https:\\\/\\\/veganuary.com\\\/es\\\/\"},{\"@type\":\"ListItem\",\"position\":2,\"name\":\"Nosotros\",\"item\":\"https:\\\/\\\/veganuary.com\\\/es\\\/nosotros\\\/\"},{\"@type\":\"ListItem\",\"position\":3,\"name\":\"Alcance corporativo\"}]},{\"@type\":\"WebSite\",\"@id\":\"https:\\\/\\\/veganuary.com\\\/es\\\/#website\",\"url\":\"https:\\\/\\\/veganuary.com\\\/es\\\/\",\"name\":\"Veganuary\",\"description\":\"The website for Veganuary\",\"publisher\":{\"@id\":\"https:\\\/\\\/veganuary.com\\\/es\\\/#organization\"},\"potentialAction\":[{\"@type\":\"SearchAction\",\"target\":{\"@type\":\"EntryPoint\",\"urlTemplate\":\"https:\\\/\\\/veganuary.com\\\/es\\\/?s={search_term_string}\"},\"query-input\":{\"@type\":\"PropertyValueSpecification\",\"valueRequired\":true,\"valueName\":\"search_term_string\"}}],\"inLanguage\":\"es-CL\"},{\"@type\":\"Organization\",\"@id\":\"https:\\\/\\\/veganuary.com\\\/es\\\/#organization\",\"name\":\"Veganuary\",\"url\":\"https:\\\/\\\/veganuary.com\\\/es\\\/\",\"logo\":{\"@type\":\"ImageObject\",\"inLanguage\":\"es-CL\",\"@id\":\"https:\\\/\\\/veganuary.com\\\/es\\\/#\\\/schema\\\/logo\\\/image\\\/\",\"url\":\"https:\\\/\\\/veganuary.com\\\/wp-content\\\/uploads\\\/2020\\\/11\\\/135-veganuary-animals-icon-transparent-rgb.png\",\"contentUrl\":\"https:\\\/\\\/veganuary.com\\\/wp-content\\\/uploads\\\/2020\\\/11\\\/135-veganuary-animals-icon-transparent-rgb.png\",\"width\":135,\"height\":135,\"caption\":\"Veganuary\"},\"image\":{\"@id\":\"https:\\\/\\\/veganuary.com\\\/es\\\/#\\\/schema\\\/logo\\\/image\\\/\"},\"sameAs\":[\"https:\\\/\\\/www.facebook.com\\\/Veganuary\\\/\",\"https:\\\/\\\/x.com\\\/veganuary\",\"https:\\\/\\\/www.instagram.com\\\/weareveganuary\\\/\",\"https:\\\/\\\/www.linkedin.com\\\/company\\\/veganuary-limited\",\"https:\\\/\\\/www.pinterest.co.uk\\\/Veganuary\\\/\",\"https:\\\/\\\/www.youtube.com\\\/channel\\\/UCGDLtGanlPZLidEGP2N39CA\",\"https:\\\/\\\/en.wikipedia.org\\\/wiki\\\/Veganuary\"]}]}<\/script>\n<!-- \/ Yoast SEO plugin. -->","yoast_head_json":{"title":"Alcance corporativo | Veganuary","description":"Cada enero, las empresas compiten entre s\u00ed para sacar m\u00e1s, m\u00e1s grandes y mejores productos y men\u00fas veganos, aprovechando la enorme popularidad de Veganuary.","robots":{"index":"index","follow":"follow","max-snippet":"max-snippet:-1","max-image-preview":"max-image-preview:large","max-video-preview":"max-video-preview:-1"},"canonical":"https:\/\/veganuary.com\/es\/nosotros\/alcance-corporativo\/","og_locale":"es_ES","og_type":"article","og_title":"Alcance corporativo | Veganuary","og_description":"Cada enero, las empresas compiten entre s\u00ed para sacar m\u00e1s, m\u00e1s grandes y mejores productos y men\u00fas veganos, aprovechando la enorme popularidad de Veganuary.","og_url":"https:\/\/veganuary.com\/es\/nosotros\/alcance-corporativo\/","og_site_name":"Veganuary","article_publisher":"https:\/\/www.facebook.com\/Veganuary\/","article_modified_time":"2026-04-24T14:28:49+00:00","og_image":[{"width":1200,"height":1200,"url":"https:\/\/veganuary.com\/wp-content\/uploads\/2020\/09\/corporate-outreach-1.jpg","type":"image\/jpeg"}],"twitter_card":"summary_large_image","twitter_site":"@veganuary","twitter_misc":{"Tiempo estimado de lectura":"2 minutos"},"schema":{"@context":"https:\/\/schema.org","@graph":[{"@type":"WebPage","@id":"https:\/\/veganuary.com\/es\/nosotros\/alcance-corporativo\/","url":"https:\/\/veganuary.com\/es\/nosotros\/alcance-corporativo\/","name":"Alcance corporativo | Veganuary","isPartOf":{"@id":"https:\/\/veganuary.com\/es\/#website"},"primaryImageOfPage":{"@id":"https:\/\/veganuary.com\/es\/nosotros\/alcance-corporativo\/#primaryimage"},"image":{"@id":"https:\/\/veganuary.com\/es\/nosotros\/alcance-corporativo\/#primaryimage"},"thumbnailUrl":"https:\/\/veganuary.com\/wp-content\/uploads\/2020\/09\/corporate-outreach-1.jpg","datePublished":"2020-09-03T14:42:02+00:00","dateModified":"2026-04-24T14:28:49+00:00","description":"Cada enero, las empresas compiten entre s\u00ed para sacar m\u00e1s, m\u00e1s grandes y mejores productos y men\u00fas veganos, aprovechando la enorme popularidad de Veganuary.","breadcrumb":{"@id":"https:\/\/veganuary.com\/es\/nosotros\/alcance-corporativo\/#breadcrumb"},"inLanguage":"es-CL","potentialAction":[{"@type":"ReadAction","target":["https:\/\/veganuary.com\/es\/nosotros\/alcance-corporativo\/"]}]},{"@type":"ImageObject","inLanguage":"es-CL","@id":"https:\/\/veganuary.com\/es\/nosotros\/alcance-corporativo\/#primaryimage","url":"https:\/\/veganuary.com\/wp-content\/uploads\/2020\/09\/corporate-outreach-1.jpg","contentUrl":"https:\/\/veganuary.com\/wp-content\/uploads\/2020\/09\/corporate-outreach-1.jpg","width":1200,"height":1200,"caption":"Image Credit: Adobe Stock"},{"@type":"BreadcrumbList","@id":"https:\/\/veganuary.com\/es\/nosotros\/alcance-corporativo\/#breadcrumb","itemListElement":[{"@type":"ListItem","position":1,"name":"Home","item":"https:\/\/veganuary.com\/es\/"},{"@type":"ListItem","position":2,"name":"Nosotros","item":"https:\/\/veganuary.com\/es\/nosotros\/"},{"@type":"ListItem","position":3,"name":"Alcance corporativo"}]},{"@type":"WebSite","@id":"https:\/\/veganuary.com\/es\/#website","url":"https:\/\/veganuary.com\/es\/","name":"Veganuary","description":"The website for Veganuary","publisher":{"@id":"https:\/\/veganuary.com\/es\/#organization"},"potentialAction":[{"@type":"SearchAction","target":{"@type":"EntryPoint","urlTemplate":"https:\/\/veganuary.com\/es\/?s={search_term_string}"},"query-input":{"@type":"PropertyValueSpecification","valueRequired":true,"valueName":"search_term_string"}}],"inLanguage":"es-CL"},{"@type":"Organization","@id":"https:\/\/veganuary.com\/es\/#organization","name":"Veganuary","url":"https:\/\/veganuary.com\/es\/","logo":{"@type":"ImageObject","inLanguage":"es-CL","@id":"https:\/\/veganuary.com\/es\/#\/schema\/logo\/image\/","url":"https:\/\/veganuary.com\/wp-content\/uploads\/2020\/11\/135-veganuary-animals-icon-transparent-rgb.png","contentUrl":"https:\/\/veganuary.com\/wp-content\/uploads\/2020\/11\/135-veganuary-animals-icon-transparent-rgb.png","width":135,"height":135,"caption":"Veganuary"},"image":{"@id":"https:\/\/veganuary.com\/es\/#\/schema\/logo\/image\/"},"sameAs":["https:\/\/www.facebook.com\/Veganuary\/","https:\/\/x.com\/veganuary","https:\/\/www.instagram.com\/weareveganuary\/","https:\/\/www.linkedin.com\/company\/veganuary-limited","https:\/\/www.pinterest.co.uk\/Veganuary\/","https:\/\/www.youtube.com\/channel\/UCGDLtGanlPZLidEGP2N39CA","https:\/\/en.wikipedia.org\/wiki\/Veganuary"]}]}},"_links":{"self":[{"href":"https:\/\/veganuary.com\/es\/wp-json\/wp\/v2\/pages\/72613","targetHints":{"allow":["GET"]}}],"collection":[{"href":"https:\/\/veganuary.com\/es\/wp-json\/wp\/v2\/pages"}],"about":[{"href":"https:\/\/veganuary.com\/es\/wp-json\/wp\/v2\/types\/page"}],"author":[{"embeddable":true,"href":"https:\/\/veganuary.com\/es\/wp-json\/wp\/v2\/users\/70"}],"replies":[{"embeddable":true,"href":"https:\/\/veganuary.com\/es\/wp-json\/wp\/v2\/comments?post=72613"}],"version-history":[{"count":0,"href":"https:\/\/veganuary.com\/es\/wp-json\/wp\/v2\/pages\/72613\/revisions"}],"up":[{"embeddable":true,"href":"https:\/\/veganuary.com\/es\/wp-json\/wp\/v2\/pages\/74614"}],"wp:featuredmedia":[{"embeddable":true,"href":"https:\/\/veganuary.com\/es\/wp-json\/wp\/v2\/media\/2480"}],"wp:attachment":[{"href":"https:\/\/veganuary.com\/es\/wp-json\/wp\/v2\/media?parent=72613"}],"curies":[{"name":"wp","href":"https:\/\/api.w.org\/{rel}","templated":true}]}}