{"id":72712,"date":"2020-09-14T11:29:15","date_gmt":"2020-09-14T10:29:15","guid":{"rendered":"https:\/\/veganuary.com\/eating-guides\/nutrition-tips\/"},"modified":"2024-08-21T21:46:24","modified_gmt":"2024-08-21T20:46:24","slug":"tips-nutricionales","status":"publish","type":"page","link":"https:\/\/veganuary.com\/es\/guia-de-comidas\/tips-nutricionales\/","title":{"rendered":"Tips Nutricionales"},"content":{"rendered":"\n<div class=\"hero\">\n\t<div class=\"hero__overlay\">\n\t\t<div class=\"hero__content\">\n\t\t\t<div class=\"container\">\n\t\t\t\t<div class=\"row\">\n\t\t\t\t\t<div class=\"col-md-10 offset-md-1 col-lg-8 offset-lg-2 col-xl-6 offset-xl-3\">\n\n\t\t\t\t\t\t<h1 class=\"hero__title\">Tips Nutricionales<\/h1>\n\n\t\t\t\t\t\t\t\t\t\t\t\t\t<div class=\"hero__icon\">\n\t\t\t\t\t\t\t\t<img decoding=\"async\" class=\"hero__icon__img\" src=\"https:\/\/veganuary.com\/wp-content\/themes\/veganuary\/assets\/img\/veganuary-icon-orange.svg\" alt=\"\">\n\t\t\t\t\t\t\t<\/div>\n\n\t\t\t\t\t\t\t<p class=\"hero__subtitle\">Una dieta vegana saludable es f\u00e1cil con estos consejos<\/p>\n\t\t\t\t\t\t\n\t\t\t\t\t<\/div>\n\t\t\t\t<\/div>\n\t\t\t<\/div>\n\t\t<\/div>\n\t<\/div>\n\n\t<div class=\"hero__figure\">\n\t\t<picture class=\"hero__picture\">\n\t\t\t\t<source media=\"(min-width: 992px)\" srcset=\"https:\/\/veganuary.com\/wp-content\/uploads\/2020\/09\/nutrition-hero-1200x800.jpg, https:\/\/veganuary.com\/wp-content\/uploads\/2020\/09\/nutrition-hero-1800x1200.jpg 2x\">\n\t\t\t\t<source media=\"(min-width: 768px)\" srcset=\"https:\/\/veganuary.com\/wp-content\/uploads\/2020\/09\/nutrition-hero-800x533.jpg, https:\/\/veganuary.com\/wp-content\/uploads\/2020\/09\/nutrition-hero-1800x1200.jpg 2x\">\n\t\t\t\t<source media=\"(min-width: 576px)\" srcset=\"https:\/\/veganuary.com\/wp-content\/uploads\/2020\/09\/nutrition-hero-800x533.jpg, https:\/\/veganuary.com\/wp-content\/uploads\/2020\/09\/nutrition-hero-1200x800.jpg 2x\">\n\t\t\t\t<source media=\"(max-width: 575px)\" srcset=\"https:\/\/veganuary.com\/wp-content\/uploads\/2020\/09\/nutrition-hero-400x267.jpg, https:\/\/veganuary.com\/wp-content\/uploads\/2020\/09\/nutrition-hero-800x533.jpg 2x\">\n\t\t\t\t<img decoding=\"async\" class=\"hero__img\" src=\"https:\/\/veganuary.com\/wp-content\/uploads\/2020\/09\/nutrition-hero-400x267.jpg\" alt=\"\"><\/picture>\t<\/div>\n\n<\/div>\n\n\n\n<div class=\"wp-block-group has-light-gray-background-color has-background\"><div class=\"wp-block-group__inner-container is-layout-flow wp-block-group-is-layout-flow\">\n<p>No toda la comida vegana es autom\u00e1ticamente saludable. Podr\u00edas comer una docena de deliciosos sabores de helado vegano para el desayuno, papas fritas con hamburguesa para el almuerzo, y una cena de pizzas y tortas. Es genial que podamos hacer o comprar todas estas maravillosas golosinas veganas en la actualidad pero nadie pensar\u00eda ni por un momento que son saludables.&nbsp;<\/p>\n\n\n\n<p>Una dieta saludable debe poner las plantas en el centro de nuestras comidas, aunque esto no significa que tengamos que sacrificar el placer o el sabor. Y si elegimos alimentos integrales, legumbres, frutos secos, frutas, especias, hierbas y algunas de las 20.000 plantas comestibles que existen en el mundo, podemos experimentar una incre\u00edble mejora de nuestra salud mientras disfrutamos de algunos sabores maravillosos. &nbsp;<\/p>\n\n\n\n<p>El Dr. Michael Greger es un exponente de renombre internacional sobre nutrici\u00f3n, seguridad alimentaria y salud p\u00fablica. Ha elaborado una lista de alimentos que todos deber\u00edamos comer cada d\u00eda para tener una salud \u00f3ptima. <a href=\"\/wp-content\/uploads\/2020\/10\/DailyDozen-Checklist-ES.jpg\">Esta es la Docena Diaria del Dr. Greger<\/a>.&nbsp;<\/p>\n<\/div><\/div>\n\n\n\n<div class=\"wp-block-group has-white-background-color has-background\"><div class=\"wp-block-group__inner-container is-layout-flow wp-block-group-is-layout-flow\">\n<h2 class=\"wp-block-heading\">Preocupaciones Comunes<\/h2>\n\n\n\n<h3 class=\"wp-block-heading\">La prote\u00edna<\/h3>\n\n\n\n<p>La primera pregunta que se les hace a las personas veganas es: \u00bfde d\u00f3nde sacan las prote\u00ednas? Esto es realmente sorprendente porque la prote\u00edna est\u00e1 en casi todos los alimentos que comemos. Por supuesto, hay mejores fuentes que otras, pero no es dif\u00edcil alcanzar la ingesta diaria recomendada como vegano.<\/p>\n\n\n\n<p>Algunas de las mejores fuentes incluyen el tofu, el tempeh, las salchichas veganas hechas de guisantes o prote\u00edna de soja; lentejas, garbanzos, frijoles negros, frijoles cocidos; semillas, nueces y mantequillas de nueces; quinoa. \u00a1Incluso las verduras contienen prote\u00ednas!<\/p>\n\n\n\n<p>Un alimento t\u00edpico del d\u00eda que excede el requerimiento de prote\u00ednas podr\u00eda ser:<\/p>\n\n\n\n<p>Avena con un poco de almendras o semillas 12g<\/p>\n\n\n\n<p>Una fajita\/taco de humus y falafel con una ensalada con legumbres 24g<\/p>\n\n\n\n<p>Salchichas vegetales con papas, legumbres y br\u00f3coli 30g<\/p>\n\n\n\n<h3 class=\"wp-block-heading\">Calcio&nbsp;<\/h3>\n\n\n\n<p>As\u00ed como la carne no tiene el monopolio de la prote\u00edna, la leche no tiene el monopolio del calcio. Los frijoles y las verduras tienden a ser ricos en calcio, as\u00ed que coman mucho, legumbres variadas, col rizada, berros, kale y br\u00f3coli. Tambi\u00e9n encontrar\u00e1s calcio en la calabaza y el tofu, y si picas higos secos y almendras, tendr\u00e1s un golpe de calcio de nuevo. Las leches vegetales, incluyendo los batidos, y los yogures a menudo tambi\u00e9n est\u00e1n fortificados con \u00e9l.<\/p>\n\n\n\n<p>La vitamina D ayuda a absorber el calcio, y muchas personas tienen un bajo nivel de esta vitamina vital, especialmente en los meses de invierno, independientemente de su dieta. Salga al sol tanto como sea posible y busque margarinas sin l\u00e1cteos, cereales de desayuno y panes enriquecidos con ella. En los meses de invierno, se recomienda que tomar sol o suplementarse, consulte con su especialista.<\/p>\n\n\n\n<h3 class=\"wp-block-heading\">Hierro&nbsp;<\/h3>\n\n\n\n<p>Aunque la anemia por deficiencia de hierro no es rara, las investigaciones sugieren que quienes siguen una dieta basada en plantas no corren m\u00e1s riesgo que quienes comen carne.<\/p>\n\n\n\n<p>Comienza tu d\u00eda con un desayuno de avena, o un cereal que ya est\u00e9 fortificado con ella. Espolvorea algunas semillas y fruta seca encima, \u00a1y puede que hayas alcanzado tu ingesta diaria incluso antes de salir de casa! Otros alimentos que te ayudar\u00e1n a aumentar tu ingesta de hierro son: frijoles, lentejas, garbanzos, tofu, tempeh, quinoa, melaza negra, berro, col rizada y otras verduras de hoja verde oscura, nueces, semillas de s\u00e9samo y chocolate oscuro.<\/p>\n\n\n\n<p>Aseg\u00farate de comer mucha vitamina C para ayudarte a absorber el hierro de tus alimentos y evita tomar caf\u00e9 o t\u00e9 con la comida, ya que esto puede reducir la absorci\u00f3n.<\/p>\n\n\n\n<h3 class=\"wp-block-heading\">Omega-3 y omega-6<\/h3>\n\n\n\n<p>Nuestros cuerpos son capaces de producir casi todas las grasas que necesitamos para el buen funcionamiento de nuestros tejidos, pero hay dos que debemos obtener de nuestros alimentos, y por esta raz\u00f3n se conocen como \u00c1cidos Grasos Esenciales.<\/p>\n\n\n\n<p>El Omega-6 se puede encontrar abundantemente en las verduras de hoja, semillas, nueces, granos y la mayor\u00eda de los aceites vegetales. Es muy f\u00e1cil conseguir suficiente omega-6 en una dieta vegana equilibrada, pero esta grasa compite con el omega-3 para su uso en el cuerpo, por lo que debemos asegurarnos de que estamos obteniendo suficiente omega-3 todos los d\u00edas. Las mejores fuentes son: verduras de hoja verde (coles de Bruselas, col rizada, espinacas), nueces, aceite de colza, aceite de linaza molido y aceite de linaza, soja y tofu.<\/p>\n\n\n\n<p>Como el omega-3 no est\u00e1 disponible en cantidades suficientes a partir de alimentos de origen vegetal, los veganos deben tomarlo como suplemento. Busca marcas elaboradas con EPA y DHA procedentes de microalgas.<\/p>\n\n\n\n<h3 class=\"wp-block-heading\">Yodo&nbsp;<\/h3>\n\n\n\n<p>El yodo puede ser dif\u00edcil de conseguir porque tener demasiado o muy poco puede causar problemas de tiroides. Hay peque\u00f1as cantidades en las nueces, el pan, la fruta, las verduras y los frijoles, pero las mejores fuentes vegetales son las algas marinas y la sal yodada, aunque las cantidades en las algas marinas pueden variar bastante. Las algas marinas marrones pueden contener mucho yodo, por lo que comerlas s\u00f3lo una vez a la semana deber\u00eda ser suficiente. Aquellos a quienes no les gustan las algas marinas y necesitan reducir la ingesta de sal deber\u00edan considerar un suplemento.<\/p>\n\n\n\n<h3 class=\"wp-block-heading\">Vitamina B12&nbsp;<\/h3>\n\n\n\n<p>Esta es la \u00fanica vitamina que es dif\u00edcil de obtener en una dieta vegana. Est\u00e1 presente en los productos animales, pero no est\u00e1 hecha por los propios animales sino por las bacterias que est\u00e1n dentro de ellos.<\/p>\n\n\n\n<p>Las personas veganas pueden obtener B12 comiendo extracto de levadura, levadura nutricional (alias nooch), cereales de desayuno y leches vegetales fortificadas con ella. Sin embargo, se recomienda que todas las personas que siguen una dieta vegana tomen un suplemento de esta importante vitamina para asegurarse de que est\u00e1n recibiendo una cantidad suficiente.<\/p>\n\n\n\n<hr class=\"wp-block-separator has-css-opacity\"\/>\n\n\n\n<p>Por supuesto, cada persona es diferente y algunas personas tienen necesidades nutricionales especiales (por ejemplo, las mujeres embarazadas, los atletas, las personas con enfermedades cr\u00f3nicas o problemas de absorci\u00f3n de nutrientes). Para problemas espec\u00edficos de nutrici\u00f3n o salud, debe hablar con un m\u00e9dico de cabecera o un nutricionista registrado. Puedes buscar en las redes sociales alguno en tu ciudad.<\/p>\n\n\n\n<hr class=\"wp-block-separator has-css-opacity\"\/>\n\n\n\n<p class=\"has-medium-font-size\">\u00bfQuieres saber m\u00e1s? \u00danete a Veganuary y recibir\u00e1s el Kit Oficial de Inicio al Veganismo, as\u00ed como nuestro libro de cocina de celebridades, \u00a1gratis!<\/p>\n\n\n\n<div class=\"wp-block-buttons is-layout-flex wp-block-buttons-is-layout-flex\">\n<div class=\"wp-block-button is-style-fill\"><a class=\"wp-block-button__link wp-element-button\" href=\"https:\/\/veganuary.com\/es\/involucrate\/\">Invol\u00facrate<\/a><\/div>\n<\/div>\n<\/div><\/div>\n","protected":false},"excerpt":{"rendered":"<p>No toda la comida vegana es autom\u00e1ticamente saludable. Podr\u00edas comer una docena de deliciosos sabores de helado vegano para el&hellip;<\/p>\n","protected":false},"author":70,"featured_media":145066,"parent":72488,"menu_order":44,"comment_status":"closed","ping_status":"closed","template":"","meta":{"_acf_changed":false,"_coblocks_attr":"","_coblocks_dimensions":"","_coblocks_responsive_height":"","_coblocks_accordion_ie_support":"","footnotes":""},"class_list":["post-72712","page","type-page","status-publish","has-post-thumbnail","hentry"],"acf":[],"yoast_head":"<!-- This site is optimized with the Yoast SEO plugin v27.4 - https:\/\/yoast.com\/product\/yoast-seo-wordpress\/ -->\n<title>Tips Nutricionales | Veganuary Espa\u00f1ol<\/title>\n<meta name=\"description\" content=\"Podr\u00edas comer una docena de deliciosos sabores de helado vegano para el desayuno, papas fritas con hamburguesa para el almuerzo, y una cena de pizzas y tortas.\" \/>\n<meta name=\"robots\" content=\"index, follow, max-snippet:-1, max-image-preview:large, max-video-preview:-1\" \/>\n<link rel=\"canonical\" href=\"https:\/\/veganuary.com\/es\/guia-de-comidas\/tips-nutricionales\/\" \/>\n<meta property=\"og:locale\" content=\"es_ES\" \/>\n<meta property=\"og:type\" content=\"article\" \/>\n<meta property=\"og:title\" content=\"Tips Nutricionales | Veganuary Espa\u00f1ol\" \/>\n<meta property=\"og:description\" content=\"Podr\u00edas comer una docena de deliciosos sabores de helado vegano para el desayuno, papas fritas con hamburguesa para el almuerzo, y una cena de pizzas y tortas.\" \/>\n<meta property=\"og:url\" content=\"https:\/\/veganuary.com\/es\/guia-de-comidas\/tips-nutricionales\/\" \/>\n<meta property=\"og:site_name\" content=\"Veganuary\" \/>\n<meta property=\"article:publisher\" content=\"https:\/\/www.facebook.com\/Veganuary\/\" \/>\n<meta property=\"article:modified_time\" content=\"2024-08-21T20:46:24+00:00\" \/>\n<meta property=\"og:image\" content=\"https:\/\/veganuary.com\/wp-content\/uploads\/2022\/02\/Matthew-Pritchard-Plants-Have-Protein.jpg\" \/>\n\t<meta property=\"og:image:width\" content=\"1200\" \/>\n\t<meta property=\"og:image:height\" content=\"799\" \/>\n\t<meta property=\"og:image:type\" content=\"image\/jpeg\" \/>\n<meta name=\"twitter:card\" content=\"summary_large_image\" \/>\n<meta name=\"twitter:site\" content=\"@veganuary\" \/>\n<meta name=\"twitter:label1\" content=\"Tiempo estimado de lectura\" \/>\n\t<meta name=\"twitter:data1\" content=\"5 minutos\" \/>\n<script type=\"application\/ld+json\" class=\"yoast-schema-graph\">{\"@context\":\"https:\\\/\\\/schema.org\",\"@graph\":[{\"@type\":\"WebPage\",\"@id\":\"https:\\\/\\\/veganuary.com\\\/es\\\/guia-de-comidas\\\/tips-nutricionales\\\/\",\"url\":\"https:\\\/\\\/veganuary.com\\\/es\\\/guia-de-comidas\\\/tips-nutricionales\\\/\",\"name\":\"Tips Nutricionales | Veganuary Espa\u00f1ol\",\"isPartOf\":{\"@id\":\"https:\\\/\\\/veganuary.com\\\/es\\\/#website\"},\"primaryImageOfPage\":{\"@id\":\"https:\\\/\\\/veganuary.com\\\/es\\\/guia-de-comidas\\\/tips-nutricionales\\\/#primaryimage\"},\"image\":{\"@id\":\"https:\\\/\\\/veganuary.com\\\/es\\\/guia-de-comidas\\\/tips-nutricionales\\\/#primaryimage\"},\"thumbnailUrl\":\"https:\\\/\\\/veganuary.com\\\/wp-content\\\/uploads\\\/2022\\\/02\\\/Matthew-Pritchard-Plants-Have-Protein.jpg\",\"datePublished\":\"2020-09-14T10:29:15+00:00\",\"dateModified\":\"2024-08-21T20:46:24+00:00\",\"description\":\"Podr\u00edas comer una docena de deliciosos sabores de helado vegano para el desayuno, papas fritas con hamburguesa para el almuerzo, y una cena de pizzas y tortas.\",\"breadcrumb\":{\"@id\":\"https:\\\/\\\/veganuary.com\\\/es\\\/guia-de-comidas\\\/tips-nutricionales\\\/#breadcrumb\"},\"inLanguage\":\"es-CL\",\"potentialAction\":[{\"@type\":\"ReadAction\",\"target\":[\"https:\\\/\\\/veganuary.com\\\/es\\\/guia-de-comidas\\\/tips-nutricionales\\\/\"]}]},{\"@type\":\"ImageObject\",\"inLanguage\":\"es-CL\",\"@id\":\"https:\\\/\\\/veganuary.com\\\/es\\\/guia-de-comidas\\\/tips-nutricionales\\\/#primaryimage\",\"url\":\"https:\\\/\\\/veganuary.com\\\/wp-content\\\/uploads\\\/2022\\\/02\\\/Matthew-Pritchard-Plants-Have-Protein.jpg\",\"contentUrl\":\"https:\\\/\\\/veganuary.com\\\/wp-content\\\/uploads\\\/2022\\\/02\\\/Matthew-Pritchard-Plants-Have-Protein.jpg\",\"width\":1200,\"height\":799,\"caption\":\"Image Credit: Chris Shoebridge\"},{\"@type\":\"BreadcrumbList\",\"@id\":\"https:\\\/\\\/veganuary.com\\\/es\\\/guia-de-comidas\\\/tips-nutricionales\\\/#breadcrumb\",\"itemListElement\":[{\"@type\":\"ListItem\",\"position\":1,\"name\":\"Home\",\"item\":\"https:\\\/\\\/veganuary.com\\\/es\\\/\"},{\"@type\":\"ListItem\",\"position\":2,\"name\":\"Gu\u00eda de Comidas\",\"item\":\"https:\\\/\\\/veganuary.com\\\/es\\\/guia-de-comidas\\\/\"},{\"@type\":\"ListItem\",\"position\":3,\"name\":\"Tips Nutricionales\"}]},{\"@type\":\"WebSite\",\"@id\":\"https:\\\/\\\/veganuary.com\\\/es\\\/#website\",\"url\":\"https:\\\/\\\/veganuary.com\\\/es\\\/\",\"name\":\"Veganuary\",\"description\":\"The website for Veganuary\",\"publisher\":{\"@id\":\"https:\\\/\\\/veganuary.com\\\/es\\\/#organization\"},\"potentialAction\":[{\"@type\":\"SearchAction\",\"target\":{\"@type\":\"EntryPoint\",\"urlTemplate\":\"https:\\\/\\\/veganuary.com\\\/es\\\/?s={search_term_string}\"},\"query-input\":{\"@type\":\"PropertyValueSpecification\",\"valueRequired\":true,\"valueName\":\"search_term_string\"}}],\"inLanguage\":\"es-CL\"},{\"@type\":\"Organization\",\"@id\":\"https:\\\/\\\/veganuary.com\\\/es\\\/#organization\",\"name\":\"Veganuary\",\"url\":\"https:\\\/\\\/veganuary.com\\\/es\\\/\",\"logo\":{\"@type\":\"ImageObject\",\"inLanguage\":\"es-CL\",\"@id\":\"https:\\\/\\\/veganuary.com\\\/es\\\/#\\\/schema\\\/logo\\\/image\\\/\",\"url\":\"https:\\\/\\\/veganuary.com\\\/wp-content\\\/uploads\\\/2020\\\/11\\\/135-veganuary-animals-icon-transparent-rgb.png\",\"contentUrl\":\"https:\\\/\\\/veganuary.com\\\/wp-content\\\/uploads\\\/2020\\\/11\\\/135-veganuary-animals-icon-transparent-rgb.png\",\"width\":135,\"height\":135,\"caption\":\"Veganuary\"},\"image\":{\"@id\":\"https:\\\/\\\/veganuary.com\\\/es\\\/#\\\/schema\\\/logo\\\/image\\\/\"},\"sameAs\":[\"https:\\\/\\\/www.facebook.com\\\/Veganuary\\\/\",\"https:\\\/\\\/x.com\\\/veganuary\",\"https:\\\/\\\/www.instagram.com\\\/weareveganuary\\\/\",\"https:\\\/\\\/www.linkedin.com\\\/company\\\/veganuary-limited\",\"https:\\\/\\\/www.pinterest.co.uk\\\/Veganuary\\\/\",\"https:\\\/\\\/www.youtube.com\\\/channel\\\/UCGDLtGanlPZLidEGP2N39CA\",\"https:\\\/\\\/en.wikipedia.org\\\/wiki\\\/Veganuary\"]}]}<\/script>\n<!-- \/ Yoast SEO plugin. -->","yoast_head_json":{"title":"Tips Nutricionales | Veganuary Espa\u00f1ol","description":"Podr\u00edas comer una docena de deliciosos sabores de helado vegano para el desayuno, papas fritas con hamburguesa para el almuerzo, y una cena de pizzas y tortas.","robots":{"index":"index","follow":"follow","max-snippet":"max-snippet:-1","max-image-preview":"max-image-preview:large","max-video-preview":"max-video-preview:-1"},"canonical":"https:\/\/veganuary.com\/es\/guia-de-comidas\/tips-nutricionales\/","og_locale":"es_ES","og_type":"article","og_title":"Tips Nutricionales | Veganuary Espa\u00f1ol","og_description":"Podr\u00edas comer una docena de deliciosos sabores de helado vegano para el desayuno, papas fritas con hamburguesa para el almuerzo, y una cena de pizzas y tortas.","og_url":"https:\/\/veganuary.com\/es\/guia-de-comidas\/tips-nutricionales\/","og_site_name":"Veganuary","article_publisher":"https:\/\/www.facebook.com\/Veganuary\/","article_modified_time":"2024-08-21T20:46:24+00:00","og_image":[{"width":1200,"height":799,"url":"https:\/\/veganuary.com\/wp-content\/uploads\/2022\/02\/Matthew-Pritchard-Plants-Have-Protein.jpg","type":"image\/jpeg"}],"twitter_card":"summary_large_image","twitter_site":"@veganuary","twitter_misc":{"Tiempo estimado de lectura":"5 minutos"},"schema":{"@context":"https:\/\/schema.org","@graph":[{"@type":"WebPage","@id":"https:\/\/veganuary.com\/es\/guia-de-comidas\/tips-nutricionales\/","url":"https:\/\/veganuary.com\/es\/guia-de-comidas\/tips-nutricionales\/","name":"Tips Nutricionales | Veganuary Espa\u00f1ol","isPartOf":{"@id":"https:\/\/veganuary.com\/es\/#website"},"primaryImageOfPage":{"@id":"https:\/\/veganuary.com\/es\/guia-de-comidas\/tips-nutricionales\/#primaryimage"},"image":{"@id":"https:\/\/veganuary.com\/es\/guia-de-comidas\/tips-nutricionales\/#primaryimage"},"thumbnailUrl":"https:\/\/veganuary.com\/wp-content\/uploads\/2022\/02\/Matthew-Pritchard-Plants-Have-Protein.jpg","datePublished":"2020-09-14T10:29:15+00:00","dateModified":"2024-08-21T20:46:24+00:00","description":"Podr\u00edas comer una docena de deliciosos sabores de helado vegano para el desayuno, papas fritas con hamburguesa para el almuerzo, y una cena de pizzas y tortas.","breadcrumb":{"@id":"https:\/\/veganuary.com\/es\/guia-de-comidas\/tips-nutricionales\/#breadcrumb"},"inLanguage":"es-CL","potentialAction":[{"@type":"ReadAction","target":["https:\/\/veganuary.com\/es\/guia-de-comidas\/tips-nutricionales\/"]}]},{"@type":"ImageObject","inLanguage":"es-CL","@id":"https:\/\/veganuary.com\/es\/guia-de-comidas\/tips-nutricionales\/#primaryimage","url":"https:\/\/veganuary.com\/wp-content\/uploads\/2022\/02\/Matthew-Pritchard-Plants-Have-Protein.jpg","contentUrl":"https:\/\/veganuary.com\/wp-content\/uploads\/2022\/02\/Matthew-Pritchard-Plants-Have-Protein.jpg","width":1200,"height":799,"caption":"Image Credit: Chris Shoebridge"},{"@type":"BreadcrumbList","@id":"https:\/\/veganuary.com\/es\/guia-de-comidas\/tips-nutricionales\/#breadcrumb","itemListElement":[{"@type":"ListItem","position":1,"name":"Home","item":"https:\/\/veganuary.com\/es\/"},{"@type":"ListItem","position":2,"name":"Gu\u00eda de Comidas","item":"https:\/\/veganuary.com\/es\/guia-de-comidas\/"},{"@type":"ListItem","position":3,"name":"Tips Nutricionales"}]},{"@type":"WebSite","@id":"https:\/\/veganuary.com\/es\/#website","url":"https:\/\/veganuary.com\/es\/","name":"Veganuary","description":"The website for Veganuary","publisher":{"@id":"https:\/\/veganuary.com\/es\/#organization"},"potentialAction":[{"@type":"SearchAction","target":{"@type":"EntryPoint","urlTemplate":"https:\/\/veganuary.com\/es\/?s={search_term_string}"},"query-input":{"@type":"PropertyValueSpecification","valueRequired":true,"valueName":"search_term_string"}}],"inLanguage":"es-CL"},{"@type":"Organization","@id":"https:\/\/veganuary.com\/es\/#organization","name":"Veganuary","url":"https:\/\/veganuary.com\/es\/","logo":{"@type":"ImageObject","inLanguage":"es-CL","@id":"https:\/\/veganuary.com\/es\/#\/schema\/logo\/image\/","url":"https:\/\/veganuary.com\/wp-content\/uploads\/2020\/11\/135-veganuary-animals-icon-transparent-rgb.png","contentUrl":"https:\/\/veganuary.com\/wp-content\/uploads\/2020\/11\/135-veganuary-animals-icon-transparent-rgb.png","width":135,"height":135,"caption":"Veganuary"},"image":{"@id":"https:\/\/veganuary.com\/es\/#\/schema\/logo\/image\/"},"sameAs":["https:\/\/www.facebook.com\/Veganuary\/","https:\/\/x.com\/veganuary","https:\/\/www.instagram.com\/weareveganuary\/","https:\/\/www.linkedin.com\/company\/veganuary-limited","https:\/\/www.pinterest.co.uk\/Veganuary\/","https:\/\/www.youtube.com\/channel\/UCGDLtGanlPZLidEGP2N39CA","https:\/\/en.wikipedia.org\/wiki\/Veganuary"]}]}},"_links":{"self":[{"href":"https:\/\/veganuary.com\/es\/wp-json\/wp\/v2\/pages\/72712","targetHints":{"allow":["GET"]}}],"collection":[{"href":"https:\/\/veganuary.com\/es\/wp-json\/wp\/v2\/pages"}],"about":[{"href":"https:\/\/veganuary.com\/es\/wp-json\/wp\/v2\/types\/page"}],"author":[{"embeddable":true,"href":"https:\/\/veganuary.com\/es\/wp-json\/wp\/v2\/users\/70"}],"replies":[{"embeddable":true,"href":"https:\/\/veganuary.com\/es\/wp-json\/wp\/v2\/comments?post=72712"}],"version-history":[{"count":0,"href":"https:\/\/veganuary.com\/es\/wp-json\/wp\/v2\/pages\/72712\/revisions"}],"up":[{"embeddable":true,"href":"https:\/\/veganuary.com\/es\/wp-json\/wp\/v2\/pages\/72488"}],"wp:featuredmedia":[{"embeddable":true,"href":"https:\/\/veganuary.com\/es\/wp-json\/wp\/v2\/media\/145066"}],"wp:attachment":[{"href":"https:\/\/veganuary.com\/es\/wp-json\/wp\/v2\/media?parent=72712"}],"curies":[{"name":"wp","href":"https:\/\/api.w.org\/{rel}","templated":true}]}}