{"id":251178,"date":"2020-09-16T12:43:31","date_gmt":"2020-09-16T11:43:31","guid":{"rendered":"https:\/\/veganuary.com\/register-thank-you\/"},"modified":"2025-11-03T18:25:56","modified_gmt":"2025-11-03T18:25:56","slug":"register-thank-you","status":"publish","type":"page","link":"https:\/\/veganuary.com\/fr-ca\/register-thank-you\/","title":{"rendered":"Register Callback FR"},"content":{"rendered":"\n<div class=\"hero\">\n\t<div class=\"hero__overlay\">\n\t\t<div class=\"hero__content\">\n\t\t\t<div class=\"container\">\n\t\t\t\t<div class=\"row\">\n\t\t\t\t\t<div class=\"col-md-10 offset-md-1 col-lg-8 offset-lg-2 col-xl-6 offset-xl-3\">\n\n\t\t\t\t\t\t<h1 class=\"hero__title\">Merci d&#039;avoir relev\u00e9 le d\u00e9fi <\/h1>\n\n\t\t\t\t\t\t\n\t\t\t\t\t<\/div>\n\t\t\t\t<\/div>\n\t\t\t<\/div>\n\t\t<\/div>\n\t<\/div>\n\n\t<div class=\"hero__figure\">\n\t\t<picture class=\"hero__picture\">\n\t\t\t\t<source media=\"(min-width: 992px)\" srcset=\"https:\/\/veganuary.com\/wp-content\/uploads\/2020\/12\/Veganuary2021_CampaignVisuals-Burger-Pink-Webpage-1200x527.jpg, https:\/\/veganuary.com\/wp-content\/uploads\/2020\/12\/Veganuary2021_CampaignVisuals-Burger-Pink-Webpage.jpg 2x\">\n\t\t\t\t<source media=\"(min-width: 768px)\" srcset=\"https:\/\/veganuary.com\/wp-content\/uploads\/2020\/12\/Veganuary2021_CampaignVisuals-Burger-Pink-Webpage-800x351.jpg, https:\/\/veganuary.com\/wp-content\/uploads\/2020\/12\/Veganuary2021_CampaignVisuals-Burger-Pink-Webpage.jpg 2x\">\n\t\t\t\t<source media=\"(min-width: 576px)\" srcset=\"https:\/\/veganuary.com\/wp-content\/uploads\/2020\/12\/Veganuary2021_CampaignVisuals-Burger-Pink-Webpage-800x351.jpg, https:\/\/veganuary.com\/wp-content\/uploads\/2020\/12\/Veganuary2021_CampaignVisuals-Burger-Pink-Webpage-1200x527.jpg 2x\">\n\t\t\t\t<source media=\"(max-width: 575px)\" srcset=\"https:\/\/veganuary.com\/wp-content\/uploads\/2020\/12\/Veganuary2021_CampaignVisuals-Burger-Pink-Webpage-400x176.jpg, https:\/\/veganuary.com\/wp-content\/uploads\/2020\/12\/Veganuary2021_CampaignVisuals-Burger-Pink-Webpage-800x351.jpg 2x\">\n\t\t\t\t<img decoding=\"async\" class=\"hero__img\" src=\"https:\/\/veganuary.com\/wp-content\/uploads\/2020\/12\/Veganuary2021_CampaignVisuals-Burger-Pink-Webpage-400x176.jpg\" alt=\"\"><\/picture>\t<\/div>\n\n<\/div>\n\n\n\n<div class=\"wp-block-group has-white-background-color has-background\"><div class=\"wp-block-group__inner-container is-layout-flow wp-block-group-is-layout-flow\">\n<p class=\"has-text-align-center has-medium-font-size\"><strong>Vous \u00eates FANTASTIQUE\u2009!<\/strong><\/p>\n\n\n\n<p>Chaque fois que vous optez pour un plat v\u00e9gane, vous faites un choix positif pour votre sant\u00e9, l\u2019environnement et les animaux. Saviez-vous que pr\u00e8s de la moiti\u00e9 des participants au Veganuary 2025 ont constat\u00e9 une am\u00e9lioration de leur sant\u00e9 globale ? Parmi les bienfaits les plus fr\u00e9quemment cit\u00e9s : plus d\u2019\u00e9nergie (44 %), une meilleure humeur (46 %) et une peau plus \u00e9clatante (35 %).\u202f\u202f<\/p>\n\n\n\n<p>Vous allez bient\u00f4t recevoir votre premier e-mail de notre part avec toutes les infos pour t\u00e9l\u00e9charger votre livret de recettes et toutes les autres ressources que nous vous enverrons au cours des prochaines semaines. Alors encore un peu de patience, \u00e7a arrive tr\u00e8s vite dans votre bo\u00eete mail\u2009!<\/p>\n\n\n\n<p>En attendant, pourquoi ne pas partager votre aventure avec vos ami\u2022es, votre famille et vos coll\u00e8gues\u2009? Faites savoir au monde entier que vous \u00eates sur le point de contribuer \u00e0 changer le monde avec Veganuary, et invitez-les \u00e0 se joindre \u00e0 vous.<\/p>\n\n\n<style>\n    .social_icons_container {\n        display: flex;\n        justify-content: center;\n        align-items: center;\n        gap: 10px;\n        flex-wrap: wrap;\n        padding: 10px;\n        margin-top: -25px;\n        margin-bottom: 15px\n    }\n\n    .social_icon {\n        width: 65px;\n        height: 65px;\n        background-color: #f52878;\n        border-radius: 50%;\n        display: flex;\n        align-items: center;\n        justify-content: center;\n        transition: background-color .3s;\n        overflow: hidden\n    }\n\n    .social_icon:hover {\n        background-color: #ff7ba8\n    }\n\n    .social_icon svg {\n        display: block;\n        width: 40px;\n        height: 40px;\n        vertical-align: middle\n    }\n    @media screen and (min-width: 801px) {\n    .hide_from_desktop {\n        display: none\n    }\n}\n<\/style>\n    <div class=\"social_icons_container\">\n                    <a href=\"https:\/\/facebook.com\/sharer.php?display=page&#038;u=https:\/\/veganuary.com\/fr-ca\/partner\/canada-coalition\/&#038;quote=\"\n                target=\"_blank\" rel=\"nofollow noopener\">\n                <div class=\"social_icon fb\">\n                    <!-- Facebook Icon -->\n                    <svg xmlns=\"http:\/\/www.w3.org\/2000\/svg\" width=\"40\" height=\"40\" viewBox=\"0 0 24 24\" style=\"fill:#FFFFFF;\">\n                        <path\n                            d=\"M17.525,9h-3.525v-2c0,-1.032 0.084,-1.682 1.563,-1.682h1.868v-3.18c-0.909,-0.094 -1.823,-0.14 -2.738,-0.138c-2.713,0 -4.693,1.657 -4.693,4.699v2.301h-3v4l3,-0.001v9.001h4v-9.003l3.066,-0.001z\">\n                        <\/path>\n                    <\/svg>\n                <\/div>\n                                        <a class=\"hide_from_desktop\" href=\"fb-messenger:\/\/share\/?link=https:\/\/veganuary.com\/fr-ca\/partner\/canada-coalition\/&#038;app_id=170911309781648\"\n                    target=\"_blank\" rel=\"nofollow noopener\">\n                    <div class=\"social_icon social_messenger\">\n                        <!-- Messenger Icon -->\n                        <svg xmlns=\"http:\/\/www.w3.org\/2000\/svg\" width=\"40\" height=\"40\" viewBox=\"0 0 24 24\"\n                            style=\"fill:#FFFFFF;\">\n                            <path\n                                d=\"M12,2c-5.514,0 -10,4.262 -10,9.5c0,2.545 1.088,4.988 3,6.772v4.346l4.08,-2.039c0.959,0.279 1.94,0.421 2.92,0.421c5.514,0 10,-4.262 10,-9.5c0,-5.238 -4.486,-9.5 -10,-9.5zM13.167,14.417l-2.917,-2.333l-5.25,2.333l5.833,-5.833l2.917,2.333l5.25,-2.334z\">\n                            <\/path>\n                        <\/svg>\n                    <\/div>\n                <\/a>\n                                        <a class=\"hide_from_desktop\" href=\"whatsapp:\/\/send?text= https:\/\/veganuary.com\/fr-ca\/partner\/canada-coalition\/\" action=\"share\/whatsapp\/share\" target=\"_blank\"\n                    rel=\"nofollow noopener\">\n                    <div class=\"social_icon social_whatsapp\">\n                        <!-- WhatsApp Icon -->\n                        <svg xmlns=\"http:\/\/www.w3.org\/2000\/svg\" width=\"40\" height=\"40\" viewBox=\"0 0 24 24\"\n                            style=\"fill:#FFFFFF;\">\n                            <path\n                                d=\"M19.077,4.928c-1.886,-1.887 -4.394,-2.927 -7.066,-2.928c-5.506,0 -9.987,4.479 -9.989,9.985c-0.001,1.76 0.459,3.478 1.333,4.992l-1.355,5.023l5.233,-1.237c1.459,0.796 3.101,1.215 4.773,1.216h0.004c5.505,0 9.986,-4.48 9.989,-9.985c0.002,-2.669 -1.036,-5.178 -2.922,-7.066zM16.898,15.554c-0.208,0.583 -1.227,1.145 -1.685,1.186c-0.458,0.042 -0.887,0.207 -2.995,-0.624c-2.537,-1 -4.139,-3.601 -4.263,-3.767c-0.125,-0.167 -1.019,-1.353 -1.019,-2.581c0,-1.228 0.645,-1.832 0.874,-2.081c0.229,-0.25 0.499,-0.312 0.666,-0.312c0.166,0 0.333,0 0.478,0.006c0.178,0.007 0.375,0.016 0.562,0.431c0.222,0.494 0.707,1.728 0.769,1.853c0.062,0.125 0.104,0.271 0.021,0.437c-0.083,0.166 -0.125,0.27 -0.249,0.416c-0.125,0.146 -0.262,0.325 -0.374,0.437c-0.125,0.124 -0.255,0.26 -0.11,0.509c0.146,0.25 0.646,1.067 1.388,1.728c0.954,0.85 1.757,1.113 2.007,1.239c0.25,0.125 0.395,0.104 0.541,-0.063c0.146,-0.166 0.624,-0.728 0.79,-0.978c0.166,-0.25 0.333,-0.208 0.562,-0.125c0.229,0.083 1.456,0.687 1.705,0.812c0.25,0.125 0.416,0.187 0.478,0.291c0.062,0.103 0.062,0.603 -0.146,1.186z\">\n                            <\/path>\n                        <\/svg>\n                    <\/div>\n                <\/a>\n                                        <a href=\"https:\/\/telegram.me\/share\/url?url=https:\/\/veganuary.com\/fr-ca\/partner\/canada-coalition\/\" target=\"_blank\"\n                    rel=\"nofollow noopener\">\n                    <div class=\"social_icon social_telegram\">\n                        <!-- Telegram Icon -->\n                        <svg xmlns=\"http:\/\/www.w3.org\/2000\/svg\" width=\"40\" height=\"40\" viewBox=\"0 0 24 24\"\n                            style=\"fill:#FFFFFF;\">\n                            <path\n                                d=\"M20.30273,2.98438c-0.28897,0.01257 -0.55415,0.09568 -0.78711,0.1875c-0.21522,0.08476 -0.98809,0.4096 -2.21875,0.92578c-1.23066,0.51618 -2.8614,1.20058 -4.59961,1.93164c-3.47642,1.46212 -7.38303,3.10683 -9.38477,3.94922c-0.06874,0.02864 -0.34791,0.11411 -0.65625,0.34961c-0.30905,0.23605 -0.65234,0.74834 -0.65234,1.30859c0,0.45195 0.22561,0.91225 0.49805,1.17578c0.27243,0.26353 0.54854,0.38674 0.7793,0.47852v-0.00195c0.78003,0.31076 3.10944,1.24288 3.66406,1.46484c0.19673,0.58953 1.04128,3.11337 1.24219,3.74805h-0.00195c0.14201,0.44921 0.28043,0.74196 0.47266,0.98633c0.09611,0.12218 0.21084,0.2329 0.35156,0.32031c0.05399,0.03354 0.11378,0.05955 0.17383,0.08398c0.00837,0.00355 0.01699,0.00443 0.02539,0.00781l-0.02344,-0.00586c0.01741,0.007 0.03304,0.01733 0.05078,0.02344c0.02891,0.00996 0.04896,0.00963 0.08789,0.01758c0.137,0.04215 0.27376,0.07031 0.40039,0.07031c0.54361,0 0.87695,-0.29492 0.87695,-0.29492l0.02149,-0.01563l2.34766,-1.98633l2.875,2.66016c0.05251,0.07415 0.4639,0.63086 1.41602,0.63086c0.56813,0 1.01731,-0.28121 1.30469,-0.57617c0.28738,-0.29496 0.4664,-0.59677 0.54688,-1.00586l0.00195,-0.00195c0.06418,-0.33018 2.81641,-14.15039 2.81641,-14.15039l-0.00586,0.02344c0.08566,-0.38235 0.11095,-0.7521 0.00977,-1.12891c-0.10119,-0.37681 -0.37428,-0.74453 -0.70312,-0.9375c-0.32885,-0.19297 -0.64072,-0.25085 -0.92969,-0.23828zM19.9082,5.17383c-0.10876,0.54603 -2.57419,12.93205 -2.72656,13.70898l-4.15234,-3.8418l-2.80664,2.37305l0.77734,-3.03906c0,0 5.36255,-5.42814 5.68555,-5.74414c0.26,-0.253 0.31445,-0.34169 0.31445,-0.42969c0,-0.117 -0.06022,-0.20117 -0.19922,-0.20117c-0.125,0 -0.29477,0.11978 -0.38477,0.17578c-1.14365,0.713 -6.01473,3.4889 -8.41016,4.85156c-0.14416,-0.0578 -2.30846,-0.92689 -3.47461,-1.39258c2.07426,-0.873 5.62991,-2.36896 8.94141,-3.76172c1.73791,-0.73094 3.36817,-1.41595 4.59766,-1.93164c1.03785,-0.43531 1.57923,-0.6607 1.83789,-0.76758zM17.15234,19.02539h0.00195c-0.00005,0.00023 -0.00185,0.00556 -0.00195,0.00586c0.00127,-0.00646 -0.00095,-0.0008 0,-0.00586z\">\n                            <\/path>\n                        <\/svg>\n                    <\/div>\n                <\/a>\n                                        <a class=\"snapchat-share-button\" data-share-url=\"https:\/\/veganuary.com\/fr-ca\/partner\/canada-coalition\/\">\n                    <div class=\"social_icon social_snapchat\">\n                        <!-- Snapchat Icon -->\n                        <svg xmlns=\"http:\/\/www.w3.org\/2000\/svg\" width=\"40\" height=\"40\" viewBox=\"0 0 24 24\"\n                            style=\"fill:#FFFFFF;\">\n                            <path\n                                d=\"M12,2c-6,0 -6,6 -6,6v1c0,0 -0.023,-0.001 -0.063,-0.001c-0.34,0 -1.937,0.07 -1.937,1.396c0,1.545 1.697,1.605 1.965,1.605c0.023,0 0.035,0 0.035,0c0,1 -1.652,2.171 -2.736,2.442c-1.01,0.392 -1.251,1.061 -1.264,1.568c-0.008,0.303 0.066,0.548 0.106,0.643c0.377,0.885 1.497,1.342 2.594,1.342c0.038,1.439 1.076,2.005 1.771,2.005c0.794,0 1.634,-0.388 1.634,-0.388c0.041,0.034 1.32,1.388 3.895,1.388c2.575,0 3.854,-1.354 3.896,-1.388c0,0 0.839,0.388 1.634,0.388c0.695,0 1.732,-0.566 1.77,-2.005c1.097,0 2.217,-0.457 2.594,-1.342c0.04,-0.095 0.114,-0.34 0.106,-0.643c-0.013,-0.507 -0.254,-1.176 -1.264,-1.568c-1.084,-0.271 -2.736,-1.442 -2.736,-2.442c0,0 0.012,0 0.035,0c0.268,0 1.965,-0.06 1.965,-1.605c0,-1.326 -1.597,-1.396 -1.937,-1.396c-0.04,0 -0.063,0.001 -0.063,0.001v-1c0,0 0,-6 -6,-6z\">\n                            <\/path>\n                        <\/svg>\n                    <\/div>\n                <\/a>\n                                        <a href=\"https:\/\/twitter.com\/intent\/tweet?text=&#038;url=https:\/\/veganuary.com\/fr-ca\/partner\/canada-coalition\/\"\n                    data-size=\"large\" target=\"_blank\" rel=\"nofollow noopener\">\n                    <div class=\"social_icon social_x\">\n                        <!-- Twitter Icon -->\n                        <svg xmlns=\"http:\/\/www.w3.org\/2000\/svg\" width=\"40\" height=\"40\" viewBox=\"0 0 24 24\"\n                            style=\"fill:#FFFFFF;\">\n\n                            <path\n                                d=\"M2.86719,3l6.86914,9.81836l-7.00195,8.18164h2.64648l5.53906,-6.49023l4.54102,6.49023h5.91016l-7.19727,-10.30273l6.57031,-7.69727h-2.60547l-5.14258,6.00977l-4.19727,-6.00977z\">\n                            <\/path>\n                        <\/svg>\n                    <\/div>\n                <\/a>\n                        <\/div>\n            <script>\n                \/\/ Load the SDK asynchronously\n                (function (d, s, id) {\n                    var js,\n                        sjs = d.getElementsByTagName(s)[0];\n                    if (d.getElementById(id)) return;\n                    js = d.createElement(s);\n                    js.id = id;\n                    js.src = \"https:\/\/sdk.snapkit.com\/js\/v1\/create.js\";\n                    sjs.parentNode.insertBefore(js, sjs);\n                })(document, \"script\", \"snapkit-creative-kit-sdk\");\n\n                window.snapKitInit = function () {\n                    snap.creativekit.initalizeShareButtons(\n                        document.getElementsByClassName(\"snapchat-share-button\")\n                    );\n                };\n            <\/script>\n        \n\n\n<div class=\"wp-block-buttons is-horizontal is-content-justification-center is-layout-flex wp-container-core-buttons-is-layout-499968f5 wp-block-buttons-is-layout-flex\">\n<div class=\"wp-block-button is-style-outline home-button-fix is-style-outline--1\"><a class=\"wp-block-button__link wp-element-button\" href=\"https:\/\/veganuary.com\/fr-ca\/\">Revenir \u00e0 la page d&rsquo;accueil de Veganuary<\/a><\/div>\n<\/div>\n\n\n\n<p>*Source : <a href=\"https:\/\/veganuary.com\/wp-content\/uploads\/2025\/03\/Veganuary-2025-Official-Participant-Survey.pdf\">R\u00e9sultats de l\u2019enqu\u00eate Veganuary 2025<\/a> (en anglais)<\/p>\n<\/div><\/div>\n\n\n\n<p><\/p>\n","protected":false},"excerpt":{"rendered":"<p>Vous \u00eates FANTASTIQUE\u2009! Chaque fois que vous optez pour un plat v\u00e9gane, vous faites un choix positif pour votre sant\u00e9,&hellip;<\/p>\n","protected":false},"author":70,"featured_media":251179,"parent":0,"menu_order":520,"comment_status":"closed","ping_status":"closed","template":"page-templates\/thank-you-callback.php","meta":{"_acf_changed":false,"_coblocks_attr":"","_coblocks_dimensions":"","_coblocks_responsive_height":"","_coblocks_accordion_ie_support":"","footnotes":""},"class_list":["post-251178","page","type-page","status-publish","has-post-thumbnail","hentry"],"acf":[],"yoast_head":"<!-- This site is optimized with the Yoast SEO plugin v27.4 - https:\/\/yoast.com\/product\/yoast-seo-wordpress\/ -->\n<title>Register Callback FR - Veganuary<\/title>\n<meta name=\"description\" content=\"Merci d\u2019avoir rejoint le d\u00e9fi Veganuary. D\u00e9couvrez ce qui vous attend dans les jours et semaines \u00e0 venir. Et n\u2019oubliez pas de t\u00e9l\u00e9charger notre livret de recettes de stars\u2009!\" \/>\n<meta name=\"robots\" content=\"noindex, follow\" \/>\n<meta property=\"og:locale\" content=\"fr_CA\" \/>\n<meta property=\"og:type\" content=\"article\" \/>\n<meta property=\"og:title\" content=\"Register Callback FR - Veganuary\" \/>\n<meta property=\"og:description\" content=\"Merci d\u2019avoir rejoint le d\u00e9fi Veganuary. D\u00e9couvrez ce qui vous attend dans les jours et semaines \u00e0 venir. Et n\u2019oubliez pas de t\u00e9l\u00e9charger notre livret de recettes de stars\u2009!\" \/>\n<meta property=\"og:url\" content=\"https:\/\/veganuary.com\/fr-ca\/register-thank-you\/\" \/>\n<meta property=\"og:site_name\" content=\"Veganuary\" \/>\n<meta property=\"article:publisher\" content=\"https:\/\/www.facebook.com\/Veganuary\/\" \/>\n<meta property=\"article:modified_time\" content=\"2025-11-03T18:25:56+00:00\" \/>\n<meta property=\"og:image\" content=\"https:\/\/veganuary.com\/wp-content\/uploads\/2020\/12\/Veganuary2021_CampaignVisuals-Burger-Pink-Webpage.jpg\" \/>\n\t<meta property=\"og:image:width\" content=\"1708\" \/>\n\t<meta property=\"og:image:height\" content=\"750\" \/>\n\t<meta property=\"og:image:type\" content=\"image\/jpeg\" \/>\n<meta name=\"twitter:card\" content=\"summary_large_image\" \/>\n<meta name=\"twitter:site\" content=\"@veganuary\" \/>\n<meta name=\"twitter:label1\" content=\"Est. reading time\" \/>\n\t<meta name=\"twitter:data1\" content=\"1 minute\" \/>\n<script type=\"application\/ld+json\" class=\"yoast-schema-graph\">{\"@context\":\"https:\\\/\\\/schema.org\",\"@graph\":[{\"@type\":\"WebPage\",\"@id\":\"https:\\\/\\\/veganuary.com\\\/fr-ca\\\/register-thank-you\\\/\",\"url\":\"https:\\\/\\\/veganuary.com\\\/fr-ca\\\/register-thank-you\\\/\",\"name\":\"Register Callback FR - Veganuary\",\"isPartOf\":{\"@id\":\"https:\\\/\\\/veganuary.com\\\/fr-ca\\\/#website\"},\"primaryImageOfPage\":{\"@id\":\"https:\\\/\\\/veganuary.com\\\/fr-ca\\\/register-thank-you\\\/#primaryimage\"},\"image\":{\"@id\":\"https:\\\/\\\/veganuary.com\\\/fr-ca\\\/register-thank-you\\\/#primaryimage\"},\"thumbnailUrl\":\"https:\\\/\\\/veganuary.com\\\/wp-content\\\/uploads\\\/2020\\\/12\\\/Veganuary2021_CampaignVisuals-Burger-Pink-Webpage.jpg\",\"datePublished\":\"2020-09-16T11:43:31+00:00\",\"dateModified\":\"2025-11-03T18:25:56+00:00\",\"description\":\"Merci d\u2019avoir rejoint le d\u00e9fi Veganuary. D\u00e9couvrez ce qui vous attend dans les jours et semaines \u00e0 venir. Et n\u2019oubliez pas de t\u00e9l\u00e9charger notre livret de recettes de stars\u2009!\",\"breadcrumb\":{\"@id\":\"https:\\\/\\\/veganuary.com\\\/fr-ca\\\/register-thank-you\\\/#breadcrumb\"},\"inLanguage\":\"fr-CA\",\"potentialAction\":[{\"@type\":\"ReadAction\",\"target\":[\"https:\\\/\\\/veganuary.com\\\/fr-ca\\\/register-thank-you\\\/\"]}]},{\"@type\":\"ImageObject\",\"inLanguage\":\"fr-CA\",\"@id\":\"https:\\\/\\\/veganuary.com\\\/fr-ca\\\/register-thank-you\\\/#primaryimage\",\"url\":\"https:\\\/\\\/veganuary.com\\\/wp-content\\\/uploads\\\/2020\\\/12\\\/Veganuary2021_CampaignVisuals-Burger-Pink-Webpage.jpg\",\"contentUrl\":\"https:\\\/\\\/veganuary.com\\\/wp-content\\\/uploads\\\/2020\\\/12\\\/Veganuary2021_CampaignVisuals-Burger-Pink-Webpage.jpg\",\"width\":1708,\"height\":750},{\"@type\":\"BreadcrumbList\",\"@id\":\"https:\\\/\\\/veganuary.com\\\/fr-ca\\\/register-thank-you\\\/#breadcrumb\",\"itemListElement\":[{\"@type\":\"ListItem\",\"position\":1,\"name\":\"Home\",\"item\":\"https:\\\/\\\/veganuary.com\\\/fr-ca\\\/\"},{\"@type\":\"ListItem\",\"position\":2,\"name\":\"Register Callback FR\"}]},{\"@type\":\"WebSite\",\"@id\":\"https:\\\/\\\/veganuary.com\\\/fr-ca\\\/#website\",\"url\":\"https:\\\/\\\/veganuary.com\\\/fr-ca\\\/\",\"name\":\"Veganuary\",\"description\":\"The website for Veganuary\",\"publisher\":{\"@id\":\"https:\\\/\\\/veganuary.com\\\/fr-ca\\\/#organization\"},\"potentialAction\":[{\"@type\":\"SearchAction\",\"target\":{\"@type\":\"EntryPoint\",\"urlTemplate\":\"https:\\\/\\\/veganuary.com\\\/fr-ca\\\/?s={search_term_string}\"},\"query-input\":{\"@type\":\"PropertyValueSpecification\",\"valueRequired\":true,\"valueName\":\"search_term_string\"}}],\"inLanguage\":\"fr-CA\"},{\"@type\":\"Organization\",\"@id\":\"https:\\\/\\\/veganuary.com\\\/fr-ca\\\/#organization\",\"name\":\"Veganuary\",\"url\":\"https:\\\/\\\/veganuary.com\\\/fr-ca\\\/\",\"logo\":{\"@type\":\"ImageObject\",\"inLanguage\":\"fr-CA\",\"@id\":\"https:\\\/\\\/veganuary.com\\\/fr-ca\\\/#\\\/schema\\\/logo\\\/image\\\/\",\"url\":\"https:\\\/\\\/veganuary.com\\\/wp-content\\\/uploads\\\/2020\\\/11\\\/135-veganuary-animals-icon-transparent-rgb.png\",\"contentUrl\":\"https:\\\/\\\/veganuary.com\\\/wp-content\\\/uploads\\\/2020\\\/11\\\/135-veganuary-animals-icon-transparent-rgb.png\",\"width\":135,\"height\":135,\"caption\":\"Veganuary\"},\"image\":{\"@id\":\"https:\\\/\\\/veganuary.com\\\/fr-ca\\\/#\\\/schema\\\/logo\\\/image\\\/\"},\"sameAs\":[\"https:\\\/\\\/www.facebook.com\\\/Veganuary\\\/\",\"https:\\\/\\\/x.com\\\/veganuary\",\"https:\\\/\\\/www.instagram.com\\\/weareveganuary\\\/\",\"https:\\\/\\\/www.linkedin.com\\\/company\\\/veganuary-limited\",\"https:\\\/\\\/www.pinterest.co.uk\\\/Veganuary\\\/\",\"https:\\\/\\\/www.youtube.com\\\/channel\\\/UCGDLtGanlPZLidEGP2N39CA\",\"https:\\\/\\\/en.wikipedia.org\\\/wiki\\\/Veganuary\"]}]}<\/script>\n<!-- \/ Yoast SEO plugin. -->","yoast_head_json":{"title":"Register Callback FR - Veganuary","description":"Merci d\u2019avoir rejoint le d\u00e9fi Veganuary. D\u00e9couvrez ce qui vous attend dans les jours et semaines \u00e0 venir. Et n\u2019oubliez pas de t\u00e9l\u00e9charger notre livret de recettes de stars\u2009!","robots":{"index":"noindex","follow":"follow"},"og_locale":"fr_CA","og_type":"article","og_title":"Register Callback FR - Veganuary","og_description":"Merci d\u2019avoir rejoint le d\u00e9fi Veganuary. D\u00e9couvrez ce qui vous attend dans les jours et semaines \u00e0 venir. Et n\u2019oubliez pas de t\u00e9l\u00e9charger notre livret de recettes de stars\u2009!","og_url":"https:\/\/veganuary.com\/fr-ca\/register-thank-you\/","og_site_name":"Veganuary","article_publisher":"https:\/\/www.facebook.com\/Veganuary\/","article_modified_time":"2025-11-03T18:25:56+00:00","og_image":[{"width":1708,"height":750,"url":"https:\/\/veganuary.com\/wp-content\/uploads\/2020\/12\/Veganuary2021_CampaignVisuals-Burger-Pink-Webpage.jpg","type":"image\/jpeg"}],"twitter_card":"summary_large_image","twitter_site":"@veganuary","twitter_misc":{"Est. reading time":"1 minute"},"schema":{"@context":"https:\/\/schema.org","@graph":[{"@type":"WebPage","@id":"https:\/\/veganuary.com\/fr-ca\/register-thank-you\/","url":"https:\/\/veganuary.com\/fr-ca\/register-thank-you\/","name":"Register Callback FR - Veganuary","isPartOf":{"@id":"https:\/\/veganuary.com\/fr-ca\/#website"},"primaryImageOfPage":{"@id":"https:\/\/veganuary.com\/fr-ca\/register-thank-you\/#primaryimage"},"image":{"@id":"https:\/\/veganuary.com\/fr-ca\/register-thank-you\/#primaryimage"},"thumbnailUrl":"https:\/\/veganuary.com\/wp-content\/uploads\/2020\/12\/Veganuary2021_CampaignVisuals-Burger-Pink-Webpage.jpg","datePublished":"2020-09-16T11:43:31+00:00","dateModified":"2025-11-03T18:25:56+00:00","description":"Merci d\u2019avoir rejoint le d\u00e9fi Veganuary. D\u00e9couvrez ce qui vous attend dans les jours et semaines \u00e0 venir. Et n\u2019oubliez pas de t\u00e9l\u00e9charger notre livret de recettes de stars\u2009!","breadcrumb":{"@id":"https:\/\/veganuary.com\/fr-ca\/register-thank-you\/#breadcrumb"},"inLanguage":"fr-CA","potentialAction":[{"@type":"ReadAction","target":["https:\/\/veganuary.com\/fr-ca\/register-thank-you\/"]}]},{"@type":"ImageObject","inLanguage":"fr-CA","@id":"https:\/\/veganuary.com\/fr-ca\/register-thank-you\/#primaryimage","url":"https:\/\/veganuary.com\/wp-content\/uploads\/2020\/12\/Veganuary2021_CampaignVisuals-Burger-Pink-Webpage.jpg","contentUrl":"https:\/\/veganuary.com\/wp-content\/uploads\/2020\/12\/Veganuary2021_CampaignVisuals-Burger-Pink-Webpage.jpg","width":1708,"height":750},{"@type":"BreadcrumbList","@id":"https:\/\/veganuary.com\/fr-ca\/register-thank-you\/#breadcrumb","itemListElement":[{"@type":"ListItem","position":1,"name":"Home","item":"https:\/\/veganuary.com\/fr-ca\/"},{"@type":"ListItem","position":2,"name":"Register Callback FR"}]},{"@type":"WebSite","@id":"https:\/\/veganuary.com\/fr-ca\/#website","url":"https:\/\/veganuary.com\/fr-ca\/","name":"Veganuary","description":"The website for Veganuary","publisher":{"@id":"https:\/\/veganuary.com\/fr-ca\/#organization"},"potentialAction":[{"@type":"SearchAction","target":{"@type":"EntryPoint","urlTemplate":"https:\/\/veganuary.com\/fr-ca\/?s={search_term_string}"},"query-input":{"@type":"PropertyValueSpecification","valueRequired":true,"valueName":"search_term_string"}}],"inLanguage":"fr-CA"},{"@type":"Organization","@id":"https:\/\/veganuary.com\/fr-ca\/#organization","name":"Veganuary","url":"https:\/\/veganuary.com\/fr-ca\/","logo":{"@type":"ImageObject","inLanguage":"fr-CA","@id":"https:\/\/veganuary.com\/fr-ca\/#\/schema\/logo\/image\/","url":"https:\/\/veganuary.com\/wp-content\/uploads\/2020\/11\/135-veganuary-animals-icon-transparent-rgb.png","contentUrl":"https:\/\/veganuary.com\/wp-content\/uploads\/2020\/11\/135-veganuary-animals-icon-transparent-rgb.png","width":135,"height":135,"caption":"Veganuary"},"image":{"@id":"https:\/\/veganuary.com\/fr-ca\/#\/schema\/logo\/image\/"},"sameAs":["https:\/\/www.facebook.com\/Veganuary\/","https:\/\/x.com\/veganuary","https:\/\/www.instagram.com\/weareveganuary\/","https:\/\/www.linkedin.com\/company\/veganuary-limited","https:\/\/www.pinterest.co.uk\/Veganuary\/","https:\/\/www.youtube.com\/channel\/UCGDLtGanlPZLidEGP2N39CA","https:\/\/en.wikipedia.org\/wiki\/Veganuary"]}]}},"_links":{"self":[{"href":"https:\/\/veganuary.com\/fr-ca\/wp-json\/wp\/v2\/pages\/251178","targetHints":{"allow":["GET"]}}],"collection":[{"href":"https:\/\/veganuary.com\/fr-ca\/wp-json\/wp\/v2\/pages"}],"about":[{"href":"https:\/\/veganuary.com\/fr-ca\/wp-json\/wp\/v2\/types\/page"}],"author":[{"embeddable":true,"href":"https:\/\/veganuary.com\/fr-ca\/wp-json\/wp\/v2\/users\/70"}],"replies":[{"embeddable":true,"href":"https:\/\/veganuary.com\/fr-ca\/wp-json\/wp\/v2\/comments?post=251178"}],"version-history":[{"count":0,"href":"https:\/\/veganuary.com\/fr-ca\/wp-json\/wp\/v2\/pages\/251178\/revisions"}],"wp:featuredmedia":[{"embeddable":true,"href":"https:\/\/veganuary.com\/fr-ca\/wp-json\/wp\/v2\/media\/251179"}],"wp:attachment":[{"href":"https:\/\/veganuary.com\/fr-ca\/wp-json\/wp\/v2\/media?parent=251178"}],"curies":[{"name":"wp","href":"https:\/\/api.w.org\/{rel}","templated":true}]}}