{"id":252306,"date":"2024-11-19T10:24:39","date_gmt":"2024-11-19T10:24:39","guid":{"rendered":"https:\/\/veganuary.com\/the-veganuary-canada-coalition\/"},"modified":"2025-12-22T11:39:09","modified_gmt":"2025-12-22T11:39:09","slug":"the-veganuary-canada-coalition","status":"publish","type":"page","link":"https:\/\/veganuary.com\/fr-ca\/the-veganuary-canada-coalition\/","title":{"rendered":"The Veganuary Canada Coalition\u202f\u00a0"},"content":{"rendered":"\n<div class=\"hero\">\n\t<div class=\"hero__overlay\">\n\t\t<div class=\"hero__content\">\n\t\t\t<div class=\"container\">\n\t\t\t\t<div class=\"row\">\n\t\t\t\t\t<div class=\"col-md-10 offset-md-1 col-lg-8 offset-lg-2 col-xl-6 offset-xl-3\">\n\n\t\t\t\t\t\t<h1 class=\"hero__title\">The Veganuary Canada Coalition\u202f <\/h1>\n\n\t\t\t\t\t\t\n\t\t\t\t\t<\/div>\n\t\t\t\t<\/div>\n\t\t\t<\/div>\n\t\t<\/div>\n\t<\/div>\n\n\t<div class=\"hero__figure\">\n\t\t\t<\/div>\n\n<\/div>\n\n\n\n<div class=\"wp-block-group\"><div class=\"wp-block-group__inner-container is-layout-constrained wp-block-group-is-layout-constrained\">\n<p>Veganuary est organis\u00e9 au Canada par nos partenaires de la Coalition Veganuary Canada, un groupe d&rsquo;organisations canadiennes \u00e0 but non lucratif qui travaillent ensemble pour encourager et soutenir les personnes et les entreprises \u00e0 adopter un r\u00e9gime alimentaire \u00e0 base de plantes afin de prot\u00e9ger l&rsquo;environnement, d&rsquo;\u00e9viter la souffrance des animaux et d&rsquo;am\u00e9liorer la sant\u00e9 de millions de personnes.<\/p>\n\n\n\n<h2 class=\"wp-block-heading\">Membres de la Coalition Veganuary Canada<\/h2>\n\n\n\n<figure class=\"wp-block-image size-large is-resized has-lightbox\"><a href=\"https:\/\/vegottawa.org\/\"><img fetchpriority=\"high\" decoding=\"async\" width=\"1800\" height=\"600\" src=\"https:\/\/veganuary.com\/wp-content\/uploads\/2024\/11\/hiRes-Logo-1800x600.png\" alt=\"\" class=\"wp-image-252240\" style=\"aspect-ratio:3.0000426148470125;width:934px;height:auto\" srcset=\"https:\/\/veganuary.com\/wp-content\/uploads\/2024\/11\/hiRes-Logo-1800x600.png 1800w, https:\/\/veganuary.com\/wp-content\/uploads\/2024\/11\/hiRes-Logo-1200x400.png 1200w, https:\/\/veganuary.com\/wp-content\/uploads\/2024\/11\/hiRes-Logo-400x133.png 400w, https:\/\/veganuary.com\/wp-content\/uploads\/2024\/11\/hiRes-Logo-768x256.png 768w, https:\/\/veganuary.com\/wp-content\/uploads\/2024\/11\/hiRes-Logo-1536x512.png 1536w, https:\/\/veganuary.com\/wp-content\/uploads\/2024\/11\/hiRes-Logo-2048x682.png 2048w, https:\/\/veganuary.com\/wp-content\/uploads\/2024\/11\/hiRes-Logo-800x267.png 800w, https:\/\/veganuary.com\/wp-content\/uploads\/2024\/11\/hiRes-Logo-150x50.png 150w\" sizes=\"(max-width: 1800px) 100vw, 1800px\" \/><\/a><\/figure>\n\n\n\n<h3 class=\"wp-block-heading\"><strong>VegOttawa Association<\/strong>\u202f&nbsp;<\/h3>\n\n\n\n<p>L\u2019Association VegOttawa est une organisation bas\u00e9e sur l\u2019adh\u00e9sion qui soutient la communaut\u00e9 et les entreprises v\u00e9gane \u00e0 Ottawa. Consultez le r\u00e9pertoire veg pour trouver de la nourriture v\u00e9gane \u00e0 Ottawa et dans les environs. Devenez membre de VegOttawa et vous pourrez profiter de rabais exclusifs dans plus de 35 entreprises favorables aux v\u00e9ganes.<\/p>\n\n\n\n<p>VegOttawa pr\u00e9voit \u00e9galement le festival VegOttawa, parraine des \u00e9v\u00e9nements v\u00e9gane comme des soir\u00e9es de jeux de soci\u00e9t\u00e9 et fait la promotion d&rsquo;une grande vari\u00e9t\u00e9 d&rsquo;\u00e9v\u00e9nements communautaires comme un club de lecture, des randonn\u00e9es et des ateliers de cuisine v\u00e9gane. Quels que soient vos int\u00e9r\u00eats, vous \u00eates s\u00fbr de trouver votre tribu v\u00e9g\u00e9tale !<\/p>\n\n\n\n<p>IG: <a href=\"https:\/\/www.instagram.com\/Vegottawa\">@vegottawa<\/a><br>FB: <a href=\"https:\/\/www.facebook.com\/VegOttawa.org\">@vegottawa.org<\/a>\u202f <\/p>\n\n\n\n<figure class=\"wp-block-image size-full is-resized\"><img decoding=\"async\" width=\"500\" height=\"350\" src=\"https:\/\/veganuary.com\/wp-content\/uploads\/2024\/11\/pbcanada-1.jpg\" alt=\"\" class=\"wp-image-253161\" style=\"aspect-ratio:1.4285797984532458;width:449px;height:auto\" srcset=\"https:\/\/veganuary.com\/wp-content\/uploads\/2024\/11\/pbcanada-1.jpg 500w, https:\/\/veganuary.com\/wp-content\/uploads\/2024\/11\/pbcanada-1-400x280.jpg 400w, https:\/\/veganuary.com\/wp-content\/uploads\/2024\/11\/pbcanada-1-150x105.jpg 150w\" sizes=\"(max-width: 500px) 100vw, 500px\" \/><\/figure>\n\n\n\n<h3 class=\"wp-block-heading\"><strong>Plant-Based Canada <\/strong>\u202f&nbsp;<\/h3>\n\n\n\n<p>Plant-Based Canada est un groupe d&rsquo;experts en soins de sant\u00e9 qui s&rsquo;efforce d&rsquo;\u00e9duquer le public, les professionnels de la sant\u00e9 et les d\u00e9cideurs politiques sur les avantages d&rsquo;une alimentation \u00e0 base de plantes et d&rsquo;aliments entiers. Le site Web de l&rsquo;association propose une multitude de ressources pour soutenir l&rsquo;alimentation v\u00e9gane, notamment des vid\u00e9os, des fiches d&rsquo;information, un podcast et un r\u00e9pertoire de professionnels de la sant\u00e9 sp\u00e9cialis\u00e9s dans les aliments d&rsquo;origine v\u00e9g\u00e9tale.<\/p>\n\n\n\n<p>IG: <a href=\"https:\/\/www.instagram.com\/plantbasedcanadaorg\">@plantbasedcanadaorg<\/a><br>FB: <a href=\"https:\/\/www.facebook.com\/plantbasedcanadaorg\">@plantbasedcanadaorg<\/a><\/p>\n\n\n\n<figure class=\"wp-block-image size-large is-resized\"><img decoding=\"async\" width=\"1800\" height=\"1080\" src=\"https:\/\/veganuary.com\/wp-content\/uploads\/2024\/12\/LOGOS-TEXTES-NOM-Horizontal-1800x1080.png\" alt=\"\" class=\"wp-image-258331\" style=\"aspect-ratio:1.6666824498686048;width:652px;height:auto\" srcset=\"https:\/\/veganuary.com\/wp-content\/uploads\/2024\/12\/LOGOS-TEXTES-NOM-Horizontal-1800x1080.png 1800w, https:\/\/veganuary.com\/wp-content\/uploads\/2024\/12\/LOGOS-TEXTES-NOM-Horizontal-1200x720.png 1200w, https:\/\/veganuary.com\/wp-content\/uploads\/2024\/12\/LOGOS-TEXTES-NOM-Horizontal-400x240.png 400w, https:\/\/veganuary.com\/wp-content\/uploads\/2024\/12\/LOGOS-TEXTES-NOM-Horizontal-768x461.png 768w, https:\/\/veganuary.com\/wp-content\/uploads\/2024\/12\/LOGOS-TEXTES-NOM-Horizontal-1536x922.png 1536w, https:\/\/veganuary.com\/wp-content\/uploads\/2024\/12\/LOGOS-TEXTES-NOM-Horizontal-2048x1229.png 2048w, https:\/\/veganuary.com\/wp-content\/uploads\/2024\/12\/LOGOS-TEXTES-NOM-Horizontal-800x480.png 800w, https:\/\/veganuary.com\/wp-content\/uploads\/2024\/12\/LOGOS-TEXTES-NOM-Horizontal-150x90.png 150w\" sizes=\"(max-width: 1800px) 100vw, 1800px\" \/><\/figure>\n\n\n\n<h2 class=\"wp-block-heading\"><strong>Montreal Vegan Festival<\/strong><\/h2>\n\n\n\n<p>FVMtl est le plus grand \u00e9v\u00e9nement v\u00e9gane au Qu\u00e9bec ! Ce temps fort, qui met en lumi\u00e8re le mode de vie v\u00e9gane, a lieu chaque ann\u00e9e depuis 2014 \u00e0 Montr\u00e9al.<br><br>Le festival a pour objectif de faire d\u00e9couvrir aux curieuses et curieux les nombreuses mani\u00e8res de consommer v\u00e9gane via conf\u00e9rences, d\u00e9mo culinaires, d\u00e9gustations, initiatives locales, restaurateurs engag\u00e9s, v\u00eatements et cosm\u00e9tiques v\u00e9gane etc<br><br>IG: <a href=\"https:\/\/www.instagram.com\/fvmtl\/\">@fvmtl<\/a>&nbsp;<br>FB: <a href=\"https:\/\/www.facebook.com\/festivalveganedemontreal\">@festivalveganedemontreal<\/a><\/p>\n\n\n\n<figure class=\"wp-block-image size-full is-resized\"><img loading=\"lazy\" decoding=\"async\" width=\"474\" height=\"248\" src=\"https:\/\/veganuary.com\/wp-content\/uploads\/2025\/12\/Vegans-and-Vegetarians-of-Alberta.jpg\" alt=\"\" class=\"wp-image-295665\" style=\"aspect-ratio:1.9114681789540013;width:674px;height:auto\" srcset=\"https:\/\/veganuary.com\/wp-content\/uploads\/2025\/12\/Vegans-and-Vegetarians-of-Alberta.jpg 474w, https:\/\/veganuary.com\/wp-content\/uploads\/2025\/12\/Vegans-and-Vegetarians-of-Alberta-400x209.jpg 400w, https:\/\/veganuary.com\/wp-content\/uploads\/2025\/12\/Vegans-and-Vegetarians-of-Alberta-150x78.jpg 150w\" sizes=\"(max-width: 474px) 100vw, 474px\" \/><\/figure>\n\n\n\n<h3 class=\"wp-block-heading\"><strong><strong>Vegans and Vegetarians of Alberta<\/strong><\/strong>\u202f\u00a0<\/h3>\n\n\n\n<p>Les Albertains sont soutenus \u00e0 chaque \u00e9tape de leur parcours v\u00e9g\u00e9tarien gr\u00e2ce \u00e0 Vegans and Vegetarians of Alberta (VVOA), une association g\u00e9r\u00e9e par des b\u00e9n\u00e9voles qui promeut un mode de vie \u00e0 base de plantes dans toute la province. Depuis 1989, elle construit une communaut\u00e9 dynamique et inclusive gr\u00e2ce \u00e0 des actions \u00e9ducatives, de sensibilisation et des \u00e9v\u00e9nements qui rendent les modes de vie v\u00e9g\u00e9taliens et v\u00e9g\u00e9tariens accueillants et agr\u00e9ables.\u202f\u202f<\/p>\n\n\n\n<p>Devenez membre pour soutenir le travail pr\u00e9cieux de l&rsquo;organisation et b\u00e9n\u00e9ficier d&rsquo;\u00e9v\u00e9nements exclusifs et de r\u00e9ductions !\u202f<\/p>\n\n\n\n<p>IG: <a href=\"https:\/\/www.instagram.com\/vvoaclub\/\"><a href=\"https:\/\/www.instagram.com\/vvoaclub\/\">@vvoaclub<\/a><\/a><br>FB: <a href=\"https:\/\/www.facebook.com\/vvoaclub\"><a href=\"https:\/\/www.facebook.com\/vvoaclub\">@vvoaclub<\/a><\/a><\/p>\n<\/div><\/div>\n\n\n\n<p><\/p>\n","protected":false},"excerpt":{"rendered":"<p>Veganuary est organis\u00e9 au Canada par nos partenaires de la Coalition Veganuary Canada, un groupe d&rsquo;organisations canadiennes \u00e0 but non&hellip;<\/p>\n","protected":false},"author":95,"featured_media":0,"parent":0,"menu_order":0,"comment_status":"closed","ping_status":"closed","template":"","meta":{"_acf_changed":false,"_coblocks_attr":"","_coblocks_dimensions":"","_coblocks_responsive_height":"","_coblocks_accordion_ie_support":"","footnotes":""},"class_list":["post-252306","page","type-page","status-publish","hentry"],"acf":[],"yoast_head":"<!-- This site is optimized with the Yoast SEO plugin v27.4 - https:\/\/yoast.com\/product\/yoast-seo-wordpress\/ -->\n<title>The Veganuary Canada Coalition\u202f\u00a0 - Veganuary<\/title>\n<meta name=\"description\" content=\"Veganuary est organis\u00e9 au Canada par nos partenaires de la Coalition Veganuary Canada, un groupe d&#039;organisations canadiennes \u00e0 but non lucratif qui travaillent ensemble pour encourager et soutenir les personnes et les entreprises \u00e0 adopter un r\u00e9gime alimentaire \u00e0 base de plantes afin de prot\u00e9ger l&#039;environnement, d&#039;\u00e9viter la souffrance des animaux et d&#039;am\u00e9liorer la sant\u00e9 de millions de personnes.\" \/>\n<meta name=\"robots\" content=\"index, follow, max-snippet:-1, max-image-preview:large, max-video-preview:-1\" \/>\n<link rel=\"canonical\" href=\"https:\/\/veganuary.com\/fr-ca\/the-veganuary-canada-coalition\/\" \/>\n<meta property=\"og:locale\" content=\"fr_CA\" \/>\n<meta property=\"og:type\" content=\"article\" \/>\n<meta property=\"og:title\" content=\"The Veganuary Canada Coalition\u202f\u00a0 - Veganuary\" \/>\n<meta property=\"og:description\" content=\"Veganuary est organis\u00e9 au Canada par nos partenaires de la Coalition Veganuary Canada, un groupe d&#039;organisations canadiennes \u00e0 but non lucratif qui travaillent ensemble pour encourager et soutenir les personnes et les entreprises \u00e0 adopter un r\u00e9gime alimentaire \u00e0 base de plantes afin de prot\u00e9ger l&#039;environnement, d&#039;\u00e9viter la souffrance des animaux et d&#039;am\u00e9liorer la sant\u00e9 de millions de personnes.\" \/>\n<meta property=\"og:url\" content=\"https:\/\/veganuary.com\/fr-ca\/the-veganuary-canada-coalition\/\" \/>\n<meta property=\"og:site_name\" content=\"Veganuary\" \/>\n<meta property=\"article:publisher\" content=\"https:\/\/www.facebook.com\/Veganuary\/\" \/>\n<meta property=\"article:modified_time\" content=\"2025-12-22T11:39:09+00:00\" \/>\n<meta property=\"og:image\" content=\"https:\/\/veganuary.com\/wp-content\/uploads\/2024\/11\/hiRes-Logo.png\" \/>\n\t<meta property=\"og:image:width\" content=\"4000\" \/>\n\t<meta property=\"og:image:height\" content=\"1333\" \/>\n\t<meta property=\"og:image:type\" content=\"image\/png\" \/>\n<meta name=\"twitter:card\" content=\"summary_large_image\" \/>\n<meta name=\"twitter:site\" content=\"@veganuary\" \/>\n<meta name=\"twitter:label1\" content=\"Est. reading time\" \/>\n\t<meta name=\"twitter:data1\" content=\"3 minutes\" \/>\n<script type=\"application\/ld+json\" class=\"yoast-schema-graph\">{\"@context\":\"https:\\\/\\\/schema.org\",\"@graph\":[{\"@type\":\"WebPage\",\"@id\":\"https:\\\/\\\/veganuary.com\\\/fr-ca\\\/the-veganuary-canada-coalition\\\/\",\"url\":\"https:\\\/\\\/veganuary.com\\\/fr-ca\\\/the-veganuary-canada-coalition\\\/\",\"name\":\"The Veganuary Canada Coalition\u202f\u00a0 - Veganuary\",\"isPartOf\":{\"@id\":\"https:\\\/\\\/veganuary.com\\\/fr-ca\\\/#website\"},\"primaryImageOfPage\":{\"@id\":\"https:\\\/\\\/veganuary.com\\\/fr-ca\\\/the-veganuary-canada-coalition\\\/#primaryimage\"},\"image\":{\"@id\":\"https:\\\/\\\/veganuary.com\\\/fr-ca\\\/the-veganuary-canada-coalition\\\/#primaryimage\"},\"thumbnailUrl\":\"https:\\\/\\\/veganuary.com\\\/wp-content\\\/uploads\\\/2024\\\/11\\\/hiRes-Logo-1800x600.png\",\"datePublished\":\"2024-11-19T10:24:39+00:00\",\"dateModified\":\"2025-12-22T11:39:09+00:00\",\"description\":\"Veganuary est organis\u00e9 au Canada par nos partenaires de la Coalition Veganuary Canada, un groupe d'organisations canadiennes \u00e0 but non lucratif qui travaillent ensemble pour encourager et soutenir les personnes et les entreprises \u00e0 adopter un r\u00e9gime alimentaire \u00e0 base de plantes afin de prot\u00e9ger l'environnement, d'\u00e9viter la souffrance des animaux et d'am\u00e9liorer la sant\u00e9 de millions de personnes.\",\"breadcrumb\":{\"@id\":\"https:\\\/\\\/veganuary.com\\\/fr-ca\\\/the-veganuary-canada-coalition\\\/#breadcrumb\"},\"inLanguage\":\"fr-CA\",\"potentialAction\":[{\"@type\":\"ReadAction\",\"target\":[\"https:\\\/\\\/veganuary.com\\\/fr-ca\\\/the-veganuary-canada-coalition\\\/\"]}]},{\"@type\":\"ImageObject\",\"inLanguage\":\"fr-CA\",\"@id\":\"https:\\\/\\\/veganuary.com\\\/fr-ca\\\/the-veganuary-canada-coalition\\\/#primaryimage\",\"url\":\"https:\\\/\\\/veganuary.com\\\/wp-content\\\/uploads\\\/2024\\\/11\\\/hiRes-Logo-1800x600.png\",\"contentUrl\":\"https:\\\/\\\/veganuary.com\\\/wp-content\\\/uploads\\\/2024\\\/11\\\/hiRes-Logo-1800x600.png\"},{\"@type\":\"BreadcrumbList\",\"@id\":\"https:\\\/\\\/veganuary.com\\\/fr-ca\\\/the-veganuary-canada-coalition\\\/#breadcrumb\",\"itemListElement\":[{\"@type\":\"ListItem\",\"position\":1,\"name\":\"Home\",\"item\":\"https:\\\/\\\/veganuary.com\\\/fr-ca\\\/\"},{\"@type\":\"ListItem\",\"position\":2,\"name\":\"The Veganuary Canada Coalition\u202f\u00a0\"}]},{\"@type\":\"WebSite\",\"@id\":\"https:\\\/\\\/veganuary.com\\\/fr-ca\\\/#website\",\"url\":\"https:\\\/\\\/veganuary.com\\\/fr-ca\\\/\",\"name\":\"Veganuary\",\"description\":\"The website for Veganuary\",\"publisher\":{\"@id\":\"https:\\\/\\\/veganuary.com\\\/fr-ca\\\/#organization\"},\"potentialAction\":[{\"@type\":\"SearchAction\",\"target\":{\"@type\":\"EntryPoint\",\"urlTemplate\":\"https:\\\/\\\/veganuary.com\\\/fr-ca\\\/?s={search_term_string}\"},\"query-input\":{\"@type\":\"PropertyValueSpecification\",\"valueRequired\":true,\"valueName\":\"search_term_string\"}}],\"inLanguage\":\"fr-CA\"},{\"@type\":\"Organization\",\"@id\":\"https:\\\/\\\/veganuary.com\\\/fr-ca\\\/#organization\",\"name\":\"Veganuary\",\"url\":\"https:\\\/\\\/veganuary.com\\\/fr-ca\\\/\",\"logo\":{\"@type\":\"ImageObject\",\"inLanguage\":\"fr-CA\",\"@id\":\"https:\\\/\\\/veganuary.com\\\/fr-ca\\\/#\\\/schema\\\/logo\\\/image\\\/\",\"url\":\"https:\\\/\\\/veganuary.com\\\/wp-content\\\/uploads\\\/2020\\\/11\\\/135-veganuary-animals-icon-transparent-rgb.png\",\"contentUrl\":\"https:\\\/\\\/veganuary.com\\\/wp-content\\\/uploads\\\/2020\\\/11\\\/135-veganuary-animals-icon-transparent-rgb.png\",\"width\":135,\"height\":135,\"caption\":\"Veganuary\"},\"image\":{\"@id\":\"https:\\\/\\\/veganuary.com\\\/fr-ca\\\/#\\\/schema\\\/logo\\\/image\\\/\"},\"sameAs\":[\"https:\\\/\\\/www.facebook.com\\\/Veganuary\\\/\",\"https:\\\/\\\/x.com\\\/veganuary\",\"https:\\\/\\\/www.instagram.com\\\/weareveganuary\\\/\",\"https:\\\/\\\/www.linkedin.com\\\/company\\\/veganuary-limited\",\"https:\\\/\\\/www.pinterest.co.uk\\\/Veganuary\\\/\",\"https:\\\/\\\/www.youtube.com\\\/channel\\\/UCGDLtGanlPZLidEGP2N39CA\",\"https:\\\/\\\/en.wikipedia.org\\\/wiki\\\/Veganuary\"]}]}<\/script>\n<!-- \/ Yoast SEO plugin. -->","yoast_head_json":{"title":"The Veganuary Canada Coalition\u202f\u00a0 - Veganuary","description":"Veganuary est organis\u00e9 au Canada par nos partenaires de la Coalition Veganuary Canada, un groupe d'organisations canadiennes \u00e0 but non lucratif qui travaillent ensemble pour encourager et soutenir les personnes et les entreprises \u00e0 adopter un r\u00e9gime alimentaire \u00e0 base de plantes afin de prot\u00e9ger l'environnement, d'\u00e9viter la souffrance des animaux et d'am\u00e9liorer la sant\u00e9 de millions de personnes.","robots":{"index":"index","follow":"follow","max-snippet":"max-snippet:-1","max-image-preview":"max-image-preview:large","max-video-preview":"max-video-preview:-1"},"canonical":"https:\/\/veganuary.com\/fr-ca\/the-veganuary-canada-coalition\/","og_locale":"fr_CA","og_type":"article","og_title":"The Veganuary Canada Coalition\u202f\u00a0 - Veganuary","og_description":"Veganuary est organis\u00e9 au Canada par nos partenaires de la Coalition Veganuary Canada, un groupe d'organisations canadiennes \u00e0 but non lucratif qui travaillent ensemble pour encourager et soutenir les personnes et les entreprises \u00e0 adopter un r\u00e9gime alimentaire \u00e0 base de plantes afin de prot\u00e9ger l'environnement, d'\u00e9viter la souffrance des animaux et d'am\u00e9liorer la sant\u00e9 de millions de personnes.","og_url":"https:\/\/veganuary.com\/fr-ca\/the-veganuary-canada-coalition\/","og_site_name":"Veganuary","article_publisher":"https:\/\/www.facebook.com\/Veganuary\/","article_modified_time":"2025-12-22T11:39:09+00:00","og_image":[{"width":4000,"height":1333,"url":"https:\/\/veganuary.com\/wp-content\/uploads\/2024\/11\/hiRes-Logo.png","type":"image\/png"}],"twitter_card":"summary_large_image","twitter_site":"@veganuary","twitter_misc":{"Est. reading time":"3 minutes"},"schema":{"@context":"https:\/\/schema.org","@graph":[{"@type":"WebPage","@id":"https:\/\/veganuary.com\/fr-ca\/the-veganuary-canada-coalition\/","url":"https:\/\/veganuary.com\/fr-ca\/the-veganuary-canada-coalition\/","name":"The Veganuary Canada Coalition\u202f\u00a0 - Veganuary","isPartOf":{"@id":"https:\/\/veganuary.com\/fr-ca\/#website"},"primaryImageOfPage":{"@id":"https:\/\/veganuary.com\/fr-ca\/the-veganuary-canada-coalition\/#primaryimage"},"image":{"@id":"https:\/\/veganuary.com\/fr-ca\/the-veganuary-canada-coalition\/#primaryimage"},"thumbnailUrl":"https:\/\/veganuary.com\/wp-content\/uploads\/2024\/11\/hiRes-Logo-1800x600.png","datePublished":"2024-11-19T10:24:39+00:00","dateModified":"2025-12-22T11:39:09+00:00","description":"Veganuary est organis\u00e9 au Canada par nos partenaires de la Coalition Veganuary Canada, un groupe d'organisations canadiennes \u00e0 but non lucratif qui travaillent ensemble pour encourager et soutenir les personnes et les entreprises \u00e0 adopter un r\u00e9gime alimentaire \u00e0 base de plantes afin de prot\u00e9ger l'environnement, d'\u00e9viter la souffrance des animaux et d'am\u00e9liorer la sant\u00e9 de millions de personnes.","breadcrumb":{"@id":"https:\/\/veganuary.com\/fr-ca\/the-veganuary-canada-coalition\/#breadcrumb"},"inLanguage":"fr-CA","potentialAction":[{"@type":"ReadAction","target":["https:\/\/veganuary.com\/fr-ca\/the-veganuary-canada-coalition\/"]}]},{"@type":"ImageObject","inLanguage":"fr-CA","@id":"https:\/\/veganuary.com\/fr-ca\/the-veganuary-canada-coalition\/#primaryimage","url":"https:\/\/veganuary.com\/wp-content\/uploads\/2024\/11\/hiRes-Logo-1800x600.png","contentUrl":"https:\/\/veganuary.com\/wp-content\/uploads\/2024\/11\/hiRes-Logo-1800x600.png"},{"@type":"BreadcrumbList","@id":"https:\/\/veganuary.com\/fr-ca\/the-veganuary-canada-coalition\/#breadcrumb","itemListElement":[{"@type":"ListItem","position":1,"name":"Home","item":"https:\/\/veganuary.com\/fr-ca\/"},{"@type":"ListItem","position":2,"name":"The Veganuary Canada Coalition\u202f\u00a0"}]},{"@type":"WebSite","@id":"https:\/\/veganuary.com\/fr-ca\/#website","url":"https:\/\/veganuary.com\/fr-ca\/","name":"Veganuary","description":"The website for Veganuary","publisher":{"@id":"https:\/\/veganuary.com\/fr-ca\/#organization"},"potentialAction":[{"@type":"SearchAction","target":{"@type":"EntryPoint","urlTemplate":"https:\/\/veganuary.com\/fr-ca\/?s={search_term_string}"},"query-input":{"@type":"PropertyValueSpecification","valueRequired":true,"valueName":"search_term_string"}}],"inLanguage":"fr-CA"},{"@type":"Organization","@id":"https:\/\/veganuary.com\/fr-ca\/#organization","name":"Veganuary","url":"https:\/\/veganuary.com\/fr-ca\/","logo":{"@type":"ImageObject","inLanguage":"fr-CA","@id":"https:\/\/veganuary.com\/fr-ca\/#\/schema\/logo\/image\/","url":"https:\/\/veganuary.com\/wp-content\/uploads\/2020\/11\/135-veganuary-animals-icon-transparent-rgb.png","contentUrl":"https:\/\/veganuary.com\/wp-content\/uploads\/2020\/11\/135-veganuary-animals-icon-transparent-rgb.png","width":135,"height":135,"caption":"Veganuary"},"image":{"@id":"https:\/\/veganuary.com\/fr-ca\/#\/schema\/logo\/image\/"},"sameAs":["https:\/\/www.facebook.com\/Veganuary\/","https:\/\/x.com\/veganuary","https:\/\/www.instagram.com\/weareveganuary\/","https:\/\/www.linkedin.com\/company\/veganuary-limited","https:\/\/www.pinterest.co.uk\/Veganuary\/","https:\/\/www.youtube.com\/channel\/UCGDLtGanlPZLidEGP2N39CA","https:\/\/en.wikipedia.org\/wiki\/Veganuary"]}]}},"_links":{"self":[{"href":"https:\/\/veganuary.com\/fr-ca\/wp-json\/wp\/v2\/pages\/252306","targetHints":{"allow":["GET"]}}],"collection":[{"href":"https:\/\/veganuary.com\/fr-ca\/wp-json\/wp\/v2\/pages"}],"about":[{"href":"https:\/\/veganuary.com\/fr-ca\/wp-json\/wp\/v2\/types\/page"}],"author":[{"embeddable":true,"href":"https:\/\/veganuary.com\/fr-ca\/wp-json\/wp\/v2\/users\/95"}],"replies":[{"embeddable":true,"href":"https:\/\/veganuary.com\/fr-ca\/wp-json\/wp\/v2\/comments?post=252306"}],"version-history":[{"count":0,"href":"https:\/\/veganuary.com\/fr-ca\/wp-json\/wp\/v2\/pages\/252306\/revisions"}],"wp:attachment":[{"href":"https:\/\/veganuary.com\/fr-ca\/wp-json\/wp\/v2\/media?parent=252306"}],"curies":[{"name":"wp","href":"https:\/\/api.w.org\/{rel}","templated":true}]}}