{"id":123503,"date":"2021-07-13T17:29:59","date_gmt":"2021-07-13T16:29:59","guid":{"rendered":"https:\/\/veganuary.com\/email-preferences\/"},"modified":"2022-11-19T18:57:31","modified_gmt":"2022-11-19T18:57:31","slug":"preferences-en-matiere-d-e-mail","status":"publish","type":"page","link":"https:\/\/veganuary.com\/fr\/preferences-en-matiere-d-e-mail\/","title":{"rendered":"PR\u00c9F\u00c9RENCES EN MATI\u00c8RE D\u2019E-MAIL"},"content":{"rendered":"","protected":false},"excerpt":{"rendered":"","protected":false},"author":140,"featured_media":0,"parent":0,"menu_order":0,"comment_status":"closed","ping_status":"closed","template":"page-templates\/email-preferences.php","meta":{"_acf_changed":false,"_coblocks_attr":"","_coblocks_dimensions":"","_coblocks_responsive_height":"","_coblocks_accordion_ie_support":"","footnotes":""},"class_list":["post-123503","page","type-page","status-publish","hentry"],"acf":[],"yoast_head":"<!-- This site is optimized with the Yoast SEO plugin v27.4 - https:\/\/yoast.com\/product\/yoast-seo-wordpress\/ -->\n<title>PR\u00c9F\u00c9RENCES EN MATI\u00c8RE D\u2019E-MAIL - Veganuary<\/title>\n<meta name=\"robots\" content=\"index, follow, max-snippet:-1, max-image-preview:large, max-video-preview:-1\" \/>\n<link rel=\"canonical\" href=\"https:\/\/veganuary.com\/fr\/preferences-en-matiere-d-e-mail\/\" \/>\n<meta property=\"og:locale\" content=\"fr_FR\" \/>\n<meta property=\"og:type\" content=\"article\" \/>\n<meta property=\"og:title\" content=\"PR\u00c9F\u00c9RENCES EN MATI\u00c8RE D\u2019E-MAIL - Veganuary\" \/>\n<meta property=\"og:url\" content=\"https:\/\/veganuary.com\/fr\/preferences-en-matiere-d-e-mail\/\" \/>\n<meta property=\"og:site_name\" content=\"Veganuary\" \/>\n<meta property=\"article:publisher\" content=\"https:\/\/www.facebook.com\/Veganuary\/\" \/>\n<meta property=\"article:modified_time\" content=\"2022-11-19T18:57:31+00:00\" \/>\n<meta name=\"twitter:card\" content=\"summary_large_image\" \/>\n<meta name=\"twitter:site\" content=\"@veganuary\" \/>\n<script type=\"application\/ld+json\" class=\"yoast-schema-graph\">{\"@context\":\"https:\\\/\\\/schema.org\",\"@graph\":[{\"@type\":\"WebPage\",\"@id\":\"https:\\\/\\\/veganuary.com\\\/fr\\\/preferences-en-matiere-d-e-mail\\\/\",\"url\":\"https:\\\/\\\/veganuary.com\\\/fr\\\/preferences-en-matiere-d-e-mail\\\/\",\"name\":\"PR\u00c9F\u00c9RENCES EN MATI\u00c8RE D\u2019E-MAIL - Veganuary\",\"isPartOf\":{\"@id\":\"https:\\\/\\\/veganuary.com\\\/fr\\\/#website\"},\"datePublished\":\"2021-07-13T16:29:59+00:00\",\"dateModified\":\"2022-11-19T18:57:31+00:00\",\"breadcrumb\":{\"@id\":\"https:\\\/\\\/veganuary.com\\\/fr\\\/preferences-en-matiere-d-e-mail\\\/#breadcrumb\"},\"inLanguage\":\"fr-FR\",\"potentialAction\":[{\"@type\":\"ReadAction\",\"target\":[\"https:\\\/\\\/veganuary.com\\\/fr\\\/preferences-en-matiere-d-e-mail\\\/\"]}]},{\"@type\":\"BreadcrumbList\",\"@id\":\"https:\\\/\\\/veganuary.com\\\/fr\\\/preferences-en-matiere-d-e-mail\\\/#breadcrumb\",\"itemListElement\":[{\"@type\":\"ListItem\",\"position\":1,\"name\":\"Home\",\"item\":\"https:\\\/\\\/veganuary.com\\\/fr\\\/\"},{\"@type\":\"ListItem\",\"position\":2,\"name\":\"PR\u00c9F\u00c9RENCES EN MATI\u00c8RE D\u2019E-MAIL\"}]},{\"@type\":\"WebSite\",\"@id\":\"https:\\\/\\\/veganuary.com\\\/fr\\\/#website\",\"url\":\"https:\\\/\\\/veganuary.com\\\/fr\\\/\",\"name\":\"Veganuary\",\"description\":\"The website for Veganuary\",\"publisher\":{\"@id\":\"https:\\\/\\\/veganuary.com\\\/fr\\\/#organization\"},\"potentialAction\":[{\"@type\":\"SearchAction\",\"target\":{\"@type\":\"EntryPoint\",\"urlTemplate\":\"https:\\\/\\\/veganuary.com\\\/fr\\\/?s={search_term_string}\"},\"query-input\":{\"@type\":\"PropertyValueSpecification\",\"valueRequired\":true,\"valueName\":\"search_term_string\"}}],\"inLanguage\":\"fr-FR\"},{\"@type\":\"Organization\",\"@id\":\"https:\\\/\\\/veganuary.com\\\/fr\\\/#organization\",\"name\":\"Veganuary\",\"url\":\"https:\\\/\\\/veganuary.com\\\/fr\\\/\",\"logo\":{\"@type\":\"ImageObject\",\"inLanguage\":\"fr-FR\",\"@id\":\"https:\\\/\\\/veganuary.com\\\/fr\\\/#\\\/schema\\\/logo\\\/image\\\/\",\"url\":\"https:\\\/\\\/veganuary.com\\\/wp-content\\\/uploads\\\/2020\\\/11\\\/135-veganuary-animals-icon-transparent-rgb.png\",\"contentUrl\":\"https:\\\/\\\/veganuary.com\\\/wp-content\\\/uploads\\\/2020\\\/11\\\/135-veganuary-animals-icon-transparent-rgb.png\",\"width\":135,\"height\":135,\"caption\":\"Veganuary\"},\"image\":{\"@id\":\"https:\\\/\\\/veganuary.com\\\/fr\\\/#\\\/schema\\\/logo\\\/image\\\/\"},\"sameAs\":[\"https:\\\/\\\/www.facebook.com\\\/Veganuary\\\/\",\"https:\\\/\\\/x.com\\\/veganuary\",\"https:\\\/\\\/www.instagram.com\\\/weareveganuary\\\/\",\"https:\\\/\\\/www.linkedin.com\\\/company\\\/veganuary-limited\",\"https:\\\/\\\/www.pinterest.co.uk\\\/Veganuary\\\/\",\"https:\\\/\\\/www.youtube.com\\\/channel\\\/UCGDLtGanlPZLidEGP2N39CA\",\"https:\\\/\\\/en.wikipedia.org\\\/wiki\\\/Veganuary\"]}]}<\/script>\n<!-- \/ Yoast SEO plugin. -->","yoast_head_json":{"title":"PR\u00c9F\u00c9RENCES EN MATI\u00c8RE D\u2019E-MAIL - Veganuary","robots":{"index":"index","follow":"follow","max-snippet":"max-snippet:-1","max-image-preview":"max-image-preview:large","max-video-preview":"max-video-preview:-1"},"canonical":"https:\/\/veganuary.com\/fr\/preferences-en-matiere-d-e-mail\/","og_locale":"fr_FR","og_type":"article","og_title":"PR\u00c9F\u00c9RENCES EN MATI\u00c8RE D\u2019E-MAIL - Veganuary","og_url":"https:\/\/veganuary.com\/fr\/preferences-en-matiere-d-e-mail\/","og_site_name":"Veganuary","article_publisher":"https:\/\/www.facebook.com\/Veganuary\/","article_modified_time":"2022-11-19T18:57:31+00:00","twitter_card":"summary_large_image","twitter_site":"@veganuary","schema":{"@context":"https:\/\/schema.org","@graph":[{"@type":"WebPage","@id":"https:\/\/veganuary.com\/fr\/preferences-en-matiere-d-e-mail\/","url":"https:\/\/veganuary.com\/fr\/preferences-en-matiere-d-e-mail\/","name":"PR\u00c9F\u00c9RENCES EN MATI\u00c8RE D\u2019E-MAIL - Veganuary","isPartOf":{"@id":"https:\/\/veganuary.com\/fr\/#website"},"datePublished":"2021-07-13T16:29:59+00:00","dateModified":"2022-11-19T18:57:31+00:00","breadcrumb":{"@id":"https:\/\/veganuary.com\/fr\/preferences-en-matiere-d-e-mail\/#breadcrumb"},"inLanguage":"fr-FR","potentialAction":[{"@type":"ReadAction","target":["https:\/\/veganuary.com\/fr\/preferences-en-matiere-d-e-mail\/"]}]},{"@type":"BreadcrumbList","@id":"https:\/\/veganuary.com\/fr\/preferences-en-matiere-d-e-mail\/#breadcrumb","itemListElement":[{"@type":"ListItem","position":1,"name":"Home","item":"https:\/\/veganuary.com\/fr\/"},{"@type":"ListItem","position":2,"name":"PR\u00c9F\u00c9RENCES EN MATI\u00c8RE D\u2019E-MAIL"}]},{"@type":"WebSite","@id":"https:\/\/veganuary.com\/fr\/#website","url":"https:\/\/veganuary.com\/fr\/","name":"Veganuary","description":"The website for Veganuary","publisher":{"@id":"https:\/\/veganuary.com\/fr\/#organization"},"potentialAction":[{"@type":"SearchAction","target":{"@type":"EntryPoint","urlTemplate":"https:\/\/veganuary.com\/fr\/?s={search_term_string}"},"query-input":{"@type":"PropertyValueSpecification","valueRequired":true,"valueName":"search_term_string"}}],"inLanguage":"fr-FR"},{"@type":"Organization","@id":"https:\/\/veganuary.com\/fr\/#organization","name":"Veganuary","url":"https:\/\/veganuary.com\/fr\/","logo":{"@type":"ImageObject","inLanguage":"fr-FR","@id":"https:\/\/veganuary.com\/fr\/#\/schema\/logo\/image\/","url":"https:\/\/veganuary.com\/wp-content\/uploads\/2020\/11\/135-veganuary-animals-icon-transparent-rgb.png","contentUrl":"https:\/\/veganuary.com\/wp-content\/uploads\/2020\/11\/135-veganuary-animals-icon-transparent-rgb.png","width":135,"height":135,"caption":"Veganuary"},"image":{"@id":"https:\/\/veganuary.com\/fr\/#\/schema\/logo\/image\/"},"sameAs":["https:\/\/www.facebook.com\/Veganuary\/","https:\/\/x.com\/veganuary","https:\/\/www.instagram.com\/weareveganuary\/","https:\/\/www.linkedin.com\/company\/veganuary-limited","https:\/\/www.pinterest.co.uk\/Veganuary\/","https:\/\/www.youtube.com\/channel\/UCGDLtGanlPZLidEGP2N39CA","https:\/\/en.wikipedia.org\/wiki\/Veganuary"]}]}},"_links":{"self":[{"href":"https:\/\/veganuary.com\/fr\/wp-json\/wp\/v2\/pages\/123503","targetHints":{"allow":["GET"]}}],"collection":[{"href":"https:\/\/veganuary.com\/fr\/wp-json\/wp\/v2\/pages"}],"about":[{"href":"https:\/\/veganuary.com\/fr\/wp-json\/wp\/v2\/types\/page"}],"author":[{"embeddable":true,"href":"https:\/\/veganuary.com\/fr\/wp-json\/wp\/v2\/users\/140"}],"replies":[{"embeddable":true,"href":"https:\/\/veganuary.com\/fr\/wp-json\/wp\/v2\/comments?post=123503"}],"version-history":[{"count":0,"href":"https:\/\/veganuary.com\/fr\/wp-json\/wp\/v2\/pages\/123503\/revisions"}],"wp:attachment":[{"href":"https:\/\/veganuary.com\/fr\/wp-json\/wp\/v2\/media?parent=123503"}],"curies":[{"name":"wp","href":"https:\/\/api.w.org\/{rel}","templated":true}]}}