{"id":74209,"date":"2020-08-06T08:50:01","date_gmt":"2020-08-06T07:50:01","guid":{"rendered":"https:\/\/veganuary.com\/notre-raison-d-etre\/meet-the-team\/"},"modified":"2025-12-17T15:28:12","modified_gmt":"2025-12-17T15:28:12","slug":"l-equipe-veganuary","status":"publish","type":"page","link":"https:\/\/veganuary.com\/fr\/a-propos\/l-equipe-veganuary\/","title":{"rendered":"L\u2019\u00e9quipe Veganuary"},"content":{"rendered":"\n<div class=\"hero\">\n\t<div class=\"hero__overlay\">\n\t\t<div class=\"hero__content\">\n\t\t\t<div class=\"container\">\n\t\t\t\t<div class=\"row\">\n\t\t\t\t\t<div class=\"col-md-10 offset-md-1 col-lg-8 offset-lg-2 col-xl-6 offset-xl-3\">\n\n\t\t\t\t\t\t<h1 class=\"hero__title\">L\u2019\u00e9quipe Veganuary<\/h1>\n\n\t\t\t\t\t\t\t\t\t\t\t\t\t<div class=\"hero__icon\">\n\t\t\t\t\t\t\t\t<img decoding=\"async\" class=\"hero__icon__img\" src=\"https:\/\/veganuary.com\/wp-content\/themes\/veganuary\/assets\/img\/veganuary-icon-orange.svg\" alt=\"\">\n\t\t\t\t\t\t\t<\/div>\n\n\t\t\t\t\t\t\t<p class=\"hero__subtitle\">Pour un monde vegan<\/p>\n\t\t\t\t\t\t\n\t\t\t\t\t<\/div>\n\t\t\t\t<\/div>\n\t\t\t<\/div>\n\t\t<\/div>\n\t<\/div>\n\n\t<div class=\"hero__figure\">\n\t\t<picture class=\"hero__picture\">\n\t\t\t\t<source media=\"(min-width: 992px)\" srcset=\"https:\/\/veganuary.com\/wp-content\/uploads\/2020\/10\/meet-the-team-hero-1200x800.jpg, https:\/\/veganuary.com\/wp-content\/uploads\/2020\/10\/meet-the-team-hero-1800x1200.jpg 2x\">\n\t\t\t\t<source media=\"(min-width: 768px)\" srcset=\"https:\/\/veganuary.com\/wp-content\/uploads\/2020\/10\/meet-the-team-hero-800x533.jpg, https:\/\/veganuary.com\/wp-content\/uploads\/2020\/10\/meet-the-team-hero-1800x1200.jpg 2x\">\n\t\t\t\t<source media=\"(min-width: 576px)\" srcset=\"https:\/\/veganuary.com\/wp-content\/uploads\/2020\/10\/meet-the-team-hero-800x533.jpg, https:\/\/veganuary.com\/wp-content\/uploads\/2020\/10\/meet-the-team-hero-1200x800.jpg 2x\">\n\t\t\t\t<source media=\"(max-width: 575px)\" srcset=\"https:\/\/veganuary.com\/wp-content\/uploads\/2020\/10\/meet-the-team-hero-400x267.jpg, https:\/\/veganuary.com\/wp-content\/uploads\/2020\/10\/meet-the-team-hero-800x533.jpg 2x\">\n\t\t\t\t<img decoding=\"async\" class=\"hero__img\" src=\"https:\/\/veganuary.com\/wp-content\/uploads\/2020\/10\/meet-the-team-hero-400x267.jpg\" alt=\"Team\"><\/picture>\t<\/div>\n\n<\/div>\n\n\n\n<div class=\"wp-block-group has-light-gray-background-color has-background\"><div class=\"wp-block-group__inner-container is-layout-flow wp-block-group-is-layout-flow\">\n<h2 class=\"wp-block-heading has-text-align-center\">L\u2019\u00e9quipe de direction<\/h2>\n\n\n\n\t<div class=\"wp-block-custom wp-block-team-list\">\n\t\t<ul class=\"team-card-list\">\n\n\t\t\t\n\t\t\t\t<li class=\"team-card-list__item\">\n\t\t\t\t\t<div class=\"team-card\">\n\t\t\t\t\t\t<div class=\"team-card__header\">\n\t\t\t\t\t\t\t<div class=\"team-card__figure\"><img decoding=\"async\" class=\"team-card__img\" src=\"https:\/\/veganuary.com\/wp-content\/uploads\/2020\/08\/Wendy-headshot-Square-2-400x400.png\" alt=\"\"><\/div>\n\t\t\t\t\t\t\t<h3 class=\"team-card__title\">Wendy Matthews<\/h3>\n\n\t\t\t\t\t\t\t\t\t\t\t\t\t\t<p class=\"team-card__job-title\">CEO<\/p>\n\t\t\t\t\t\t\t\t\t\t\t\t\t<\/div>\n\n\t\t\t\t\t\t\t\t\t\t\t<\/div>\n\t\t\t\t<\/li>\n\n\t\t\t\n\t\t\t\t<li class=\"team-card-list__item\">\n\t\t\t\t\t<div class=\"team-card\">\n\t\t\t\t\t\t<div class=\"team-card__header\">\n\t\t\t\t\t\t\t<div class=\"team-card__figure\"><img decoding=\"async\" class=\"team-card__img\" src=\"https:\/\/veganuary.com\/wp-content\/uploads\/2023\/02\/Ciara-Photo.jpg\" alt=\"\"><\/div>\n\t\t\t\t\t\t\t<h3 class=\"team-card__title\">Ciara Lynch<\/h3>\n\n\t\t\t\t\t\t\t\t\t\t\t\t\t\t<p class=\"team-card__job-title\">Chef des op\u00e9rations<\/p>\n\t\t\t\t\t\t\t\t\t\t\t\t\t<\/div>\n\n\t\t\t\t\t\t\t\t\t\t\t<\/div>\n\t\t\t\t<\/li>\n\n\t\t\t\n\t\t\t\t<li class=\"team-card-list__item\">\n\t\t\t\t\t<div class=\"team-card\">\n\t\t\t\t\t\t<div class=\"team-card__header\">\n\t\t\t\t\t\t\t<div class=\"team-card__figure\"><img decoding=\"async\" class=\"team-card__img\" src=\"https:\/\/veganuary.com\/wp-content\/uploads\/2020\/09\/team-mauricio-serrano-400x400.jpg\" alt=\"\"><\/div>\n\t\t\t\t\t\t\t<h3 class=\"team-card__title\">Mauricio Serrano<\/h3>\n\n\t\t\t\t\t\t\t\t\t\t\t\t\t\t<p class=\"team-card__job-title\">Charg\u00e9 de campagne, Am\u00e9rique latine<\/p>\n\t\t\t\t\t\t\t\t\t\t\t\t\t<\/div>\n\n\t\t\t\t\t\t\t\t\t\t\t<\/div>\n\t\t\t\t<\/li>\n\n\t\t\t\n\t\t\t\t<li class=\"team-card-list__item\">\n\t\t\t\t\t<div class=\"team-card\">\n\t\t\t\t\t\t<div class=\"team-card__header\">\n\t\t\t\t\t\t\t<div class=\"team-card__figure\"><img decoding=\"async\" class=\"team-card__img\" src=\"https:\/\/veganuary.com\/wp-content\/uploads\/2020\/09\/team-christopher-hollmann-400x400.jpg\" alt=\"\"><\/div>\n\t\t\t\t\t\t\t<h3 class=\"team-card__title\">Christopher Hollmann<\/h3>\n\n\t\t\t\t\t\t\t\t\t\t\t\t\t\t<p class=\"team-card__job-title\">Global Programmes Director<\/p>\n\t\t\t\t\t\t\t\t\t\t\t\t\t<\/div>\n\n\t\t\t\t\t\t\t\t\t\t\t<\/div>\n\t\t\t\t<\/li>\n\n\t\t\t\n\t\t\t\t<li class=\"team-card-list__item\">\n\t\t\t\t\t<div class=\"team-card\">\n\t\t\t\t\t\t<div class=\"team-card__header\">\n\t\t\t\t\t\t\t<div class=\"team-card__figure\"><img decoding=\"async\" class=\"team-card__img\" src=\"https:\/\/veganuary.com\/wp-content\/uploads\/2025\/01\/Headshot-square-400x396.jpg\" alt=\"\"><\/div>\n\t\t\t\t\t\t\t<h3 class=\"team-card__title\">Ruth Chapple<\/h3>\n\n\t\t\t\t\t\t\t\t\t\t\t\t\t\t<p class=\"team-card__job-title\">Group Finance &amp; Operations Director<\/p>\n\t\t\t\t\t\t\t\t\t\t\t\t\t<\/div>\n\n\t\t\t\t\t\t\t\t\t\t\t<\/div>\n\t\t\t\t<\/li>\n\n\t\t\t\n\t\t<\/ul>\n\t<\/div>\n\n\t\n\n\n<h2 class=\"wp-block-heading has-text-align-center\">Notre conseil d\u2019administration<\/h2>\n\n\n\n\t<div class=\"wp-block-custom wp-block-team-list\">\n\t\t<ul class=\"team-card-list\">\n\n\t\t\t\n\t\t\t\t<li class=\"team-card-list__item\">\n\t\t\t\t\t<div class=\"team-card\">\n\t\t\t\t\t\t<div class=\"team-card__header\">\n\t\t\t\t\t\t\t<div class=\"team-card__figure\"><img decoding=\"async\" class=\"team-card__img\" src=\"https:\/\/veganuary.com\/wp-content\/uploads\/2020\/09\/team-jane-land-400x400.jpg\" alt=\"\"><\/div>\n\t\t\t\t\t\t\t<h3 class=\"team-card__title\">Jane Land<\/h3>\n\n\t\t\t\t\t\t\t\t\t\t\t\t\t\t<p class=\"team-card__job-title\">Cofondatrice et pr\u00e9sidente du conseil d&#039;administration<\/p>\n\t\t\t\t\t\t\t\t\t\t\t\t\t<\/div>\n\n\t\t\t\t\t\t\t\t\t\t\t\t\t<div class=\"team-card__content\">\n\t\t\t\t\t\t\t\t<p>Jane Land est la cofondatrice de Veganuary. Ancienne professeure d&rsquo;anglais devenue militante pour la cause animale, elle a \u00e9t\u00e9 horrifi\u00e9e de constater le traitement r\u00e9serv\u00e9 aux animaux dans les fermes industrielles et les abattoirs. Avec son cofondateur Matthew, ils ont lanc\u00e9 la campagne Veganuary en 2014 pour inspirer et encourager les gens \u00e0 tester l&rsquo;alimentation v\u00e9g\u00e9tale pendant le mois de janvier. Aujourd&rsquo;hui, Jane continue d&rsquo;aiguiller l&rsquo;association aux c\u00f4t\u00e9s\u00a0d&rsquo;une\u00a0\u00e9quipe tr\u00e8s talentueuse et d\u00e9vou\u00e9e.<\/p>\n\t\t\t\t\t\t\t<\/div>\n\t\t\t\t\t\t\t\t\t\t\t<\/div>\n\t\t\t\t<\/li>\n\n\t\t\t\n\t\t\t\t<li class=\"team-card-list__item\">\n\t\t\t\t\t<div class=\"team-card\">\n\t\t\t\t\t\t<div class=\"team-card__header\">\n\t\t\t\t\t\t\t<div class=\"team-card__figure\"><img decoding=\"async\" class=\"team-card__img\" src=\"https:\/\/veganuary.com\/wp-content\/uploads\/2020\/09\/team-matthew-glover-400x400.jpg\" alt=\"\"><\/div>\n\t\t\t\t\t\t\t<h3 class=\"team-card__title\">Matthew Glover<\/h3>\n\n\t\t\t\t\t\t\t\t\t\t\t\t\t\t<p class=\"team-card__job-title\">Cofondateur<\/p>\n\t\t\t\t\t\t\t\t\t\t\t\t\t<\/div>\n\n\t\t\t\t\t\t\t\t\t\t\t\t\t<div class=\"team-card__content\">\n\t\t\t\t\t\t\t\t<p>Matthew Glover est le cofondateur de Veganuary. Apr\u00e8s avoir travaill\u00e9 pendant 17 ans dans l&rsquo;industrie des portes et des fen\u00eatres, ses priorit\u00e9s et son orientation ont chang\u00e9 lorsqu&rsquo;il est devenu vegan en 2011. D\u00e9sireux de r\u00e9duire la souffrance animale, Matthew a mis \u00e0 profit ses comp\u00e9tences commerciales et marketing pour lancer la campagne Veganuary en 2014 avec Jane, sa cofondatrice. Matthew a \u00e9t\u00e9 membre du conseil d&rsquo;administration et pr\u00e9sident de l&rsquo;association jusqu&rsquo;en 2023. Il travaille en tant qu&rsquo;entrepreneur vegan et continue \u00e0 r\u00e9pandre le v\u00e9ganisme dans le monde entier. Il reste un conseiller de l&rsquo;association et nous lui sommes tr\u00e8s reconnaissants de son soutien continu.<\/p>\n\t\t\t\t\t\t\t<\/div>\n\t\t\t\t\t\t\t\t\t\t\t<\/div>\n\t\t\t\t<\/li>\n\n\t\t\t\n\t\t<\/ul>\n\t<\/div>\n\n\t\n\n\n<h2 class=\"wp-block-heading has-text-align-center\">AUTRES MEMBRES DU CONSEIL D\u2019ADMINISTRATION<\/h2>\n\n\n\n\t<div class=\"wp-block-custom wp-block-team-list\">\n\t\t<ul class=\"team-card-list\">\n\n\t\t\t\n\t\t\t\t<li class=\"team-card-list__item\">\n\t\t\t\t\t<div class=\"team-card\">\n\t\t\t\t\t\t<div class=\"team-card__header\">\n\t\t\t\t\t\t\t<div class=\"team-card__figure\"><img decoding=\"async\" class=\"team-card__img\" src=\"https:\/\/veganuary.com\/wp-content\/uploads\/2023\/10\/Ruth-Jenkins-400x400.png\" alt=\"\"><\/div>\n\t\t\t\t\t\t\t<h3 class=\"team-card__title\">Ruth Jenkins<\/h3>\n\n\t\t\t\t\t\t\t\t\t\t\t\t\t<\/div>\n\n\t\t\t\t\t\t\t\t\t\t\t\t\t<div class=\"team-card__content\">\n\t\t\t\t\t\t\t\t<p>Ruth est experte-comptable, sp\u00e9cialis\u00e9e dans le secteur caritatif. Elle est devenue vegan en 1998, a fond\u00e9 la Vegan Inclusive Education Ltd et soutient depuis longtemps Veganuary.<\/p>\n\t\t\t\t\t\t\t<\/div>\n\t\t\t\t\t\t\t\t\t\t\t<\/div>\n\t\t\t\t<\/li>\n\n\t\t\t\n\t\t\t\t<li class=\"team-card-list__item\">\n\t\t\t\t\t<div class=\"team-card\">\n\t\t\t\t\t\t<div class=\"team-card__header\">\n\t\t\t\t\t\t\t<div class=\"team-card__figure\"><img decoding=\"async\" class=\"team-card__img\" src=\"https:\/\/veganuary.com\/wp-content\/uploads\/2023\/10\/Clare-Bland-1-400x400.png\" alt=\"\"><\/div>\n\t\t\t\t\t\t\t<h3 class=\"team-card__title\">Clare Bland<\/h3>\n\n\t\t\t\t\t\t\t\t\t\t\t\t\t<\/div>\n\n\t\t\t\t\t\t\t\t\t\t\t\t\t<div class=\"team-card__content\">\n\t\t\t\t\t\t\t\t<p>Clare Bland est une heureuse vegan fi\u00e8re de faire des dons\u00a0mensuels \u00e0 Veganuary. Forte de 30 ans d&rsquo;exp\u00e9rience dans la collecte de fonds \u00e0 but non lucratif, l&rsquo;\u00e9tablissement de partenariats philanthropiques, la planification strat\u00e9gique et le leadership, Clare occupe le poste de directrice internationale de la philanthropie au sein du groupe principal de r\u00e9flexion mondial visant \u00e0 d\u00e9velopper les prot\u00e9ines alternatives.<\/p>\n\t\t\t\t\t\t\t<\/div>\n\t\t\t\t\t\t\t\t\t\t\t<\/div>\n\t\t\t\t<\/li>\n\n\t\t\t\n\t\t\t\t<li class=\"team-card-list__item\">\n\t\t\t\t\t<div class=\"team-card\">\n\t\t\t\t\t\t<div class=\"team-card__header\">\n\t\t\t\t\t\t\t<div class=\"team-card__figure\"><img decoding=\"async\" class=\"team-card__img\" src=\"https:\/\/veganuary.com\/wp-content\/uploads\/2020\/09\/Jane-Thurnell-Read-400x400.png\" alt=\"\"><\/div>\n\t\t\t\t\t\t\t<h3 class=\"team-card__title\">Jane Thurnell-Read<\/h3>\n\n\t\t\t\t\t\t\t\t\t\t\t\t\t<\/div>\n\n\t\t\t\t\t\t\t\t\t\t\t\t\t<div class=\"team-card__content\">\n\t\t\t\t\t\t\t\t<p>Jane Thurnell-Read, ancienne professeure d\u2019universit\u00e9, elle est aujourd\u2019hui entrepreneuse, philanthrope et conf\u00e9renci\u00e8re. Jane soutient Veganuary depuis longtemps et est devenue vegan apr\u00e8s avoir rencontr\u00e9 les fondateurs de l\u2019association.<\/p>\n\t\t\t\t\t\t\t<\/div>\n\t\t\t\t\t\t\t\t\t\t\t<\/div>\n\t\t\t\t<\/li>\n\n\t\t\t\n\t\t\t\t<li class=\"team-card-list__item\">\n\t\t\t\t\t<div class=\"team-card\">\n\t\t\t\t\t\t<div class=\"team-card__header\">\n\t\t\t\t\t\t\t<div class=\"team-card__figure\"><img decoding=\"async\" class=\"team-card__img\" src=\"https:\/\/veganuary.com\/wp-content\/uploads\/2020\/09\/Sagar-Shah-400x400.png\" alt=\"\"><\/div>\n\t\t\t\t\t\t\t<h3 class=\"team-card__title\">Sagar Shah<\/h3>\n\n\t\t\t\t\t\t\t\t\t\t\t\t\t\t<p class=\"team-card__job-title\">Tr\u00e9sorier<\/p>\n\t\t\t\t\t\t\t\t\t\t\t\t\t<\/div>\n\n\t\t\t\t\t\t\t\t\t\t\t\t\t<div class=\"team-card__content\">\n\t\t\t\t\t\t\t\t<p>Sagar Shah est \u00e9conomiste. Il a travaill\u00e9 dans les secteurs priv\u00e9, public et associatif sur une s\u00e9rie de questions, notamment la r\u00e9glementation financi\u00e8re et l\u2019\u00e9conomie du bonheur. Il a aid\u00e9 Veganuary \u00e0 mesurer son impact pour les animaux et \u00e0 \u00e9valuer l\u2019efficacit\u00e9 de ses interventions sur le changement de mode alimentaire.<\/p>\n\t\t\t\t\t\t\t<\/div>\n\t\t\t\t\t\t\t\t\t\t\t<\/div>\n\t\t\t\t<\/li>\n\n\t\t\t\n\t\t\t\t<li class=\"team-card-list__item\">\n\t\t\t\t\t<div class=\"team-card\">\n\t\t\t\t\t\t<div class=\"team-card__header\">\n\t\t\t\t\t\t\t<div class=\"team-card__figure\"><img decoding=\"async\" class=\"team-card__img\" src=\"https:\/\/veganuary.com\/wp-content\/uploads\/2020\/09\/Seth-Tibbott-400x400.png\" alt=\"\"><\/div>\n\t\t\t\t\t\t\t<h3 class=\"team-card__title\">Seth Tibbott<\/h3>\n\n\t\t\t\t\t\t\t\t\t\t\t\t\t<\/div>\n\n\t\t\t\t\t\t\t\t\t\t\t\t\t<div class=\"team-card__content\">\n\t\t\t\t\t\t\t\t<p>Seth Tibbott, pr\u00e9sident et fondateur de Tofurky et de sa soci\u00e9t\u00e9 m\u00e8re, Turtle Island Foods. Seth soutient depuis longtemps la campagne Veganuary et nous repr\u00e9sente avec enthousiasme aux \u00c9tats-Unis.<\/p>\n\t\t\t\t\t\t\t<\/div>\n\t\t\t\t\t\t\t\t\t\t\t<\/div>\n\t\t\t\t<\/li>\n\n\t\t\t\n\t\t\t\t<li class=\"team-card-list__item\">\n\t\t\t\t\t<div class=\"team-card\">\n\t\t\t\t\t\t<div class=\"team-card__header\">\n\t\t\t\t\t\t\t<div class=\"team-card__figure\"><img decoding=\"async\" class=\"team-card__img\" src=\"https:\/\/veganuary.com\/wp-content\/uploads\/2025\/10\/Claire-Pratt.jpg\" alt=\"\"><\/div>\n\t\t\t\t\t\t\t<h3 class=\"team-card__title\">Claire Pratt<\/h3>\n\n\t\t\t\t\t\t\t\t\t\t\t\t\t<\/div>\n\n\t\t\t\t\t\t\t\t\t\t\t\t\t<div class=\"team-card__content\">\n\t\t\t\t\t\t\t\t<p>Claire Pratt became a passionate vegan after participating in Veganuary in 2021. With extensive experience in risk and regulatory management for mission-based organisations and charities, she is passionate about supporting Veganuary to grow safely and effectively.<\/p>\n\t\t\t\t\t\t\t<\/div>\n\t\t\t\t\t\t\t\t\t\t\t<\/div>\n\t\t\t\t<\/li>\n\n\t\t\t\n\t\t\t\t<li class=\"team-card-list__item\">\n\t\t\t\t\t<div class=\"team-card\">\n\t\t\t\t\t\t<div class=\"team-card__header\">\n\t\t\t\t\t\t\t<div class=\"team-card__figure\"><img decoding=\"async\" class=\"team-card__img\" src=\"https:\/\/veganuary.com\/wp-content\/uploads\/2025\/10\/Sophie-Wenzel-400x533.jpg\" alt=\"\"><\/div>\n\t\t\t\t\t\t\t<h3 class=\"team-card__title\">Sophie Wenzel<\/h3>\n\n\t\t\t\t\t\t\t\t\t\t\t\t\t<\/div>\n\n\t\t\t\t\t\t\t\t\t\t\t\t\t<div class=\"team-card__content\">\n\t\t\t\t\t\t\t\t<p>Sophie Wenzel\u00a0is the international coordinator of Plant-Based Universities, is a psychology student and a sustainability committee member at the University of Vienna. Together with her sister, she played a key role in helping the University of Graz transition to a fully plant-based cafeteria and supporting the University of Vienna in introducing two vegan-vegetarian ones.<\/p>\n\t\t\t\t\t\t\t<\/div>\n\t\t\t\t\t\t\t\t\t\t\t<\/div>\n\t\t\t\t<\/li>\n\n\t\t\t\n\t\t\t\t<li class=\"team-card-list__item\">\n\t\t\t\t\t<div class=\"team-card\">\n\t\t\t\t\t\t<div class=\"team-card__header\">\n\t\t\t\t\t\t\t<div class=\"team-card__figure\"><img decoding=\"async\" class=\"team-card__img\" src=\"https:\/\/veganuary.com\/wp-content\/uploads\/2025\/10\/Bart-Govaert.jpg\" alt=\"\"><\/div>\n\t\t\t\t\t\t\t<h3 class=\"team-card__title\">Bart Govaert<\/h3>\n\n\t\t\t\t\t\t\t\t\t\t\t\t\t<\/div>\n\n\t\t\t\t\t\t\t\t\t\t\t\t\t<div class=\"team-card__content\">\n\t\t\t\t\t\t\t\t<p>Bart has been leading a global team of engineering program managers at Google for almost 20 years. He has decided now is the time to do something else, and is going back to university to study Economic Policy. Bart has been vegan since around 2017. He is particularly interested in exploring what it takes to make veganism mainstream.<\/p>\n\t\t\t\t\t\t\t<\/div>\n\t\t\t\t\t\t\t\t\t\t\t<\/div>\n\t\t\t\t<\/li>\n\n\t\t\t\n\t\t<\/ul>\n\t<\/div>\n\n\t<\/div><\/div>\n","protected":false},"excerpt":{"rendered":"<p>L\u2019\u00e9quipe de direction Notre conseil d\u2019administration AUTRES MEMBRES DU CONSEIL D\u2019ADMINISTRATION<\/p>\n","protected":false},"author":70,"featured_media":152908,"parent":74601,"menu_order":63,"comment_status":"closed","ping_status":"closed","template":"","meta":{"_acf_changed":false,"_coblocks_attr":"","_coblocks_dimensions":"","_coblocks_responsive_height":"","_coblocks_accordion_ie_support":"","footnotes":""},"class_list":["post-74209","page","type-page","status-publish","has-post-thumbnail","hentry"],"acf":[],"yoast_head":"<!-- This site is optimized with the Yoast SEO plugin v27.4 - https:\/\/yoast.com\/product\/yoast-seo-wordpress\/ -->\n<title>L\u2019\u00e9quipe Veganuary - Veganuary<\/title>\n<meta name=\"description\" content=\"Pour un monde vegan\" \/>\n<meta name=\"robots\" content=\"index, follow, max-snippet:-1, max-image-preview:large, max-video-preview:-1\" \/>\n<link rel=\"canonical\" href=\"https:\/\/veganuary.com\/fr\/a-propos\/l-equipe-veganuary\/\" \/>\n<meta property=\"og:locale\" content=\"fr_FR\" \/>\n<meta property=\"og:type\" content=\"article\" \/>\n<meta property=\"og:title\" content=\"L\u2019\u00e9quipe Veganuary - Veganuary\" \/>\n<meta property=\"og:description\" content=\"Pour un monde vegan\" \/>\n<meta property=\"og:url\" content=\"https:\/\/veganuary.com\/fr\/a-propos\/l-equipe-veganuary\/\" \/>\n<meta property=\"og:site_name\" content=\"Veganuary\" \/>\n<meta property=\"article:publisher\" content=\"https:\/\/www.facebook.com\/Veganuary\/\" \/>\n<meta property=\"article:modified_time\" content=\"2025-12-17T15:28:12+00:00\" \/>\n<meta property=\"og:image\" content=\"https:\/\/veganuary.com\/wp-content\/uploads\/2022\/07\/VEGANUARY-MEET-THE-TEAM-scaled.jpeg\" \/>\n\t<meta property=\"og:image:width\" content=\"2560\" \/>\n\t<meta property=\"og:image:height\" content=\"1707\" \/>\n\t<meta property=\"og:image:type\" content=\"image\/jpeg\" \/>\n<meta name=\"twitter:card\" content=\"summary_large_image\" \/>\n<meta name=\"twitter:site\" content=\"@veganuary\" \/>\n<meta name=\"twitter:label1\" content=\"Dur\u00e9e de lecture estim\u00e9e\" \/>\n\t<meta name=\"twitter:data1\" content=\"1 minute\" \/>\n<script type=\"application\/ld+json\" class=\"yoast-schema-graph\">{\"@context\":\"https:\\\/\\\/schema.org\",\"@graph\":[{\"@type\":\"WebPage\",\"@id\":\"https:\\\/\\\/veganuary.com\\\/fr\\\/a-propos\\\/l-equipe-veganuary\\\/\",\"url\":\"https:\\\/\\\/veganuary.com\\\/fr\\\/a-propos\\\/l-equipe-veganuary\\\/\",\"name\":\"L\u2019\u00e9quipe Veganuary - Veganuary\",\"isPartOf\":{\"@id\":\"https:\\\/\\\/veganuary.com\\\/fr\\\/#website\"},\"primaryImageOfPage\":{\"@id\":\"https:\\\/\\\/veganuary.com\\\/fr\\\/a-propos\\\/l-equipe-veganuary\\\/#primaryimage\"},\"image\":{\"@id\":\"https:\\\/\\\/veganuary.com\\\/fr\\\/a-propos\\\/l-equipe-veganuary\\\/#primaryimage\"},\"thumbnailUrl\":\"https:\\\/\\\/veganuary.com\\\/wp-content\\\/uploads\\\/2022\\\/07\\\/VEGANUARY-MEET-THE-TEAM-scaled.jpeg\",\"datePublished\":\"2020-08-06T07:50:01+00:00\",\"dateModified\":\"2025-12-17T15:28:12+00:00\",\"description\":\"Pour un monde vegan\",\"breadcrumb\":{\"@id\":\"https:\\\/\\\/veganuary.com\\\/fr\\\/a-propos\\\/l-equipe-veganuary\\\/#breadcrumb\"},\"inLanguage\":\"fr-FR\",\"potentialAction\":[{\"@type\":\"ReadAction\",\"target\":[\"https:\\\/\\\/veganuary.com\\\/fr\\\/a-propos\\\/l-equipe-veganuary\\\/\"]}]},{\"@type\":\"ImageObject\",\"inLanguage\":\"fr-FR\",\"@id\":\"https:\\\/\\\/veganuary.com\\\/fr\\\/a-propos\\\/l-equipe-veganuary\\\/#primaryimage\",\"url\":\"https:\\\/\\\/veganuary.com\\\/wp-content\\\/uploads\\\/2022\\\/07\\\/VEGANUARY-MEET-THE-TEAM-scaled.jpeg\",\"contentUrl\":\"https:\\\/\\\/veganuary.com\\\/wp-content\\\/uploads\\\/2022\\\/07\\\/VEGANUARY-MEET-THE-TEAM-scaled.jpeg\",\"width\":2560,\"height\":1707,\"caption\":\"Ria and Mauricio at laptop\"},{\"@type\":\"BreadcrumbList\",\"@id\":\"https:\\\/\\\/veganuary.com\\\/fr\\\/a-propos\\\/l-equipe-veganuary\\\/#breadcrumb\",\"itemListElement\":[{\"@type\":\"ListItem\",\"position\":1,\"name\":\"Home\",\"item\":\"https:\\\/\\\/veganuary.com\\\/fr\\\/\"},{\"@type\":\"ListItem\",\"position\":2,\"name\":\"\u00c0 propos\",\"item\":\"https:\\\/\\\/veganuary.com\\\/fr\\\/a-propos\\\/\"},{\"@type\":\"ListItem\",\"position\":3,\"name\":\"L\u2019\u00e9quipe Veganuary\"}]},{\"@type\":\"WebSite\",\"@id\":\"https:\\\/\\\/veganuary.com\\\/fr\\\/#website\",\"url\":\"https:\\\/\\\/veganuary.com\\\/fr\\\/\",\"name\":\"Veganuary\",\"description\":\"The website for Veganuary\",\"publisher\":{\"@id\":\"https:\\\/\\\/veganuary.com\\\/fr\\\/#organization\"},\"potentialAction\":[{\"@type\":\"SearchAction\",\"target\":{\"@type\":\"EntryPoint\",\"urlTemplate\":\"https:\\\/\\\/veganuary.com\\\/fr\\\/?s={search_term_string}\"},\"query-input\":{\"@type\":\"PropertyValueSpecification\",\"valueRequired\":true,\"valueName\":\"search_term_string\"}}],\"inLanguage\":\"fr-FR\"},{\"@type\":\"Organization\",\"@id\":\"https:\\\/\\\/veganuary.com\\\/fr\\\/#organization\",\"name\":\"Veganuary\",\"url\":\"https:\\\/\\\/veganuary.com\\\/fr\\\/\",\"logo\":{\"@type\":\"ImageObject\",\"inLanguage\":\"fr-FR\",\"@id\":\"https:\\\/\\\/veganuary.com\\\/fr\\\/#\\\/schema\\\/logo\\\/image\\\/\",\"url\":\"https:\\\/\\\/veganuary.com\\\/wp-content\\\/uploads\\\/2020\\\/11\\\/135-veganuary-animals-icon-transparent-rgb.png\",\"contentUrl\":\"https:\\\/\\\/veganuary.com\\\/wp-content\\\/uploads\\\/2020\\\/11\\\/135-veganuary-animals-icon-transparent-rgb.png\",\"width\":135,\"height\":135,\"caption\":\"Veganuary\"},\"image\":{\"@id\":\"https:\\\/\\\/veganuary.com\\\/fr\\\/#\\\/schema\\\/logo\\\/image\\\/\"},\"sameAs\":[\"https:\\\/\\\/www.facebook.com\\\/Veganuary\\\/\",\"https:\\\/\\\/x.com\\\/veganuary\",\"https:\\\/\\\/www.instagram.com\\\/weareveganuary\\\/\",\"https:\\\/\\\/www.linkedin.com\\\/company\\\/veganuary-limited\",\"https:\\\/\\\/www.pinterest.co.uk\\\/Veganuary\\\/\",\"https:\\\/\\\/www.youtube.com\\\/channel\\\/UCGDLtGanlPZLidEGP2N39CA\",\"https:\\\/\\\/en.wikipedia.org\\\/wiki\\\/Veganuary\"]}]}<\/script>\n<!-- \/ Yoast SEO plugin. -->","yoast_head_json":{"title":"L\u2019\u00e9quipe Veganuary - Veganuary","description":"Pour un monde vegan","robots":{"index":"index","follow":"follow","max-snippet":"max-snippet:-1","max-image-preview":"max-image-preview:large","max-video-preview":"max-video-preview:-1"},"canonical":"https:\/\/veganuary.com\/fr\/a-propos\/l-equipe-veganuary\/","og_locale":"fr_FR","og_type":"article","og_title":"L\u2019\u00e9quipe Veganuary - Veganuary","og_description":"Pour un monde vegan","og_url":"https:\/\/veganuary.com\/fr\/a-propos\/l-equipe-veganuary\/","og_site_name":"Veganuary","article_publisher":"https:\/\/www.facebook.com\/Veganuary\/","article_modified_time":"2025-12-17T15:28:12+00:00","og_image":[{"width":2560,"height":1707,"url":"https:\/\/veganuary.com\/wp-content\/uploads\/2022\/07\/VEGANUARY-MEET-THE-TEAM-scaled.jpeg","type":"image\/jpeg"}],"twitter_card":"summary_large_image","twitter_site":"@veganuary","twitter_misc":{"Dur\u00e9e de lecture estim\u00e9e":"1 minute"},"schema":{"@context":"https:\/\/schema.org","@graph":[{"@type":"WebPage","@id":"https:\/\/veganuary.com\/fr\/a-propos\/l-equipe-veganuary\/","url":"https:\/\/veganuary.com\/fr\/a-propos\/l-equipe-veganuary\/","name":"L\u2019\u00e9quipe Veganuary - Veganuary","isPartOf":{"@id":"https:\/\/veganuary.com\/fr\/#website"},"primaryImageOfPage":{"@id":"https:\/\/veganuary.com\/fr\/a-propos\/l-equipe-veganuary\/#primaryimage"},"image":{"@id":"https:\/\/veganuary.com\/fr\/a-propos\/l-equipe-veganuary\/#primaryimage"},"thumbnailUrl":"https:\/\/veganuary.com\/wp-content\/uploads\/2022\/07\/VEGANUARY-MEET-THE-TEAM-scaled.jpeg","datePublished":"2020-08-06T07:50:01+00:00","dateModified":"2025-12-17T15:28:12+00:00","description":"Pour un monde vegan","breadcrumb":{"@id":"https:\/\/veganuary.com\/fr\/a-propos\/l-equipe-veganuary\/#breadcrumb"},"inLanguage":"fr-FR","potentialAction":[{"@type":"ReadAction","target":["https:\/\/veganuary.com\/fr\/a-propos\/l-equipe-veganuary\/"]}]},{"@type":"ImageObject","inLanguage":"fr-FR","@id":"https:\/\/veganuary.com\/fr\/a-propos\/l-equipe-veganuary\/#primaryimage","url":"https:\/\/veganuary.com\/wp-content\/uploads\/2022\/07\/VEGANUARY-MEET-THE-TEAM-scaled.jpeg","contentUrl":"https:\/\/veganuary.com\/wp-content\/uploads\/2022\/07\/VEGANUARY-MEET-THE-TEAM-scaled.jpeg","width":2560,"height":1707,"caption":"Ria and Mauricio at laptop"},{"@type":"BreadcrumbList","@id":"https:\/\/veganuary.com\/fr\/a-propos\/l-equipe-veganuary\/#breadcrumb","itemListElement":[{"@type":"ListItem","position":1,"name":"Home","item":"https:\/\/veganuary.com\/fr\/"},{"@type":"ListItem","position":2,"name":"\u00c0 propos","item":"https:\/\/veganuary.com\/fr\/a-propos\/"},{"@type":"ListItem","position":3,"name":"L\u2019\u00e9quipe Veganuary"}]},{"@type":"WebSite","@id":"https:\/\/veganuary.com\/fr\/#website","url":"https:\/\/veganuary.com\/fr\/","name":"Veganuary","description":"The website for Veganuary","publisher":{"@id":"https:\/\/veganuary.com\/fr\/#organization"},"potentialAction":[{"@type":"SearchAction","target":{"@type":"EntryPoint","urlTemplate":"https:\/\/veganuary.com\/fr\/?s={search_term_string}"},"query-input":{"@type":"PropertyValueSpecification","valueRequired":true,"valueName":"search_term_string"}}],"inLanguage":"fr-FR"},{"@type":"Organization","@id":"https:\/\/veganuary.com\/fr\/#organization","name":"Veganuary","url":"https:\/\/veganuary.com\/fr\/","logo":{"@type":"ImageObject","inLanguage":"fr-FR","@id":"https:\/\/veganuary.com\/fr\/#\/schema\/logo\/image\/","url":"https:\/\/veganuary.com\/wp-content\/uploads\/2020\/11\/135-veganuary-animals-icon-transparent-rgb.png","contentUrl":"https:\/\/veganuary.com\/wp-content\/uploads\/2020\/11\/135-veganuary-animals-icon-transparent-rgb.png","width":135,"height":135,"caption":"Veganuary"},"image":{"@id":"https:\/\/veganuary.com\/fr\/#\/schema\/logo\/image\/"},"sameAs":["https:\/\/www.facebook.com\/Veganuary\/","https:\/\/x.com\/veganuary","https:\/\/www.instagram.com\/weareveganuary\/","https:\/\/www.linkedin.com\/company\/veganuary-limited","https:\/\/www.pinterest.co.uk\/Veganuary\/","https:\/\/www.youtube.com\/channel\/UCGDLtGanlPZLidEGP2N39CA","https:\/\/en.wikipedia.org\/wiki\/Veganuary"]}]}},"_links":{"self":[{"href":"https:\/\/veganuary.com\/fr\/wp-json\/wp\/v2\/pages\/74209","targetHints":{"allow":["GET"]}}],"collection":[{"href":"https:\/\/veganuary.com\/fr\/wp-json\/wp\/v2\/pages"}],"about":[{"href":"https:\/\/veganuary.com\/fr\/wp-json\/wp\/v2\/types\/page"}],"author":[{"embeddable":true,"href":"https:\/\/veganuary.com\/fr\/wp-json\/wp\/v2\/users\/70"}],"replies":[{"embeddable":true,"href":"https:\/\/veganuary.com\/fr\/wp-json\/wp\/v2\/comments?post=74209"}],"version-history":[{"count":0,"href":"https:\/\/veganuary.com\/fr\/wp-json\/wp\/v2\/pages\/74209\/revisions"}],"up":[{"embeddable":true,"href":"https:\/\/veganuary.com\/fr\/wp-json\/wp\/v2\/pages\/74601"}],"wp:featuredmedia":[{"embeddable":true,"href":"https:\/\/veganuary.com\/fr\/wp-json\/wp\/v2\/media\/152908"}],"wp:attachment":[{"href":"https:\/\/veganuary.com\/fr\/wp-json\/wp\/v2\/media?parent=74209"}],"curies":[{"name":"wp","href":"https:\/\/api.w.org\/{rel}","templated":true}]}}