{"id":74361,"date":"2020-09-14T11:27:27","date_gmt":"2020-09-14T10:27:27","guid":{"rendered":"https:\/\/veganuary.com\/getting-started\/"},"modified":"2025-12-17T14:53:43","modified_gmt":"2025-12-17T14:53:43","slug":"lancez-vous","status":"publish","type":"page","link":"https:\/\/veganuary.com\/fr\/guides-alimentaires\/lancez-vous\/","title":{"rendered":"Lancez-vous"},"content":{"rendered":"\n<div class=\"hero\">\n\t<div class=\"hero__overlay\">\n\t\t<div class=\"hero__content\">\n\t\t\t<div class=\"container\">\n\t\t\t\t<div class=\"row\">\n\t\t\t\t\t<div class=\"col-md-10 offset-md-1 col-lg-8 offset-lg-2 col-xl-6 offset-xl-3\">\n\n\t\t\t\t\t\t<h1 class=\"hero__title\">Lancez-vous <\/h1>\n\n\t\t\t\t\t\t\t\t\t\t\t\t\t<div class=\"hero__icon\">\n\t\t\t\t\t\t\t\t<img decoding=\"async\" class=\"hero__icon__img\" src=\"https:\/\/veganuary.com\/wp-content\/themes\/veganuary\/assets\/img\/veganuary-icon-orange.svg\" alt=\"\">\n\t\t\t\t\t\t\t<\/div>\n\n\t\t\t\t\t\t\t<p class=\"hero__subtitle\">Nous sommes l\u00e0 pour vous aider ! <\/p>\n\t\t\t\t\t\t\n\t\t\t\t\t<\/div>\n\t\t\t\t<\/div>\n\t\t\t<\/div>\n\t\t<\/div>\n\t<\/div>\n\n\t<div class=\"hero__figure\">\n\t\t<picture class=\"hero__picture\">\n\t\t\t\t<source media=\"(min-width: 992px)\" srcset=\"https:\/\/veganuary.com\/wp-content\/uploads\/2020\/09\/getting-started-hero-1200x800.jpg, https:\/\/veganuary.com\/wp-content\/uploads\/2020\/09\/getting-started-hero-1800x1200.jpg 2x\">\n\t\t\t\t<source media=\"(min-width: 768px)\" srcset=\"https:\/\/veganuary.com\/wp-content\/uploads\/2020\/09\/getting-started-hero-800x533.jpg, https:\/\/veganuary.com\/wp-content\/uploads\/2020\/09\/getting-started-hero-1800x1200.jpg 2x\">\n\t\t\t\t<source media=\"(min-width: 576px)\" srcset=\"https:\/\/veganuary.com\/wp-content\/uploads\/2020\/09\/getting-started-hero-800x533.jpg, https:\/\/veganuary.com\/wp-content\/uploads\/2020\/09\/getting-started-hero-1200x800.jpg 2x\">\n\t\t\t\t<source media=\"(max-width: 575px)\" srcset=\"https:\/\/veganuary.com\/wp-content\/uploads\/2020\/09\/getting-started-hero-400x267.jpg, https:\/\/veganuary.com\/wp-content\/uploads\/2020\/09\/getting-started-hero-800x533.jpg 2x\">\n\t\t\t\t<img decoding=\"async\" class=\"hero__img\" src=\"https:\/\/veganuary.com\/wp-content\/uploads\/2020\/09\/getting-started-hero-400x267.jpg\" alt=\"\"><\/picture>\t<\/div>\n\n<\/div>\n\n\n\n<div class=\"wp-block-group has-light-gray-background-color has-background\"><div class=\"wp-block-group__inner-container is-layout-flow wp-block-group-is-layout-flow\">\n<h2 class=\"wp-block-heading\"><strong>Le v\u00e9ganisme, c\u2019est quoi&nbsp;?<\/strong><\/h2>\n\n\n\n<p>Le v\u00e9ganisme* est souvent d\u00e9fini \u00e0 partir de ce que les vegans excluent de leurs assiettes\u00a0: la viande, le poisson, les \u0153ufs, les produits laitiers et le miel, mais aussi les ingr\u00e9dients d\u2019origine animale qui se cachent dans certains produits, tels que le lactos\u00e9rum et la g\u00e9latine (produite \u00e0 partir des os des animaux).<\/p>\n\n\n\n<p>Mais on ferait aussi bien de se concentrer au contraire sur toutes les bonnes choses que les vegans consomment. En r\u00e9alit\u00e9, la diff\u00e9rence n\u2019est pas si importante. Au lieu de manger des burgers, des saucisses et des steaks de viande, on mange la m\u00eame chose, mais en version v\u00e9g\u00e9tale. On remplace le fromage sur la pizza ou le lait de vache dans notre caf\u00e9 par\u2026 la m\u00eame chose, mais en version v\u00e9g\u00e9tale. Presque tous les ingr\u00e9dients et aliments contenant des produits d\u2019origine animale ont aujourd\u2019hui leur alternative vegan. Cela signifie qu\u2019un repas vegan peut avoir exactement le m\u00eame aspect et le m\u00eame go\u00fbt que sa version non vegan\u00a0: il est simplement exempt de souffrance animale et a un impact moindre sur l\u2019environnement.<\/p>\n\n\n\n<p>*&nbsp;Dans le cadre de Veganuary, nous parlons essentiellement de l\u2019aspect alimentaire du v\u00e9ganisme (que l\u2019on appelle alors en fran\u00e7ais \u00ab&nbsp;v\u00e9g\u00e9talisme&nbsp;\u00bb). Mais le v\u00e9ganisme s\u2019applique aussi au-del\u00e0 de notre alimentation : c\u2019est un mode de vie qui consiste \u00e0 \u00e9viter autant que possible de consommer des produits d\u2019origine animale, que ce soit pour se nourrir (comme on l\u2019a vu) ou pour se v\u00eatir (cuir, laine, soie, etc.), ainsi qu\u2019\u00e0 rejeter toute forme d\u2019exploitation animale (tests sur les animaux, captivit\u00e9 des animaux sauvages pour des activit\u00e9s de divertissement, etc.). Pour le moment, concentrez-vous sur votre assiette&nbsp;: c\u2019est l\u00e0 que vous ferez la plus grande diff\u00e9rence pour les animaux, pour la plan\u00e8te et m\u00eame pour votre sant\u00e9&nbsp;!<\/p>\n<\/div><\/div>\n\n\n\n<div class=\"wp-block-group has-white-background-color has-background\"><div class=\"wp-block-group__inner-container is-layout-flow wp-block-group-is-layout-flow\">\n<h2 class=\"wp-block-heading\">Nos 10&nbsp;meilleurs conseils pour vous aider \u00e0 d\u00e9marrer<\/h2>\n\n\n\n<h3 class=\"wp-block-heading\">1. <strong>Tout est une question de planification !<\/strong>&nbsp;<\/h3>\n\n\n\n<p>Vous lancer le premier jour de votre aventure vegan sans avoir r\u00e9fl\u00e9chi \u00e0 ce que vous alliez manger n\u2019est sans doute pas la meilleure id\u00e9e : vous risquez de d\u00e9crocher avant m\u00eame d\u2019avoir commenc\u00e9&nbsp;! Planifiez vos premiers repas vegan un peu \u00e0 l\u2019avance et achetez du lait v\u00e9g\u00e9tal pour votre caf\u00e9 ou votre th\u00e9 du matin, de la margarine pour vos toasts et vos sandwichs, et quelque chose d\u2019app\u00e9tissant pour le d\u00eener.<\/p>\n\n\n\n<p>Certaines personnes aiment pr\u00e9parer leur menu \u00e0 l\u2019avance pour la semaine, comme \u00e7a, elles savent toujours ce qu\u2019elles ont besoin d\u2019acheter et ce qu\u2019elles vont manger. Voici quelques id\u00e9es pour vous aider \u00e0 d\u00e9marrer :<\/p>\n\n\n\n<h4 class=\"wp-block-heading\"><strong><strong>Petit d\u00e9jeuner<\/strong><\/strong><\/h4>\n\n\n\n<p><strong>Toasts<\/strong>&nbsp;: avec de la margarine vegan, du beurre de cacahu\u00e8te, de la confiture, du houmous, de l\u2019avocat, des tranches de tomate ou du fromage v\u00e9g\u00e9tal.<\/p>\n\n\n\n<p><strong>Porridge<\/strong>&nbsp;: pr\u00e9par\u00e9 avec le lait v\u00e9g\u00e9tal de votre choix. Ajoutez-y des graines, des ol\u00e9agineux et des fruits.<\/p>\n\n\n\n<p><strong>C\u00e9r\u00e9ales<\/strong>&nbsp;: avec du lait ou du yaourt v\u00e9g\u00e9tal. Ajoutez-y des graines, des ol\u00e9agineux et des fruits.<\/p>\n\n\n\n<p>Th\u00e9, caf\u00e9 et jus de fruits.<\/p>\n\n\n\n<h4 class=\"wp-block-heading\"><strong><strong>D\u00e9jeuner&nbsp;<\/strong>&nbsp;<\/strong><\/h4>\n\n\n\n<p><strong>Soupe<\/strong>&nbsp;: faite maison ou du commerce.<\/p>\n\n\n\n<p><strong>Sandwichs et wraps<\/strong>&nbsp;: faits maison (avec du houmous, du fromage v\u00e9g\u00e9tal, de l\u2019avocat, des rondelles de tomate et de concombre, des cornichons, du jambon vegan, etc.) ou du commerce.<\/p>\n\n\n\n<p>Salade ou plat de p\u00e2tes.<\/p>\n\n\n\n<p>Pommes de terre au four servies avec de la salade, du fromage v\u00e9g\u00e9tal, des haricots ou du chili.<\/p>\n\n\n\n<p><a href=\"https:\/\/deliacious.com\/2017\/05\/thon-pois-chiche.html\">Thon mayonnaise vegan<\/a>.<br><br>Sushis&nbsp;:&nbsp; <a href=\"https:\/\/francevegetalienne.fr\/plats-du-monde-aims-en-france\/2018\/7\/27\/sushi-vgtalien-vegan\">faits maison<\/a> ou du commerce.<\/p>\n\n\n\n<h4 class=\"wp-block-heading\"><strong>D\u00eener<\/strong><\/h4>\n\n\n\n<p><strong>Pizza&nbsp;<\/strong>: avec du fromage v\u00e9g\u00e9tal, du jambon ou du chorizo vegan, des tomates s\u00e9ch\u00e9es, du basilic, du ma\u00efs, des c\u0153urs d\u2019artichaut, des olives et des c\u00e2pres, de l\u2019ananas, des piments jalape\u00f1o, etc.<\/p>\n\n\n\n<p><strong>Spaghettis \u00e0 la bolognaise<\/strong>&nbsp;: pr\u00e9par\u00e9s avec des lentilles ou des prot\u00e9ines de soja textur\u00e9es, voire un m\u00e9lange des deux.<\/p>\n\n\n\n<p><strong>Curry&nbsp;<\/strong>: tha\u00ef, indon\u00e9sien, indien, ou une version v\u00e9ganis\u00e9e de votre recette pr\u00e9f\u00e9r\u00e9e.<\/p>\n\n\n\n<p><strong>Hamburger<\/strong>&nbsp;: \u00e0 servir avec une salade verte.<\/p>\n\n\n\n<p><strong>Chili sin carne&nbsp;<\/strong>: avec des nachos, des haricots frits et du guacamole.<\/p>\n\n\n\n<p><strong>Saucisses-pur\u00e9e\u00a0<\/strong>: \u00e0 servir avec des l\u00e9gumes, de la sauce et de la moutarde.<\/p>\n\n\n\n<p><strong>Steak-frites\u00a0:<\/strong> oui, les steaks vegan, \u00e7a existe\u00a0!<\/p>\n\n\n\n<h3 class=\"wp-block-heading\">2. <strong>Guettez les aliments accidentellement vegan<\/strong>&nbsp;<\/h3>\n\n\n\n<p>Il y a tant d\u2019aliments de tous les jours qui se trouvent \u00eatre vegan, alors jetez un \u0153il dans vos placards. Les p\u00e2tes, le riz, le beurre de cacahu\u00e8te, la plupart des pains, les tomates en bo\u00eetes, les pois chiches et les haricots rouges, la confiture, le lait de coco, certaines p\u00e2tes de curry, la pur\u00e9e de tomate, les haricots blancs, de nombreuses sortes de chips, de g\u00e2teaux ap\u00e9ritifs et de biscuits, les herbes et les \u00e9pices, le th\u00e9, le caf\u00e9, les jus de fruits\u2026 Il est fort probable que la moiti\u00e9 de ce que vous mangez soit d\u00e9j\u00e0 vegan !<\/p>\n\n\n\n<h3 class=\"wp-block-heading\">3. <strong>Commencez doucement<\/strong><\/h3>\n\n\n\n<p>Pas besoin de r\u00e9inventer toutes vos habitudes alimentaires. Si vous aimez les sandwichs au jambon, ne vous privez pas : remplacez simplement le jambon par un simili vegan. Si vous avez envie d\u2019une glace, foncez. Il en existe un bel assortiment vegan sur le march\u00e9. De nombreux produits que vous mangiez avant existent en version 100&nbsp;% v\u00e9g\u00e9tale, il suffit de les remplacer par leur alternative vegan et le tour est jou\u00e9&nbsp;!<\/p>\n\n\n\n<h3 class=\"wp-block-heading\">4. <strong>V\u00e9ganisez vos plats pr\u00e9f\u00e9r\u00e9s<\/strong>&nbsp;<\/h3>\n\n\n\n<p>On se r\u00e9p\u00e8te, mais il n\u2019est pas n\u00e9cessaire de compl\u00e8tement revoir votre fa\u00e7on de manger. Si les lasagnes sont votre plat f\u00e9tiche, cuisinez-les en version vegan avec des prot\u00e9ines de soja textur\u00e9es et utilisez du lait v\u00e9g\u00e9tal pour la b\u00e9chamel. On peut m\u00eame faire des \u0153ufs brouill\u00e9s avec du tofu et le bon assaisonnement&nbsp;! Que vous cuisiniez un curry, un rago\u00fbt, une soupe, une tarte, un r\u00f4ti, un g\u00e2teau ou quoi que ce soit d\u2019autre, v\u00e9ganisez-le&nbsp;!<\/p>\n\n\n\n<figure class=\"wp-block-gallery has-nested-images columns-default is-cropped wp-block-gallery-1 is-layout-flex wp-block-gallery-is-layout-flex\">\n<figure class=\"wp-block-image size-large\"><img fetchpriority=\"high\" decoding=\"async\" width=\"1200\" height=\"1200\" data-id=\"72896\" src=\"https:\/\/veganuary.com\/wp-content\/uploads\/2020\/09\/getting-started-2.jpg\" alt=\"\" class=\"wp-image-72896\" srcset=\"https:\/\/veganuary.com\/wp-content\/uploads\/2020\/09\/getting-started-2.jpg 1200w, https:\/\/veganuary.com\/wp-content\/uploads\/2020\/09\/getting-started-2-400x400.jpg 400w, https:\/\/veganuary.com\/wp-content\/uploads\/2020\/09\/getting-started-2-768x768.jpg 768w, https:\/\/veganuary.com\/wp-content\/uploads\/2020\/09\/getting-started-2-800x800.jpg 800w\" sizes=\"(max-width: 1200px) 100vw, 1200px\" \/><\/figure>\n\n\n\n<figure class=\"wp-block-image size-large\"><img decoding=\"async\" width=\"1200\" height=\"1200\" data-id=\"72882\" src=\"https:\/\/veganuary.com\/wp-content\/uploads\/2020\/09\/getting-started-1.jpg\" alt=\"\" class=\"wp-image-72882\" srcset=\"https:\/\/veganuary.com\/wp-content\/uploads\/2020\/09\/getting-started-1.jpg 1200w, https:\/\/veganuary.com\/wp-content\/uploads\/2020\/09\/getting-started-1-400x400.jpg 400w, https:\/\/veganuary.com\/wp-content\/uploads\/2020\/09\/getting-started-1-768x768.jpg 768w, https:\/\/veganuary.com\/wp-content\/uploads\/2020\/09\/getting-started-1-800x800.jpg 800w\" sizes=\"(max-width: 1200px) 100vw, 1200px\" \/><\/figure>\n<\/figure>\n\n\n\n<h3 class=\"wp-block-heading\">5. <strong>En temps voulu, diversifiez vos horizons culinaires<\/strong><\/h3>\n\n\n\n<p>Pour beaucoup de gens, devenir vegan ouvre de nouveaux horizons culinaires, leur permet de d\u00e9couvrir de nouvelles recettes et ingr\u00e9dients, et ravive leur amour de la cuisine. Une fois que vous ma\u00eetriserez les bases, lancez-vous et testez de nouvelles recettes (on en trouve des tonnes en ligne)&nbsp;: vous vous d\u00e9couvrirez peut-\u00eatre une passion culinaire.<\/p>\n\n\n\n<h3 class=\"wp-block-heading\">6. <strong>Ayez toujours un en-cas \u00e0 port\u00e9e de main<\/strong>&nbsp;<\/h3>\n\n\n\n<p>Ne vous laissez pas surprendre ! On trouve facilement de quoi grignoter vegan en supermarch\u00e9, mais pas forc\u00e9ment partout ailleurs. Alors gardez un m\u00e9lange de noix, une barre \u00e9nerg\u00e9tique ou un fruit dans votre sac ou votre voiture pour les fringales.<\/p>\n\n\n\n<h3 class=\"wp-block-heading\">7. <strong>La persistance paie<\/strong><\/h3>\n\n\n\n<p>Certains produits vegan ne vous plairont pas, mais ce n\u2019est pas parce que le premier fromage v\u00e9g\u00e9tal que vous go\u00fbtez ou le premier latte que vous pr\u00e9parez ne tape pas dans le mille qu\u2019il faut vous d\u00e9courager. Il existe tellement de fromages et de laits v\u00e9g\u00e9taux diff\u00e9rents : fromages frais, \u00e0 faire fondre, \u00e0 base d\u2019ol\u00e9agineux, de noix de coco, de soja (et m\u00eame d\u2019avoine, de chanvre ou de riz dans le cas des laits), de go\u00fbts et de marques vari\u00e9s\u2026 Essayez-les tous et vous ne tarderez pas \u00e0 trouver celui qui vous convient.<\/p>\n\n\n\n<h3 class=\"wp-block-heading\">8. T\u00e9l\u00e9charger <strong>HappyCow<\/strong><\/h3>\n\n\n\n<p>Vous aimez aller au restaurant\u00a0? <a href=\"https:\/\/bit.ly\/GetStartedHappyCow\" target=\"_blank\" rel=\"noreferrer noopener\">HappyCow<\/a> (en anglais uniquement) vous indiquera o\u00f9 manger vegan aux quatre coins du monde.<\/p>\n\n\n\n<h3 class=\"wp-block-heading\">9. <strong>Faites des rencontres<\/strong>&nbsp;<\/h3>\n\n\n\n<p>On peut facilement se sentir isol\u00e9\u00b7e quand on se lance dans le v\u00e9ganisme, mais les vegans sont des millions \u00e0 port\u00e9e de clic\u00a0! Il existe de nombreux groupes vegan en ligne, mais aussi dans la vraie vie\u00a0: il y en a peut-\u00eatre m\u00eame un pr\u00e8s de chez vous\u00a0? Vegans passionn\u00e9\u00b7es de course \u00e0 pied, de p\u00e2tisserie, de tricot, d\u2019halt\u00e9rophilie, de mode ou m\u00eame activistes\u00a0: ils n\u2019attendent que vous.<\/p>\n\n\n\n<h3 class=\"wp-block-heading\">10. <strong>Soyez indulgent\u00b7e avec vous-m\u00eame<\/strong><\/h3>\n\n\n\n<p>Tout le monde fait des erreurs. Que vous ayez mang\u00e9 quelque chose qui n\u2019\u00e9tait pas vegan par accident ou que vous ayez simplement succomb\u00e9 \u00e0 la tentation, ce n\u2019est pas grave. Cela ne veut pas dire que vous n\u2019\u00eates plus vegan, mais juste que vous \u00eates humain\u00b7e\u00a0! Mettez \u00e7a sur le compte de l\u2019exp\u00e9rience et passez \u00e0 autre chose.<\/p>\n\n\n\n<hr class=\"wp-block-separator has-css-opacity\"\/>\n\n\n\n<p class=\"has-medium-font-size\"><strong>Envie d\u2019en savoir plus<\/strong>\u00a0<strong>? Inscrivez-vous \u00e0 notre d\u00e9fi vegan de 31<\/strong>\u00a0<strong>jours et vous recevrez gratuitement le kit de d\u00e9marrage officiel de Veganuary ainsi que notre livret de recettes<\/strong>\u00a0<strong>!<\/strong><\/p>\n\n\n\n<div class=\"wp-block-buttons is-layout-flex wp-block-buttons-is-layout-flex\">\n<div class=\"wp-block-button is-style-fill\"><a class=\"wp-block-button__link wp-element-button\" href=\"https:\/\/veganuary.com\/fr\/je-minscris\/\">Je m&rsquo;inscris<\/a><\/div>\n<\/div>\n\n\n\n<p>&nbsp;<\/p>\n<\/div><\/div>\n","protected":false},"excerpt":{"rendered":"<p>Le v\u00e9ganisme, c\u2019est quoi&nbsp;? Le v\u00e9ganisme* est souvent d\u00e9fini \u00e0 partir de ce que les vegans excluent de leurs assiettes\u00a0:&hellip;<\/p>\n","protected":false},"author":70,"featured_media":155406,"parent":74616,"menu_order":42,"comment_status":"closed","ping_status":"closed","template":"","meta":{"_acf_changed":false,"_coblocks_attr":"","_coblocks_dimensions":"","_coblocks_responsive_height":"","_coblocks_accordion_ie_support":"","footnotes":""},"class_list":["post-74361","page","type-page","status-publish","has-post-thumbnail","hentry"],"acf":[],"yoast_head":"<!-- This site is optimized with the Yoast SEO plugin v27.4 - https:\/\/yoast.com\/product\/yoast-seo-wordpress\/ -->\n<title>Lancez-vous - Veganuary<\/title>\n<meta name=\"description\" content=\"Mais on ferait aussi bien de se concentrer au contraire sur toutes les bonnes choses que les vegan consomment.\" \/>\n<meta name=\"robots\" content=\"index, follow, max-snippet:-1, max-image-preview:large, max-video-preview:-1\" \/>\n<link rel=\"canonical\" href=\"https:\/\/veganuary.com\/fr\/guides-alimentaires\/lancez-vous\/\" \/>\n<meta property=\"og:locale\" content=\"fr_FR\" \/>\n<meta property=\"og:type\" content=\"article\" \/>\n<meta property=\"og:title\" content=\"Lancez-vous - Veganuary\" \/>\n<meta property=\"og:description\" content=\"Mais on ferait aussi bien de se concentrer au contraire sur toutes les bonnes choses que les vegan consomment.\" \/>\n<meta property=\"og:url\" content=\"https:\/\/veganuary.com\/fr\/guides-alimentaires\/lancez-vous\/\" \/>\n<meta property=\"og:site_name\" content=\"Veganuary\" \/>\n<meta property=\"article:publisher\" content=\"https:\/\/www.facebook.com\/Veganuary\/\" \/>\n<meta property=\"article:modified_time\" content=\"2025-12-17T14:53:43+00:00\" \/>\n<meta property=\"og:image\" content=\"https:\/\/veganuary.com\/wp-content\/uploads\/2022\/09\/do-veganuary.jpg\" \/>\n\t<meta property=\"og:image:width\" content=\"1200\" \/>\n\t<meta property=\"og:image:height\" content=\"799\" \/>\n\t<meta property=\"og:image:type\" content=\"image\/jpeg\" \/>\n<meta name=\"twitter:card\" content=\"summary_large_image\" \/>\n<meta name=\"twitter:site\" content=\"@veganuary\" \/>\n<meta name=\"twitter:label1\" content=\"Dur\u00e9e de lecture estim\u00e9e\" \/>\n\t<meta name=\"twitter:data1\" content=\"7 minutes\" \/>\n<script type=\"application\/ld+json\" class=\"yoast-schema-graph\">{\"@context\":\"https:\\\/\\\/schema.org\",\"@graph\":[{\"@type\":\"WebPage\",\"@id\":\"https:\\\/\\\/veganuary.com\\\/fr\\\/guides-alimentaires\\\/lancez-vous\\\/\",\"url\":\"https:\\\/\\\/veganuary.com\\\/fr\\\/guides-alimentaires\\\/lancez-vous\\\/\",\"name\":\"Lancez-vous - Veganuary\",\"isPartOf\":{\"@id\":\"https:\\\/\\\/veganuary.com\\\/fr\\\/#website\"},\"primaryImageOfPage\":{\"@id\":\"https:\\\/\\\/veganuary.com\\\/fr\\\/guides-alimentaires\\\/lancez-vous\\\/#primaryimage\"},\"image\":{\"@id\":\"https:\\\/\\\/veganuary.com\\\/fr\\\/guides-alimentaires\\\/lancez-vous\\\/#primaryimage\"},\"thumbnailUrl\":\"https:\\\/\\\/veganuary.com\\\/wp-content\\\/uploads\\\/2022\\\/09\\\/do-veganuary.jpg\",\"datePublished\":\"2020-09-14T10:27:27+00:00\",\"dateModified\":\"2025-12-17T14:53:43+00:00\",\"description\":\"Mais on ferait aussi bien de se concentrer au contraire sur toutes les bonnes choses que les vegan consomment.\",\"breadcrumb\":{\"@id\":\"https:\\\/\\\/veganuary.com\\\/fr\\\/guides-alimentaires\\\/lancez-vous\\\/#breadcrumb\"},\"inLanguage\":\"fr-FR\",\"potentialAction\":[{\"@type\":\"ReadAction\",\"target\":[\"https:\\\/\\\/veganuary.com\\\/fr\\\/guides-alimentaires\\\/lancez-vous\\\/\"]}]},{\"@type\":\"ImageObject\",\"inLanguage\":\"fr-FR\",\"@id\":\"https:\\\/\\\/veganuary.com\\\/fr\\\/guides-alimentaires\\\/lancez-vous\\\/#primaryimage\",\"url\":\"https:\\\/\\\/veganuary.com\\\/wp-content\\\/uploads\\\/2022\\\/09\\\/do-veganuary.jpg\",\"contentUrl\":\"https:\\\/\\\/veganuary.com\\\/wp-content\\\/uploads\\\/2022\\\/09\\\/do-veganuary.jpg\",\"width\":1200,\"height\":799,\"caption\":\"Eva O' Hara with a sheep\"},{\"@type\":\"BreadcrumbList\",\"@id\":\"https:\\\/\\\/veganuary.com\\\/fr\\\/guides-alimentaires\\\/lancez-vous\\\/#breadcrumb\",\"itemListElement\":[{\"@type\":\"ListItem\",\"position\":1,\"name\":\"Home\",\"item\":\"https:\\\/\\\/veganuary.com\\\/fr\\\/\"},{\"@type\":\"ListItem\",\"position\":2,\"name\":\"Guides alimentaires\",\"item\":\"https:\\\/\\\/veganuary.com\\\/fr\\\/guides-alimentaires\\\/\"},{\"@type\":\"ListItem\",\"position\":3,\"name\":\"Lancez-vous\"}]},{\"@type\":\"WebSite\",\"@id\":\"https:\\\/\\\/veganuary.com\\\/fr\\\/#website\",\"url\":\"https:\\\/\\\/veganuary.com\\\/fr\\\/\",\"name\":\"Veganuary\",\"description\":\"The website for Veganuary\",\"publisher\":{\"@id\":\"https:\\\/\\\/veganuary.com\\\/fr\\\/#organization\"},\"potentialAction\":[{\"@type\":\"SearchAction\",\"target\":{\"@type\":\"EntryPoint\",\"urlTemplate\":\"https:\\\/\\\/veganuary.com\\\/fr\\\/?s={search_term_string}\"},\"query-input\":{\"@type\":\"PropertyValueSpecification\",\"valueRequired\":true,\"valueName\":\"search_term_string\"}}],\"inLanguage\":\"fr-FR\"},{\"@type\":\"Organization\",\"@id\":\"https:\\\/\\\/veganuary.com\\\/fr\\\/#organization\",\"name\":\"Veganuary\",\"url\":\"https:\\\/\\\/veganuary.com\\\/fr\\\/\",\"logo\":{\"@type\":\"ImageObject\",\"inLanguage\":\"fr-FR\",\"@id\":\"https:\\\/\\\/veganuary.com\\\/fr\\\/#\\\/schema\\\/logo\\\/image\\\/\",\"url\":\"https:\\\/\\\/veganuary.com\\\/wp-content\\\/uploads\\\/2020\\\/11\\\/135-veganuary-animals-icon-transparent-rgb.png\",\"contentUrl\":\"https:\\\/\\\/veganuary.com\\\/wp-content\\\/uploads\\\/2020\\\/11\\\/135-veganuary-animals-icon-transparent-rgb.png\",\"width\":135,\"height\":135,\"caption\":\"Veganuary\"},\"image\":{\"@id\":\"https:\\\/\\\/veganuary.com\\\/fr\\\/#\\\/schema\\\/logo\\\/image\\\/\"},\"sameAs\":[\"https:\\\/\\\/www.facebook.com\\\/Veganuary\\\/\",\"https:\\\/\\\/x.com\\\/veganuary\",\"https:\\\/\\\/www.instagram.com\\\/weareveganuary\\\/\",\"https:\\\/\\\/www.linkedin.com\\\/company\\\/veganuary-limited\",\"https:\\\/\\\/www.pinterest.co.uk\\\/Veganuary\\\/\",\"https:\\\/\\\/www.youtube.com\\\/channel\\\/UCGDLtGanlPZLidEGP2N39CA\",\"https:\\\/\\\/en.wikipedia.org\\\/wiki\\\/Veganuary\"]}]}<\/script>\n<!-- \/ Yoast SEO plugin. -->","yoast_head_json":{"title":"Lancez-vous - Veganuary","description":"Mais on ferait aussi bien de se concentrer au contraire sur toutes les bonnes choses que les vegan consomment.","robots":{"index":"index","follow":"follow","max-snippet":"max-snippet:-1","max-image-preview":"max-image-preview:large","max-video-preview":"max-video-preview:-1"},"canonical":"https:\/\/veganuary.com\/fr\/guides-alimentaires\/lancez-vous\/","og_locale":"fr_FR","og_type":"article","og_title":"Lancez-vous - Veganuary","og_description":"Mais on ferait aussi bien de se concentrer au contraire sur toutes les bonnes choses que les vegan consomment.","og_url":"https:\/\/veganuary.com\/fr\/guides-alimentaires\/lancez-vous\/","og_site_name":"Veganuary","article_publisher":"https:\/\/www.facebook.com\/Veganuary\/","article_modified_time":"2025-12-17T14:53:43+00:00","og_image":[{"width":1200,"height":799,"url":"https:\/\/veganuary.com\/wp-content\/uploads\/2022\/09\/do-veganuary.jpg","type":"image\/jpeg"}],"twitter_card":"summary_large_image","twitter_site":"@veganuary","twitter_misc":{"Dur\u00e9e de lecture estim\u00e9e":"7 minutes"},"schema":{"@context":"https:\/\/schema.org","@graph":[{"@type":"WebPage","@id":"https:\/\/veganuary.com\/fr\/guides-alimentaires\/lancez-vous\/","url":"https:\/\/veganuary.com\/fr\/guides-alimentaires\/lancez-vous\/","name":"Lancez-vous - Veganuary","isPartOf":{"@id":"https:\/\/veganuary.com\/fr\/#website"},"primaryImageOfPage":{"@id":"https:\/\/veganuary.com\/fr\/guides-alimentaires\/lancez-vous\/#primaryimage"},"image":{"@id":"https:\/\/veganuary.com\/fr\/guides-alimentaires\/lancez-vous\/#primaryimage"},"thumbnailUrl":"https:\/\/veganuary.com\/wp-content\/uploads\/2022\/09\/do-veganuary.jpg","datePublished":"2020-09-14T10:27:27+00:00","dateModified":"2025-12-17T14:53:43+00:00","description":"Mais on ferait aussi bien de se concentrer au contraire sur toutes les bonnes choses que les vegan consomment.","breadcrumb":{"@id":"https:\/\/veganuary.com\/fr\/guides-alimentaires\/lancez-vous\/#breadcrumb"},"inLanguage":"fr-FR","potentialAction":[{"@type":"ReadAction","target":["https:\/\/veganuary.com\/fr\/guides-alimentaires\/lancez-vous\/"]}]},{"@type":"ImageObject","inLanguage":"fr-FR","@id":"https:\/\/veganuary.com\/fr\/guides-alimentaires\/lancez-vous\/#primaryimage","url":"https:\/\/veganuary.com\/wp-content\/uploads\/2022\/09\/do-veganuary.jpg","contentUrl":"https:\/\/veganuary.com\/wp-content\/uploads\/2022\/09\/do-veganuary.jpg","width":1200,"height":799,"caption":"Eva O' Hara with a sheep"},{"@type":"BreadcrumbList","@id":"https:\/\/veganuary.com\/fr\/guides-alimentaires\/lancez-vous\/#breadcrumb","itemListElement":[{"@type":"ListItem","position":1,"name":"Home","item":"https:\/\/veganuary.com\/fr\/"},{"@type":"ListItem","position":2,"name":"Guides alimentaires","item":"https:\/\/veganuary.com\/fr\/guides-alimentaires\/"},{"@type":"ListItem","position":3,"name":"Lancez-vous"}]},{"@type":"WebSite","@id":"https:\/\/veganuary.com\/fr\/#website","url":"https:\/\/veganuary.com\/fr\/","name":"Veganuary","description":"The website for Veganuary","publisher":{"@id":"https:\/\/veganuary.com\/fr\/#organization"},"potentialAction":[{"@type":"SearchAction","target":{"@type":"EntryPoint","urlTemplate":"https:\/\/veganuary.com\/fr\/?s={search_term_string}"},"query-input":{"@type":"PropertyValueSpecification","valueRequired":true,"valueName":"search_term_string"}}],"inLanguage":"fr-FR"},{"@type":"Organization","@id":"https:\/\/veganuary.com\/fr\/#organization","name":"Veganuary","url":"https:\/\/veganuary.com\/fr\/","logo":{"@type":"ImageObject","inLanguage":"fr-FR","@id":"https:\/\/veganuary.com\/fr\/#\/schema\/logo\/image\/","url":"https:\/\/veganuary.com\/wp-content\/uploads\/2020\/11\/135-veganuary-animals-icon-transparent-rgb.png","contentUrl":"https:\/\/veganuary.com\/wp-content\/uploads\/2020\/11\/135-veganuary-animals-icon-transparent-rgb.png","width":135,"height":135,"caption":"Veganuary"},"image":{"@id":"https:\/\/veganuary.com\/fr\/#\/schema\/logo\/image\/"},"sameAs":["https:\/\/www.facebook.com\/Veganuary\/","https:\/\/x.com\/veganuary","https:\/\/www.instagram.com\/weareveganuary\/","https:\/\/www.linkedin.com\/company\/veganuary-limited","https:\/\/www.pinterest.co.uk\/Veganuary\/","https:\/\/www.youtube.com\/channel\/UCGDLtGanlPZLidEGP2N39CA","https:\/\/en.wikipedia.org\/wiki\/Veganuary"]}]}},"_links":{"self":[{"href":"https:\/\/veganuary.com\/fr\/wp-json\/wp\/v2\/pages\/74361","targetHints":{"allow":["GET"]}}],"collection":[{"href":"https:\/\/veganuary.com\/fr\/wp-json\/wp\/v2\/pages"}],"about":[{"href":"https:\/\/veganuary.com\/fr\/wp-json\/wp\/v2\/types\/page"}],"author":[{"embeddable":true,"href":"https:\/\/veganuary.com\/fr\/wp-json\/wp\/v2\/users\/70"}],"replies":[{"embeddable":true,"href":"https:\/\/veganuary.com\/fr\/wp-json\/wp\/v2\/comments?post=74361"}],"version-history":[{"count":0,"href":"https:\/\/veganuary.com\/fr\/wp-json\/wp\/v2\/pages\/74361\/revisions"}],"up":[{"embeddable":true,"href":"https:\/\/veganuary.com\/fr\/wp-json\/wp\/v2\/pages\/74616"}],"wp:featuredmedia":[{"embeddable":true,"href":"https:\/\/veganuary.com\/fr\/wp-json\/wp\/v2\/media\/155406"}],"wp:attachment":[{"href":"https:\/\/veganuary.com\/fr\/wp-json\/wp\/v2\/media?parent=74361"}],"curies":[{"name":"wp","href":"https:\/\/api.w.org\/{rel}","templated":true}]}}