{"id":74363,"date":"2020-09-14T11:29:15","date_gmt":"2020-09-14T10:29:15","guid":{"rendered":"https:\/\/veganuary.com\/nutrition-tips\/"},"modified":"2025-12-18T10:46:11","modified_gmt":"2025-12-18T10:46:11","slug":"conseils-nutritionnels","status":"publish","type":"page","link":"https:\/\/veganuary.com\/fr\/guides-alimentaires\/conseils-nutritionnels\/","title":{"rendered":"Conseils nutritionnels"},"content":{"rendered":"\n<div class=\"hero\">\n\t<div class=\"hero__overlay\">\n\t\t<div class=\"hero__content\">\n\t\t\t<div class=\"container\">\n\t\t\t\t<div class=\"row\">\n\t\t\t\t\t<div class=\"col-md-10 offset-md-1 col-lg-8 offset-lg-2 col-xl-6 offset-xl-3\">\n\n\t\t\t\t\t\t<h1 class=\"hero__title\">Conseils nutritionnels <\/h1>\n\n\t\t\t\t\t\t\t\t\t\t\t\t\t<div class=\"hero__icon\">\n\t\t\t\t\t\t\t\t<img decoding=\"async\" class=\"hero__icon__img\" src=\"https:\/\/veganuary.com\/wp-content\/themes\/veganuary\/assets\/img\/veganuary-icon-orange.svg\" alt=\"\">\n\t\t\t\t\t\t\t<\/div>\n\n\t\t\t\t\t\t\t<p class=\"hero__subtitle\">Avec ces conseils simples, facile de manger \u00e9quilibr\u00e9 quand on est vegan.<\/p>\n\t\t\t\t\t\t\n\t\t\t\t\t<\/div>\n\t\t\t\t<\/div>\n\t\t\t<\/div>\n\t\t<\/div>\n\t<\/div>\n\n\t<div class=\"hero__figure\">\n\t\t<picture class=\"hero__picture\">\n\t\t\t\t<source media=\"(min-width: 992px)\" srcset=\"https:\/\/veganuary.com\/wp-content\/uploads\/2020\/09\/nutrition-hero-1200x800.jpg, https:\/\/veganuary.com\/wp-content\/uploads\/2020\/09\/nutrition-hero-1800x1200.jpg 2x\">\n\t\t\t\t<source media=\"(min-width: 768px)\" srcset=\"https:\/\/veganuary.com\/wp-content\/uploads\/2020\/09\/nutrition-hero-800x533.jpg, https:\/\/veganuary.com\/wp-content\/uploads\/2020\/09\/nutrition-hero-1800x1200.jpg 2x\">\n\t\t\t\t<source media=\"(min-width: 576px)\" srcset=\"https:\/\/veganuary.com\/wp-content\/uploads\/2020\/09\/nutrition-hero-800x533.jpg, https:\/\/veganuary.com\/wp-content\/uploads\/2020\/09\/nutrition-hero-1200x800.jpg 2x\">\n\t\t\t\t<source media=\"(max-width: 575px)\" srcset=\"https:\/\/veganuary.com\/wp-content\/uploads\/2020\/09\/nutrition-hero-400x267.jpg, https:\/\/veganuary.com\/wp-content\/uploads\/2020\/09\/nutrition-hero-800x533.jpg 2x\">\n\t\t\t\t<img decoding=\"async\" class=\"hero__img\" src=\"https:\/\/veganuary.com\/wp-content\/uploads\/2020\/09\/nutrition-hero-400x267.jpg\" alt=\"\"><\/picture>\t<\/div>\n\n<\/div>\n\n\n\n<div class=\"wp-block-group has-light-gray-background-color has-background\"><div class=\"wp-block-group__inner-container is-layout-flow wp-block-group-is-layout-flow\">\n<p class=\"has-medium-font-size\">Le simple fait qu\u2019un aliment soit vegan ne veut pas dire qu\u2019il est bon pour la sant\u00e9. On peut tout \u00e0 fait \u00eatre vegan et manger un assortiment de glaces vegan pour le petit d\u00e9jeuner, une pile de cr\u00eapes arros\u00e9e de sirop d\u2019\u00e9rable pour le d\u00e9jeuner, et une ribambelle de g\u00e2teaux, cookies, meringues et cheesecakes pour le d\u00eener. C\u2019est fantastique de pouvoir acheter ou cuisiner soi-m\u00eame toutes ces douceurs vegan, mais personne n\u2019irait penser une seule seconde qu\u2019elles constituent une alimentation \u00e9quilibr\u00e9e.<\/p>\n\n\n\n<p>Manger sainement n\u00e9cessite de faire des v\u00e9g\u00e9taux la base de nos repas, mais cela ne veut pas dire qu\u2019il faut sacrifier le plaisir ou le go\u00fbt pour autant. Et en choisissant de consommer des l\u00e9gumes, des ol\u00e9agineux (noix, amandes, noisettes\u2026), des fruits, des \u00e9pices, des herbes et quelques-unes des 20&nbsp;000&nbsp;plantes comestibles qui existent dans le monde, on peut consid\u00e9rablement am\u00e9liorer son \u00e9tat de sant\u00e9 tout en se r\u00e9galant.<\/p>\n\n\n\n<p>Le Dr Michael Greger est un conf\u00e9rencier sp\u00e9cialiste en nutrition, en s\u00e9curit\u00e9 alimentaire et en sant\u00e9 publique mondialement reconnu. Il a concoct\u00e9 une liste d\u2019aliments que nous devrions tous nous efforcer de consommer chaque jour&nbsp;: <a href=\"\/wp-content\/uploads\/2020\/10\/DailyDozen-Checklist-FR.jpg\">c\u2019est la douzaine quotidienne du Dr Greger<\/a>.<\/p>\n<\/div><\/div>\n\n\n\n<div class=\"wp-block-group has-white-background-color has-background\"><div class=\"wp-block-group__inner-container is-layout-flow wp-block-group-is-layout-flow\">\n<h2 class=\"wp-block-heading\"><strong>Les inqui\u00e9tudes les plus courantes<\/strong><\/h2>\n\n\n\n<p>Certaines personnes craignent d\u2019avoir des carences en adoptant une alimentation v\u00e9g\u00e9tale. Pas de panique&nbsp;: absolument tous les nutriments dont notre corps a besoin sont disponibles \u00e0 partir de sources non animales. Voici un petit tour d\u2019horizon des nutriments qui suscitent le plus d\u2019inqui\u00e9tudes&nbsp;:<\/p>\n\n\n\n<h3 class=\"wp-block-heading\"><strong>Les prot\u00e9ines<\/strong>&nbsp;<\/h3>\n\n\n\n<p>\u00ab&nbsp;O\u00f9 trouvez-vous vos prot\u00e9ines&nbsp;?&nbsp;\u00bb : c\u2019est bien souvent la premi\u00e8re question que l\u2019on pose aux vegans. Cela a de quoi surprendre, car on trouve des prot\u00e9ines dans presque tous les aliments. Bien s\u00fbr, certaines sources sont meilleures que d\u2019autres, mais avoir un apport quotidien suffisant en prot\u00e9ines avec une alimentation 100 % v\u00e9g\u00e9tale n\u2019a rien de difficile.<\/p>\n\n\n\n<p>Le tofu, le tempeh, la plupart des simili-carn\u00e9s, les lentilles, les pois chiches, les haricots, les graines, les ol\u00e9agineux, le quinoa, l\u2019avoine, le riz et les c\u00e9r\u00e9ales sont d\u2019excellentes sources de prot\u00e9ines. Et m\u00eame les l\u00e9gumes en contiennent&nbsp;!<\/p>\n\n\n\n<p>Voici un exemple de menu pour une journ\u00e9e avec un apport en prot\u00e9ines sup\u00e9rieur \u00e0 nos besoins&nbsp;:<\/p>\n\n\n\n<p>Porridge saupoudr\u00e9 d\u2019amandes et de graines : 12 g&nbsp;<\/p>\n\n\n\n<p>Wrap de falafels avec du houmous et salade aux trois haricots : 24 g&nbsp;<\/p>\n\n\n\n<p>Saucisses v\u00e9g\u00e9tales avec pommes de terre, petits pois et brocoli : 30 g<\/p>\n\n\n\n<figure class=\"wp-block-gallery has-nested-images columns-default is-cropped wp-block-gallery-1 is-layout-flex wp-block-gallery-is-layout-flex\">\n<figure class=\"wp-block-image size-large\"><img fetchpriority=\"high\" decoding=\"async\" width=\"1200\" height=\"1200\" data-id=\"72866\" src=\"https:\/\/veganuary.com\/wp-content\/uploads\/2020\/09\/nutrition-2.jpg\" alt=\"\" class=\"wp-image-72866\" srcset=\"https:\/\/veganuary.com\/wp-content\/uploads\/2020\/09\/nutrition-2.jpg 1200w, https:\/\/veganuary.com\/wp-content\/uploads\/2020\/09\/nutrition-2-400x400.jpg 400w, https:\/\/veganuary.com\/wp-content\/uploads\/2020\/09\/nutrition-2-768x768.jpg 768w, https:\/\/veganuary.com\/wp-content\/uploads\/2020\/09\/nutrition-2-800x800.jpg 800w\" sizes=\"(max-width: 1200px) 100vw, 1200px\" \/><\/figure>\n\n\n\n<figure class=\"wp-block-image size-large\"><img decoding=\"async\" width=\"1200\" height=\"1200\" data-id=\"72852\" src=\"https:\/\/veganuary.com\/wp-content\/uploads\/2020\/09\/nutrition-1.jpg\" alt=\"\" class=\"wp-image-72852\" srcset=\"https:\/\/veganuary.com\/wp-content\/uploads\/2020\/09\/nutrition-1.jpg 1200w, https:\/\/veganuary.com\/wp-content\/uploads\/2020\/09\/nutrition-1-400x400.jpg 400w, https:\/\/veganuary.com\/wp-content\/uploads\/2020\/09\/nutrition-1-768x768.jpg 768w, https:\/\/veganuary.com\/wp-content\/uploads\/2020\/09\/nutrition-1-800x800.jpg 800w\" sizes=\"(max-width: 1200px) 100vw, 1200px\" \/><\/figure>\n<\/figure>\n\n\n\n<h3 class=\"wp-block-heading\"><strong>Le calcium<\/strong>&nbsp;&nbsp;<\/h3>\n\n\n\n<p>Tout comme il existe d\u2019autres sources de prot\u00e9ines que la viande, le lait n\u2019a pas le monopole du calcium&nbsp;! Les haricots (noirs, rouges\u2026) et les l\u00e9gumes verts (chou kale, cresson, gombo, brocoli\u2026) en sont riches, alors ne vous privez pas d\u2019en manger. On trouve \u00e9galement du calcium dans les patates douces, les courges butternut, le tofu, mais aussi les figues s\u00e9ch\u00e9es et les amandes. Certains laits v\u00e9g\u00e9taux sont \u00e9galement enrichis en calcium.<\/p>\n\n\n\n<h3 class=\"wp-block-heading\"><strong>La vitamine&nbsp;D<\/strong><\/h3>\n\n\n\n<p>La vitamine&nbsp;D aide \u00e0 absorber le calcium. De nombreuses personnes en sont carenc\u00e9es, en particulier en hiver, et ce peu importe le type d\u2019alimentation. Profitez du soleil autant que possible (mais attention aux coups de soleil&nbsp;!) et guettez les aliments enrichis en vitamine&nbsp;D (margarines, c\u00e9r\u00e9ales de petit d\u00e9jeuner, pain\u2026). En hiver, il est recommand\u00e9 de prendre un compl\u00e9ment de vitamine&nbsp;D.<\/p>\n\n\n\n<h3 class=\"wp-block-heading\"><strong>Le fer<\/strong><\/h3>\n\n\n\n<p>Bien que l\u2019an\u00e9mie due \u00e0 une carence en fer n\u2019ait rien de rare, des \u00e9tudes indiquent que les personnes ayant une alimentation 100&nbsp;% v\u00e9g\u00e9tale ne sont pas plus \u00e0 risque que les personnes qui mangent de la viande.<\/p>\n\n\n\n<p>Privil\u00e9giez les flocons d\u2019avoine ou les c\u00e9r\u00e9ales enrichies au petit d\u00e9jeuner. Saupoudrez le tout de graines et de fruits secs et vous pourriez atteindre vos besoins journaliers avant m\u00eame d\u2019avoir mis le pied dehors&nbsp;! Les edamames, les lentilles, les pois chiches et les haricots, le tofu, le tempeh, le quinoa, le cresson, le chou kale et les l\u00e9gumes verts \u00e0 feuilles fonc\u00e9es en g\u00e9n\u00e9ral, les ol\u00e9agineux, les graines de s\u00e9same et le chocolat noir sont autant de sources de fer.<\/p>\n\n\n\n<p>Faites le plein de vitamine&nbsp;C pour favoriser l\u2019absorption du fer pr\u00e9sent dans vos aliments. \u00c0 l\u2019inverse, \u00e9vitez de boire du th\u00e9 ou du caf\u00e9 pendant vos repas, car ceux-ci en r\u00e9duisent l\u2019absorption.<\/p>\n\n\n\n<h3 class=\"wp-block-heading\"><strong>Les om\u00e9ga-3 et 6<\/strong><\/h3>\n\n\n\n<p>Notre corps est capable de synth\u00e9tiser presque tous les lipides n\u00e9cessaires au bon fonctionnement de nos tissus, mais il en existe deux sortes qu\u2019il nous faut obtenir par le biais de notre alimentation&nbsp;: c\u2019est pour cette raison qu\u2019on les appelle des acides gras essentiels.&nbsp;<\/p>\n\n\n\n<p>On trouve des om\u00e9ga-6 en grande quantit\u00e9 dans les l\u00e9gumes \u00e0 feuilles, les graines, les ol\u00e9agineux, les c\u00e9r\u00e9ales et la plupart des huiles v\u00e9g\u00e9tales. Il est tr\u00e8s facile d\u2019avoir un apport suffisant en om\u00e9ga-6 avec une alimentation v\u00e9g\u00e9tale \u00e9quilibr\u00e9e, mais il est tout aussi important d\u2019avoir un apport quotidien suffisant en om\u00e9ga-3. Les l\u00e9gumes verts \u00e0 feuilles (choux de Bruxelles, chou kale, \u00e9pinards), les noix, l\u2019huile de colza, les graines de lin moulues et l\u2019huile de lin, les f\u00e8ves de soja et le tofu en sont les meilleures sources.<\/p>\n\n\n\n<h3 class=\"wp-block-heading\"><strong>L\u2019iode<\/strong>&nbsp;&nbsp;<\/h3>\n\n\n\n<p>Il n\u2019est pas toujours facile d\u2019ajuster sa consommation d\u2019iode&nbsp;: en effet, un apport insuffisant ou excessif peut donner lieu \u00e0 des troubles thyro\u00efdiens. Les ol\u00e9agineux, le pain, les fruits, les l\u00e9gumes et les haricots en contiennent de faibles quantit\u00e9s, mais les meilleures sources restent les algues (attention, la quantit\u00e9 peut varier grandement d\u2019un type d\u2019algue \u00e0 l\u2019autre) et le sel iod\u00e9 (mais qui ne permet pas un apport suffisant). Les algues brunes sont tr\u00e8s riches en iode&nbsp;: en consommer juste une fois par semaine devrait suffire. Si vous n\u2019aimez pas les algues, il est alors recommand\u00e9 de prendre un compl\u00e9ment d\u2019iode. Un comprim\u00e9 de <a href=\"https:\/\/vegan-pratique.fr\/conseils-nutrition-vegetalienne\/veg1\/\">VEG1<\/a> permet par exemple de couvrir 100&nbsp;% de nos besoins journaliers en iode, mais aussi en vitamine B<sub>12<\/sub>.<\/p>\n\n\n\n<h3 class=\"wp-block-heading\"><strong>La vitamine B<sub>12<\/sub><\/strong>&nbsp;<\/h3>\n\n\n\n<p>C\u2019est LA vitamine qu\u2019il est compliqu\u00e9 d\u2019obtenir avec une alimentation v\u00e9g\u00e9tale. Elle est pr\u00e9sente dans les produits d\u2019origine animale, mais elle est produite par les bact\u00e9ries qui les habitent et non par les animaux eux-m\u00eames.<\/p>\n\n\n\n<p>Les vegans peuvent obtenir de la B<sub>12<\/sub> en consommant des produits qui en sont enrichis, mais ceux-ci sont encore peu r\u00e9pandus en France. La solution la plus simple et la plus efficace est donc de prendre un compl\u00e9ment afin de s\u2019assurer un apport suffisant.<\/p>\n\n\n\n<hr class=\"wp-block-separator has-css-opacity is-style-default\"\/>\n\n\n\n<p>Bien s\u00fbr, tout le monde est diff\u00e9rent et certaines personnes peuvent avoir des besoins nutritionnels sp\u00e9cifiques (par ex. les femmes enceintes, les athl\u00e8tes, les personnes souffrant de maladies chroniques ou ayant des probl\u00e8mes d\u2019absorption de nutriments). Si vous avez la moindre inqui\u00e9tude concernant votre sant\u00e9, nous vous recommandons de vous adresser \u00e0 votre m\u00e9decin traitant ou \u00e0 un m\u00e9decin nutritionniste.<\/p>\n\n\n\n<p>Vous trouverez des informations sur des professionnels de sant\u00e9 favorables au v\u00e9ganisme <a href=\"http:\/\/www.alimentation-responsable.com\/qui-sommes-nous\">ici<\/a>.<\/p>\n\n\n\n<hr class=\"wp-block-separator has-css-opacity\"\/>\n\n\n\n<p class=\"has-medium-font-size\"><strong>Envie d\u2019en savoir plus&nbsp;? Inscrivez-vous \u00e0 notre d\u00e9fi vegan de 31&nbsp;jours et vous recevrez gratuitement le kit de d\u00e9marrage officiel de Veganuary ainsi que notre livret de recettes de personnalit\u00e9s&nbsp;!<\/strong><\/p>\n\n\n\n<div class=\"wp-block-buttons is-layout-flex wp-block-buttons-is-layout-flex\">\n<div class=\"wp-block-button is-style-fill\"><a class=\"wp-block-button__link wp-element-button\" href=\"https:\/\/veganuary.com\/fr\/je-minscris\/\">Je m&rsquo;inscris<\/a><\/div>\n<\/div>\n<\/div><\/div>\n","protected":false},"excerpt":{"rendered":"<p>Le simple fait qu\u2019un aliment soit vegan ne veut pas dire qu\u2019il est bon pour la sant\u00e9. On peut tout&hellip;<\/p>\n","protected":false},"author":70,"featured_media":145061,"parent":74616,"menu_order":44,"comment_status":"closed","ping_status":"closed","template":"","meta":{"_acf_changed":false,"_coblocks_attr":"","_coblocks_dimensions":"","_coblocks_responsive_height":"","_coblocks_accordion_ie_support":"","footnotes":""},"class_list":["post-74363","page","type-page","status-publish","has-post-thumbnail","hentry"],"acf":[],"yoast_head":"<!-- This site is optimized with the Yoast SEO plugin v27.5 - https:\/\/yoast.com\/product\/yoast-seo-wordpress\/ -->\n<title>Conseils nutritionnels - Veganuary<\/title>\n<meta name=\"description\" content=\"Avec ces conseils simples, facile de manger \u00e9quilibr\u00e9 quand on est vegan.\" \/>\n<meta name=\"robots\" content=\"index, follow, max-snippet:-1, max-image-preview:large, max-video-preview:-1\" \/>\n<link rel=\"canonical\" href=\"https:\/\/veganuary.com\/fr\/guides-alimentaires\/conseils-nutritionnels\/\" \/>\n<meta property=\"og:locale\" content=\"fr_FR\" \/>\n<meta property=\"og:type\" content=\"article\" \/>\n<meta property=\"og:title\" content=\"Conseils nutritionnels - Veganuary\" \/>\n<meta property=\"og:description\" content=\"Avec ces conseils simples, facile de manger \u00e9quilibr\u00e9 quand on est vegan.\" \/>\n<meta property=\"og:url\" content=\"https:\/\/veganuary.com\/fr\/guides-alimentaires\/conseils-nutritionnels\/\" \/>\n<meta property=\"og:site_name\" content=\"Veganuary\" \/>\n<meta property=\"article:publisher\" content=\"https:\/\/www.facebook.com\/Veganuary\/\" \/>\n<meta property=\"article:modified_time\" content=\"2025-12-18T10:46:11+00:00\" \/>\n<meta property=\"og:image\" content=\"https:\/\/veganuary.com\/wp-content\/uploads\/2022\/02\/Matthew-Pritchard-Plants-Have-Protein.jpg\" \/>\n\t<meta property=\"og:image:width\" content=\"1200\" \/>\n\t<meta property=\"og:image:height\" content=\"799\" \/>\n\t<meta property=\"og:image:type\" content=\"image\/jpeg\" \/>\n<meta name=\"twitter:card\" content=\"summary_large_image\" \/>\n<meta name=\"twitter:site\" content=\"@veganuary\" \/>\n<meta name=\"twitter:label1\" content=\"Dur\u00e9e de lecture estim\u00e9e\" \/>\n\t<meta name=\"twitter:data1\" content=\"6 minutes\" \/>\n<script type=\"application\/ld+json\" class=\"yoast-schema-graph\">{\"@context\":\"https:\\\/\\\/schema.org\",\"@graph\":[{\"@type\":\"WebPage\",\"@id\":\"https:\\\/\\\/veganuary.com\\\/fr\\\/guides-alimentaires\\\/conseils-nutritionnels\\\/\",\"url\":\"https:\\\/\\\/veganuary.com\\\/fr\\\/guides-alimentaires\\\/conseils-nutritionnels\\\/\",\"name\":\"Conseils nutritionnels - Veganuary\",\"isPartOf\":{\"@id\":\"https:\\\/\\\/veganuary.com\\\/fr\\\/#website\"},\"primaryImageOfPage\":{\"@id\":\"https:\\\/\\\/veganuary.com\\\/fr\\\/guides-alimentaires\\\/conseils-nutritionnels\\\/#primaryimage\"},\"image\":{\"@id\":\"https:\\\/\\\/veganuary.com\\\/fr\\\/guides-alimentaires\\\/conseils-nutritionnels\\\/#primaryimage\"},\"thumbnailUrl\":\"https:\\\/\\\/veganuary.com\\\/wp-content\\\/uploads\\\/2022\\\/02\\\/Matthew-Pritchard-Plants-Have-Protein.jpg\",\"datePublished\":\"2020-09-14T10:29:15+00:00\",\"dateModified\":\"2025-12-18T10:46:11+00:00\",\"description\":\"Avec ces conseils simples, facile de manger \u00e9quilibr\u00e9 quand on est vegan.\",\"breadcrumb\":{\"@id\":\"https:\\\/\\\/veganuary.com\\\/fr\\\/guides-alimentaires\\\/conseils-nutritionnels\\\/#breadcrumb\"},\"inLanguage\":\"fr-FR\",\"potentialAction\":[{\"@type\":\"ReadAction\",\"target\":[\"https:\\\/\\\/veganuary.com\\\/fr\\\/guides-alimentaires\\\/conseils-nutritionnels\\\/\"]}]},{\"@type\":\"ImageObject\",\"inLanguage\":\"fr-FR\",\"@id\":\"https:\\\/\\\/veganuary.com\\\/fr\\\/guides-alimentaires\\\/conseils-nutritionnels\\\/#primaryimage\",\"url\":\"https:\\\/\\\/veganuary.com\\\/wp-content\\\/uploads\\\/2022\\\/02\\\/Matthew-Pritchard-Plants-Have-Protein.jpg\",\"contentUrl\":\"https:\\\/\\\/veganuary.com\\\/wp-content\\\/uploads\\\/2022\\\/02\\\/Matthew-Pritchard-Plants-Have-Protein.jpg\",\"width\":1200,\"height\":799,\"caption\":\"Image Credit: Chris Shoebridge\"},{\"@type\":\"BreadcrumbList\",\"@id\":\"https:\\\/\\\/veganuary.com\\\/fr\\\/guides-alimentaires\\\/conseils-nutritionnels\\\/#breadcrumb\",\"itemListElement\":[{\"@type\":\"ListItem\",\"position\":1,\"name\":\"Home\",\"item\":\"https:\\\/\\\/veganuary.com\\\/fr\\\/\"},{\"@type\":\"ListItem\",\"position\":2,\"name\":\"Guides alimentaires\",\"item\":\"https:\\\/\\\/veganuary.com\\\/fr\\\/guides-alimentaires\\\/\"},{\"@type\":\"ListItem\",\"position\":3,\"name\":\"Conseils nutritionnels\"}]},{\"@type\":\"WebSite\",\"@id\":\"https:\\\/\\\/veganuary.com\\\/fr\\\/#website\",\"url\":\"https:\\\/\\\/veganuary.com\\\/fr\\\/\",\"name\":\"Veganuary\",\"description\":\"The website for Veganuary\",\"publisher\":{\"@id\":\"https:\\\/\\\/veganuary.com\\\/fr\\\/#organization\"},\"potentialAction\":[{\"@type\":\"SearchAction\",\"target\":{\"@type\":\"EntryPoint\",\"urlTemplate\":\"https:\\\/\\\/veganuary.com\\\/fr\\\/?s={search_term_string}\"},\"query-input\":{\"@type\":\"PropertyValueSpecification\",\"valueRequired\":true,\"valueName\":\"search_term_string\"}}],\"inLanguage\":\"fr-FR\"},{\"@type\":\"Organization\",\"@id\":\"https:\\\/\\\/veganuary.com\\\/fr\\\/#organization\",\"name\":\"Veganuary\",\"url\":\"https:\\\/\\\/veganuary.com\\\/fr\\\/\",\"logo\":{\"@type\":\"ImageObject\",\"inLanguage\":\"fr-FR\",\"@id\":\"https:\\\/\\\/veganuary.com\\\/fr\\\/#\\\/schema\\\/logo\\\/image\\\/\",\"url\":\"https:\\\/\\\/veganuary.com\\\/wp-content\\\/uploads\\\/2020\\\/11\\\/135-veganuary-animals-icon-transparent-rgb.png\",\"contentUrl\":\"https:\\\/\\\/veganuary.com\\\/wp-content\\\/uploads\\\/2020\\\/11\\\/135-veganuary-animals-icon-transparent-rgb.png\",\"width\":135,\"height\":135,\"caption\":\"Veganuary\"},\"image\":{\"@id\":\"https:\\\/\\\/veganuary.com\\\/fr\\\/#\\\/schema\\\/logo\\\/image\\\/\"},\"sameAs\":[\"https:\\\/\\\/www.facebook.com\\\/Veganuary\\\/\",\"https:\\\/\\\/x.com\\\/veganuary\",\"https:\\\/\\\/www.instagram.com\\\/weareveganuary\\\/\",\"https:\\\/\\\/www.linkedin.com\\\/company\\\/veganuary-limited\",\"https:\\\/\\\/www.pinterest.co.uk\\\/Veganuary\\\/\",\"https:\\\/\\\/www.youtube.com\\\/channel\\\/UCGDLtGanlPZLidEGP2N39CA\",\"https:\\\/\\\/en.wikipedia.org\\\/wiki\\\/Veganuary\"]}]}<\/script>\n<!-- \/ Yoast SEO plugin. -->","yoast_head_json":{"title":"Conseils nutritionnels - Veganuary","description":"Avec ces conseils simples, facile de manger \u00e9quilibr\u00e9 quand on est vegan.","robots":{"index":"index","follow":"follow","max-snippet":"max-snippet:-1","max-image-preview":"max-image-preview:large","max-video-preview":"max-video-preview:-1"},"canonical":"https:\/\/veganuary.com\/fr\/guides-alimentaires\/conseils-nutritionnels\/","og_locale":"fr_FR","og_type":"article","og_title":"Conseils nutritionnels - Veganuary","og_description":"Avec ces conseils simples, facile de manger \u00e9quilibr\u00e9 quand on est vegan.","og_url":"https:\/\/veganuary.com\/fr\/guides-alimentaires\/conseils-nutritionnels\/","og_site_name":"Veganuary","article_publisher":"https:\/\/www.facebook.com\/Veganuary\/","article_modified_time":"2025-12-18T10:46:11+00:00","og_image":[{"width":1200,"height":799,"url":"https:\/\/veganuary.com\/wp-content\/uploads\/2022\/02\/Matthew-Pritchard-Plants-Have-Protein.jpg","type":"image\/jpeg"}],"twitter_card":"summary_large_image","twitter_site":"@veganuary","twitter_misc":{"Dur\u00e9e de lecture estim\u00e9e":"6 minutes"},"schema":{"@context":"https:\/\/schema.org","@graph":[{"@type":"WebPage","@id":"https:\/\/veganuary.com\/fr\/guides-alimentaires\/conseils-nutritionnels\/","url":"https:\/\/veganuary.com\/fr\/guides-alimentaires\/conseils-nutritionnels\/","name":"Conseils nutritionnels - Veganuary","isPartOf":{"@id":"https:\/\/veganuary.com\/fr\/#website"},"primaryImageOfPage":{"@id":"https:\/\/veganuary.com\/fr\/guides-alimentaires\/conseils-nutritionnels\/#primaryimage"},"image":{"@id":"https:\/\/veganuary.com\/fr\/guides-alimentaires\/conseils-nutritionnels\/#primaryimage"},"thumbnailUrl":"https:\/\/veganuary.com\/wp-content\/uploads\/2022\/02\/Matthew-Pritchard-Plants-Have-Protein.jpg","datePublished":"2020-09-14T10:29:15+00:00","dateModified":"2025-12-18T10:46:11+00:00","description":"Avec ces conseils simples, facile de manger \u00e9quilibr\u00e9 quand on est vegan.","breadcrumb":{"@id":"https:\/\/veganuary.com\/fr\/guides-alimentaires\/conseils-nutritionnels\/#breadcrumb"},"inLanguage":"fr-FR","potentialAction":[{"@type":"ReadAction","target":["https:\/\/veganuary.com\/fr\/guides-alimentaires\/conseils-nutritionnels\/"]}]},{"@type":"ImageObject","inLanguage":"fr-FR","@id":"https:\/\/veganuary.com\/fr\/guides-alimentaires\/conseils-nutritionnels\/#primaryimage","url":"https:\/\/veganuary.com\/wp-content\/uploads\/2022\/02\/Matthew-Pritchard-Plants-Have-Protein.jpg","contentUrl":"https:\/\/veganuary.com\/wp-content\/uploads\/2022\/02\/Matthew-Pritchard-Plants-Have-Protein.jpg","width":1200,"height":799,"caption":"Image Credit: Chris Shoebridge"},{"@type":"BreadcrumbList","@id":"https:\/\/veganuary.com\/fr\/guides-alimentaires\/conseils-nutritionnels\/#breadcrumb","itemListElement":[{"@type":"ListItem","position":1,"name":"Home","item":"https:\/\/veganuary.com\/fr\/"},{"@type":"ListItem","position":2,"name":"Guides alimentaires","item":"https:\/\/veganuary.com\/fr\/guides-alimentaires\/"},{"@type":"ListItem","position":3,"name":"Conseils nutritionnels"}]},{"@type":"WebSite","@id":"https:\/\/veganuary.com\/fr\/#website","url":"https:\/\/veganuary.com\/fr\/","name":"Veganuary","description":"The website for Veganuary","publisher":{"@id":"https:\/\/veganuary.com\/fr\/#organization"},"potentialAction":[{"@type":"SearchAction","target":{"@type":"EntryPoint","urlTemplate":"https:\/\/veganuary.com\/fr\/?s={search_term_string}"},"query-input":{"@type":"PropertyValueSpecification","valueRequired":true,"valueName":"search_term_string"}}],"inLanguage":"fr-FR"},{"@type":"Organization","@id":"https:\/\/veganuary.com\/fr\/#organization","name":"Veganuary","url":"https:\/\/veganuary.com\/fr\/","logo":{"@type":"ImageObject","inLanguage":"fr-FR","@id":"https:\/\/veganuary.com\/fr\/#\/schema\/logo\/image\/","url":"https:\/\/veganuary.com\/wp-content\/uploads\/2020\/11\/135-veganuary-animals-icon-transparent-rgb.png","contentUrl":"https:\/\/veganuary.com\/wp-content\/uploads\/2020\/11\/135-veganuary-animals-icon-transparent-rgb.png","width":135,"height":135,"caption":"Veganuary"},"image":{"@id":"https:\/\/veganuary.com\/fr\/#\/schema\/logo\/image\/"},"sameAs":["https:\/\/www.facebook.com\/Veganuary\/","https:\/\/x.com\/veganuary","https:\/\/www.instagram.com\/weareveganuary\/","https:\/\/www.linkedin.com\/company\/veganuary-limited","https:\/\/www.pinterest.co.uk\/Veganuary\/","https:\/\/www.youtube.com\/channel\/UCGDLtGanlPZLidEGP2N39CA","https:\/\/en.wikipedia.org\/wiki\/Veganuary"]}]}},"_links":{"self":[{"href":"https:\/\/veganuary.com\/fr\/wp-json\/wp\/v2\/pages\/74363","targetHints":{"allow":["GET"]}}],"collection":[{"href":"https:\/\/veganuary.com\/fr\/wp-json\/wp\/v2\/pages"}],"about":[{"href":"https:\/\/veganuary.com\/fr\/wp-json\/wp\/v2\/types\/page"}],"author":[{"embeddable":true,"href":"https:\/\/veganuary.com\/fr\/wp-json\/wp\/v2\/users\/70"}],"replies":[{"embeddable":true,"href":"https:\/\/veganuary.com\/fr\/wp-json\/wp\/v2\/comments?post=74363"}],"version-history":[{"count":0,"href":"https:\/\/veganuary.com\/fr\/wp-json\/wp\/v2\/pages\/74363\/revisions"}],"up":[{"embeddable":true,"href":"https:\/\/veganuary.com\/fr\/wp-json\/wp\/v2\/pages\/74616"}],"wp:featuredmedia":[{"embeddable":true,"href":"https:\/\/veganuary.com\/fr\/wp-json\/wp\/v2\/media\/145061"}],"wp:attachment":[{"href":"https:\/\/veganuary.com\/fr\/wp-json\/wp\/v2\/media?parent=74363"}],"curies":[{"name":"wp","href":"https:\/\/api.w.org\/{rel}","templated":true}]}}