{"id":75724,"date":"2020-09-03T15:41:44","date_gmt":"2020-09-03T14:41:44","guid":{"rendered":"https:\/\/veganuary.com\/a-propos\/increasing-participation\/"},"modified":"2026-04-27T10:04:54","modified_gmt":"2026-04-27T09:04:54","slug":"accroitre-la-participation","status":"publish","type":"page","link":"https:\/\/veganuary.com\/fr\/a-propos\/accroitre-la-participation\/","title":{"rendered":"Accro\u00eetre la participation"},"content":{"rendered":"\n<div class=\"masthead\">\n\t<div class=\"container\">\n\t\t<div class=\"row\">\n\t\t\t<div class=\"col-md-10 offset-md-1 col-lg-8 offset-lg-2 col-xl-6 offset-xl-3\">\n\n\t\t\t\t<h1 class=\"masthead__title\">Accro\u00eetre la participation<\/h1>\n\n\t\t\t\t\n\t\t\t<\/div>\n\t\t<\/div>\n\t<\/div>\n<\/div>\n\n\n\n<div class=\"wp-block-group has-light-gray-background-color has-background\"><div class=\"wp-block-group__inner-container is-layout-flow wp-block-group-is-layout-flow\">\n<h2 class=\"wp-block-heading\">PARTICIPANT\u00b7ES<\/h2>\n\n\n\n<p>Ce qui a tout simplement commenc\u00e9 par une id\u00e9e folle, \u00e0 table \u00e0 York au Royaume-Uni en 2013, est devenu un mouvement mondial, inspirant des millions de personnes chaque ann\u00e9e \u00e0 repenser leurs habitudes alimentaires pour sauver les animaux, la plan\u00e8te et notre futur.<\/p>\n\n\n<div class=\"wp-block-image\">\n<figure class=\"aligncenter size-full\"><img fetchpriority=\"high\" decoding=\"async\" width=\"1200\" height=\"800\" src=\"https:\/\/veganuary.com\/wp-content\/uploads\/2026\/04\/VEGANUARY-TOUT-AUTOUR-DU-MONDE-2026.png\" alt=\"\" class=\"wp-image-311399\" srcset=\"https:\/\/veganuary.com\/wp-content\/uploads\/2026\/04\/VEGANUARY-TOUT-AUTOUR-DU-MONDE-2026.png 1200w, https:\/\/veganuary.com\/wp-content\/uploads\/2026\/04\/VEGANUARY-TOUT-AUTOUR-DU-MONDE-2026-400x267.png 400w, https:\/\/veganuary.com\/wp-content\/uploads\/2026\/04\/VEGANUARY-TOUT-AUTOUR-DU-MONDE-2026-768x512.png 768w, https:\/\/veganuary.com\/wp-content\/uploads\/2026\/04\/VEGANUARY-TOUT-AUTOUR-DU-MONDE-2026-800x533.png 800w, https:\/\/veganuary.com\/wp-content\/uploads\/2026\/04\/VEGANUARY-TOUT-AUTOUR-DU-MONDE-2026-150x100.png 150w\" sizes=\"(max-width: 1200px) 100vw, 1200px\" \/><\/figure>\n<\/div>\n\n\n<p>Aujourd\u2019hui, notre campagne est officiellement pr\u00e9sente dans 20 pays \u00e0 travers l&rsquo;Europe, l&rsquo;Am\u00e9rique du Nord et du Sud, l&rsquo;Asie, l&rsquo;Afrique et l&rsquo;Australie. Nous avons recens\u00e9 des personnes participant au Veganuary dans les pays du monde entier, \u00e0 l\u2019exception du Vatican et de la Cor\u00e9e du Nord.<\/p>\n\n\n\n<p>Nous avons pu constater une pr\u00e9sence des m\u00e9dias tout autour du globe : des spots et mentions \u00e0 la TV au Canada, au Chili, en Cor\u00e9e du Sud, au Br\u00e9sil et \u00e0 Taiwan, avec bien d&rsquo;autres retours m\u00e9dias en Gr\u00e8ce, en Chine, au Japon, et m\u00eame au Ghana !<\/p>\n\n\n\n<p>Lors des pr\u00e9c\u00e9dentes campagnes, nous avions mesur\u00e9 la participation en comptabilisant le nombre d&rsquo;inscriptions via notre site internet. Cependant, nous savons que ce chiffre ne refl\u00e8te pas le nombre r\u00e9el de participant\u00b7es car beaucoup prennent part au d\u00e9fi sans s&rsquo;inscrire officiellement sur le site.<\/p>\n\n\n\n<p>Alors que nous tirons des enseignements du succ\u00e8s rencontr\u00e9 au Royaume-Uni et que nous l&rsquo;appliquons \u00e0 de nouveaux pays, notre priorit\u00e9 est de mesurer la participation \u00e0 l&rsquo;\u00e9chelle mondiale. Depuis le lancement de la premi\u00e8re campagne Veganuary en janvier 2014, des millions de personnes, issues de la majorit\u00e9 des pays du monde, y ont particip\u00e9.<\/p>\n\n\n\n<p>Pour mieux comprendre et mesurer la participation \u00e0 l&rsquo;\u00e9chelle mondiale, nous faisons dor\u00e9navant, appel \u00e0 des instituts de sondage dans les principaux pays o\u00f9 la campagne est relay\u00e9e afin d&rsquo;\u00e9tablir le pourcentage de personnes ayant d\u00e9clar\u00e9 avoir particip\u00e9 au Veganuary durant le mois de janvier.<\/p>\n\n\n\n<p>Sur la base des r\u00e9sultats des sondages et des estimations actuelles de la population pour chaque pays, nous estimons qu&rsquo;environs 25,8 millions de personnes dans le monde ont choisi d&rsquo;essayer le v\u00e9ganisme en janvier 2025.<\/p>\n\n\n\n<p>Ces chiffres offrent un aper\u00e7u enthousiasmant de la participation du public au Veganuary et de son influence en tant que mouvement social. Nous sommes impatient\u00b7es de suivre l&rsquo;\u00e9volution de l&rsquo;impact de Veganuary dans les ann\u00e9es \u00e0 venir.<\/p>\n\n\n\n<h2 class=\"wp-block-heading\">Pourquoi y participer&nbsp;?<\/h2>\n\n\n\n<p>Chacun\u00b7e a ses raisons, mais nous avons observ\u00e9 que trois d\u2019entre elles revenaient encore et encore.<\/p>\n\n\n\n<h2 class=\"wp-block-heading\">Animaux<\/h2>\n\n\n\n<p>Pour beaucoup, tester le v\u00e9ganisme signifie ne plus prendre part \u00e0 la souffrance animale. La plupart des animaux dans les \u00e9levages modernes m\u00e8nent une existence mis\u00e9rable. La vaste majorit\u00e9 des poulets, des dindes, des canards et des oies sont \u00e9lev\u00e9s dans de grands hangars avec des dizaines de milliers de leurs cong\u00e9n\u00e8res et peu de choses pour les occuper. Ils ne sentiront jamais la chaleur du soleil sur leur dos, l\u2019air frais dans leurs poumons ou la terre sous leurs pattes.<\/p>\n\n\n\n<p>Les cochons sont aussi majoritairement \u00e9lev\u00e9s de mani\u00e8re intensive, ce qui signifie souvent un enfermement pendant de longues semaines dans de minuscules cages de gestation ou de maternit\u00e9. Dans les \u00e9levages laitiers, les vaches sont ins\u00e9min\u00e9es \u00e0 maintes reprises pour qu\u2019elles continuent de produire du lait. Quant aux brebis, elles sont susceptibles d\u2019\u00eatre ins\u00e9min\u00e9es par voie chirurgicale afin d\u2019assurer un taux de conception \u00e9lev\u00e9. Dans les \u00e9levages, tous les petits sont retir\u00e9s \u00e0 leur m\u00e8re, et tous les animaux, y compris ceux \u00e9lev\u00e9s en plein air ou en syst\u00e8me bio, finissent leur vie \u00e0 l\u2019abattoir.<\/p>\n\n\n\n<figure class=\"wp-block-gallery has-nested-images columns-default is-cropped wp-block-gallery-1 is-layout-flex wp-block-gallery-is-layout-flex\">\n<figure class=\"wp-block-image size-large\"><img decoding=\"async\" width=\"1200\" height=\"1200\" data-id=\"2769\" src=\"https:\/\/veganuary.com\/wp-content\/uploads\/2020\/09\/participation-reason-animals-1.jpg\" alt=\"\" class=\"wp-image-2769\" srcset=\"https:\/\/veganuary.com\/wp-content\/uploads\/2020\/09\/participation-reason-animals-1.jpg 1200w, https:\/\/veganuary.com\/wp-content\/uploads\/2020\/09\/participation-reason-animals-1-400x400.jpg 400w, https:\/\/veganuary.com\/wp-content\/uploads\/2020\/09\/participation-reason-animals-1-768x768.jpg 768w, https:\/\/veganuary.com\/wp-content\/uploads\/2020\/09\/participation-reason-animals-1-800x800.jpg 800w\" sizes=\"(max-width: 1200px) 100vw, 1200px\" \/><\/figure>\n\n\n\n<figure class=\"wp-block-image size-large\"><img decoding=\"async\" width=\"1200\" height=\"1200\" data-id=\"2713\" src=\"https:\/\/veganuary.com\/wp-content\/uploads\/2020\/09\/participation-reason-animals-2.jpg\" alt=\"\" class=\"wp-image-2713\" srcset=\"https:\/\/veganuary.com\/wp-content\/uploads\/2020\/09\/participation-reason-animals-2.jpg 1200w, https:\/\/veganuary.com\/wp-content\/uploads\/2020\/09\/participation-reason-animals-2-400x400.jpg 400w, https:\/\/veganuary.com\/wp-content\/uploads\/2020\/09\/participation-reason-animals-2-768x768.jpg 768w, https:\/\/veganuary.com\/wp-content\/uploads\/2020\/09\/participation-reason-animals-2-800x800.jpg 800w\" sizes=\"(max-width: 1200px) 100vw, 1200px\" \/><\/figure>\n<\/figure>\n\n\n\n<h2 class=\"wp-block-heading\">Environment<\/h2>\n\n\n\n<p>Le lien \u00e9tabli par la recherche entre notre alimentation et la d\u00e9gradation de l\u2019environnement est de plus en plus solide. L\u2019\u00e9levage est l\u2019un des principaux \u00e9metteurs de gaz \u00e0 effet de serre. Il ne fournit que 18&nbsp;% de nos calories et est pourtant responsable de 60&nbsp;% des \u00e9missions de gaz \u00e0 effet de serre de l\u2019agriculture. Les recherches de l\u2019universit\u00e9 d\u2019Oxford montrent que les aliments d\u2019origine v\u00e9g\u00e9tale \u2013 y compris les noix et le soja \u2013 sont bien moins n\u00e9fastes pour l\u2019environnement que les aliments d\u2019origine animale.<\/p>\n\n\n\n<p>Le chercheur principal de l\u2019\u00e9tude a conclu que devenir vegan \u00e9tait probablement le meilleur moyen pour les consommateurs d\u2019aider \u00e0 prot\u00e9ger la plan\u00e8te.<\/p>\n\n\n\n<p>Parce qu\u2019il requiert beaucoup plus de terres qu\u2019il n\u2019en faut pour cultiver des v\u00e9g\u00e9taux, l\u2019\u00e9levage est \u00e9galement en grande partie responsable de la d\u00e9forestation. D\u2019\u00e9normes parcelles de for\u00eat sont d\u00e9frich\u00e9es au profit du p\u00e2turage du b\u00e9tail ou de cultures destin\u00e9es \u00e0 nourrir les animaux dans les \u00e9levages intensifs. Les animaux qui vivaient autrefois dans la for\u00eat sont oblig\u00e9s de fuir ou meurent.<\/p>\n\n\n\n<p>L\u2019\u00e9levage est \u00e9galement responsable d\u2019une grande partie de la pollution de l\u2019air, des sols et de l\u2019eau. Il est notamment \u00e0 l\u2019origine de zones mortes dans les oc\u00e9ans (ces zones o\u00f9 il y a si peu d\u2019oxyg\u00e8ne que rien ne peut survivre), ou contribue \u00e0 celles d\u00e9j\u00e0 existantes.<\/p>\n\n\n\n<p>Les poissons sont p\u00each\u00e9s par milliards et servent \u00e0 nourrir les animaux d\u2019\u00e9levage, y compris d\u2019autres poissons. Et la majorit\u00e9 du plastique que l\u2019on trouve dans le vortex de d\u00e9chets du Pacifique nord provient de filets de p\u00eache abandonn\u00e9s. Consommer des produits d\u2019origine animale contribue \u00e0 cette pollution et \u00e0 la mort de nos oc\u00e9ans.<\/p>\n\n\n\n<figure class=\"wp-block-gallery has-nested-images columns-default is-cropped wp-block-gallery-2 is-layout-flex wp-block-gallery-is-layout-flex\">\n<figure class=\"wp-block-image size-large\"><img loading=\"lazy\" decoding=\"async\" width=\"1200\" height=\"1200\" data-id=\"2741\" src=\"https:\/\/veganuary.com\/wp-content\/uploads\/2020\/09\/participation-reason-environment-1.jpg\" alt=\"\" class=\"wp-image-2741\" srcset=\"https:\/\/veganuary.com\/wp-content\/uploads\/2020\/09\/participation-reason-environment-1.jpg 1200w, https:\/\/veganuary.com\/wp-content\/uploads\/2020\/09\/participation-reason-environment-1-400x400.jpg 400w, https:\/\/veganuary.com\/wp-content\/uploads\/2020\/09\/participation-reason-environment-1-768x768.jpg 768w, https:\/\/veganuary.com\/wp-content\/uploads\/2020\/09\/participation-reason-environment-1-800x800.jpg 800w\" sizes=\"(max-width: 1200px) 100vw, 1200px\" \/><\/figure>\n\n\n\n<figure class=\"wp-block-image size-large\"><img loading=\"lazy\" decoding=\"async\" width=\"1200\" height=\"1200\" data-id=\"2727\" src=\"https:\/\/veganuary.com\/wp-content\/uploads\/2020\/09\/participation-reason-environment-2.jpg\" alt=\"\" class=\"wp-image-2727\" srcset=\"https:\/\/veganuary.com\/wp-content\/uploads\/2020\/09\/participation-reason-environment-2.jpg 1200w, https:\/\/veganuary.com\/wp-content\/uploads\/2020\/09\/participation-reason-environment-2-400x400.jpg 400w, https:\/\/veganuary.com\/wp-content\/uploads\/2020\/09\/participation-reason-environment-2-768x768.jpg 768w, https:\/\/veganuary.com\/wp-content\/uploads\/2020\/09\/participation-reason-environment-2-800x800.jpg 800w\" sizes=\"(max-width: 1200px) 100vw, 1200px\" \/><\/figure>\n<\/figure>\n\n\n\n<h2 class=\"wp-block-heading\">Sant\u00e9<\/h2>\n\n\n\n<p>Beaucoup de gens testent le v\u00e9ganisme pendant un mois pour voir si celui-ci aura un impact positif sur leur sant\u00e9. Depuis des d\u00e9cennies, la recherche \u00e9tablit des liens entre notre alimentation et toutes sortes de maladies. Elle sugg\u00e8re \u00e9galement que les vegans sont moins touch\u00e9\u00b7es par les maladies cardiaques, le diab\u00e8te de type&nbsp;2 et certains cancers.<\/p>\n\n\n\n<p>Certaines personnes participant au Veganuary signalent une am\u00e9lioration significative de leur sant\u00e9 au cours de ces 31&nbsp;premiers jours, que ce soit au niveau de leur sommeil, de leur digestion, ou encore de la qualit\u00e9 de leur peau. Nous ne pouvons pas promettre que l\u2019ensemble des participant\u00b7es b\u00e9n\u00e9ficieront de tels effets sur leur sant\u00e9, mais beaucoup en t\u00e9moignent&nbsp;!<\/p>\n\n\n\n<p>Chaque personne qui r\u00e9duit ou met fin \u00e0 sa consommation de produits d\u2019origine animale a un impact positif, mais c\u2019est aussi quelque chose qui peut \u00eatre amusant&nbsp;! Veganuary veut faire en sorte que l\u2019ensemble des participant\u00b7es vivent une exp\u00e9rience plaisante, passionnante et r\u00e9v\u00e9latrice. Nous sommes sur la bonne voie, car 98&nbsp;% des participant\u00b7es qui r\u00e9pondent \u00e0 nos enqu\u00eates indiquent qu\u2019ils ou elles recommanderaient de participer au Veganuary.<\/p>\n\n\n\n<figure class=\"wp-block-gallery has-nested-images columns-default is-cropped wp-block-gallery-3 is-layout-flex wp-block-gallery-is-layout-flex\">\n<figure class=\"wp-block-image size-large\"><img loading=\"lazy\" decoding=\"async\" width=\"1200\" height=\"1200\" data-id=\"2755\" src=\"https:\/\/veganuary.com\/wp-content\/uploads\/2020\/09\/participation-reason-health-1.jpg\" alt=\"\" class=\"wp-image-2755\" srcset=\"https:\/\/veganuary.com\/wp-content\/uploads\/2020\/09\/participation-reason-health-1.jpg 1200w, https:\/\/veganuary.com\/wp-content\/uploads\/2020\/09\/participation-reason-health-1-400x400.jpg 400w, https:\/\/veganuary.com\/wp-content\/uploads\/2020\/09\/participation-reason-health-1-768x768.jpg 768w, https:\/\/veganuary.com\/wp-content\/uploads\/2020\/09\/participation-reason-health-1-800x800.jpg 800w\" sizes=\"(max-width: 1200px) 100vw, 1200px\" \/><\/figure>\n\n\n\n<figure class=\"wp-block-image size-large\"><img loading=\"lazy\" decoding=\"async\" width=\"1200\" height=\"1200\" data-id=\"2699\" src=\"https:\/\/veganuary.com\/wp-content\/uploads\/2020\/09\/participation-reason-health-2.jpg\" alt=\"\" class=\"wp-image-2699\" srcset=\"https:\/\/veganuary.com\/wp-content\/uploads\/2020\/09\/participation-reason-health-2.jpg 1200w, https:\/\/veganuary.com\/wp-content\/uploads\/2020\/09\/participation-reason-health-2-400x400.jpg 400w, https:\/\/veganuary.com\/wp-content\/uploads\/2020\/09\/participation-reason-health-2-768x768.jpg 768w, https:\/\/veganuary.com\/wp-content\/uploads\/2020\/09\/participation-reason-health-2-800x800.jpg 800w\" sizes=\"(max-width: 1200px) 100vw, 1200px\" \/><\/figure>\n<\/figure>\n<\/div><\/div>\n\n\n","protected":false},"excerpt":{"rendered":"<p>PARTICIPANT\u00b7ES Ce qui a tout simplement commenc\u00e9 par une id\u00e9e folle, \u00e0 table \u00e0 York au Royaume-Uni en 2013, est&hellip;<\/p>\n","protected":false},"author":70,"featured_media":311310,"parent":74601,"menu_order":65,"comment_status":"closed","ping_status":"closed","template":"","meta":{"_acf_changed":false,"_coblocks_attr":"","_coblocks_dimensions":"","_coblocks_responsive_height":"","_coblocks_accordion_ie_support":"","footnotes":""},"class_list":["post-75724","page","type-page","status-publish","has-post-thumbnail","hentry"],"acf":[],"yoast_head":"<!-- This site is optimized with the Yoast SEO plugin v27.4 - https:\/\/yoast.com\/product\/yoast-seo-wordpress\/ -->\n<title>Accro\u00eetre la participation - Veganuary<\/title>\n<meta name=\"description\" content=\"Depuis le lancement du d\u00e9fi Veganuary en janvier 2014, le nombre de participant\u2022e\u2022s n\u2019a fait que monter en fl\u00e8che ann\u00e9e apr\u00e8s ann\u00e9e, et nous avons accueilli des participant\u2022e\u2022s du monde entier.\" \/>\n<meta name=\"robots\" content=\"index, follow, max-snippet:-1, max-image-preview:large, max-video-preview:-1\" \/>\n<link rel=\"canonical\" href=\"https:\/\/veganuary.com\/fr\/a-propos\/accroitre-la-participation\/\" \/>\n<meta property=\"og:locale\" content=\"fr_FR\" \/>\n<meta property=\"og:type\" content=\"article\" \/>\n<meta property=\"og:title\" content=\"Accro\u00eetre la participation - Veganuary\" \/>\n<meta property=\"og:description\" content=\"Depuis le lancement du d\u00e9fi Veganuary en janvier 2014, le nombre de participant\u2022e\u2022s n\u2019a fait que monter en fl\u00e8che ann\u00e9e apr\u00e8s ann\u00e9e, et nous avons accueilli des participant\u2022e\u2022s du monde entier.\" \/>\n<meta property=\"og:url\" content=\"https:\/\/veganuary.com\/fr\/a-propos\/accroitre-la-participation\/\" \/>\n<meta property=\"og:site_name\" content=\"Veganuary\" \/>\n<meta property=\"article:publisher\" content=\"https:\/\/www.facebook.com\/Veganuary\/\" \/>\n<meta property=\"article:modified_time\" content=\"2026-04-27T09:04:54+00:00\" \/>\n<meta property=\"og:image\" content=\"https:\/\/veganuary.com\/wp-content\/uploads\/2026\/04\/Veganuary-around-the-world-2026.png\" \/>\n\t<meta property=\"og:image:width\" content=\"1200\" \/>\n\t<meta property=\"og:image:height\" content=\"800\" \/>\n\t<meta property=\"og:image:type\" content=\"image\/png\" \/>\n<meta name=\"twitter:card\" content=\"summary_large_image\" \/>\n<meta name=\"twitter:site\" content=\"@veganuary\" \/>\n<meta name=\"twitter:label1\" content=\"Dur\u00e9e de lecture estim\u00e9e\" \/>\n\t<meta name=\"twitter:data1\" content=\"7 minutes\" \/>\n<script type=\"application\/ld+json\" class=\"yoast-schema-graph\">{\"@context\":\"https:\\\/\\\/schema.org\",\"@graph\":[{\"@type\":\"WebPage\",\"@id\":\"https:\\\/\\\/veganuary.com\\\/fr\\\/a-propos\\\/accroitre-la-participation\\\/\",\"url\":\"https:\\\/\\\/veganuary.com\\\/fr\\\/a-propos\\\/accroitre-la-participation\\\/\",\"name\":\"Accro\u00eetre la participation - Veganuary\",\"isPartOf\":{\"@id\":\"https:\\\/\\\/veganuary.com\\\/fr\\\/#website\"},\"primaryImageOfPage\":{\"@id\":\"https:\\\/\\\/veganuary.com\\\/fr\\\/a-propos\\\/accroitre-la-participation\\\/#primaryimage\"},\"image\":{\"@id\":\"https:\\\/\\\/veganuary.com\\\/fr\\\/a-propos\\\/accroitre-la-participation\\\/#primaryimage\"},\"thumbnailUrl\":\"https:\\\/\\\/veganuary.com\\\/wp-content\\\/uploads\\\/2026\\\/04\\\/Veganuary-around-the-world-2026.png\",\"datePublished\":\"2020-09-03T14:41:44+00:00\",\"dateModified\":\"2026-04-27T09:04:54+00:00\",\"description\":\"Depuis le lancement du d\u00e9fi Veganuary en janvier 2014, le nombre de participant\u2022e\u2022s n\u2019a fait que monter en fl\u00e8che ann\u00e9e apr\u00e8s ann\u00e9e, et nous avons accueilli des participant\u2022e\u2022s du monde entier.\",\"breadcrumb\":{\"@id\":\"https:\\\/\\\/veganuary.com\\\/fr\\\/a-propos\\\/accroitre-la-participation\\\/#breadcrumb\"},\"inLanguage\":\"fr-FR\",\"potentialAction\":[{\"@type\":\"ReadAction\",\"target\":[\"https:\\\/\\\/veganuary.com\\\/fr\\\/a-propos\\\/accroitre-la-participation\\\/\"]}]},{\"@type\":\"ImageObject\",\"inLanguage\":\"fr-FR\",\"@id\":\"https:\\\/\\\/veganuary.com\\\/fr\\\/a-propos\\\/accroitre-la-participation\\\/#primaryimage\",\"url\":\"https:\\\/\\\/veganuary.com\\\/wp-content\\\/uploads\\\/2026\\\/04\\\/Veganuary-around-the-world-2026.png\",\"contentUrl\":\"https:\\\/\\\/veganuary.com\\\/wp-content\\\/uploads\\\/2026\\\/04\\\/Veganuary-around-the-world-2026.png\",\"width\":1200,\"height\":800,\"caption\":\"Veganuary around the world 2026\"},{\"@type\":\"BreadcrumbList\",\"@id\":\"https:\\\/\\\/veganuary.com\\\/fr\\\/a-propos\\\/accroitre-la-participation\\\/#breadcrumb\",\"itemListElement\":[{\"@type\":\"ListItem\",\"position\":1,\"name\":\"Home\",\"item\":\"https:\\\/\\\/veganuary.com\\\/fr\\\/\"},{\"@type\":\"ListItem\",\"position\":2,\"name\":\"\u00c0 propos\",\"item\":\"https:\\\/\\\/veganuary.com\\\/fr\\\/a-propos\\\/\"},{\"@type\":\"ListItem\",\"position\":3,\"name\":\"Accro\u00eetre la participation\"}]},{\"@type\":\"WebSite\",\"@id\":\"https:\\\/\\\/veganuary.com\\\/fr\\\/#website\",\"url\":\"https:\\\/\\\/veganuary.com\\\/fr\\\/\",\"name\":\"Veganuary\",\"description\":\"The website for Veganuary\",\"publisher\":{\"@id\":\"https:\\\/\\\/veganuary.com\\\/fr\\\/#organization\"},\"potentialAction\":[{\"@type\":\"SearchAction\",\"target\":{\"@type\":\"EntryPoint\",\"urlTemplate\":\"https:\\\/\\\/veganuary.com\\\/fr\\\/?s={search_term_string}\"},\"query-input\":{\"@type\":\"PropertyValueSpecification\",\"valueRequired\":true,\"valueName\":\"search_term_string\"}}],\"inLanguage\":\"fr-FR\"},{\"@type\":\"Organization\",\"@id\":\"https:\\\/\\\/veganuary.com\\\/fr\\\/#organization\",\"name\":\"Veganuary\",\"url\":\"https:\\\/\\\/veganuary.com\\\/fr\\\/\",\"logo\":{\"@type\":\"ImageObject\",\"inLanguage\":\"fr-FR\",\"@id\":\"https:\\\/\\\/veganuary.com\\\/fr\\\/#\\\/schema\\\/logo\\\/image\\\/\",\"url\":\"https:\\\/\\\/veganuary.com\\\/wp-content\\\/uploads\\\/2020\\\/11\\\/135-veganuary-animals-icon-transparent-rgb.png\",\"contentUrl\":\"https:\\\/\\\/veganuary.com\\\/wp-content\\\/uploads\\\/2020\\\/11\\\/135-veganuary-animals-icon-transparent-rgb.png\",\"width\":135,\"height\":135,\"caption\":\"Veganuary\"},\"image\":{\"@id\":\"https:\\\/\\\/veganuary.com\\\/fr\\\/#\\\/schema\\\/logo\\\/image\\\/\"},\"sameAs\":[\"https:\\\/\\\/www.facebook.com\\\/Veganuary\\\/\",\"https:\\\/\\\/x.com\\\/veganuary\",\"https:\\\/\\\/www.instagram.com\\\/weareveganuary\\\/\",\"https:\\\/\\\/www.linkedin.com\\\/company\\\/veganuary-limited\",\"https:\\\/\\\/www.pinterest.co.uk\\\/Veganuary\\\/\",\"https:\\\/\\\/www.youtube.com\\\/channel\\\/UCGDLtGanlPZLidEGP2N39CA\",\"https:\\\/\\\/en.wikipedia.org\\\/wiki\\\/Veganuary\"]}]}<\/script>\n<!-- \/ Yoast SEO plugin. -->","yoast_head_json":{"title":"Accro\u00eetre la participation - Veganuary","description":"Depuis le lancement du d\u00e9fi Veganuary en janvier 2014, le nombre de participant\u2022e\u2022s n\u2019a fait que monter en fl\u00e8che ann\u00e9e apr\u00e8s ann\u00e9e, et nous avons accueilli des participant\u2022e\u2022s du monde entier.","robots":{"index":"index","follow":"follow","max-snippet":"max-snippet:-1","max-image-preview":"max-image-preview:large","max-video-preview":"max-video-preview:-1"},"canonical":"https:\/\/veganuary.com\/fr\/a-propos\/accroitre-la-participation\/","og_locale":"fr_FR","og_type":"article","og_title":"Accro\u00eetre la participation - Veganuary","og_description":"Depuis le lancement du d\u00e9fi Veganuary en janvier 2014, le nombre de participant\u2022e\u2022s n\u2019a fait que monter en fl\u00e8che ann\u00e9e apr\u00e8s ann\u00e9e, et nous avons accueilli des participant\u2022e\u2022s du monde entier.","og_url":"https:\/\/veganuary.com\/fr\/a-propos\/accroitre-la-participation\/","og_site_name":"Veganuary","article_publisher":"https:\/\/www.facebook.com\/Veganuary\/","article_modified_time":"2026-04-27T09:04:54+00:00","og_image":[{"width":1200,"height":800,"url":"https:\/\/veganuary.com\/wp-content\/uploads\/2026\/04\/Veganuary-around-the-world-2026.png","type":"image\/png"}],"twitter_card":"summary_large_image","twitter_site":"@veganuary","twitter_misc":{"Dur\u00e9e de lecture estim\u00e9e":"7 minutes"},"schema":{"@context":"https:\/\/schema.org","@graph":[{"@type":"WebPage","@id":"https:\/\/veganuary.com\/fr\/a-propos\/accroitre-la-participation\/","url":"https:\/\/veganuary.com\/fr\/a-propos\/accroitre-la-participation\/","name":"Accro\u00eetre la participation - Veganuary","isPartOf":{"@id":"https:\/\/veganuary.com\/fr\/#website"},"primaryImageOfPage":{"@id":"https:\/\/veganuary.com\/fr\/a-propos\/accroitre-la-participation\/#primaryimage"},"image":{"@id":"https:\/\/veganuary.com\/fr\/a-propos\/accroitre-la-participation\/#primaryimage"},"thumbnailUrl":"https:\/\/veganuary.com\/wp-content\/uploads\/2026\/04\/Veganuary-around-the-world-2026.png","datePublished":"2020-09-03T14:41:44+00:00","dateModified":"2026-04-27T09:04:54+00:00","description":"Depuis le lancement du d\u00e9fi Veganuary en janvier 2014, le nombre de participant\u2022e\u2022s n\u2019a fait que monter en fl\u00e8che ann\u00e9e apr\u00e8s ann\u00e9e, et nous avons accueilli des participant\u2022e\u2022s du monde entier.","breadcrumb":{"@id":"https:\/\/veganuary.com\/fr\/a-propos\/accroitre-la-participation\/#breadcrumb"},"inLanguage":"fr-FR","potentialAction":[{"@type":"ReadAction","target":["https:\/\/veganuary.com\/fr\/a-propos\/accroitre-la-participation\/"]}]},{"@type":"ImageObject","inLanguage":"fr-FR","@id":"https:\/\/veganuary.com\/fr\/a-propos\/accroitre-la-participation\/#primaryimage","url":"https:\/\/veganuary.com\/wp-content\/uploads\/2026\/04\/Veganuary-around-the-world-2026.png","contentUrl":"https:\/\/veganuary.com\/wp-content\/uploads\/2026\/04\/Veganuary-around-the-world-2026.png","width":1200,"height":800,"caption":"Veganuary around the world 2026"},{"@type":"BreadcrumbList","@id":"https:\/\/veganuary.com\/fr\/a-propos\/accroitre-la-participation\/#breadcrumb","itemListElement":[{"@type":"ListItem","position":1,"name":"Home","item":"https:\/\/veganuary.com\/fr\/"},{"@type":"ListItem","position":2,"name":"\u00c0 propos","item":"https:\/\/veganuary.com\/fr\/a-propos\/"},{"@type":"ListItem","position":3,"name":"Accro\u00eetre la participation"}]},{"@type":"WebSite","@id":"https:\/\/veganuary.com\/fr\/#website","url":"https:\/\/veganuary.com\/fr\/","name":"Veganuary","description":"The website for Veganuary","publisher":{"@id":"https:\/\/veganuary.com\/fr\/#organization"},"potentialAction":[{"@type":"SearchAction","target":{"@type":"EntryPoint","urlTemplate":"https:\/\/veganuary.com\/fr\/?s={search_term_string}"},"query-input":{"@type":"PropertyValueSpecification","valueRequired":true,"valueName":"search_term_string"}}],"inLanguage":"fr-FR"},{"@type":"Organization","@id":"https:\/\/veganuary.com\/fr\/#organization","name":"Veganuary","url":"https:\/\/veganuary.com\/fr\/","logo":{"@type":"ImageObject","inLanguage":"fr-FR","@id":"https:\/\/veganuary.com\/fr\/#\/schema\/logo\/image\/","url":"https:\/\/veganuary.com\/wp-content\/uploads\/2020\/11\/135-veganuary-animals-icon-transparent-rgb.png","contentUrl":"https:\/\/veganuary.com\/wp-content\/uploads\/2020\/11\/135-veganuary-animals-icon-transparent-rgb.png","width":135,"height":135,"caption":"Veganuary"},"image":{"@id":"https:\/\/veganuary.com\/fr\/#\/schema\/logo\/image\/"},"sameAs":["https:\/\/www.facebook.com\/Veganuary\/","https:\/\/x.com\/veganuary","https:\/\/www.instagram.com\/weareveganuary\/","https:\/\/www.linkedin.com\/company\/veganuary-limited","https:\/\/www.pinterest.co.uk\/Veganuary\/","https:\/\/www.youtube.com\/channel\/UCGDLtGanlPZLidEGP2N39CA","https:\/\/en.wikipedia.org\/wiki\/Veganuary"]}]}},"_links":{"self":[{"href":"https:\/\/veganuary.com\/fr\/wp-json\/wp\/v2\/pages\/75724","targetHints":{"allow":["GET"]}}],"collection":[{"href":"https:\/\/veganuary.com\/fr\/wp-json\/wp\/v2\/pages"}],"about":[{"href":"https:\/\/veganuary.com\/fr\/wp-json\/wp\/v2\/types\/page"}],"author":[{"embeddable":true,"href":"https:\/\/veganuary.com\/fr\/wp-json\/wp\/v2\/users\/70"}],"replies":[{"embeddable":true,"href":"https:\/\/veganuary.com\/fr\/wp-json\/wp\/v2\/comments?post=75724"}],"version-history":[{"count":0,"href":"https:\/\/veganuary.com\/fr\/wp-json\/wp\/v2\/pages\/75724\/revisions"}],"up":[{"embeddable":true,"href":"https:\/\/veganuary.com\/fr\/wp-json\/wp\/v2\/pages\/74601"}],"wp:featuredmedia":[{"embeddable":true,"href":"https:\/\/veganuary.com\/fr\/wp-json\/wp\/v2\/media\/311310"}],"wp:attachment":[{"href":"https:\/\/veganuary.com\/fr\/wp-json\/wp\/v2\/media?parent=75724"}],"curies":[{"name":"wp","href":"https:\/\/api.w.org\/{rel}","templated":true}]}}