{"id":75726,"date":"2020-09-03T15:42:02","date_gmt":"2020-09-03T14:42:02","guid":{"rendered":"https:\/\/veganuary.com\/a-propos\/corporate-outreach\/"},"modified":"2025-12-17T11:33:57","modified_gmt":"2025-12-17T11:33:57","slug":"relations-avec-les-entreprises","status":"publish","type":"page","link":"https:\/\/veganuary.com\/fr\/a-propos\/relations-avec-les-entreprises\/","title":{"rendered":"Relations avec les entreprises"},"content":{"rendered":"\n<div class=\"masthead\">\n\t<div class=\"container\">\n\t\t<div class=\"row\">\n\t\t\t<div class=\"col-md-10 offset-md-1 col-lg-8 offset-lg-2 col-xl-6 offset-xl-3\">\n\n\t\t\t\t<h1 class=\"masthead__title\">Relations avec les entreprises<\/h1>\n\n\t\t\t\t\n\t\t\t<\/div>\n\t\t<\/div>\n\t<\/div>\n<\/div>\n\n\n\n<div class=\"wp-block-group has-light-gray-background-color has-background\"><div class=\"wp-block-group__inner-container is-layout-flow wp-block-group-is-layout-flow\">\n<p>Au cours de cette derni\u00e8re d\u00e9cennie, le Veganuary est devenu un nom populaire au sein des m\u00e9nages au Royaume-Uni et est devenu une campagne bien \u00e9tablie dans la culture britannique. <\/p>\n\n\n\n<p>Chaque ann\u00e9e, en janvier, les commer\u00e7ant\u00b7es rivalisent pour proposer des produits et des menus vegan toujours plus nombreux et savoureux afin de tirer parti de l\u2019\u00e9norme popularit\u00e9 de Veganuary. Mais nous travaillons avec les entreprises toute l\u2019ann\u00e9e, pas seulement en janvier\u00a0! Nous offrons notre soutien aux grandes multinationales comme aux enseignes plus modestes, et soutenons le d\u00e9veloppement de leur production de produits vegan. En 2025, plus de 1 480 produits et menus vegan ont \u00e9t\u00e9 lanc\u00e9s dans le monde durant le mois.<\/p>\n\n\n\n<figure class=\"wp-block-gallery has-nested-images columns-default is-cropped wp-block-gallery-1 is-layout-flex wp-block-gallery-is-layout-flex\">\n<figure class=\"wp-block-image size-large\"><img fetchpriority=\"high\" decoding=\"async\" width=\"1200\" height=\"1200\" data-id=\"2469\" src=\"https:\/\/veganuary.com\/wp-content\/uploads\/2020\/09\/corporate-outreach-1.jpg\" alt=\"\" class=\"wp-image-2469\" srcset=\"https:\/\/veganuary.com\/wp-content\/uploads\/2020\/09\/corporate-outreach-1.jpg 1200w, https:\/\/veganuary.com\/wp-content\/uploads\/2020\/09\/corporate-outreach-1-400x400.jpg 400w, https:\/\/veganuary.com\/wp-content\/uploads\/2020\/09\/corporate-outreach-1-768x768.jpg 768w, https:\/\/veganuary.com\/wp-content\/uploads\/2020\/09\/corporate-outreach-1-800x800.jpg 800w\" sizes=\"(max-width: 1200px) 100vw, 1200px\" \/><\/figure>\n\n\n\n<figure class=\"wp-block-image size-large\"><img decoding=\"async\" width=\"1200\" height=\"1200\" data-id=\"2483\" src=\"https:\/\/veganuary.com\/wp-content\/uploads\/2020\/09\/corporate-outreach-2.jpg\" alt=\"\" class=\"wp-image-2483\" srcset=\"https:\/\/veganuary.com\/wp-content\/uploads\/2020\/09\/corporate-outreach-2.jpg 1200w, https:\/\/veganuary.com\/wp-content\/uploads\/2020\/09\/corporate-outreach-2-400x400.jpg 400w, https:\/\/veganuary.com\/wp-content\/uploads\/2020\/09\/corporate-outreach-2-768x768.jpg 768w, https:\/\/veganuary.com\/wp-content\/uploads\/2020\/09\/corporate-outreach-2-800x800.jpg 800w\" sizes=\"(max-width: 1200px) 100vw, 1200px\" \/><\/figure>\n<\/figure>\n\n\n\n<p>Parmi les lancements les plus marquants du Veganuary au fil des ans, on retrouve le feuillet\u00e9 de saucisse vegan de Greggs, le McPlant de McDonald&rsquo;s, le Whopper v\u00e9g\u00e9tal de Burger King, le Babybel vegan ou encore la barre de c\u00e9r\u00e9ales de Cadbury.<\/p>\n\n\n\n<p>Gr\u00e2ce \u00e0 ce travail en collaboration avec les entreprises, les aliments d\u2019origine 100&nbsp;% v\u00e9g\u00e9tale sont si r\u00e9pandus et tellement savoureux qu\u2019il est d\u00e9sormais facile pour n\u2019importe qui de manger vegan partout au Royaume-Uni. Nous \u00e9tendons maintenant ce travail \u00e0 l\u2019\u00e9chelle mondiale&nbsp;!<\/p>\n\n\n\n<h2 class=\"wp-block-heading\">Le d\u00e9fi Veganuary au travail<\/h2>\n\n\n\n<p>Plus de 228 entreprises au particip\u00e9 au Workplace Challenge Veganuary \u00e0 travers le monde cette ann\u00e9e. Des marques mondialement reconnues telles que Philadelphia, Just Eat Takeaway et Ernst &amp; Young y ont pris part, ainsi que des organismes gouvernementaux, des conseils municipaux et des universit\u00e9s. La diversit\u00e9 des organisations participantes est v\u00e9ritablement incroyable !<\/p>\n\n\n\n<p>Nous pensons que \u00e7a serait formidable si toutes les entreprises participaient au d\u00e9fi Veganuary, alors nous avons fait en sorte de le rendre le plus facile possible. Toutes les ressources sont t\u00e9l\u00e9chargeables sur notre site, nous avons juste besoin de vous pour \u00eatre notre champion\u00b7ne sur votre lieu de travail et pour embarquer vos coll\u00e8gues dans l\u2019aventure\u00a0!<\/p>\n<\/div><\/div>\n","protected":false},"excerpt":{"rendered":"<p>Au cours de cette derni\u00e8re d\u00e9cennie, le Veganuary est devenu un nom populaire au sein des m\u00e9nages au Royaume-Uni et&hellip;<\/p>\n","protected":false},"author":70,"featured_media":2475,"parent":74601,"menu_order":66,"comment_status":"closed","ping_status":"closed","template":"","meta":{"_acf_changed":false,"_coblocks_attr":"","_coblocks_dimensions":"","_coblocks_responsive_height":"","_coblocks_accordion_ie_support":"","footnotes":""},"class_list":["post-75726","page","type-page","status-publish","has-post-thumbnail","hentry"],"acf":[],"yoast_head":"<!-- This site is optimized with the Yoast SEO plugin v27.4 - https:\/\/yoast.com\/product\/yoast-seo-wordpress\/ -->\n<title>Relations avec les entreprises - Veganuary<\/title>\n<meta name=\"description\" content=\"Le Royaume-Uni est \u00e0 pr\u00e9sent officiellement le pays qui lance le plus de nouveaux produits alimentaires vegan au monde.\" \/>\n<meta name=\"robots\" content=\"index, follow, max-snippet:-1, max-image-preview:large, max-video-preview:-1\" \/>\n<link rel=\"canonical\" href=\"https:\/\/veganuary.com\/fr\/a-propos\/relations-avec-les-entreprises\/\" \/>\n<meta property=\"og:locale\" content=\"fr_FR\" \/>\n<meta property=\"og:type\" content=\"article\" \/>\n<meta property=\"og:title\" content=\"Relations avec les entreprises - Veganuary\" \/>\n<meta property=\"og:description\" content=\"Le Royaume-Uni est \u00e0 pr\u00e9sent officiellement le pays qui lance le plus de nouveaux produits alimentaires vegan au monde.\" \/>\n<meta property=\"og:url\" content=\"https:\/\/veganuary.com\/fr\/a-propos\/relations-avec-les-entreprises\/\" \/>\n<meta property=\"og:site_name\" content=\"Veganuary\" \/>\n<meta property=\"article:publisher\" content=\"https:\/\/www.facebook.com\/Veganuary\/\" \/>\n<meta property=\"article:modified_time\" content=\"2025-12-17T11:33:57+00:00\" \/>\n<meta property=\"og:image\" content=\"https:\/\/veganuary.com\/wp-content\/uploads\/2020\/09\/corporate-outreach-1.jpg\" \/>\n\t<meta property=\"og:image:width\" content=\"1200\" \/>\n\t<meta property=\"og:image:height\" content=\"1200\" \/>\n\t<meta property=\"og:image:type\" content=\"image\/jpeg\" \/>\n<meta name=\"twitter:card\" content=\"summary_large_image\" \/>\n<meta name=\"twitter:site\" content=\"@veganuary\" \/>\n<meta name=\"twitter:label1\" content=\"Dur\u00e9e de lecture estim\u00e9e\" \/>\n\t<meta name=\"twitter:data1\" content=\"2 minutes\" \/>\n<script type=\"application\/ld+json\" class=\"yoast-schema-graph\">{\"@context\":\"https:\\\/\\\/schema.org\",\"@graph\":[{\"@type\":\"WebPage\",\"@id\":\"https:\\\/\\\/veganuary.com\\\/fr\\\/a-propos\\\/relations-avec-les-entreprises\\\/\",\"url\":\"https:\\\/\\\/veganuary.com\\\/fr\\\/a-propos\\\/relations-avec-les-entreprises\\\/\",\"name\":\"Relations avec les entreprises - Veganuary\",\"isPartOf\":{\"@id\":\"https:\\\/\\\/veganuary.com\\\/fr\\\/#website\"},\"primaryImageOfPage\":{\"@id\":\"https:\\\/\\\/veganuary.com\\\/fr\\\/a-propos\\\/relations-avec-les-entreprises\\\/#primaryimage\"},\"image\":{\"@id\":\"https:\\\/\\\/veganuary.com\\\/fr\\\/a-propos\\\/relations-avec-les-entreprises\\\/#primaryimage\"},\"thumbnailUrl\":\"https:\\\/\\\/veganuary.com\\\/wp-content\\\/uploads\\\/2020\\\/09\\\/corporate-outreach-1.jpg\",\"datePublished\":\"2020-09-03T14:42:02+00:00\",\"dateModified\":\"2025-12-17T11:33:57+00:00\",\"description\":\"Le Royaume-Uni est \u00e0 pr\u00e9sent officiellement le pays qui lance le plus de nouveaux produits alimentaires vegan au monde.\",\"breadcrumb\":{\"@id\":\"https:\\\/\\\/veganuary.com\\\/fr\\\/a-propos\\\/relations-avec-les-entreprises\\\/#breadcrumb\"},\"inLanguage\":\"fr-FR\",\"potentialAction\":[{\"@type\":\"ReadAction\",\"target\":[\"https:\\\/\\\/veganuary.com\\\/fr\\\/a-propos\\\/relations-avec-les-entreprises\\\/\"]}]},{\"@type\":\"ImageObject\",\"inLanguage\":\"fr-FR\",\"@id\":\"https:\\\/\\\/veganuary.com\\\/fr\\\/a-propos\\\/relations-avec-les-entreprises\\\/#primaryimage\",\"url\":\"https:\\\/\\\/veganuary.com\\\/wp-content\\\/uploads\\\/2020\\\/09\\\/corporate-outreach-1.jpg\",\"contentUrl\":\"https:\\\/\\\/veganuary.com\\\/wp-content\\\/uploads\\\/2020\\\/09\\\/corporate-outreach-1.jpg\",\"width\":1200,\"height\":1200,\"caption\":\"Image Credit: Adobe Stock\"},{\"@type\":\"BreadcrumbList\",\"@id\":\"https:\\\/\\\/veganuary.com\\\/fr\\\/a-propos\\\/relations-avec-les-entreprises\\\/#breadcrumb\",\"itemListElement\":[{\"@type\":\"ListItem\",\"position\":1,\"name\":\"Home\",\"item\":\"https:\\\/\\\/veganuary.com\\\/fr\\\/\"},{\"@type\":\"ListItem\",\"position\":2,\"name\":\"\u00c0 propos\",\"item\":\"https:\\\/\\\/veganuary.com\\\/fr\\\/a-propos\\\/\"},{\"@type\":\"ListItem\",\"position\":3,\"name\":\"Relations avec les entreprises\"}]},{\"@type\":\"WebSite\",\"@id\":\"https:\\\/\\\/veganuary.com\\\/fr\\\/#website\",\"url\":\"https:\\\/\\\/veganuary.com\\\/fr\\\/\",\"name\":\"Veganuary\",\"description\":\"The website for Veganuary\",\"publisher\":{\"@id\":\"https:\\\/\\\/veganuary.com\\\/fr\\\/#organization\"},\"potentialAction\":[{\"@type\":\"SearchAction\",\"target\":{\"@type\":\"EntryPoint\",\"urlTemplate\":\"https:\\\/\\\/veganuary.com\\\/fr\\\/?s={search_term_string}\"},\"query-input\":{\"@type\":\"PropertyValueSpecification\",\"valueRequired\":true,\"valueName\":\"search_term_string\"}}],\"inLanguage\":\"fr-FR\"},{\"@type\":\"Organization\",\"@id\":\"https:\\\/\\\/veganuary.com\\\/fr\\\/#organization\",\"name\":\"Veganuary\",\"url\":\"https:\\\/\\\/veganuary.com\\\/fr\\\/\",\"logo\":{\"@type\":\"ImageObject\",\"inLanguage\":\"fr-FR\",\"@id\":\"https:\\\/\\\/veganuary.com\\\/fr\\\/#\\\/schema\\\/logo\\\/image\\\/\",\"url\":\"https:\\\/\\\/veganuary.com\\\/wp-content\\\/uploads\\\/2020\\\/11\\\/135-veganuary-animals-icon-transparent-rgb.png\",\"contentUrl\":\"https:\\\/\\\/veganuary.com\\\/wp-content\\\/uploads\\\/2020\\\/11\\\/135-veganuary-animals-icon-transparent-rgb.png\",\"width\":135,\"height\":135,\"caption\":\"Veganuary\"},\"image\":{\"@id\":\"https:\\\/\\\/veganuary.com\\\/fr\\\/#\\\/schema\\\/logo\\\/image\\\/\"},\"sameAs\":[\"https:\\\/\\\/www.facebook.com\\\/Veganuary\\\/\",\"https:\\\/\\\/x.com\\\/veganuary\",\"https:\\\/\\\/www.instagram.com\\\/weareveganuary\\\/\",\"https:\\\/\\\/www.linkedin.com\\\/company\\\/veganuary-limited\",\"https:\\\/\\\/www.pinterest.co.uk\\\/Veganuary\\\/\",\"https:\\\/\\\/www.youtube.com\\\/channel\\\/UCGDLtGanlPZLidEGP2N39CA\",\"https:\\\/\\\/en.wikipedia.org\\\/wiki\\\/Veganuary\"]}]}<\/script>\n<!-- \/ Yoast SEO plugin. -->","yoast_head_json":{"title":"Relations avec les entreprises - Veganuary","description":"Le Royaume-Uni est \u00e0 pr\u00e9sent officiellement le pays qui lance le plus de nouveaux produits alimentaires vegan au monde.","robots":{"index":"index","follow":"follow","max-snippet":"max-snippet:-1","max-image-preview":"max-image-preview:large","max-video-preview":"max-video-preview:-1"},"canonical":"https:\/\/veganuary.com\/fr\/a-propos\/relations-avec-les-entreprises\/","og_locale":"fr_FR","og_type":"article","og_title":"Relations avec les entreprises - Veganuary","og_description":"Le Royaume-Uni est \u00e0 pr\u00e9sent officiellement le pays qui lance le plus de nouveaux produits alimentaires vegan au monde.","og_url":"https:\/\/veganuary.com\/fr\/a-propos\/relations-avec-les-entreprises\/","og_site_name":"Veganuary","article_publisher":"https:\/\/www.facebook.com\/Veganuary\/","article_modified_time":"2025-12-17T11:33:57+00:00","og_image":[{"width":1200,"height":1200,"url":"https:\/\/veganuary.com\/wp-content\/uploads\/2020\/09\/corporate-outreach-1.jpg","type":"image\/jpeg"}],"twitter_card":"summary_large_image","twitter_site":"@veganuary","twitter_misc":{"Dur\u00e9e de lecture estim\u00e9e":"2 minutes"},"schema":{"@context":"https:\/\/schema.org","@graph":[{"@type":"WebPage","@id":"https:\/\/veganuary.com\/fr\/a-propos\/relations-avec-les-entreprises\/","url":"https:\/\/veganuary.com\/fr\/a-propos\/relations-avec-les-entreprises\/","name":"Relations avec les entreprises - Veganuary","isPartOf":{"@id":"https:\/\/veganuary.com\/fr\/#website"},"primaryImageOfPage":{"@id":"https:\/\/veganuary.com\/fr\/a-propos\/relations-avec-les-entreprises\/#primaryimage"},"image":{"@id":"https:\/\/veganuary.com\/fr\/a-propos\/relations-avec-les-entreprises\/#primaryimage"},"thumbnailUrl":"https:\/\/veganuary.com\/wp-content\/uploads\/2020\/09\/corporate-outreach-1.jpg","datePublished":"2020-09-03T14:42:02+00:00","dateModified":"2025-12-17T11:33:57+00:00","description":"Le Royaume-Uni est \u00e0 pr\u00e9sent officiellement le pays qui lance le plus de nouveaux produits alimentaires vegan au monde.","breadcrumb":{"@id":"https:\/\/veganuary.com\/fr\/a-propos\/relations-avec-les-entreprises\/#breadcrumb"},"inLanguage":"fr-FR","potentialAction":[{"@type":"ReadAction","target":["https:\/\/veganuary.com\/fr\/a-propos\/relations-avec-les-entreprises\/"]}]},{"@type":"ImageObject","inLanguage":"fr-FR","@id":"https:\/\/veganuary.com\/fr\/a-propos\/relations-avec-les-entreprises\/#primaryimage","url":"https:\/\/veganuary.com\/wp-content\/uploads\/2020\/09\/corporate-outreach-1.jpg","contentUrl":"https:\/\/veganuary.com\/wp-content\/uploads\/2020\/09\/corporate-outreach-1.jpg","width":1200,"height":1200,"caption":"Image Credit: Adobe Stock"},{"@type":"BreadcrumbList","@id":"https:\/\/veganuary.com\/fr\/a-propos\/relations-avec-les-entreprises\/#breadcrumb","itemListElement":[{"@type":"ListItem","position":1,"name":"Home","item":"https:\/\/veganuary.com\/fr\/"},{"@type":"ListItem","position":2,"name":"\u00c0 propos","item":"https:\/\/veganuary.com\/fr\/a-propos\/"},{"@type":"ListItem","position":3,"name":"Relations avec les entreprises"}]},{"@type":"WebSite","@id":"https:\/\/veganuary.com\/fr\/#website","url":"https:\/\/veganuary.com\/fr\/","name":"Veganuary","description":"The website for Veganuary","publisher":{"@id":"https:\/\/veganuary.com\/fr\/#organization"},"potentialAction":[{"@type":"SearchAction","target":{"@type":"EntryPoint","urlTemplate":"https:\/\/veganuary.com\/fr\/?s={search_term_string}"},"query-input":{"@type":"PropertyValueSpecification","valueRequired":true,"valueName":"search_term_string"}}],"inLanguage":"fr-FR"},{"@type":"Organization","@id":"https:\/\/veganuary.com\/fr\/#organization","name":"Veganuary","url":"https:\/\/veganuary.com\/fr\/","logo":{"@type":"ImageObject","inLanguage":"fr-FR","@id":"https:\/\/veganuary.com\/fr\/#\/schema\/logo\/image\/","url":"https:\/\/veganuary.com\/wp-content\/uploads\/2020\/11\/135-veganuary-animals-icon-transparent-rgb.png","contentUrl":"https:\/\/veganuary.com\/wp-content\/uploads\/2020\/11\/135-veganuary-animals-icon-transparent-rgb.png","width":135,"height":135,"caption":"Veganuary"},"image":{"@id":"https:\/\/veganuary.com\/fr\/#\/schema\/logo\/image\/"},"sameAs":["https:\/\/www.facebook.com\/Veganuary\/","https:\/\/x.com\/veganuary","https:\/\/www.instagram.com\/weareveganuary\/","https:\/\/www.linkedin.com\/company\/veganuary-limited","https:\/\/www.pinterest.co.uk\/Veganuary\/","https:\/\/www.youtube.com\/channel\/UCGDLtGanlPZLidEGP2N39CA","https:\/\/en.wikipedia.org\/wiki\/Veganuary"]}]}},"_links":{"self":[{"href":"https:\/\/veganuary.com\/fr\/wp-json\/wp\/v2\/pages\/75726","targetHints":{"allow":["GET"]}}],"collection":[{"href":"https:\/\/veganuary.com\/fr\/wp-json\/wp\/v2\/pages"}],"about":[{"href":"https:\/\/veganuary.com\/fr\/wp-json\/wp\/v2\/types\/page"}],"author":[{"embeddable":true,"href":"https:\/\/veganuary.com\/fr\/wp-json\/wp\/v2\/users\/70"}],"replies":[{"embeddable":true,"href":"https:\/\/veganuary.com\/fr\/wp-json\/wp\/v2\/comments?post=75726"}],"version-history":[{"count":0,"href":"https:\/\/veganuary.com\/fr\/wp-json\/wp\/v2\/pages\/75726\/revisions"}],"up":[{"embeddable":true,"href":"https:\/\/veganuary.com\/fr\/wp-json\/wp\/v2\/pages\/74601"}],"wp:featuredmedia":[{"embeddable":true,"href":"https:\/\/veganuary.com\/fr\/wp-json\/wp\/v2\/media\/2475"}],"wp:attachment":[{"href":"https:\/\/veganuary.com\/fr\/wp-json\/wp\/v2\/media?parent=75726"}],"curies":[{"name":"wp","href":"https:\/\/api.w.org\/{rel}","templated":true}]}}