{"id":75731,"date":"2020-09-03T15:42:47","date_gmt":"2020-09-03T14:42:47","guid":{"rendered":"https:\/\/veganuary.com\/a-propos\/faire-grandir-le-mouvement-mondial\/"},"modified":"2025-12-17T11:40:37","modified_gmt":"2025-12-17T11:40:37","slug":"faire-grandir-le-mouvement-mondial","status":"publish","type":"page","link":"https:\/\/veganuary.com\/fr\/a-propos\/faire-grandir-le-mouvement-mondial\/","title":{"rendered":"Faire grandir le mouvement mondial"},"content":{"rendered":"\n<div class=\"masthead\">\n\t<div class=\"container\">\n\t\t<div class=\"row\">\n\t\t\t<div class=\"col-md-10 offset-md-1 col-lg-8 offset-lg-2 col-xl-6 offset-xl-3\">\n\n\t\t\t\t<h1 class=\"masthead__title\">Faire grandir le mouvement mondial<\/h1>\n\n\t\t\t\t\n\t\t\t<\/div>\n\t\t<\/div>\n\t<\/div>\n<\/div>\n\n\n\n<div class=\"wp-block-group has-light-gray-background-color has-background\"><div class=\"wp-block-group__inner-container is-layout-flow wp-block-group-is-layout-flow\">\n<p>Au Royaume-Uni, le Veganuary a fortement aid\u00e9 les consommateurs \u00e0 changer leurs habitudes alimentaires au cours de cette derni\u00e8re d\u00e9cennie. Le Veganuary \u00e9tant maintenant un nom populaire au sein des m\u00e9nages au niveau national, nous transmettons tout ce que nous avons appris aux autres pays. En 2025, nous avons aussi lanc\u00e9 des campagnes aux \u00c9tats-Unis, en Espagne, en Allemagne, en Inde et en Am\u00e9rique latine. Mais nous ne pr\u00e9voyons pas de nous arr\u00eater l\u00e0 !<\/p>\n\n\n\n<p>En plus de nos propres campagnes, nous collaborons avec des ONG partageant les m\u00eames valeurs, de l\u2019Argentine \u00e0 Singapour, qui font la promotion de Veganuary et du v\u00e9ganisme dans leur propre langue et dans leur propre culture.<\/p>\n\n\n\n<figure class=\"wp-block-gallery has-nested-images columns-default wp-block-gallery-1 is-layout-flex wp-block-gallery-is-layout-flex\">\n<figure class=\"wp-block-image size-large\"><img fetchpriority=\"high\" decoding=\"async\" width=\"1800\" height=\"1200\" data-id=\"2669\" src=\"https:\/\/veganuary.com\/wp-content\/uploads\/2020\/09\/growing-thge-global-movement-hero-1-1800x1200.jpg\" alt=\"\" class=\"wp-image-2669\" srcset=\"https:\/\/veganuary.com\/wp-content\/uploads\/2020\/09\/growing-thge-global-movement-hero-1-1800x1200.jpg 1800w, https:\/\/veganuary.com\/wp-content\/uploads\/2020\/09\/growing-thge-global-movement-hero-1-1200x800.jpg 1200w, https:\/\/veganuary.com\/wp-content\/uploads\/2020\/09\/growing-thge-global-movement-hero-1-400x267.jpg 400w, https:\/\/veganuary.com\/wp-content\/uploads\/2020\/09\/growing-thge-global-movement-hero-1-768x512.jpg 768w, https:\/\/veganuary.com\/wp-content\/uploads\/2020\/09\/growing-thge-global-movement-hero-1-1536x1024.jpg 1536w, https:\/\/veganuary.com\/wp-content\/uploads\/2020\/09\/growing-thge-global-movement-hero-1-2048x1365.jpg 2048w, https:\/\/veganuary.com\/wp-content\/uploads\/2020\/09\/growing-thge-global-movement-hero-1-800x533.jpg 800w\" sizes=\"(max-width: 1800px) 100vw, 1800px\" \/><\/figure>\n<\/figure>\n\n\n\n<p>Les retours que l\u2019on nous fait le plus souvent&nbsp;: \u00ab&nbsp;\u00c7a a chang\u00e9 ma vie&nbsp;\u00bb et \u00ab&nbsp;Je regrette de ne pas l\u2019avoir fait plus t\u00f4t&nbsp;\u00bb.<\/p>\n\n\n\n<div class=\"wp-block-buttons is-layout-flex wp-block-buttons-is-layout-flex\">\n<div class=\"wp-block-button is-style-fill\"><a class=\"wp-block-button__link wp-element-button\" href=\"https:\/\/veganuary.com\/fr\/je-minscris\/\">Je m&rsquo;inscris<\/a><\/div>\n<\/div>\n<\/div><\/div>\n","protected":false},"excerpt":{"rendered":"<p>Au Royaume-Uni, le Veganuary a fortement aid\u00e9 les consommateurs \u00e0 changer leurs habitudes alimentaires au cours de cette derni\u00e8re d\u00e9cennie.&hellip;<\/p>\n","protected":false},"author":70,"featured_media":145732,"parent":74601,"menu_order":68,"comment_status":"closed","ping_status":"closed","template":"","meta":{"_acf_changed":false,"_coblocks_attr":"","_coblocks_dimensions":"","_coblocks_responsive_height":"","_coblocks_accordion_ie_support":"","footnotes":""},"class_list":["post-75731","page","type-page","status-publish","has-post-thumbnail","hentry"],"acf":[],"yoast_head":"<!-- This site is optimized with the Yoast SEO plugin v27.3 - https:\/\/yoast.com\/product\/yoast-seo-wordpress\/ -->\n<title>Faire grandir le mouvement mondial - Veganuary<\/title>\n<meta name=\"description\" content=\"Au Royaume-Uni, Veganuary a contribu\u00e9 \u00e0 un changement massif des habitudes de consommation.\" \/>\n<meta name=\"robots\" content=\"index, follow, max-snippet:-1, max-image-preview:large, max-video-preview:-1\" \/>\n<link rel=\"canonical\" href=\"https:\/\/veganuary.com\/fr\/a-propos\/faire-grandir-le-mouvement-mondial\/\" \/>\n<meta property=\"og:locale\" content=\"fr_FR\" \/>\n<meta property=\"og:type\" content=\"article\" \/>\n<meta property=\"og:title\" content=\"Faire grandir le mouvement mondial - Veganuary\" \/>\n<meta property=\"og:description\" content=\"Au Royaume-Uni, Veganuary a contribu\u00e9 \u00e0 un changement massif des habitudes de consommation.\" \/>\n<meta property=\"og:url\" content=\"https:\/\/veganuary.com\/fr\/a-propos\/faire-grandir-le-mouvement-mondial\/\" \/>\n<meta property=\"og:site_name\" content=\"Veganuary\" \/>\n<meta property=\"article:publisher\" content=\"https:\/\/www.facebook.com\/Veganuary\/\" \/>\n<meta property=\"article:modified_time\" content=\"2025-12-17T11:40:37+00:00\" \/>\n<meta property=\"og:image\" content=\"https:\/\/veganuary.com\/wp-content\/uploads\/2022\/03\/Veganuary-Global-Community.jpg\" \/>\n\t<meta property=\"og:image:width\" content=\"1200\" \/>\n\t<meta property=\"og:image:height\" content=\"800\" \/>\n\t<meta property=\"og:image:type\" content=\"image\/jpeg\" \/>\n<meta name=\"twitter:card\" content=\"summary_large_image\" \/>\n<meta name=\"twitter:site\" content=\"@veganuary\" \/>\n<meta name=\"twitter:label1\" content=\"Dur\u00e9e de lecture estim\u00e9e\" \/>\n\t<meta name=\"twitter:data1\" content=\"2 minutes\" \/>\n<script type=\"application\/ld+json\" class=\"yoast-schema-graph\">{\"@context\":\"https:\\\/\\\/schema.org\",\"@graph\":[{\"@type\":\"WebPage\",\"@id\":\"https:\\\/\\\/veganuary.com\\\/fr\\\/a-propos\\\/faire-grandir-le-mouvement-mondial\\\/\",\"url\":\"https:\\\/\\\/veganuary.com\\\/fr\\\/a-propos\\\/faire-grandir-le-mouvement-mondial\\\/\",\"name\":\"Faire grandir le mouvement mondial - Veganuary\",\"isPartOf\":{\"@id\":\"https:\\\/\\\/veganuary.com\\\/fr\\\/#website\"},\"primaryImageOfPage\":{\"@id\":\"https:\\\/\\\/veganuary.com\\\/fr\\\/a-propos\\\/faire-grandir-le-mouvement-mondial\\\/#primaryimage\"},\"image\":{\"@id\":\"https:\\\/\\\/veganuary.com\\\/fr\\\/a-propos\\\/faire-grandir-le-mouvement-mondial\\\/#primaryimage\"},\"thumbnailUrl\":\"https:\\\/\\\/veganuary.com\\\/wp-content\\\/uploads\\\/2022\\\/03\\\/Veganuary-Global-Community.jpg\",\"datePublished\":\"2020-09-03T14:42:47+00:00\",\"dateModified\":\"2025-12-17T11:40:37+00:00\",\"description\":\"Au Royaume-Uni, Veganuary a contribu\u00e9 \u00e0 un changement massif des habitudes de consommation.\",\"breadcrumb\":{\"@id\":\"https:\\\/\\\/veganuary.com\\\/fr\\\/a-propos\\\/faire-grandir-le-mouvement-mondial\\\/#breadcrumb\"},\"inLanguage\":\"fr-FR\",\"potentialAction\":[{\"@type\":\"ReadAction\",\"target\":[\"https:\\\/\\\/veganuary.com\\\/fr\\\/a-propos\\\/faire-grandir-le-mouvement-mondial\\\/\"]}]},{\"@type\":\"ImageObject\",\"inLanguage\":\"fr-FR\",\"@id\":\"https:\\\/\\\/veganuary.com\\\/fr\\\/a-propos\\\/faire-grandir-le-mouvement-mondial\\\/#primaryimage\",\"url\":\"https:\\\/\\\/veganuary.com\\\/wp-content\\\/uploads\\\/2022\\\/03\\\/Veganuary-Global-Community.jpg\",\"contentUrl\":\"https:\\\/\\\/veganuary.com\\\/wp-content\\\/uploads\\\/2022\\\/03\\\/Veganuary-Global-Community.jpg\",\"width\":1200,\"height\":800,\"caption\":\"Close up view of young people putting their hands together. Friends with stack of hands showing unity and teamwork.\"},{\"@type\":\"BreadcrumbList\",\"@id\":\"https:\\\/\\\/veganuary.com\\\/fr\\\/a-propos\\\/faire-grandir-le-mouvement-mondial\\\/#breadcrumb\",\"itemListElement\":[{\"@type\":\"ListItem\",\"position\":1,\"name\":\"Home\",\"item\":\"https:\\\/\\\/veganuary.com\\\/fr\\\/\"},{\"@type\":\"ListItem\",\"position\":2,\"name\":\"\u00c0 propos\",\"item\":\"https:\\\/\\\/veganuary.com\\\/fr\\\/a-propos\\\/\"},{\"@type\":\"ListItem\",\"position\":3,\"name\":\"Faire grandir le mouvement mondial\"}]},{\"@type\":\"WebSite\",\"@id\":\"https:\\\/\\\/veganuary.com\\\/fr\\\/#website\",\"url\":\"https:\\\/\\\/veganuary.com\\\/fr\\\/\",\"name\":\"Veganuary\",\"description\":\"The website for Veganuary\",\"publisher\":{\"@id\":\"https:\\\/\\\/veganuary.com\\\/fr\\\/#organization\"},\"potentialAction\":[{\"@type\":\"SearchAction\",\"target\":{\"@type\":\"EntryPoint\",\"urlTemplate\":\"https:\\\/\\\/veganuary.com\\\/fr\\\/?s={search_term_string}\"},\"query-input\":{\"@type\":\"PropertyValueSpecification\",\"valueRequired\":true,\"valueName\":\"search_term_string\"}}],\"inLanguage\":\"fr-FR\"},{\"@type\":\"Organization\",\"@id\":\"https:\\\/\\\/veganuary.com\\\/fr\\\/#organization\",\"name\":\"Veganuary\",\"url\":\"https:\\\/\\\/veganuary.com\\\/fr\\\/\",\"logo\":{\"@type\":\"ImageObject\",\"inLanguage\":\"fr-FR\",\"@id\":\"https:\\\/\\\/veganuary.com\\\/fr\\\/#\\\/schema\\\/logo\\\/image\\\/\",\"url\":\"https:\\\/\\\/veganuary.com\\\/wp-content\\\/uploads\\\/2020\\\/11\\\/135-veganuary-animals-icon-transparent-rgb.png\",\"contentUrl\":\"https:\\\/\\\/veganuary.com\\\/wp-content\\\/uploads\\\/2020\\\/11\\\/135-veganuary-animals-icon-transparent-rgb.png\",\"width\":135,\"height\":135,\"caption\":\"Veganuary\"},\"image\":{\"@id\":\"https:\\\/\\\/veganuary.com\\\/fr\\\/#\\\/schema\\\/logo\\\/image\\\/\"},\"sameAs\":[\"https:\\\/\\\/www.facebook.com\\\/Veganuary\\\/\",\"https:\\\/\\\/x.com\\\/veganuary\",\"https:\\\/\\\/www.instagram.com\\\/weareveganuary\\\/\",\"https:\\\/\\\/www.linkedin.com\\\/company\\\/veganuary-limited\",\"https:\\\/\\\/www.pinterest.co.uk\\\/Veganuary\\\/\",\"https:\\\/\\\/www.youtube.com\\\/channel\\\/UCGDLtGanlPZLidEGP2N39CA\",\"https:\\\/\\\/en.wikipedia.org\\\/wiki\\\/Veganuary\"]}]}<\/script>\n<!-- \/ Yoast SEO plugin. -->","yoast_head_json":{"title":"Faire grandir le mouvement mondial - Veganuary","description":"Au Royaume-Uni, Veganuary a contribu\u00e9 \u00e0 un changement massif des habitudes de consommation.","robots":{"index":"index","follow":"follow","max-snippet":"max-snippet:-1","max-image-preview":"max-image-preview:large","max-video-preview":"max-video-preview:-1"},"canonical":"https:\/\/veganuary.com\/fr\/a-propos\/faire-grandir-le-mouvement-mondial\/","og_locale":"fr_FR","og_type":"article","og_title":"Faire grandir le mouvement mondial - Veganuary","og_description":"Au Royaume-Uni, Veganuary a contribu\u00e9 \u00e0 un changement massif des habitudes de consommation.","og_url":"https:\/\/veganuary.com\/fr\/a-propos\/faire-grandir-le-mouvement-mondial\/","og_site_name":"Veganuary","article_publisher":"https:\/\/www.facebook.com\/Veganuary\/","article_modified_time":"2025-12-17T11:40:37+00:00","og_image":[{"width":1200,"height":800,"url":"https:\/\/veganuary.com\/wp-content\/uploads\/2022\/03\/Veganuary-Global-Community.jpg","type":"image\/jpeg"}],"twitter_card":"summary_large_image","twitter_site":"@veganuary","twitter_misc":{"Dur\u00e9e de lecture estim\u00e9e":"2 minutes"},"schema":{"@context":"https:\/\/schema.org","@graph":[{"@type":"WebPage","@id":"https:\/\/veganuary.com\/fr\/a-propos\/faire-grandir-le-mouvement-mondial\/","url":"https:\/\/veganuary.com\/fr\/a-propos\/faire-grandir-le-mouvement-mondial\/","name":"Faire grandir le mouvement mondial - Veganuary","isPartOf":{"@id":"https:\/\/veganuary.com\/fr\/#website"},"primaryImageOfPage":{"@id":"https:\/\/veganuary.com\/fr\/a-propos\/faire-grandir-le-mouvement-mondial\/#primaryimage"},"image":{"@id":"https:\/\/veganuary.com\/fr\/a-propos\/faire-grandir-le-mouvement-mondial\/#primaryimage"},"thumbnailUrl":"https:\/\/veganuary.com\/wp-content\/uploads\/2022\/03\/Veganuary-Global-Community.jpg","datePublished":"2020-09-03T14:42:47+00:00","dateModified":"2025-12-17T11:40:37+00:00","description":"Au Royaume-Uni, Veganuary a contribu\u00e9 \u00e0 un changement massif des habitudes de consommation.","breadcrumb":{"@id":"https:\/\/veganuary.com\/fr\/a-propos\/faire-grandir-le-mouvement-mondial\/#breadcrumb"},"inLanguage":"fr-FR","potentialAction":[{"@type":"ReadAction","target":["https:\/\/veganuary.com\/fr\/a-propos\/faire-grandir-le-mouvement-mondial\/"]}]},{"@type":"ImageObject","inLanguage":"fr-FR","@id":"https:\/\/veganuary.com\/fr\/a-propos\/faire-grandir-le-mouvement-mondial\/#primaryimage","url":"https:\/\/veganuary.com\/wp-content\/uploads\/2022\/03\/Veganuary-Global-Community.jpg","contentUrl":"https:\/\/veganuary.com\/wp-content\/uploads\/2022\/03\/Veganuary-Global-Community.jpg","width":1200,"height":800,"caption":"Close up view of young people putting their hands together. Friends with stack of hands showing unity and teamwork."},{"@type":"BreadcrumbList","@id":"https:\/\/veganuary.com\/fr\/a-propos\/faire-grandir-le-mouvement-mondial\/#breadcrumb","itemListElement":[{"@type":"ListItem","position":1,"name":"Home","item":"https:\/\/veganuary.com\/fr\/"},{"@type":"ListItem","position":2,"name":"\u00c0 propos","item":"https:\/\/veganuary.com\/fr\/a-propos\/"},{"@type":"ListItem","position":3,"name":"Faire grandir le mouvement mondial"}]},{"@type":"WebSite","@id":"https:\/\/veganuary.com\/fr\/#website","url":"https:\/\/veganuary.com\/fr\/","name":"Veganuary","description":"The website for Veganuary","publisher":{"@id":"https:\/\/veganuary.com\/fr\/#organization"},"potentialAction":[{"@type":"SearchAction","target":{"@type":"EntryPoint","urlTemplate":"https:\/\/veganuary.com\/fr\/?s={search_term_string}"},"query-input":{"@type":"PropertyValueSpecification","valueRequired":true,"valueName":"search_term_string"}}],"inLanguage":"fr-FR"},{"@type":"Organization","@id":"https:\/\/veganuary.com\/fr\/#organization","name":"Veganuary","url":"https:\/\/veganuary.com\/fr\/","logo":{"@type":"ImageObject","inLanguage":"fr-FR","@id":"https:\/\/veganuary.com\/fr\/#\/schema\/logo\/image\/","url":"https:\/\/veganuary.com\/wp-content\/uploads\/2020\/11\/135-veganuary-animals-icon-transparent-rgb.png","contentUrl":"https:\/\/veganuary.com\/wp-content\/uploads\/2020\/11\/135-veganuary-animals-icon-transparent-rgb.png","width":135,"height":135,"caption":"Veganuary"},"image":{"@id":"https:\/\/veganuary.com\/fr\/#\/schema\/logo\/image\/"},"sameAs":["https:\/\/www.facebook.com\/Veganuary\/","https:\/\/x.com\/veganuary","https:\/\/www.instagram.com\/weareveganuary\/","https:\/\/www.linkedin.com\/company\/veganuary-limited","https:\/\/www.pinterest.co.uk\/Veganuary\/","https:\/\/www.youtube.com\/channel\/UCGDLtGanlPZLidEGP2N39CA","https:\/\/en.wikipedia.org\/wiki\/Veganuary"]}]}},"_links":{"self":[{"href":"https:\/\/veganuary.com\/fr\/wp-json\/wp\/v2\/pages\/75731","targetHints":{"allow":["GET"]}}],"collection":[{"href":"https:\/\/veganuary.com\/fr\/wp-json\/wp\/v2\/pages"}],"about":[{"href":"https:\/\/veganuary.com\/fr\/wp-json\/wp\/v2\/types\/page"}],"author":[{"embeddable":true,"href":"https:\/\/veganuary.com\/fr\/wp-json\/wp\/v2\/users\/70"}],"replies":[{"embeddable":true,"href":"https:\/\/veganuary.com\/fr\/wp-json\/wp\/v2\/comments?post=75731"}],"version-history":[{"count":0,"href":"https:\/\/veganuary.com\/fr\/wp-json\/wp\/v2\/pages\/75731\/revisions"}],"up":[{"embeddable":true,"href":"https:\/\/veganuary.com\/fr\/wp-json\/wp\/v2\/pages\/74601"}],"wp:featuredmedia":[{"embeddable":true,"href":"https:\/\/veganuary.com\/fr\/wp-json\/wp\/v2\/media\/145732"}],"wp:attachment":[{"href":"https:\/\/veganuary.com\/fr\/wp-json\/wp\/v2\/media?parent=75731"}],"curies":[{"name":"wp","href":"https:\/\/api.w.org\/{rel}","templated":true}]}}