{"id":108566,"date":"2020-08-18T15:57:33","date_gmt":"2020-08-18T14:57:33","guid":{"rendered":"https:\/\/veganuary.com\/recipes\/"},"modified":"2021-04-30T18:16:07","modified_gmt":"2021-04-30T17:16:07","slug":"receitas","status":"publish","type":"page","link":"https:\/\/veganuary.com\/pt-br\/receitas\/","title":{"rendered":"Recipes"},"content":{"rendered":"","protected":false},"excerpt":{"rendered":"","protected":false},"author":70,"featured_media":152818,"parent":0,"menu_order":30,"comment_status":"closed","ping_status":"closed","template":"page-templates\/recipes.php","meta":{"_acf_changed":false,"_coblocks_attr":"","_coblocks_dimensions":"","_coblocks_responsive_height":"","_coblocks_accordion_ie_support":"","footnotes":""},"class_list":["post-108566","page","type-page","status-publish","has-post-thumbnail","hentry"],"acf":[],"yoast_head":"<!-- This site is optimized with the Yoast SEO plugin v27.4 - https:\/\/yoast.com\/product\/yoast-seo-wordpress\/ -->\n<title>Receitas Veganas | Veganuary<\/title>\n<meta name=\"description\" content=\"Receitas veganas para quem est\u00e1 experimentando uma alimenta\u00e7\u00e3o \u00e0 base de plantas! Seja no caf\u00e9 da manh\u00e3, almo\u00e7o, jantar ou lanches - n\u00f3s temos para voc\u00ea!\" \/>\n<meta name=\"robots\" content=\"index, follow, max-snippet:-1, max-image-preview:large, max-video-preview:-1\" \/>\n<link rel=\"canonical\" href=\"https:\/\/veganuary.com\/pt-br\/receitas\/\" \/>\n<meta property=\"og:locale\" content=\"pt_BR\" \/>\n<meta property=\"og:type\" content=\"article\" \/>\n<meta property=\"og:title\" content=\"Receitas Veganas | Veganuary\" \/>\n<meta property=\"og:description\" content=\"Receitas veganas para quem est\u00e1 experimentando uma alimenta\u00e7\u00e3o \u00e0 base de plantas! Seja no caf\u00e9 da manh\u00e3, almo\u00e7o, jantar ou lanches - n\u00f3s temos para voc\u00ea!\" \/>\n<meta property=\"og:url\" content=\"https:\/\/veganuary.com\/pt-br\/receitas\/\" \/>\n<meta property=\"og:site_name\" content=\"Veganuary\" \/>\n<meta property=\"article:publisher\" content=\"https:\/\/www.facebook.com\/Veganuary\/\" \/>\n<meta property=\"article:modified_time\" content=\"2021-04-30T17:16:07+00:00\" \/>\n<meta property=\"og:image\" content=\"https:\/\/veganuary.com\/wp-content\/uploads\/2020\/09\/recipes-hero.jpg\" \/>\n\t<meta property=\"og:image:width\" content=\"2400\" \/>\n\t<meta property=\"og:image:height\" content=\"1600\" \/>\n\t<meta property=\"og:image:type\" content=\"image\/jpeg\" \/>\n<meta name=\"twitter:card\" content=\"summary_large_image\" \/>\n<meta name=\"twitter:title\" content=\"Receitas Veganas | Veganuary\" \/>\n<meta name=\"twitter:description\" content=\"Receitas veganas para quem est\u00e1 experimentando uma alimenta\u00e7\u00e3o \u00e0 base de plantas! Seja no caf\u00e9 da manh\u00e3, almo\u00e7o, jantar ou lanches - n\u00f3s temos para voc\u00ea!\" \/>\n<meta name=\"twitter:image\" content=\"https:\/\/veganuary.com\/wp-content\/uploads\/2020\/09\/recipes-hero.jpg\" \/>\n<meta name=\"twitter:site\" content=\"@veganuary\" \/>\n<script type=\"application\/ld+json\" class=\"yoast-schema-graph\">{\"@context\":\"https:\\\/\\\/schema.org\",\"@graph\":[{\"@type\":[\"WebPage\",\"CollectionPage\"],\"@id\":\"https:\\\/\\\/veganuary.com\\\/pt-br\\\/receitas\\\/\",\"url\":\"https:\\\/\\\/veganuary.com\\\/pt-br\\\/receitas\\\/\",\"name\":\"Receitas Veganas | Veganuary\",\"isPartOf\":{\"@id\":\"https:\\\/\\\/veganuary.com\\\/pt-br\\\/#website\"},\"primaryImageOfPage\":{\"@id\":\"https:\\\/\\\/veganuary.com\\\/pt-br\\\/receitas\\\/#primaryimage\"},\"image\":{\"@id\":\"https:\\\/\\\/veganuary.com\\\/pt-br\\\/receitas\\\/#primaryimage\"},\"thumbnailUrl\":\"https:\\\/\\\/veganuary.com\\\/wp-content\\\/uploads\\\/2022\\\/07\\\/recipe-header-jpeg-scaled.jpeg\",\"datePublished\":\"2020-08-18T14:57:33+00:00\",\"dateModified\":\"2021-04-30T17:16:07+00:00\",\"description\":\"Receitas veganas para quem est\u00e1 experimentando uma alimenta\u00e7\u00e3o \u00e0 base de plantas! Seja no caf\u00e9 da manh\u00e3, almo\u00e7o, jantar ou lanches - n\u00f3s temos para voc\u00ea!\",\"breadcrumb\":{\"@id\":\"https:\\\/\\\/veganuary.com\\\/pt-br\\\/receitas\\\/#breadcrumb\"},\"inLanguage\":\"pt-BR\"},{\"@type\":\"ImageObject\",\"inLanguage\":\"pt-BR\",\"@id\":\"https:\\\/\\\/veganuary.com\\\/pt-br\\\/receitas\\\/#primaryimage\",\"url\":\"https:\\\/\\\/veganuary.com\\\/wp-content\\\/uploads\\\/2022\\\/07\\\/recipe-header-jpeg-scaled.jpeg\",\"contentUrl\":\"https:\\\/\\\/veganuary.com\\\/wp-content\\\/uploads\\\/2022\\\/07\\\/recipe-header-jpeg-scaled.jpeg\",\"width\":2560,\"height\":1707,\"caption\":\"Vegetarian chili con carne with lentils, beans, nachos, lime, jalapeno. Mexican traditional dish\"},{\"@type\":\"BreadcrumbList\",\"@id\":\"https:\\\/\\\/veganuary.com\\\/pt-br\\\/receitas\\\/#breadcrumb\",\"itemListElement\":[{\"@type\":\"ListItem\",\"position\":1,\"name\":\"Home\",\"item\":\"https:\\\/\\\/veganuary.com\\\/pt-br\\\/\"},{\"@type\":\"ListItem\",\"position\":2,\"name\":\"Recipes\"}]},{\"@type\":\"WebSite\",\"@id\":\"https:\\\/\\\/veganuary.com\\\/pt-br\\\/#website\",\"url\":\"https:\\\/\\\/veganuary.com\\\/pt-br\\\/\",\"name\":\"Veganuary\",\"description\":\"The website for Veganuary\",\"publisher\":{\"@id\":\"https:\\\/\\\/veganuary.com\\\/pt-br\\\/#organization\"},\"potentialAction\":[{\"@type\":\"SearchAction\",\"target\":{\"@type\":\"EntryPoint\",\"urlTemplate\":\"https:\\\/\\\/veganuary.com\\\/pt-br\\\/?s={search_term_string}\"},\"query-input\":{\"@type\":\"PropertyValueSpecification\",\"valueRequired\":true,\"valueName\":\"search_term_string\"}}],\"inLanguage\":\"pt-BR\"},{\"@type\":\"Organization\",\"@id\":\"https:\\\/\\\/veganuary.com\\\/pt-br\\\/#organization\",\"name\":\"Veganuary\",\"url\":\"https:\\\/\\\/veganuary.com\\\/pt-br\\\/\",\"logo\":{\"@type\":\"ImageObject\",\"inLanguage\":\"pt-BR\",\"@id\":\"https:\\\/\\\/veganuary.com\\\/pt-br\\\/#\\\/schema\\\/logo\\\/image\\\/\",\"url\":\"https:\\\/\\\/veganuary.com\\\/wp-content\\\/uploads\\\/2020\\\/11\\\/135-veganuary-animals-icon-transparent-rgb.png\",\"contentUrl\":\"https:\\\/\\\/veganuary.com\\\/wp-content\\\/uploads\\\/2020\\\/11\\\/135-veganuary-animals-icon-transparent-rgb.png\",\"width\":135,\"height\":135,\"caption\":\"Veganuary\"},\"image\":{\"@id\":\"https:\\\/\\\/veganuary.com\\\/pt-br\\\/#\\\/schema\\\/logo\\\/image\\\/\"},\"sameAs\":[\"https:\\\/\\\/www.facebook.com\\\/Veganuary\\\/\",\"https:\\\/\\\/x.com\\\/veganuary\",\"https:\\\/\\\/www.instagram.com\\\/weareveganuary\\\/\",\"https:\\\/\\\/www.linkedin.com\\\/company\\\/veganuary-limited\",\"https:\\\/\\\/www.pinterest.co.uk\\\/Veganuary\\\/\",\"https:\\\/\\\/www.youtube.com\\\/channel\\\/UCGDLtGanlPZLidEGP2N39CA\",\"https:\\\/\\\/en.wikipedia.org\\\/wiki\\\/Veganuary\"]}]}<\/script>\n<!-- \/ Yoast SEO plugin. -->","yoast_head_json":{"title":"Receitas Veganas | Veganuary","description":"Receitas veganas para quem est\u00e1 experimentando uma alimenta\u00e7\u00e3o \u00e0 base de plantas! Seja no caf\u00e9 da manh\u00e3, almo\u00e7o, jantar ou lanches - n\u00f3s temos para voc\u00ea!","robots":{"index":"index","follow":"follow","max-snippet":"max-snippet:-1","max-image-preview":"max-image-preview:large","max-video-preview":"max-video-preview:-1"},"canonical":"https:\/\/veganuary.com\/pt-br\/receitas\/","og_locale":"pt_BR","og_type":"article","og_title":"Receitas Veganas | Veganuary","og_description":"Receitas veganas para quem est\u00e1 experimentando uma alimenta\u00e7\u00e3o \u00e0 base de plantas! Seja no caf\u00e9 da manh\u00e3, almo\u00e7o, jantar ou lanches - n\u00f3s temos para voc\u00ea!","og_url":"https:\/\/veganuary.com\/pt-br\/receitas\/","og_site_name":"Veganuary","article_publisher":"https:\/\/www.facebook.com\/Veganuary\/","article_modified_time":"2021-04-30T17:16:07+00:00","og_image":[{"width":2400,"height":1600,"url":"https:\/\/veganuary.com\/wp-content\/uploads\/2020\/09\/recipes-hero.jpg","type":"image\/jpeg"}],"twitter_card":"summary_large_image","twitter_title":"Receitas Veganas | Veganuary","twitter_description":"Receitas veganas para quem est\u00e1 experimentando uma alimenta\u00e7\u00e3o \u00e0 base de plantas! Seja no caf\u00e9 da manh\u00e3, almo\u00e7o, jantar ou lanches - n\u00f3s temos para voc\u00ea!","twitter_image":"https:\/\/veganuary.com\/wp-content\/uploads\/2020\/09\/recipes-hero.jpg","twitter_site":"@veganuary","schema":{"@context":"https:\/\/schema.org","@graph":[{"@type":["WebPage","CollectionPage"],"@id":"https:\/\/veganuary.com\/pt-br\/receitas\/","url":"https:\/\/veganuary.com\/pt-br\/receitas\/","name":"Receitas Veganas | Veganuary","isPartOf":{"@id":"https:\/\/veganuary.com\/pt-br\/#website"},"primaryImageOfPage":{"@id":"https:\/\/veganuary.com\/pt-br\/receitas\/#primaryimage"},"image":{"@id":"https:\/\/veganuary.com\/pt-br\/receitas\/#primaryimage"},"thumbnailUrl":"https:\/\/veganuary.com\/wp-content\/uploads\/2022\/07\/recipe-header-jpeg-scaled.jpeg","datePublished":"2020-08-18T14:57:33+00:00","dateModified":"2021-04-30T17:16:07+00:00","description":"Receitas veganas para quem est\u00e1 experimentando uma alimenta\u00e7\u00e3o \u00e0 base de plantas! Seja no caf\u00e9 da manh\u00e3, almo\u00e7o, jantar ou lanches - n\u00f3s temos para voc\u00ea!","breadcrumb":{"@id":"https:\/\/veganuary.com\/pt-br\/receitas\/#breadcrumb"},"inLanguage":"pt-BR"},{"@type":"ImageObject","inLanguage":"pt-BR","@id":"https:\/\/veganuary.com\/pt-br\/receitas\/#primaryimage","url":"https:\/\/veganuary.com\/wp-content\/uploads\/2022\/07\/recipe-header-jpeg-scaled.jpeg","contentUrl":"https:\/\/veganuary.com\/wp-content\/uploads\/2022\/07\/recipe-header-jpeg-scaled.jpeg","width":2560,"height":1707,"caption":"Vegetarian chili con carne with lentils, beans, nachos, lime, jalapeno. Mexican traditional dish"},{"@type":"BreadcrumbList","@id":"https:\/\/veganuary.com\/pt-br\/receitas\/#breadcrumb","itemListElement":[{"@type":"ListItem","position":1,"name":"Home","item":"https:\/\/veganuary.com\/pt-br\/"},{"@type":"ListItem","position":2,"name":"Recipes"}]},{"@type":"WebSite","@id":"https:\/\/veganuary.com\/pt-br\/#website","url":"https:\/\/veganuary.com\/pt-br\/","name":"Veganuary","description":"The website for Veganuary","publisher":{"@id":"https:\/\/veganuary.com\/pt-br\/#organization"},"potentialAction":[{"@type":"SearchAction","target":{"@type":"EntryPoint","urlTemplate":"https:\/\/veganuary.com\/pt-br\/?s={search_term_string}"},"query-input":{"@type":"PropertyValueSpecification","valueRequired":true,"valueName":"search_term_string"}}],"inLanguage":"pt-BR"},{"@type":"Organization","@id":"https:\/\/veganuary.com\/pt-br\/#organization","name":"Veganuary","url":"https:\/\/veganuary.com\/pt-br\/","logo":{"@type":"ImageObject","inLanguage":"pt-BR","@id":"https:\/\/veganuary.com\/pt-br\/#\/schema\/logo\/image\/","url":"https:\/\/veganuary.com\/wp-content\/uploads\/2020\/11\/135-veganuary-animals-icon-transparent-rgb.png","contentUrl":"https:\/\/veganuary.com\/wp-content\/uploads\/2020\/11\/135-veganuary-animals-icon-transparent-rgb.png","width":135,"height":135,"caption":"Veganuary"},"image":{"@id":"https:\/\/veganuary.com\/pt-br\/#\/schema\/logo\/image\/"},"sameAs":["https:\/\/www.facebook.com\/Veganuary\/","https:\/\/x.com\/veganuary","https:\/\/www.instagram.com\/weareveganuary\/","https:\/\/www.linkedin.com\/company\/veganuary-limited","https:\/\/www.pinterest.co.uk\/Veganuary\/","https:\/\/www.youtube.com\/channel\/UCGDLtGanlPZLidEGP2N39CA","https:\/\/en.wikipedia.org\/wiki\/Veganuary"]}]}},"_links":{"self":[{"href":"https:\/\/veganuary.com\/pt-br\/wp-json\/wp\/v2\/pages\/108566","targetHints":{"allow":["GET"]}}],"collection":[{"href":"https:\/\/veganuary.com\/pt-br\/wp-json\/wp\/v2\/pages"}],"about":[{"href":"https:\/\/veganuary.com\/pt-br\/wp-json\/wp\/v2\/types\/page"}],"author":[{"embeddable":true,"href":"https:\/\/veganuary.com\/pt-br\/wp-json\/wp\/v2\/users\/70"}],"replies":[{"embeddable":true,"href":"https:\/\/veganuary.com\/pt-br\/wp-json\/wp\/v2\/comments?post=108566"}],"version-history":[{"count":0,"href":"https:\/\/veganuary.com\/pt-br\/wp-json\/wp\/v2\/pages\/108566\/revisions"}],"wp:featuredmedia":[{"embeddable":true,"href":"https:\/\/veganuary.com\/pt-br\/wp-json\/wp\/v2\/media\/152818"}],"wp:attachment":[{"href":"https:\/\/veganuary.com\/pt-br\/wp-json\/wp\/v2\/media?parent=108566"}],"curies":[{"name":"wp","href":"https:\/\/api.w.org\/{rel}","templated":true}]}}