{"id":209379,"date":"2023-10-16T11:01:40","date_gmt":"2023-10-16T10:01:40","guid":{"rendered":"https:\/\/veganuary.com\/?page_id=209379"},"modified":"2023-11-08T20:12:26","modified_gmt":"2023-11-08T20:12:26","slug":"cardapios-semanais","status":"publish","type":"page","link":"https:\/\/veganuary.com\/pt-br\/cardapios-semanais\/","title":{"rendered":"CARD\u00c1PIOS SEMANAIS"},"content":{"rendered":"\n<div class=\"hero\">\n\t<div class=\"hero__overlay\">\n\t\t<div class=\"hero__content\">\n\t\t\t<div class=\"container\">\n\t\t\t\t<div class=\"row\">\n\t\t\t\t\t<div class=\"col-md-10 offset-md-1 col-lg-8 offset-lg-2 col-xl-6 offset-xl-3\">\n\n\t\t\t\t\t\t<h1 class=\"hero__title\">CARD\u00c1PIOS SEMANAIS<\/h1>\n\n\t\t\t\t\t\t\t\t\t\t\t\t\t<div class=\"hero__icon\">\n\t\t\t\t\t\t\t\t<img decoding=\"async\" class=\"hero__icon__img\" src=\"https:\/\/veganuary.com\/wp-content\/themes\/veganuary\/assets\/img\/veganuary-icon-orange.svg\" alt=\"\">\n\t\t\t\t\t\t\t<\/div>\n\n\t\t\t\t\t\t\t<p class=\"hero__subtitle\">Para facilitar a sua vida<\/p>\n\t\t\t\t\t\t\n\t\t\t\t\t<\/div>\n\t\t\t\t<\/div>\n\t\t\t<\/div>\n\t\t<\/div>\n\t<\/div>\n\n\t<div class=\"hero__figure\">\n\t\t\t<\/div>\n\n<\/div>\n\n\n\n<div class=\"wp-block-group\"><div class=\"wp-block-group__inner-container is-layout-constrained wp-block-group-is-layout-constrained\">\n<p>Preparamos aqui planos especialmente para facilitar a sua vida na hora de organizar uma alimenta\u00e7\u00e3o saud\u00e1vel \u00e0 base de plantas.<\/p>\n\n\n\n<div class=\"wp-block-buttons is-horizontal is-content-justification-center is-layout-flex wp-container-core-buttons-is-layout-499968f5 wp-block-buttons-is-layout-flex\">\n<div class=\"wp-block-button is-style-fill\"><a class=\"wp-block-button__link wp-element-button\" href=\"https:\/\/veganuary.com\/wp-content\/uploads\/2023\/10\/Veganuary-BR-Menu-Para-a-Familia.pdf\">Para a fam\u00edlia<\/a><\/div>\n<\/div>\n\n\n\n<div class=\"wp-block-buttons is-horizontal is-content-justification-center is-layout-flex wp-container-core-buttons-is-layout-499968f5 wp-block-buttons-is-layout-flex\">\n<div class=\"wp-block-button is-style-fill\"><a class=\"wp-block-button__link wp-element-button\" href=\"https:\/\/veganuary.com\/wp-content\/uploads\/2023\/10\/Veganuary-BR-Plano-de-Comida-Para-Iniciantes.pdf\">Para iniciantes<\/a><\/div>\n<\/div>\n\n\n\n<div class=\"wp-block-buttons is-horizontal is-content-justification-center is-layout-flex wp-container-core-buttons-is-layout-499968f5 wp-block-buttons-is-layout-flex\">\n<div class=\"wp-block-button is-style-fill\"><a class=\"wp-block-button__link wp-element-button\" href=\"https:\/\/veganuary.com\/wp-content\/uploads\/2023\/10\/Veganuary-BR-Plano-de-Comida-Rapido-e-Pratico.pdf\">Card\u00e1pio r\u00e1pido e pr\u00e1tico<\/a><\/div>\n<\/div>\n\n\n\n<div class=\"wp-block-buttons is-horizontal is-content-justification-center is-layout-flex wp-container-core-buttons-is-layout-499968f5 wp-block-buttons-is-layout-flex\">\n<div class=\"wp-block-button is-style-fill\"><a class=\"wp-block-button__link wp-element-button\" href=\"https:\/\/veganuary.com\/wp-content\/uploads\/2023\/10\/Veganuary-BR-Plano-de-Comida-Nutricao-esportiva.pdf\">Nutri\u00e7\u00e3o esportiva<\/a><\/div>\n<\/div>\n<\/div><\/div>\n","protected":false},"excerpt":{"rendered":"<p>Preparamos aqui planos especialmente para facilitar a sua vida na hora de organizar uma alimenta\u00e7\u00e3o saud\u00e1vel \u00e0 base de plantas.<\/p>\n","protected":false},"author":95,"featured_media":0,"parent":0,"menu_order":0,"comment_status":"closed","ping_status":"closed","template":"page-templates\/larger-pod-template.php","meta":{"_acf_changed":false,"_coblocks_attr":"","_coblocks_dimensions":"","_coblocks_responsive_height":"","_coblocks_accordion_ie_support":"","footnotes":""},"class_list":["post-209379","page","type-page","status-publish","hentry"],"acf":[],"yoast_head":"<!-- This site is optimized with the Yoast SEO plugin v27.4 - https:\/\/yoast.com\/product\/yoast-seo-wordpress\/ -->\n<title>CARD\u00c1PIOS SEMANAIS - Veganuary<\/title>\n<meta name=\"description\" content=\"Preparamos sugestes de card\u00e1pios especialmente para facilitar a sua vida na hora de organizar uma alimenta\u00e7\u00e3o saud\u00e1vel \u00e0 base de plantas.\" \/>\n<meta name=\"robots\" content=\"index, follow, max-snippet:-1, max-image-preview:large, max-video-preview:-1\" \/>\n<link rel=\"canonical\" href=\"https:\/\/veganuary.com\/pt-br\/cardapios-semanais\/\" \/>\n<meta property=\"og:locale\" content=\"pt_BR\" \/>\n<meta property=\"og:type\" content=\"article\" \/>\n<meta property=\"og:title\" content=\"CARD\u00c1PIOS SEMANAIS - Veganuary\" \/>\n<meta property=\"og:description\" content=\"Preparamos sugestes de card\u00e1pios especialmente para facilitar a sua vida na hora de organizar uma alimenta\u00e7\u00e3o saud\u00e1vel \u00e0 base de plantas.\" \/>\n<meta property=\"og:url\" content=\"https:\/\/veganuary.com\/pt-br\/cardapios-semanais\/\" \/>\n<meta property=\"og:site_name\" content=\"Veganuary\" \/>\n<meta property=\"article:publisher\" content=\"https:\/\/www.facebook.com\/Veganuary\/\" \/>\n<meta property=\"article:modified_time\" content=\"2023-11-08T20:12:26+00:00\" \/>\n<meta name=\"twitter:card\" content=\"summary_large_image\" \/>\n<meta name=\"twitter:site\" content=\"@veganuary\" \/>\n<meta name=\"twitter:label1\" content=\"Est. tempo de leitura\" \/>\n\t<meta name=\"twitter:data1\" content=\"1 minuto\" \/>\n<script type=\"application\/ld+json\" class=\"yoast-schema-graph\">{\"@context\":\"https:\\\/\\\/schema.org\",\"@graph\":[{\"@type\":\"WebPage\",\"@id\":\"https:\\\/\\\/veganuary.com\\\/pt-br\\\/cardapios-semanais\\\/\",\"url\":\"https:\\\/\\\/veganuary.com\\\/pt-br\\\/cardapios-semanais\\\/\",\"name\":\"CARD\u00c1PIOS SEMANAIS - Veganuary\",\"isPartOf\":{\"@id\":\"https:\\\/\\\/veganuary.com\\\/pt-br\\\/#website\"},\"datePublished\":\"2023-10-16T10:01:40+00:00\",\"dateModified\":\"2023-11-08T20:12:26+00:00\",\"description\":\"Preparamos sugestes de card\u00e1pios especialmente para facilitar a sua vida na hora de organizar uma alimenta\u00e7\u00e3o saud\u00e1vel \u00e0 base de plantas.\",\"breadcrumb\":{\"@id\":\"https:\\\/\\\/veganuary.com\\\/pt-br\\\/cardapios-semanais\\\/#breadcrumb\"},\"inLanguage\":\"pt-BR\",\"potentialAction\":[{\"@type\":\"ReadAction\",\"target\":[\"https:\\\/\\\/veganuary.com\\\/pt-br\\\/cardapios-semanais\\\/\"]}]},{\"@type\":\"BreadcrumbList\",\"@id\":\"https:\\\/\\\/veganuary.com\\\/pt-br\\\/cardapios-semanais\\\/#breadcrumb\",\"itemListElement\":[{\"@type\":\"ListItem\",\"position\":1,\"name\":\"Home\",\"item\":\"https:\\\/\\\/veganuary.com\\\/pt-br\\\/\"},{\"@type\":\"ListItem\",\"position\":2,\"name\":\"CARD\u00c1PIOS SEMANAIS\"}]},{\"@type\":\"WebSite\",\"@id\":\"https:\\\/\\\/veganuary.com\\\/pt-br\\\/#website\",\"url\":\"https:\\\/\\\/veganuary.com\\\/pt-br\\\/\",\"name\":\"Veganuary\",\"description\":\"The website for Veganuary\",\"publisher\":{\"@id\":\"https:\\\/\\\/veganuary.com\\\/pt-br\\\/#organization\"},\"potentialAction\":[{\"@type\":\"SearchAction\",\"target\":{\"@type\":\"EntryPoint\",\"urlTemplate\":\"https:\\\/\\\/veganuary.com\\\/pt-br\\\/?s={search_term_string}\"},\"query-input\":{\"@type\":\"PropertyValueSpecification\",\"valueRequired\":true,\"valueName\":\"search_term_string\"}}],\"inLanguage\":\"pt-BR\"},{\"@type\":\"Organization\",\"@id\":\"https:\\\/\\\/veganuary.com\\\/pt-br\\\/#organization\",\"name\":\"Veganuary\",\"url\":\"https:\\\/\\\/veganuary.com\\\/pt-br\\\/\",\"logo\":{\"@type\":\"ImageObject\",\"inLanguage\":\"pt-BR\",\"@id\":\"https:\\\/\\\/veganuary.com\\\/pt-br\\\/#\\\/schema\\\/logo\\\/image\\\/\",\"url\":\"https:\\\/\\\/veganuary.com\\\/wp-content\\\/uploads\\\/2020\\\/11\\\/135-veganuary-animals-icon-transparent-rgb.png\",\"contentUrl\":\"https:\\\/\\\/veganuary.com\\\/wp-content\\\/uploads\\\/2020\\\/11\\\/135-veganuary-animals-icon-transparent-rgb.png\",\"width\":135,\"height\":135,\"caption\":\"Veganuary\"},\"image\":{\"@id\":\"https:\\\/\\\/veganuary.com\\\/pt-br\\\/#\\\/schema\\\/logo\\\/image\\\/\"},\"sameAs\":[\"https:\\\/\\\/www.facebook.com\\\/Veganuary\\\/\",\"https:\\\/\\\/x.com\\\/veganuary\",\"https:\\\/\\\/www.instagram.com\\\/weareveganuary\\\/\",\"https:\\\/\\\/www.linkedin.com\\\/company\\\/veganuary-limited\",\"https:\\\/\\\/www.pinterest.co.uk\\\/Veganuary\\\/\",\"https:\\\/\\\/www.youtube.com\\\/channel\\\/UCGDLtGanlPZLidEGP2N39CA\",\"https:\\\/\\\/en.wikipedia.org\\\/wiki\\\/Veganuary\"]}]}<\/script>\n<!-- \/ Yoast SEO plugin. -->","yoast_head_json":{"title":"CARD\u00c1PIOS SEMANAIS - Veganuary","description":"Preparamos sugestes de card\u00e1pios especialmente para facilitar a sua vida na hora de organizar uma alimenta\u00e7\u00e3o saud\u00e1vel \u00e0 base de plantas.","robots":{"index":"index","follow":"follow","max-snippet":"max-snippet:-1","max-image-preview":"max-image-preview:large","max-video-preview":"max-video-preview:-1"},"canonical":"https:\/\/veganuary.com\/pt-br\/cardapios-semanais\/","og_locale":"pt_BR","og_type":"article","og_title":"CARD\u00c1PIOS SEMANAIS - Veganuary","og_description":"Preparamos sugestes de card\u00e1pios especialmente para facilitar a sua vida na hora de organizar uma alimenta\u00e7\u00e3o saud\u00e1vel \u00e0 base de plantas.","og_url":"https:\/\/veganuary.com\/pt-br\/cardapios-semanais\/","og_site_name":"Veganuary","article_publisher":"https:\/\/www.facebook.com\/Veganuary\/","article_modified_time":"2023-11-08T20:12:26+00:00","twitter_card":"summary_large_image","twitter_site":"@veganuary","twitter_misc":{"Est. tempo de leitura":"1 minuto"},"schema":{"@context":"https:\/\/schema.org","@graph":[{"@type":"WebPage","@id":"https:\/\/veganuary.com\/pt-br\/cardapios-semanais\/","url":"https:\/\/veganuary.com\/pt-br\/cardapios-semanais\/","name":"CARD\u00c1PIOS SEMANAIS - Veganuary","isPartOf":{"@id":"https:\/\/veganuary.com\/pt-br\/#website"},"datePublished":"2023-10-16T10:01:40+00:00","dateModified":"2023-11-08T20:12:26+00:00","description":"Preparamos sugestes de card\u00e1pios especialmente para facilitar a sua vida na hora de organizar uma alimenta\u00e7\u00e3o saud\u00e1vel \u00e0 base de plantas.","breadcrumb":{"@id":"https:\/\/veganuary.com\/pt-br\/cardapios-semanais\/#breadcrumb"},"inLanguage":"pt-BR","potentialAction":[{"@type":"ReadAction","target":["https:\/\/veganuary.com\/pt-br\/cardapios-semanais\/"]}]},{"@type":"BreadcrumbList","@id":"https:\/\/veganuary.com\/pt-br\/cardapios-semanais\/#breadcrumb","itemListElement":[{"@type":"ListItem","position":1,"name":"Home","item":"https:\/\/veganuary.com\/pt-br\/"},{"@type":"ListItem","position":2,"name":"CARD\u00c1PIOS SEMANAIS"}]},{"@type":"WebSite","@id":"https:\/\/veganuary.com\/pt-br\/#website","url":"https:\/\/veganuary.com\/pt-br\/","name":"Veganuary","description":"The website for Veganuary","publisher":{"@id":"https:\/\/veganuary.com\/pt-br\/#organization"},"potentialAction":[{"@type":"SearchAction","target":{"@type":"EntryPoint","urlTemplate":"https:\/\/veganuary.com\/pt-br\/?s={search_term_string}"},"query-input":{"@type":"PropertyValueSpecification","valueRequired":true,"valueName":"search_term_string"}}],"inLanguage":"pt-BR"},{"@type":"Organization","@id":"https:\/\/veganuary.com\/pt-br\/#organization","name":"Veganuary","url":"https:\/\/veganuary.com\/pt-br\/","logo":{"@type":"ImageObject","inLanguage":"pt-BR","@id":"https:\/\/veganuary.com\/pt-br\/#\/schema\/logo\/image\/","url":"https:\/\/veganuary.com\/wp-content\/uploads\/2020\/11\/135-veganuary-animals-icon-transparent-rgb.png","contentUrl":"https:\/\/veganuary.com\/wp-content\/uploads\/2020\/11\/135-veganuary-animals-icon-transparent-rgb.png","width":135,"height":135,"caption":"Veganuary"},"image":{"@id":"https:\/\/veganuary.com\/pt-br\/#\/schema\/logo\/image\/"},"sameAs":["https:\/\/www.facebook.com\/Veganuary\/","https:\/\/x.com\/veganuary","https:\/\/www.instagram.com\/weareveganuary\/","https:\/\/www.linkedin.com\/company\/veganuary-limited","https:\/\/www.pinterest.co.uk\/Veganuary\/","https:\/\/www.youtube.com\/channel\/UCGDLtGanlPZLidEGP2N39CA","https:\/\/en.wikipedia.org\/wiki\/Veganuary"]}]}},"_links":{"self":[{"href":"https:\/\/veganuary.com\/pt-br\/wp-json\/wp\/v2\/pages\/209379","targetHints":{"allow":["GET"]}}],"collection":[{"href":"https:\/\/veganuary.com\/pt-br\/wp-json\/wp\/v2\/pages"}],"about":[{"href":"https:\/\/veganuary.com\/pt-br\/wp-json\/wp\/v2\/types\/page"}],"author":[{"embeddable":true,"href":"https:\/\/veganuary.com\/pt-br\/wp-json\/wp\/v2\/users\/95"}],"replies":[{"embeddable":true,"href":"https:\/\/veganuary.com\/pt-br\/wp-json\/wp\/v2\/comments?post=209379"}],"version-history":[{"count":0,"href":"https:\/\/veganuary.com\/pt-br\/wp-json\/wp\/v2\/pages\/209379\/revisions"}],"wp:attachment":[{"href":"https:\/\/veganuary.com\/pt-br\/wp-json\/wp\/v2\/media?parent=209379"}],"curies":[{"name":"wp","href":"https:\/\/api.w.org\/{rel}","templated":true}]}}