{"id":73456,"date":"2020-08-28T10:35:58","date_gmt":"2020-08-28T09:35:58","guid":{"rendered":"https:\/\/veganuary.com\/other-ways-you-can-help\/"},"modified":"2021-03-09T11:24:57","modified_gmt":"2021-03-09T11:24:57","slug":"outras-maneiras-de-ajudar","status":"publish","type":"page","link":"https:\/\/veganuary.com\/pt-br\/participe\/outras-maneiras-de-ajudar\/","title":{"rendered":"Outras formas de ajudar"},"content":{"rendered":"\n<div class=\"hero\">\n\t<div class=\"hero__overlay\">\n\t\t<div class=\"hero__content\">\n\t\t\t<div class=\"container\">\n\t\t\t\t<div class=\"row\">\n\t\t\t\t\t<div class=\"col-md-10 offset-md-1 col-lg-8 offset-lg-2 col-xl-6 offset-xl-3\">\n\n\t\t\t\t\t\t<h1 class=\"hero__title\">Outras formas de ajudar<\/h1>\n\n\t\t\t\t\t\t\t\t\t\t\t\t\t<div class=\"hero__icon\">\n\t\t\t\t\t\t\t\t<img decoding=\"async\" class=\"hero__icon__img\" src=\"https:\/\/veganuary.com\/wp-content\/themes\/veganuary\/assets\/img\/veganuary-icon-orange.svg\" alt=\"\">\n\t\t\t\t\t\t\t<\/div>\n\n\t\t\t\t\t\t\t<p class=\"hero__subtitle\">Juntos somos mais fortes<\/p>\n\t\t\t\t\t\t\n\t\t\t\t\t<\/div>\n\t\t\t\t<\/div>\n\t\t\t<\/div>\n\t\t<\/div>\n\t<\/div>\n\n\t<div class=\"hero__figure\">\n\t\t<picture class=\"hero__picture\">\n\t\t\t\t<source media=\"(min-width: 992px)\" srcset=\"https:\/\/veganuary.com\/wp-content\/uploads\/2020\/09\/other-ways-you-can-help-hero-1200x800.jpg, https:\/\/veganuary.com\/wp-content\/uploads\/2020\/09\/other-ways-you-can-help-hero-1800x1200.jpg 2x\">\n\t\t\t\t<source media=\"(min-width: 768px)\" srcset=\"https:\/\/veganuary.com\/wp-content\/uploads\/2020\/09\/other-ways-you-can-help-hero-800x533.jpg, https:\/\/veganuary.com\/wp-content\/uploads\/2020\/09\/other-ways-you-can-help-hero-1800x1200.jpg 2x\">\n\t\t\t\t<source media=\"(min-width: 576px)\" srcset=\"https:\/\/veganuary.com\/wp-content\/uploads\/2020\/09\/other-ways-you-can-help-hero-800x533.jpg, https:\/\/veganuary.com\/wp-content\/uploads\/2020\/09\/other-ways-you-can-help-hero-1200x800.jpg 2x\">\n\t\t\t\t<source media=\"(max-width: 575px)\" srcset=\"https:\/\/veganuary.com\/wp-content\/uploads\/2020\/09\/other-ways-you-can-help-hero-400x267.jpg, https:\/\/veganuary.com\/wp-content\/uploads\/2020\/09\/other-ways-you-can-help-hero-800x533.jpg 2x\">\n\t\t\t\t<img decoding=\"async\" class=\"hero__img\" src=\"https:\/\/veganuary.com\/wp-content\/uploads\/2020\/09\/other-ways-you-can-help-hero-400x267.jpg\" alt=\"Other ways you can help\"><\/picture>\t<\/div>\n\n<\/div>\n\n\n\n<div class=\"wp-block-group has-white-background-color has-background\"><div class=\"wp-block-group__inner-container is-layout-flow wp-block-group-is-layout-flow\">\n<h2 class=\"wp-block-heading\">PARTICIPE DO VEGANUARY <\/h2>\n\n\n\n<p class=\"has-medium-font-size\"><strong>(VEGANO(A)S TAMB\u00c9M PODEM PARTICIPAR!)<\/strong><\/p>\n\n\n\n<p>Todos o(a)s participantes recebem e-mails di\u00e1rios que oferecem id\u00e9ias de refei\u00e7\u00f5es, receitas e muita informa\u00e7\u00e3o para nos lembrar da import\u00e2ncia do que comemos. Ao se inscrever, voc\u00ea se junta a uma comunidade mundial de indiv\u00edduos que est\u00e3o explorando o veganismo juntos, para melhorar sua sa\u00fade, proteger os animais ou reduzir seu impacto no planeta. \u00c9 uma comunidade maravilhosamente inspiradora, que oferece apoio, conselhos e solidariedade. Se voc\u00ea j\u00e1 se inscreveu, por que n\u00e3o incentivar a fam\u00edlia, amigos e colegas a te acompanhar? A participa\u00e7\u00e3o \u00e9 gratuita e todo(a)s s\u00e3o bem-vindos.<\/p>\n\n\n\n<div class=\"wp-block-buttons is-layout-flex wp-block-buttons-is-layout-flex\">\n<div class=\"wp-block-button is-style-fill\"><a class=\"wp-block-button__link\" href=\"\/pt-br\/inscreva-se\/\">INSCREVA-SE<\/a><\/div>\n<\/div>\n\n\n\n<h2 class=\"wp-block-heading\">SIGA-NOS NAS REDES SOCIAIS<\/h2>\n\n\n\n<p>Siga-nos para saber de hist\u00f3rias inspiradoras, ideias de receitas e todas as \u00faltimas not\u00edcias. Compartilhe nossas postagens, marque amigos e participe de nossas discuss\u00f5es. Encontre-nos em:<\/p>\n\n\n<div class=\"wp-block-social wp-block--narrow\"><\/div>\n\n\n\n<figure class=\"wp-block-gallery columns-2 is-cropped wp-block-gallery-1 is-layout-flex wp-block-gallery-is-layout-flex\"><ul class=\"blocks-gallery-grid\"><li class=\"blocks-gallery-item\"><figure><img fetchpriority=\"high\" decoding=\"async\" width=\"1200\" height=\"1200\" src=\"https:\/\/veganuary.com\/wp-content\/uploads\/2020\/09\/social-media.jpg\" alt=\"\" data-id=\"2930\" data-full-url=\"https:\/\/veganuary.com\/wp-content\/uploads\/2020\/09\/social-media.jpg\" data-link=\"https:\/\/veganuary.com\/social-media\/\" class=\"wp-image-2930\" srcset=\"https:\/\/veganuary.com\/wp-content\/uploads\/2020\/09\/social-media.jpg 1200w, https:\/\/veganuary.com\/wp-content\/uploads\/2020\/09\/social-media-400x400.jpg 400w, https:\/\/veganuary.com\/wp-content\/uploads\/2020\/09\/social-media-768x768.jpg 768w, https:\/\/veganuary.com\/wp-content\/uploads\/2020\/09\/social-media-800x800.jpg 800w\" sizes=\"(max-width: 1200px) 100vw, 1200px\" \/><\/figure><\/li><li class=\"blocks-gallery-item\"><figure><img decoding=\"async\" width=\"1160\" height=\"773\" src=\"https:\/\/veganuary.com\/wp-content\/uploads\/2021\/03\/Veganuary-Other-Ways-You-Can-Help.jpg\" alt=\"\" data-id=\"105254\" data-full-url=\"https:\/\/veganuary.com\/wp-content\/uploads\/2021\/03\/Veganuary-Other-Ways-You-Can-Help.jpg\" data-link=\"https:\/\/veganuary.com\/de\/participe\/outras-maneiras-de-ajudar\/veganuary-other-ways-you-can-help-2\/\" class=\"wp-image-105254\" srcset=\"https:\/\/veganuary.com\/wp-content\/uploads\/2021\/03\/Veganuary-Other-Ways-You-Can-Help.jpg 1160w, https:\/\/veganuary.com\/wp-content\/uploads\/2021\/03\/Veganuary-Other-Ways-You-Can-Help-400x267.jpg 400w, https:\/\/veganuary.com\/wp-content\/uploads\/2021\/03\/Veganuary-Other-Ways-You-Can-Help-768x512.jpg 768w, https:\/\/veganuary.com\/wp-content\/uploads\/2021\/03\/Veganuary-Other-Ways-You-Can-Help-800x533.jpg 800w\" sizes=\"(max-width: 1160px) 100vw, 1160px\" \/><\/figure><\/li><\/ul><\/figure>\n\n\n\n<h2 class=\"wp-block-heading\">CONTE SUA HIST\u00d3RIA<\/h2>\n\n\n\n<p>Voc\u00ea pode contar sua hist\u00f3ria diretamente por meio de seus pr\u00f3prios canais. Crie suas pr\u00f3prias postagens nas m\u00eddias sociais, entre em contato com o jornal ou a emissora de r\u00e1dio local e compartilhe sua experi\u00eancia. N\u00e3o esque\u00e7a de mencionar o Veganuary para ajudar outras pessoas a nos encontrar tamb\u00e9m.<\/p>\n\n\n\n<p>E se voc\u00ea vir uma not\u00edcia vegana positiva, compartilhe e deixe um coment\u00e1rio. Se voc\u00ea encontrar uma not\u00edcia negativa, entre e conte ao mundo sobre sua pr\u00f3pria experi\u00eancia.<\/p>\n\n\n\n<h2 class=\"wp-block-heading\">AJUDE OUTRAS PESSOAS A SE TORNAREM VEGANAS<\/h2>\n\n\n\n<p>Seja um embaixador da causa! Mostre o melhor do veganismo e apoie outras pessoas que mostram interesse. Voc\u00ea pode cozinhar del\u00edcias veganas para pessoa pr\u00f3ximas e compartilhar receitas, convidar amigos n\u00e3o veganos para terem a experi\u00eancia do primeiro jantar sofisticado totalmente \u00e0 base de plantas ou organizar encontros locais para veganos e v-curiosos. Al\u00e9m de mostrar como a comida vegana pode ser boa, voc\u00ea tamb\u00e9m ter\u00e1 \u00f3timos momentos.<\/p>\n<\/div><\/div>\n","protected":false},"excerpt":{"rendered":"<p>PARTICIPE DO VEGANUARY (VEGANO(A)S TAMB\u00c9M PODEM PARTICIPAR!) Todos o(a)s participantes recebem e-mails di\u00e1rios que oferecem id\u00e9ias de refei\u00e7\u00f5es, receitas e&hellip;<\/p>\n","protected":false},"author":70,"featured_media":2342,"parent":74628,"menu_order":58,"comment_status":"closed","ping_status":"closed","template":"","meta":{"_acf_changed":false,"_coblocks_attr":"","_coblocks_dimensions":"","_coblocks_responsive_height":"","_coblocks_accordion_ie_support":"","footnotes":""},"class_list":["post-73456","page","type-page","status-publish","has-post-thumbnail","hentry"],"acf":[],"yoast_head":"<!-- This site is optimized with the Yoast SEO plugin v27.4 - https:\/\/yoast.com\/product\/yoast-seo-wordpress\/ -->\n<title>Outras formas de ajudar - Veganuary<\/title>\n<meta name=\"description\" content=\"Todos o(a)s participantes recebem e-mails di\u00e1rios que oferecem id\u00e9ias de refei\u00e7\u00f5es, receitas e muita informa\u00e7\u00e3o para nos lembrar da import\u00e2ncia do que comemos.\" \/>\n<meta name=\"robots\" content=\"index, follow, max-snippet:-1, max-image-preview:large, max-video-preview:-1\" \/>\n<link rel=\"canonical\" href=\"https:\/\/veganuary.com\/pt-br\/participe\/outras-maneiras-de-ajudar\/\" \/>\n<meta property=\"og:locale\" content=\"pt_BR\" \/>\n<meta property=\"og:type\" content=\"article\" \/>\n<meta property=\"og:title\" content=\"Outras formas de ajudar - Veganuary\" \/>\n<meta property=\"og:description\" content=\"Todos o(a)s participantes recebem e-mails di\u00e1rios que oferecem id\u00e9ias de refei\u00e7\u00f5es, receitas e muita informa\u00e7\u00e3o para nos lembrar da import\u00e2ncia do que comemos.\" \/>\n<meta property=\"og:url\" content=\"https:\/\/veganuary.com\/pt-br\/participe\/outras-maneiras-de-ajudar\/\" \/>\n<meta property=\"og:site_name\" content=\"Veganuary\" \/>\n<meta property=\"article:publisher\" content=\"https:\/\/www.facebook.com\/Veganuary\/\" \/>\n<meta property=\"article:modified_time\" content=\"2021-03-09T11:24:57+00:00\" \/>\n<meta property=\"og:image\" content=\"https:\/\/veganuary.com\/wp-content\/uploads\/2020\/09\/social-media.jpg\" \/>\n<meta name=\"twitter:card\" content=\"summary_large_image\" \/>\n<meta name=\"twitter:site\" content=\"@veganuary\" \/>\n<meta name=\"twitter:label1\" content=\"Est. tempo de leitura\" \/>\n\t<meta name=\"twitter:data1\" content=\"2 minutos\" \/>\n<script type=\"application\/ld+json\" class=\"yoast-schema-graph\">{\"@context\":\"https:\\\/\\\/schema.org\",\"@graph\":[{\"@type\":\"WebPage\",\"@id\":\"https:\\\/\\\/veganuary.com\\\/pt-br\\\/participe\\\/outras-maneiras-de-ajudar\\\/\",\"url\":\"https:\\\/\\\/veganuary.com\\\/pt-br\\\/participe\\\/outras-maneiras-de-ajudar\\\/\",\"name\":\"Outras formas de ajudar - Veganuary\",\"isPartOf\":{\"@id\":\"https:\\\/\\\/veganuary.com\\\/pt-br\\\/#website\"},\"primaryImageOfPage\":{\"@id\":\"https:\\\/\\\/veganuary.com\\\/pt-br\\\/participe\\\/outras-maneiras-de-ajudar\\\/#primaryimage\"},\"image\":{\"@id\":\"https:\\\/\\\/veganuary.com\\\/pt-br\\\/participe\\\/outras-maneiras-de-ajudar\\\/#primaryimage\"},\"thumbnailUrl\":\"https:\\\/\\\/veganuary.com\\\/wp-content\\\/uploads\\\/2020\\\/09\\\/other-ways-you-can-help-hero.jpg\",\"datePublished\":\"2020-08-28T09:35:58+00:00\",\"dateModified\":\"2021-03-09T11:24:57+00:00\",\"description\":\"Todos o(a)s participantes recebem e-mails di\u00e1rios que oferecem id\u00e9ias de refei\u00e7\u00f5es, receitas e muita informa\u00e7\u00e3o para nos lembrar da import\u00e2ncia do que comemos.\",\"breadcrumb\":{\"@id\":\"https:\\\/\\\/veganuary.com\\\/pt-br\\\/participe\\\/outras-maneiras-de-ajudar\\\/#breadcrumb\"},\"inLanguage\":\"pt-BR\",\"potentialAction\":[{\"@type\":\"ReadAction\",\"target\":[\"https:\\\/\\\/veganuary.com\\\/pt-br\\\/participe\\\/outras-maneiras-de-ajudar\\\/\"]}]},{\"@type\":\"ImageObject\",\"inLanguage\":\"pt-BR\",\"@id\":\"https:\\\/\\\/veganuary.com\\\/pt-br\\\/participe\\\/outras-maneiras-de-ajudar\\\/#primaryimage\",\"url\":\"https:\\\/\\\/veganuary.com\\\/wp-content\\\/uploads\\\/2020\\\/09\\\/other-ways-you-can-help-hero.jpg\",\"contentUrl\":\"https:\\\/\\\/veganuary.com\\\/wp-content\\\/uploads\\\/2020\\\/09\\\/other-ways-you-can-help-hero.jpg\",\"width\":2400,\"height\":1600,\"caption\":\"Other ways you can help\"},{\"@type\":\"BreadcrumbList\",\"@id\":\"https:\\\/\\\/veganuary.com\\\/pt-br\\\/participe\\\/outras-maneiras-de-ajudar\\\/#breadcrumb\",\"itemListElement\":[{\"@type\":\"ListItem\",\"position\":1,\"name\":\"Home\",\"item\":\"https:\\\/\\\/veganuary.com\\\/pt-br\\\/\"},{\"@type\":\"ListItem\",\"position\":2,\"name\":\"Participe\",\"item\":\"https:\\\/\\\/veganuary.com\\\/pt-br\\\/participe\\\/\"},{\"@type\":\"ListItem\",\"position\":3,\"name\":\"Outras formas de ajudar\"}]},{\"@type\":\"WebSite\",\"@id\":\"https:\\\/\\\/veganuary.com\\\/pt-br\\\/#website\",\"url\":\"https:\\\/\\\/veganuary.com\\\/pt-br\\\/\",\"name\":\"Veganuary\",\"description\":\"The website for Veganuary\",\"publisher\":{\"@id\":\"https:\\\/\\\/veganuary.com\\\/pt-br\\\/#organization\"},\"potentialAction\":[{\"@type\":\"SearchAction\",\"target\":{\"@type\":\"EntryPoint\",\"urlTemplate\":\"https:\\\/\\\/veganuary.com\\\/pt-br\\\/?s={search_term_string}\"},\"query-input\":{\"@type\":\"PropertyValueSpecification\",\"valueRequired\":true,\"valueName\":\"search_term_string\"}}],\"inLanguage\":\"pt-BR\"},{\"@type\":\"Organization\",\"@id\":\"https:\\\/\\\/veganuary.com\\\/pt-br\\\/#organization\",\"name\":\"Veganuary\",\"url\":\"https:\\\/\\\/veganuary.com\\\/pt-br\\\/\",\"logo\":{\"@type\":\"ImageObject\",\"inLanguage\":\"pt-BR\",\"@id\":\"https:\\\/\\\/veganuary.com\\\/pt-br\\\/#\\\/schema\\\/logo\\\/image\\\/\",\"url\":\"https:\\\/\\\/veganuary.com\\\/wp-content\\\/uploads\\\/2020\\\/11\\\/135-veganuary-animals-icon-transparent-rgb.png\",\"contentUrl\":\"https:\\\/\\\/veganuary.com\\\/wp-content\\\/uploads\\\/2020\\\/11\\\/135-veganuary-animals-icon-transparent-rgb.png\",\"width\":135,\"height\":135,\"caption\":\"Veganuary\"},\"image\":{\"@id\":\"https:\\\/\\\/veganuary.com\\\/pt-br\\\/#\\\/schema\\\/logo\\\/image\\\/\"},\"sameAs\":[\"https:\\\/\\\/www.facebook.com\\\/Veganuary\\\/\",\"https:\\\/\\\/x.com\\\/veganuary\",\"https:\\\/\\\/www.instagram.com\\\/weareveganuary\\\/\",\"https:\\\/\\\/www.linkedin.com\\\/company\\\/veganuary-limited\",\"https:\\\/\\\/www.pinterest.co.uk\\\/Veganuary\\\/\",\"https:\\\/\\\/www.youtube.com\\\/channel\\\/UCGDLtGanlPZLidEGP2N39CA\",\"https:\\\/\\\/en.wikipedia.org\\\/wiki\\\/Veganuary\"]}]}<\/script>\n<!-- \/ Yoast SEO plugin. -->","yoast_head_json":{"title":"Outras formas de ajudar - Veganuary","description":"Todos o(a)s participantes recebem e-mails di\u00e1rios que oferecem id\u00e9ias de refei\u00e7\u00f5es, receitas e muita informa\u00e7\u00e3o para nos lembrar da import\u00e2ncia do que comemos.","robots":{"index":"index","follow":"follow","max-snippet":"max-snippet:-1","max-image-preview":"max-image-preview:large","max-video-preview":"max-video-preview:-1"},"canonical":"https:\/\/veganuary.com\/pt-br\/participe\/outras-maneiras-de-ajudar\/","og_locale":"pt_BR","og_type":"article","og_title":"Outras formas de ajudar - Veganuary","og_description":"Todos o(a)s participantes recebem e-mails di\u00e1rios que oferecem id\u00e9ias de refei\u00e7\u00f5es, receitas e muita informa\u00e7\u00e3o para nos lembrar da import\u00e2ncia do que comemos.","og_url":"https:\/\/veganuary.com\/pt-br\/participe\/outras-maneiras-de-ajudar\/","og_site_name":"Veganuary","article_publisher":"https:\/\/www.facebook.com\/Veganuary\/","article_modified_time":"2021-03-09T11:24:57+00:00","og_image":[{"url":"https:\/\/veganuary.com\/wp-content\/uploads\/2020\/09\/social-media.jpg","type":"","width":"","height":""}],"twitter_card":"summary_large_image","twitter_site":"@veganuary","twitter_misc":{"Est. tempo de leitura":"2 minutos"},"schema":{"@context":"https:\/\/schema.org","@graph":[{"@type":"WebPage","@id":"https:\/\/veganuary.com\/pt-br\/participe\/outras-maneiras-de-ajudar\/","url":"https:\/\/veganuary.com\/pt-br\/participe\/outras-maneiras-de-ajudar\/","name":"Outras formas de ajudar - Veganuary","isPartOf":{"@id":"https:\/\/veganuary.com\/pt-br\/#website"},"primaryImageOfPage":{"@id":"https:\/\/veganuary.com\/pt-br\/participe\/outras-maneiras-de-ajudar\/#primaryimage"},"image":{"@id":"https:\/\/veganuary.com\/pt-br\/participe\/outras-maneiras-de-ajudar\/#primaryimage"},"thumbnailUrl":"https:\/\/veganuary.com\/wp-content\/uploads\/2020\/09\/other-ways-you-can-help-hero.jpg","datePublished":"2020-08-28T09:35:58+00:00","dateModified":"2021-03-09T11:24:57+00:00","description":"Todos o(a)s participantes recebem e-mails di\u00e1rios que oferecem id\u00e9ias de refei\u00e7\u00f5es, receitas e muita informa\u00e7\u00e3o para nos lembrar da import\u00e2ncia do que comemos.","breadcrumb":{"@id":"https:\/\/veganuary.com\/pt-br\/participe\/outras-maneiras-de-ajudar\/#breadcrumb"},"inLanguage":"pt-BR","potentialAction":[{"@type":"ReadAction","target":["https:\/\/veganuary.com\/pt-br\/participe\/outras-maneiras-de-ajudar\/"]}]},{"@type":"ImageObject","inLanguage":"pt-BR","@id":"https:\/\/veganuary.com\/pt-br\/participe\/outras-maneiras-de-ajudar\/#primaryimage","url":"https:\/\/veganuary.com\/wp-content\/uploads\/2020\/09\/other-ways-you-can-help-hero.jpg","contentUrl":"https:\/\/veganuary.com\/wp-content\/uploads\/2020\/09\/other-ways-you-can-help-hero.jpg","width":2400,"height":1600,"caption":"Other ways you can help"},{"@type":"BreadcrumbList","@id":"https:\/\/veganuary.com\/pt-br\/participe\/outras-maneiras-de-ajudar\/#breadcrumb","itemListElement":[{"@type":"ListItem","position":1,"name":"Home","item":"https:\/\/veganuary.com\/pt-br\/"},{"@type":"ListItem","position":2,"name":"Participe","item":"https:\/\/veganuary.com\/pt-br\/participe\/"},{"@type":"ListItem","position":3,"name":"Outras formas de ajudar"}]},{"@type":"WebSite","@id":"https:\/\/veganuary.com\/pt-br\/#website","url":"https:\/\/veganuary.com\/pt-br\/","name":"Veganuary","description":"The website for Veganuary","publisher":{"@id":"https:\/\/veganuary.com\/pt-br\/#organization"},"potentialAction":[{"@type":"SearchAction","target":{"@type":"EntryPoint","urlTemplate":"https:\/\/veganuary.com\/pt-br\/?s={search_term_string}"},"query-input":{"@type":"PropertyValueSpecification","valueRequired":true,"valueName":"search_term_string"}}],"inLanguage":"pt-BR"},{"@type":"Organization","@id":"https:\/\/veganuary.com\/pt-br\/#organization","name":"Veganuary","url":"https:\/\/veganuary.com\/pt-br\/","logo":{"@type":"ImageObject","inLanguage":"pt-BR","@id":"https:\/\/veganuary.com\/pt-br\/#\/schema\/logo\/image\/","url":"https:\/\/veganuary.com\/wp-content\/uploads\/2020\/11\/135-veganuary-animals-icon-transparent-rgb.png","contentUrl":"https:\/\/veganuary.com\/wp-content\/uploads\/2020\/11\/135-veganuary-animals-icon-transparent-rgb.png","width":135,"height":135,"caption":"Veganuary"},"image":{"@id":"https:\/\/veganuary.com\/pt-br\/#\/schema\/logo\/image\/"},"sameAs":["https:\/\/www.facebook.com\/Veganuary\/","https:\/\/x.com\/veganuary","https:\/\/www.instagram.com\/weareveganuary\/","https:\/\/www.linkedin.com\/company\/veganuary-limited","https:\/\/www.pinterest.co.uk\/Veganuary\/","https:\/\/www.youtube.com\/channel\/UCGDLtGanlPZLidEGP2N39CA","https:\/\/en.wikipedia.org\/wiki\/Veganuary"]}]}},"_links":{"self":[{"href":"https:\/\/veganuary.com\/pt-br\/wp-json\/wp\/v2\/pages\/73456","targetHints":{"allow":["GET"]}}],"collection":[{"href":"https:\/\/veganuary.com\/pt-br\/wp-json\/wp\/v2\/pages"}],"about":[{"href":"https:\/\/veganuary.com\/pt-br\/wp-json\/wp\/v2\/types\/page"}],"author":[{"embeddable":true,"href":"https:\/\/veganuary.com\/pt-br\/wp-json\/wp\/v2\/users\/70"}],"replies":[{"embeddable":true,"href":"https:\/\/veganuary.com\/pt-br\/wp-json\/wp\/v2\/comments?post=73456"}],"version-history":[{"count":0,"href":"https:\/\/veganuary.com\/pt-br\/wp-json\/wp\/v2\/pages\/73456\/revisions"}],"up":[{"embeddable":true,"href":"https:\/\/veganuary.com\/pt-br\/wp-json\/wp\/v2\/pages\/74628"}],"wp:featuredmedia":[{"embeddable":true,"href":"https:\/\/veganuary.com\/pt-br\/wp-json\/wp\/v2\/media\/2342"}],"wp:attachment":[{"href":"https:\/\/veganuary.com\/pt-br\/wp-json\/wp\/v2\/media?parent=73456"}],"curies":[{"name":"wp","href":"https:\/\/api.w.org\/{rel}","templated":true}]}}