{"id":73464,"date":"2020-09-03T15:42:25","date_gmt":"2020-09-03T14:42:25","guid":{"rendered":"https:\/\/veganuary.com\/sobre-nos\/raising-awareness\/"},"modified":"2024-05-01T13:18:36","modified_gmt":"2024-05-01T12:18:36","slug":"aumentando-a-ensibilizacao","status":"publish","type":"page","link":"https:\/\/veganuary.com\/pt-br\/sobre\/aumentando-a-ensibilizacao\/","title":{"rendered":"AUMENTAR A SENSIBILIZA\u00c7\u00c3O"},"content":{"rendered":"\n<div class=\"masthead\">\n\t<div class=\"container\">\n\t\t<div class=\"row\">\n\t\t\t<div class=\"col-md-10 offset-md-1 col-lg-8 offset-lg-2 col-xl-6 offset-xl-3\">\n\n\t\t\t\t<h1 class=\"masthead__title\">AUMENTAR A SENSIBILIZA\u00c7\u00c3O<\/h1>\n\n\t\t\t\t\n\t\t\t<\/div>\n\t\t<\/div>\n\t<\/div>\n<\/div>\n\n\n\n<div class=\"wp-block-group\"><div class=\"wp-block-group__inner-container is-layout-flow wp-block-group-is-layout-flow\">\n<p>O nosso movimento conta com o apoio de pessoas veganas inspiradoras do mundo todo que participam como embaixadoras do Janeiro Vegano para fazer com que a campanha chegue a mais e mais pessoas. No Brasil, nosso time \u00e9 composto por Xuxa, Lu\u00edsa Mell, Nat\u00e1lia Rosa, Emiliano D\u00b4\u00c1vila e muitas outras figuras incr\u00edveis que encabe\u00e7am com a gente a luta por um mundo vegano.<\/p>\n\n\n\n<p>Em 2024, celebramos a adi\u00e7\u00e3o de mais duas embaixadoras incr\u00edveis \u00e0 lista: a atriz Valentina Bulc e a drag queen e multiartista Leyllah Diva Black.<\/p>\n\n\n\n<div class=\"wp-block-buttons is-layout-flex wp-block-buttons-is-layout-flex\">\n<div class=\"wp-block-button is-style-fill\"><a class=\"wp-block-button__link wp-element-button\" href=\"\/pt-br\/sobre\/conheca-nossos-apoiadores\/\">SAIBA MAIS<\/a><\/div>\n<\/div>\n\n\n\n<figure class=\"wp-block-gallery has-nested-images columns-default is-cropped wp-block-gallery-1 is-layout-flex wp-block-gallery-is-layout-flex\">\n<figure class=\"wp-block-image size-full\"><img fetchpriority=\"high\" decoding=\"async\" width=\"478\" height=\"734\" data-id=\"235892\" src=\"https:\/\/veganuary.com\/wp-content\/uploads\/2024\/03\/BR-Ambassador-Leyllah-Diva-Black.jpg\" alt=\"\" class=\"wp-image-235892\" srcset=\"https:\/\/veganuary.com\/wp-content\/uploads\/2024\/03\/BR-Ambassador-Leyllah-Diva-Black.jpg 478w, https:\/\/veganuary.com\/wp-content\/uploads\/2024\/03\/BR-Ambassador-Leyllah-Diva-Black-400x614.jpg 400w, https:\/\/veganuary.com\/wp-content\/uploads\/2024\/03\/BR-Ambassador-Leyllah-Diva-Black-150x230.jpg 150w\" sizes=\"(max-width: 478px) 100vw, 478px\" \/><\/figure>\n\n\n\n<figure class=\"wp-block-image size-full\"><img decoding=\"async\" width=\"828\" height=\"1058\" data-id=\"235908\" src=\"https:\/\/veganuary.com\/wp-content\/uploads\/2024\/03\/BR-Ambassador-Valentina-Bulc.jpg\" alt=\"\" class=\"wp-image-235908\" srcset=\"https:\/\/veganuary.com\/wp-content\/uploads\/2024\/03\/BR-Ambassador-Valentina-Bulc.jpg 828w, https:\/\/veganuary.com\/wp-content\/uploads\/2024\/03\/BR-Ambassador-Valentina-Bulc-400x511.jpg 400w, https:\/\/veganuary.com\/wp-content\/uploads\/2024\/03\/BR-Ambassador-Valentina-Bulc-768x981.jpg 768w, https:\/\/veganuary.com\/wp-content\/uploads\/2024\/03\/BR-Ambassador-Valentina-Bulc-800x1022.jpg 800w, https:\/\/veganuary.com\/wp-content\/uploads\/2024\/03\/BR-Ambassador-Valentina-Bulc-150x192.jpg 150w\" sizes=\"(max-width: 828px) 100vw, 828px\" \/><\/figure>\n<\/figure>\n\n\n\n<p>Ainda temos o prazer de contar com influenciadores e criadores de conte\u00fado que participam de nossas campanhas promovendo o Janeiro Vegano, criando conte\u00fado, compartilhando receitas e conhecimento. Esse envolvimento \u00e9 crucial para que nossa mensagem chegue a cada vez mais pessoas e possamos, juntos, seguir lutando por um mundo vegano.<\/p>\n\n\n\n<p>Compartilhamos nosso trabalho com a m\u00eddia em todo o mundo e temos o prazer de fornecer declara\u00e7\u00f5es e imagens, estat\u00edsticas e estudos de caso. Como resultado, o Veganuary apareceu em todas as principais publica\u00e7\u00f5es e em todos os principais canais de televis\u00e3o do Reino Unido. Nossa mensagem se espalhou por todo o mundo &#8211; do Los Angeles Times ao South China Morning Post.<\/p>\n\n\n\n<div class=\"wp-block-buttons is-layout-flex wp-block-buttons-is-layout-flex\">\n<div class=\"wp-block-button is-style-fill\"><a class=\"wp-block-button__link wp-element-button\" href=\"\/pt-br\/imprensa\/\">SAIBA MAIS<\/a><\/div>\n<\/div>\n<\/div><\/div>\n\n\n\n<p><\/p>\n","protected":false},"excerpt":{"rendered":"<p>O nosso movimento conta com o apoio de pessoas veganas inspiradoras do mundo todo que participam como embaixadoras do Janeiro&hellip;<\/p>\n","protected":false},"author":70,"featured_media":105238,"parent":74613,"menu_order":67,"comment_status":"closed","ping_status":"closed","template":"","meta":{"_acf_changed":false,"_coblocks_attr":"","_coblocks_dimensions":"","_coblocks_responsive_height":"","_coblocks_accordion_ie_support":"","footnotes":""},"class_list":["post-73464","page","type-page","status-publish","has-post-thumbnail","hentry"],"acf":[],"yoast_head":"<!-- This site is optimized with the Yoast SEO plugin v27.3 - https:\/\/yoast.com\/product\/yoast-seo-wordpress\/ -->\n<title>AUMENTAR A SENSIBILIZA\u00c7\u00c3O - Veganuary<\/title>\n<meta name=\"description\" content=\"Tamb\u00e9m trabalhamos com influenciadores de m\u00eddia social, incluindo alguns dos chefs mais animados na culin\u00e1ria baseada em plantas , crian\u00e7as ativistas inspiradoras e ativistas de animais com audi\u00eancias em todo o mundo.\" \/>\n<meta name=\"robots\" content=\"index, follow, max-snippet:-1, max-image-preview:large, max-video-preview:-1\" \/>\n<link rel=\"canonical\" href=\"https:\/\/veganuary.com\/pt-br\/sobre\/aumentando-a-ensibilizacao\/\" \/>\n<meta property=\"og:locale\" content=\"pt_BR\" \/>\n<meta property=\"og:type\" content=\"article\" \/>\n<meta property=\"og:title\" content=\"AUMENTAR A SENSIBILIZA\u00c7\u00c3O - Veganuary\" \/>\n<meta property=\"og:description\" content=\"Tamb\u00e9m trabalhamos com influenciadores de m\u00eddia social, incluindo alguns dos chefs mais animados na culin\u00e1ria baseada em plantas , crian\u00e7as ativistas inspiradoras e ativistas de animais com audi\u00eancias em todo o mundo.\" \/>\n<meta property=\"og:url\" content=\"https:\/\/veganuary.com\/pt-br\/sobre\/aumentando-a-ensibilizacao\/\" \/>\n<meta property=\"og:site_name\" content=\"Veganuary\" \/>\n<meta property=\"article:publisher\" content=\"https:\/\/www.facebook.com\/Veganuary\/\" \/>\n<meta property=\"article:modified_time\" content=\"2024-05-01T12:18:36+00:00\" \/>\n<meta property=\"og:image\" content=\"https:\/\/veganuary.com\/wp-content\/uploads\/2021\/03\/Evanna-Lynch-Veganuary.jpg\" \/>\n\t<meta property=\"og:image:width\" content=\"1000\" \/>\n\t<meta property=\"og:image:height\" content=\"667\" \/>\n\t<meta property=\"og:image:type\" content=\"image\/jpeg\" \/>\n<meta name=\"twitter:card\" content=\"summary_large_image\" \/>\n<meta name=\"twitter:site\" content=\"@veganuary\" \/>\n<meta name=\"twitter:label1\" content=\"Est. tempo de leitura\" \/>\n\t<meta name=\"twitter:data1\" content=\"2 minutos\" \/>\n<script type=\"application\/ld+json\" class=\"yoast-schema-graph\">{\"@context\":\"https:\\\/\\\/schema.org\",\"@graph\":[{\"@type\":\"WebPage\",\"@id\":\"https:\\\/\\\/veganuary.com\\\/pt-br\\\/sobre\\\/aumentando-a-ensibilizacao\\\/\",\"url\":\"https:\\\/\\\/veganuary.com\\\/pt-br\\\/sobre\\\/aumentando-a-ensibilizacao\\\/\",\"name\":\"AUMENTAR A SENSIBILIZA\u00c7\u00c3O - Veganuary\",\"isPartOf\":{\"@id\":\"https:\\\/\\\/veganuary.com\\\/pt-br\\\/#website\"},\"primaryImageOfPage\":{\"@id\":\"https:\\\/\\\/veganuary.com\\\/pt-br\\\/sobre\\\/aumentando-a-ensibilizacao\\\/#primaryimage\"},\"image\":{\"@id\":\"https:\\\/\\\/veganuary.com\\\/pt-br\\\/sobre\\\/aumentando-a-ensibilizacao\\\/#primaryimage\"},\"thumbnailUrl\":\"https:\\\/\\\/veganuary.com\\\/wp-content\\\/uploads\\\/2021\\\/03\\\/Evanna-Lynch-Veganuary.jpg\",\"datePublished\":\"2020-09-03T14:42:25+00:00\",\"dateModified\":\"2024-05-01T12:18:36+00:00\",\"description\":\"Tamb\u00e9m trabalhamos com influenciadores de m\u00eddia social, incluindo alguns dos chefs mais animados na culin\u00e1ria baseada em plantas , crian\u00e7as ativistas inspiradoras e ativistas de animais com audi\u00eancias em todo o mundo.\",\"breadcrumb\":{\"@id\":\"https:\\\/\\\/veganuary.com\\\/pt-br\\\/sobre\\\/aumentando-a-ensibilizacao\\\/#breadcrumb\"},\"inLanguage\":\"pt-BR\",\"potentialAction\":[{\"@type\":\"ReadAction\",\"target\":[\"https:\\\/\\\/veganuary.com\\\/pt-br\\\/sobre\\\/aumentando-a-ensibilizacao\\\/\"]}]},{\"@type\":\"ImageObject\",\"inLanguage\":\"pt-BR\",\"@id\":\"https:\\\/\\\/veganuary.com\\\/pt-br\\\/sobre\\\/aumentando-a-ensibilizacao\\\/#primaryimage\",\"url\":\"https:\\\/\\\/veganuary.com\\\/wp-content\\\/uploads\\\/2021\\\/03\\\/Evanna-Lynch-Veganuary.jpg\",\"contentUrl\":\"https:\\\/\\\/veganuary.com\\\/wp-content\\\/uploads\\\/2021\\\/03\\\/Evanna-Lynch-Veganuary.jpg\",\"width\":1000,\"height\":667},{\"@type\":\"BreadcrumbList\",\"@id\":\"https:\\\/\\\/veganuary.com\\\/pt-br\\\/sobre\\\/aumentando-a-ensibilizacao\\\/#breadcrumb\",\"itemListElement\":[{\"@type\":\"ListItem\",\"position\":1,\"name\":\"Home\",\"item\":\"https:\\\/\\\/veganuary.com\\\/pt-br\\\/\"},{\"@type\":\"ListItem\",\"position\":2,\"name\":\"Sobre\",\"item\":\"https:\\\/\\\/veganuary.com\\\/pt-br\\\/sobre\\\/\"},{\"@type\":\"ListItem\",\"position\":3,\"name\":\"AUMENTAR A SENSIBILIZA\u00c7\u00c3O\"}]},{\"@type\":\"WebSite\",\"@id\":\"https:\\\/\\\/veganuary.com\\\/pt-br\\\/#website\",\"url\":\"https:\\\/\\\/veganuary.com\\\/pt-br\\\/\",\"name\":\"Veganuary\",\"description\":\"The website for Veganuary\",\"publisher\":{\"@id\":\"https:\\\/\\\/veganuary.com\\\/pt-br\\\/#organization\"},\"potentialAction\":[{\"@type\":\"SearchAction\",\"target\":{\"@type\":\"EntryPoint\",\"urlTemplate\":\"https:\\\/\\\/veganuary.com\\\/pt-br\\\/?s={search_term_string}\"},\"query-input\":{\"@type\":\"PropertyValueSpecification\",\"valueRequired\":true,\"valueName\":\"search_term_string\"}}],\"inLanguage\":\"pt-BR\"},{\"@type\":\"Organization\",\"@id\":\"https:\\\/\\\/veganuary.com\\\/pt-br\\\/#organization\",\"name\":\"Veganuary\",\"url\":\"https:\\\/\\\/veganuary.com\\\/pt-br\\\/\",\"logo\":{\"@type\":\"ImageObject\",\"inLanguage\":\"pt-BR\",\"@id\":\"https:\\\/\\\/veganuary.com\\\/pt-br\\\/#\\\/schema\\\/logo\\\/image\\\/\",\"url\":\"https:\\\/\\\/veganuary.com\\\/wp-content\\\/uploads\\\/2020\\\/11\\\/135-veganuary-animals-icon-transparent-rgb.png\",\"contentUrl\":\"https:\\\/\\\/veganuary.com\\\/wp-content\\\/uploads\\\/2020\\\/11\\\/135-veganuary-animals-icon-transparent-rgb.png\",\"width\":135,\"height\":135,\"caption\":\"Veganuary\"},\"image\":{\"@id\":\"https:\\\/\\\/veganuary.com\\\/pt-br\\\/#\\\/schema\\\/logo\\\/image\\\/\"},\"sameAs\":[\"https:\\\/\\\/www.facebook.com\\\/Veganuary\\\/\",\"https:\\\/\\\/x.com\\\/veganuary\",\"https:\\\/\\\/www.instagram.com\\\/weareveganuary\\\/\",\"https:\\\/\\\/www.linkedin.com\\\/company\\\/veganuary-limited\",\"https:\\\/\\\/www.pinterest.co.uk\\\/Veganuary\\\/\",\"https:\\\/\\\/www.youtube.com\\\/channel\\\/UCGDLtGanlPZLidEGP2N39CA\",\"https:\\\/\\\/en.wikipedia.org\\\/wiki\\\/Veganuary\"]}]}<\/script>\n<!-- \/ Yoast SEO plugin. -->","yoast_head_json":{"title":"AUMENTAR A SENSIBILIZA\u00c7\u00c3O - Veganuary","description":"Tamb\u00e9m trabalhamos com influenciadores de m\u00eddia social, incluindo alguns dos chefs mais animados na culin\u00e1ria baseada em plantas , crian\u00e7as ativistas inspiradoras e ativistas de animais com audi\u00eancias em todo o mundo.","robots":{"index":"index","follow":"follow","max-snippet":"max-snippet:-1","max-image-preview":"max-image-preview:large","max-video-preview":"max-video-preview:-1"},"canonical":"https:\/\/veganuary.com\/pt-br\/sobre\/aumentando-a-ensibilizacao\/","og_locale":"pt_BR","og_type":"article","og_title":"AUMENTAR A SENSIBILIZA\u00c7\u00c3O - Veganuary","og_description":"Tamb\u00e9m trabalhamos com influenciadores de m\u00eddia social, incluindo alguns dos chefs mais animados na culin\u00e1ria baseada em plantas , crian\u00e7as ativistas inspiradoras e ativistas de animais com audi\u00eancias em todo o mundo.","og_url":"https:\/\/veganuary.com\/pt-br\/sobre\/aumentando-a-ensibilizacao\/","og_site_name":"Veganuary","article_publisher":"https:\/\/www.facebook.com\/Veganuary\/","article_modified_time":"2024-05-01T12:18:36+00:00","og_image":[{"width":1000,"height":667,"url":"https:\/\/veganuary.com\/wp-content\/uploads\/2021\/03\/Evanna-Lynch-Veganuary.jpg","type":"image\/jpeg"}],"twitter_card":"summary_large_image","twitter_site":"@veganuary","twitter_misc":{"Est. tempo de leitura":"2 minutos"},"schema":{"@context":"https:\/\/schema.org","@graph":[{"@type":"WebPage","@id":"https:\/\/veganuary.com\/pt-br\/sobre\/aumentando-a-ensibilizacao\/","url":"https:\/\/veganuary.com\/pt-br\/sobre\/aumentando-a-ensibilizacao\/","name":"AUMENTAR A SENSIBILIZA\u00c7\u00c3O - Veganuary","isPartOf":{"@id":"https:\/\/veganuary.com\/pt-br\/#website"},"primaryImageOfPage":{"@id":"https:\/\/veganuary.com\/pt-br\/sobre\/aumentando-a-ensibilizacao\/#primaryimage"},"image":{"@id":"https:\/\/veganuary.com\/pt-br\/sobre\/aumentando-a-ensibilizacao\/#primaryimage"},"thumbnailUrl":"https:\/\/veganuary.com\/wp-content\/uploads\/2021\/03\/Evanna-Lynch-Veganuary.jpg","datePublished":"2020-09-03T14:42:25+00:00","dateModified":"2024-05-01T12:18:36+00:00","description":"Tamb\u00e9m trabalhamos com influenciadores de m\u00eddia social, incluindo alguns dos chefs mais animados na culin\u00e1ria baseada em plantas , crian\u00e7as ativistas inspiradoras e ativistas de animais com audi\u00eancias em todo o mundo.","breadcrumb":{"@id":"https:\/\/veganuary.com\/pt-br\/sobre\/aumentando-a-ensibilizacao\/#breadcrumb"},"inLanguage":"pt-BR","potentialAction":[{"@type":"ReadAction","target":["https:\/\/veganuary.com\/pt-br\/sobre\/aumentando-a-ensibilizacao\/"]}]},{"@type":"ImageObject","inLanguage":"pt-BR","@id":"https:\/\/veganuary.com\/pt-br\/sobre\/aumentando-a-ensibilizacao\/#primaryimage","url":"https:\/\/veganuary.com\/wp-content\/uploads\/2021\/03\/Evanna-Lynch-Veganuary.jpg","contentUrl":"https:\/\/veganuary.com\/wp-content\/uploads\/2021\/03\/Evanna-Lynch-Veganuary.jpg","width":1000,"height":667},{"@type":"BreadcrumbList","@id":"https:\/\/veganuary.com\/pt-br\/sobre\/aumentando-a-ensibilizacao\/#breadcrumb","itemListElement":[{"@type":"ListItem","position":1,"name":"Home","item":"https:\/\/veganuary.com\/pt-br\/"},{"@type":"ListItem","position":2,"name":"Sobre","item":"https:\/\/veganuary.com\/pt-br\/sobre\/"},{"@type":"ListItem","position":3,"name":"AUMENTAR A SENSIBILIZA\u00c7\u00c3O"}]},{"@type":"WebSite","@id":"https:\/\/veganuary.com\/pt-br\/#website","url":"https:\/\/veganuary.com\/pt-br\/","name":"Veganuary","description":"The website for Veganuary","publisher":{"@id":"https:\/\/veganuary.com\/pt-br\/#organization"},"potentialAction":[{"@type":"SearchAction","target":{"@type":"EntryPoint","urlTemplate":"https:\/\/veganuary.com\/pt-br\/?s={search_term_string}"},"query-input":{"@type":"PropertyValueSpecification","valueRequired":true,"valueName":"search_term_string"}}],"inLanguage":"pt-BR"},{"@type":"Organization","@id":"https:\/\/veganuary.com\/pt-br\/#organization","name":"Veganuary","url":"https:\/\/veganuary.com\/pt-br\/","logo":{"@type":"ImageObject","inLanguage":"pt-BR","@id":"https:\/\/veganuary.com\/pt-br\/#\/schema\/logo\/image\/","url":"https:\/\/veganuary.com\/wp-content\/uploads\/2020\/11\/135-veganuary-animals-icon-transparent-rgb.png","contentUrl":"https:\/\/veganuary.com\/wp-content\/uploads\/2020\/11\/135-veganuary-animals-icon-transparent-rgb.png","width":135,"height":135,"caption":"Veganuary"},"image":{"@id":"https:\/\/veganuary.com\/pt-br\/#\/schema\/logo\/image\/"},"sameAs":["https:\/\/www.facebook.com\/Veganuary\/","https:\/\/x.com\/veganuary","https:\/\/www.instagram.com\/weareveganuary\/","https:\/\/www.linkedin.com\/company\/veganuary-limited","https:\/\/www.pinterest.co.uk\/Veganuary\/","https:\/\/www.youtube.com\/channel\/UCGDLtGanlPZLidEGP2N39CA","https:\/\/en.wikipedia.org\/wiki\/Veganuary"]}]}},"_links":{"self":[{"href":"https:\/\/veganuary.com\/pt-br\/wp-json\/wp\/v2\/pages\/73464","targetHints":{"allow":["GET"]}}],"collection":[{"href":"https:\/\/veganuary.com\/pt-br\/wp-json\/wp\/v2\/pages"}],"about":[{"href":"https:\/\/veganuary.com\/pt-br\/wp-json\/wp\/v2\/types\/page"}],"author":[{"embeddable":true,"href":"https:\/\/veganuary.com\/pt-br\/wp-json\/wp\/v2\/users\/70"}],"replies":[{"embeddable":true,"href":"https:\/\/veganuary.com\/pt-br\/wp-json\/wp\/v2\/comments?post=73464"}],"version-history":[{"count":0,"href":"https:\/\/veganuary.com\/pt-br\/wp-json\/wp\/v2\/pages\/73464\/revisions"}],"up":[{"embeddable":true,"href":"https:\/\/veganuary.com\/pt-br\/wp-json\/wp\/v2\/pages\/74613"}],"wp:featuredmedia":[{"embeddable":true,"href":"https:\/\/veganuary.com\/pt-br\/wp-json\/wp\/v2\/media\/105238"}],"wp:attachment":[{"href":"https:\/\/veganuary.com\/pt-br\/wp-json\/wp\/v2\/media?parent=73464"}],"curies":[{"name":"wp","href":"https:\/\/api.w.org\/{rel}","templated":true}]}}