{"id":73466,"date":"2020-08-06T08:51:00","date_gmt":"2020-08-06T07:51:00","guid":{"rendered":"https:\/\/veganuary.com\/contact\/"},"modified":"2020-11-18T12:33:11","modified_gmt":"2020-11-18T12:33:11","slug":"contato","status":"publish","type":"page","link":"https:\/\/veganuary.com\/pt-br\/contato\/","title":{"rendered":"Contato"},"content":{"rendered":"\n<div class=\"masthead\">\n\t<div class=\"container\">\n\t\t<div class=\"row\">\n\t\t\t<div class=\"col-md-10 offset-md-1 col-lg-8 offset-lg-2 col-xl-6 offset-xl-3\">\n\n\t\t\t\t<h1 class=\"masthead__title\">Contato<\/h1>\n\n\t\t\t\t\t\t\t\t\t<div class=\"masthead__icon\">\n\t\t\t\t\t\t<img decoding=\"async\" class=\"masthead__icon__img\" src=\"https:\/\/veganuary.com\/wp-content\/themes\/veganuary\/assets\/img\/veganuary-icon-orange.svg\" alt=\"\">\n\t\t\t\t\t<\/div>\n\n\t\t\t\t\t<p class=\"masthead__subtitle\">Gostar\u00edamos de ter not\u00edcias suas!<\/p>\n\t\t\t\t\n\t\t\t<\/div>\n\t\t<\/div>\n\t<\/div>\n<\/div>\n\n\n\n<p class=\"has-text-align-center has-light-gray-background-color has-background\">Por favor, visite a se\u00e7\u00e3o <a href=\"\/pt-br\/perguntas-frequentes\/\">Perguntas Frequentes<\/a> antes de entrar em contato, muitas das suas d\u00favidas j\u00e1 podem ter respostas aqui mesmo!<\/p>\n\n\n\n<div class=\"wp-block-group has-light-gray-background-color has-background\"><div class=\"wp-block-group__inner-container is-layout-flow wp-block-group-is-layout-flow\"><div class=\"wp-block-custom wp-block--narrow wp-block--form contact-form\"><form class=\"form js-contact\" method=\"post\" action=\"\" id=\"contact\" novalidate><div class=\"form__group\">\n\t\t\t<label class=\"form__label\" for=\"name\"><span>*<\/span><\/label>\n\t\t\t<input class=\"form__control\" type=\"text\" name=\"contact_name\" id=\"name\" autocomplete=\"name\" required value=\"\">\n\t\t\t\n\t\t<\/div><div class=\"form__group\">\n\t\t\t<label class=\"form__label\" for=\"email\"><span>*<\/span><\/label>\n\t\t\t<input class=\"form__control\" type=\"email\" name=\"contact_email\" id=\"email\" autocomplete=\"email\" required value=\"\">\n\t\t\t\n\t\t<\/div><div class=\"form__group\">\n\t\t\t<label class=\"form__label\" for=\"contact_enquiry_type\"><span>*<\/span><\/label>\n\t\t\t<select class=\"form__control select\" name=\"contact_enquiry_type\" id=\"enquiry_type\" required><option><\/option><option value=\"General info\" data-code=\"\">Informa\u00e7\u00f5es Gerais<\/option><option value=\"Media \/ Press\" data-code=\"\">Imprensa<\/option><\/select>\n\t\t\t\n\t\t<\/div><div class=\"form__group\">\n\t\t\t<label class=\"form__label\" for=\"message\"><span>*<\/span><\/label>\n\t\t\t<textarea class=\"form__control\" name=\"contact_message\" id=\"message\" required autocomplete=\"off\"><\/textarea>\n\t\t\t\n\t\t<\/div><div class=\"form__footer\"><div class=\"form__group form__group--consent\">\n\t\t\t<div class=\"checkbox\">\n\t\t\t\t<input name=\"contact_consent\" class=\"checkbox__input\" type=\"checkbox\" id=\"consent\" value=\"yes\" required  data-bouncer-target=\"#consent-error\">\n\t\t\t\t<label class=\"checkbox__label\" for=\"consent\"><\/label>\n\t\t\t<\/div>\n\t\t\t<div id=\"consent-error\"><\/div>\n\t\t\t\n\t\t<\/div><div class=\"form__group form__group--submit\"><button class=\"btn btn--default\" type=\"submit\"><\/button><\/div><\/div><input type=\"hidden\" name=\"action\" value=\"contact_form\"><input type=\"hidden\" name=\"contact_form_nonce\" value=\"98ed3e74dc\"><input type=\"text\" name=\"address2\" style=\"display: none;\"><\/form><\/div>\n<\/div><\/div>\n","protected":false},"excerpt":{"rendered":"<p>Por favor, visite a se\u00e7\u00e3o Perguntas Frequentes antes de entrar em contato, muitas das suas d\u00favidas j\u00e1 podem ter respostas&hellip;<\/p>\n","protected":false},"author":70,"featured_media":182444,"parent":0,"menu_order":110,"comment_status":"closed","ping_status":"closed","template":"","meta":{"_acf_changed":false,"_coblocks_attr":"","_coblocks_dimensions":"","_coblocks_responsive_height":"","_coblocks_accordion_ie_support":"","footnotes":""},"class_list":["post-73466","page","type-page","status-publish","has-post-thumbnail","hentry"],"acf":[],"yoast_head":"<!-- This site is optimized with the Yoast SEO plugin v27.3 - https:\/\/yoast.com\/product\/yoast-seo-wordpress\/ -->\n<title>Contato - Veganuary<\/title>\n<meta name=\"description\" content=\"Gostar\u00edamos de ter not\u00edcias suas!\" \/>\n<meta name=\"robots\" content=\"index, follow, max-snippet:-1, max-image-preview:large, max-video-preview:-1\" \/>\n<link rel=\"canonical\" href=\"https:\/\/veganuary.com\/pt-br\/contato\/\" \/>\n<meta property=\"og:locale\" content=\"pt_BR\" \/>\n<meta property=\"og:type\" content=\"article\" \/>\n<meta property=\"og:title\" content=\"Contato - Veganuary\" \/>\n<meta property=\"og:description\" content=\"Gostar\u00edamos de ter not\u00edcias suas!\" \/>\n<meta property=\"og:url\" content=\"https:\/\/veganuary.com\/pt-br\/contato\/\" \/>\n<meta property=\"og:site_name\" content=\"Veganuary\" \/>\n<meta property=\"article:publisher\" content=\"https:\/\/www.facebook.com\/Veganuary\/\" \/>\n<meta property=\"article:modified_time\" content=\"2020-11-18T12:33:11+00:00\" \/>\n<meta name=\"twitter:card\" content=\"summary_large_image\" \/>\n<meta name=\"twitter:site\" content=\"@veganuary\" \/>\n<script type=\"application\/ld+json\" class=\"yoast-schema-graph\">{\"@context\":\"https:\\\/\\\/schema.org\",\"@graph\":[{\"@type\":[\"WebPage\",\"ContactPage\"],\"@id\":\"https:\\\/\\\/veganuary.com\\\/pt-br\\\/contato\\\/\",\"url\":\"https:\\\/\\\/veganuary.com\\\/pt-br\\\/contato\\\/\",\"name\":\"Contato - Veganuary\",\"isPartOf\":{\"@id\":\"https:\\\/\\\/veganuary.com\\\/pt-br\\\/#website\"},\"primaryImageOfPage\":{\"@id\":\"https:\\\/\\\/veganuary.com\\\/pt-br\\\/contato\\\/#primaryimage\"},\"image\":{\"@id\":\"https:\\\/\\\/veganuary.com\\\/pt-br\\\/contato\\\/#primaryimage\"},\"thumbnailUrl\":\"https:\\\/\\\/veganuary.com\\\/wp-content\\\/uploads\\\/2023\\\/07\\\/contact-us.png\",\"datePublished\":\"2020-08-06T07:51:00+00:00\",\"dateModified\":\"2020-11-18T12:33:11+00:00\",\"description\":\"Gostar\u00edamos de ter not\u00edcias suas!\",\"breadcrumb\":{\"@id\":\"https:\\\/\\\/veganuary.com\\\/pt-br\\\/contato\\\/#breadcrumb\"},\"inLanguage\":\"pt-BR\",\"potentialAction\":[{\"@type\":\"ReadAction\",\"target\":[\"https:\\\/\\\/veganuary.com\\\/pt-br\\\/contato\\\/\"]}]},{\"@type\":\"ImageObject\",\"inLanguage\":\"pt-BR\",\"@id\":\"https:\\\/\\\/veganuary.com\\\/pt-br\\\/contato\\\/#primaryimage\",\"url\":\"https:\\\/\\\/veganuary.com\\\/wp-content\\\/uploads\\\/2023\\\/07\\\/contact-us.png\",\"contentUrl\":\"https:\\\/\\\/veganuary.com\\\/wp-content\\\/uploads\\\/2023\\\/07\\\/contact-us.png\",\"width\":1200,\"height\":800,\"caption\":\"Image Credit: AdobeStock\"},{\"@type\":\"BreadcrumbList\",\"@id\":\"https:\\\/\\\/veganuary.com\\\/pt-br\\\/contato\\\/#breadcrumb\",\"itemListElement\":[{\"@type\":\"ListItem\",\"position\":1,\"name\":\"Home\",\"item\":\"https:\\\/\\\/veganuary.com\\\/pt-br\\\/\"},{\"@type\":\"ListItem\",\"position\":2,\"name\":\"Contato\"}]},{\"@type\":\"WebSite\",\"@id\":\"https:\\\/\\\/veganuary.com\\\/pt-br\\\/#website\",\"url\":\"https:\\\/\\\/veganuary.com\\\/pt-br\\\/\",\"name\":\"Veganuary\",\"description\":\"The website for Veganuary\",\"publisher\":{\"@id\":\"https:\\\/\\\/veganuary.com\\\/pt-br\\\/#organization\"},\"potentialAction\":[{\"@type\":\"SearchAction\",\"target\":{\"@type\":\"EntryPoint\",\"urlTemplate\":\"https:\\\/\\\/veganuary.com\\\/pt-br\\\/?s={search_term_string}\"},\"query-input\":{\"@type\":\"PropertyValueSpecification\",\"valueRequired\":true,\"valueName\":\"search_term_string\"}}],\"inLanguage\":\"pt-BR\"},{\"@type\":\"Organization\",\"@id\":\"https:\\\/\\\/veganuary.com\\\/pt-br\\\/#organization\",\"name\":\"Veganuary\",\"url\":\"https:\\\/\\\/veganuary.com\\\/pt-br\\\/\",\"logo\":{\"@type\":\"ImageObject\",\"inLanguage\":\"pt-BR\",\"@id\":\"https:\\\/\\\/veganuary.com\\\/pt-br\\\/#\\\/schema\\\/logo\\\/image\\\/\",\"url\":\"https:\\\/\\\/veganuary.com\\\/wp-content\\\/uploads\\\/2020\\\/11\\\/135-veganuary-animals-icon-transparent-rgb.png\",\"contentUrl\":\"https:\\\/\\\/veganuary.com\\\/wp-content\\\/uploads\\\/2020\\\/11\\\/135-veganuary-animals-icon-transparent-rgb.png\",\"width\":135,\"height\":135,\"caption\":\"Veganuary\"},\"image\":{\"@id\":\"https:\\\/\\\/veganuary.com\\\/pt-br\\\/#\\\/schema\\\/logo\\\/image\\\/\"},\"sameAs\":[\"https:\\\/\\\/www.facebook.com\\\/Veganuary\\\/\",\"https:\\\/\\\/x.com\\\/veganuary\",\"https:\\\/\\\/www.instagram.com\\\/weareveganuary\\\/\",\"https:\\\/\\\/www.linkedin.com\\\/company\\\/veganuary-limited\",\"https:\\\/\\\/www.pinterest.co.uk\\\/Veganuary\\\/\",\"https:\\\/\\\/www.youtube.com\\\/channel\\\/UCGDLtGanlPZLidEGP2N39CA\",\"https:\\\/\\\/en.wikipedia.org\\\/wiki\\\/Veganuary\"]}]}<\/script>\n<!-- \/ Yoast SEO plugin. -->","yoast_head_json":{"title":"Contato - Veganuary","description":"Gostar\u00edamos de ter not\u00edcias suas!","robots":{"index":"index","follow":"follow","max-snippet":"max-snippet:-1","max-image-preview":"max-image-preview:large","max-video-preview":"max-video-preview:-1"},"canonical":"https:\/\/veganuary.com\/pt-br\/contato\/","og_locale":"pt_BR","og_type":"article","og_title":"Contato - Veganuary","og_description":"Gostar\u00edamos de ter not\u00edcias suas!","og_url":"https:\/\/veganuary.com\/pt-br\/contato\/","og_site_name":"Veganuary","article_publisher":"https:\/\/www.facebook.com\/Veganuary\/","article_modified_time":"2020-11-18T12:33:11+00:00","twitter_card":"summary_large_image","twitter_site":"@veganuary","schema":{"@context":"https:\/\/schema.org","@graph":[{"@type":["WebPage","ContactPage"],"@id":"https:\/\/veganuary.com\/pt-br\/contato\/","url":"https:\/\/veganuary.com\/pt-br\/contato\/","name":"Contato - Veganuary","isPartOf":{"@id":"https:\/\/veganuary.com\/pt-br\/#website"},"primaryImageOfPage":{"@id":"https:\/\/veganuary.com\/pt-br\/contato\/#primaryimage"},"image":{"@id":"https:\/\/veganuary.com\/pt-br\/contato\/#primaryimage"},"thumbnailUrl":"https:\/\/veganuary.com\/wp-content\/uploads\/2023\/07\/contact-us.png","datePublished":"2020-08-06T07:51:00+00:00","dateModified":"2020-11-18T12:33:11+00:00","description":"Gostar\u00edamos de ter not\u00edcias suas!","breadcrumb":{"@id":"https:\/\/veganuary.com\/pt-br\/contato\/#breadcrumb"},"inLanguage":"pt-BR","potentialAction":[{"@type":"ReadAction","target":["https:\/\/veganuary.com\/pt-br\/contato\/"]}]},{"@type":"ImageObject","inLanguage":"pt-BR","@id":"https:\/\/veganuary.com\/pt-br\/contato\/#primaryimage","url":"https:\/\/veganuary.com\/wp-content\/uploads\/2023\/07\/contact-us.png","contentUrl":"https:\/\/veganuary.com\/wp-content\/uploads\/2023\/07\/contact-us.png","width":1200,"height":800,"caption":"Image Credit: AdobeStock"},{"@type":"BreadcrumbList","@id":"https:\/\/veganuary.com\/pt-br\/contato\/#breadcrumb","itemListElement":[{"@type":"ListItem","position":1,"name":"Home","item":"https:\/\/veganuary.com\/pt-br\/"},{"@type":"ListItem","position":2,"name":"Contato"}]},{"@type":"WebSite","@id":"https:\/\/veganuary.com\/pt-br\/#website","url":"https:\/\/veganuary.com\/pt-br\/","name":"Veganuary","description":"The website for Veganuary","publisher":{"@id":"https:\/\/veganuary.com\/pt-br\/#organization"},"potentialAction":[{"@type":"SearchAction","target":{"@type":"EntryPoint","urlTemplate":"https:\/\/veganuary.com\/pt-br\/?s={search_term_string}"},"query-input":{"@type":"PropertyValueSpecification","valueRequired":true,"valueName":"search_term_string"}}],"inLanguage":"pt-BR"},{"@type":"Organization","@id":"https:\/\/veganuary.com\/pt-br\/#organization","name":"Veganuary","url":"https:\/\/veganuary.com\/pt-br\/","logo":{"@type":"ImageObject","inLanguage":"pt-BR","@id":"https:\/\/veganuary.com\/pt-br\/#\/schema\/logo\/image\/","url":"https:\/\/veganuary.com\/wp-content\/uploads\/2020\/11\/135-veganuary-animals-icon-transparent-rgb.png","contentUrl":"https:\/\/veganuary.com\/wp-content\/uploads\/2020\/11\/135-veganuary-animals-icon-transparent-rgb.png","width":135,"height":135,"caption":"Veganuary"},"image":{"@id":"https:\/\/veganuary.com\/pt-br\/#\/schema\/logo\/image\/"},"sameAs":["https:\/\/www.facebook.com\/Veganuary\/","https:\/\/x.com\/veganuary","https:\/\/www.instagram.com\/weareveganuary\/","https:\/\/www.linkedin.com\/company\/veganuary-limited","https:\/\/www.pinterest.co.uk\/Veganuary\/","https:\/\/www.youtube.com\/channel\/UCGDLtGanlPZLidEGP2N39CA","https:\/\/en.wikipedia.org\/wiki\/Veganuary"]}]}},"_links":{"self":[{"href":"https:\/\/veganuary.com\/pt-br\/wp-json\/wp\/v2\/pages\/73466","targetHints":{"allow":["GET"]}}],"collection":[{"href":"https:\/\/veganuary.com\/pt-br\/wp-json\/wp\/v2\/pages"}],"about":[{"href":"https:\/\/veganuary.com\/pt-br\/wp-json\/wp\/v2\/types\/page"}],"author":[{"embeddable":true,"href":"https:\/\/veganuary.com\/pt-br\/wp-json\/wp\/v2\/users\/70"}],"replies":[{"embeddable":true,"href":"https:\/\/veganuary.com\/pt-br\/wp-json\/wp\/v2\/comments?post=73466"}],"version-history":[{"count":0,"href":"https:\/\/veganuary.com\/pt-br\/wp-json\/wp\/v2\/pages\/73466\/revisions"}],"wp:featuredmedia":[{"embeddable":true,"href":"https:\/\/veganuary.com\/pt-br\/wp-json\/wp\/v2\/media\/182444"}],"wp:attachment":[{"href":"https:\/\/veganuary.com\/pt-br\/wp-json\/wp\/v2\/media?parent=73466"}],"curies":[{"name":"wp","href":"https:\/\/api.w.org\/{rel}","templated":true}]}}