{"id":73470,"date":"2020-08-06T08:51:54","date_gmt":"2020-08-06T07:51:54","guid":{"rendered":"https:\/\/veganuary.com\/faqs\/"},"modified":"2026-04-24T16:56:00","modified_gmt":"2026-04-24T15:56:00","slug":"perguntas-frequentes","status":"publish","type":"page","link":"https:\/\/veganuary.com\/pt-br\/perguntas-frequentes\/","title":{"rendered":"Perguntas Frequentes"},"content":{"rendered":"\n<div class=\"masthead\">\n\t<div class=\"container\">\n\t\t<div class=\"row\">\n\t\t\t<div class=\"col-md-10 offset-md-1 col-lg-8 offset-lg-2 col-xl-6 offset-xl-3\">\n\n\t\t\t\t<h1 class=\"masthead__title\">PERGUNTAS FREQUENTES<\/h1>\n\n\t\t\t\t\n\t\t\t<\/div>\n\t\t<\/div>\n\t<\/div>\n<\/div>\n\n\n\n<div class=\"wp-block-group has-light-gray-background-color has-background\"><div class=\"wp-block-group__inner-container is-layout-flow wp-block-group-is-layout-flow\">\n<p class=\"has-medium-font-size\"><\/p>\n\n\n\n\t<div class=\"wp-block-custom wp-block-accordion wp-block-custom--narrow\">\n\t\t<div class=\"accordion js-accordion\">\n\n\t\t\t\n\t\t\t\t<div class=\"accordion-item js-accordion-item\">\n\t\t\t\t\t<div class=\"accordion-item__header js-accordion-trigger\">\n\t\t\t\t\t\t<h3 class=\"accordion-item__title\">Quantas pessoas participaram do Janeiro Vegano em 2026?<\/h3>\n\t\t\t\t\t\t<div class=\"accordion-item__icon\"><\/div>\n\t\t\t\t\t<\/div>\n\t\t\t\t\t<div class=\"accordion-item__content\">\n\t\t\t\t\t\t<div class=\"accordion-item__padding\">\n\t\t\t\t\t\t\t<p>Em campanhas anteriores, medimos a participa\u00e7\u00e3o com base no n\u00famero de pessoas que se inscreveram em nossa s\u00e9rie de emails de 31 dias pelo site. No entanto, sabemos que esse n\u00famero n\u00e3o reflete a quantidade real de participantes, pois muitas pessoas participam sem se registrar oficialmente na plataforma.<\/p>\n<p>\u00c0 medida que aprendemos com o sucesso que tivemos no Reino Unido e expandimos para novos pa\u00edses, nossa prioridade \u00e9 medir a participa\u00e7\u00e3o global. Desde que o Veganuary lan\u00e7ou seu primeiro compromisso em janeiro de 2014, milh\u00f5es de pessoas \u2013 de quase todos os pa\u00edses do mundo \u2013 participaram.<\/p>\n<p>Para entender e medir melhor a participa\u00e7\u00e3o ao redor do mundo, agora encomendamos pesquisas em nos principais pa\u00edses da campanha* para determinar a porcentagem de pessoas que relatam ter participado do Veganuary durante o m\u00eas.<\/p>\n<p>Com base nos resultados das pesquisas e nas estimativas populacionais atuais de cada pa\u00eds, calculamos que aproximadamente 30 milh\u00f5es de pessoas em todo o mundo decidiram experimentar o veganismo em janeiro de 2026.<\/p>\n\t\t\t\t\t\t<\/div>\n\t\t\t\t\t<\/div>\n\t\t\t\t<\/div>\n\n\t\t\t\t\n\t\t\t\t<div class=\"accordion-item js-accordion-item\">\n\t\t\t\t\t<div class=\"accordion-item__header js-accordion-trigger\">\n\t\t\t\t\t\t<h3 class=\"accordion-item__title\">Quais os resultados das campanhas pelo Janeiro Vegano?<\/h3>\n\t\t\t\t\t\t<div class=\"accordion-item__icon\"><\/div>\n\t\t\t\t\t<\/div>\n\t\t\t\t\t<div class=\"accordion-item__content\">\n\t\t\t\t\t\t<div class=\"accordion-item__padding\">\n\t\t\t\t\t\t\t<p>Desde que lan\u00e7ada em 2014, a campanha contou com milh\u00f5es de participantes do mundo todo que se inscreveram oficialmente no nosso site. Para mais dados sobre participa\u00e7\u00e3o, resultados de pesquisas oficiais com participantes, lan\u00e7amentos de produtos e cobertura de imprensa global, acesse nossos <a href=\"https:\/\/veganuary.com\/pt-br\/relatorios-de-campanha\/\" target=\"_blank\" rel=\"noopener\">Relat\u00f3rios de Campanha<\/a> e <a href=\"https:\/\/veganuary.com\/pt-br\/category\/comunicados-de-prensa-pt-br\/\" target=\"_blank\" rel=\"noopener\">blog<\/a>.<\/p>\n\t\t\t\t\t\t<\/div>\n\t\t\t\t\t<\/div>\n\t\t\t\t<\/div>\n\n\t\t\t\t\n\t\t\t\t<div class=\"accordion-item js-accordion-item\">\n\t\t\t\t\t<div class=\"accordion-item__header js-accordion-trigger\">\n\t\t\t\t\t\t<h3 class=\"accordion-item__title\">\u00d3leo de palma \u00e9 vegano? <\/h3>\n\t\t\t\t\t\t<div class=\"accordion-item__icon\"><\/div>\n\t\t\t\t\t<\/div>\n\t\t\t\t\t<div class=\"accordion-item__content\">\n\t\t\t\t\t\t<div class=\"accordion-item__padding\">\n\t\t\t\t\t\t\t<p>A nossa posi\u00e7\u00e3o oficial sobre o \u00f3leo de palma pode ser encontrada <a href=\"https:\/\/veganuary.com\/pt-br\/topico-quente-oleo-de-palma-e-vegano\/\">aqui<\/a>.<\/p>\n\t\t\t\t\t\t<\/div>\n\t\t\t\t\t<\/div>\n\t\t\t\t<\/div>\n\n\t\t\t\t\n\t\t\t\t<div class=\"accordion-item js-accordion-item\">\n\t\t\t\t\t<div class=\"accordion-item__header js-accordion-trigger\">\n\t\t\t\t\t\t<h3 class=\"accordion-item__title\">Mel \u00e9 vegano? <\/h3>\n\t\t\t\t\t\t<div class=\"accordion-item__icon\"><\/div>\n\t\t\t\t\t<\/div>\n\t\t\t\t\t<div class=\"accordion-item__content\">\n\t\t\t\t\t\t<div class=\"accordion-item__padding\">\n\t\t\t\t\t\t\t<p>O mel \u00e9 produto de um animal, por isso n\u00f3s veganos (pela defini\u00e7\u00e3o oficial) n\u00e3o consumimos mel e seus derivados. Saiba mais <a href=\"https:\/\/veganuary.com\/pt-br\/qual-o-problema-em-consumir-mel-as-abelhas-nao-o-produzem-naturalmente\/\">aqui<\/a>.<\/p>\n\t\t\t\t\t\t<\/div>\n\t\t\t\t\t<\/div>\n\t\t\t\t<\/div>\n\n\t\t\t\t\n\t\t\t\t<div class=\"accordion-item js-accordion-item\">\n\t\t\t\t\t<div class=\"accordion-item__header js-accordion-trigger\">\n\t\t\t\t\t\t<h3 class=\"accordion-item__title\">O que \u00e9 carne cultivada?<\/h3>\n\t\t\t\t\t\t<div class=\"accordion-item__icon\"><\/div>\n\t\t\t\t\t<\/div>\n\t\t\t\t\t<div class=\"accordion-item__content\">\n\t\t\t\t\t\t<div class=\"accordion-item__padding\">\n\t\t\t\t\t\t\t<p>Saiba mais sobre a tecnologia da <a href=\"https:\/\/veganuary.com\/pt-br\/o-que-e-carne-cultivada-2\/\">carne cultivada<\/a> e como ela pode ajudar a acabar com o sofrimento animal e proteger o planeta.<\/p>\n\t\t\t\t\t\t<\/div>\n\t\t\t\t\t<\/div>\n\t\t\t\t<\/div>\n\n\t\t\t\t\n\t\t\t\t<div class=\"accordion-item js-accordion-item\">\n\t\t\t\t\t<div class=\"accordion-item__header js-accordion-trigger\">\n\t\t\t\t\t\t<h3 class=\"accordion-item__title\">\u00c9 aceit\u00e1vel comer ovos de galinhas de quintal ou de galinhas \u201cfelizes\u201d? <\/h3>\n\t\t\t\t\t\t<div class=\"accordion-item__icon\"><\/div>\n\t\t\t\t\t<\/div>\n\t\t\t\t\t<div class=\"accordion-item__content\">\n\t\t\t\t\t\t<div class=\"accordion-item__padding\">\n\t\t\t\t\t\t\t<p>Este \u00e9 um tema de grande debate que exploramos <a href=\"https:\/\/veganuary.com\/hot-topic-what-about-eggs-from-rescuedbackyard-hens\/\">aqui<\/a>.<\/p>\n\t\t\t\t\t\t<\/div>\n\t\t\t\t\t<\/div>\n\t\t\t\t<\/div>\n\n\t\t\t\t\n\t\t\t\t<div class=\"accordion-item js-accordion-item\">\n\t\t\t\t\t<div class=\"accordion-item__header js-accordion-trigger\">\n\t\t\t\t\t\t<h3 class=\"accordion-item__title\">N\u00e3o estou recebendo alguns\/nenhum e-mail <\/h3>\n\t\t\t\t\t\t<div class=\"accordion-item__icon\"><\/div>\n\t\t\t\t\t<\/div>\n\t\t\t\t\t<div class=\"accordion-item__content\">\n\t\t\t\t\t\t<div class=\"accordion-item__padding\">\n\t\t\t\t\t\t\t<p>Verifique se os e-mails de Veganuary est\u00e3o chegando nas abas &#8220;Promo\u00e7\u00e3o&#8221; e &#8220;Outros&#8221;. E n\u00e3o esque\u00e7a de adicionar Veganuary aos seus contatos para receber todos os 31 e-mails.<\/p>\n\t\t\t\t\t\t<\/div>\n\t\t\t\t\t<\/div>\n\t\t\t\t<\/div>\n\n\t\t\t\t\n\t\t\t\t<div class=\"accordion-item js-accordion-item\">\n\t\t\t\t\t<div class=\"accordion-item__header js-accordion-trigger\">\n\t\t\t\t\t\t<h3 class=\"accordion-item__title\">Deseja compartilhar com a gente not\u00edcias e informa\u00e7\u00f5es sobre o seu neg\u00f3cio vegano ou produtos veganos? <\/h3>\n\t\t\t\t\t\t<div class=\"accordion-item__icon\"><\/div>\n\t\t\t\t\t<\/div>\n\t\t\t\t\t<div class=\"accordion-item__content\">\n\t\t\t\t\t\t<div class=\"accordion-item__padding\">\n\t\t\t\t\t\t\t<p>Por favor, envie um e-mail para infobr@veganuary.com com as informa\u00e7\u00f5es relevantes, atualiza\u00e7\u00f5es e\/ou solicita\u00e7\u00f5es, que a nossa equipe entrar\u00e1 em contato com voc\u00ea em breve.<\/p>\n\t\t\t\t\t\t<\/div>\n\t\t\t\t\t<\/div>\n\t\t\t\t<\/div>\n\n\t\t\t\t\n\t\t\t\t<div class=\"accordion-item js-accordion-item\">\n\t\t\t\t\t<div class=\"accordion-item__header js-accordion-trigger\">\n\t\t\t\t\t\t<h3 class=\"accordion-item__title\">Precisa de ajuda e apoio para experimentar o veganismo? <\/h3>\n\t\t\t\t\t\t<div class=\"accordion-item__icon\"><\/div>\n\t\t\t\t\t<\/div>\n\t\t\t\t\t<div class=\"accordion-item__content\">\n\t\t\t\t\t\t<div class=\"accordion-item__padding\">\n\t\t\t\t\t\t\t<p>Se voc\u00ea deseja descobrir o melhor leite vegetal para usar no seu caf\u00e9 ou manteiga vegana para cozinhar, experimente comprar diferentes marcas ou prepare em casa, j\u00e1 existem muitos canais no You Tube e blogs com receitas incr\u00edveis de comidas veganas. Se voc\u00ea quer saber como lidar com colegas n\u00e3o veganos ou encontrar fornecedores locais de produtos veganos, busque nas redes sociais por grupos de veganismo em sua cidade ou Estado. Tem sempre um influencer vegano ou vegana com dicas legais. Agora, se voc\u00ea est\u00e1 buscando apoio para experimentar o veganismo com informa\u00e7\u00e3o, dicas, receitas e muito mais, participe de Veganuary! 31 dias de e-mails para guiar voc\u00ea nessa jornada. <a href=\"https:\/\/veganuary.com\/pt-br\/inscreva-se\/\">Inscreva-se aqui<\/a>.<\/p>\n\t\t\t\t\t\t<\/div>\n\t\t\t\t\t<\/div>\n\t\t\t\t<\/div>\n\n\t\t\t\t\n\t\t\t\t<div class=\"accordion-item js-accordion-item\">\n\t\t\t\t\t<div class=\"accordion-item__header js-accordion-trigger\">\n\t\t\t\t\t\t<h3 class=\"accordion-item__title\">Tem d\u00favidas sobre assuntos relativos \u00e0 sa\u00fade e nutri\u00e7\u00e3o? <\/h3>\n\t\t\t\t\t\t<div class=\"accordion-item__icon\"><\/div>\n\t\t\t\t\t<\/div>\n\t\t\t\t\t<div class=\"accordion-item__content\">\n\t\t\t\t\t\t<div class=\"accordion-item__padding\">\n\t\t\t\t\t\t\t<p>Sugerimos que voc\u00ea fale com um m\u00e9dico (cl\u00ednico geral, nutr\u00f3logo) ou com um nutricionista registado que simpatize com a alimenta\u00e7\u00e3o \u00e0 base de plantas para fazer a sua transi\u00e7\u00e3o da melhor forma poss\u00edvel e com sa\u00fade otimizada. <a href=\"https:\/\/www.vista-se.com.br\/nutricao\/\" target=\"_blank\" rel=\"noopener\">Aqui<\/a> voc\u00ea encontra informa\u00e7\u00f5es sobre m\u00e9dicos e nutricionistas vegetarianos, veganos e simpatizantes no Brasil.<\/p>\n\t\t\t\t\t\t<\/div>\n\t\t\t\t\t<\/div>\n\t\t\t\t<\/div>\n\n\t\t\t\t\n\t\t\t\t<div class=\"accordion-item js-accordion-item\">\n\t\t\t\t\t<div class=\"accordion-item__header js-accordion-trigger\">\n\t\t\t\t\t\t<h3 class=\"accordion-item__title\">Quer ser volunt\u00e1rio de Veganuary? <\/h3>\n\t\t\t\t\t\t<div class=\"accordion-item__icon\"><\/div>\n\t\t\t\t\t<\/div>\n\t\t\t\t\t<div class=\"accordion-item__content\">\n\t\t\t\t\t\t<div class=\"accordion-item__padding\">\n\t\t\t\t\t\t\t<p>Somos uma institui\u00e7\u00e3o sem fins lucrativos (registrada na Inglaterra e Pa\u00eds de Gales) que se mant\u00e9m por meio de doa\u00e7\u00f5es. Se voc\u00ea tem uma habilidade ou profiss\u00e3o e sente o chamado de colocar seu talento para promover o veganismo, agradecemos sua colabora\u00e7\u00e3o! Por favor, envie seu curr\u00edculo para infobr@veganuary.com com uma proposta clara de como voc\u00ea gostaria de nos apoiar. Entraremos em contacto assim que houver uma demanda para sua habilidade.<\/p>\n\t\t\t\t\t\t<\/div>\n\t\t\t\t\t<\/div>\n\t\t\t\t<\/div>\n\n\t\t\t\t\n\t\t<\/div>\n\t<\/div>\n\n\t<\/div><\/div>\n","protected":false},"excerpt":{"rendered":"","protected":false},"author":70,"featured_media":0,"parent":0,"menu_order":220,"comment_status":"closed","ping_status":"closed","template":"","meta":{"_acf_changed":true,"_coblocks_attr":"","_coblocks_dimensions":"","_coblocks_responsive_height":"","_coblocks_accordion_ie_support":"","footnotes":""},"class_list":["post-73470","page","type-page","status-publish","hentry"],"acf":[],"yoast_head":"<!-- This site is optimized with the Yoast SEO plugin v27.4 - https:\/\/yoast.com\/product\/yoast-seo-wordpress\/ -->\n<title>Perguntas Frequentes - Veganuary<\/title>\n<meta name=\"description\" content=\"PERGUNTAS FREQUENTES\" \/>\n<meta name=\"robots\" content=\"index, follow, max-snippet:-1, max-image-preview:large, max-video-preview:-1\" \/>\n<link rel=\"canonical\" href=\"https:\/\/veganuary.com\/pt-br\/perguntas-frequentes\/\" \/>\n<meta property=\"og:locale\" content=\"pt_BR\" \/>\n<meta property=\"og:type\" content=\"article\" \/>\n<meta property=\"og:title\" content=\"Perguntas Frequentes - Veganuary\" \/>\n<meta property=\"og:description\" content=\"PERGUNTAS FREQUENTES\" \/>\n<meta property=\"og:url\" content=\"https:\/\/veganuary.com\/pt-br\/perguntas-frequentes\/\" \/>\n<meta property=\"og:site_name\" content=\"Veganuary\" \/>\n<meta property=\"article:publisher\" content=\"https:\/\/www.facebook.com\/Veganuary\/\" \/>\n<meta property=\"article:modified_time\" content=\"2026-04-24T15:56:00+00:00\" \/>\n<meta name=\"twitter:card\" content=\"summary_large_image\" \/>\n<meta name=\"twitter:site\" content=\"@veganuary\" \/>\n<script type=\"application\/ld+json\" class=\"yoast-schema-graph\">{\"@context\":\"https:\\\/\\\/schema.org\",\"@graph\":[{\"@type\":\"WebPage\",\"@id\":\"https:\\\/\\\/veganuary.com\\\/pt-br\\\/perguntas-frequentes\\\/\",\"url\":\"https:\\\/\\\/veganuary.com\\\/pt-br\\\/perguntas-frequentes\\\/\",\"name\":\"Perguntas Frequentes - Veganuary\",\"isPartOf\":{\"@id\":\"https:\\\/\\\/veganuary.com\\\/pt-br\\\/#website\"},\"datePublished\":\"2020-08-06T07:51:54+00:00\",\"dateModified\":\"2026-04-24T15:56:00+00:00\",\"description\":\"PERGUNTAS FREQUENTES\",\"breadcrumb\":{\"@id\":\"https:\\\/\\\/veganuary.com\\\/pt-br\\\/perguntas-frequentes\\\/#breadcrumb\"},\"inLanguage\":\"pt-BR\",\"potentialAction\":[{\"@type\":\"ReadAction\",\"target\":[\"https:\\\/\\\/veganuary.com\\\/pt-br\\\/perguntas-frequentes\\\/\"]}]},{\"@type\":\"BreadcrumbList\",\"@id\":\"https:\\\/\\\/veganuary.com\\\/pt-br\\\/perguntas-frequentes\\\/#breadcrumb\",\"itemListElement\":[{\"@type\":\"ListItem\",\"position\":1,\"name\":\"Home\",\"item\":\"https:\\\/\\\/veganuary.com\\\/pt-br\\\/\"},{\"@type\":\"ListItem\",\"position\":2,\"name\":\"Perguntas Frequentes\"}]},{\"@type\":\"WebSite\",\"@id\":\"https:\\\/\\\/veganuary.com\\\/pt-br\\\/#website\",\"url\":\"https:\\\/\\\/veganuary.com\\\/pt-br\\\/\",\"name\":\"Veganuary\",\"description\":\"The website for Veganuary\",\"publisher\":{\"@id\":\"https:\\\/\\\/veganuary.com\\\/pt-br\\\/#organization\"},\"potentialAction\":[{\"@type\":\"SearchAction\",\"target\":{\"@type\":\"EntryPoint\",\"urlTemplate\":\"https:\\\/\\\/veganuary.com\\\/pt-br\\\/?s={search_term_string}\"},\"query-input\":{\"@type\":\"PropertyValueSpecification\",\"valueRequired\":true,\"valueName\":\"search_term_string\"}}],\"inLanguage\":\"pt-BR\"},{\"@type\":\"Organization\",\"@id\":\"https:\\\/\\\/veganuary.com\\\/pt-br\\\/#organization\",\"name\":\"Veganuary\",\"url\":\"https:\\\/\\\/veganuary.com\\\/pt-br\\\/\",\"logo\":{\"@type\":\"ImageObject\",\"inLanguage\":\"pt-BR\",\"@id\":\"https:\\\/\\\/veganuary.com\\\/pt-br\\\/#\\\/schema\\\/logo\\\/image\\\/\",\"url\":\"https:\\\/\\\/veganuary.com\\\/wp-content\\\/uploads\\\/2020\\\/11\\\/135-veganuary-animals-icon-transparent-rgb.png\",\"contentUrl\":\"https:\\\/\\\/veganuary.com\\\/wp-content\\\/uploads\\\/2020\\\/11\\\/135-veganuary-animals-icon-transparent-rgb.png\",\"width\":135,\"height\":135,\"caption\":\"Veganuary\"},\"image\":{\"@id\":\"https:\\\/\\\/veganuary.com\\\/pt-br\\\/#\\\/schema\\\/logo\\\/image\\\/\"},\"sameAs\":[\"https:\\\/\\\/www.facebook.com\\\/Veganuary\\\/\",\"https:\\\/\\\/x.com\\\/veganuary\",\"https:\\\/\\\/www.instagram.com\\\/weareveganuary\\\/\",\"https:\\\/\\\/www.linkedin.com\\\/company\\\/veganuary-limited\",\"https:\\\/\\\/www.pinterest.co.uk\\\/Veganuary\\\/\",\"https:\\\/\\\/www.youtube.com\\\/channel\\\/UCGDLtGanlPZLidEGP2N39CA\",\"https:\\\/\\\/en.wikipedia.org\\\/wiki\\\/Veganuary\"]}]}<\/script>\n<!-- \/ Yoast SEO plugin. -->","yoast_head_json":{"title":"Perguntas Frequentes - Veganuary","description":"PERGUNTAS FREQUENTES","robots":{"index":"index","follow":"follow","max-snippet":"max-snippet:-1","max-image-preview":"max-image-preview:large","max-video-preview":"max-video-preview:-1"},"canonical":"https:\/\/veganuary.com\/pt-br\/perguntas-frequentes\/","og_locale":"pt_BR","og_type":"article","og_title":"Perguntas Frequentes - Veganuary","og_description":"PERGUNTAS FREQUENTES","og_url":"https:\/\/veganuary.com\/pt-br\/perguntas-frequentes\/","og_site_name":"Veganuary","article_publisher":"https:\/\/www.facebook.com\/Veganuary\/","article_modified_time":"2026-04-24T15:56:00+00:00","twitter_card":"summary_large_image","twitter_site":"@veganuary","schema":{"@context":"https:\/\/schema.org","@graph":[{"@type":"WebPage","@id":"https:\/\/veganuary.com\/pt-br\/perguntas-frequentes\/","url":"https:\/\/veganuary.com\/pt-br\/perguntas-frequentes\/","name":"Perguntas Frequentes - Veganuary","isPartOf":{"@id":"https:\/\/veganuary.com\/pt-br\/#website"},"datePublished":"2020-08-06T07:51:54+00:00","dateModified":"2026-04-24T15:56:00+00:00","description":"PERGUNTAS FREQUENTES","breadcrumb":{"@id":"https:\/\/veganuary.com\/pt-br\/perguntas-frequentes\/#breadcrumb"},"inLanguage":"pt-BR","potentialAction":[{"@type":"ReadAction","target":["https:\/\/veganuary.com\/pt-br\/perguntas-frequentes\/"]}]},{"@type":"BreadcrumbList","@id":"https:\/\/veganuary.com\/pt-br\/perguntas-frequentes\/#breadcrumb","itemListElement":[{"@type":"ListItem","position":1,"name":"Home","item":"https:\/\/veganuary.com\/pt-br\/"},{"@type":"ListItem","position":2,"name":"Perguntas Frequentes"}]},{"@type":"WebSite","@id":"https:\/\/veganuary.com\/pt-br\/#website","url":"https:\/\/veganuary.com\/pt-br\/","name":"Veganuary","description":"The website for Veganuary","publisher":{"@id":"https:\/\/veganuary.com\/pt-br\/#organization"},"potentialAction":[{"@type":"SearchAction","target":{"@type":"EntryPoint","urlTemplate":"https:\/\/veganuary.com\/pt-br\/?s={search_term_string}"},"query-input":{"@type":"PropertyValueSpecification","valueRequired":true,"valueName":"search_term_string"}}],"inLanguage":"pt-BR"},{"@type":"Organization","@id":"https:\/\/veganuary.com\/pt-br\/#organization","name":"Veganuary","url":"https:\/\/veganuary.com\/pt-br\/","logo":{"@type":"ImageObject","inLanguage":"pt-BR","@id":"https:\/\/veganuary.com\/pt-br\/#\/schema\/logo\/image\/","url":"https:\/\/veganuary.com\/wp-content\/uploads\/2020\/11\/135-veganuary-animals-icon-transparent-rgb.png","contentUrl":"https:\/\/veganuary.com\/wp-content\/uploads\/2020\/11\/135-veganuary-animals-icon-transparent-rgb.png","width":135,"height":135,"caption":"Veganuary"},"image":{"@id":"https:\/\/veganuary.com\/pt-br\/#\/schema\/logo\/image\/"},"sameAs":["https:\/\/www.facebook.com\/Veganuary\/","https:\/\/x.com\/veganuary","https:\/\/www.instagram.com\/weareveganuary\/","https:\/\/www.linkedin.com\/company\/veganuary-limited","https:\/\/www.pinterest.co.uk\/Veganuary\/","https:\/\/www.youtube.com\/channel\/UCGDLtGanlPZLidEGP2N39CA","https:\/\/en.wikipedia.org\/wiki\/Veganuary"]}]}},"_links":{"self":[{"href":"https:\/\/veganuary.com\/pt-br\/wp-json\/wp\/v2\/pages\/73470","targetHints":{"allow":["GET"]}}],"collection":[{"href":"https:\/\/veganuary.com\/pt-br\/wp-json\/wp\/v2\/pages"}],"about":[{"href":"https:\/\/veganuary.com\/pt-br\/wp-json\/wp\/v2\/types\/page"}],"author":[{"embeddable":true,"href":"https:\/\/veganuary.com\/pt-br\/wp-json\/wp\/v2\/users\/70"}],"replies":[{"embeddable":true,"href":"https:\/\/veganuary.com\/pt-br\/wp-json\/wp\/v2\/comments?post=73470"}],"version-history":[{"count":0,"href":"https:\/\/veganuary.com\/pt-br\/wp-json\/wp\/v2\/pages\/73470\/revisions"}],"wp:attachment":[{"href":"https:\/\/veganuary.com\/pt-br\/wp-json\/wp\/v2\/media?parent=73470"}],"curies":[{"name":"wp","href":"https:\/\/api.w.org\/{rel}","templated":true}]}}