{"id":76204,"date":"2020-08-06T08:50:14","date_gmt":"2020-08-06T07:50:14","guid":{"rendered":"https:\/\/veganuary.com\/sobre\/jobs\/"},"modified":"2025-03-13T09:42:53","modified_gmt":"2025-03-13T09:42:53","slug":"jobs","status":"publish","type":"page","link":"https:\/\/veganuary.com\/pt-br\/sobre\/jobs\/","title":{"rendered":"Trabalhe com a gente"},"content":{"rendered":"\n<div class=\"hero\">\n\t<div class=\"hero__overlay\">\n\t\t<div class=\"hero__content\">\n\t\t\t<div class=\"container\">\n\t\t\t\t<div class=\"row\">\n\t\t\t\t\t<div class=\"col-md-10 offset-md-1 col-lg-8 offset-lg-2 col-xl-6 offset-xl-3\">\n\n\t\t\t\t\t\t<h1 class=\"hero__title\">Trabalhe com a gente<\/h1>\n\n\t\t\t\t\t\t\t\t\t\t\t\t\t<div class=\"hero__icon\">\n\t\t\t\t\t\t\t\t<img decoding=\"async\" class=\"hero__icon__img\" src=\"https:\/\/veganuary.com\/wp-content\/themes\/veganuary\/assets\/img\/veganuary-icon-orange.svg\" alt=\"\">\n\t\t\t\t\t\t\t<\/div>\n\n\t\t\t\t\t\t\t<p class=\"hero__subtitle\">Entre para o time &amp; Explore vagas de trabalho<\/p>\n\t\t\t\t\t\t\n\t\t\t\t\t<\/div>\n\t\t\t\t<\/div>\n\t\t\t<\/div>\n\t\t<\/div>\n\t<\/div>\n\n\t<div class=\"hero__figure\">\n\t\t<picture class=\"hero__picture\">\n\t\t\t\t<source media=\"(min-width: 992px)\" srcset=\"https:\/\/veganuary.com\/wp-content\/uploads\/2025\/03\/IMGL1116r-Copy-1200x696.jpg, https:\/\/veganuary.com\/wp-content\/uploads\/2025\/03\/IMGL1116r-Copy-1800x1043.jpg 2x\">\n\t\t\t\t<source media=\"(min-width: 768px)\" srcset=\"https:\/\/veganuary.com\/wp-content\/uploads\/2025\/03\/IMGL1116r-Copy-800x464.jpg, https:\/\/veganuary.com\/wp-content\/uploads\/2025\/03\/IMGL1116r-Copy-1800x1043.jpg 2x\">\n\t\t\t\t<source media=\"(min-width: 576px)\" srcset=\"https:\/\/veganuary.com\/wp-content\/uploads\/2025\/03\/IMGL1116r-Copy-800x464.jpg, https:\/\/veganuary.com\/wp-content\/uploads\/2025\/03\/IMGL1116r-Copy-1200x696.jpg 2x\">\n\t\t\t\t<source media=\"(max-width: 575px)\" srcset=\"https:\/\/veganuary.com\/wp-content\/uploads\/2025\/03\/IMGL1116r-Copy-400x232.jpg, https:\/\/veganuary.com\/wp-content\/uploads\/2025\/03\/IMGL1116r-Copy-800x464.jpg 2x\">\n\t\t\t\t<img decoding=\"async\" class=\"hero__img\" src=\"https:\/\/veganuary.com\/wp-content\/uploads\/2025\/03\/IMGL1116r-Copy-400x232.jpg\" alt=\"\"><\/picture>\t<\/div>\n\n<\/div>\n\n\n\n<div class=\"wp-block-group has-white-background-color has-background\"><div class=\"wp-block-group__inner-container is-layout-flow wp-block-group-is-layout-flow\">\n<p class=\"has-medium-font-size\">Deseja dar o pr\u00f3ximo passo em sua carreira ou busca uma oportunidade de retribuir ao mundo? Quer ter certeza de que est\u00e1 fazendo uma grande diferen\u00e7a todos os dias? Voc\u00ea veio ao lugar certo!<\/p>\n\n\n\n<p>Estamos \u00e0 procura de pessoas apaixonadas, talentosas e habilidosas para se juntarem \u00e0 n\u00f3s enquanto salvamos os animais, reduzimos os danos ambientais e apoiamos centenas de milhares de pessoas a viverem vidas mais saud\u00e1veis!<\/p>\n<\/div><\/div>\n\n\n\n<div class=\"wp-block-group has-pink-tint-background-color has-background\"><div class=\"wp-block-group__inner-container is-layout-flow wp-block-group-is-layout-flow\"><\/div><\/div>\n\n\n\n<div class=\"wp-block-group has-white-background-color has-background\"><div class=\"wp-block-group__inner-container is-layout-flow wp-block-group-is-layout-flow\">\n<h2 class=\"wp-block-heading\">SOBRE N\u00d3S<\/h2>\n\n\n\n<p>Fa\u00e7a parte de uma organiza\u00e7\u00e3o que est\u00e1 nas manchetes em janeiro e pelo resto do ano!<\/p>\n\n\n\n<p>O apelo cultural popular de Veganuary e abordagem positiva sobre o veganismo est\u00e3o fazendo uma diferen\u00e7a mensur\u00e1vel para os animais, poupando milh\u00f5es de vidas desde o lan\u00e7amento da primeira campanha, em 2014. O n\u00famero de participantes continua crescendo exponencialmente, assim como nossas parcerias com o mundo corporativo &#8211; incluindo restaurantes, supermercados e varejistas de alimentos.<\/p>\n\n\n\n<p>Veganuary \u00e9 um empregador que oferece igualdade de oportunidades: recebemos e avaliamos CVs de todas as pessoas devidamente qualificadas, independentemente de sua ra\u00e7a, sexo, defici\u00eancia, religi\u00e3o, orienta\u00e7\u00e3o sexual, identidade ou express\u00e3o de g\u00eanero, ou idade, e gostar\u00edamos especialmente de receber candidaturas de pessoas negras, asi\u00e1ticas e de minorias \u00e9tnicas. Celebramos a diversidade e estamos comprometidos em criar um ambiente inclusivo para todos os nossos colaboradores e funcion\u00e1rios.<\/p>\n<\/div><\/div>\n\n\n\n<p><\/p>\n","protected":false},"excerpt":{"rendered":"<p>Deseja dar o pr\u00f3ximo passo em sua carreira ou busca uma oportunidade de retribuir ao mundo? Quer ter certeza de&hellip;<\/p>\n","protected":false},"author":70,"featured_media":272968,"parent":74613,"menu_order":64,"comment_status":"closed","ping_status":"closed","template":"","meta":{"_acf_changed":true,"_coblocks_attr":"","_coblocks_dimensions":"","_coblocks_responsive_height":"","_coblocks_accordion_ie_support":"","footnotes":""},"class_list":["post-76204","page","type-page","status-publish","has-post-thumbnail","hentry"],"acf":[],"yoast_head":"<!-- This site is optimized with the Yoast SEO plugin v27.4 - https:\/\/yoast.com\/product\/yoast-seo-wordpress\/ -->\n<title>Trabalhe com a gente - Veganuary<\/title>\n<meta name=\"description\" content=\"Entre para o time &amp; Explore vagas de trabalho\" \/>\n<meta name=\"robots\" content=\"index, follow, max-snippet:-1, max-image-preview:large, max-video-preview:-1\" \/>\n<link rel=\"canonical\" href=\"https:\/\/veganuary.com\/pt-br\/sobre\/jobs\/\" \/>\n<meta property=\"og:locale\" content=\"pt_BR\" \/>\n<meta property=\"og:type\" content=\"article\" \/>\n<meta property=\"og:title\" content=\"Trabalhe com a gente - Veganuary\" \/>\n<meta property=\"og:description\" content=\"Entre para o time &amp; Explore vagas de trabalho\" \/>\n<meta property=\"og:url\" content=\"https:\/\/veganuary.com\/pt-br\/sobre\/jobs\/\" \/>\n<meta property=\"og:site_name\" content=\"Veganuary\" \/>\n<meta property=\"article:publisher\" content=\"https:\/\/www.facebook.com\/Veganuary\/\" \/>\n<meta property=\"article:modified_time\" content=\"2025-03-13T09:42:53+00:00\" \/>\n<meta property=\"og:image\" content=\"https:\/\/veganuary.com\/wp-content\/uploads\/2025\/03\/IMGL1116r-Copy-scaled.jpg\" \/>\n\t<meta property=\"og:image:width\" content=\"2560\" \/>\n\t<meta property=\"og:image:height\" content=\"1484\" \/>\n\t<meta property=\"og:image:type\" content=\"image\/jpeg\" \/>\n<meta name=\"twitter:card\" content=\"summary_large_image\" \/>\n<meta name=\"twitter:site\" content=\"@veganuary\" \/>\n<meta name=\"twitter:label1\" content=\"Est. tempo de leitura\" \/>\n\t<meta name=\"twitter:data1\" content=\"2 minutos\" \/>\n<script type=\"application\/ld+json\" class=\"yoast-schema-graph\">{\"@context\":\"https:\\\/\\\/schema.org\",\"@graph\":[{\"@type\":\"WebPage\",\"@id\":\"https:\\\/\\\/veganuary.com\\\/pt-br\\\/sobre\\\/jobs\\\/\",\"url\":\"https:\\\/\\\/veganuary.com\\\/pt-br\\\/sobre\\\/jobs\\\/\",\"name\":\"Trabalhe com a gente - Veganuary\",\"isPartOf\":{\"@id\":\"https:\\\/\\\/veganuary.com\\\/pt-br\\\/#website\"},\"primaryImageOfPage\":{\"@id\":\"https:\\\/\\\/veganuary.com\\\/pt-br\\\/sobre\\\/jobs\\\/#primaryimage\"},\"image\":{\"@id\":\"https:\\\/\\\/veganuary.com\\\/pt-br\\\/sobre\\\/jobs\\\/#primaryimage\"},\"thumbnailUrl\":\"https:\\\/\\\/veganuary.com\\\/wp-content\\\/uploads\\\/2025\\\/03\\\/IMGL1116r-Copy-scaled.jpg\",\"datePublished\":\"2020-08-06T07:50:14+00:00\",\"dateModified\":\"2025-03-13T09:42:53+00:00\",\"description\":\"Entre para o time & Explore vagas de trabalho\",\"breadcrumb\":{\"@id\":\"https:\\\/\\\/veganuary.com\\\/pt-br\\\/sobre\\\/jobs\\\/#breadcrumb\"},\"inLanguage\":\"pt-BR\",\"potentialAction\":[{\"@type\":\"ReadAction\",\"target\":[\"https:\\\/\\\/veganuary.com\\\/pt-br\\\/sobre\\\/jobs\\\/\"]}]},{\"@type\":\"ImageObject\",\"inLanguage\":\"pt-BR\",\"@id\":\"https:\\\/\\\/veganuary.com\\\/pt-br\\\/sobre\\\/jobs\\\/#primaryimage\",\"url\":\"https:\\\/\\\/veganuary.com\\\/wp-content\\\/uploads\\\/2025\\\/03\\\/IMGL1116r-Copy-scaled.jpg\",\"contentUrl\":\"https:\\\/\\\/veganuary.com\\\/wp-content\\\/uploads\\\/2025\\\/03\\\/IMGL1116r-Copy-scaled.jpg\",\"width\":2560,\"height\":1484},{\"@type\":\"BreadcrumbList\",\"@id\":\"https:\\\/\\\/veganuary.com\\\/pt-br\\\/sobre\\\/jobs\\\/#breadcrumb\",\"itemListElement\":[{\"@type\":\"ListItem\",\"position\":1,\"name\":\"Home\",\"item\":\"https:\\\/\\\/veganuary.com\\\/pt-br\\\/\"},{\"@type\":\"ListItem\",\"position\":2,\"name\":\"Sobre\",\"item\":\"https:\\\/\\\/veganuary.com\\\/pt-br\\\/sobre\\\/\"},{\"@type\":\"ListItem\",\"position\":3,\"name\":\"Trabalhe com a gente\"}]},{\"@type\":\"WebSite\",\"@id\":\"https:\\\/\\\/veganuary.com\\\/pt-br\\\/#website\",\"url\":\"https:\\\/\\\/veganuary.com\\\/pt-br\\\/\",\"name\":\"Veganuary\",\"description\":\"The website for Veganuary\",\"publisher\":{\"@id\":\"https:\\\/\\\/veganuary.com\\\/pt-br\\\/#organization\"},\"potentialAction\":[{\"@type\":\"SearchAction\",\"target\":{\"@type\":\"EntryPoint\",\"urlTemplate\":\"https:\\\/\\\/veganuary.com\\\/pt-br\\\/?s={search_term_string}\"},\"query-input\":{\"@type\":\"PropertyValueSpecification\",\"valueRequired\":true,\"valueName\":\"search_term_string\"}}],\"inLanguage\":\"pt-BR\"},{\"@type\":\"Organization\",\"@id\":\"https:\\\/\\\/veganuary.com\\\/pt-br\\\/#organization\",\"name\":\"Veganuary\",\"url\":\"https:\\\/\\\/veganuary.com\\\/pt-br\\\/\",\"logo\":{\"@type\":\"ImageObject\",\"inLanguage\":\"pt-BR\",\"@id\":\"https:\\\/\\\/veganuary.com\\\/pt-br\\\/#\\\/schema\\\/logo\\\/image\\\/\",\"url\":\"https:\\\/\\\/veganuary.com\\\/wp-content\\\/uploads\\\/2020\\\/11\\\/135-veganuary-animals-icon-transparent-rgb.png\",\"contentUrl\":\"https:\\\/\\\/veganuary.com\\\/wp-content\\\/uploads\\\/2020\\\/11\\\/135-veganuary-animals-icon-transparent-rgb.png\",\"width\":135,\"height\":135,\"caption\":\"Veganuary\"},\"image\":{\"@id\":\"https:\\\/\\\/veganuary.com\\\/pt-br\\\/#\\\/schema\\\/logo\\\/image\\\/\"},\"sameAs\":[\"https:\\\/\\\/www.facebook.com\\\/Veganuary\\\/\",\"https:\\\/\\\/x.com\\\/veganuary\",\"https:\\\/\\\/www.instagram.com\\\/weareveganuary\\\/\",\"https:\\\/\\\/www.linkedin.com\\\/company\\\/veganuary-limited\",\"https:\\\/\\\/www.pinterest.co.uk\\\/Veganuary\\\/\",\"https:\\\/\\\/www.youtube.com\\\/channel\\\/UCGDLtGanlPZLidEGP2N39CA\",\"https:\\\/\\\/en.wikipedia.org\\\/wiki\\\/Veganuary\"]}]}<\/script>\n<!-- \/ Yoast SEO plugin. -->","yoast_head_json":{"title":"Trabalhe com a gente - Veganuary","description":"Entre para o time & Explore vagas de trabalho","robots":{"index":"index","follow":"follow","max-snippet":"max-snippet:-1","max-image-preview":"max-image-preview:large","max-video-preview":"max-video-preview:-1"},"canonical":"https:\/\/veganuary.com\/pt-br\/sobre\/jobs\/","og_locale":"pt_BR","og_type":"article","og_title":"Trabalhe com a gente - Veganuary","og_description":"Entre para o time & Explore vagas de trabalho","og_url":"https:\/\/veganuary.com\/pt-br\/sobre\/jobs\/","og_site_name":"Veganuary","article_publisher":"https:\/\/www.facebook.com\/Veganuary\/","article_modified_time":"2025-03-13T09:42:53+00:00","og_image":[{"width":2560,"height":1484,"url":"https:\/\/veganuary.com\/wp-content\/uploads\/2025\/03\/IMGL1116r-Copy-scaled.jpg","type":"image\/jpeg"}],"twitter_card":"summary_large_image","twitter_site":"@veganuary","twitter_misc":{"Est. tempo de leitura":"2 minutos"},"schema":{"@context":"https:\/\/schema.org","@graph":[{"@type":"WebPage","@id":"https:\/\/veganuary.com\/pt-br\/sobre\/jobs\/","url":"https:\/\/veganuary.com\/pt-br\/sobre\/jobs\/","name":"Trabalhe com a gente - Veganuary","isPartOf":{"@id":"https:\/\/veganuary.com\/pt-br\/#website"},"primaryImageOfPage":{"@id":"https:\/\/veganuary.com\/pt-br\/sobre\/jobs\/#primaryimage"},"image":{"@id":"https:\/\/veganuary.com\/pt-br\/sobre\/jobs\/#primaryimage"},"thumbnailUrl":"https:\/\/veganuary.com\/wp-content\/uploads\/2025\/03\/IMGL1116r-Copy-scaled.jpg","datePublished":"2020-08-06T07:50:14+00:00","dateModified":"2025-03-13T09:42:53+00:00","description":"Entre para o time & Explore vagas de trabalho","breadcrumb":{"@id":"https:\/\/veganuary.com\/pt-br\/sobre\/jobs\/#breadcrumb"},"inLanguage":"pt-BR","potentialAction":[{"@type":"ReadAction","target":["https:\/\/veganuary.com\/pt-br\/sobre\/jobs\/"]}]},{"@type":"ImageObject","inLanguage":"pt-BR","@id":"https:\/\/veganuary.com\/pt-br\/sobre\/jobs\/#primaryimage","url":"https:\/\/veganuary.com\/wp-content\/uploads\/2025\/03\/IMGL1116r-Copy-scaled.jpg","contentUrl":"https:\/\/veganuary.com\/wp-content\/uploads\/2025\/03\/IMGL1116r-Copy-scaled.jpg","width":2560,"height":1484},{"@type":"BreadcrumbList","@id":"https:\/\/veganuary.com\/pt-br\/sobre\/jobs\/#breadcrumb","itemListElement":[{"@type":"ListItem","position":1,"name":"Home","item":"https:\/\/veganuary.com\/pt-br\/"},{"@type":"ListItem","position":2,"name":"Sobre","item":"https:\/\/veganuary.com\/pt-br\/sobre\/"},{"@type":"ListItem","position":3,"name":"Trabalhe com a gente"}]},{"@type":"WebSite","@id":"https:\/\/veganuary.com\/pt-br\/#website","url":"https:\/\/veganuary.com\/pt-br\/","name":"Veganuary","description":"The website for Veganuary","publisher":{"@id":"https:\/\/veganuary.com\/pt-br\/#organization"},"potentialAction":[{"@type":"SearchAction","target":{"@type":"EntryPoint","urlTemplate":"https:\/\/veganuary.com\/pt-br\/?s={search_term_string}"},"query-input":{"@type":"PropertyValueSpecification","valueRequired":true,"valueName":"search_term_string"}}],"inLanguage":"pt-BR"},{"@type":"Organization","@id":"https:\/\/veganuary.com\/pt-br\/#organization","name":"Veganuary","url":"https:\/\/veganuary.com\/pt-br\/","logo":{"@type":"ImageObject","inLanguage":"pt-BR","@id":"https:\/\/veganuary.com\/pt-br\/#\/schema\/logo\/image\/","url":"https:\/\/veganuary.com\/wp-content\/uploads\/2020\/11\/135-veganuary-animals-icon-transparent-rgb.png","contentUrl":"https:\/\/veganuary.com\/wp-content\/uploads\/2020\/11\/135-veganuary-animals-icon-transparent-rgb.png","width":135,"height":135,"caption":"Veganuary"},"image":{"@id":"https:\/\/veganuary.com\/pt-br\/#\/schema\/logo\/image\/"},"sameAs":["https:\/\/www.facebook.com\/Veganuary\/","https:\/\/x.com\/veganuary","https:\/\/www.instagram.com\/weareveganuary\/","https:\/\/www.linkedin.com\/company\/veganuary-limited","https:\/\/www.pinterest.co.uk\/Veganuary\/","https:\/\/www.youtube.com\/channel\/UCGDLtGanlPZLidEGP2N39CA","https:\/\/en.wikipedia.org\/wiki\/Veganuary"]}]}},"_links":{"self":[{"href":"https:\/\/veganuary.com\/pt-br\/wp-json\/wp\/v2\/pages\/76204","targetHints":{"allow":["GET"]}}],"collection":[{"href":"https:\/\/veganuary.com\/pt-br\/wp-json\/wp\/v2\/pages"}],"about":[{"href":"https:\/\/veganuary.com\/pt-br\/wp-json\/wp\/v2\/types\/page"}],"author":[{"embeddable":true,"href":"https:\/\/veganuary.com\/pt-br\/wp-json\/wp\/v2\/users\/70"}],"replies":[{"embeddable":true,"href":"https:\/\/veganuary.com\/pt-br\/wp-json\/wp\/v2\/comments?post=76204"}],"version-history":[{"count":0,"href":"https:\/\/veganuary.com\/pt-br\/wp-json\/wp\/v2\/pages\/76204\/revisions"}],"up":[{"embeddable":true,"href":"https:\/\/veganuary.com\/pt-br\/wp-json\/wp\/v2\/pages\/74613"}],"wp:featuredmedia":[{"embeddable":true,"href":"https:\/\/veganuary.com\/pt-br\/wp-json\/wp\/v2\/media\/272968"}],"wp:attachment":[{"href":"https:\/\/veganuary.com\/pt-br\/wp-json\/wp\/v2\/media?parent=76204"}],"curies":[{"name":"wp","href":"https:\/\/api.w.org\/{rel}","templated":true}]}}